{"id":10351,"date":"2022-12-07T13:36:58","date_gmt":"2022-12-07T12:36:58","guid":{"rendered":"https:\/\/www.cerege.fr\/?page_id=10351"},"modified":"2023-04-28T11:55:19","modified_gmt":"2023-04-28T09:55:19","slug":"anr-nehos","status":"publish","type":"page","link":"https:\/\/www.cerege.fr\/en\/sciences\/climat\/projets-climat\/anr-nehos\/","title":{"rendered":"ANR NeHos"},"content":{"rendered":"\t\t<div data-elementor-type=\"wp-page\" data-elementor-id=\"10351\" class=\"elementor elementor-10351\" data-elementor-post-type=\"page\">\n\t\t\t\t\t\t<section class=\"elementor-section elementor-top-section elementor-element elementor-element-6a6ab74d elementor-section-full_width elementor-section-height-min-height elementor-section-height-default elementor-section-items-middle\" data-id=\"6a6ab74d\" data-element_type=\"section\" data-e-type=\"section\" data-settings=\"{&quot;background_background&quot;:&quot;classic&quot;}\">\n\t\t\t\t\t\t<div class=\"elementor-container elementor-column-gap-default\">\n\t\t\t\t\t<div class=\"elementor-column elementor-col-100 elementor-top-column elementor-element elementor-element-2beecaf0\" data-id=\"2beecaf0\" data-element_type=\"column\" data-e-type=\"column\">\n\t\t\t<div class=\"elementor-widget-wrap\">\n\t\t\t\t\t\t\t<\/div>\n\t\t<\/div>\n\t\t\t\t\t<\/div>\n\t\t<\/section>\n\t\t\t\t<section class=\"elementor-section elementor-top-section elementor-element elementor-element-4f06108 elementor-section-boxed elementor-section-height-default elementor-section-height-default\" data-id=\"4f06108\" data-element_type=\"section\" data-e-type=\"section\">\n\t\t\t\t\t\t<div class=\"elementor-container elementor-column-gap-default\">\n\t\t\t\t\t<div class=\"elementor-column elementor-col-100 elementor-top-column elementor-element elementor-element-68b1f929\" data-id=\"68b1f929\" data-element_type=\"column\" data-e-type=\"column\">\n\t\t\t<div class=\"elementor-widget-wrap elementor-element-populated\">\n\t\t\t\t\t\t<div class=\"elementor-element elementor-element-771fbf30 elementor-widget elementor-widget-shortcode\" data-id=\"771fbf30\" data-element_type=\"widget\" data-e-type=\"widget\" data-widget_type=\"shortcode.default\">\n\t\t\t\t<div class=\"elementor-widget-container\">\n\t\t\t\t\t\t\t<div class=\"elementor-shortcode\"><nav aria-label=\"breadcrumbs\">\n            <div class=\"breadcrumb-container theme1\">\n                <ol>\n                                    <\/ol>\n            <\/div>\n        <\/nav>    <script type=\"application\/ld+json\">\n        {\n            \"@context\": \"http:\/\/schema.org\",\n            \"@type\": \"BreadcrumbList\",\n            \"itemListElement\": [\n                            ]\n        }\n    <\/script>\n   \n    <script>\n            <\/script>\n<\/div>\n\t\t\t\t\t\t<\/div>\n\t\t\t\t<\/div>\n\t\t\t\t<section class=\"elementor-section elementor-inner-section elementor-element elementor-element-2da27d08 elementor-section-boxed elementor-section-height-default elementor-section-height-default\" data-id=\"2da27d08\" data-element_type=\"section\" data-e-type=\"section\">\n\t\t\t\t\t\t<div class=\"elementor-container elementor-column-gap-wide\">\n\t\t\t\t\t<div class=\"elementor-column elementor-col-50 elementor-inner-column elementor-element elementor-element-2c36d643\" data-id=\"2c36d643\" data-element_type=\"column\" data-e-type=\"column\">\n\t\t\t<div class=\"elementor-widget-wrap elementor-element-populated\">\n\t\t\t\t\t\t<div class=\"elementor-element elementor-element-1fe009ad elementor-widget elementor-widget-text-editor\" data-id=\"1fe009ad\" data-element_type=\"widget\" data-e-type=\"widget\" data-widget_type=\"text-editor.default\">\n\t\t\t\t<div class=\"elementor-widget-container\">\n\t\t\t\t\t\t\t\t\t<p>Le projet interdisciplinaire NeHos aborde des questions fondamentales concernant la transition entre les populations de N\u00e9andertaliens et d&#8217;Homo sapiens en Europe au cours de la p\u00e9riode 55 000-30 000.<\/p><p>Il s&#8217;agit d&#8217;une p\u00e9riode d&#8217;une importance critique au cours de laquelle les Homo sapiens se sont dispers\u00e9s d&#8217;Afrique vers l&#8217;Eurasie, de nouvelles industries lithiques et osseuses ainsi que l&#8217;art ont \u00e9merg\u00e9 et les N\u00e9andertaliens ont disparu, tandis que l&#8217;instabilit\u00e9 climatique affectait \u00e0 plusieurs reprises et profond\u00e9ment la biodiversit\u00e9. Cependant, \u00e0 l&#8217;heure actuelle, nous n&#8217;avons qu&#8217;une compr\u00e9hension partielle de comment ces changements sont connect\u00e9s en raison d&#8217;un manque de donn\u00e9es chronom\u00e9triques fiables.<\/p><p>En utilisant des m\u00e9thodologies de radiocarbone avanc\u00e9es sur ossements (300 dates), nous construisons des chronologies robustes pour les cultures pal\u00e9olithiques : le Moust\u00e9rien final, le Proto-\/Aurignacien ancien ainsi que les \u00ab industries de transition \u00bb pr\u00e9sentes dans diff\u00e9rentes r\u00e9gions en Europe.<\/p><p>Cette \u00e9tude spatio-temporelle permettra d&#8217;\u00e9lucider les possibles interconnexions biologiques et culturelles entre les populations de N\u00e9andertaliens et d&#8217;Homo sapiens, aboutissant \u00e0 une avanc\u00e9e significative pour notre compr\u00e9hension de cette p\u00e9riode de transition. Nous synchroniserons \u00e9galement ces archives anthropologiques et culturelles avec les donn\u00e9es pal\u00e9oenvironnementales locales pour \u00e9tudier les interactions entre ces populations humaines et leur environnement de vie, notamment face aux changements climatiques.<\/p>\t\t\t\t\t\t\t\t<\/div>\n\t\t\t\t<\/div>\n\t\t\t\t\t<\/div>\n\t\t<\/div>\n\t\t\t\t<div class=\"elementor-column elementor-col-50 elementor-inner-column elementor-element elementor-element-537c1102\" data-id=\"537c1102\" data-element_type=\"column\" data-e-type=\"column\">\n\t\t\t<div class=\"elementor-widget-wrap elementor-element-populated\">\n\t\t\t\t\t\t<div class=\"elementor-element elementor-element-7c6176ad elementor-widget elementor-widget-text-editor\" data-id=\"7c6176ad\" data-element_type=\"widget\" data-e-type=\"widget\" data-widget_type=\"text-editor.default\">\n\t\t\t\t<div class=\"elementor-widget-container\">\n\t\t\t\t\t\t\t\t\t<h2><span style=\"font-weight: normal;\">2023-2026 : ANR N\u00e9Hos<br \/><\/span><\/h2><p>Responsable CEREGE :<br \/><a href=\"https:\/\/www.cerege.fr\/fr\/author\/thibaut-deviese\/\">Thibaut Deviese<\/a><\/p><p><em>De l&#8217;Homme de N\u00e9andertal \u00e0 l&#8217;Homo sapiens &#8211; Comprendre une (r)\u00e9volution culturelle en Europe au Pal\u00e9olithique<\/em><\/p><p class=\"Standard\"><strong>Partenaires<\/strong> : AMU \u2013 CEREGE, AMU \u2013 LAMPEA, Universit\u00e9 de Bordeaux<\/p>\t\t\t\t\t\t\t\t<\/div>\n\t\t\t\t<\/div>\n\t\t\t\t<div class=\"elementor-element elementor-element-39e65614 elementor-widget elementor-widget-image\" data-id=\"39e65614\" data-element_type=\"widget\" data-e-type=\"widget\" data-widget_type=\"image.default\">\n\t\t\t\t<div class=\"elementor-widget-container\">\n\t\t\t\t\t\t\t\t\t\t\t\t\t\t\t<img fetchpriority=\"high\" decoding=\"async\" width=\"800\" height=\"500\" src=\"https:\/\/www.cerege.fr\/wp-content\/uploads\/2022\/12\/ANR-NeHos-3-1024x640.jpeg\" class=\"attachment-large size-large wp-image-10360\" alt=\"\" srcset=\"https:\/\/www.cerege.fr\/wp-content\/uploads\/2022\/12\/ANR-NeHos-3-1024x640.jpeg 1024w, https:\/\/www.cerege.fr\/wp-content\/uploads\/2022\/12\/ANR-NeHos-3-300x188.jpeg 300w, https:\/\/www.cerege.fr\/wp-content\/uploads\/2022\/12\/ANR-NeHos-3-768x480.jpeg 768w, https:\/\/www.cerege.fr\/wp-content\/uploads\/2022\/12\/ANR-NeHos-3-1536x960.jpeg 1536w, https:\/\/www.cerege.fr\/wp-content\/uploads\/2022\/12\/ANR-NeHos-3-scaled.jpeg 2048w, https:\/\/www.cerege.fr\/wp-content\/uploads\/2022\/12\/ANR-NeHos-3-18x12.jpeg 18w, https:\/\/www.cerege.fr\/wp-content\/uploads\/2022\/12\/ANR-NeHos-3-1320x825.jpeg 1320w\" sizes=\"(max-width: 800px) 100vw, 800px\" \/>\t\t\t\t\t\t\t\t\t\t\t\t\t\t\t<\/div>\n\t\t\t\t<\/div>\n\t\t\t\t<div class=\"elementor-element elementor-element-5252e3ff gallery-spacing-custom elementor-widget elementor-widget-image-gallery\" data-id=\"5252e3ff\" data-element_type=\"widget\" data-e-type=\"widget\" data-widget_type=\"image-gallery.default\">\n\t\t\t\t<div class=\"elementor-widget-container\">\n\t\t\t\t\t\t\t<div class=\"elementor-image-gallery\">\n\t\t\t<div id='gallery-1' class='gallery galleryid-10351 gallery-columns-2 gallery-size-medium'><figure class='gallery-item'>\n\t\t\t<div class='gallery-icon landscape'>\n\t\t\t\t<a data-elementor-open-lightbox=\"yes\" data-elementor-lightbox-slideshow=\"5252e3ff\" data-elementor-lightbox-title=\"ANR NeHos\" data-e-action-hash=\"#elementor-action%3Aaction%3Dlightbox%26settings%3DeyJpZCI6MTAzNjIsInVybCI6Imh0dHBzOlwvXC93d3cuY2VyZWdlLmZyXC93cC1jb250ZW50XC91cGxvYWRzXC8yMDIyXC8xMlwvQU5SLU5lSG9zLXNjYWxlZC5qcGciLCJzbGlkZXNob3ciOiI1MjUyZTNmZiJ9\" href='https:\/\/www.cerege.fr\/wp-content\/uploads\/2022\/12\/ANR-NeHos-scaled.jpg'><img decoding=\"async\" width=\"300\" height=\"188\" src=\"https:\/\/www.cerege.fr\/wp-content\/uploads\/2022\/12\/ANR-NeHos-300x188.jpg\" class=\"attachment-medium size-medium\" alt=\"\" srcset=\"https:\/\/www.cerege.fr\/wp-content\/uploads\/2022\/12\/ANR-NeHos-300x188.jpg 300w, https:\/\/www.cerege.fr\/wp-content\/uploads\/2022\/12\/ANR-NeHos-1024x640.jpg 1024w, https:\/\/www.cerege.fr\/wp-content\/uploads\/2022\/12\/ANR-NeHos-768x480.jpg 768w, https:\/\/www.cerege.fr\/wp-content\/uploads\/2022\/12\/ANR-NeHos-1536x960.jpg 1536w, https:\/\/www.cerege.fr\/wp-content\/uploads\/2022\/12\/ANR-NeHos-scaled.jpg 2048w, https:\/\/www.cerege.fr\/wp-content\/uploads\/2022\/12\/ANR-NeHos-18x12.jpg 18w, https:\/\/www.cerege.fr\/wp-content\/uploads\/2022\/12\/ANR-NeHos-1320x825.jpg 1320w\" sizes=\"(max-width: 300px) 100vw, 300px\" \/><\/a>\n\t\t\t<\/div><\/figure><figure class='gallery-item'>\n\t\t\t<div class='gallery-icon landscape'>\n\t\t\t\t<a data-elementor-open-lightbox=\"yes\" data-elementor-lightbox-slideshow=\"5252e3ff\" data-elementor-lightbox-title=\"ANR NeHos\" data-e-action-hash=\"#elementor-action%3Aaction%3Dlightbox%26settings%3DeyJpZCI6MTAzNjEsInVybCI6Imh0dHBzOlwvXC93d3cuY2VyZWdlLmZyXC93cC1jb250ZW50XC91cGxvYWRzXC8yMDIyXC8xMlwvQU5SLU5lSG9zLXNjYWxlZC5qcGVnIiwic2xpZGVzaG93IjoiNTI1MmUzZmYifQ%3D%3D\" href='https:\/\/www.cerege.fr\/wp-content\/uploads\/2022\/12\/ANR-NeHos-scaled.jpeg'><img decoding=\"async\" width=\"300\" height=\"188\" src=\"https:\/\/www.cerege.fr\/wp-content\/uploads\/2022\/12\/ANR-NeHos-300x188.jpeg\" class=\"attachment-medium size-medium\" alt=\"\" srcset=\"https:\/\/www.cerege.fr\/wp-content\/uploads\/2022\/12\/ANR-NeHos-300x188.jpeg 300w, https:\/\/www.cerege.fr\/wp-content\/uploads\/2022\/12\/ANR-NeHos-1024x640.jpeg 1024w, https:\/\/www.cerege.fr\/wp-content\/uploads\/2022\/12\/ANR-NeHos-768x480.jpeg 768w, https:\/\/www.cerege.fr\/wp-content\/uploads\/2022\/12\/ANR-NeHos-1536x960.jpeg 1536w, https:\/\/www.cerege.fr\/wp-content\/uploads\/2022\/12\/ANR-NeHos-scaled.jpeg 2048w, https:\/\/www.cerege.fr\/wp-content\/uploads\/2022\/12\/ANR-NeHos-18x12.jpeg 18w, https:\/\/www.cerege.fr\/wp-content\/uploads\/2022\/12\/ANR-NeHos-1320x825.jpeg 1320w\" sizes=\"(max-width: 300px) 100vw, 300px\" \/><\/a>\n\t\t\t<\/div><\/figure>\n\t\t<\/div>\n\t\t<\/div>\n\t\t\t\t\t\t<\/div>\n\t\t\t\t<\/div>\n\t\t\t\t\t<\/div>\n\t\t<\/div>\n\t\t\t\t\t<\/div>\n\t\t<\/section>\n\t\t\t\t<div class=\"elementor-element elementor-element-66719bc7 elementor-widget elementor-widget-spacer\" data-id=\"66719bc7\" data-element_type=\"widget\" data-e-type=\"widget\" data-widget_type=\"spacer.default\">\n\t\t\t\t<div class=\"elementor-widget-container\">\n\t\t\t\t\t\t\t<div class=\"elementor-spacer\">\n\t\t\t<div class=\"elementor-spacer-inner\"><\/div>\n\t\t<\/div>\n\t\t\t\t\t\t<\/div>\n\t\t\t\t<\/div>\n\t\t\t\t<div class=\"elementor-element elementor-element-6440c1d2 elementor-widget elementor-widget-spacer\" data-id=\"6440c1d2\" data-element_type=\"widget\" data-e-type=\"widget\" data-widget_type=\"spacer.default\">\n\t\t\t\t<div class=\"elementor-widget-container\">\n\t\t\t\t\t\t\t<div class=\"elementor-spacer\">\n\t\t\t<div class=\"elementor-spacer-inner\"><\/div>\n\t\t<\/div>\n\t\t\t\t\t\t<\/div>\n\t\t\t\t<\/div>\n\t\t\t\t\t<\/div>\n\t\t<\/div>\n\t\t\t\t\t<\/div>\n\t\t<\/section>\n\t\t\t\t<\/div>\n\t\t","protected":false},"excerpt":{"rendered":"<p>Le projet interdisciplinaire NeHos aborde des questions fondamentales concernant la transition entre les populations de N\u00e9andertaliens et d&#8217;Homo sapiens en Europe au cours de la p\u00e9riode 55 000-30 000. Il [&hellip;]<\/p>\n","protected":false},"author":551,"featured_media":14350,"parent":4955,"menu_order":0,"comment_status":"closed","ping_status":"closed","template":"","meta":{"_acf_changed":false,"footnotes":""},"class_list":["post-10351","page","type-page","status-publish","has-post-thumbnail","hentry"],"acf":[],"publishpress_future_action":{"enabled":false,"date":"2026-04-15 10:43:39","action":"change-status","newStatus":"draft","terms":[],"taxonomy":"","extraData":[]},"publishpress_future_workflow_manual_trigger":{"enabledWorkflows":[]},"_links":{"self":[{"href":"https:\/\/www.cerege.fr\/en\/wp-json\/wp\/v2\/pages\/10351","targetHints":{"allow":["GET"]}}],"collection":[{"href":"https:\/\/www.cerege.fr\/en\/wp-json\/wp\/v2\/pages"}],"about":[{"href":"https:\/\/www.cerege.fr\/en\/wp-json\/wp\/v2\/types\/page"}],"author":[{"embeddable":true,"href":"https:\/\/www.cerege.fr\/en\/wp-json\/wp\/v2\/users\/551"}],"replies":[{"embeddable":true,"href":"https:\/\/www.cerege.fr\/en\/wp-json\/wp\/v2\/comments?post=10351"}],"version-history":[{"count":5,"href":"https:\/\/www.cerege.fr\/en\/wp-json\/wp\/v2\/pages\/10351\/revisions"}],"predecessor-version":[{"id":18565,"href":"https:\/\/www.cerege.fr\/en\/wp-json\/wp\/v2\/pages\/10351\/revisions\/18565"}],"up":[{"embeddable":true,"href":"https:\/\/www.cerege.fr\/en\/wp-json\/wp\/v2\/pages\/4955"}],"wp:featuredmedia":[{"embeddable":true,"href":"https:\/\/www.cerege.fr\/en\/wp-json\/wp\/v2\/media\/14350"}],"wp:attachment":[{"href":"https:\/\/www.cerege.fr\/en\/wp-json\/wp\/v2\/media?parent=10351"}],"curies":[{"name":"wp","href":"https:\/\/api.w.org\/{rel}","templated":true}]}}