{"id":10372,"date":"2022-12-07T13:53:02","date_gmt":"2022-12-07T12:53:02","guid":{"rendered":"https:\/\/www.cerege.fr\/?page_id=10372"},"modified":"2025-04-01T12:41:43","modified_gmt":"2025-04-01T10:41:43","slug":"anr-womensofar-2","status":"publish","type":"page","link":"https:\/\/www.cerege.fr\/en\/sciences\/climat\/projets-climat\/anr-womensofar-2\/","title":{"rendered":"ANR WomenSoFar"},"content":{"rendered":"\t\t<div data-elementor-type=\"wp-page\" data-elementor-id=\"10372\" class=\"elementor elementor-10372\" data-elementor-post-type=\"page\">\n\t\t\t\t\t\t<section class=\"elementor-section elementor-top-section elementor-element elementor-element-65b4f2da elementor-section-full_width elementor-section-height-min-height elementor-section-height-default elementor-section-items-middle\" data-id=\"65b4f2da\" data-element_type=\"section\" data-e-type=\"section\" data-settings=\"{&quot;background_background&quot;:&quot;classic&quot;}\">\n\t\t\t\t\t\t<div class=\"elementor-container elementor-column-gap-default\">\n\t\t\t\t\t<div class=\"elementor-column elementor-col-100 elementor-top-column elementor-element elementor-element-7b9f78e4\" data-id=\"7b9f78e4\" data-element_type=\"column\" data-e-type=\"column\">\n\t\t\t<div class=\"elementor-widget-wrap\">\n\t\t\t\t\t\t\t<\/div>\n\t\t<\/div>\n\t\t\t\t\t<\/div>\n\t\t<\/section>\n\t\t\t\t<section class=\"elementor-section elementor-top-section elementor-element elementor-element-4bd06771 elementor-section-boxed elementor-section-height-default elementor-section-height-default\" data-id=\"4bd06771\" data-element_type=\"section\" data-e-type=\"section\">\n\t\t\t\t\t\t<div class=\"elementor-container elementor-column-gap-default\">\n\t\t\t\t\t<div class=\"elementor-column elementor-col-100 elementor-top-column elementor-element elementor-element-255de07e\" data-id=\"255de07e\" data-element_type=\"column\" data-e-type=\"column\">\n\t\t\t<div class=\"elementor-widget-wrap elementor-element-populated\">\n\t\t\t\t\t\t<div class=\"elementor-element elementor-element-2ca5babe elementor-widget elementor-widget-shortcode\" data-id=\"2ca5babe\" data-element_type=\"widget\" data-e-type=\"widget\" data-widget_type=\"shortcode.default\">\n\t\t\t\t<div class=\"elementor-widget-container\">\n\t\t\t\t\t\t\t<div class=\"elementor-shortcode\"><nav aria-label=\"breadcrumbs\">\n            <div class=\"breadcrumb-container theme1\">\n                <ol>\n                                    <\/ol>\n            <\/div>\n        <\/nav>    <script type=\"application\/ld+json\">\n        {\n            \"@context\": \"http:\/\/schema.org\",\n            \"@type\": \"BreadcrumbList\",\n            \"itemListElement\": [\n                            ]\n        }\n    <\/script>\n   \n    <script>\n            <\/script>\n<\/div>\n\t\t\t\t\t\t<\/div>\n\t\t\t\t<\/div>\n\t\t\t\t<section class=\"elementor-section elementor-inner-section elementor-element elementor-element-44e43201 elementor-section-boxed elementor-section-height-default elementor-section-height-default\" data-id=\"44e43201\" data-element_type=\"section\" data-e-type=\"section\">\n\t\t\t\t\t\t<div class=\"elementor-container elementor-column-gap-wide\">\n\t\t\t\t\t<div class=\"elementor-column elementor-col-50 elementor-inner-column elementor-element elementor-element-1a3685f\" data-id=\"1a3685f\" data-element_type=\"column\" data-e-type=\"column\">\n\t\t\t<div class=\"elementor-widget-wrap elementor-element-populated\">\n\t\t\t\t\t\t<div class=\"elementor-element elementor-element-e707224 elementor-widget elementor-widget-text-editor\" data-id=\"e707224\" data-element_type=\"widget\" data-e-type=\"widget\" data-widget_type=\"text-editor.default\">\n\t\t\t\t<div class=\"elementor-widget-container\">\n\t\t\t\t\t\t\t\t\t<p>Le r\u00f4le des femmes est central dans les processus de n\u00e9olithisation et d\u2019expansion d\u00e9mographique.<\/p><p>La fa\u00e7on dont elles sont impliqu\u00e9es dans l\u2019organisation sociale d\u00e9pend notamment de l\u2019environnement et de l\u2019\u00e9conomie de subsistance.<\/p><p>Le projet WomenSOFar a pour objectif de comprendre comment les femmes mangent, se d\u00e9placent, prennent soin des plus jeunes et participent aux activit\u00e9s n\u00e9cessaires \u00e0 la survie des premi\u00e8res communaut\u00e9s d\u2019agropasteurs (VIe-VIe mill. BC) en France et M\u00e9diterran\u00e9e.<\/p><p>Le projet s\u2019organise autour d\u2019une approche multidisciplinaire et holistique de l\u2019\u00e9tude des restes humains. Les hypoth\u00e8ses test\u00e9es concernent la diversit\u00e9 alimentaire et la mobilit\u00e9 diff\u00e9rentielle des femmes ainsi que les strat\u00e9gies d\u2019adaptation (sevrage, mobilit\u00e9 des tout-petits) et les liens potentiels entre \u00e9tat sanitaire, marqueurs d\u2019activit\u00e9 et modes de subsistance.<\/p><p>WomenSOFar participera \u00e0 notre compr\u00e9hension sur l\u2019origine des charges sociales pesant sur les femmes et les hommes d\u2019aujourd\u2019hui.<\/p>\t\t\t\t\t\t\t\t<\/div>\n\t\t\t\t<\/div>\n\t\t\t\t\t<\/div>\n\t\t<\/div>\n\t\t\t\t<div class=\"elementor-column elementor-col-50 elementor-inner-column elementor-element elementor-element-23197d82\" data-id=\"23197d82\" data-element_type=\"column\" data-e-type=\"column\">\n\t\t\t<div class=\"elementor-widget-wrap elementor-element-populated\">\n\t\t\t\t\t\t<div class=\"elementor-element elementor-element-6a3b1272 elementor-widget elementor-widget-text-editor\" data-id=\"6a3b1272\" data-element_type=\"widget\" data-e-type=\"widget\" data-widget_type=\"text-editor.default\">\n\t\t\t\t<div class=\"elementor-widget-container\">\n\t\t\t\t\t\t\t\t\t<h2><span style=\"font-weight: normal;\">2022-2026 : ANR WomenSoFar<br \/><\/span><\/h2><p>Responsable CEREGE : <br \/><strong><a href=\"https:\/\/www.cerege.fr\/fr\/author\/guillaume-leduc\/\">Guillaume Leduc<\/a><\/strong><\/p><p><em>Trajectoires de vie et statut des femmes au d\u00e9but de l\u2019apos-agriculture. Perspectives bioarch\u00e9ologiques en contexte pr\u00e9historique fran\u00e7ais et m\u00e9diterran\u00e9en<\/em><\/p><p class=\"Standard\"><strong>Partenaires<\/strong> :<br \/>CEREGE, le laboratoire LAMPEA, Aix-Marseille Universit\u00e9, Le laboratoire PACEA, Universit\u00e9 de Bordeaux<\/p>\t\t\t\t\t\t\t\t<\/div>\n\t\t\t\t<\/div>\n\t\t\t\t<div class=\"elementor-element elementor-element-56a2a721 elementor-widget elementor-widget-image\" data-id=\"56a2a721\" data-element_type=\"widget\" data-e-type=\"widget\" data-widget_type=\"image.default\">\n\t\t\t\t<div class=\"elementor-widget-container\">\n\t\t\t\t\t\t\t\t\t\t\t\t\t\t\t<img fetchpriority=\"high\" decoding=\"async\" width=\"768\" height=\"480\" src=\"https:\/\/www.cerege.fr\/wp-content\/uploads\/2022\/12\/ANR-WomenSoFar-.png\" class=\"attachment-large size-large wp-image-10226\" alt=\"\" srcset=\"https:\/\/www.cerege.fr\/wp-content\/uploads\/2022\/12\/ANR-WomenSoFar-.png 768w, https:\/\/www.cerege.fr\/wp-content\/uploads\/2022\/12\/ANR-WomenSoFar--300x188.png 300w, https:\/\/www.cerege.fr\/wp-content\/uploads\/2022\/12\/ANR-WomenSoFar--18x12.png 18w\" sizes=\"(max-width: 768px) 100vw, 768px\" \/>\t\t\t\t\t\t\t\t\t\t\t\t\t\t\t<\/div>\n\t\t\t\t<\/div>\n\t\t\t\t\t<\/div>\n\t\t<\/div>\n\t\t\t\t\t<\/div>\n\t\t<\/section>\n\t\t\t\t<div class=\"elementor-element elementor-element-2b0bf1a1 elementor-widget elementor-widget-spacer\" data-id=\"2b0bf1a1\" data-element_type=\"widget\" data-e-type=\"widget\" data-widget_type=\"spacer.default\">\n\t\t\t\t<div class=\"elementor-widget-container\">\n\t\t\t\t\t\t\t<div class=\"elementor-spacer\">\n\t\t\t<div class=\"elementor-spacer-inner\"><\/div>\n\t\t<\/div>\n\t\t\t\t\t\t<\/div>\n\t\t\t\t<\/div>\n\t\t\t\t<div class=\"elementor-element elementor-element-13a48bcc elementor-widget elementor-widget-spacer\" data-id=\"13a48bcc\" data-element_type=\"widget\" data-e-type=\"widget\" data-widget_type=\"spacer.default\">\n\t\t\t\t<div class=\"elementor-widget-container\">\n\t\t\t\t\t\t\t<div class=\"elementor-spacer\">\n\t\t\t<div class=\"elementor-spacer-inner\"><\/div>\n\t\t<\/div>\n\t\t\t\t\t\t<\/div>\n\t\t\t\t<\/div>\n\t\t\t\t\t<\/div>\n\t\t<\/div>\n\t\t\t\t\t<\/div>\n\t\t<\/section>\n\t\t\t\t<\/div>\n\t\t","protected":false},"excerpt":{"rendered":"<p>Le r\u00f4le des femmes est central dans les processus de n\u00e9olithisation et d\u2019expansion d\u00e9mographique. La fa\u00e7on dont elles sont impliqu\u00e9es dans l\u2019organisation sociale d\u00e9pend notamment de l\u2019environnement et de l\u2019\u00e9conomie [&hellip;]<\/p>\n","protected":false},"author":551,"featured_media":16058,"parent":4955,"menu_order":0,"comment_status":"closed","ping_status":"closed","template":"","meta":{"_acf_changed":false,"footnotes":""},"class_list":["post-10372","page","type-page","status-publish","has-post-thumbnail","hentry"],"acf":[],"publishpress_future_action":{"enabled":false,"date":"2026-05-12 19:54:40","action":"change-status","newStatus":"draft","terms":[],"taxonomy":"","extraData":[]},"publishpress_future_workflow_manual_trigger":{"enabledWorkflows":[]},"_links":{"self":[{"href":"https:\/\/www.cerege.fr\/en\/wp-json\/wp\/v2\/pages\/10372","targetHints":{"allow":["GET"]}}],"collection":[{"href":"https:\/\/www.cerege.fr\/en\/wp-json\/wp\/v2\/pages"}],"about":[{"href":"https:\/\/www.cerege.fr\/en\/wp-json\/wp\/v2\/types\/page"}],"author":[{"embeddable":true,"href":"https:\/\/www.cerege.fr\/en\/wp-json\/wp\/v2\/users\/551"}],"replies":[{"embeddable":true,"href":"https:\/\/www.cerege.fr\/en\/wp-json\/wp\/v2\/comments?post=10372"}],"version-history":[{"count":5,"href":"https:\/\/www.cerege.fr\/en\/wp-json\/wp\/v2\/pages\/10372\/revisions"}],"predecessor-version":[{"id":27289,"href":"https:\/\/www.cerege.fr\/en\/wp-json\/wp\/v2\/pages\/10372\/revisions\/27289"}],"up":[{"embeddable":true,"href":"https:\/\/www.cerege.fr\/en\/wp-json\/wp\/v2\/pages\/4955"}],"wp:featuredmedia":[{"embeddable":true,"href":"https:\/\/www.cerege.fr\/en\/wp-json\/wp\/v2\/media\/16058"}],"wp:attachment":[{"href":"https:\/\/www.cerege.fr\/en\/wp-json\/wp\/v2\/media?parent=10372"}],"curies":[{"name":"wp","href":"https:\/\/api.w.org\/{rel}","templated":true}]}}