{"id":10438,"date":"2022-12-07T15:13:04","date_gmt":"2022-12-07T14:13:04","guid":{"rendered":"https:\/\/www.cerege.fr\/?page_id=10438"},"modified":"2025-04-01T12:37:35","modified_gmt":"2025-04-01T10:37:35","slug":"the-wao-project","status":"publish","type":"page","link":"https:\/\/www.cerege.fr\/en\/sciences\/climat\/projets-climat\/the-wao-project\/","title":{"rendered":"The WAO Project"},"content":{"rendered":"\t\t<div data-elementor-type=\"wp-page\" data-elementor-id=\"10438\" class=\"elementor elementor-10438\" data-elementor-post-type=\"page\">\n\t\t\t\t\t\t<section class=\"elementor-section elementor-top-section elementor-element elementor-element-7f192094 elementor-section-full_width elementor-section-height-min-height elementor-section-height-default elementor-section-items-middle\" data-id=\"7f192094\" data-element_type=\"section\" data-e-type=\"section\" data-settings=\"{&quot;background_background&quot;:&quot;classic&quot;}\">\n\t\t\t\t\t\t<div class=\"elementor-container elementor-column-gap-default\">\n\t\t\t\t\t<div class=\"elementor-column elementor-col-100 elementor-top-column elementor-element elementor-element-3eac82bc\" data-id=\"3eac82bc\" data-element_type=\"column\" data-e-type=\"column\">\n\t\t\t<div class=\"elementor-widget-wrap\">\n\t\t\t\t\t\t\t<\/div>\n\t\t<\/div>\n\t\t\t\t\t<\/div>\n\t\t<\/section>\n\t\t\t\t<section class=\"elementor-section elementor-top-section elementor-element elementor-element-d870a11 elementor-section-boxed elementor-section-height-default elementor-section-height-default\" data-id=\"d870a11\" data-element_type=\"section\" data-e-type=\"section\">\n\t\t\t\t\t\t<div class=\"elementor-container elementor-column-gap-default\">\n\t\t\t\t\t<div class=\"elementor-column elementor-col-100 elementor-top-column elementor-element elementor-element-6c069678\" data-id=\"6c069678\" data-element_type=\"column\" data-e-type=\"column\">\n\t\t\t<div class=\"elementor-widget-wrap elementor-element-populated\">\n\t\t\t\t\t\t<div class=\"elementor-element elementor-element-5ed397a4 elementor-widget elementor-widget-shortcode\" data-id=\"5ed397a4\" data-element_type=\"widget\" data-e-type=\"widget\" data-widget_type=\"shortcode.default\">\n\t\t\t\t<div class=\"elementor-widget-container\">\n\t\t\t\t\t\t\t<div class=\"elementor-shortcode\"><nav aria-label=\"breadcrumbs\">\n            <div class=\"breadcrumb-container theme1\">\n                <ol>\n                                    <\/ol>\n            <\/div>\n        <\/nav>    <script type=\"application\/ld+json\">\n        {\n            \"@context\": \"http:\/\/schema.org\",\n            \"@type\": \"BreadcrumbList\",\n            \"itemListElement\": [\n                            ]\n        }\n    <\/script>\n   \n    <script>\n            <\/script>\n<\/div>\n\t\t\t\t\t\t<\/div>\n\t\t\t\t<\/div>\n\t\t\t\t<section class=\"elementor-section elementor-inner-section elementor-element elementor-element-1fa892af elementor-section-boxed elementor-section-height-default elementor-section-height-default\" data-id=\"1fa892af\" data-element_type=\"section\" data-e-type=\"section\">\n\t\t\t\t\t\t<div class=\"elementor-container elementor-column-gap-wide\">\n\t\t\t\t\t<div class=\"elementor-column elementor-col-50 elementor-inner-column elementor-element elementor-element-67340d53\" data-id=\"67340d53\" data-element_type=\"column\" data-e-type=\"column\">\n\t\t\t<div class=\"elementor-widget-wrap elementor-element-populated\">\n\t\t\t\t\t\t<div class=\"elementor-element elementor-element-714cf032 elementor-widget elementor-widget-text-editor\" data-id=\"714cf032\" data-element_type=\"widget\" data-e-type=\"widget\" data-widget_type=\"text-editor.default\">\n\t\t\t\t<div class=\"elementor-widget-container\">\n\t\t\t\t\t\t\t\t\t<p><em>Le projet WAO vise \u00e0 am\u00e9liorer la compr\u00e9hension du fonctionnement hydrologique de l&#8217;aquif\u00e8re du Saq dans la r\u00e9gion d&#8217;Al Ula (Arabie saoudite) afin de tendre vers une gestion durable de cette ressource essentielle pour le d\u00e9veloppement socio-\u00e9conomique et agricole de cette oasis.<\/em><\/p><p>Le projet WAO fait partie du programme OASIS financ\u00e9 par l&#8217;agence AFALULA (Agence Fran\u00e7aise de D\u00e9veloppement d&#8217;Al-Ula) \u00e0 travers sa coop\u00e9ration avec l&#8217;Arabie Saoudite et la Commission Royale pour Al-Ula (RCU). Ce programme de recherche et d\u00e9veloppement se propose d&#8217;\u00e9tudier l&#8217;oasis d&#8217;Al-Ula qui abrite le site arch\u00e9ologique de Mad\u00e2in S\u00e2lih, plus connu sous son nom antique de H\u00e9gra, site majeur de la civilisation nabat\u00e9enne situ\u00e9 an Nord-Ouest de l&#8217;Arabie Saoudite, et premier site saoudien inscrit au patrimoine mondial de l&#8217;Unesco.<\/p><p>Ce programme multidisciplinaire regroupe des arch\u00e9ologues, g\u00e9o-arch\u00e9ologues, pal\u00e9oclimatologues, p\u00e9dologues, botanistes, agronomes, ethnobotanistes et ethnologues, et vise \u00e0 am\u00e9liorer notre compr\u00e9hension de l&#8217;\u00e9cosyst\u00e8me oasien d&#8217;Al-Ula et \u00e0 fournir un socle de connaissance \u00e0 m\u00eame de construire un mod\u00e8le de d\u00e9veloppement, \u00e9conomique et touristique durable et respectueux de cet environnement exceptionnel.<\/p><p>D&#8217;une dur\u00e9e de 4 ans, le projet port\u00e9 par le CEREGE se focalise sur l&#8217;\u00e9tude du fonctionnement, actuel et pass\u00e9, du syst\u00e8me aquif\u00e8re qui alimente l&#8217;\u00e9cosyst\u00e8me oasien d&#8217;Al-Ula. Il s&#8217;agit d&#8217;une part d&#8217;\u00e9valuer la ressource actuelle et l&#8217;impact des pr\u00e9l\u00e8vements sur celle-ci et d&#8217;autre part, de reconstruire le fonctionnement de cet hydrosyst\u00e8me dans le contexte climatique et environnemental des derniers mill\u00e9naires afin de pr\u00e9ciser les conditions qui ont permis l&#8217;occupation humaine de cette zone aride et le d\u00e9veloppement de soci\u00e9t\u00e9s protohistoriques.<\/p><p>Pour ce faire, le projet se propose de :<br \/>. caract\u00e9riser le syst\u00e8me aquif\u00e8re en combinant approches hydrog\u00e9ologiques (monitoring pi\u00e9zom\u00e9trique, mise en place d&#8217;un r\u00e9seau de capteur, mod\u00e9lisation\u2026), g\u00e9ophysiques (donn\u00e9es gravim\u00e9triques satellitales\u2026) et hydrog\u00e9ochimiques (\u00e9chantillonnages, monitoring des eaux souterraines, analyses \u00e9l\u00e9mentaires et isotopiques)<br \/>. d&#8217;\u00e9tudier diff\u00e9rents types d&#8217;archives s\u00e9dimentaires permettant de reconstruire la variabilit\u00e9 climatique et environnementale dans la r\u00e9gion.<\/p><p>Les questions centrales auxquelles le projet WAO se propose de r\u00e9pondre sont :<\/p><ul><li>Quelle quantit\u00e9 d\u2019eau est actuellement pr\u00e9lev\u00e9e dans l\u2019aquif\u00e8re dans la r\u00e9gion d\u2019Al Ula pour soutenir l\u2019\u00e9conomie oasienne?<\/li><li>Quelle est la soutenabilit\u00e9 de la ressource aquif\u00e8re qui peut \u00eatre mobilis\u00e9e \u00e0 l\u2019\u00e9chelle locale et r\u00e9gionale\u00a0?<\/li><li>Y a-t-il une recharge actuelle active de l\u2019aquif\u00e8re?<\/li><li>Quelle la qualit\u00e9 moyenne de l\u2019eau souterraine dans la r\u00e9gion d\u2019Al Ula\u00a0?<\/li><li>Y a-t-il un risque de contamination et de salinisation en lien avec la surexploitation des ressources en eau\u00a0?<\/li><li>D\u2019o\u00f9 vient l\u2019eau et quel \u00e2ge a-t-elle\u00a0?<\/li><li>Quelles \u00e9taient les conditions environnementales et climatiques pass\u00e9es ayant permis l\u2019installation humaine dans la r\u00e9gion d\u2019Al Ula\u00a0?<\/li><\/ul>\t\t\t\t\t\t\t\t<\/div>\n\t\t\t\t<\/div>\n\t\t\t\t\t<\/div>\n\t\t<\/div>\n\t\t\t\t<div class=\"elementor-column elementor-col-50 elementor-inner-column elementor-element elementor-element-7b66628c\" data-id=\"7b66628c\" data-element_type=\"column\" data-e-type=\"column\">\n\t\t\t<div class=\"elementor-widget-wrap elementor-element-populated\">\n\t\t\t\t\t\t<div class=\"elementor-element elementor-element-6bdce1a3 elementor-widget elementor-widget-text-editor\" data-id=\"6bdce1a3\" data-element_type=\"widget\" data-e-type=\"widget\" data-widget_type=\"text-editor.default\">\n\t\t\t\t<div class=\"elementor-widget-container\">\n\t\t\t\t\t\t\t\t\t<h2><span style=\"font-weight: normal;\">The WAO Project<br \/><\/span><\/h2><p>Responsable CEREGE : <br \/><strong><a href=\"https:\/\/www.cerege.fr\/fr\/author\/pierre-deschamps\/\">Pierre Deschamps<\/a><\/strong><\/p><p><em>Ressources en eau dans l&#8217;Oasis d&#8217;Al Ula dans le pass\u00e9, le pr\u00e9sent, et le futur: hydrologie, g\u00e9ochimie et pal\u00e9oclimatologie.<\/em><\/p>\t\t\t\t\t\t\t\t<\/div>\n\t\t\t\t<\/div>\n\t\t\t\t<div class=\"elementor-element elementor-element-48300e29 elementor-widget elementor-widget-image\" data-id=\"48300e29\" data-element_type=\"widget\" data-e-type=\"widget\" data-widget_type=\"image.default\">\n\t\t\t\t<div class=\"elementor-widget-container\">\n\t\t\t\t\t\t\t\t\t\t\t\t\t\t\t<img fetchpriority=\"high\" decoding=\"async\" width=\"800\" height=\"500\" src=\"https:\/\/www.cerege.fr\/wp-content\/uploads\/2022\/12\/WAO_copyright-Pierre-Seraphin_photo-1-1-1024x640.jpg\" class=\"attachment-large size-large wp-image-10453\" alt=\"\" srcset=\"https:\/\/www.cerege.fr\/wp-content\/uploads\/2022\/12\/WAO_copyright-Pierre-Seraphin_photo-1-1-1024x640.jpg 1024w, https:\/\/www.cerege.fr\/wp-content\/uploads\/2022\/12\/WAO_copyright-Pierre-Seraphin_photo-1-1-300x188.jpg 300w, https:\/\/www.cerege.fr\/wp-content\/uploads\/2022\/12\/WAO_copyright-Pierre-Seraphin_photo-1-1-768x480.jpg 768w, https:\/\/www.cerege.fr\/wp-content\/uploads\/2022\/12\/WAO_copyright-Pierre-Seraphin_photo-1-1-1536x960.jpg 1536w, https:\/\/www.cerege.fr\/wp-content\/uploads\/2022\/12\/WAO_copyright-Pierre-Seraphin_photo-1-1-scaled.jpg 2048w, https:\/\/www.cerege.fr\/wp-content\/uploads\/2022\/12\/WAO_copyright-Pierre-Seraphin_photo-1-1-18x12.jpg 18w, https:\/\/www.cerege.fr\/wp-content\/uploads\/2022\/12\/WAO_copyright-Pierre-Seraphin_photo-1-1-1320x825.jpg 1320w\" sizes=\"(max-width: 800px) 100vw, 800px\" \/>\t\t\t\t\t\t\t\t\t\t\t\t\t\t\t<\/div>\n\t\t\t\t<\/div>\n\t\t\t\t<div class=\"elementor-element elementor-element-13a23f47 gallery-spacing-custom elementor-widget elementor-widget-image-gallery\" data-id=\"13a23f47\" data-element_type=\"widget\" data-e-type=\"widget\" data-widget_type=\"image-gallery.default\">\n\t\t\t\t<div class=\"elementor-widget-container\">\n\t\t\t\t\t\t\t<div class=\"elementor-image-gallery\">\n\t\t\t<div id='gallery-1' class='gallery galleryid-10438 gallery-columns-2 gallery-size-medium'><figure class='gallery-item'>\n\t\t\t<div class='gallery-icon landscape'>\n\t\t\t\t<a data-elementor-open-lightbox=\"yes\" data-elementor-lightbox-slideshow=\"13a23f47\" data-elementor-lightbox-title=\"WAO_copyright Severine Thomas_photo 3\" data-e-action-hash=\"#elementor-action%3Aaction%3Dlightbox%26settings%3DeyJpZCI6MTA0NTcsInVybCI6Imh0dHBzOlwvXC93d3cuY2VyZWdlLmZyXC93cC1jb250ZW50XC91cGxvYWRzXC8yMDIyXC8xMlwvV0FPX2NvcHlyaWdodC1TZXZlcmluZS1UaG9tYXNfcGhvdG8tMy0xLXNjYWxlZC5qcGciLCJzbGlkZXNob3ciOiIxM2EyM2Y0NyJ9\" href='https:\/\/www.cerege.fr\/wp-content\/uploads\/2022\/12\/WAO_copyright-Severine-Thomas_photo-3-1-scaled.jpg'><img decoding=\"async\" width=\"300\" height=\"188\" src=\"https:\/\/www.cerege.fr\/wp-content\/uploads\/2022\/12\/WAO_copyright-Severine-Thomas_photo-3-1-300x188.jpg\" class=\"attachment-medium size-medium\" alt=\"\" srcset=\"https:\/\/www.cerege.fr\/wp-content\/uploads\/2022\/12\/WAO_copyright-Severine-Thomas_photo-3-1-300x188.jpg 300w, https:\/\/www.cerege.fr\/wp-content\/uploads\/2022\/12\/WAO_copyright-Severine-Thomas_photo-3-1-1024x640.jpg 1024w, https:\/\/www.cerege.fr\/wp-content\/uploads\/2022\/12\/WAO_copyright-Severine-Thomas_photo-3-1-768x480.jpg 768w, https:\/\/www.cerege.fr\/wp-content\/uploads\/2022\/12\/WAO_copyright-Severine-Thomas_photo-3-1-1536x960.jpg 1536w, https:\/\/www.cerege.fr\/wp-content\/uploads\/2022\/12\/WAO_copyright-Severine-Thomas_photo-3-1-scaled.jpg 2048w, https:\/\/www.cerege.fr\/wp-content\/uploads\/2022\/12\/WAO_copyright-Severine-Thomas_photo-3-1-18x12.jpg 18w, https:\/\/www.cerege.fr\/wp-content\/uploads\/2022\/12\/WAO_copyright-Severine-Thomas_photo-3-1-1320x825.jpg 1320w\" sizes=\"(max-width: 300px) 100vw, 300px\" \/><\/a>\n\t\t\t<\/div><\/figure><figure class='gallery-item'>\n\t\t\t<div class='gallery-icon landscape'>\n\t\t\t\t<a data-elementor-open-lightbox=\"yes\" data-elementor-lightbox-slideshow=\"13a23f47\" data-elementor-lightbox-title=\"WAO_copyright Severine Thomas_photo 2\" data-e-action-hash=\"#elementor-action%3Aaction%3Dlightbox%26settings%3DeyJpZCI6MTA0NTYsInVybCI6Imh0dHBzOlwvXC93d3cuY2VyZWdlLmZyXC93cC1jb250ZW50XC91cGxvYWRzXC8yMDIyXC8xMlwvV0FPX2NvcHlyaWdodC1TZXZlcmluZS1UaG9tYXNfcGhvdG8tMi0xLXNjYWxlZC5qcGciLCJzbGlkZXNob3ciOiIxM2EyM2Y0NyJ9\" href='https:\/\/www.cerege.fr\/wp-content\/uploads\/2022\/12\/WAO_copyright-Severine-Thomas_photo-2-1-scaled.jpg'><img decoding=\"async\" width=\"300\" height=\"188\" src=\"https:\/\/www.cerege.fr\/wp-content\/uploads\/2022\/12\/WAO_copyright-Severine-Thomas_photo-2-1-300x188.jpg\" class=\"attachment-medium size-medium\" alt=\"\" srcset=\"https:\/\/www.cerege.fr\/wp-content\/uploads\/2022\/12\/WAO_copyright-Severine-Thomas_photo-2-1-300x188.jpg 300w, https:\/\/www.cerege.fr\/wp-content\/uploads\/2022\/12\/WAO_copyright-Severine-Thomas_photo-2-1-1024x640.jpg 1024w, https:\/\/www.cerege.fr\/wp-content\/uploads\/2022\/12\/WAO_copyright-Severine-Thomas_photo-2-1-768x480.jpg 768w, https:\/\/www.cerege.fr\/wp-content\/uploads\/2022\/12\/WAO_copyright-Severine-Thomas_photo-2-1-1536x960.jpg 1536w, https:\/\/www.cerege.fr\/wp-content\/uploads\/2022\/12\/WAO_copyright-Severine-Thomas_photo-2-1-scaled.jpg 2048w, https:\/\/www.cerege.fr\/wp-content\/uploads\/2022\/12\/WAO_copyright-Severine-Thomas_photo-2-1-18x12.jpg 18w, https:\/\/www.cerege.fr\/wp-content\/uploads\/2022\/12\/WAO_copyright-Severine-Thomas_photo-2-1-1320x825.jpg 1320w\" sizes=\"(max-width: 300px) 100vw, 300px\" \/><\/a>\n\t\t\t<\/div><\/figure><figure class='gallery-item'>\n\t\t\t<div class='gallery-icon landscape'>\n\t\t\t\t<a data-elementor-open-lightbox=\"yes\" data-elementor-lightbox-slideshow=\"13a23f47\" data-elementor-lightbox-title=\"WAO_copyright Pierre Seraphin_photo 2\" data-e-action-hash=\"#elementor-action%3Aaction%3Dlightbox%26settings%3DeyJpZCI6MTA0NTQsInVybCI6Imh0dHBzOlwvXC93d3cuY2VyZWdlLmZyXC93cC1jb250ZW50XC91cGxvYWRzXC8yMDIyXC8xMlwvV0FPX2NvcHlyaWdodC1QaWVycmUtU2VyYXBoaW5fcGhvdG8tMi0xLXNjYWxlZC5qcGciLCJzbGlkZXNob3ciOiIxM2EyM2Y0NyJ9\" href='https:\/\/www.cerege.fr\/wp-content\/uploads\/2022\/12\/WAO_copyright-Pierre-Seraphin_photo-2-1-scaled.jpg'><img loading=\"lazy\" decoding=\"async\" width=\"300\" height=\"188\" src=\"https:\/\/www.cerege.fr\/wp-content\/uploads\/2022\/12\/WAO_copyright-Pierre-Seraphin_photo-2-1-300x188.jpg\" class=\"attachment-medium size-medium\" alt=\"\" srcset=\"https:\/\/www.cerege.fr\/wp-content\/uploads\/2022\/12\/WAO_copyright-Pierre-Seraphin_photo-2-1-300x188.jpg 300w, https:\/\/www.cerege.fr\/wp-content\/uploads\/2022\/12\/WAO_copyright-Pierre-Seraphin_photo-2-1-1024x640.jpg 1024w, https:\/\/www.cerege.fr\/wp-content\/uploads\/2022\/12\/WAO_copyright-Pierre-Seraphin_photo-2-1-768x480.jpg 768w, https:\/\/www.cerege.fr\/wp-content\/uploads\/2022\/12\/WAO_copyright-Pierre-Seraphin_photo-2-1-1536x960.jpg 1536w, https:\/\/www.cerege.fr\/wp-content\/uploads\/2022\/12\/WAO_copyright-Pierre-Seraphin_photo-2-1-scaled.jpg 2048w, https:\/\/www.cerege.fr\/wp-content\/uploads\/2022\/12\/WAO_copyright-Pierre-Seraphin_photo-2-1-18x12.jpg 18w, https:\/\/www.cerege.fr\/wp-content\/uploads\/2022\/12\/WAO_copyright-Pierre-Seraphin_photo-2-1-1320x825.jpg 1320w\" sizes=\"(max-width: 300px) 100vw, 300px\" \/><\/a>\n\t\t\t<\/div><\/figure><figure class='gallery-item'>\n\t\t\t<div class='gallery-icon landscape'>\n\t\t\t\t<a data-elementor-open-lightbox=\"yes\" data-elementor-lightbox-slideshow=\"13a23f47\" data-elementor-lightbox-title=\"WAO\" data-e-action-hash=\"#elementor-action%3Aaction%3Dlightbox%26settings%3DeyJpZCI6MTA0MzQsInVybCI6Imh0dHBzOlwvXC93d3cuY2VyZWdlLmZyXC93cC1jb250ZW50XC91cGxvYWRzXC8yMDIyXC8xMlwvV0FPLXNjYWxlZC5qcGciLCJzbGlkZXNob3ciOiIxM2EyM2Y0NyJ9\" href='https:\/\/www.cerege.fr\/wp-content\/uploads\/2022\/12\/WAO-scaled.jpg'><img loading=\"lazy\" decoding=\"async\" width=\"300\" height=\"188\" src=\"https:\/\/www.cerege.fr\/wp-content\/uploads\/2022\/12\/WAO-300x188.jpg\" class=\"attachment-medium size-medium\" alt=\"\" srcset=\"https:\/\/www.cerege.fr\/wp-content\/uploads\/2022\/12\/WAO-300x188.jpg 300w, https:\/\/www.cerege.fr\/wp-content\/uploads\/2022\/12\/WAO-1024x640.jpg 1024w, https:\/\/www.cerege.fr\/wp-content\/uploads\/2022\/12\/WAO-768x480.jpg 768w, https:\/\/www.cerege.fr\/wp-content\/uploads\/2022\/12\/WAO-1536x960.jpg 1536w, https:\/\/www.cerege.fr\/wp-content\/uploads\/2022\/12\/WAO-scaled.jpg 2048w, https:\/\/www.cerege.fr\/wp-content\/uploads\/2022\/12\/WAO-18x12.jpg 18w, https:\/\/www.cerege.fr\/wp-content\/uploads\/2022\/12\/WAO-1320x825.jpg 1320w\" sizes=\"(max-width: 300px) 100vw, 300px\" \/><\/a>\n\t\t\t<\/div><\/figure>\n\t\t<\/div>\n\t\t<\/div>\n\t\t\t\t\t\t<\/div>\n\t\t\t\t<\/div>\n\t\t\t\t\t<\/div>\n\t\t<\/div>\n\t\t\t\t\t<\/div>\n\t\t<\/section>\n\t\t\t\t<div class=\"elementor-element elementor-element-4a936cac elementor-widget elementor-widget-spacer\" data-id=\"4a936cac\" data-element_type=\"widget\" data-e-type=\"widget\" data-widget_type=\"spacer.default\">\n\t\t\t\t<div class=\"elementor-widget-container\">\n\t\t\t\t\t\t\t<div class=\"elementor-spacer\">\n\t\t\t<div class=\"elementor-spacer-inner\"><\/div>\n\t\t<\/div>\n\t\t\t\t\t\t<\/div>\n\t\t\t\t<\/div>\n\t\t\t\t<div class=\"elementor-element elementor-element-3145a44e elementor-widget elementor-widget-spacer\" data-id=\"3145a44e\" data-element_type=\"widget\" data-e-type=\"widget\" data-widget_type=\"spacer.default\">\n\t\t\t\t<div class=\"elementor-widget-container\">\n\t\t\t\t\t\t\t<div class=\"elementor-spacer\">\n\t\t\t<div class=\"elementor-spacer-inner\"><\/div>\n\t\t<\/div>\n\t\t\t\t\t\t<\/div>\n\t\t\t\t<\/div>\n\t\t\t\t\t<\/div>\n\t\t<\/div>\n\t\t\t\t\t<\/div>\n\t\t<\/section>\n\t\t\t\t<\/div>\n\t\t","protected":false},"excerpt":{"rendered":"<p>Le projet WAO vise \u00e0 am\u00e9liorer la compr\u00e9hension du fonctionnement hydrologique de l&#8217;aquif\u00e8re du Saq dans la r\u00e9gion d&#8217;Al Ula (Arabie saoudite) afin de tendre vers une gestion durable de [&hellip;]<\/p>\n","protected":false},"author":551,"featured_media":16058,"parent":4955,"menu_order":0,"comment_status":"closed","ping_status":"closed","template":"","meta":{"_acf_changed":false,"footnotes":""},"class_list":["post-10438","page","type-page","status-publish","has-post-thumbnail","hentry"],"acf":[],"publishpress_future_action":{"enabled":false,"date":"2026-05-11 12:12:39","action":"change-status","newStatus":"draft","terms":[],"taxonomy":"","extraData":[]},"publishpress_future_workflow_manual_trigger":{"enabledWorkflows":[]},"_links":{"self":[{"href":"https:\/\/www.cerege.fr\/en\/wp-json\/wp\/v2\/pages\/10438","targetHints":{"allow":["GET"]}}],"collection":[{"href":"https:\/\/www.cerege.fr\/en\/wp-json\/wp\/v2\/pages"}],"about":[{"href":"https:\/\/www.cerege.fr\/en\/wp-json\/wp\/v2\/types\/page"}],"author":[{"embeddable":true,"href":"https:\/\/www.cerege.fr\/en\/wp-json\/wp\/v2\/users\/551"}],"replies":[{"embeddable":true,"href":"https:\/\/www.cerege.fr\/en\/wp-json\/wp\/v2\/comments?post=10438"}],"version-history":[{"count":5,"href":"https:\/\/www.cerege.fr\/en\/wp-json\/wp\/v2\/pages\/10438\/revisions"}],"predecessor-version":[{"id":27287,"href":"https:\/\/www.cerege.fr\/en\/wp-json\/wp\/v2\/pages\/10438\/revisions\/27287"}],"up":[{"embeddable":true,"href":"https:\/\/www.cerege.fr\/en\/wp-json\/wp\/v2\/pages\/4955"}],"wp:featuredmedia":[{"embeddable":true,"href":"https:\/\/www.cerege.fr\/en\/wp-json\/wp\/v2\/media\/16058"}],"wp:attachment":[{"href":"https:\/\/www.cerege.fr\/en\/wp-json\/wp\/v2\/media?parent=10438"}],"curies":[{"name":"wp","href":"https:\/\/api.w.org\/{rel}","templated":true}]}}