{"id":12656,"date":"2022-12-21T15:32:12","date_gmt":"2022-12-21T14:32:12","guid":{"rendered":"https:\/\/www.cerege.fr\/?page_id=12656"},"modified":"2023-02-01T09:56:02","modified_gmt":"2023-02-01T08:56:02","slug":"tools-micro-automate","status":"publish","type":"page","link":"https:\/\/www.cerege.fr\/en\/equipements\/poles-techniques\/micropaleontologie-automatisee\/outils-micro-automate\/","title":{"rendered":"Tools Automated micropaleontology"},"content":{"rendered":"\t\t<div data-elementor-type=\"wp-page\" data-elementor-id=\"12656\" class=\"elementor elementor-12656\" data-elementor-post-type=\"page\">\n\t\t\t\t\t\t<section class=\"elementor-section elementor-top-section elementor-element elementor-element-7819f8b9 elementor-section-full_width elementor-section-height-min-height elementor-section-height-default elementor-section-items-middle\" data-id=\"7819f8b9\" data-element_type=\"section\" data-e-type=\"section\" data-settings=\"{&quot;background_background&quot;:&quot;classic&quot;}\">\n\t\t\t\t\t\t<div class=\"elementor-container elementor-column-gap-default\">\n\t\t\t\t\t<div class=\"elementor-column elementor-col-100 elementor-top-column elementor-element elementor-element-68d277d2\" data-id=\"68d277d2\" data-element_type=\"column\" data-e-type=\"column\">\n\t\t\t<div class=\"elementor-widget-wrap\">\n\t\t\t\t\t\t\t<\/div>\n\t\t<\/div>\n\t\t\t\t\t<\/div>\n\t\t<\/section>\n\t\t\t\t<section class=\"elementor-section elementor-top-section elementor-element elementor-element-14fb1a14 elementor-section-boxed elementor-section-height-default elementor-section-height-default\" data-id=\"14fb1a14\" data-element_type=\"section\" data-e-type=\"section\">\n\t\t\t\t\t\t<div class=\"elementor-container elementor-column-gap-default\">\n\t\t\t\t\t<div class=\"elementor-column elementor-col-100 elementor-top-column elementor-element elementor-element-42c129d2\" data-id=\"42c129d2\" data-element_type=\"column\" data-e-type=\"column\">\n\t\t\t<div class=\"elementor-widget-wrap elementor-element-populated\">\n\t\t\t\t\t\t<div class=\"elementor-element elementor-element-6bfb8c15 elementor-widget elementor-widget-shortcode\" data-id=\"6bfb8c15\" data-element_type=\"widget\" data-e-type=\"widget\" data-widget_type=\"shortcode.default\">\n\t\t\t\t<div class=\"elementor-widget-container\">\n\t\t\t\t\t\t\t<div class=\"elementor-shortcode\"><nav aria-label=\"breadcrumbs\">\n            <div class=\"breadcrumb-container theme1\">\n                <ol>\n                                    <\/ol>\n            <\/div>\n        <\/nav>    <script type=\"application\/ld+json\">\n        {\n            \"@context\": \"http:\/\/schema.org\",\n            \"@type\": \"BreadcrumbList\",\n            \"itemListElement\": [\n                            ]\n        }\n    <\/script>\n   \n    <script>\n            <\/script>\n<\/div>\n\t\t\t\t\t\t<\/div>\n\t\t\t\t<\/div>\n\t\t\t\t\t<\/div>\n\t\t<\/div>\n\t\t\t\t\t<\/div>\n\t\t<\/section>\n\t\t\t\t<section class=\"elementor-section elementor-top-section elementor-element elementor-element-77808a93 elementor-section-boxed elementor-section-height-default elementor-section-height-default\" data-id=\"77808a93\" data-element_type=\"section\" data-e-type=\"section\">\n\t\t\t\t\t\t<div class=\"elementor-container elementor-column-gap-extended\">\n\t\t\t\t\t<div class=\"elementor-column elementor-col-50 elementor-top-column elementor-element elementor-element-1bfd3d4\" data-id=\"1bfd3d4\" data-element_type=\"column\" data-e-type=\"column\">\n\t\t\t<div class=\"elementor-widget-wrap elementor-element-populated\">\n\t\t\t\t\t\t<div class=\"elementor-element elementor-element-164b1a59 elementor-widget elementor-widget-image\" data-id=\"164b1a59\" data-element_type=\"widget\" data-e-type=\"widget\" data-widget_type=\"image.default\">\n\t\t\t\t<div class=\"elementor-widget-container\">\n\t\t\t\t\t\t\t\t\t\t\t\t\t\t\t<img fetchpriority=\"high\" decoding=\"async\" width=\"800\" height=\"500\" src=\"https:\/\/www.cerege.fr\/wp-content\/uploads\/2022\/12\/MISO2-1024x640.jpeg\" class=\"attachment-large size-large wp-image-12673\" alt=\"\" srcset=\"https:\/\/www.cerege.fr\/wp-content\/uploads\/2022\/12\/MISO2-1024x640.jpeg 1024w, https:\/\/www.cerege.fr\/wp-content\/uploads\/2022\/12\/MISO2-300x188.jpeg 300w, https:\/\/www.cerege.fr\/wp-content\/uploads\/2022\/12\/MISO2-768x480.jpeg 768w, https:\/\/www.cerege.fr\/wp-content\/uploads\/2022\/12\/MISO2-1536x960.jpeg 1536w, https:\/\/www.cerege.fr\/wp-content\/uploads\/2022\/12\/MISO2-scaled.jpeg 2048w, https:\/\/www.cerege.fr\/wp-content\/uploads\/2022\/12\/MISO2-18x12.jpeg 18w, https:\/\/www.cerege.fr\/wp-content\/uploads\/2022\/12\/MISO2-1320x825.jpeg 1320w\" sizes=\"(max-width: 800px) 100vw, 800px\" \/>\t\t\t\t\t\t\t\t\t\t\t\t\t\t\t<\/div>\n\t\t\t\t<\/div>\n\t\t\t\t<div class=\"elementor-element elementor-element-b2fac97 elementor-widget elementor-widget-image\" data-id=\"b2fac97\" data-element_type=\"widget\" data-e-type=\"widget\" data-widget_type=\"image.default\">\n\t\t\t\t<div class=\"elementor-widget-container\">\n\t\t\t\t\t\t\t\t\t\t\t\t\t\t\t<img decoding=\"async\" width=\"800\" height=\"500\" src=\"https:\/\/www.cerege.fr\/wp-content\/uploads\/2023\/02\/PlateformeCEREGE_Microautomate.jpg\" class=\"attachment-large size-large wp-image-16406\" alt=\"\" srcset=\"https:\/\/www.cerege.fr\/wp-content\/uploads\/2023\/02\/PlateformeCEREGE_Microautomate.jpg 999w, https:\/\/www.cerege.fr\/wp-content\/uploads\/2023\/02\/PlateformeCEREGE_Microautomate-300x187.jpg 300w, https:\/\/www.cerege.fr\/wp-content\/uploads\/2023\/02\/PlateformeCEREGE_Microautomate-768x480.jpg 768w, https:\/\/www.cerege.fr\/wp-content\/uploads\/2023\/02\/PlateformeCEREGE_Microautomate-18x12.jpg 18w\" sizes=\"(max-width: 800px) 100vw, 800px\" \/>\t\t\t\t\t\t\t\t\t\t\t\t\t\t\t<\/div>\n\t\t\t\t<\/div>\n\t\t\t\t<div class=\"elementor-element elementor-element-9cab5d7 elementor-widget elementor-widget-image\" data-id=\"9cab5d7\" data-element_type=\"widget\" data-e-type=\"widget\" data-widget_type=\"image.default\">\n\t\t\t\t<div class=\"elementor-widget-container\">\n\t\t\t\t\t\t\t\t\t\t\t\t\t\t\t<img decoding=\"async\" width=\"800\" height=\"500\" src=\"https:\/\/www.cerege.fr\/wp-content\/uploads\/2022\/12\/Micro-Leica-DM6000-1024x640.jpeg\" class=\"attachment-large size-large wp-image-12671\" alt=\"\" srcset=\"https:\/\/www.cerege.fr\/wp-content\/uploads\/2022\/12\/Micro-Leica-DM6000-1024x640.jpeg 1024w, https:\/\/www.cerege.fr\/wp-content\/uploads\/2022\/12\/Micro-Leica-DM6000-300x188.jpeg 300w, https:\/\/www.cerege.fr\/wp-content\/uploads\/2022\/12\/Micro-Leica-DM6000-768x480.jpeg 768w, https:\/\/www.cerege.fr\/wp-content\/uploads\/2022\/12\/Micro-Leica-DM6000-1536x960.jpeg 1536w, https:\/\/www.cerege.fr\/wp-content\/uploads\/2022\/12\/Micro-Leica-DM6000-scaled.jpeg 2048w, https:\/\/www.cerege.fr\/wp-content\/uploads\/2022\/12\/Micro-Leica-DM6000-18x12.jpeg 18w, https:\/\/www.cerege.fr\/wp-content\/uploads\/2022\/12\/Micro-Leica-DM6000-1320x825.jpeg 1320w\" sizes=\"(max-width: 800px) 100vw, 800px\" \/>\t\t\t\t\t\t\t\t\t\t\t\t\t\t\t<\/div>\n\t\t\t\t<\/div>\n\t\t\t\t<div class=\"elementor-element elementor-element-24fa1ac elementor-widget elementor-widget-image\" data-id=\"24fa1ac\" data-element_type=\"widget\" data-e-type=\"widget\" data-widget_type=\"image.default\">\n\t\t\t\t<div class=\"elementor-widget-container\">\n\t\t\t\t\t\t\t\t\t\t\t\t\t\t\t<img loading=\"lazy\" decoding=\"async\" width=\"800\" height=\"500\" src=\"https:\/\/www.cerege.fr\/wp-content\/uploads\/2022\/12\/Photo-de-plateforme-avec-DMI8-1024x640.jpeg\" class=\"attachment-large size-large wp-image-12674\" alt=\"\" srcset=\"https:\/\/www.cerege.fr\/wp-content\/uploads\/2022\/12\/Photo-de-plateforme-avec-DMI8-1024x640.jpeg 1024w, https:\/\/www.cerege.fr\/wp-content\/uploads\/2022\/12\/Photo-de-plateforme-avec-DMI8-300x188.jpeg 300w, https:\/\/www.cerege.fr\/wp-content\/uploads\/2022\/12\/Photo-de-plateforme-avec-DMI8-768x480.jpeg 768w, https:\/\/www.cerege.fr\/wp-content\/uploads\/2022\/12\/Photo-de-plateforme-avec-DMI8-1536x960.jpeg 1536w, https:\/\/www.cerege.fr\/wp-content\/uploads\/2022\/12\/Photo-de-plateforme-avec-DMI8-scaled.jpeg 2048w, https:\/\/www.cerege.fr\/wp-content\/uploads\/2022\/12\/Photo-de-plateforme-avec-DMI8-18x12.jpeg 18w, https:\/\/www.cerege.fr\/wp-content\/uploads\/2022\/12\/Photo-de-plateforme-avec-DMI8-1320x825.jpeg 1320w\" sizes=\"(max-width: 800px) 100vw, 800px\" \/>\t\t\t\t\t\t\t\t\t\t\t\t\t\t\t<\/div>\n\t\t\t\t<\/div>\n\t\t\t\t\t<\/div>\n\t\t<\/div>\n\t\t\t\t<div class=\"elementor-column elementor-col-50 elementor-top-column elementor-element elementor-element-26933d04\" data-id=\"26933d04\" data-element_type=\"column\" data-e-type=\"column\">\n\t\t\t<div class=\"elementor-widget-wrap elementor-element-populated\">\n\t\t\t\t\t\t<div class=\"elementor-element elementor-element-2acc4e7f elementor-widget elementor-widget-text-editor\" data-id=\"2acc4e7f\" data-element_type=\"widget\" data-e-type=\"widget\" data-widget_type=\"text-editor.default\">\n\t\t\t\t<div class=\"elementor-widget-container\">\n\t\t\t\t\t\t\t\t\t<h2>Microscopes automatis\u00e9s<\/h2><ul><li>1 x DMRBE LEICA (mise en fonction en 1997)<\/li><li>4 x DM6000 LEICA (mise en fonction en 2010, 2011, 2014 et 2021)<\/li><li>1 x DMi8 LEICA (Microscope invers\u00e9 automatique, pour travail avec cultures mise en fonction 2017)<\/li><\/ul><div>\u00a0<\/div><h2>St\u00e9r\u00e9omicroscope automatis\u00e9 :<\/h2><ul><li>1 x MZ16A LEICA+Platine Leica IsoPro (mise en fonction en 2014)<\/li><li>1 x MZ16A LEICA+Platine Leica IsoPro (mise en fonction en 2014)<\/li><\/ul><p><em>Automate de tri de foram MISO<\/em><\/p><ul><li>1 x ATG \/ CEREGE (bient\u00f4t 2)<\/li><\/ul><p><em>Cameras<\/em><em>\u00a0\u00e0 refroidissement Peltier 4Mpixel\u00a014 et 16 bit\u00a0(Pixels carr\u00e9<\/em><em>s de 6<\/em><em>\u00b5m<\/em>\u00a0de c\u00f4t\u00e9)<em>:<\/em><\/p><ul><li>2 x SPOTFLEX Noir &amp; Blanc (2010, 2011)\u00a0<\/li><li>1 x SPOTFLEX Couleur (2014)<\/li><li>3 x HAMAMATSU Orca Flash 4 (2017, 2021, 2022)<\/li><\/ul><p><em>\u00a0<\/em><\/p><h2>Cameras haute r\u00e9solution spatiale pour photographie<\/h2><ul><li>FLIR N&amp;B<\/li><li>FLIR couleur<\/li><li>SMARTEK N&amp;B<\/li><\/ul><p><em>\u00a0<\/em><\/p><h2>Mat\u00e9riel Informatique\u00a0<\/h2><ul><li>1 lame de calcul DELL 26 c\u0153urs<\/li><li>1 serveurs\u00a0<\/li><li>3 ordinateurs de calcul DELL (30 \u00e0 40 c\u0153urs)\u00a0<\/li><li>10 Ordinateurs de pilotage des mat\u00e9riels optique et des cam\u00e9ras<\/li><\/ul><p>\u00a0<\/p><h2>Filtres optiques (CHROMA)<\/h2><ul><li>5 filtres 561 nm<\/li><li>5 filtres 635 nm<\/li><li>4 filtres 460 nm<\/li><li>12 filtres de Bendfords (polarisation circulaire)<\/li><li>Nombreux autres filtres optiques (polarisants lin\u00e9aires, 700nm, 435 nm\u2026)<\/li><\/ul><div>\u00a0<\/div>\t\t\t\t\t\t\t\t<\/div>\n\t\t\t\t<\/div>\n\t\t\t\t\t<\/div>\n\t\t<\/div>\n\t\t\t\t\t<\/div>\n\t\t<\/section>\n\t\t\t\t<\/div>\n\t\t","protected":false},"excerpt":{"rendered":"<p>Microscopes automatis\u00e9s 1 x DMRBE LEICA (mise en fonction en 1997) 4 x DM6000 LEICA (mise en fonction en 2010, 2011, 2014 et 2021) 1 x DMi8 LEICA (Microscope invers\u00e9 [&hellip;]<\/p>\n","protected":false},"author":551,"featured_media":12643,"parent":9324,"menu_order":0,"comment_status":"closed","ping_status":"closed","template":"","meta":{"_acf_changed":false,"footnotes":""},"class_list":["post-12656","page","type-page","status-publish","has-post-thumbnail","hentry"],"acf":[],"publishpress_future_action":{"enabled":false,"date":"2026-04-24 08:30:27","action":"change-status","newStatus":"draft","terms":[],"taxonomy":"","extraData":[]},"publishpress_future_workflow_manual_trigger":{"enabledWorkflows":[]},"_links":{"self":[{"href":"https:\/\/www.cerege.fr\/en\/wp-json\/wp\/v2\/pages\/12656","targetHints":{"allow":["GET"]}}],"collection":[{"href":"https:\/\/www.cerege.fr\/en\/wp-json\/wp\/v2\/pages"}],"about":[{"href":"https:\/\/www.cerege.fr\/en\/wp-json\/wp\/v2\/types\/page"}],"author":[{"embeddable":true,"href":"https:\/\/www.cerege.fr\/en\/wp-json\/wp\/v2\/users\/551"}],"replies":[{"embeddable":true,"href":"https:\/\/www.cerege.fr\/en\/wp-json\/wp\/v2\/comments?post=12656"}],"version-history":[{"count":5,"href":"https:\/\/www.cerege.fr\/en\/wp-json\/wp\/v2\/pages\/12656\/revisions"}],"predecessor-version":[{"id":16414,"href":"https:\/\/www.cerege.fr\/en\/wp-json\/wp\/v2\/pages\/12656\/revisions\/16414"}],"up":[{"embeddable":true,"href":"https:\/\/www.cerege.fr\/en\/wp-json\/wp\/v2\/pages\/9324"}],"wp:featuredmedia":[{"embeddable":true,"href":"https:\/\/www.cerege.fr\/en\/wp-json\/wp\/v2\/media\/12643"}],"wp:attachment":[{"href":"https:\/\/www.cerege.fr\/en\/wp-json\/wp\/v2\/media?parent=12656"}],"curies":[{"name":"wp","href":"https:\/\/api.w.org\/{rel}","templated":true}]}}