{"id":13370,"date":"2023-01-06T15:38:51","date_gmt":"2023-01-06T14:38:51","guid":{"rendered":"https:\/\/www.cerege.fr\/?page_id=13370"},"modified":"2023-10-04T15:10:23","modified_gmt":"2023-10-04T13:10:23","slug":"rhyzocarbon","status":"publish","type":"page","link":"https:\/\/www.cerege.fr\/en\/sciences\/environnement-durable\/projets-environnement-durable\/rhyzocarbone\/","title":{"rendered":"RhizoCarbon+"},"content":{"rendered":"\t\t<div data-elementor-type=\"wp-page\" data-elementor-id=\"13370\" class=\"elementor elementor-13370\" data-elementor-post-type=\"page\">\n\t\t\t\t\t\t<section class=\"elementor-section elementor-top-section elementor-element elementor-element-3333d61d elementor-section-full_width elementor-section-height-min-height elementor-section-height-default elementor-section-items-middle\" data-id=\"3333d61d\" data-element_type=\"section\" data-e-type=\"section\" data-settings=\"{&quot;background_background&quot;:&quot;classic&quot;}\">\n\t\t\t\t\t\t<div class=\"elementor-container elementor-column-gap-default\">\n\t\t\t\t\t<div class=\"elementor-column elementor-col-100 elementor-top-column elementor-element elementor-element-38dd7804\" data-id=\"38dd7804\" data-element_type=\"column\" data-e-type=\"column\">\n\t\t\t<div class=\"elementor-widget-wrap\">\n\t\t\t\t\t\t\t<\/div>\n\t\t<\/div>\n\t\t\t\t\t<\/div>\n\t\t<\/section>\n\t\t\t\t<section class=\"elementor-section elementor-top-section elementor-element elementor-element-533e02f6 elementor-section-boxed elementor-section-height-default elementor-section-height-default\" data-id=\"533e02f6\" data-element_type=\"section\" data-e-type=\"section\">\n\t\t\t\t\t\t<div class=\"elementor-container elementor-column-gap-default\">\n\t\t\t\t\t<div class=\"elementor-column elementor-col-100 elementor-top-column elementor-element elementor-element-49099eac\" data-id=\"49099eac\" data-element_type=\"column\" data-e-type=\"column\">\n\t\t\t<div class=\"elementor-widget-wrap elementor-element-populated\">\n\t\t\t\t\t\t<div class=\"elementor-element elementor-element-82d77b1 elementor-widget elementor-widget-shortcode\" data-id=\"82d77b1\" data-element_type=\"widget\" data-e-type=\"widget\" data-widget_type=\"shortcode.default\">\n\t\t\t\t<div class=\"elementor-widget-container\">\n\t\t\t\t\t\t\t<div class=\"elementor-shortcode\"><nav aria-label=\"breadcrumbs\">\n            <div class=\"breadcrumb-container theme1\">\n                <ol>\n                                    <\/ol>\n            <\/div>\n        <\/nav>    <script type=\"application\/ld+json\">\n        {\n            \"@context\": \"http:\/\/schema.org\",\n            \"@type\": \"BreadcrumbList\",\n            \"itemListElement\": [\n                            ]\n        }\n    <\/script>\n   \n    <script>\n            <\/script>\n<\/div>\n\t\t\t\t\t\t<\/div>\n\t\t\t\t<\/div>\n\t\t\t\t<section class=\"elementor-section elementor-inner-section elementor-element elementor-element-29a545e7 elementor-section-boxed elementor-section-height-default elementor-section-height-default\" data-id=\"29a545e7\" data-element_type=\"section\" data-e-type=\"section\">\n\t\t\t\t\t\t<div class=\"elementor-container elementor-column-gap-wide\">\n\t\t\t\t\t<div class=\"elementor-column elementor-col-50 elementor-inner-column elementor-element elementor-element-2cbc787d\" data-id=\"2cbc787d\" data-element_type=\"column\" data-e-type=\"column\">\n\t\t\t<div class=\"elementor-widget-wrap elementor-element-populated\">\n\t\t\t\t\t\t<div class=\"elementor-element elementor-element-630eab80 elementor-widget elementor-widget-text-editor\" data-id=\"630eab80\" data-element_type=\"widget\" data-e-type=\"widget\" data-widget_type=\"text-editor.default\">\n\t\t\t\t<div class=\"elementor-widget-container\">\n\t\t\t\t\t\t\t\t\t<div><p class=\"Default\">Dans le contexte d\u2019att\u00e9nuation du changement climatique et de s\u00e9curit\u00e9 alimentaire mondiale, le stockage de la mati\u00e8re organique (et du carbone associ\u00e9) dans les sols est un enjeu majeur qui s\u2019est traduit \u00e0 la COP21 par l\u2019initiative internationale &#8220;4 pour 1000&#8221;. Cette initiative vise \u00e0 montrer que l\u2019agriculture, et en particulier les sols agricoles, peuvent jouer un r\u00f4le crucial pour la s\u00e9curit\u00e9 alimentaire et le changement climatique.<\/p><p class=\"Default\">S\u2019il est bien \u00e9tabli que l\u2019augmentation des entr\u00e9es de mati\u00e8re organique est un des leviers agro-\u00e9cologiques majeurs en termes de pratiques \u00e0 mettre en oeuvre, les leviers concernant leur maintien dans les sols (stabilisation) ne sont pas \u00e9tablis \u00e0 ce jour.<\/p><p class=\"Default\">Le projet RhizoCarbone+, propos\u00e9 conjointement par le BIAM et le CEREGE, cherche \u00e0 lever ce verrou.<\/p><\/div><div><p class=\"Default\">Il porte un double objectif au service de la transition environnementale :<\/p><div><ul><li class=\"Default\">L\u2019objectif <em>recherche<\/em> vise \u00e0 tester sur un sol m\u00e9diterran\u00e9en, en laboratoire, une pratique de culture tr\u00e8s favorable au stockage de C en combinant l\u2019augmentation des inputs de C par des exsudats racinaires, leur transformation en exopolysaccharides par les bact\u00e9ries et la stabilisation de ce C par interactions organo-min\u00e9rales. Un tel challenge n\u00e9cessite de prendre en compte les r\u00f4les centraux des microorganismes du sol.<\/li><\/ul><p>\u00a0<\/p><ul><li class=\"Default\">L\u2019objectif <em>formation<\/em> vise \u00e0 proposer un cours en ligne (Massive Open Online Course, MOOC) abordant la complexit\u00e9 interdisciplinaire, tant scientifique que socio-environnementale, des objectifs du &#8220;4 pour 1000&#8221;.<\/li><\/ul><\/div><\/div>\t\t\t\t\t\t\t\t<\/div>\n\t\t\t\t<\/div>\n\t\t\t\t\t<\/div>\n\t\t<\/div>\n\t\t\t\t<div class=\"elementor-column elementor-col-50 elementor-inner-column elementor-element elementor-element-20befcf3\" data-id=\"20befcf3\" data-element_type=\"column\" data-e-type=\"column\">\n\t\t\t<div class=\"elementor-widget-wrap elementor-element-populated\">\n\t\t\t\t\t\t<div class=\"elementor-element elementor-element-4904e00e elementor-widget elementor-widget-text-editor\" data-id=\"4904e00e\" data-element_type=\"widget\" data-e-type=\"widget\" data-widget_type=\"text-editor.default\">\n\t\t\t\t<div class=\"elementor-widget-container\">\n\t\t\t\t\t\t\t\t\t<h2><span style=\"font-weight: normal;\">2021-2024 : RhizoCarbone+<\/span><\/h2><p><em>Stimuler le continuum plantes-microorganismes-min\u00e9raux pour stocker du carbone dans les sols<\/em><\/p><p><strong>Financement:\u00a0<\/strong>Institut ITEM<\/p><p><strong>Responsable CEREGE<\/strong> : <br \/><a href=\"https:\/\/www.cerege.fr\/fr\/author\/isabelle-basile-doelsch\/\" target=\"_blank\" rel=\"noopener\">Isabelle Basile-Doelsch<\/a><\/p><p class=\"Standard\"><strong>Partenaire<\/strong>\u00a0:\u00a0<\/p><ul><li class=\"Standard\">CEA, CNRS, BIAM, LEMIRE, Ecologie Microbienne de la Rhizosph\u00e8re, St-Paul-lez-Durance<\/li><\/ul><p><strong>Collaboration<\/strong>\u00a0:\u00a0<\/p><ul><li>GIEE coop\u00e9rative viticole <em>Les Marquets<\/em><\/li><li>Les vignerons du Plan de la Tour, Var<\/li><li>CP2M, Aix-Marseille Universit\u00e9<\/li><\/ul>\t\t\t\t\t\t\t\t<\/div>\n\t\t\t\t<\/div>\n\t\t\t\t<div class=\"elementor-element elementor-element-1a8bd545 elementor-widget elementor-widget-image\" data-id=\"1a8bd545\" data-element_type=\"widget\" data-e-type=\"widget\" data-widget_type=\"image.default\">\n\t\t\t\t<div class=\"elementor-widget-container\">\n\t\t\t\t\t\t\t\t\t\t\t\t\t\t\t<img fetchpriority=\"high\" decoding=\"async\" width=\"400\" height=\"250\" src=\"https:\/\/www.cerege.fr\/wp-content\/uploads\/2023\/01\/projet-RhizoCarbone-e1673017127633.jpg\" class=\"attachment-large size-large wp-image-13354\" alt=\"\" srcset=\"https:\/\/www.cerege.fr\/wp-content\/uploads\/2023\/01\/projet-RhizoCarbone-e1673017127633.jpg 400w, https:\/\/www.cerege.fr\/wp-content\/uploads\/2023\/01\/projet-RhizoCarbone-e1673017127633-300x188.jpg 300w, https:\/\/www.cerege.fr\/wp-content\/uploads\/2023\/01\/projet-RhizoCarbone-e1673017127633-18x12.jpg 18w\" sizes=\"(max-width: 400px) 100vw, 400px\" \/>\t\t\t\t\t\t\t\t\t\t\t\t\t\t\t<\/div>\n\t\t\t\t<\/div>\n\t\t\t\t<div class=\"elementor-element elementor-element-15dd999 elementor-widget elementor-widget-gallery\" data-id=\"15dd999\" data-element_type=\"widget\" data-e-type=\"widget\" data-settings=\"{&quot;columns&quot;:1,&quot;gallery_layout&quot;:&quot;grid&quot;,&quot;columns_tablet&quot;:2,&quot;columns_mobile&quot;:1,&quot;gap&quot;:{&quot;unit&quot;:&quot;px&quot;,&quot;size&quot;:10,&quot;sizes&quot;:[]},&quot;gap_tablet&quot;:{&quot;unit&quot;:&quot;px&quot;,&quot;size&quot;:10,&quot;sizes&quot;:[]},&quot;gap_mobile&quot;:{&quot;unit&quot;:&quot;px&quot;,&quot;size&quot;:10,&quot;sizes&quot;:[]},&quot;link_to&quot;:&quot;file&quot;,&quot;aspect_ratio&quot;:&quot;3:2&quot;,&quot;overlay_background&quot;:&quot;yes&quot;,&quot;content_hover_animation&quot;:&quot;fade-in&quot;}\" data-widget_type=\"gallery.default\">\n\t\t\t\t<div class=\"elementor-widget-container\">\n\t\t\t\t\t\t\t<div class=\"elementor-gallery__container\">\n\t\t\t\t\t\t\t<a class=\"e-gallery-item elementor-gallery-item elementor-animated-content\" href=\"https:\/\/www.cerege.fr\/wp-content\/uploads\/2023\/01\/projet-RhizoCarbone_2.jpg\" data-elementor-open-lightbox=\"yes\" data-elementor-lightbox-slideshow=\"15dd999\" data-elementor-lightbox-title=\"projet RhizoCarbone_2\" data-e-action-hash=\"#elementor-action%3Aaction%3Dlightbox%26settings%3DeyJpZCI6MTM0MzYsInVybCI6Imh0dHBzOlwvXC93d3cuY2VyZWdlLmZyXC93cC1jb250ZW50XC91cGxvYWRzXC8yMDIzXC8wMVwvcHJvamV0LVJoaXpvQ2FyYm9uZV8yLmpwZyIsInNsaWRlc2hvdyI6IjE1ZGQ5OTkifQ%3D%3D\">\n\t\t\t\t\t<div class=\"e-gallery-image elementor-gallery-item__image\" data-thumbnail=\"https:\/\/www.cerege.fr\/wp-content\/uploads\/2023\/01\/projet-RhizoCarbone_2-300x238.jpg\" data-width=\"300\" data-height=\"238\" aria-label=\"\" role=\"img\" ><\/div>\n\t\t\t\t\t\t\t\t\t\t\t<div class=\"elementor-gallery-item__overlay\"><\/div>\n\t\t\t\t\t\t\t\t\t\t\t\t\t\t<\/a>\n\t\t\t\t\t<\/div>\n\t\t\t\t\t<\/div>\n\t\t\t\t<\/div>\n\t\t\t\t\t<\/div>\n\t\t<\/div>\n\t\t\t\t\t<\/div>\n\t\t<\/section>\n\t\t\t\t<div class=\"elementor-element elementor-element-3f326d90 elementor-widget elementor-widget-spacer\" data-id=\"3f326d90\" data-element_type=\"widget\" data-e-type=\"widget\" data-widget_type=\"spacer.default\">\n\t\t\t\t<div class=\"elementor-widget-container\">\n\t\t\t\t\t\t\t<div class=\"elementor-spacer\">\n\t\t\t<div class=\"elementor-spacer-inner\"><\/div>\n\t\t<\/div>\n\t\t\t\t\t\t<\/div>\n\t\t\t\t<\/div>\n\t\t\t\t<div class=\"elementor-element elementor-element-860bd16 elementor-widget elementor-widget-spacer\" data-id=\"860bd16\" data-element_type=\"widget\" data-e-type=\"widget\" data-widget_type=\"spacer.default\">\n\t\t\t\t<div class=\"elementor-widget-container\">\n\t\t\t\t\t\t\t<div class=\"elementor-spacer\">\n\t\t\t<div class=\"elementor-spacer-inner\"><\/div>\n\t\t<\/div>\n\t\t\t\t\t\t<\/div>\n\t\t\t\t<\/div>\n\t\t\t\t\t<\/div>\n\t\t<\/div>\n\t\t\t\t\t<\/div>\n\t\t<\/section>\n\t\t\t\t<\/div>\n\t\t","protected":false},"excerpt":{"rendered":"<p>Dans le contexte d\u2019att\u00e9nuation du changement climatique et de s\u00e9curit\u00e9 alimentaire mondiale, le stockage de la mati\u00e8re organique (et du carbone associ\u00e9) dans les sols est un enjeu majeur qui [&hellip;]<\/p>\n","protected":false},"author":531,"featured_media":8182,"parent":846,"menu_order":0,"comment_status":"closed","ping_status":"closed","template":"","meta":{"_acf_changed":false,"footnotes":""},"class_list":["post-13370","page","type-page","status-publish","has-post-thumbnail","hentry"],"acf":[],"publishpress_future_action":{"enabled":false,"date":"2026-04-23 01:29:21","action":"change-status","newStatus":"draft","terms":[],"taxonomy":"","extraData":[]},"publishpress_future_workflow_manual_trigger":{"enabledWorkflows":[]},"_links":{"self":[{"href":"https:\/\/www.cerege.fr\/en\/wp-json\/wp\/v2\/pages\/13370","targetHints":{"allow":["GET"]}}],"collection":[{"href":"https:\/\/www.cerege.fr\/en\/wp-json\/wp\/v2\/pages"}],"about":[{"href":"https:\/\/www.cerege.fr\/en\/wp-json\/wp\/v2\/types\/page"}],"author":[{"embeddable":true,"href":"https:\/\/www.cerege.fr\/en\/wp-json\/wp\/v2\/users\/531"}],"replies":[{"embeddable":true,"href":"https:\/\/www.cerege.fr\/en\/wp-json\/wp\/v2\/comments?post=13370"}],"version-history":[{"count":5,"href":"https:\/\/www.cerege.fr\/en\/wp-json\/wp\/v2\/pages\/13370\/revisions"}],"predecessor-version":[{"id":21073,"href":"https:\/\/www.cerege.fr\/en\/wp-json\/wp\/v2\/pages\/13370\/revisions\/21073"}],"up":[{"embeddable":true,"href":"https:\/\/www.cerege.fr\/en\/wp-json\/wp\/v2\/pages\/846"}],"wp:featuredmedia":[{"embeddable":true,"href":"https:\/\/www.cerege.fr\/en\/wp-json\/wp\/v2\/media\/8182"}],"wp:attachment":[{"href":"https:\/\/www.cerege.fr\/en\/wp-json\/wp\/v2\/media?parent=13370"}],"curies":[{"name":"wp","href":"https:\/\/api.w.org\/{rel}","templated":true}]}}