{"id":1359,"date":"2022-07-04T12:03:20","date_gmt":"2022-07-04T10:03:20","guid":{"rendered":"https:\/\/www.cerege.fr\/?page_id=1359"},"modified":"2024-10-23T13:31:18","modified_gmt":"2024-10-23T11:31:18","slug":"news","status":"publish","type":"page","link":"https:\/\/www.cerege.fr\/en\/actualites\/","title":{"rendered":"CEREGE News"},"content":{"rendered":"\t\t<div data-elementor-type=\"wp-page\" data-elementor-id=\"1359\" class=\"elementor elementor-1359\" data-elementor-post-type=\"page\">\n\t\t\t\t\t\t<section class=\"elementor-section elementor-top-section elementor-element elementor-element-57a9fd4b elementor-section-full_width elementor-section-height-min-height elementor-section-height-default elementor-section-items-middle\" data-id=\"57a9fd4b\" data-element_type=\"section\" data-e-type=\"section\" data-settings=\"{&quot;background_background&quot;:&quot;classic&quot;}\">\n\t\t\t\t\t\t<div class=\"elementor-container elementor-column-gap-default\">\n\t\t\t\t\t<div class=\"elementor-column elementor-col-100 elementor-top-column elementor-element elementor-element-1c65ea34\" data-id=\"1c65ea34\" data-element_type=\"column\" data-e-type=\"column\">\n\t\t\t<div class=\"elementor-widget-wrap\">\n\t\t\t\t\t\t\t<\/div>\n\t\t<\/div>\n\t\t\t\t\t<\/div>\n\t\t<\/section>\n\t\t\t\t<section class=\"elementor-section elementor-top-section elementor-element elementor-element-6c139d5d elementor-section-boxed elementor-section-height-default elementor-section-height-default\" data-id=\"6c139d5d\" data-element_type=\"section\" data-e-type=\"section\">\n\t\t\t\t\t\t<div class=\"elementor-container elementor-column-gap-default\">\n\t\t\t\t\t<div class=\"elementor-column elementor-col-100 elementor-top-column elementor-element elementor-element-25a564ad\" data-id=\"25a564ad\" data-element_type=\"column\" data-e-type=\"column\">\n\t\t\t<div class=\"elementor-widget-wrap elementor-element-populated\">\n\t\t\t\t\t\t<div class=\"elementor-element elementor-element-4d1bb280 elementor-widget elementor-widget-shortcode\" data-id=\"4d1bb280\" data-element_type=\"widget\" data-e-type=\"widget\" data-widget_type=\"shortcode.default\">\n\t\t\t\t<div class=\"elementor-widget-container\">\n\t\t\t\t\t\t\t<div class=\"elementor-shortcode\"><nav aria-label=\"breadcrumbs\">\n            <div class=\"breadcrumb-container theme1\">\n                <ol>\n                                    <\/ol>\n            <\/div>\n        <\/nav>    <script type=\"application\/ld+json\">\n        {\n            \"@context\": \"http:\/\/schema.org\",\n            \"@type\": \"BreadcrumbList\",\n            \"itemListElement\": [\n                            ]\n        }\n    <\/script>\n   \n    <script>\n            <\/script>\n<\/div>\n\t\t\t\t\t\t<\/div>\n\t\t\t\t<\/div>\n\t\t\t\t\t<\/div>\n\t\t<\/div>\n\t\t\t\t\t<\/div>\n\t\t<\/section>\n\t\t\t\t<section class=\"elementor-section elementor-top-section elementor-element elementor-element-7f9cdec elementor-section-full_width elementor-section-height-default elementor-section-height-default\" data-id=\"7f9cdec\" data-element_type=\"section\" data-e-type=\"section\">\n\t\t\t\t\t\t<div class=\"elementor-container elementor-column-gap-default\">\n\t\t\t\t\t<div class=\"elementor-column elementor-col-100 elementor-top-column elementor-element elementor-element-2b068eb\" data-id=\"2b068eb\" data-element_type=\"column\" data-e-type=\"column\">\n\t\t\t<div class=\"elementor-widget-wrap elementor-element-populated\">\n\t\t\t\t\t\t<div class=\"elementor-element elementor-element-6acb546 classic-posts elementor-grid-3 elementor-grid-tablet-2 elementor-grid-mobile-1 elementor-posts--thumbnail-top elementor-widget elementor-widget-posts\" data-id=\"6acb546\" data-element_type=\"widget\" data-e-type=\"widget\" data-settings=\"{&quot;classic_row_gap&quot;:{&quot;unit&quot;:&quot;px&quot;,&quot;size&quot;:30,&quot;sizes&quot;:[]},&quot;pagination_type&quot;:&quot;numbers&quot;,&quot;classic_row_gap_tablet&quot;:{&quot;unit&quot;:&quot;px&quot;,&quot;size&quot;:30,&quot;sizes&quot;:[]},&quot;classic_row_gap_mobile&quot;:{&quot;unit&quot;:&quot;px&quot;,&quot;size&quot;:20,&quot;sizes&quot;:[]},&quot;classic_columns&quot;:&quot;3&quot;,&quot;classic_columns_tablet&quot;:&quot;2&quot;,&quot;classic_columns_mobile&quot;:&quot;1&quot;}\" data-widget_type=\"posts.classic\">\n\t\t\t\t<div class=\"elementor-widget-container\">\n\t\t\t\t\t\t\t<div class=\"elementor-posts-container elementor-posts elementor-posts--skin-classic elementor-grid\" role=\"list\">\n\t\t\t\t<article class=\"elementor-post elementor-grid-item post-29256 post type-post status-publish format-standard has-post-thumbnail hentry category-actualite\" role=\"listitem\">\n\t\t\t\t<a class=\"elementor-post__thumbnail__link\" href=\"https:\/\/www.cerege.fr\/en\/highlights-2024-2025\/\" tabindex=\"-1\">\n\t\t\t<div class=\"elementor-post__thumbnail\"><img fetchpriority=\"high\" decoding=\"async\" width=\"613\" height=\"345\" src=\"https:\/\/www.cerege.fr\/wp-content\/uploads\/2026\/04\/Highlights-Banniere.png\" class=\"attachment-medium_large size-medium_large wp-image-29666\" alt=\"\" srcset=\"https:\/\/www.cerege.fr\/wp-content\/uploads\/2026\/04\/Highlights-Banniere.png 613w, https:\/\/www.cerege.fr\/wp-content\/uploads\/2026\/04\/Highlights-Banniere-300x169.png 300w, https:\/\/www.cerege.fr\/wp-content\/uploads\/2026\/04\/Highlights-Banniere-18x10.png 18w\" sizes=\"(max-width: 613px) 100vw, 613px\" \/><\/div>\n\t\t<\/a>\n\t\t\t\t<div class=\"elementor-post__text\">\n\t\t\t\t<h4 class=\"elementor-post__title\">\n\t\t\t<a href=\"https:\/\/www.cerege.fr\/en\/highlights-2024-2025\/\">\n\t\t\t\tD\u00e9couvrez la premi\u00e8re \u00e9dition des Highlights du CEREGE\t\t\t<\/a>\n\t\t<\/h4>\n\t\t\t\t<div class=\"elementor-post__excerpt\">\n\t\t\t<p>Nous avons le plaisir de vous pr\u00e9senter\u00a0la premi\u00e8re \u00e9dition\u00a0des Highlights du CEREGE, mettant en lumi\u00e8re une s\u00e9lection\u00a0d&#8217;actions de recherche et d\u2019enseignement au cours\u00a0des deux derni\u00e8res ann\u00e9es. Nos travaux au CEREGE<\/p>\n\t\t<\/div>\n\t\t\t\t<\/div>\n\t\t\t\t<\/article>\n\t\t\t\t<article class=\"elementor-post elementor-grid-item post-29247 post type-post status-publish format-standard has-post-thumbnail hentry category-actualite\" role=\"listitem\">\n\t\t\t\t<a class=\"elementor-post__thumbnail__link\" href=\"https:\/\/www.cerege.fr\/en\/melanie-auffan-distinguee-par-la-medaille-dargent-du-cnrs-2026\/\" tabindex=\"-1\">\n\t\t\t<div class=\"elementor-post__thumbnail\"><img decoding=\"async\" width=\"768\" height=\"512\" src=\"https:\/\/www.cerege.fr\/wp-content\/uploads\/2026\/04\/image001-768x512.jpg\" class=\"attachment-medium_large size-medium_large wp-image-29248\" alt=\"\" srcset=\"https:\/\/www.cerege.fr\/wp-content\/uploads\/2026\/04\/image001-768x512.jpg 768w, https:\/\/www.cerege.fr\/wp-content\/uploads\/2026\/04\/image001-300x200.jpg 300w, https:\/\/www.cerege.fr\/wp-content\/uploads\/2026\/04\/image001-1024x683.jpg 1024w, https:\/\/www.cerege.fr\/wp-content\/uploads\/2026\/04\/image001-1536x1024.jpg 1536w, https:\/\/www.cerege.fr\/wp-content\/uploads\/2026\/04\/image001-scaled.jpg 2048w, https:\/\/www.cerege.fr\/wp-content\/uploads\/2026\/04\/image001-18x12.jpg 18w, https:\/\/www.cerege.fr\/wp-content\/uploads\/2026\/04\/image001-1320x880.jpg 1320w\" sizes=\"(max-width: 768px) 100vw, 768px\" \/><\/div>\n\t\t<\/a>\n\t\t\t\t<div class=\"elementor-post__text\">\n\t\t\t\t<h4 class=\"elementor-post__title\">\n\t\t\t<a href=\"https:\/\/www.cerege.fr\/en\/melanie-auffan-distinguee-par-la-medaille-dargent-du-cnrs-2026\/\">\n\t\t\t\tM\u00e9lanie Auffan distingu\u00e9e par la m\u00e9daille d\u2019argent du CNRS 2026\t\t\t<\/a>\n\t\t<\/h4>\n\t\t\t\t<div class=\"elementor-post__excerpt\">\n\t\t\t<p>M\u00e9lanie Auffan, directrice de recherche au CEREGE et directrice adjointe du laboratoire, a re\u00e7u la m\u00e9daille d\u2019argent du CNRS en 2026, en reconnaissance de l\u2019excellence et de l\u2019impact de ses<\/p>\n\t\t<\/div>\n\t\t\t\t<\/div>\n\t\t\t\t<\/article>\n\t\t\t\t<article class=\"elementor-post elementor-grid-item post-29160 post type-post status-publish format-standard has-post-thumbnail hentry category-actualite\" role=\"listitem\">\n\t\t\t\t<a class=\"elementor-post__thumbnail__link\" href=\"https:\/\/www.cerege.fr\/en\/le-printemps-des-sciences-2026-une-immersion-au-coeur-des-geosciences\/\" tabindex=\"-1\">\n\t\t\t<div class=\"elementor-post__thumbnail\"><img decoding=\"async\" width=\"768\" height=\"512\" src=\"https:\/\/www.cerege.fr\/wp-content\/uploads\/2026\/04\/DSC04996_\u00a9Elea_Ropiot-768x512.jpg\" class=\"attachment-medium_large size-medium_large wp-image-29161\" alt=\"\" srcset=\"https:\/\/www.cerege.fr\/wp-content\/uploads\/2026\/04\/DSC04996_\u00a9Elea_Ropiot-768x512.jpg 768w, https:\/\/www.cerege.fr\/wp-content\/uploads\/2026\/04\/DSC04996_\u00a9Elea_Ropiot-300x200.jpg 300w, https:\/\/www.cerege.fr\/wp-content\/uploads\/2026\/04\/DSC04996_\u00a9Elea_Ropiot-1024x683.jpg 1024w, https:\/\/www.cerege.fr\/wp-content\/uploads\/2026\/04\/DSC04996_\u00a9Elea_Ropiot-1536x1024.jpg 1536w, https:\/\/www.cerege.fr\/wp-content\/uploads\/2026\/04\/DSC04996_\u00a9Elea_Ropiot-scaled.jpg 2048w, https:\/\/www.cerege.fr\/wp-content\/uploads\/2026\/04\/DSC04996_\u00a9Elea_Ropiot-18x12.jpg 18w, https:\/\/www.cerege.fr\/wp-content\/uploads\/2026\/04\/DSC04996_\u00a9Elea_Ropiot-1320x880.jpg 1320w\" sizes=\"(max-width: 768px) 100vw, 768px\" \/><\/div>\n\t\t<\/a>\n\t\t\t\t<div class=\"elementor-post__text\">\n\t\t\t\t<h4 class=\"elementor-post__title\">\n\t\t\t<a href=\"https:\/\/www.cerege.fr\/en\/le-printemps-des-sciences-2026-une-immersion-au-coeur-des-geosciences\/\">\n\t\t\t\tLa science en immersion pour 180 \u00e9l\u00e8ves au CEREGE\t\t\t<\/a>\n\t\t<\/h4>\n\t\t\t\t<div class=\"elementor-post__excerpt\">\n\t\t\t<p>Le jeudi 2 avril 2026, le CEREGE a ouvert ses portes \u00e0 l\u2019occasion du Printemps des Sciences, un \u00e9v\u00e9nement qui vise \u00e0 rapprocher les sciences de l\u2019environnement des jeunes g\u00e9n\u00e9rations<\/p>\n\t\t<\/div>\n\t\t\t\t<\/div>\n\t\t\t\t<\/article>\n\t\t\t\t<article class=\"elementor-post elementor-grid-item post-28947 post type-post status-publish format-standard has-post-thumbnail hentry category-actualite\" role=\"listitem\">\n\t\t\t\t<a class=\"elementor-post__thumbnail__link\" href=\"https:\/\/www.cerege.fr\/en\/quand-le-terrain-devient-outil-pedagogique\/\" tabindex=\"-1\">\n\t\t\t<div class=\"elementor-post__thumbnail\"><img loading=\"lazy\" decoding=\"async\" width=\"768\" height=\"432\" src=\"https:\/\/www.cerege.fr\/wp-content\/uploads\/2026\/02\/Unknown-1-768x432.jpeg\" class=\"attachment-medium_large size-medium_large wp-image-28950\" alt=\"\" srcset=\"https:\/\/www.cerege.fr\/wp-content\/uploads\/2026\/02\/Unknown-1-768x432.jpeg 768w, https:\/\/www.cerege.fr\/wp-content\/uploads\/2026\/02\/Unknown-1-300x169.jpeg 300w, https:\/\/www.cerege.fr\/wp-content\/uploads\/2026\/02\/Unknown-1-1024x576.jpeg 1024w, https:\/\/www.cerege.fr\/wp-content\/uploads\/2026\/02\/Unknown-1-1536x864.jpeg 1536w, https:\/\/www.cerege.fr\/wp-content\/uploads\/2026\/02\/Unknown-1-18x10.jpeg 18w, https:\/\/www.cerege.fr\/wp-content\/uploads\/2026\/02\/Unknown-1-1320x743.jpeg 1320w, https:\/\/www.cerege.fr\/wp-content\/uploads\/2026\/02\/Unknown-1.jpeg 1920w\" sizes=\"(max-width: 768px) 100vw, 768px\" \/><\/div>\n\t\t<\/a>\n\t\t\t\t<div class=\"elementor-post__text\">\n\t\t\t\t<h4 class=\"elementor-post__title\">\n\t\t\t<a href=\"https:\/\/www.cerege.fr\/en\/quand-le-terrain-devient-outil-pedagogique\/\">\n\t\t\t\tQuand le terrain devient outil p\u00e9dagogique\t\t\t<\/a>\n\t\t<\/h4>\n\t\t\t\t<div class=\"elementor-post__excerpt\">\n\t\t\t<p>Une vid\u00e9o produite par Aix-Marseille Universit\u00e9 plonge au c\u0153ur d\u2019une journ\u00e9e de terrain pas comme les autres, d\u00e9di\u00e9e \u00e0 l\u2019hydrog\u00e9ologie karstique et \u00e0 l\u2019enseignement des SVT. Des \u00e9tudiants de Master<\/p>\n\t\t<\/div>\n\t\t\t\t<\/div>\n\t\t\t\t<\/article>\n\t\t\t\t<article class=\"elementor-post elementor-grid-item post-28928 post type-post status-publish format-standard has-post-thumbnail hentry category-actualite\" role=\"listitem\">\n\t\t\t\t<a class=\"elementor-post__thumbnail__link\" href=\"https:\/\/www.cerege.fr\/en\/retour-sur-le-seminaire-hors-les-murs-2026-du-cerege\/\" tabindex=\"-1\">\n\t\t\t<div class=\"elementor-post__thumbnail\"><img loading=\"lazy\" decoding=\"async\" width=\"768\" height=\"512\" src=\"https:\/\/www.cerege.fr\/wp-content\/uploads\/2026\/02\/IMG_7841-768x512.jpg\" class=\"attachment-medium_large size-medium_large wp-image-28929\" alt=\"\" srcset=\"https:\/\/www.cerege.fr\/wp-content\/uploads\/2026\/02\/IMG_7841-768x512.jpg 768w, https:\/\/www.cerege.fr\/wp-content\/uploads\/2026\/02\/IMG_7841-300x200.jpg 300w, https:\/\/www.cerege.fr\/wp-content\/uploads\/2026\/02\/IMG_7841-1024x683.jpg 1024w, https:\/\/www.cerege.fr\/wp-content\/uploads\/2026\/02\/IMG_7841-1536x1024.jpg 1536w, https:\/\/www.cerege.fr\/wp-content\/uploads\/2026\/02\/IMG_7841-scaled.jpg 2048w, https:\/\/www.cerege.fr\/wp-content\/uploads\/2026\/02\/IMG_7841-18x12.jpg 18w, https:\/\/www.cerege.fr\/wp-content\/uploads\/2026\/02\/IMG_7841-1320x880.jpg 1320w\" sizes=\"(max-width: 768px) 100vw, 768px\" \/><\/div>\n\t\t<\/a>\n\t\t\t\t<div class=\"elementor-post__text\">\n\t\t\t\t<h4 class=\"elementor-post__title\">\n\t\t\t<a href=\"https:\/\/www.cerege.fr\/en\/retour-sur-le-seminaire-hors-les-murs-2026-du-cerege\/\">\n\t\t\t\tRetour sur le s\u00e9minaire Hors Les Murs 2026\t\t\t<\/a>\n\t\t<\/h4>\n\t\t\t\t<div class=\"elementor-post__excerpt\">\n\t\t\t<p>Du 21 au 23 janvier 2026, nous \u00e9tions plus de 130 au Lavandou dans le Var pour notre s\u00e9minaire d\u00e9di\u00e9 \u00e0 plusieurs aspects en lien avec notre organisation et notre<\/p>\n\t\t<\/div>\n\t\t\t\t<\/div>\n\t\t\t\t<\/article>\n\t\t\t\t<article class=\"elementor-post elementor-grid-item post-28867 post type-post status-publish format-standard has-post-thumbnail hentry category-actualite\" role=\"listitem\">\n\t\t\t\t<a class=\"elementor-post__thumbnail__link\" href=\"https:\/\/www.cerege.fr\/en\/nicolas-roche-elu-a-lacademie-des-technologies\/\" tabindex=\"-1\">\n\t\t\t<div class=\"elementor-post__thumbnail\"><img loading=\"lazy\" decoding=\"async\" width=\"768\" height=\"575\" src=\"https:\/\/www.cerege.fr\/wp-content\/uploads\/2026\/01\/Nicolas-Roche-2-768x575.jpg\" class=\"attachment-medium_large size-medium_large wp-image-28872\" alt=\"\" srcset=\"https:\/\/www.cerege.fr\/wp-content\/uploads\/2026\/01\/Nicolas-Roche-2-768x575.jpg 768w, https:\/\/www.cerege.fr\/wp-content\/uploads\/2026\/01\/Nicolas-Roche-2-300x225.jpg 300w, https:\/\/www.cerege.fr\/wp-content\/uploads\/2026\/01\/Nicolas-Roche-2-1024x767.jpg 1024w, https:\/\/www.cerege.fr\/wp-content\/uploads\/2026\/01\/Nicolas-Roche-2-1536x1151.jpg 1536w, https:\/\/www.cerege.fr\/wp-content\/uploads\/2026\/01\/Nicolas-Roche-2-16x12.jpg 16w, https:\/\/www.cerege.fr\/wp-content\/uploads\/2026\/01\/Nicolas-Roche-2-1320x989.jpg 1320w, https:\/\/www.cerege.fr\/wp-content\/uploads\/2026\/01\/Nicolas-Roche-2.jpg 1631w\" sizes=\"(max-width: 768px) 100vw, 768px\" \/><\/div>\n\t\t<\/a>\n\t\t\t\t<div class=\"elementor-post__text\">\n\t\t\t\t<h4 class=\"elementor-post__title\">\n\t\t\t<a href=\"https:\/\/www.cerege.fr\/en\/nicolas-roche-elu-a-lacademie-des-technologies\/\">\n\t\t\t\tNicolas Roche \u00e9lu \u00e0 l\u2019Acad\u00e9mie des technologies\t\t\t<\/a>\n\t\t<\/h4>\n\t\t\t\t<div class=\"elementor-post__excerpt\">\n\t\t\t<p>Nicolas Roche a \u00e9t\u00e9 \u00e9lu en 2025 \u00e0 l\u2019Acad\u00e9mie des technologies, en reconnaissance de plus de 35 ans d\u2019engagement dans la recherche sur l\u2019eau et en g\u00e9nie des proc\u00e9d\u00e9s. Professeur<\/p>\n\t\t<\/div>\n\t\t\t\t<\/div>\n\t\t\t\t<\/article>\n\t\t\t\t<article class=\"elementor-post elementor-grid-item post-28584 post type-post status-publish format-standard has-post-thumbnail hentry category-actualite\" role=\"listitem\">\n\t\t\t\t<a class=\"elementor-post__thumbnail__link\" href=\"https:\/\/www.cerege.fr\/en\/terres-rares-comment-reduire-la-dependance-de-la-france-a-ces-metaux-strategiques\/\" tabindex=\"-1\">\n\t\t\t<div class=\"elementor-post__thumbnail\"><img loading=\"lazy\" decoding=\"async\" width=\"768\" height=\"512\" src=\"https:\/\/www.cerege.fr\/wp-content\/uploads\/2025\/11\/vlad-MUJibJ2HjrA-unsplash-768x512.jpg\" class=\"attachment-medium_large size-medium_large wp-image-28588\" alt=\"\" srcset=\"https:\/\/www.cerege.fr\/wp-content\/uploads\/2025\/11\/vlad-MUJibJ2HjrA-unsplash-768x512.jpg 768w, https:\/\/www.cerege.fr\/wp-content\/uploads\/2025\/11\/vlad-MUJibJ2HjrA-unsplash-300x200.jpg 300w, https:\/\/www.cerege.fr\/wp-content\/uploads\/2025\/11\/vlad-MUJibJ2HjrA-unsplash-1024x683.jpg 1024w, https:\/\/www.cerege.fr\/wp-content\/uploads\/2025\/11\/vlad-MUJibJ2HjrA-unsplash-1536x1024.jpg 1536w, https:\/\/www.cerege.fr\/wp-content\/uploads\/2025\/11\/vlad-MUJibJ2HjrA-unsplash-scaled.jpg 2048w, https:\/\/www.cerege.fr\/wp-content\/uploads\/2025\/11\/vlad-MUJibJ2HjrA-unsplash-18x12.jpg 18w, https:\/\/www.cerege.fr\/wp-content\/uploads\/2025\/11\/vlad-MUJibJ2HjrA-unsplash-1320x880.jpg 1320w\" sizes=\"(max-width: 768px) 100vw, 768px\" \/><\/div>\n\t\t<\/a>\n\t\t\t\t<div class=\"elementor-post__text\">\n\t\t\t\t<h4 class=\"elementor-post__title\">\n\t\t\t<a href=\"https:\/\/www.cerege.fr\/en\/terres-rares-comment-reduire-la-dependance-de-la-france-a-ces-metaux-strategiques\/\">\n\t\t\t\tTerres rares : comment r\u00e9duire la d\u00e9pendance de la France \u00e0 ces m\u00e9taux strat\u00e9giques ?\t\t\t<\/a>\n\t\t<\/h4>\n\t\t\t\t<div class=\"elementor-post__excerpt\">\n\t\t\t<p>Le 14 novembre 2025, le CNRS a publi\u00e9 une expertise collective sur les terres rares. Cl\u00e9ment Levard, directeur de recherche au CEREGE, explique pourquoi ces m\u00e9taux essentiels \u00e0 la transition<\/p>\n\t\t<\/div>\n\t\t\t\t<\/div>\n\t\t\t\t<\/article>\n\t\t\t\t<article class=\"elementor-post elementor-grid-item post-28565 post type-post status-publish format-standard has-post-thumbnail hentry category-actualite\" role=\"listitem\">\n\t\t\t\t<a class=\"elementor-post__thumbnail__link\" href=\"https:\/\/www.cerege.fr\/en\/comprendre-le-role-de-locean-dans-la-capture-du-co%e2%82%82\/\" tabindex=\"-1\">\n\t\t\t<div class=\"elementor-post__thumbnail\"><img loading=\"lazy\" decoding=\"async\" width=\"768\" height=\"436\" src=\"https:\/\/www.cerege.fr\/wp-content\/uploads\/2025\/11\/EMB_FSB13_Monitoring_Reporting_Verification_Web_Page_01-3-768x436.jpg\" class=\"attachment-medium_large size-medium_large wp-image-28575\" alt=\"\" srcset=\"https:\/\/www.cerege.fr\/wp-content\/uploads\/2025\/11\/EMB_FSB13_Monitoring_Reporting_Verification_Web_Page_01-3-768x436.jpg 768w, https:\/\/www.cerege.fr\/wp-content\/uploads\/2025\/11\/EMB_FSB13_Monitoring_Reporting_Verification_Web_Page_01-3-300x170.jpg 300w, https:\/\/www.cerege.fr\/wp-content\/uploads\/2025\/11\/EMB_FSB13_Monitoring_Reporting_Verification_Web_Page_01-3-1024x581.jpg 1024w, https:\/\/www.cerege.fr\/wp-content\/uploads\/2025\/11\/EMB_FSB13_Monitoring_Reporting_Verification_Web_Page_01-3-18x10.jpg 18w, https:\/\/www.cerege.fr\/wp-content\/uploads\/2025\/11\/EMB_FSB13_Monitoring_Reporting_Verification_Web_Page_01-3.jpg 1241w\" sizes=\"(max-width: 768px) 100vw, 768px\" \/><\/div>\n\t\t<\/a>\n\t\t\t\t<div class=\"elementor-post__text\">\n\t\t\t\t<h4 class=\"elementor-post__title\">\n\t\t\t<a href=\"https:\/\/www.cerege.fr\/en\/comprendre-le-role-de-locean-dans-la-capture-du-co%e2%82%82\/\">\n\t\t\t\tComprendre le r\u00f4le de l\u2019oc\u00e9an dans la capture du CO\u2082\t\t\t<\/a>\n\t\t<\/h4>\n\t\t\t\t<div class=\"elementor-post__excerpt\">\n\t\t\t<p>Alors que le changement climatique s\u2019intensifie, l\u2019European Marine Board (EMB) a publi\u00e9 ce mois-ci la Future Science Brief n\u00b013 pour \u00e9valuer les activit\u00e9s de capture du CO\u2082 marin (en anglais,<\/p>\n\t\t<\/div>\n\t\t\t\t<\/div>\n\t\t\t\t<\/article>\n\t\t\t\t<article class=\"elementor-post elementor-grid-item post-28530 post type-post status-publish format-standard has-post-thumbnail hentry category-actualite\" role=\"listitem\">\n\t\t\t\t<a class=\"elementor-post__thumbnail__link\" href=\"https:\/\/www.cerege.fr\/en\/julie-meilland-recoit-lalan-higgins-award-pour-ses-travaux-sur-les-foraminiferes-planctoniques\/\" tabindex=\"-1\">\n\t\t\t<div class=\"elementor-post__thumbnail\"><img loading=\"lazy\" decoding=\"async\" width=\"768\" height=\"512\" src=\"https:\/\/www.cerege.fr\/wp-content\/uploads\/2025\/11\/DSC00510-768x512.jpg\" class=\"attachment-medium_large size-medium_large wp-image-28531\" alt=\"\" srcset=\"https:\/\/www.cerege.fr\/wp-content\/uploads\/2025\/11\/DSC00510-768x512.jpg 768w, https:\/\/www.cerege.fr\/wp-content\/uploads\/2025\/11\/DSC00510-300x200.jpg 300w, https:\/\/www.cerege.fr\/wp-content\/uploads\/2025\/11\/DSC00510-1024x683.jpg 1024w, https:\/\/www.cerege.fr\/wp-content\/uploads\/2025\/11\/DSC00510-1536x1024.jpg 1536w, https:\/\/www.cerege.fr\/wp-content\/uploads\/2025\/11\/DSC00510-scaled.jpg 2048w, https:\/\/www.cerege.fr\/wp-content\/uploads\/2025\/11\/DSC00510-18x12.jpg 18w, https:\/\/www.cerege.fr\/wp-content\/uploads\/2025\/11\/DSC00510-1320x880.jpg 1320w\" sizes=\"(max-width: 768px) 100vw, 768px\" \/><\/div>\n\t\t<\/a>\n\t\t\t\t<div class=\"elementor-post__text\">\n\t\t\t\t<h4 class=\"elementor-post__title\">\n\t\t\t<a href=\"https:\/\/www.cerege.fr\/en\/julie-meilland-recoit-lalan-higgins-award-pour-ses-travaux-sur-les-foraminiferes-planctoniques\/\">\n\t\t\t\tJulie Meilland re\u00e7oit l\u2019Alan Higgins Award pour ses travaux sur les foraminif\u00e8res planctoniques\t\t\t<\/a>\n\t\t<\/h4>\n\t\t\t\t<div class=\"elementor-post__excerpt\">\n\t\t\t<p>Julie Meilland, chercheuse sp\u00e9cialis\u00e9e dans l\u2019\u00e9cologie des foraminif\u00e8res planctoniques, s\u2019est vue d\u00e9cerner en novembre 2025 l\u2019Alan Higgins Award, qui distingue chaque ann\u00e9e un\u00b7e jeune scientifique pour ses contributions en micropal\u00e9ontologie<\/p>\n\t\t<\/div>\n\t\t\t\t<\/div>\n\t\t\t\t<\/article>\n\t\t\t\t<\/div>\n\t\t\n\t\t\t\t<div class=\"e-load-more-anchor\" data-page=\"1\" data-max-page=\"4\" data-next-page=\"https:\/\/www.cerege.fr\/en\/wp-json\/wp\/v2\/pages\/1359\/page\/2\/\"><\/div>\n\t\t\t\t<nav class=\"elementor-pagination\" aria-label=\"Pagination\">\n\t\t\t<span aria-current=\"page\" class=\"page-numbers current\"><span class=\"elementor-screen-only\">Page<\/span>1<\/span>\n<a class=\"page-numbers\" href=\"https:\/\/www.cerege.fr\/en\/wp-json\/wp\/v2\/pages\/1359\/page\/2\/\"><span class=\"elementor-screen-only\">Page<\/span>2<\/a>\n<a class=\"page-numbers\" href=\"https:\/\/www.cerege.fr\/en\/wp-json\/wp\/v2\/pages\/1359\/page\/3\/\"><span class=\"elementor-screen-only\">Page<\/span>3<\/a>\n<a class=\"page-numbers\" href=\"https:\/\/www.cerege.fr\/en\/wp-json\/wp\/v2\/pages\/1359\/page\/4\/\"><span class=\"elementor-screen-only\">Page<\/span>4<\/a>\t\t<\/nav>\n\t\t\t\t\t\t<\/div>\n\t\t\t\t<\/div>\n\t\t\t\t<div class=\"elementor-element elementor-element-ebf2bbd elementor-widget-divider--view-line elementor-widget elementor-widget-divider\" data-id=\"ebf2bbd\" data-element_type=\"widget\" data-e-type=\"widget\" data-widget_type=\"divider.default\">\n\t\t\t\t<div class=\"elementor-widget-container\">\n\t\t\t\t\t\t\t<div class=\"elementor-divider\">\n\t\t\t<span class=\"elementor-divider-separator\">\n\t\t\t\t\t\t<\/span>\n\t\t<\/div>\n\t\t\t\t\t\t<\/div>\n\t\t\t\t<\/div>\n\t\t\t\t<div class=\"elementor-element elementor-element-6c439ef elementor-widget elementor-widget-button\" data-id=\"6c439ef\" data-element_type=\"widget\" data-e-type=\"widget\" data-widget_type=\"button.default\">\n\t\t\t\t<div class=\"elementor-widget-container\">\n\t\t\t\t\t\t\t\t\t<div class=\"elementor-button-wrapper\">\n\t\t\t\t\t<a class=\"elementor-button elementor-button-link elementor-size-sm\" href=\"https:\/\/www.cerege.fr\/fr\/archives\">\n\t\t\t\t\t\t<span class=\"elementor-button-content-wrapper\">\n\t\t\t\t\t\t\t\t\t<span class=\"elementor-button-text\">Toutes les actualit\u00e9s<\/span>\n\t\t\t\t\t<\/span>\n\t\t\t\t\t<\/a>\n\t\t\t\t<\/div>\n\t\t\t\t\t\t\t\t<\/div>\n\t\t\t\t<\/div>\n\t\t\t\t\t<\/div>\n\t\t<\/div>\n\t\t\t\t\t<\/div>\n\t\t<\/section>\n\t\t\t\t<\/div>\n\t\t","protected":false},"excerpt":{"rendered":"<p>All the news<\/p>","protected":false},"author":1,"featured_media":14764,"parent":0,"menu_order":0,"comment_status":"closed","ping_status":"closed","template":"","meta":{"_acf_changed":false,"footnotes":""},"class_list":["post-1359","page","type-page","status-publish","has-post-thumbnail","hentry"],"acf":[],"publishpress_future_action":{"enabled":false,"date":"2026-05-16 10:34:10","action":"change-status","newStatus":"draft","terms":[],"taxonomy":"","extraData":[]},"publishpress_future_workflow_manual_trigger":{"enabledWorkflows":[]},"_links":{"self":[{"href":"https:\/\/www.cerege.fr\/en\/wp-json\/wp\/v2\/pages\/1359","targetHints":{"allow":["GET"]}}],"collection":[{"href":"https:\/\/www.cerege.fr\/en\/wp-json\/wp\/v2\/pages"}],"about":[{"href":"https:\/\/www.cerege.fr\/en\/wp-json\/wp\/v2\/types\/page"}],"author":[{"embeddable":true,"href":"https:\/\/www.cerege.fr\/en\/wp-json\/wp\/v2\/users\/1"}],"replies":[{"embeddable":true,"href":"https:\/\/www.cerege.fr\/en\/wp-json\/wp\/v2\/comments?post=1359"}],"version-history":[{"count":6,"href":"https:\/\/www.cerege.fr\/en\/wp-json\/wp\/v2\/pages\/1359\/revisions"}],"predecessor-version":[{"id":26703,"href":"https:\/\/www.cerege.fr\/en\/wp-json\/wp\/v2\/pages\/1359\/revisions\/26703"}],"wp:featuredmedia":[{"embeddable":true,"href":"https:\/\/www.cerege.fr\/en\/wp-json\/wp\/v2\/media\/14764"}],"wp:attachment":[{"href":"https:\/\/www.cerege.fr\/en\/wp-json\/wp\/v2\/media?parent=1359"}],"curies":[{"name":"wp","href":"https:\/\/api.w.org\/{rel}","templated":true}]}}