{"id":14,"date":"2022-06-01T11:36:54","date_gmt":"2022-06-01T09:36:54","guid":{"rendered":"https:\/\/www.cerege.fr\/?page_id=14"},"modified":"2023-06-27T11:27:58","modified_gmt":"2023-06-27T09:27:58","slug":"legal-notices","status":"publish","type":"page","link":"https:\/\/www.cerege.fr\/en\/mentions-legales\/","title":{"rendered":"Legal information"},"content":{"rendered":"\t\t<div data-elementor-type=\"wp-page\" data-elementor-id=\"14\" class=\"elementor elementor-14\" data-elementor-post-type=\"page\">\n\t\t\t\t\t\t<section class=\"elementor-section elementor-top-section elementor-element elementor-element-cbfe581 elementor-section-full_width elementor-section-height-min-height elementor-section-height-default elementor-section-items-middle\" data-id=\"cbfe581\" data-element_type=\"section\" data-e-type=\"section\" id=\"section_base_content\" data-settings=\"{&quot;background_background&quot;:&quot;classic&quot;}\">\n\t\t\t\t\t\t<div class=\"elementor-container elementor-column-gap-default\">\n\t\t\t\t\t<div class=\"elementor-column elementor-col-100 elementor-top-column elementor-element elementor-element-ad4e6d1\" data-id=\"ad4e6d1\" data-element_type=\"column\" data-e-type=\"column\">\n\t\t\t<div class=\"elementor-widget-wrap\">\n\t\t\t\t\t\t\t<\/div>\n\t\t<\/div>\n\t\t\t\t\t<\/div>\n\t\t<\/section>\n\t\t\t\t<section class=\"elementor-section elementor-top-section elementor-element elementor-element-b7aa8c1 elementor-section-boxed elementor-section-height-default elementor-section-height-default\" data-id=\"b7aa8c1\" data-element_type=\"section\" data-e-type=\"section\">\n\t\t\t\t\t\t<div class=\"elementor-container elementor-column-gap-default\">\n\t\t\t\t\t<div class=\"elementor-column elementor-col-100 elementor-top-column elementor-element elementor-element-737fa78\" data-id=\"737fa78\" data-element_type=\"column\" data-e-type=\"column\">\n\t\t\t<div class=\"elementor-widget-wrap elementor-element-populated\">\n\t\t\t\t\t\t<div class=\"elementor-element elementor-element-46f68b2 elementor-widget elementor-widget-shortcode\" data-id=\"46f68b2\" data-element_type=\"widget\" data-e-type=\"widget\" data-widget_type=\"shortcode.default\">\n\t\t\t\t<div class=\"elementor-widget-container\">\n\t\t\t\t\t\t\t<div class=\"elementor-shortcode\"><nav aria-label=\"breadcrumbs\">\n            <div class=\"breadcrumb-container theme1\">\n                <ol>\n                                    <\/ol>\n            <\/div>\n        <\/nav>    <script type=\"application\/ld+json\">\n        {\n            \"@context\": \"http:\/\/schema.org\",\n            \"@type\": \"BreadcrumbList\",\n            \"itemListElement\": [\n                            ]\n        }\n    <\/script>\n   \n    <script>\n            <\/script>\n<\/div>\n\t\t\t\t\t\t<\/div>\n\t\t\t\t<\/div>\n\t\t\t\t<div class=\"elementor-element elementor-element-8316488 elementor-widget elementor-widget-text-editor\" data-id=\"8316488\" data-element_type=\"widget\" data-e-type=\"widget\" data-widget_type=\"text-editor.default\">\n\t\t\t\t<div class=\"elementor-widget-container\">\n\t\t\t\t\t\t\t\t\t<h2>Conditions g\u00e9n\u00e9rales d&#8217;utilisation du site<\/h2><div><p>Les conditions g\u00e9n\u00e9rales suivantes s\u2019appliquent \u00e0 tous les utilisateurs du site www.cerege.fr.<\/p><\/div><div>Les pr\u00e9sentes Conditions G\u00e9n\u00e9rales ont pour objet de d\u00e9finir les conditions d\u2019utilisation du site www.cerege.fr.<\/div><div><p>Tout acc\u00e8s et\/ou utilisation du site www.cerege.fr suppose l\u2019acceptation et le respect de l\u2019ensemble des termes des pr\u00e9sentes conditions. Elles constituent donc un contrat entre le CEREGE et l\u2019utilisateur.<br \/>Dans le cas o\u00f9 l\u2019utilisateur ne souhaite pas accepter tout ou partie des pr\u00e9sentes conditions g\u00e9n\u00e9rales, il lui est demand\u00e9 de quitter le site www.cerege.fr.<\/p><h2>Mentions l\u00e9gales<\/h2><\/div><p><strong>CEREGE, Centre Europ\u00e9en de Recherche et d\u2019Enseignement des G\u00e9osciences de l\u2019Environnement<\/strong><\/p><p>Technopole Environnement Arbois-M\u00e9diterran\u00e9e<br \/>Avenue Louis PHILIBERT<br \/>BP 80 13545 Aix-en-Provence, cedex 04 \u2013 France<br \/>T\u00e9l\u00e9phone : +33 4 42 97 15 00<br \/>T\u00e9l\u00e9copie : +33 4 42 97 15 05<\/p><p><strong>Directeur de la publication<\/strong>\u00a0: Olivier Bellier<br \/><strong>Directeur de la r\u00e9daction\u00a0<\/strong>: Olivier Bellier<\/p><h2>H\u00e9bergeur<\/h2><p>Le site www.cerege.fr est <strong>h\u00e9berg\u00e9 par l\u2019OSU Pyth\u00e9as<\/strong> d&#8217;Aix Marseille Universit\u00e9.<br \/>38 rue Fr\u00e9d\u00e9ric Joliot-Curie, technop\u00f4le de Ch\u00e2teau-Gombert, 13388 Marseille<br \/>T\u00e9l\u00e9phone: +33 <span class=\"ezstring-field\">4 95 04 41 56<\/span><\/p><section><div><section><div><div><div><div><div><h2>Politique de confidentialit\u00e9<\/h2><p>Le CEREGE s\u2019engage \u00e0 respecter la confidentialit\u00e9 des donn\u00e9es personnelles susceptibles d\u2019\u00eatre communiqu\u00e9es par l\u2019utilisateur sur le site <a href=\"https:\/\/www.cerege.fr\/\">https:\/\/www.cerege.fr\/<\/a>\u00a0et \u00e0 les traiter dans le respect du r\u00e8glement UE 2016\/679 du parlement Europ\u00e9en et du Conseil du 27 avril 2016 relatif \u00e0 la protection des personnes physiques \u00e0 l\u2019\u00e9gard du traitement des donn\u00e9es \u00e0 caract\u00e8re personnel et \u00e0 la libre circulation de ces donn\u00e9es (RGPD).<\/p><p>Lors de vos visites sur notre site, nous pouvons vous demander des informations par le biais de notre formulaire de contact et de demande de stage. Ces informations recueillies ont pour but d\u2019identifier le demandeur, d\u2019enregistrer sa demande pour pouvoir faire un suivi.<\/p><p>Elles sont exclusivement destin\u00e9es au CEREGE \u00e0 des fins de traitement, d\u2019analyses ou de communications institutionnelles.<\/p><p>Conform\u00e9ment au RGPD, sur simple justification de votre identit\u00e9, vous b\u00e9n\u00e9ficiez d\u2019un droit d\u2019acc\u00e8s, de rectification, de portabilit\u00e9, d\u2019effacement ou une limitation du traitement. Pour cela, vous devez nous adresser un courrier \u00e0 l\u2019adresse suivante : <a href=\"mailto:contact@cerege.fr\">contact@cerege.fr<\/a><\/p><p>La dur\u00e9e de conservation des donn\u00e9es est de 13 mois.<\/p><div class=\"entry-content\"><p>Ce site web n\u2019utilise pas de <em>cookies<\/em> (\u00e0 moins que vous soyez un personnel du laboratoire et que vous vous connectiez pour modifier des pages).<\/p><p>Pour avoir une id\u00e9e de la fr\u00e9quentation de notre site, nous utilisons une installation locale de Matomo h\u00e9berg\u00e9e par l\u2019OSU Pyth\u00e9as. Si vous ne voulez pas participer \u00e0 ces statistiques, vous pouvez\u00a0 demander \u00e0 en \u00eatre exclue ou exclu en d\u00e9cochant la case ci-dessous.<\/p><\/div><\/div><\/div><\/div><\/div><\/div><\/section><\/div><\/section>\t\t\t\t\t\t\t\t<\/div>\n\t\t\t\t<\/div>\n\t\t\t\t<div class=\"elementor-element elementor-element-2233984 elementor-widget elementor-widget-shortcode\" data-id=\"2233984\" data-element_type=\"widget\" data-e-type=\"widget\" data-widget_type=\"shortcode.default\">\n\t\t\t\t<div class=\"elementor-widget-container\">\n\t\t\t\t\t\t\t<div class=\"elementor-shortcode\"><p id=\"matomo_opted_out_intro\" style=\"display:none;\">Opt-out complete; your visits to this website will not be recorded by the Web Analytics tool. Note that if you clear your cookies, delete the opt-out cookie, or if you change computers or Web browsers, you will need to perform the opt-out procedure again.<\/p><p id=\"matomo_opted_in_intro\" >You may choose to prevent this website from aggregating and analyzing the actions you take here. Doing so will protect your privacy, but will also prevent the owner from learning from your actions and creating a better experience for you and other users.<\/p><form>\n        <input type=\"checkbox\" id=\"matomo_optout_checkbox\" checked=\"checked\"\/>\n        <label for=\"matomo_optout_checkbox\"><strong>\n        <span id=\"matomo_opted_in_label\" >You are not opted out. Uncheck this box to opt-out.<\/span>\n\t\t<span id=\"matomo_opted_out_label\" style=\"display:none;\">You are currently opted out. Check this box to opt-in.<\/span>\n        <\/strong><\/label><\/form><noscript><p><strong style=\"color: #ff0000;\">This opt out feature requires JavaScript.<\/strong><\/p><\/noscript><p id=\"matomo_outout_err_cookies\" style=\"display: none;\"><strong>The tracking opt-out feature requires cookies to be enabled.<\/strong><\/p><\/div>\n\t\t\t\t\t\t<\/div>\n\t\t\t\t<\/div>\n\t\t\t\t<div class=\"elementor-element elementor-element-0754ac0 elementor-widget elementor-widget-text-editor\" data-id=\"0754ac0\" data-element_type=\"widget\" data-e-type=\"widget\" data-widget_type=\"text-editor.default\">\n\t\t\t\t<div class=\"elementor-widget-container\">\n\t\t\t\t\t\t\t\t\t<section><div><section><div><div><div><div><div><div class=\"entry-content\"><p>Si le cadre permettant de s\u2019opposer au suivi de la navigation ne s\u2019affiche pas, merci d\u2019utiliser cette page.<\/p><p class=\"wp-block-heading\"><strong>Contenu embarqu\u00e9 depuis d\u2019autres sites<\/strong><\/p><p>Les articles de ce site peuvent inclure des contenus int\u00e9gr\u00e9s (par exemple des vid\u00e9os, images, articles\u2026). Le contenu int\u00e9gr\u00e9 depuis d\u2019autres sites se comporte de la m\u00eame mani\u00e8re que si le visiteur se rendait sur cet autre site.<\/p><p>Ces sites web pourraient collecter des donn\u00e9es sur vous, utiliser des cookies, embarquer des outils de suivis tiers, suivre vos interactions avec ces contenus embarqu\u00e9s si vous disposez d\u2019un compte connect\u00e9 sur leur site web.<\/p><\/div><p>Conditions d\u2019utilisation, clause de non-responsabilit\u00e9<\/p><p>La responsabilit\u00e9 du CEREGE ne peut, en aucune mani\u00e8re, \u00eatre engag\u00e9e quant au contenu des informations figurant sur ce site ou aux cons\u00e9quences pouvant r\u00e9sulter de leur utilisation ou interpr\u00e9tation.<\/p><h2>Propri\u00e9t\u00e9 intellectuelle<\/h2><p>Toutes marques (marques nominales et logos) et tout autre signe distinctif qui apparaissent sur le site sont la propri\u00e9t\u00e9 du CEREGE. Par cons\u00e9quent, toute reproduction et\/ou repr\u00e9sentation, et tout usage de ces signes distinctifs sont donc prohib\u00e9s, sauf autorisation \u00e9crite de leur titulaire.<\/p><p>Le site du CEREGE est une \u0153uvre de cr\u00e9ation, propri\u00e9t\u00e9 exclusive du CEREGE, prot\u00e9g\u00e9 par la l\u00e9gislation fran\u00e7aise et internationale sur le droit de la propri\u00e9t\u00e9 intellectuelle. Aucune reproduction ou repr\u00e9sentation ne peut \u00eatre r\u00e9alis\u00e9e en contravention avec les droits du CEREGE issus de la l\u00e9gislation susvis\u00e9e.<\/p><p>Image(s) utilis\u00e9e(s) sous licence de\u00a0<a href=\"http:\/\/shutterstock.com\/\" target=\"_blank\" rel=\"noopener\">Shutterstock.com<\/a><\/p><p>Photos\u00a9Chercheurs CEREGE. <br \/><img decoding=\"async\" src=\"https:\/\/www.cerege.fr\/wp-content\/uploads\/2023\/03\/index-300x105.png\" alt=\"\" width=\"89\" height=\"31\" \/>Attribution &#8211; Pas d&#8217;Utilisation Commerciale &#8211; Pas de Modification 4.0 International (CC BY-NC-ND 4.0)<\/p><h2>Liens hypertextes<\/h2><p>La mise en place de liens hypertextes par des tiers vers des pages ou des documents diffus\u00e9s sur le site du CEREGE, est autoris\u00e9e sous r\u00e9serve que les liens ne contreviennent pas aux int\u00e9r\u00eats du CEREGE, et, qu\u2019ils garantissent la possibilit\u00e9 pour l\u2019utilisateur d\u2019identifier l\u2019origine et l\u2019auteur du document.<\/p><h2>Acc\u00e8s au site<strong><br \/><\/strong><\/h2><p>Le site www.cerege.fr est accessible gratuitement \u00e0 tout utilisateur disposant d\u2019un acc\u00e8s \u00e0 internet. <br \/>Le CEREGE met en \u0153uvre tous les moyens raisonnables \u00e0 sa disposition pour assurer un acc\u00e8s de qualit\u00e9 au site www.cerege.fr mais n\u2019est tenu \u00e0 aucune obligation d\u2019y parvenir.<br \/>Le CEREGE ne peut, en outre, \u00eatre tenue responsable de tout dysfonctionnement du r\u00e9seau ou des serveurs ou de tout autre \u00e9v\u00e9nement \u00e9chappant au contr\u00f4le raisonnable, qui emp\u00eacherait ou d\u00e9graderait l\u2019acc\u00e8s au site www.cerege.fr.<br \/>Le CEREGE se r\u00e9serve la possibilit\u00e9 d\u2019interrompre, de suspendre momentan\u00e9ment ou de modifier sans pr\u00e9avis l\u2019acc\u00e8s \u00e0 tout ou partie du site www.cerege.fr, afin d\u2019en assurer la maintenance, ou pour toute autre raison, sans que l\u2019interruption n\u2019ouvre droit \u00e0 aucune obligation ni indemnisation.<\/p><\/div><\/div><\/div><\/div><\/div><\/section><\/div><\/section>\t\t\t\t\t\t\t\t<\/div>\n\t\t\t\t<\/div>\n\t\t\t\t\t<\/div>\n\t\t<\/div>\n\t\t\t\t\t<\/div>\n\t\t<\/section>\n\t\t\t\t<\/div>\n\t\t","protected":false},"excerpt":{"rendered":"<p>Conditions g\u00e9n\u00e9rales d&#8217;utilisation du site Les conditions g\u00e9n\u00e9rales suivantes s\u2019appliquent \u00e0 tous les utilisateurs du site www.cerege.fr. Les pr\u00e9sentes Conditions G\u00e9n\u00e9rales ont pour objet de d\u00e9finir les conditions d\u2019utilisation du [&hellip;]<\/p>\n","protected":false},"author":1,"featured_media":181,"parent":0,"menu_order":0,"comment_status":"closed","ping_status":"closed","template":"","meta":{"_acf_changed":false,"footnotes":""},"class_list":["post-14","page","type-page","status-publish","has-post-thumbnail","hentry"],"acf":[],"publishpress_future_action":{"enabled":false,"date":"2026-05-05 09:48:54","action":"change-status","newStatus":"draft","terms":[],"taxonomy":"","extraData":[]},"publishpress_future_workflow_manual_trigger":{"enabledWorkflows":[]},"_links":{"self":[{"href":"https:\/\/www.cerege.fr\/en\/wp-json\/wp\/v2\/pages\/14","targetHints":{"allow":["GET"]}}],"collection":[{"href":"https:\/\/www.cerege.fr\/en\/wp-json\/wp\/v2\/pages"}],"about":[{"href":"https:\/\/www.cerege.fr\/en\/wp-json\/wp\/v2\/types\/page"}],"author":[{"embeddable":true,"href":"https:\/\/www.cerege.fr\/en\/wp-json\/wp\/v2\/users\/1"}],"replies":[{"embeddable":true,"href":"https:\/\/www.cerege.fr\/en\/wp-json\/wp\/v2\/comments?post=14"}],"version-history":[{"count":5,"href":"https:\/\/www.cerege.fr\/en\/wp-json\/wp\/v2\/pages\/14\/revisions"}],"predecessor-version":[{"id":19615,"href":"https:\/\/www.cerege.fr\/en\/wp-json\/wp\/v2\/pages\/14\/revisions\/19615"}],"wp:featuredmedia":[{"embeddable":true,"href":"https:\/\/www.cerege.fr\/en\/wp-json\/wp\/v2\/media\/181"}],"wp:attachment":[{"href":"https:\/\/www.cerege.fr\/en\/wp-json\/wp\/v2\/media?parent=14"}],"curies":[{"name":"wp","href":"https:\/\/api.w.org\/{rel}","templated":true}]}}