{"id":14464,"date":"2023-01-10T23:28:14","date_gmt":"2023-01-10T22:28:14","guid":{"rendered":"https:\/\/www.cerege.fr\/?page_id=14464"},"modified":"2023-01-11T10:26:51","modified_gmt":"2023-01-11T09:26:51","slug":"14464-2","status":"publish","type":"page","link":"https:\/\/www.cerege.fr\/en\/equipements\/poles-techniques\/caracterisation-des-colloides\/14464-2\/","title":{"rendered":"Tools Colloid characterisation"},"content":{"rendered":"\t\t<div data-elementor-type=\"wp-page\" data-elementor-id=\"14464\" class=\"elementor elementor-14464\" data-elementor-post-type=\"page\">\n\t\t\t\t\t\t<section class=\"elementor-section elementor-top-section elementor-element elementor-element-6db10dc8 elementor-section-full_width elementor-section-height-min-height elementor-section-height-default elementor-section-items-middle\" data-id=\"6db10dc8\" data-element_type=\"section\" data-e-type=\"section\" data-settings=\"{&quot;background_background&quot;:&quot;classic&quot;}\">\n\t\t\t\t\t\t<div class=\"elementor-container elementor-column-gap-default\">\n\t\t\t\t\t<div class=\"elementor-column elementor-col-100 elementor-top-column elementor-element elementor-element-3ba17e5a\" data-id=\"3ba17e5a\" data-element_type=\"column\" data-e-type=\"column\">\n\t\t\t<div class=\"elementor-widget-wrap\">\n\t\t\t\t\t\t\t<\/div>\n\t\t<\/div>\n\t\t\t\t\t<\/div>\n\t\t<\/section>\n\t\t\t\t<section class=\"elementor-section elementor-top-section elementor-element elementor-element-1aba0752 elementor-section-boxed elementor-section-height-default elementor-section-height-default\" data-id=\"1aba0752\" data-element_type=\"section\" data-e-type=\"section\">\n\t\t\t\t\t\t<div class=\"elementor-container elementor-column-gap-default\">\n\t\t\t\t\t<div class=\"elementor-column elementor-col-100 elementor-top-column elementor-element elementor-element-2e6f5a2a\" data-id=\"2e6f5a2a\" data-element_type=\"column\" data-e-type=\"column\">\n\t\t\t<div class=\"elementor-widget-wrap elementor-element-populated\">\n\t\t\t\t\t\t<div class=\"elementor-element elementor-element-17e486e1 elementor-widget elementor-widget-shortcode\" data-id=\"17e486e1\" data-element_type=\"widget\" data-e-type=\"widget\" data-widget_type=\"shortcode.default\">\n\t\t\t\t<div class=\"elementor-widget-container\">\n\t\t\t\t\t\t\t<div class=\"elementor-shortcode\"><nav aria-label=\"breadcrumbs\">\n            <div class=\"breadcrumb-container theme1\">\n                <ol>\n                                    <\/ol>\n            <\/div>\n        <\/nav>    <script type=\"application\/ld+json\">\n        {\n            \"@context\": \"http:\/\/schema.org\",\n            \"@type\": \"BreadcrumbList\",\n            \"itemListElement\": [\n                            ]\n        }\n    <\/script>\n   \n    <script>\n            <\/script>\n<\/div>\n\t\t\t\t\t\t<\/div>\n\t\t\t\t<\/div>\n\t\t\t\t\t<\/div>\n\t\t<\/div>\n\t\t\t\t\t<\/div>\n\t\t<\/section>\n\t\t\t\t<section class=\"elementor-section elementor-top-section elementor-element elementor-element-d6b90cc elementor-section-boxed elementor-section-height-default elementor-section-height-default\" data-id=\"d6b90cc\" data-element_type=\"section\" data-e-type=\"section\">\n\t\t\t\t\t\t<div class=\"elementor-container elementor-column-gap-extended\">\n\t\t\t\t\t<div class=\"elementor-column elementor-col-50 elementor-top-column elementor-element elementor-element-5f7a10f8\" data-id=\"5f7a10f8\" data-element_type=\"column\" data-e-type=\"column\">\n\t\t\t<div class=\"elementor-widget-wrap elementor-element-populated\">\n\t\t\t\t\t\t<div class=\"elementor-element elementor-element-7c653118 elementor-widget elementor-widget-image\" data-id=\"7c653118\" data-element_type=\"widget\" data-e-type=\"widget\" data-widget_type=\"image.default\">\n\t\t\t\t<div class=\"elementor-widget-container\">\n\t\t\t\t\t\t\t\t\t\t\t\t\t\t\t<img fetchpriority=\"high\" decoding=\"async\" width=\"800\" height=\"534\" src=\"https:\/\/www.cerege.fr\/wp-content\/uploads\/2023\/01\/sam_8740_1-1024x683.jpg\" class=\"attachment-large size-large wp-image-14205\" alt=\"\" srcset=\"https:\/\/www.cerege.fr\/wp-content\/uploads\/2023\/01\/sam_8740_1-1024x683.jpg 1024w, https:\/\/www.cerege.fr\/wp-content\/uploads\/2023\/01\/sam_8740_1-300x200.jpg 300w, https:\/\/www.cerege.fr\/wp-content\/uploads\/2023\/01\/sam_8740_1-768x512.jpg 768w, https:\/\/www.cerege.fr\/wp-content\/uploads\/2023\/01\/sam_8740_1-1536x1024.jpg 1536w, https:\/\/www.cerege.fr\/wp-content\/uploads\/2023\/01\/sam_8740_1-scaled.jpg 2048w, https:\/\/www.cerege.fr\/wp-content\/uploads\/2023\/01\/sam_8740_1-18x12.jpg 18w, https:\/\/www.cerege.fr\/wp-content\/uploads\/2023\/01\/sam_8740_1-1320x880.jpg 1320w\" sizes=\"(max-width: 800px) 100vw, 800px\" \/>\t\t\t\t\t\t\t\t\t\t\t\t\t\t\t<\/div>\n\t\t\t\t<\/div>\n\t\t\t\t\t<\/div>\n\t\t<\/div>\n\t\t\t\t<div class=\"elementor-column elementor-col-50 elementor-top-column elementor-element elementor-element-3bf284cd\" data-id=\"3bf284cd\" data-element_type=\"column\" data-e-type=\"column\">\n\t\t\t<div class=\"elementor-widget-wrap elementor-element-populated\">\n\t\t\t\t\t\t<div class=\"elementor-element elementor-element-ca66d2a elementor-widget elementor-widget-heading\" data-id=\"ca66d2a\" data-element_type=\"widget\" data-e-type=\"widget\" data-widget_type=\"heading.default\">\n\t\t\t\t<div class=\"elementor-widget-container\">\n\t\t\t\t\t<h2 class=\"elementor-heading-title elementor-size-default\">Taille de particules en suspension<\/h2>\t\t\t\t<\/div>\n\t\t\t\t<\/div>\n\t\t\t\t<div class=\"elementor-element elementor-element-7358f91a elementor-widget elementor-widget-text-editor\" data-id=\"7358f91a\" data-element_type=\"widget\" data-e-type=\"widget\" data-widget_type=\"text-editor.default\">\n\t\t\t\t<div class=\"elementor-widget-container\">\n\t\t\t\t\t\t\t\t\t<ul><li>mesure de taille de particules en suspension liquide (0,01-3000 \u00b5m) par diffraction laser (<em>Malvern Mastersizer 3000<\/em>)<\/li><li>mesure de taille de nanoparticules en suspension liquide (1-3000 nm) par diffusion dynamique de la lumi\u00e8re (<em>Malvern Zetasizer NanoZS<\/em>)<\/li><li>mesure de taille, comptage, et analyse de forme des particules en suspension (&gt;0,5 \u00b5m) par analyse d&#8217;image (<em>Occhio, Flow cell FC200S<\/em>)<\/li><li>mesure de vitesse de s\u00e9dimentation\/flottation et turbidit\u00e9 r\u00e9solue en hauteur (<em>Formulaction, Turbiscan Lab<\/em>)<\/li><\/ul>\t\t\t\t\t\t\t\t<\/div>\n\t\t\t\t<\/div>\n\t\t\t\t\t<\/div>\n\t\t<\/div>\n\t\t\t\t\t<\/div>\n\t\t<\/section>\n\t\t\t\t<section class=\"elementor-section elementor-top-section elementor-element elementor-element-10f4671b elementor-section-boxed elementor-section-height-default elementor-section-height-default\" data-id=\"10f4671b\" data-element_type=\"section\" data-e-type=\"section\">\n\t\t\t\t\t\t<div class=\"elementor-container elementor-column-gap-default\">\n\t\t\t\t\t<div class=\"elementor-column elementor-col-50 elementor-top-column elementor-element elementor-element-6b83c609\" data-id=\"6b83c609\" data-element_type=\"column\" data-e-type=\"column\">\n\t\t\t<div class=\"elementor-widget-wrap elementor-element-populated\">\n\t\t\t\t\t\t<div class=\"elementor-element elementor-element-09a3797 elementor-widget elementor-widget-image\" data-id=\"09a3797\" data-element_type=\"widget\" data-e-type=\"widget\" data-widget_type=\"image.default\">\n\t\t\t\t<div class=\"elementor-widget-container\">\n\t\t\t\t\t\t\t\t\t\t\t\t\t\t\t<img decoding=\"async\" width=\"800\" height=\"534\" src=\"https:\/\/www.cerege.fr\/wp-content\/uploads\/2023\/01\/sam_8739-1024x683.jpg\" class=\"attachment-large size-large wp-image-14210\" alt=\"\" srcset=\"https:\/\/www.cerege.fr\/wp-content\/uploads\/2023\/01\/sam_8739-1024x683.jpg 1024w, https:\/\/www.cerege.fr\/wp-content\/uploads\/2023\/01\/sam_8739-300x200.jpg 300w, https:\/\/www.cerege.fr\/wp-content\/uploads\/2023\/01\/sam_8739-768x512.jpg 768w, https:\/\/www.cerege.fr\/wp-content\/uploads\/2023\/01\/sam_8739-1536x1024.jpg 1536w, https:\/\/www.cerege.fr\/wp-content\/uploads\/2023\/01\/sam_8739-scaled.jpg 2048w, https:\/\/www.cerege.fr\/wp-content\/uploads\/2023\/01\/sam_8739-18x12.jpg 18w, https:\/\/www.cerege.fr\/wp-content\/uploads\/2023\/01\/sam_8739-1320x880.jpg 1320w\" sizes=\"(max-width: 800px) 100vw, 800px\" \/>\t\t\t\t\t\t\t\t\t\t\t\t\t\t\t<\/div>\n\t\t\t\t<\/div>\n\t\t\t\t\t<\/div>\n\t\t<\/div>\n\t\t\t\t<div class=\"elementor-column elementor-col-50 elementor-top-column elementor-element elementor-element-75c7c2ed\" data-id=\"75c7c2ed\" data-element_type=\"column\" data-e-type=\"column\">\n\t\t\t<div class=\"elementor-widget-wrap elementor-element-populated\">\n\t\t\t\t\t\t<div class=\"elementor-element elementor-element-59e5f11b elementor-widget elementor-widget-heading\" data-id=\"59e5f11b\" data-element_type=\"widget\" data-e-type=\"widget\" data-widget_type=\"heading.default\">\n\t\t\t\t<div class=\"elementor-widget-container\">\n\t\t\t\t\t<h2 class=\"elementor-heading-title elementor-size-default\">Charge de surface<\/h2>\t\t\t\t<\/div>\n\t\t\t\t<\/div>\n\t\t\t\t<div class=\"elementor-element elementor-element-54371965 elementor-widget elementor-widget-text-editor\" data-id=\"54371965\" data-element_type=\"widget\" data-e-type=\"widget\" data-widget_type=\"text-editor.default\">\n\t\t\t\t<div class=\"elementor-widget-container\">\n\t\t\t\t\t\t\t\t\t<ul><li>mesure de potentiel Z\u00e9ta des particules en suspension (<em>Malvern Zetasizer NanoZS<\/em>)<\/li><li>mesure de potentiel Z\u00e9ta des surfaces immobiles (grains, membranes, &#8230;) par potentiel d&#8217;\u00e9coulement (<em>CAD Instruments, ZetaCAD<\/em>)<\/li><li>titrateur automatique haute r\u00e9solution avec passeur d&#8217;\u00e9chantillons (<em>Metrohm Titrino<\/em>)<\/li><\/ul>\t\t\t\t\t\t\t\t<\/div>\n\t\t\t\t<\/div>\n\t\t\t\t\t<\/div>\n\t\t<\/div>\n\t\t\t\t\t<\/div>\n\t\t<\/section>\n\t\t\t\t<section class=\"elementor-section elementor-top-section elementor-element elementor-element-374773a4 elementor-section-boxed elementor-section-height-default elementor-section-height-default\" data-id=\"374773a4\" data-element_type=\"section\" data-e-type=\"section\">\n\t\t\t\t\t\t<div class=\"elementor-container elementor-column-gap-default\">\n\t\t\t\t\t<div class=\"elementor-column elementor-col-50 elementor-top-column elementor-element elementor-element-30bed759\" data-id=\"30bed759\" data-element_type=\"column\" data-e-type=\"column\">\n\t\t\t<div class=\"elementor-widget-wrap elementor-element-populated\">\n\t\t\t\t\t\t<div class=\"elementor-element elementor-element-a2f26ab elementor-widget elementor-widget-image\" data-id=\"a2f26ab\" data-element_type=\"widget\" data-e-type=\"widget\" data-widget_type=\"image.default\">\n\t\t\t\t<div class=\"elementor-widget-container\">\n\t\t\t\t\t\t\t\t\t\t\t\t\t\t\t<img decoding=\"async\" width=\"800\" height=\"534\" src=\"https:\/\/www.cerege.fr\/wp-content\/uploads\/2023\/01\/sam_8755-2-1024x683.jpg\" class=\"attachment-large size-large wp-image-14204\" alt=\"\" srcset=\"https:\/\/www.cerege.fr\/wp-content\/uploads\/2023\/01\/sam_8755-2-1024x683.jpg 1024w, https:\/\/www.cerege.fr\/wp-content\/uploads\/2023\/01\/sam_8755-2-300x200.jpg 300w, https:\/\/www.cerege.fr\/wp-content\/uploads\/2023\/01\/sam_8755-2-768x512.jpg 768w, https:\/\/www.cerege.fr\/wp-content\/uploads\/2023\/01\/sam_8755-2-1536x1024.jpg 1536w, https:\/\/www.cerege.fr\/wp-content\/uploads\/2023\/01\/sam_8755-2-scaled.jpg 2048w, https:\/\/www.cerege.fr\/wp-content\/uploads\/2023\/01\/sam_8755-2-18x12.jpg 18w, https:\/\/www.cerege.fr\/wp-content\/uploads\/2023\/01\/sam_8755-2-1320x880.jpg 1320w\" sizes=\"(max-width: 800px) 100vw, 800px\" \/>\t\t\t\t\t\t\t\t\t\t\t\t\t\t\t<\/div>\n\t\t\t\t<\/div>\n\t\t\t\t\t<\/div>\n\t\t<\/div>\n\t\t\t\t<div class=\"elementor-column elementor-col-50 elementor-top-column elementor-element elementor-element-48809c32\" data-id=\"48809c32\" data-element_type=\"column\" data-e-type=\"column\">\n\t\t\t<div class=\"elementor-widget-wrap elementor-element-populated\">\n\t\t\t\t\t\t<div class=\"elementor-element elementor-element-5f37c12 elementor-widget elementor-widget-heading\" data-id=\"5f37c12\" data-element_type=\"widget\" data-e-type=\"widget\" data-widget_type=\"heading.default\">\n\t\t\t\t<div class=\"elementor-widget-container\">\n\t\t\t\t\t<h2 class=\"elementor-heading-title elementor-size-default\">Forme des particules\n<\/h2>\t\t\t\t<\/div>\n\t\t\t\t<\/div>\n\t\t\t\t<div class=\"elementor-element elementor-element-7e60d002 elementor-widget elementor-widget-text-editor\" data-id=\"7e60d002\" data-element_type=\"widget\" data-e-type=\"widget\" data-widget_type=\"text-editor.default\">\n\t\t\t\t<div class=\"elementor-widget-container\">\n\t\t\t\t\t\t\t\t\t<ul><li>mesure de taille, comptage et analyse de forme des particules en suspension (&gt;0,5 \u00b5m) par analyse d&#8217;image (<em>Occhio, Flow cell FC200S<\/em>)<\/li><li>microscope \u00e0 force atomique (<em>Bruker, Innova AFM<\/em>)<\/li><\/ul>\t\t\t\t\t\t\t\t<\/div>\n\t\t\t\t<\/div>\n\t\t\t\t\t<\/div>\n\t\t<\/div>\n\t\t\t\t\t<\/div>\n\t\t<\/section>\n\t\t\t\t<section class=\"elementor-section elementor-top-section elementor-element elementor-element-44fbd883 elementor-section-boxed elementor-section-height-default elementor-section-height-default\" data-id=\"44fbd883\" data-element_type=\"section\" data-e-type=\"section\">\n\t\t\t\t\t\t<div class=\"elementor-container elementor-column-gap-default\">\n\t\t\t\t\t<div class=\"elementor-column elementor-col-50 elementor-top-column elementor-element elementor-element-1550c6e0\" data-id=\"1550c6e0\" data-element_type=\"column\" data-e-type=\"column\">\n\t\t\t<div class=\"elementor-widget-wrap elementor-element-populated\">\n\t\t\t\t\t\t<div class=\"elementor-element elementor-element-69a6bce gallery-spacing-custom elementor-widget elementor-widget-image-gallery\" data-id=\"69a6bce\" data-element_type=\"widget\" data-e-type=\"widget\" data-widget_type=\"image-gallery.default\">\n\t\t\t\t<div class=\"elementor-widget-container\">\n\t\t\t\t\t\t\t<div class=\"elementor-image-gallery\">\n\t\t\t<div id='gallery-1' class='gallery galleryid-14464 gallery-columns-2 gallery-size-medium'><figure class='gallery-item'>\n\t\t\t<div class='gallery-icon landscape'>\n\t\t\t\t<a data-elementor-open-lightbox=\"yes\" data-elementor-lightbox-slideshow=\"69a6bce\" data-elementor-lightbox-title=\"MS3000\" data-e-action-hash=\"#elementor-action%3Aaction%3Dlightbox%26settings%3DeyJpZCI6MTQ0ODgsInVybCI6Imh0dHBzOlwvXC93d3cuY2VyZWdlLmZyXC93cC1jb250ZW50XC91cGxvYWRzXC8yMDIzXC8wMVwvTVMzMDAwLmpwZyIsInNsaWRlc2hvdyI6IjY5YTZiY2UifQ%3D%3D\" href='https:\/\/www.cerege.fr\/wp-content\/uploads\/2023\/01\/MS3000.jpg'><img loading=\"lazy\" decoding=\"async\" width=\"300\" height=\"169\" src=\"https:\/\/www.cerege.fr\/wp-content\/uploads\/2023\/01\/MS3000-300x169.jpg\" class=\"attachment-medium size-medium\" alt=\"\" srcset=\"https:\/\/www.cerege.fr\/wp-content\/uploads\/2023\/01\/MS3000-300x169.jpg 300w, https:\/\/www.cerege.fr\/wp-content\/uploads\/2023\/01\/MS3000-1024x576.jpg 1024w, https:\/\/www.cerege.fr\/wp-content\/uploads\/2023\/01\/MS3000-768x432.jpg 768w, https:\/\/www.cerege.fr\/wp-content\/uploads\/2023\/01\/MS3000-1536x864.jpg 1536w, https:\/\/www.cerege.fr\/wp-content\/uploads\/2023\/01\/MS3000-18x10.jpg 18w, https:\/\/www.cerege.fr\/wp-content\/uploads\/2023\/01\/MS3000-1320x743.jpg 1320w, https:\/\/www.cerege.fr\/wp-content\/uploads\/2023\/01\/MS3000.jpg 2028w\" sizes=\"(max-width: 300px) 100vw, 300px\" \/><\/a>\n\t\t\t<\/div><\/figure><figure class='gallery-item'>\n\t\t\t<div class='gallery-icon landscape'>\n\t\t\t\t<a data-elementor-open-lightbox=\"yes\" data-elementor-lightbox-slideshow=\"69a6bce\" data-elementor-lightbox-title=\"filtration tangentielleBis\" data-e-action-hash=\"#elementor-action%3Aaction%3Dlightbox%26settings%3DeyJpZCI6MTQ0ODYsInVybCI6Imh0dHBzOlwvXC93d3cuY2VyZWdlLmZyXC93cC1jb250ZW50XC91cGxvYWRzXC8yMDIzXC8wMVwvZmlsdHJhdGlvbi10YW5nZW50aWVsbGVCaXMuanBnIiwic2xpZGVzaG93IjoiNjlhNmJjZSJ9\" href='https:\/\/www.cerege.fr\/wp-content\/uploads\/2023\/01\/filtration-tangentielleBis.jpg'><img loading=\"lazy\" decoding=\"async\" width=\"300\" height=\"188\" src=\"https:\/\/www.cerege.fr\/wp-content\/uploads\/2023\/01\/filtration-tangentielleBis-300x188.jpg\" class=\"attachment-medium size-medium\" alt=\"\" srcset=\"https:\/\/www.cerege.fr\/wp-content\/uploads\/2023\/01\/filtration-tangentielleBis-300x188.jpg 300w, https:\/\/www.cerege.fr\/wp-content\/uploads\/2023\/01\/filtration-tangentielleBis-18x12.jpg 18w, https:\/\/www.cerege.fr\/wp-content\/uploads\/2023\/01\/filtration-tangentielleBis.jpg 400w\" sizes=\"(max-width: 300px) 100vw, 300px\" \/><\/a>\n\t\t\t<\/div><\/figure><figure class='gallery-item'>\n\t\t\t<div class='gallery-icon landscape'>\n\t\t\t\t<a data-elementor-open-lightbox=\"yes\" data-elementor-lightbox-slideshow=\"69a6bce\" data-elementor-lightbox-title=\"bioreacteur2_portrait\" data-e-action-hash=\"#elementor-action%3Aaction%3Dlightbox%26settings%3DeyJpZCI6MTQ0ODQsInVybCI6Imh0dHBzOlwvXC93d3cuY2VyZWdlLmZyXC93cC1jb250ZW50XC91cGxvYWRzXC8yMDIzXC8wMVwvYmlvcmVhY3RldXIyX3BvcnRyYWl0LmpwZyIsInNsaWRlc2hvdyI6IjY5YTZiY2UifQ%3D%3D\" href='https:\/\/www.cerege.fr\/wp-content\/uploads\/2023\/01\/bioreacteur2_portrait.jpg'><img loading=\"lazy\" decoding=\"async\" width=\"300\" height=\"188\" src=\"https:\/\/www.cerege.fr\/wp-content\/uploads\/2023\/01\/bioreacteur2_portrait-300x188.jpg\" class=\"attachment-medium size-medium\" alt=\"\" srcset=\"https:\/\/www.cerege.fr\/wp-content\/uploads\/2023\/01\/bioreacteur2_portrait-300x188.jpg 300w, https:\/\/www.cerege.fr\/wp-content\/uploads\/2023\/01\/bioreacteur2_portrait-18x12.jpg 18w, https:\/\/www.cerege.fr\/wp-content\/uploads\/2023\/01\/bioreacteur2_portrait.jpg 400w\" sizes=\"(max-width: 300px) 100vw, 300px\" \/><\/a>\n\t\t\t<\/div><\/figure><figure class='gallery-item'>\n\t\t\t<div class='gallery-icon landscape'>\n\t\t\t\t<a data-elementor-open-lightbox=\"yes\" data-elementor-lightbox-slideshow=\"69a6bce\" data-elementor-lightbox-title=\"these_delphine_thallinger\" data-e-action-hash=\"#elementor-action%3Aaction%3Dlightbox%26settings%3DeyJpZCI6MzYwNiwidXJsIjoiaHR0cHM6XC9cL3d3dy5jZXJlZ2UuZnJcL3dwLWNvbnRlbnRcL3VwbG9hZHNcLzIwMjJcLzA5XC90aGVzZV9kZWxwaGluZV90aGFsbGluZ2VyLnBuZyIsInNsaWRlc2hvdyI6IjY5YTZiY2UifQ%3D%3D\" href='https:\/\/www.cerege.fr\/wp-content\/uploads\/2022\/09\/these_delphine_thallinger.png'><img loading=\"lazy\" decoding=\"async\" width=\"300\" height=\"188\" src=\"https:\/\/www.cerege.fr\/wp-content\/uploads\/2022\/09\/these_delphine_thallinger-300x188.png\" class=\"attachment-medium size-medium\" alt=\"\" aria-describedby=\"gallery-1-3606\" srcset=\"https:\/\/www.cerege.fr\/wp-content\/uploads\/2022\/09\/these_delphine_thallinger-300x188.png 300w, https:\/\/www.cerege.fr\/wp-content\/uploads\/2022\/09\/these_delphine_thallinger-18x12.png 18w, https:\/\/www.cerege.fr\/wp-content\/uploads\/2022\/09\/these_delphine_thallinger.png 400w\" sizes=\"(max-width: 300px) 100vw, 300px\" \/><\/a>\n\t\t\t<\/div>\n\t\t\t\t<figcaption class='wp-caption-text gallery-caption' id='gallery-1-3606'>\n\t\t\t\tDelphine THALLINGER, 2025. \u00c9mission, devenir et effets dans l\u2019environnement des filtres UV issus de cr\u00e8mes solaires : avantages et risques des substances chimiques ou nanoparticulaires\n\t\t\t\t<\/figcaption><\/figure>\n\t\t<\/div>\n\t\t<\/div>\n\t\t\t\t\t\t<\/div>\n\t\t\t\t<\/div>\n\t\t\t\t\t<\/div>\n\t\t<\/div>\n\t\t\t\t<div class=\"elementor-column elementor-col-50 elementor-top-column elementor-element elementor-element-7c32021b\" data-id=\"7c32021b\" data-element_type=\"column\" data-e-type=\"column\">\n\t\t\t<div class=\"elementor-widget-wrap elementor-element-populated\">\n\t\t\t\t\t\t<div class=\"elementor-element elementor-element-12a1e59e elementor-widget elementor-widget-heading\" data-id=\"12a1e59e\" data-element_type=\"widget\" data-e-type=\"widget\" data-widget_type=\"heading.default\">\n\t\t\t\t<div class=\"elementor-widget-container\">\n\t\t\t\t\t<h2 class=\"elementor-heading-title elementor-size-default\">Et aussi ...<\/h2>\t\t\t\t<\/div>\n\t\t\t\t<\/div>\n\t\t\t\t<div class=\"elementor-element elementor-element-5b38a740 elementor-widget elementor-widget-text-editor\" data-id=\"5b38a740\" data-element_type=\"widget\" data-e-type=\"widget\" data-widget_type=\"text-editor.default\">\n\t\t\t\t<div class=\"elementor-widget-container\">\n\t\t\t\t\t\t\t\t\t<ul><li>spectrom\u00e8tre UV-visible avec sph\u00e8re d&#8217;int\u00e9gration pour analyse des liquides et des films \u00a0(<em>Jasco, V-650<\/em>)<\/li><li>\u00e9mulsionneur rotor stator pour pr\u00e9paration cosm\u00e9tique (<em>VMI, Turbotest<\/em>)<\/li><li>fractionnement granulom\u00e9trique par filtration tangentielle (50 kD-0,5 \u00b5m) (<em>Repligen, Krosflo<\/em>)<\/li><li>fractionnement par ultracentrifugation (<em>Beckman Coulter, Optima L-100 XP<\/em>)<\/li><li>traitement ultrasonique par sonde haute fr\u00e9quence<\/li><\/ul>\t\t\t\t\t\t\t\t<\/div>\n\t\t\t\t<\/div>\n\t\t\t\t\t<\/div>\n\t\t<\/div>\n\t\t\t\t\t<\/div>\n\t\t<\/section>\n\t\t\t\t<\/div>\n\t\t","protected":false},"excerpt":{"rendered":"<p>Taille de particules en suspension mesure de taille de particules en suspension liquide (0,01-3000 \u00b5m) par diffraction laser (Malvern Mastersizer 3000) mesure de taille de nanoparticules en suspension liquide (1-3000 [&hellip;]<\/p>\n","protected":false},"author":551,"featured_media":8184,"parent":9333,"menu_order":0,"comment_status":"closed","ping_status":"closed","template":"","meta":{"_acf_changed":false,"footnotes":""},"class_list":["post-14464","page","type-page","status-publish","has-post-thumbnail","hentry"],"acf":[],"publishpress_future_action":{"enabled":false,"date":"2026-04-30 00:01:01","action":"change-status","newStatus":"draft","terms":[],"taxonomy":"","extraData":[]},"publishpress_future_workflow_manual_trigger":{"enabledWorkflows":[]},"_links":{"self":[{"href":"https:\/\/www.cerege.fr\/en\/wp-json\/wp\/v2\/pages\/14464","targetHints":{"allow":["GET"]}}],"collection":[{"href":"https:\/\/www.cerege.fr\/en\/wp-json\/wp\/v2\/pages"}],"about":[{"href":"https:\/\/www.cerege.fr\/en\/wp-json\/wp\/v2\/types\/page"}],"author":[{"embeddable":true,"href":"https:\/\/www.cerege.fr\/en\/wp-json\/wp\/v2\/users\/551"}],"replies":[{"embeddable":true,"href":"https:\/\/www.cerege.fr\/en\/wp-json\/wp\/v2\/comments?post=14464"}],"version-history":[{"count":5,"href":"https:\/\/www.cerege.fr\/en\/wp-json\/wp\/v2\/pages\/14464\/revisions"}],"predecessor-version":[{"id":14597,"href":"https:\/\/www.cerege.fr\/en\/wp-json\/wp\/v2\/pages\/14464\/revisions\/14597"}],"up":[{"embeddable":true,"href":"https:\/\/www.cerege.fr\/en\/wp-json\/wp\/v2\/pages\/9333"}],"wp:featuredmedia":[{"embeddable":true,"href":"https:\/\/www.cerege.fr\/en\/wp-json\/wp\/v2\/media\/8184"}],"wp:attachment":[{"href":"https:\/\/www.cerege.fr\/en\/wp-json\/wp\/v2\/media?parent=14464"}],"curies":[{"name":"wp","href":"https:\/\/api.w.org\/{rel}","templated":true}]}}