{"id":15784,"date":"2023-01-18T14:24:24","date_gmt":"2023-01-18T13:24:24","guid":{"rendered":"https:\/\/www.cerege.fr\/?page_id=15784"},"modified":"2025-04-01T12:36:11","modified_gmt":"2025-04-01T10:36:11","slug":"project-plasma","status":"publish","type":"page","link":"https:\/\/www.cerege.fr\/en\/sciences\/climat\/projets-climat\/projet-plasma\/","title":{"rendered":"PLASMA Project"},"content":{"rendered":"\t\t<div data-elementor-type=\"wp-page\" data-elementor-id=\"15784\" class=\"elementor elementor-15784\" data-elementor-post-type=\"page\">\n\t\t\t\t\t\t<section class=\"elementor-section elementor-top-section elementor-element elementor-element-7a97b827 elementor-section-full_width elementor-section-height-min-height elementor-section-height-default elementor-section-items-middle\" data-id=\"7a97b827\" data-element_type=\"section\" data-e-type=\"section\" data-settings=\"{&quot;background_background&quot;:&quot;classic&quot;}\">\n\t\t\t\t\t\t<div class=\"elementor-container elementor-column-gap-default\">\n\t\t\t\t\t<div class=\"elementor-column elementor-col-100 elementor-top-column elementor-element elementor-element-465e2451\" data-id=\"465e2451\" data-element_type=\"column\" data-e-type=\"column\">\n\t\t\t<div class=\"elementor-widget-wrap\">\n\t\t\t\t\t\t\t<\/div>\n\t\t<\/div>\n\t\t\t\t\t<\/div>\n\t\t<\/section>\n\t\t\t\t<section class=\"elementor-section elementor-top-section elementor-element elementor-element-3b5c5965 elementor-section-boxed elementor-section-height-default elementor-section-height-default\" data-id=\"3b5c5965\" data-element_type=\"section\" data-e-type=\"section\">\n\t\t\t\t\t\t<div class=\"elementor-container elementor-column-gap-default\">\n\t\t\t\t\t<div class=\"elementor-column elementor-col-100 elementor-top-column elementor-element elementor-element-6e22f77a\" data-id=\"6e22f77a\" data-element_type=\"column\" data-e-type=\"column\">\n\t\t\t<div class=\"elementor-widget-wrap elementor-element-populated\">\n\t\t\t\t\t\t<div class=\"elementor-element elementor-element-3111d72d elementor-widget elementor-widget-shortcode\" data-id=\"3111d72d\" data-element_type=\"widget\" data-e-type=\"widget\" data-widget_type=\"shortcode.default\">\n\t\t\t\t<div class=\"elementor-widget-container\">\n\t\t\t\t\t\t\t<div class=\"elementor-shortcode\"><nav aria-label=\"breadcrumbs\">\n            <div class=\"breadcrumb-container theme1\">\n                <ol>\n                                    <\/ol>\n            <\/div>\n        <\/nav>    <script type=\"application\/ld+json\">\n        {\n            \"@context\": \"http:\/\/schema.org\",\n            \"@type\": \"BreadcrumbList\",\n            \"itemListElement\": [\n                            ]\n        }\n    <\/script>\n   \n    <script>\n            <\/script>\n<\/div>\n\t\t\t\t\t\t<\/div>\n\t\t\t\t<\/div>\n\t\t\t\t<section class=\"elementor-section elementor-inner-section elementor-element elementor-element-761dc1f6 elementor-section-boxed elementor-section-height-default elementor-section-height-default\" data-id=\"761dc1f6\" data-element_type=\"section\" data-e-type=\"section\">\n\t\t\t\t\t\t<div class=\"elementor-container elementor-column-gap-wide\">\n\t\t\t\t\t<div class=\"elementor-column elementor-col-50 elementor-inner-column elementor-element elementor-element-1a49a990\" data-id=\"1a49a990\" data-element_type=\"column\" data-e-type=\"column\">\n\t\t\t<div class=\"elementor-widget-wrap elementor-element-populated\">\n\t\t\t\t\t\t<div class=\"elementor-element elementor-element-48401bd7 elementor-widget elementor-widget-text-editor\" data-id=\"48401bd7\" data-element_type=\"widget\" data-e-type=\"widget\" data-widget_type=\"text-editor.default\">\n\t\t\t\t<div class=\"elementor-widget-container\">\n\t\t\t\t\t\t\t\t\t<p>Le projet PLASMA propose d\u2019\u00e9tablir une cartographie d\u00e9taill\u00e9e de la pollution des MPs en baie de Marseille et d\u2019en comprendre la dynamique spatio-temporelle.<\/p><p>Le projet se concentre sur 2 axes:\u00a0<\/p><ul><li>lever les verrous m\u00e9thodologiques associ\u00e9s aux protocoles de pr\u00e9l\u00e8vement et d\u2019extraction des MPs dans des \u00e9chantillons d\u2019eau et de s\u00e9diments ainsi qu\u2019\u00e0 leur identification (par des techniques d\u2019imagerie haut d\u00e9bit) <br \/><br \/><\/li><li>aboutir \u00e0 une quantification des MPs fiable et comparable dans tous les compartiments de la colonne d\u2019eau jusqu\u2019aux s\u00e9diments qui sera exploitable par les gestionnaires pour le suivi environnemental. <br \/><br \/><\/li><\/ul><p>Chaque axe permettra, en sus, de d\u00e9velopper des objectifs connexes comme l\u2019extraction et la caract\u00e9risation des nanoplastiques ou encore la compr\u00e9hension des dynamiques de transport\/transfert horizontal et vertical.<\/p><p>De plus, le projet repose sur le d\u00e9ploiement d\u2019un suivi spatio-temporel en baie de Marseille, une action in\u00e9dite au regard des \u00e9tudes ponctuelles existantes qui permettra d\u2019appr\u00e9hender les comportements de ces polluants \u00e0 de petites \u00e9chelles spatiales et temporelles en domaine c\u00f4tier. <br \/><br \/>Le projet PLASMA se situe en amont de toute une cha\u00eene d\u2019\u00e9tudes, avec pour objectif une mise \u00e0 disposition d\u2019outils de diagnostic de l\u2019\u00e9tat de contamination par les MPs pour \u00e9tablir des partenariats avec les acteurs publics et priv\u00e9s \u00e0 l\u2019\u00e9chelle territoriale et nationale.<\/p>\t\t\t\t\t\t\t\t<\/div>\n\t\t\t\t<\/div>\n\t\t\t\t\t<\/div>\n\t\t<\/div>\n\t\t\t\t<div class=\"elementor-column elementor-col-50 elementor-inner-column elementor-element elementor-element-37a556af\" data-id=\"37a556af\" data-element_type=\"column\" data-e-type=\"column\">\n\t\t\t<div class=\"elementor-widget-wrap elementor-element-populated\">\n\t\t\t\t\t\t<div class=\"elementor-element elementor-element-23186b46 elementor-widget elementor-widget-text-editor\" data-id=\"23186b46\" data-element_type=\"widget\" data-e-type=\"widget\" data-widget_type=\"text-editor.default\">\n\t\t\t\t<div class=\"elementor-widget-container\">\n\t\t\t\t\t\t\t\t\t<h2><span style=\"font-weight: normal;\">2021-2025 : PLASMA<\/span><\/h2><p>Responsable au CEREGE : <br \/><strong><a href=\"https:\/\/www.cerege.fr\/fr\/cerege\/laurence-vidal\/\">Laurence Vidal<\/a><br \/><br \/><\/strong><em>Dynamique temporelle et spatiale des microplastiques dans la baie de Marseille : approche exp\u00e9rimentale et lien avec la mod\u00e9lisation<\/em><\/p><p><strong>Financement :<\/strong> FR-ECCOREV; Carnot Eau &amp; Environnement<\/p>\t\t\t\t\t\t\t\t<\/div>\n\t\t\t\t<\/div>\n\t\t\t\t<div class=\"elementor-element elementor-element-7b13f977 elementor-widget elementor-widget-image\" data-id=\"7b13f977\" data-element_type=\"widget\" data-e-type=\"widget\" data-widget_type=\"image.default\">\n\t\t\t\t<div class=\"elementor-widget-container\">\n\t\t\t\t\t\t\t\t\t\t\t\t\t\t\t<img decoding=\"async\" width=\"308\" height=\"152\" src=\"https:\/\/www.cerege.fr\/wp-content\/uploads\/2023\/01\/Projet_Plasma1-e1717766734353.jpg\" class=\"attachment-large size-large wp-image-15778\" alt=\"\" srcset=\"https:\/\/www.cerege.fr\/wp-content\/uploads\/2023\/01\/Projet_Plasma1-e1717766734353.jpg 308w, https:\/\/www.cerege.fr\/wp-content\/uploads\/2023\/01\/Projet_Plasma1-e1717766734353-300x148.jpg 300w, https:\/\/www.cerege.fr\/wp-content\/uploads\/2023\/01\/Projet_Plasma1-e1717766734353-18x9.jpg 18w\" sizes=\"(max-width: 308px) 100vw, 308px\" \/>\t\t\t\t\t\t\t\t\t\t\t\t\t\t\t<\/div>\n\t\t\t\t<\/div>\n\t\t\t\t<div class=\"elementor-element elementor-element-11e209f4 gallery-spacing-custom elementor-widget elementor-widget-image-gallery\" data-id=\"11e209f4\" data-element_type=\"widget\" data-e-type=\"widget\" data-widget_type=\"image-gallery.default\">\n\t\t\t\t<div class=\"elementor-widget-container\">\n\t\t\t\t\t\t\t<div class=\"elementor-image-gallery\">\n\t\t\t<div id='gallery-1' class='gallery galleryid-15784 gallery-columns-2 gallery-size-medium'><figure class='gallery-item'>\n\t\t\t<div class='gallery-icon landscape'>\n\t\t\t\t<a data-elementor-open-lightbox=\"yes\" data-elementor-lightbox-slideshow=\"11e209f4\" data-elementor-lightbox-title=\"ECCOREV\" data-e-action-hash=\"#elementor-action%3Aaction%3Dlightbox%26settings%3DeyJpZCI6MTU3OTQsInVybCI6Imh0dHBzOlwvXC93d3cuY2VyZWdlLmZyXC93cC1jb250ZW50XC91cGxvYWRzXC8yMDIzXC8wMVwvRUNDT1JFVi0xLnBuZyIsInNsaWRlc2hvdyI6IjExZTIwOWY0In0%3D\" href='https:\/\/www.cerege.fr\/wp-content\/uploads\/2023\/01\/ECCOREV-1.png'><img decoding=\"async\" width=\"300\" height=\"145\" src=\"https:\/\/www.cerege.fr\/wp-content\/uploads\/2023\/01\/ECCOREV-1-300x145.png\" class=\"attachment-medium size-medium\" alt=\"\" srcset=\"https:\/\/www.cerege.fr\/wp-content\/uploads\/2023\/01\/ECCOREV-1-300x145.png 300w, https:\/\/www.cerege.fr\/wp-content\/uploads\/2023\/01\/ECCOREV-1-18x9.png 18w, https:\/\/www.cerege.fr\/wp-content\/uploads\/2023\/01\/ECCOREV-1.png 322w\" sizes=\"(max-width: 300px) 100vw, 300px\" \/><\/a>\n\t\t\t<\/div><\/figure><figure class='gallery-item'>\n\t\t\t<div class='gallery-icon landscape'>\n\t\t\t\t<a data-elementor-open-lightbox=\"yes\" data-elementor-lightbox-slideshow=\"11e209f4\" data-elementor-lightbox-title=\"Carnot_Eau-Environnement\" data-e-action-hash=\"#elementor-action%3Aaction%3Dlightbox%26settings%3DeyJpZCI6MTU3OTMsInVybCI6Imh0dHBzOlwvXC93d3cuY2VyZWdlLmZyXC93cC1jb250ZW50XC91cGxvYWRzXC8yMDIzXC8wMVwvQ2Fybm90X0VhdS1FbnZpcm9ubmVtZW50LnBuZyIsInNsaWRlc2hvdyI6IjExZTIwOWY0In0%3D\" href='https:\/\/www.cerege.fr\/wp-content\/uploads\/2023\/01\/Carnot_Eau-Environnement.png'><img decoding=\"async\" width=\"300\" height=\"123\" src=\"https:\/\/www.cerege.fr\/wp-content\/uploads\/2023\/01\/Carnot_Eau-Environnement-300x123.png\" class=\"attachment-medium size-medium\" alt=\"\" srcset=\"https:\/\/www.cerege.fr\/wp-content\/uploads\/2023\/01\/Carnot_Eau-Environnement-300x123.png 300w, https:\/\/www.cerege.fr\/wp-content\/uploads\/2023\/01\/Carnot_Eau-Environnement-18x7.png 18w, https:\/\/www.cerege.fr\/wp-content\/uploads\/2023\/01\/Carnot_Eau-Environnement.png 311w\" sizes=\"(max-width: 300px) 100vw, 300px\" \/><\/a>\n\t\t\t<\/div><\/figure><figure class='gallery-item'>\n\t\t\t<div class='gallery-icon landscape'>\n\t\t\t\t<a data-elementor-open-lightbox=\"yes\" data-elementor-lightbox-slideshow=\"11e209f4\" data-elementor-lightbox-title=\"Projet_Plasma2\" data-e-action-hash=\"#elementor-action%3Aaction%3Dlightbox%26settings%3DeyJpZCI6MTU3NzksInVybCI6Imh0dHBzOlwvXC93d3cuY2VyZWdlLmZyXC93cC1jb250ZW50XC91cGxvYWRzXC8yMDIzXC8wMVwvUHJvamV0X1BsYXNtYTIuanBnIiwic2xpZGVzaG93IjoiMTFlMjA5ZjQifQ%3D%3D\" href='https:\/\/www.cerege.fr\/wp-content\/uploads\/2023\/01\/Projet_Plasma2.jpg'><img loading=\"lazy\" decoding=\"async\" width=\"300\" height=\"188\" src=\"https:\/\/www.cerege.fr\/wp-content\/uploads\/2023\/01\/Projet_Plasma2-300x188.jpg\" class=\"attachment-medium size-medium\" alt=\"\" srcset=\"https:\/\/www.cerege.fr\/wp-content\/uploads\/2023\/01\/Projet_Plasma2-300x188.jpg 300w, https:\/\/www.cerege.fr\/wp-content\/uploads\/2023\/01\/Projet_Plasma2-18x12.jpg 18w, https:\/\/www.cerege.fr\/wp-content\/uploads\/2023\/01\/Projet_Plasma2.jpg 400w\" sizes=\"(max-width: 300px) 100vw, 300px\" \/><\/a>\n\t\t\t<\/div><\/figure><figure class='gallery-item'>\n\t\t\t<div class='gallery-icon landscape'>\n\t\t\t\t<a data-elementor-open-lightbox=\"yes\" data-elementor-lightbox-slideshow=\"11e209f4\" data-elementor-lightbox-title=\"Projet_Plasma\" data-e-action-hash=\"#elementor-action%3Aaction%3Dlightbox%26settings%3DeyJpZCI6MTU3NzcsInVybCI6Imh0dHBzOlwvXC93d3cuY2VyZWdlLmZyXC93cC1jb250ZW50XC91cGxvYWRzXC8yMDIzXC8wMVwvUHJvamV0X1BsYXNtYS5qcGciLCJzbGlkZXNob3ciOiIxMWUyMDlmNCJ9\" href='https:\/\/www.cerege.fr\/wp-content\/uploads\/2023\/01\/Projet_Plasma.jpg'><img loading=\"lazy\" decoding=\"async\" width=\"300\" height=\"188\" src=\"https:\/\/www.cerege.fr\/wp-content\/uploads\/2023\/01\/Projet_Plasma-300x188.jpg\" class=\"attachment-medium size-medium\" alt=\"\" srcset=\"https:\/\/www.cerege.fr\/wp-content\/uploads\/2023\/01\/Projet_Plasma-300x188.jpg 300w, https:\/\/www.cerege.fr\/wp-content\/uploads\/2023\/01\/Projet_Plasma-18x12.jpg 18w, https:\/\/www.cerege.fr\/wp-content\/uploads\/2023\/01\/Projet_Plasma.jpg 400w\" sizes=\"(max-width: 300px) 100vw, 300px\" \/><\/a>\n\t\t\t<\/div><\/figure>\n\t\t<\/div>\n\t\t<\/div>\n\t\t\t\t\t\t<\/div>\n\t\t\t\t<\/div>\n\t\t\t\t\t<\/div>\n\t\t<\/div>\n\t\t\t\t\t<\/div>\n\t\t<\/section>\n\t\t\t\t<div class=\"elementor-element elementor-element-616c7366 elementor-widget elementor-widget-spacer\" data-id=\"616c7366\" data-element_type=\"widget\" data-e-type=\"widget\" data-widget_type=\"spacer.default\">\n\t\t\t\t<div class=\"elementor-widget-container\">\n\t\t\t\t\t\t\t<div class=\"elementor-spacer\">\n\t\t\t<div class=\"elementor-spacer-inner\"><\/div>\n\t\t<\/div>\n\t\t\t\t\t\t<\/div>\n\t\t\t\t<\/div>\n\t\t\t\t<div class=\"elementor-element elementor-element-6dd97448 elementor-widget elementor-widget-spacer\" data-id=\"6dd97448\" data-element_type=\"widget\" data-e-type=\"widget\" data-widget_type=\"spacer.default\">\n\t\t\t\t<div class=\"elementor-widget-container\">\n\t\t\t\t\t\t\t<div class=\"elementor-spacer\">\n\t\t\t<div class=\"elementor-spacer-inner\"><\/div>\n\t\t<\/div>\n\t\t\t\t\t\t<\/div>\n\t\t\t\t<\/div>\n\t\t\t\t\t<\/div>\n\t\t<\/div>\n\t\t\t\t\t<\/div>\n\t\t<\/section>\n\t\t\t\t<\/div>\n\t\t","protected":false},"excerpt":{"rendered":"<p>Le projet PLASMA propose d\u2019\u00e9tablir une cartographie d\u00e9taill\u00e9e de la pollution des MPs en baie de Marseille et d\u2019en comprendre la dynamique spatio-temporelle. Le projet se concentre sur 2 axes: [&hellip;]<\/p>\n","protected":false},"author":551,"featured_media":16058,"parent":4955,"menu_order":0,"comment_status":"closed","ping_status":"closed","template":"","meta":{"_acf_changed":false,"footnotes":""},"class_list":["post-15784","page","type-page","status-publish","has-post-thumbnail","hentry"],"acf":[],"publishpress_future_action":{"enabled":false,"date":"2026-04-28 10:27:50","action":"change-status","newStatus":"draft","terms":[],"taxonomy":"","extraData":[]},"publishpress_future_workflow_manual_trigger":{"enabledWorkflows":[]},"_links":{"self":[{"href":"https:\/\/www.cerege.fr\/en\/wp-json\/wp\/v2\/pages\/15784","targetHints":{"allow":["GET"]}}],"collection":[{"href":"https:\/\/www.cerege.fr\/en\/wp-json\/wp\/v2\/pages"}],"about":[{"href":"https:\/\/www.cerege.fr\/en\/wp-json\/wp\/v2\/types\/page"}],"author":[{"embeddable":true,"href":"https:\/\/www.cerege.fr\/en\/wp-json\/wp\/v2\/users\/551"}],"replies":[{"embeddable":true,"href":"https:\/\/www.cerege.fr\/en\/wp-json\/wp\/v2\/comments?post=15784"}],"version-history":[{"count":5,"href":"https:\/\/www.cerege.fr\/en\/wp-json\/wp\/v2\/pages\/15784\/revisions"}],"predecessor-version":[{"id":27286,"href":"https:\/\/www.cerege.fr\/en\/wp-json\/wp\/v2\/pages\/15784\/revisions\/27286"}],"up":[{"embeddable":true,"href":"https:\/\/www.cerege.fr\/en\/wp-json\/wp\/v2\/pages\/4955"}],"wp:featuredmedia":[{"embeddable":true,"href":"https:\/\/www.cerege.fr\/en\/wp-json\/wp\/v2\/media\/16058"}],"wp:attachment":[{"href":"https:\/\/www.cerege.fr\/en\/wp-json\/wp\/v2\/media?parent=15784"}],"curies":[{"name":"wp","href":"https:\/\/api.w.org\/{rel}","templated":true}]}}