{"id":16039,"date":"2023-01-25T12:26:35","date_gmt":"2023-01-25T11:26:35","guid":{"rendered":"https:\/\/www.cerege.fr\/?page_id=16039"},"modified":"2025-04-01T12:32:03","modified_gmt":"2025-04-01T10:32:03","slug":"anr-jcjc-miocarb","status":"publish","type":"page","link":"https:\/\/www.cerege.fr\/en\/sciences\/climat\/projets-climat\/anr-jcjc-miocarb\/","title":{"rendered":"ANR JCJC MioCarb"},"content":{"rendered":"\t\t<div data-elementor-type=\"wp-page\" data-elementor-id=\"16039\" class=\"elementor elementor-16039\" data-elementor-post-type=\"page\">\n\t\t\t\t\t\t<section class=\"elementor-section elementor-top-section elementor-element elementor-element-6aa0a37e elementor-section-full_width elementor-section-height-min-height elementor-section-height-default elementor-section-items-middle\" data-id=\"6aa0a37e\" data-element_type=\"section\" data-e-type=\"section\" data-settings=\"{&quot;background_background&quot;:&quot;classic&quot;}\">\n\t\t\t\t\t\t<div class=\"elementor-container elementor-column-gap-default\">\n\t\t\t\t\t<div class=\"elementor-column elementor-col-100 elementor-top-column elementor-element elementor-element-4e1ad541\" data-id=\"4e1ad541\" data-element_type=\"column\" data-e-type=\"column\">\n\t\t\t<div class=\"elementor-widget-wrap\">\n\t\t\t\t\t\t\t<\/div>\n\t\t<\/div>\n\t\t\t\t\t<\/div>\n\t\t<\/section>\n\t\t\t\t<section class=\"elementor-section elementor-top-section elementor-element elementor-element-e41b226 elementor-section-boxed elementor-section-height-default elementor-section-height-default\" data-id=\"e41b226\" data-element_type=\"section\" data-e-type=\"section\">\n\t\t\t\t\t\t<div class=\"elementor-container elementor-column-gap-default\">\n\t\t\t\t\t<div class=\"elementor-column elementor-col-100 elementor-top-column elementor-element elementor-element-75917789\" data-id=\"75917789\" data-element_type=\"column\" data-e-type=\"column\">\n\t\t\t<div class=\"elementor-widget-wrap elementor-element-populated\">\n\t\t\t\t\t\t<div class=\"elementor-element elementor-element-4f73cbea elementor-widget elementor-widget-shortcode\" data-id=\"4f73cbea\" data-element_type=\"widget\" data-e-type=\"widget\" data-widget_type=\"shortcode.default\">\n\t\t\t\t<div class=\"elementor-widget-container\">\n\t\t\t\t\t\t\t<div class=\"elementor-shortcode\"><nav aria-label=\"breadcrumbs\">\n            <div class=\"breadcrumb-container theme1\">\n                <ol>\n                                    <\/ol>\n            <\/div>\n        <\/nav>    <script type=\"application\/ld+json\">\n        {\n            \"@context\": \"http:\/\/schema.org\",\n            \"@type\": \"BreadcrumbList\",\n            \"itemListElement\": [\n                            ]\n        }\n    <\/script>\n   \n    <script>\n            <\/script>\n<\/div>\n\t\t\t\t\t\t<\/div>\n\t\t\t\t<\/div>\n\t\t\t\t<section class=\"elementor-section elementor-inner-section elementor-element elementor-element-2ad19268 elementor-section-boxed elementor-section-height-default elementor-section-height-default\" data-id=\"2ad19268\" data-element_type=\"section\" data-e-type=\"section\">\n\t\t\t\t\t\t<div class=\"elementor-container elementor-column-gap-wide\">\n\t\t\t\t\t<div class=\"elementor-column elementor-col-50 elementor-inner-column elementor-element elementor-element-6ce439a7\" data-id=\"6ce439a7\" data-element_type=\"column\" data-e-type=\"column\">\n\t\t\t<div class=\"elementor-widget-wrap elementor-element-populated\">\n\t\t\t\t\t\t<div class=\"elementor-element elementor-element-a67b8cb elementor-widget elementor-widget-text-editor\" data-id=\"a67b8cb\" data-element_type=\"widget\" data-e-type=\"widget\" data-widget_type=\"text-editor.default\">\n\t\t\t\t<div class=\"elementor-widget-container\">\n\t\t\t\t\t\t\t\t\t<p>Le projet <strong>MioCarb<\/strong> a pour objectif de comprendre la mise en place du fonctionnement du cycle du carbone moderne entre la fin du Mioc\u00e8ne et le d\u00e9but du Plioc\u00e8ne (10-4 Ma), p\u00e9riode ayant enregistr\u00e9e un changement climatique globale.<\/p><p>En effet, dans cet intervalle de temps, une diminution globale de la temp\u00e9rature et une augmentation du gradient latitudinale de temp\u00e9rature des eaux marines de surface sont mises en relation avec une forte diminution de la concentration en CO2 atmosph\u00e9rique. Entre 9 Ma et 4 Ma, une augmentation des flux s\u00e9dimentaires carbonat\u00e9s et siliceux oc\u00e9aniques appel\u00e9e Floraison Biog\u00e8ne (Biogenic Bloom) est observ\u00e9e de mani\u00e8re synchrone \u00e0 ce changement climatique.<\/p><p>La production carbonat\u00e9e p\u00e9lagique \u2013 syst\u00e8me important dans le cycle du carbone \u2013 r\u00e9sulte majoritairement de l\u2019activit\u00e9 du nannoplancton calcaire, algues photosynth\u00e9tiques produisant des plaques calcaires microm\u00e9triques dont font partie les coccolithes. La Floraison Biog\u00e8ne, est donc caract\u00e9ris\u00e9e par une augmentation du taux d\u2019accumulation des nannofossiles calcaires.<span style=\"font-family: var( --e-global-typography-text-font-family ), Sans-serif; color: var( --e-global-color-text ); font-size: 1rem;\">Cependant, un changement dans la dynamique macro\u00e9volutive du nannoplancton calcaire marqu\u00e9 par la diminution de leur diversit\u00e9 et la diminution de la taille des nannofossiles est aussi observ\u00e9 dans cet intervalle de temps. Il s\u2019op\u00e8re donc en quelques millions d\u2019ann\u00e9es un ensemble de modifications macro\u00e9volutives et biog\u00e9ochimiques importantes durant la transition du cycle du carbone au Mioc\u00e8ne sup\u00e9rieur-Plioc\u00e8ne inf\u00e9rieur. Le projet MioCarb cherche \u00e0 comprendre l\u2019origine de la Floraison Biog\u00e8ne et son impact sur le cycle du carbone.<\/span><\/p><p>Afin de r\u00e9pondre \u00e0 ces questions, plusieurs approches compl\u00e9mentaires seront mises en \u0153uvre sous forme de trois axes de recherche :<\/p><ul><li>La quantification des taux d\u2019accumulation en carbonate de calcium et mati\u00e8re organique ainsi que des nannofossiles calcaires en prenant en compte leur abondance et leur masse sur 10 forages oc\u00e9aniques. Cette partie du projet utilisera des m\u00e9thodes de quantification du CaCO3 par calcim\u00e9trie automatis\u00e9e et COT par analyseur \u00e9l\u00e9mentaire. La quantification de l\u2019abondance absolue en nannofossiles calcaires et de leur masse s\u2019appuie sur l\u2019acquisition d\u2019un microscope optique automatis\u00e9 et l\u2019utilisation du syst\u00e8me de reconnaissance par intelligence artificielle des coccolithes (SYRACO) d\u00e9velopp\u00e9 au CEREGE. Cette \u00e9tude \u00e9valuera donc l\u2019impact des changements macro\u00e9volutifs et pal\u00e9oc\u00e9anographique sur la production s\u00e9dimentaire p\u00e9lagique au cours de la Floraison Biog\u00e8ne.<\/li><li>La quantification \u00e0 l\u2019\u00e9chelle globale sur un ensemble de forage oc\u00e9anique des taux d\u2019accumulation en carbonate de calcium. Cette partie du projet se concentrera sur l\u2019exploration des donn\u00e9es abondantes des campagnes de forages oc\u00e9aniques et l\u2019utilisation des reconstructions des bassins oc\u00e9aniques r\u00e9centes par l\u2019\u00e9quipe australienne EarthByte. Cet axe quantifiera aussi l\u2019\u00e9volution de la CCD et surtout les budgets s\u00e9dimentaires p\u00e9lagiques et la quantit\u00e9 de carbone enfoui au cours de la Floraison Biog\u00e8ne.\u2028\u2028. l\u2019\u00e9tude par mod\u00e9lisation climatique en prenant en compte les sp\u00e9cificit\u00e9s climatiques, biologiques, s\u00e9dimentaires et g\u00e9ographiques de la fin du Mioc\u00e8ne afin d\u2019identifier l\u2019origine de la Floraison Biog\u00e8ne et son impact sur le cycle du carbone.<\/li><\/ul><p>Ce projet est men\u00e9 par une \u00e9quipe scientifique pluridisciplinaire compos\u00e9e de micropal\u00e9ontologues, pal\u00e9oc\u00e9anographes, s\u00e9dimentologues, mod\u00e9lisateur climatique, ing\u00e9nieur en microscopie optique automatis\u00e9e et technicien de laboratoire de micropal\u00e9ontologie du CEREGE, AMU et de l\u2019Universit\u00e9 de Sydney.<\/p>\t\t\t\t\t\t\t\t<\/div>\n\t\t\t\t<\/div>\n\t\t\t\t\t<\/div>\n\t\t<\/div>\n\t\t\t\t<div class=\"elementor-column elementor-col-50 elementor-inner-column elementor-element elementor-element-4db1068c\" data-id=\"4db1068c\" data-element_type=\"column\" data-e-type=\"column\">\n\t\t\t<div class=\"elementor-widget-wrap elementor-element-populated\">\n\t\t\t\t\t\t<div class=\"elementor-element elementor-element-55ac79cb elementor-widget elementor-widget-text-editor\" data-id=\"55ac79cb\" data-element_type=\"widget\" data-e-type=\"widget\" data-widget_type=\"text-editor.default\">\n\t\t\t\t<div class=\"elementor-widget-container\">\n\t\t\t\t\t\t\t\t\t<h2><span style=\"font-weight: normal;\">2022-2025 : ANR JCJC MioCarb<br \/><\/span><\/h2><p>Responsable CEREGE : <strong><a href=\"https:\/\/www.cerege.fr\/fr\/cerege\/baptiste-sucheras-marx\/\">Baptiste Such\u00e9ras-Marx<\/a><\/strong><\/p><p><br \/><em>La transition Mio-Pliocene : mise en place du cycle du carbone moderne<\/em><\/p><p class=\"Standard\"><strong>Partenaires<\/strong> : CEREGE, AMU<\/p><p><strong>Collaborateurs \u00e9trangers: <\/strong>Universit\u00e9 de Sydney<\/p>\t\t\t\t\t\t\t\t<\/div>\n\t\t\t\t<\/div>\n\t\t\t\t<div class=\"elementor-element elementor-element-13423f20 elementor-widget elementor-widget-image\" data-id=\"13423f20\" data-element_type=\"widget\" data-e-type=\"widget\" data-widget_type=\"image.default\">\n\t\t\t\t<div class=\"elementor-widget-container\">\n\t\t\t\t\t\t\t\t\t\t\t\t\t\t\t<img fetchpriority=\"high\" decoding=\"async\" width=\"800\" height=\"500\" src=\"https:\/\/www.cerege.fr\/wp-content\/uploads\/2023\/01\/anr_miocarb-1024x640.png\" class=\"attachment-large size-large wp-image-16035\" alt=\"\" srcset=\"https:\/\/www.cerege.fr\/wp-content\/uploads\/2023\/01\/anr_miocarb-1024x640.png 1024w, https:\/\/www.cerege.fr\/wp-content\/uploads\/2023\/01\/anr_miocarb-300x187.png 300w, https:\/\/www.cerege.fr\/wp-content\/uploads\/2023\/01\/anr_miocarb-768x480.png 768w, https:\/\/www.cerege.fr\/wp-content\/uploads\/2023\/01\/anr_miocarb-1536x960.png 1536w, https:\/\/www.cerege.fr\/wp-content\/uploads\/2023\/01\/anr_miocarb.png 2048w, https:\/\/www.cerege.fr\/wp-content\/uploads\/2023\/01\/anr_miocarb-18x12.png 18w, https:\/\/www.cerege.fr\/wp-content\/uploads\/2023\/01\/anr_miocarb-1320x825.png 1320w\" sizes=\"(max-width: 800px) 100vw, 800px\" \/>\t\t\t\t\t\t\t\t\t\t\t\t\t\t\t<\/div>\n\t\t\t\t<\/div>\n\t\t\t\t\t<\/div>\n\t\t<\/div>\n\t\t\t\t\t<\/div>\n\t\t<\/section>\n\t\t\t\t<div class=\"elementor-element elementor-element-20edad9d elementor-widget elementor-widget-spacer\" data-id=\"20edad9d\" data-element_type=\"widget\" data-e-type=\"widget\" data-widget_type=\"spacer.default\">\n\t\t\t\t<div class=\"elementor-widget-container\">\n\t\t\t\t\t\t\t<div class=\"elementor-spacer\">\n\t\t\t<div class=\"elementor-spacer-inner\"><\/div>\n\t\t<\/div>\n\t\t\t\t\t\t<\/div>\n\t\t\t\t<\/div>\n\t\t\t\t<div class=\"elementor-element elementor-element-47722b0d elementor-widget elementor-widget-spacer\" data-id=\"47722b0d\" data-element_type=\"widget\" data-e-type=\"widget\" data-widget_type=\"spacer.default\">\n\t\t\t\t<div class=\"elementor-widget-container\">\n\t\t\t\t\t\t\t<div class=\"elementor-spacer\">\n\t\t\t<div class=\"elementor-spacer-inner\"><\/div>\n\t\t<\/div>\n\t\t\t\t\t\t<\/div>\n\t\t\t\t<\/div>\n\t\t\t\t\t<\/div>\n\t\t<\/div>\n\t\t\t\t\t<\/div>\n\t\t<\/section>\n\t\t\t\t<\/div>\n\t\t","protected":false},"excerpt":{"rendered":"<p>Le projet MioCarb a pour objectif de comprendre la mise en place du fonctionnement du cycle du carbone moderne entre la fin du Mioc\u00e8ne et le d\u00e9but du Plioc\u00e8ne (10-4 [&hellip;]<\/p>\n","protected":false},"author":551,"featured_media":16058,"parent":4955,"menu_order":0,"comment_status":"closed","ping_status":"closed","template":"","meta":{"_acf_changed":false,"footnotes":""},"class_list":["post-16039","page","type-page","status-publish","has-post-thumbnail","hentry"],"acf":[],"publishpress_future_action":{"enabled":false,"date":"2026-04-20 07:11:39","action":"change-status","newStatus":"draft","terms":[],"taxonomy":"","extraData":[]},"publishpress_future_workflow_manual_trigger":{"enabledWorkflows":[]},"_links":{"self":[{"href":"https:\/\/www.cerege.fr\/en\/wp-json\/wp\/v2\/pages\/16039","targetHints":{"allow":["GET"]}}],"collection":[{"href":"https:\/\/www.cerege.fr\/en\/wp-json\/wp\/v2\/pages"}],"about":[{"href":"https:\/\/www.cerege.fr\/en\/wp-json\/wp\/v2\/types\/page"}],"author":[{"embeddable":true,"href":"https:\/\/www.cerege.fr\/en\/wp-json\/wp\/v2\/users\/551"}],"replies":[{"embeddable":true,"href":"https:\/\/www.cerege.fr\/en\/wp-json\/wp\/v2\/comments?post=16039"}],"version-history":[{"count":5,"href":"https:\/\/www.cerege.fr\/en\/wp-json\/wp\/v2\/pages\/16039\/revisions"}],"predecessor-version":[{"id":27284,"href":"https:\/\/www.cerege.fr\/en\/wp-json\/wp\/v2\/pages\/16039\/revisions\/27284"}],"up":[{"embeddable":true,"href":"https:\/\/www.cerege.fr\/en\/wp-json\/wp\/v2\/pages\/4955"}],"wp:featuredmedia":[{"embeddable":true,"href":"https:\/\/www.cerege.fr\/en\/wp-json\/wp\/v2\/media\/16058"}],"wp:attachment":[{"href":"https:\/\/www.cerege.fr\/en\/wp-json\/wp\/v2\/media?parent=16039"}],"curies":[{"name":"wp","href":"https:\/\/api.w.org\/{rel}","templated":true}]}}