{"id":16093,"date":"2023-01-27T11:00:28","date_gmt":"2023-01-27T10:00:28","guid":{"rendered":"https:\/\/www.cerege.fr\/?page_id=16093"},"modified":"2025-04-01T12:44:05","modified_gmt":"2025-04-01T10:44:05","slug":"insu-lefe-ec2co","status":"publish","type":"page","link":"https:\/\/www.cerege.fr\/en\/sciences\/climat\/projets-climat\/insu-lefe-ec2co\/","title":{"rendered":"INSU-LEFE\/ EC2CO CHEMICAL"},"content":{"rendered":"\t\t<div data-elementor-type=\"wp-page\" data-elementor-id=\"16093\" class=\"elementor elementor-16093\" data-elementor-post-type=\"page\">\n\t\t\t\t\t\t<section class=\"elementor-section elementor-top-section elementor-element elementor-element-b14f3e5 elementor-section-full_width elementor-section-height-min-height elementor-section-height-default elementor-section-items-middle\" data-id=\"b14f3e5\" data-element_type=\"section\" data-e-type=\"section\" data-settings=\"{&quot;background_background&quot;:&quot;classic&quot;}\">\n\t\t\t\t\t\t<div class=\"elementor-container elementor-column-gap-default\">\n\t\t\t\t\t<div class=\"elementor-column elementor-col-100 elementor-top-column elementor-element elementor-element-525f9fbb\" data-id=\"525f9fbb\" data-element_type=\"column\" data-e-type=\"column\">\n\t\t\t<div class=\"elementor-widget-wrap\">\n\t\t\t\t\t\t\t<\/div>\n\t\t<\/div>\n\t\t\t\t\t<\/div>\n\t\t<\/section>\n\t\t\t\t<section class=\"elementor-section elementor-top-section elementor-element elementor-element-705f81a5 elementor-section-boxed elementor-section-height-default elementor-section-height-default\" data-id=\"705f81a5\" data-element_type=\"section\" data-e-type=\"section\">\n\t\t\t\t\t\t<div class=\"elementor-container elementor-column-gap-default\">\n\t\t\t\t\t<div class=\"elementor-column elementor-col-100 elementor-top-column elementor-element elementor-element-51715a98\" data-id=\"51715a98\" data-element_type=\"column\" data-e-type=\"column\">\n\t\t\t<div class=\"elementor-widget-wrap elementor-element-populated\">\n\t\t\t\t\t\t<div class=\"elementor-element elementor-element-9e3a72d elementor-widget elementor-widget-shortcode\" data-id=\"9e3a72d\" data-element_type=\"widget\" data-e-type=\"widget\" data-widget_type=\"shortcode.default\">\n\t\t\t\t<div class=\"elementor-widget-container\">\n\t\t\t\t\t\t\t<div class=\"elementor-shortcode\"><nav aria-label=\"breadcrumbs\">\n            <div class=\"breadcrumb-container theme1\">\n                <ol>\n                                    <\/ol>\n            <\/div>\n        <\/nav>    <script type=\"application\/ld+json\">\n        {\n            \"@context\": \"http:\/\/schema.org\",\n            \"@type\": \"BreadcrumbList\",\n            \"itemListElement\": [\n                            ]\n        }\n    <\/script>\n   \n    <script>\n            <\/script>\n<\/div>\n\t\t\t\t\t\t<\/div>\n\t\t\t\t<\/div>\n\t\t\t\t<section class=\"elementor-section elementor-inner-section elementor-element elementor-element-2e14fb9f elementor-section-boxed elementor-section-height-default elementor-section-height-default\" data-id=\"2e14fb9f\" data-element_type=\"section\" data-e-type=\"section\">\n\t\t\t\t\t\t<div class=\"elementor-container elementor-column-gap-wide\">\n\t\t\t\t\t<div class=\"elementor-column elementor-col-50 elementor-inner-column elementor-element elementor-element-330dc550\" data-id=\"330dc550\" data-element_type=\"column\" data-e-type=\"column\">\n\t\t\t<div class=\"elementor-widget-wrap elementor-element-populated\">\n\t\t\t\t\t\t<div class=\"elementor-element elementor-element-3116ca38 elementor-widget elementor-widget-text-editor\" data-id=\"3116ca38\" data-element_type=\"widget\" data-e-type=\"widget\" data-widget_type=\"text-editor.default\">\n\t\t\t\t<div class=\"elementor-widget-container\">\n\t\t\t\t\t\t\t\t\t<p>Le projet INSU\/LEFE &#8220;CHEMICAL&#8221; exploite ce nouvel \u00e9quipement en s&#8217;int\u00e9ressant aux changements de mousson dans deux zones cl\u00e9 proches de l&#8217;\u00e9quateur : l&#8217;Afrique de l&#8217;Ouest et le Pacifique Est-\u00e9quatorial, en s&#8217;int\u00e9ressant \u00e0 la signature isotopique (dD) des n-alcanes (pour reconstruire les pr\u00e9cipitations continentales) et des alc\u00e8nones (pour reconstruire les salinit\u00e9 de l&#8217;oc\u00e9an de surface) extraites de s\u00e9quences s\u00e9dimentaires terrestres et marines.<\/p><p>Ces nouveaux outils isotopiques issus de la mati\u00e8re organique s\u00e9dimentaire viennent compl\u00e9ter le parc analytique d\u00e9di\u00e9 aux \u00e9tudes des changements du cycle de l&#8217;eau aux basses latitudes.<br \/><br \/><\/p>\t\t\t\t\t\t\t\t<\/div>\n\t\t\t\t<\/div>\n\t\t\t\t\t<\/div>\n\t\t<\/div>\n\t\t\t\t<div class=\"elementor-column elementor-col-50 elementor-inner-column elementor-element elementor-element-4866662e\" data-id=\"4866662e\" data-element_type=\"column\" data-e-type=\"column\">\n\t\t\t<div class=\"elementor-widget-wrap elementor-element-populated\">\n\t\t\t\t\t\t<div class=\"elementor-element elementor-element-e6559f elementor-widget elementor-widget-text-editor\" data-id=\"e6559f\" data-element_type=\"widget\" data-e-type=\"widget\" data-widget_type=\"text-editor.default\">\n\t\t\t\t<div class=\"elementor-widget-container\">\n\t\t\t\t\t\t\t\t\t<h2><span style=\"font-weight: normal;\">2020-2022 : INSU-LEFE\/EC2CO CHEMICAL<br \/><\/span><\/h2><p>Responsable CEREGE : <br \/><a href=\"https:\/\/www.cerege.fr\/fr\/cerege\/yannick-garcin\/\"><strong>Yannick Garcin <\/strong><\/a>et <strong><a href=\"https:\/\/www.cerege.fr\/fr\/cerege\/guillaume-leduc\/\">Guillaume Leduc<\/a><br \/><br \/><\/strong><em>Changements climatiques pass\u00e9s en Afrique Centrale et en Am\u00e9rique Centrale &#8211; Une approche isotopique et mol\u00e9culaire<\/em><\/p>\t\t\t\t\t\t\t\t<\/div>\n\t\t\t\t<\/div>\n\t\t\t\t\t<\/div>\n\t\t<\/div>\n\t\t\t\t\t<\/div>\n\t\t<\/section>\n\t\t\t\t<div class=\"elementor-element elementor-element-156a65b elementor-widget elementor-widget-spacer\" data-id=\"156a65b\" data-element_type=\"widget\" data-e-type=\"widget\" data-widget_type=\"spacer.default\">\n\t\t\t\t<div class=\"elementor-widget-container\">\n\t\t\t\t\t\t\t<div class=\"elementor-spacer\">\n\t\t\t<div class=\"elementor-spacer-inner\"><\/div>\n\t\t<\/div>\n\t\t\t\t\t\t<\/div>\n\t\t\t\t<\/div>\n\t\t\t\t<div class=\"elementor-element elementor-element-1eda90fe elementor-widget elementor-widget-spacer\" data-id=\"1eda90fe\" data-element_type=\"widget\" data-e-type=\"widget\" data-widget_type=\"spacer.default\">\n\t\t\t\t<div class=\"elementor-widget-container\">\n\t\t\t\t\t\t\t<div class=\"elementor-spacer\">\n\t\t\t<div class=\"elementor-spacer-inner\"><\/div>\n\t\t<\/div>\n\t\t\t\t\t\t<\/div>\n\t\t\t\t<\/div>\n\t\t\t\t\t<\/div>\n\t\t<\/div>\n\t\t\t\t\t<\/div>\n\t\t<\/section>\n\t\t\t\t<\/div>\n\t\t","protected":false},"excerpt":{"rendered":"<p>Le projet INSU\/LEFE &#8220;CHEMICAL&#8221; exploite ce nouvel \u00e9quipement en s&#8217;int\u00e9ressant aux changements de mousson dans deux zones cl\u00e9 proches de l&#8217;\u00e9quateur : l&#8217;Afrique de l&#8217;Ouest et le Pacifique Est-\u00e9quatorial, en [&hellip;]<\/p>\n","protected":false},"author":551,"featured_media":16058,"parent":4955,"menu_order":0,"comment_status":"closed","ping_status":"closed","template":"","meta":{"_acf_changed":false,"footnotes":""},"class_list":["post-16093","page","type-page","status-publish","has-post-thumbnail","hentry"],"acf":[],"publishpress_future_action":{"enabled":false,"date":"2026-05-21 23:01:35","action":"change-status","newStatus":"draft","terms":[],"taxonomy":"","extraData":[]},"publishpress_future_workflow_manual_trigger":{"enabledWorkflows":[]},"_links":{"self":[{"href":"https:\/\/www.cerege.fr\/en\/wp-json\/wp\/v2\/pages\/16093","targetHints":{"allow":["GET"]}}],"collection":[{"href":"https:\/\/www.cerege.fr\/en\/wp-json\/wp\/v2\/pages"}],"about":[{"href":"https:\/\/www.cerege.fr\/en\/wp-json\/wp\/v2\/types\/page"}],"author":[{"embeddable":true,"href":"https:\/\/www.cerege.fr\/en\/wp-json\/wp\/v2\/users\/551"}],"replies":[{"embeddable":true,"href":"https:\/\/www.cerege.fr\/en\/wp-json\/wp\/v2\/comments?post=16093"}],"version-history":[{"count":5,"href":"https:\/\/www.cerege.fr\/en\/wp-json\/wp\/v2\/pages\/16093\/revisions"}],"predecessor-version":[{"id":27291,"href":"https:\/\/www.cerege.fr\/en\/wp-json\/wp\/v2\/pages\/16093\/revisions\/27291"}],"up":[{"embeddable":true,"href":"https:\/\/www.cerege.fr\/en\/wp-json\/wp\/v2\/pages\/4955"}],"wp:featuredmedia":[{"embeddable":true,"href":"https:\/\/www.cerege.fr\/en\/wp-json\/wp\/v2\/media\/16058"}],"wp:attachment":[{"href":"https:\/\/www.cerege.fr\/en\/wp-json\/wp\/v2\/media?parent=16093"}],"curies":[{"name":"wp","href":"https:\/\/api.w.org\/{rel}","templated":true}]}}