{"id":16138,"date":"2023-01-27T11:38:19","date_gmt":"2023-01-27T10:38:19","guid":{"rendered":"https:\/\/www.cerege.fr\/?page_id=16138"},"modified":"2025-04-01T12:46:43","modified_gmt":"2025-04-01T10:46:43","slug":"shindig","status":"publish","type":"page","link":"https:\/\/www.cerege.fr\/en\/sciences\/climat\/projets-climat\/ramdam\/","title":{"rendered":"RAMDAM"},"content":{"rendered":"\t\t<div data-elementor-type=\"wp-page\" data-elementor-id=\"16138\" class=\"elementor elementor-16138\" data-elementor-post-type=\"page\">\n\t\t\t\t\t\t<section class=\"elementor-section elementor-top-section elementor-element elementor-element-47a54b32 elementor-section-full_width elementor-section-height-min-height elementor-section-height-default elementor-section-items-middle\" data-id=\"47a54b32\" data-element_type=\"section\" data-e-type=\"section\" data-settings=\"{&quot;background_background&quot;:&quot;classic&quot;}\">\n\t\t\t\t\t\t<div class=\"elementor-container elementor-column-gap-default\">\n\t\t\t\t\t<div class=\"elementor-column elementor-col-100 elementor-top-column elementor-element elementor-element-12ca70ec\" data-id=\"12ca70ec\" data-element_type=\"column\" data-e-type=\"column\">\n\t\t\t<div class=\"elementor-widget-wrap\">\n\t\t\t\t\t\t\t<\/div>\n\t\t<\/div>\n\t\t\t\t\t<\/div>\n\t\t<\/section>\n\t\t\t\t<section class=\"elementor-section elementor-top-section elementor-element elementor-element-23d07e7f elementor-section-boxed elementor-section-height-default elementor-section-height-default\" data-id=\"23d07e7f\" data-element_type=\"section\" data-e-type=\"section\">\n\t\t\t\t\t\t<div class=\"elementor-container elementor-column-gap-default\">\n\t\t\t\t\t<div class=\"elementor-column elementor-col-100 elementor-top-column elementor-element elementor-element-9aecfb8\" data-id=\"9aecfb8\" data-element_type=\"column\" data-e-type=\"column\">\n\t\t\t<div class=\"elementor-widget-wrap elementor-element-populated\">\n\t\t\t\t\t\t<div class=\"elementor-element elementor-element-1e848ff9 elementor-widget elementor-widget-shortcode\" data-id=\"1e848ff9\" data-element_type=\"widget\" data-e-type=\"widget\" data-widget_type=\"shortcode.default\">\n\t\t\t\t<div class=\"elementor-widget-container\">\n\t\t\t\t\t\t\t<div class=\"elementor-shortcode\"><nav aria-label=\"breadcrumbs\">\n            <div class=\"breadcrumb-container theme1\">\n                <ol>\n                                    <\/ol>\n            <\/div>\n        <\/nav>    <script type=\"application\/ld+json\">\n        {\n            \"@context\": \"http:\/\/schema.org\",\n            \"@type\": \"BreadcrumbList\",\n            \"itemListElement\": [\n                            ]\n        }\n    <\/script>\n   \n    <script>\n            <\/script>\n<\/div>\n\t\t\t\t\t\t<\/div>\n\t\t\t\t<\/div>\n\t\t\t\t<section class=\"elementor-section elementor-inner-section elementor-element elementor-element-4ca6e7f elementor-section-boxed elementor-section-height-default elementor-section-height-default\" data-id=\"4ca6e7f\" data-element_type=\"section\" data-e-type=\"section\">\n\t\t\t\t\t\t<div class=\"elementor-container elementor-column-gap-wide\">\n\t\t\t\t\t<div class=\"elementor-column elementor-col-50 elementor-inner-column elementor-element elementor-element-5f539752\" data-id=\"5f539752\" data-element_type=\"column\" data-e-type=\"column\">\n\t\t\t<div class=\"elementor-widget-wrap elementor-element-populated\">\n\t\t\t\t\t\t<div class=\"elementor-element elementor-element-32cb69d3 elementor-widget elementor-widget-text-editor\" data-id=\"32cb69d3\" data-element_type=\"widget\" data-e-type=\"widget\" data-widget_type=\"text-editor.default\">\n\t\t\t\t<div class=\"elementor-widget-container\">\n\t\t\t\t\t\t\t\t\t<p>Un changement\u00a0climatique \u00e9pisodique engendre-t-il forc\u00e9ment une r\u00e9ponse adaptative\u00a0p\u00e9renne\u00a0(morphologique et\/ou comportementale), ou est-ce que la plasticit\u00e9\u00a0comportementale en\u00a0absorbe les principaux effets ?<\/p><p>Nous proposons de le\u00a0tester sur l\u2019\u00e9cosyst\u00e8me de la basse vall\u00e9e de\u00a0l\u2019Omo (\u00c9thiopie) pendant\u00a0l\u2019\u00e9pisode globalement froid du MIS M2 (3,312 Ma \u2013 3,264 Ma) qui est\u00a0intercal\u00e9\u00a0au sein d\u2019une p\u00e9riode de &gt;2 millions d\u2019ann\u00e9es globalement chaude, stable, et\u00a0de forte\u00a0concentration en CO2.\u00a0Ce projet entre sp\u00e9cialistes des\u00a0g\u00e9osciences (INSU) et de l\u2019\u00e9volution biologique (INEE) vise \u00e0 quantifier, pour\u00a0la premi\u00e8re fois,\u00a0l\u2019effet de la glaciation M2 sur les paysages et la\u00a0v\u00e9g\u00e9tation, et la nature et l\u2019amplitude des r\u00e9ponses adaptatives des faunes\u00a0tropicales \u00e0 un \u00e9v\u00e9nement climatique global, abrupt et court, survenu au cours\u00a0du Plioc\u00e8ne.<\/p><p>Les objectifs sont de mieux\u00a0contraindre les m\u00e9canismes \u00e0 l\u2019origine\u00a0de changements adaptatifs importants au sein des faunes aux \u00e9chelles individuelle,\u00a0sp\u00e9cifique, et de la communaut\u00e9.<\/p>\t\t\t\t\t\t\t\t<\/div>\n\t\t\t\t<\/div>\n\t\t\t\t\t<\/div>\n\t\t<\/div>\n\t\t\t\t<div class=\"elementor-column elementor-col-50 elementor-inner-column elementor-element elementor-element-7df0c9da\" data-id=\"7df0c9da\" data-element_type=\"column\" data-e-type=\"column\">\n\t\t\t<div class=\"elementor-widget-wrap elementor-element-populated\">\n\t\t\t\t\t\t<div class=\"elementor-element elementor-element-47b259c6 elementor-widget elementor-widget-text-editor\" data-id=\"47b259c6\" data-element_type=\"widget\" data-e-type=\"widget\" data-widget_type=\"text-editor.default\">\n\t\t\t\t<div class=\"elementor-widget-container\">\n\t\t\t\t\t\t\t\t\t<h2><span style=\"font-weight: normal;\">2021-2023 : INSU Tellus\/INTERRVIE RAMDAM\u00a0<br \/><\/span><\/h2><p>Responsable CEREGE : <br \/><strong>Doris Barboni<br \/><br \/><\/strong><em>R\u00e9ponses Adaptatives des Mammif\u00e8res D&#8217;Afrique \u00e0 l\u2019\u00e9pisode climatique du MIS M2<\/em><\/p>\t\t\t\t\t\t\t\t<\/div>\n\t\t\t\t<\/div>\n\t\t\t\t\t<\/div>\n\t\t<\/div>\n\t\t\t\t\t<\/div>\n\t\t<\/section>\n\t\t\t\t<div class=\"elementor-element elementor-element-6d9dcacd elementor-widget elementor-widget-spacer\" data-id=\"6d9dcacd\" data-element_type=\"widget\" data-e-type=\"widget\" data-widget_type=\"spacer.default\">\n\t\t\t\t<div class=\"elementor-widget-container\">\n\t\t\t\t\t\t\t<div class=\"elementor-spacer\">\n\t\t\t<div class=\"elementor-spacer-inner\"><\/div>\n\t\t<\/div>\n\t\t\t\t\t\t<\/div>\n\t\t\t\t<\/div>\n\t\t\t\t<div class=\"elementor-element elementor-element-6948ac82 elementor-widget elementor-widget-spacer\" data-id=\"6948ac82\" data-element_type=\"widget\" data-e-type=\"widget\" data-widget_type=\"spacer.default\">\n\t\t\t\t<div class=\"elementor-widget-container\">\n\t\t\t\t\t\t\t<div class=\"elementor-spacer\">\n\t\t\t<div class=\"elementor-spacer-inner\"><\/div>\n\t\t<\/div>\n\t\t\t\t\t\t<\/div>\n\t\t\t\t<\/div>\n\t\t\t\t\t<\/div>\n\t\t<\/div>\n\t\t\t\t\t<\/div>\n\t\t<\/section>\n\t\t\t\t<\/div>\n\t\t","protected":false},"excerpt":{"rendered":"<p>Un changement\u00a0climatique \u00e9pisodique engendre-t-il forc\u00e9ment une r\u00e9ponse adaptative\u00a0p\u00e9renne\u00a0(morphologique et\/ou comportementale), ou est-ce que la plasticit\u00e9\u00a0comportementale en\u00a0absorbe les principaux effets ? Nous proposons de le\u00a0tester sur l\u2019\u00e9cosyst\u00e8me de la basse vall\u00e9e [&hellip;]<\/p>\n","protected":false},"author":551,"featured_media":16058,"parent":4955,"menu_order":0,"comment_status":"closed","ping_status":"closed","template":"","meta":{"_acf_changed":false,"footnotes":""},"class_list":["post-16138","page","type-page","status-publish","has-post-thumbnail","hentry"],"acf":[],"publishpress_future_action":{"enabled":false,"date":"2026-05-11 13:13:41","action":"change-status","newStatus":"draft","terms":[],"taxonomy":"","extraData":[]},"publishpress_future_workflow_manual_trigger":{"enabledWorkflows":[]},"_links":{"self":[{"href":"https:\/\/www.cerege.fr\/en\/wp-json\/wp\/v2\/pages\/16138","targetHints":{"allow":["GET"]}}],"collection":[{"href":"https:\/\/www.cerege.fr\/en\/wp-json\/wp\/v2\/pages"}],"about":[{"href":"https:\/\/www.cerege.fr\/en\/wp-json\/wp\/v2\/types\/page"}],"author":[{"embeddable":true,"href":"https:\/\/www.cerege.fr\/en\/wp-json\/wp\/v2\/users\/551"}],"replies":[{"embeddable":true,"href":"https:\/\/www.cerege.fr\/en\/wp-json\/wp\/v2\/comments?post=16138"}],"version-history":[{"count":5,"href":"https:\/\/www.cerege.fr\/en\/wp-json\/wp\/v2\/pages\/16138\/revisions"}],"predecessor-version":[{"id":27293,"href":"https:\/\/www.cerege.fr\/en\/wp-json\/wp\/v2\/pages\/16138\/revisions\/27293"}],"up":[{"embeddable":true,"href":"https:\/\/www.cerege.fr\/en\/wp-json\/wp\/v2\/pages\/4955"}],"wp:featuredmedia":[{"embeddable":true,"href":"https:\/\/www.cerege.fr\/en\/wp-json\/wp\/v2\/media\/16058"}],"wp:attachment":[{"href":"https:\/\/www.cerege.fr\/en\/wp-json\/wp\/v2\/media?parent=16138"}],"curies":[{"name":"wp","href":"https:\/\/api.w.org\/{rel}","templated":true}]}}