{"id":16738,"date":"2023-02-23T16:50:10","date_gmt":"2023-02-23T15:50:10","guid":{"rendered":"https:\/\/www.cerege.fr\/?page_id=16738"},"modified":"2023-02-27T12:33:56","modified_gmt":"2023-02-27T11:33:56","slug":"nanoinformatix-2","status":"publish","type":"page","link":"https:\/\/www.cerege.fr\/en\/sciences\/environnement-durable\/projets-environnement-durable\/irp-inove\/","title":{"rendered":"IRP iNOVE"},"content":{"rendered":"\t\t<div data-elementor-type=\"wp-page\" data-elementor-id=\"16738\" class=\"elementor elementor-16738\" data-elementor-post-type=\"page\">\n\t\t\t\t\t\t<section class=\"elementor-section elementor-top-section elementor-element elementor-element-6f5ac36d elementor-section-full_width elementor-section-height-min-height elementor-section-height-default elementor-section-items-middle\" data-id=\"6f5ac36d\" data-element_type=\"section\" data-e-type=\"section\" data-settings=\"{&quot;background_background&quot;:&quot;classic&quot;}\">\n\t\t\t\t\t\t<div class=\"elementor-container elementor-column-gap-default\">\n\t\t\t\t\t<div class=\"elementor-column elementor-col-100 elementor-top-column elementor-element elementor-element-6f15889a\" data-id=\"6f15889a\" data-element_type=\"column\" data-e-type=\"column\">\n\t\t\t<div class=\"elementor-widget-wrap\">\n\t\t\t\t\t\t\t<\/div>\n\t\t<\/div>\n\t\t\t\t\t<\/div>\n\t\t<\/section>\n\t\t\t\t<section class=\"elementor-section elementor-top-section elementor-element elementor-element-61781bc7 elementor-section-boxed elementor-section-height-default elementor-section-height-default\" data-id=\"61781bc7\" data-element_type=\"section\" data-e-type=\"section\">\n\t\t\t\t\t\t<div class=\"elementor-container elementor-column-gap-default\">\n\t\t\t\t\t<div class=\"elementor-column elementor-col-100 elementor-top-column elementor-element elementor-element-4835576b\" data-id=\"4835576b\" data-element_type=\"column\" data-e-type=\"column\">\n\t\t\t<div class=\"elementor-widget-wrap elementor-element-populated\">\n\t\t\t\t\t\t<div class=\"elementor-element elementor-element-4d1a7633 elementor-widget elementor-widget-shortcode\" data-id=\"4d1a7633\" data-element_type=\"widget\" data-e-type=\"widget\" data-widget_type=\"shortcode.default\">\n\t\t\t\t<div class=\"elementor-widget-container\">\n\t\t\t\t\t\t\t<div class=\"elementor-shortcode\"><nav aria-label=\"breadcrumbs\">\n            <div class=\"breadcrumb-container theme1\">\n                <ol>\n                                    <\/ol>\n            <\/div>\n        <\/nav>    <script type=\"application\/ld+json\">\n        {\n            \"@context\": \"http:\/\/schema.org\",\n            \"@type\": \"BreadcrumbList\",\n            \"itemListElement\": [\n                            ]\n        }\n    <\/script>\n   \n    <script>\n            <\/script>\n<\/div>\n\t\t\t\t\t\t<\/div>\n\t\t\t\t<\/div>\n\t\t\t\t<section class=\"elementor-section elementor-inner-section elementor-element elementor-element-43cbd2ff elementor-section-boxed elementor-section-height-default elementor-section-height-default\" data-id=\"43cbd2ff\" data-element_type=\"section\" data-e-type=\"section\">\n\t\t\t\t\t\t<div class=\"elementor-container elementor-column-gap-wide\">\n\t\t\t\t\t<div class=\"elementor-column elementor-col-50 elementor-inner-column elementor-element elementor-element-199f9951\" data-id=\"199f9951\" data-element_type=\"column\" data-e-type=\"column\">\n\t\t\t<div class=\"elementor-widget-wrap elementor-element-populated\">\n\t\t\t\t\t\t<div class=\"elementor-element elementor-element-17079ec1 elementor-widget elementor-widget-text-editor\" data-id=\"17079ec1\" data-element_type=\"widget\" data-e-type=\"widget\" data-widget_type=\"text-editor.default\">\n\t\t\t\t<div class=\"elementor-widget-container\">\n\t\t\t\t\t\t\t\t\t<p>iNOVE est un programme international de recherche (IRP) franco-am\u00e9ricain sur le d\u00e9veloppement d&#8217;innovations pour un environnement durable.\u00a0<\/p><p>La cr\u00e9ation de l&#8217;IRP iNOVE vise \u00e0 promouvoir une relation internationale permanente et \u00e0 forte visibilit\u00e9 entre trois laboratoires fran\u00e7ais (CEREGE, IMBE et LEMIRE-BIAM) et le d\u00e9partement Civil &amp; Environmental Engineering de Duke University (Caroline du Nord, USA) pour la recherche, la formation et l&#8217;enseignement.<\/p><p>iNOVE offre un cadre officiel et interdisciplinaire pour les \u00e9changes entre la France et les Etats-Unis, en particulier pour les chercheurs invit\u00e9s, les post-doctorants et les \u00e9tudiants de troisi\u00e8me cycle et de master.<\/p><p>Cette cr\u00e9ation correspond \u00e0 l&#8217;\u00e9volution d&#8217;une collaboration qui a d\u00e9but\u00e9 il y a plus de 20 ans.\u00a0L&#8217;objectif d&#8217;iNOVE est d&#8217;\u00e9tendre le leadership international au-del\u00e0 de ce que les partenaires ont d\u00e9j\u00e0 construit autour des risques environnementaux associ\u00e9s aux nanotechnologies (CEINT center aux Etats-Unis et iCEINT consortium en France) vers le d\u00e9veloppement d&#8217;innovations pour un environnement durable.<\/p><p>Il ne fait aucun doute que les activit\u00e9s humaines (industrie, agriculture, \u00e9nergie, etc.) auront un impact \u00e0 long terme sur les diff\u00e9rents compartiments de notre environnement (eau, sol, atmosph\u00e8re et biote). La pr\u00e9servation durable des ressources mais aussi de la sant\u00e9 humaine et environnementale, restera un enjeu scientifique majeur pour les prochaines d\u00e9cennies.<\/p><div><p>Au sein d&#8217;iNOVE nous proposons de mener des recherches pour agir \u00e0 la fois :<\/p><p>&#8211; En aval des activit\u00e9s humaines via une meilleure caract\u00e9risation des pollutions environnementales et de leurs impacts (ex. multi-contamination, multi-contamination, exposome) et par le d\u00e9veloppement de nouvelles technologies pour traiter les contamin\u00e9s (ex. nano-, biotechnologies).<\/p><p>&#8211; En amont des activit\u00e9s humaines en d\u00e9veloppant de nouveaux mat\u00e9riaux plus s\u00fbrs pour l&#8217;homme et l&#8217;environnement tout au long de leur cycle de vie. L&#8217;accent sera mis sur le recyclage des d\u00e9chets (par exemple, la r\u00e9utilisation de l&#8217;eau, l&#8217;extraction de m\u00e9taux critiques).<\/p><p>Ces deux voies b\u00e9n\u00e9ficieront de la mise en place de bases de donn\u00e9es environnementales et d&#8217;outils de mod\u00e9lisation novateurs, afin d&#8217;am\u00e9liorer la qualit\u00e9 de l&#8217;environnement pour r\u00e9pondre aux probl\u00e8mes de soci\u00e9t\u00e9.<\/p><\/div>\t\t\t\t\t\t\t\t<\/div>\n\t\t\t\t<\/div>\n\t\t\t\t<div class=\"elementor-element elementor-element-50b6538 elementor-widget elementor-widget-image\" data-id=\"50b6538\" data-element_type=\"widget\" data-e-type=\"widget\" data-widget_type=\"image.default\">\n\t\t\t\t<div class=\"elementor-widget-container\">\n\t\t\t\t\t\t\t\t\t\t\t\t\t\t\t<img fetchpriority=\"high\" decoding=\"async\" width=\"514\" height=\"386\" src=\"https:\/\/www.cerege.fr\/wp-content\/uploads\/2023\/02\/@CEREGE_About-iNOVE.png\" class=\"attachment-large size-large wp-image-16810\" alt=\"\" srcset=\"https:\/\/www.cerege.fr\/wp-content\/uploads\/2023\/02\/@CEREGE_About-iNOVE.png 514w, https:\/\/www.cerege.fr\/wp-content\/uploads\/2023\/02\/@CEREGE_About-iNOVE-300x225.png 300w, https:\/\/www.cerege.fr\/wp-content\/uploads\/2023\/02\/@CEREGE_About-iNOVE-16x12.png 16w\" sizes=\"(max-width: 514px) 100vw, 514px\" \/>\t\t\t\t\t\t\t\t\t\t\t\t\t\t\t<\/div>\n\t\t\t\t<\/div>\n\t\t\t\t\t<\/div>\n\t\t<\/div>\n\t\t\t\t<div class=\"elementor-column elementor-col-50 elementor-inner-column elementor-element elementor-element-460b340a\" data-id=\"460b340a\" data-element_type=\"column\" data-e-type=\"column\">\n\t\t\t<div class=\"elementor-widget-wrap elementor-element-populated\">\n\t\t\t\t\t\t<div class=\"elementor-element elementor-element-5f7aae2 elementor-widget elementor-widget-text-editor\" data-id=\"5f7aae2\" data-element_type=\"widget\" data-e-type=\"widget\" data-widget_type=\"text-editor.default\">\n\t\t\t\t<div class=\"elementor-widget-container\">\n\t\t\t\t\t\t\t\t\t<h2><span style=\"font-weight: normal;\">2019- \u00a0: IRP iNOVE<br \/><\/span><\/h2><p><em>Programme international de recherche (IRP) franco-am\u00e9ricain: innovations pour un environnement durable.\u00a0<\/em><em>\u00a0<\/em><\/p><p><strong>Financement<\/strong> : CNRS<\/p><p><strong>Responsable CEREGE<\/strong> : <br \/><a href=\"https:\/\/www.cerege.fr\/fr\/author\/melanie-auffan\/\" target=\"_blank\" rel=\"noopener\">M\u00e9lanie Auffan<\/a><\/p><p><strong>Partenaires<\/strong> :<\/p><ul><li>Duke University,\u00a0Civil &amp; Environmental Engineering department. North Carolina, USA. Contact: Mark Wiesner<\/li><li>IMBE<\/li><li>LEMIRE BIAM<\/li><\/ul>\t\t\t\t\t\t\t\t<\/div>\n\t\t\t\t<\/div>\n\t\t\t\t<div class=\"elementor-element elementor-element-ce4ad4f elementor-widget elementor-widget-image\" data-id=\"ce4ad4f\" data-element_type=\"widget\" data-e-type=\"widget\" data-widget_type=\"image.default\">\n\t\t\t\t<div class=\"elementor-widget-container\">\n\t\t\t\t\t\t\t\t\t\t\t\t\t\t\t<img decoding=\"async\" width=\"800\" height=\"169\" src=\"https:\/\/www.cerege.fr\/wp-content\/uploads\/2023\/02\/iNOVE-1123x237-1-1024x216.png\" class=\"attachment-large size-large wp-image-16731\" alt=\"\" srcset=\"https:\/\/www.cerege.fr\/wp-content\/uploads\/2023\/02\/iNOVE-1123x237-1-1024x216.png 1024w, https:\/\/www.cerege.fr\/wp-content\/uploads\/2023\/02\/iNOVE-1123x237-1-300x63.png 300w, https:\/\/www.cerege.fr\/wp-content\/uploads\/2023\/02\/iNOVE-1123x237-1-768x162.png 768w, https:\/\/www.cerege.fr\/wp-content\/uploads\/2023\/02\/iNOVE-1123x237-1-18x4.png 18w, https:\/\/www.cerege.fr\/wp-content\/uploads\/2023\/02\/iNOVE-1123x237-1.png 1123w\" sizes=\"(max-width: 800px) 100vw, 800px\" \/>\t\t\t\t\t\t\t\t\t\t\t\t\t\t\t<\/div>\n\t\t\t\t<\/div>\n\t\t\t\t\t<\/div>\n\t\t<\/div>\n\t\t\t\t\t<\/div>\n\t\t<\/section>\n\t\t\t\t<div class=\"elementor-element elementor-element-4dde9c90 elementor-widget elementor-widget-spacer\" data-id=\"4dde9c90\" data-element_type=\"widget\" data-e-type=\"widget\" data-widget_type=\"spacer.default\">\n\t\t\t\t<div class=\"elementor-widget-container\">\n\t\t\t\t\t\t\t<div class=\"elementor-spacer\">\n\t\t\t<div class=\"elementor-spacer-inner\"><\/div>\n\t\t<\/div>\n\t\t\t\t\t\t<\/div>\n\t\t\t\t<\/div>\n\t\t\t\t\t<\/div>\n\t\t<\/div>\n\t\t\t\t\t<\/div>\n\t\t<\/section>\n\t\t\t\t<\/div>\n\t\t","protected":false},"excerpt":{"rendered":"<p>iNOVE est un programme international de recherche (IRP) franco-am\u00e9ricain sur le d\u00e9veloppement d&#8217;innovations pour un environnement durable.\u00a0 La cr\u00e9ation de l&#8217;IRP iNOVE vise \u00e0 promouvoir une relation internationale permanente et [&hellip;]<\/p>\n","protected":false},"author":689,"featured_media":8182,"parent":846,"menu_order":0,"comment_status":"closed","ping_status":"closed","template":"","meta":{"_acf_changed":false,"footnotes":""},"class_list":["post-16738","page","type-page","status-publish","has-post-thumbnail","hentry"],"acf":[],"publishpress_future_action":{"enabled":false,"date":"2026-05-15 21:44:41","action":"change-status","newStatus":"draft","terms":[],"taxonomy":"","extraData":[]},"publishpress_future_workflow_manual_trigger":{"enabledWorkflows":[]},"_links":{"self":[{"href":"https:\/\/www.cerege.fr\/en\/wp-json\/wp\/v2\/pages\/16738","targetHints":{"allow":["GET"]}}],"collection":[{"href":"https:\/\/www.cerege.fr\/en\/wp-json\/wp\/v2\/pages"}],"about":[{"href":"https:\/\/www.cerege.fr\/en\/wp-json\/wp\/v2\/types\/page"}],"author":[{"embeddable":true,"href":"https:\/\/www.cerege.fr\/en\/wp-json\/wp\/v2\/users\/689"}],"replies":[{"embeddable":true,"href":"https:\/\/www.cerege.fr\/en\/wp-json\/wp\/v2\/comments?post=16738"}],"version-history":[{"count":5,"href":"https:\/\/www.cerege.fr\/en\/wp-json\/wp\/v2\/pages\/16738\/revisions"}],"predecessor-version":[{"id":16823,"href":"https:\/\/www.cerege.fr\/en\/wp-json\/wp\/v2\/pages\/16738\/revisions\/16823"}],"up":[{"embeddable":true,"href":"https:\/\/www.cerege.fr\/en\/wp-json\/wp\/v2\/pages\/846"}],"wp:featuredmedia":[{"embeddable":true,"href":"https:\/\/www.cerege.fr\/en\/wp-json\/wp\/v2\/media\/8182"}],"wp:attachment":[{"href":"https:\/\/www.cerege.fr\/en\/wp-json\/wp\/v2\/media?parent=16738"}],"curies":[{"name":"wp","href":"https:\/\/api.w.org\/{rel}","templated":true}]}}