{"id":18270,"date":"2023-04-05T09:56:58","date_gmt":"2023-04-05T07:56:58","guid":{"rendered":"https:\/\/www.cerege.fr\/?page_id=18270"},"modified":"2024-04-17T08:23:03","modified_gmt":"2024-04-17T06:23:03","slug":"teachings-college-de-france","status":"publish","type":"page","link":"https:\/\/www.cerege.fr\/en\/formations\/enseignements-college-de-france\/","title":{"rendered":"Teachings at the Coll\u00e8ge de France"},"content":{"rendered":"\t\t<div data-elementor-type=\"wp-page\" data-elementor-id=\"18270\" class=\"elementor elementor-18270\" data-elementor-post-type=\"page\">\n\t\t\t\t\t\t<section class=\"elementor-section elementor-top-section elementor-element elementor-element-71bda12c elementor-section-full_width elementor-section-height-min-height elementor-section-height-default elementor-section-items-middle\" data-id=\"71bda12c\" data-element_type=\"section\" data-e-type=\"section\" data-settings=\"{&quot;background_background&quot;:&quot;classic&quot;}\">\n\t\t\t\t\t\t<div class=\"elementor-container elementor-column-gap-default\">\n\t\t\t\t\t<div class=\"elementor-column elementor-col-100 elementor-top-column elementor-element elementor-element-333b6786\" data-id=\"333b6786\" data-element_type=\"column\" data-e-type=\"column\">\n\t\t\t<div class=\"elementor-widget-wrap\">\n\t\t\t\t\t\t\t<\/div>\n\t\t<\/div>\n\t\t\t\t\t<\/div>\n\t\t<\/section>\n\t\t\t\t<section class=\"elementor-section elementor-top-section elementor-element elementor-element-38e1832a elementor-section-boxed elementor-section-height-default elementor-section-height-default\" data-id=\"38e1832a\" data-element_type=\"section\" data-e-type=\"section\">\n\t\t\t\t\t\t<div class=\"elementor-container elementor-column-gap-default\">\n\t\t\t\t\t<div class=\"elementor-column elementor-col-100 elementor-top-column elementor-element elementor-element-4c3652d3\" data-id=\"4c3652d3\" data-element_type=\"column\" data-e-type=\"column\">\n\t\t\t<div class=\"elementor-widget-wrap elementor-element-populated\">\n\t\t\t\t\t\t<div class=\"elementor-element elementor-element-ac5f668 elementor-widget elementor-widget-shortcode\" data-id=\"ac5f668\" data-element_type=\"widget\" data-e-type=\"widget\" data-widget_type=\"shortcode.default\">\n\t\t\t\t<div class=\"elementor-widget-container\">\n\t\t\t\t\t\t\t<div class=\"elementor-shortcode\"><nav aria-label=\"breadcrumbs\">\n            <div class=\"breadcrumb-container theme1\">\n                <ol>\n                                    <\/ol>\n            <\/div>\n        <\/nav>    <script type=\"application\/ld+json\">\n        {\n            \"@context\": \"http:\/\/schema.org\",\n            \"@type\": \"BreadcrumbList\",\n            \"itemListElement\": [\n                            ]\n        }\n    <\/script>\n   \n    <script>\n            <\/script>\n<\/div>\n\t\t\t\t\t\t<\/div>\n\t\t\t\t<\/div>\n\t\t\t\t\t<\/div>\n\t\t<\/div>\n\t\t\t\t\t<\/div>\n\t\t<\/section>\n\t\t\t\t<section class=\"elementor-section elementor-top-section elementor-element elementor-element-787869c8 elementor-section-boxed elementor-section-height-default elementor-section-height-default\" data-id=\"787869c8\" data-element_type=\"section\" data-e-type=\"section\">\n\t\t\t\t\t\t<div class=\"elementor-container elementor-column-gap-default\">\n\t\t\t\t\t<div class=\"elementor-column elementor-col-100 elementor-top-column elementor-element elementor-element-c011c16\" data-id=\"c011c16\" data-element_type=\"column\" data-e-type=\"column\">\n\t\t\t<div class=\"elementor-widget-wrap elementor-element-populated\">\n\t\t\t\t\t\t<section class=\"elementor-section elementor-inner-section elementor-element elementor-element-551fcfc1 elementor-section-boxed elementor-section-height-default elementor-section-height-default\" data-id=\"551fcfc1\" data-element_type=\"section\" data-e-type=\"section\">\n\t\t\t\t\t\t<div class=\"elementor-container elementor-column-gap-default\">\n\t\t\t\t\t<div class=\"elementor-column elementor-col-50 elementor-inner-column elementor-element elementor-element-517fea64\" data-id=\"517fea64\" data-element_type=\"column\" data-e-type=\"column\">\n\t\t\t<div class=\"elementor-widget-wrap elementor-element-populated\">\n\t\t\t\t\t\t<div class=\"elementor-element elementor-element-6f40fb19 elementor-widget elementor-widget-text-editor\" data-id=\"6f40fb19\" data-element_type=\"widget\" data-e-type=\"widget\" data-widget_type=\"text-editor.default\">\n\t\t\t\t<div class=\"elementor-widget-container\">\n\t\t\t\t\t\t\t\t\t<p><a href=\"https:\/\/www.cerege.fr\/fr\/cerege\/edouard-bard\/\">Edouard Bard<\/a> enseigne au Coll\u00e8ge de France comme professeur titulaire de la <a href=\"https:\/\/www.college-de-france.fr\/chaire\/edouard-bard-evolution-du-climat-et-de-ocean-chaire-statutaire\/news\" target=\"_blank\" rel=\"noopener\">chaire de l&#8217;\u00e9volution du climat et de l\u2019oc\u00e9an<\/a> et conduit ses recherches au <a href=\"http:\/\/www.cerege.fr\/\">CEREGE<\/a>.<\/p><p>Il est imp\u00e9ratif de replacer le r\u00e9chauffement mondial du dernier si\u00e8cle dans un contexte temporel plus large afin d\u2019en d\u00e9terminer la singularit\u00e9 et de distinguer les causes sous-jacentes, naturelles et anthropiques. Les variations pal\u00e9oclimatiques peuvent servir \u00e0 tester de multiples hypoth\u00e8ses avec une fiabilit\u00e9 des enregistrements g\u00e9n\u00e9ralement suffisante. Les th\u00e8mes abord\u00e9s dans les enseignements concernent les for\u00e7ages climatiques, les r\u00f4les respectifs de l\u2019oc\u00e9an et du cycle du carbone, l\u2019histoire climatique des premiers \u00e2ges de la Terre \u00e0 la p\u00e9riode moderne, incluant les climats extr\u00eames et les analogues actuels.<\/p><p>Les cours et les colloques du Coll\u00e8ge de France sont publics et ouverts \u00e0 tous en pr\u00e9sentiel \u00e0 Paris ou occasionnellement hors de Paris, notamment \u00e0 Aix-Marseille.<\/p>\t\t\t\t\t\t\t\t<\/div>\n\t\t\t\t<\/div>\n\t\t\t\t\t<\/div>\n\t\t<\/div>\n\t\t\t\t<div class=\"elementor-column elementor-col-50 elementor-inner-column elementor-element elementor-element-201d0312\" data-id=\"201d0312\" data-element_type=\"column\" data-e-type=\"column\">\n\t\t\t<div class=\"elementor-widget-wrap elementor-element-populated\">\n\t\t\t\t\t\t<div class=\"elementor-element elementor-element-2473f6d2 elementor-widget elementor-widget-text-editor\" data-id=\"2473f6d2\" data-element_type=\"widget\" data-e-type=\"widget\" data-widget_type=\"text-editor.default\">\n\t\t\t\t<div class=\"elementor-widget-container\">\n\t\t\t\t\t\t\t\t\t<div><h3 style=\"padding-left: 40px;\"><span style=\"font-weight: normal;\"><span style=\"color: #0f72bb;\">Vid\u00e9os d&#8217;enseignements<br \/><\/span><\/span><\/h3><\/div><ul><li><p><a href=\"https:\/\/www.youtube.com\/playlist?list=PLplJ4125oPMSglY16c_-BERK0xDSLptSv\" target=\"_blank\" rel=\"noopener\">Cha\u00eene YouTube de la chaire de l\u2019\u00e9volution du climat et de l&#8217;oc\u00e9an<\/a><\/p><\/li><li><p><a href=\"https:\/\/www.college-de-france.fr\/chaire\/edouard-bard-evolution-du-climat-et-de-ocean-chaire-statutaire\/events\" target=\"_blank\" rel=\"noopener\">Enseignements \u00e0 Paris<\/a><\/p><\/li><li><p><a href=\"https:\/\/www.college-de-france.fr\/edouard-bard-enseignement-exterieur\" target=\"_blank\" rel=\"noopener\">Enseignements hors de Paris, notamment \u00e0 Aix-Marseille<\/a><\/p><\/li><\/ul><div class=\"\"><ul><li><a href=\"https:\/\/www.cerege.fr\/formations\/enseignements-college-de-france\/colloques-du-cerege\/\">Colloque \u00ab Grotte Cosquer et Niveaux marins \u00bb<\/a><\/li><li><a href=\"https:\/\/www.cerege.fr\/formations\/enseignements-college-de-france\/colloque-radiocarbone-cosmonucleides-et-prehistoire\/\">Colloque \u00ab Radiocarbone, cosmonucl\u00e9ides et pr\u00e9histoire \u00bb<\/a><\/li><\/ul><\/div>\t\t\t\t\t\t\t\t<\/div>\n\t\t\t\t<\/div>\n\t\t\t\t<div class=\"elementor-element elementor-element-341d752c gallery-spacing-custom elementor-widget elementor-widget-image-gallery\" data-id=\"341d752c\" data-element_type=\"widget\" data-e-type=\"widget\" data-widget_type=\"image-gallery.default\">\n\t\t\t\t<div class=\"elementor-widget-container\">\n\t\t\t\t\t\t\t<div class=\"elementor-image-gallery\">\n\t\t\t<div id='gallery-1' class='gallery galleryid-18270 gallery-columns-2 gallery-size-medium'><figure class='gallery-item'>\n\t\t\t<div class='gallery-icon landscape'>\n\t\t\t\t<a data-elementor-open-lightbox=\"yes\" data-elementor-lightbox-slideshow=\"341d752c\" data-elementor-lightbox-title=\"UNIL 2019\" data-e-action-hash=\"#elementor-action%3Aaction%3Dlightbox%26settings%3DeyJpZCI6MTgyOTcsInVybCI6Imh0dHBzOlwvXC93d3cuY2VyZWdlLmZyXC93cC1jb250ZW50XC91cGxvYWRzXC8yMDIzXC8wNFwvVU5JTC0yMDE5LnBuZyIsInNsaWRlc2hvdyI6IjM0MWQ3NTJjIn0%3D\" href=\"https:\/\/www.cerege.fr\/wp-content\/uploads\/2023\/04\/UNIL-2019.png\"><img fetchpriority=\"high\" decoding=\"async\" width=\"300\" height=\"200\" src=\"https:\/\/www.cerege.fr\/wp-content\/uploads\/2023\/04\/UNIL-2019-300x200.png\" class=\"attachment-medium size-medium\" alt=\"\" srcset=\"https:\/\/www.cerege.fr\/wp-content\/uploads\/2023\/04\/UNIL-2019-300x200.png 300w, https:\/\/www.cerege.fr\/wp-content\/uploads\/2023\/04\/UNIL-2019-1024x683.png 1024w, https:\/\/www.cerege.fr\/wp-content\/uploads\/2023\/04\/UNIL-2019-768x512.png 768w, https:\/\/www.cerege.fr\/wp-content\/uploads\/2023\/04\/UNIL-2019-1536x1024.png 1536w, https:\/\/www.cerege.fr\/wp-content\/uploads\/2023\/04\/UNIL-2019.png 2048w, https:\/\/www.cerege.fr\/wp-content\/uploads\/2023\/04\/UNIL-2019-18x12.png 18w, https:\/\/www.cerege.fr\/wp-content\/uploads\/2023\/04\/UNIL-2019-1320x880.png 1320w\" sizes=\"(max-width: 300px) 100vw, 300px\" \/><\/a>\n\t\t\t<\/div><\/figure><figure class='gallery-item'>\n\t\t\t<div class='gallery-icon landscape'>\n\t\t\t\t<a data-elementor-open-lightbox=\"yes\" data-elementor-lightbox-slideshow=\"341d752c\" data-elementor-lightbox-title=\"MUCEM AMU 2022\" data-e-action-hash=\"#elementor-action%3Aaction%3Dlightbox%26settings%3DeyJpZCI6MTgyOTYsInVybCI6Imh0dHBzOlwvXC93d3cuY2VyZWdlLmZyXC93cC1jb250ZW50XC91cGxvYWRzXC8yMDIzXC8wNFwvTVVDRU0tQU1VLTIwMjItc2NhbGVkLmpwZyIsInNsaWRlc2hvdyI6IjM0MWQ3NTJjIn0%3D\" href=\"https:\/\/www.cerege.fr\/wp-content\/uploads\/2023\/04\/MUCEM-AMU-2022-scaled.jpg\"><img decoding=\"async\" width=\"300\" height=\"200\" src=\"https:\/\/www.cerege.fr\/wp-content\/uploads\/2023\/04\/MUCEM-AMU-2022-300x200.jpg\" class=\"attachment-medium size-medium\" alt=\"\" srcset=\"https:\/\/www.cerege.fr\/wp-content\/uploads\/2023\/04\/MUCEM-AMU-2022-300x200.jpg 300w, https:\/\/www.cerege.fr\/wp-content\/uploads\/2023\/04\/MUCEM-AMU-2022-1024x683.jpg 1024w, https:\/\/www.cerege.fr\/wp-content\/uploads\/2023\/04\/MUCEM-AMU-2022-768x512.jpg 768w, https:\/\/www.cerege.fr\/wp-content\/uploads\/2023\/04\/MUCEM-AMU-2022-1536x1025.jpg 1536w, https:\/\/www.cerege.fr\/wp-content\/uploads\/2023\/04\/MUCEM-AMU-2022-scaled.jpg 2048w, https:\/\/www.cerege.fr\/wp-content\/uploads\/2023\/04\/MUCEM-AMU-2022-18x12.jpg 18w, https:\/\/www.cerege.fr\/wp-content\/uploads\/2023\/04\/MUCEM-AMU-2022-1320x881.jpg 1320w\" sizes=\"(max-width: 300px) 100vw, 300px\" \/><\/a>\n\t\t\t<\/div><\/figure><figure class='gallery-item'>\n\t\t\t<div class='gallery-icon landscape'>\n\t\t\t\t<a data-elementor-open-lightbox=\"yes\" data-elementor-lightbox-slideshow=\"341d752c\" data-elementor-lightbox-title=\"Colle\u0300ge_de_France\" data-e-action-hash=\"#elementor-action%3Aaction%3Dlightbox%26settings%3DeyJpZCI6MTgyOTUsInVybCI6Imh0dHBzOlwvXC93d3cuY2VyZWdlLmZyXC93cC1jb250ZW50XC91cGxvYWRzXC8yMDIzXC8wNFwvQ29sbGVnZV9kZV9GcmFuY2UuanBnIiwic2xpZGVzaG93IjoiMzQxZDc1MmMifQ%3D%3D\" href=\"https:\/\/www.cerege.fr\/wp-content\/uploads\/2023\/04\/College_de_France.jpg\"><img decoding=\"async\" width=\"300\" height=\"225\" src=\"https:\/\/www.cerege.fr\/wp-content\/uploads\/2023\/04\/College_de_France-300x225.jpg\" class=\"attachment-medium size-medium\" alt=\"\" srcset=\"https:\/\/www.cerege.fr\/wp-content\/uploads\/2023\/04\/College_de_France-300x225.jpg 300w, https:\/\/www.cerege.fr\/wp-content\/uploads\/2023\/04\/College_de_France-1024x768.jpg 1024w, https:\/\/www.cerege.fr\/wp-content\/uploads\/2023\/04\/College_de_France-768x576.jpg 768w, https:\/\/www.cerege.fr\/wp-content\/uploads\/2023\/04\/College_de_France-1536x1152.jpg 1536w, https:\/\/www.cerege.fr\/wp-content\/uploads\/2023\/04\/College_de_France-16x12.jpg 16w, https:\/\/www.cerege.fr\/wp-content\/uploads\/2023\/04\/College_de_France-1320x990.jpg 1320w, https:\/\/www.cerege.fr\/wp-content\/uploads\/2023\/04\/College_de_France.jpg 1920w\" sizes=\"(max-width: 300px) 100vw, 300px\" \/><\/a>\n\t\t\t<\/div><\/figure><figure class='gallery-item'>\n\t\t\t<div class='gallery-icon landscape'>\n\t\t\t\t<a data-elementor-open-lightbox=\"yes\" data-elementor-lightbox-slideshow=\"341d752c\" data-elementor-lightbox-title=\"CdF 2023\" data-e-action-hash=\"#elementor-action%3Aaction%3Dlightbox%26settings%3DeyJpZCI6MTgyOTQsInVybCI6Imh0dHBzOlwvXC93d3cuY2VyZWdlLmZyXC93cC1jb250ZW50XC91cGxvYWRzXC8yMDIzXC8wNFwvQ2RGLTIwMjMtc2NhbGVkLmpwZWciLCJzbGlkZXNob3ciOiIzNDFkNzUyYyJ9\" href=\"https:\/\/www.cerege.fr\/wp-content\/uploads\/2023\/04\/CdF-2023-scaled.jpeg\"><img loading=\"lazy\" decoding=\"async\" width=\"300\" height=\"225\" src=\"https:\/\/www.cerege.fr\/wp-content\/uploads\/2023\/04\/CdF-2023-300x225.jpeg\" class=\"attachment-medium size-medium\" alt=\"\" srcset=\"https:\/\/www.cerege.fr\/wp-content\/uploads\/2023\/04\/CdF-2023-300x225.jpeg 300w, https:\/\/www.cerege.fr\/wp-content\/uploads\/2023\/04\/CdF-2023-1024x768.jpeg 1024w, https:\/\/www.cerege.fr\/wp-content\/uploads\/2023\/04\/CdF-2023-768x576.jpeg 768w, https:\/\/www.cerege.fr\/wp-content\/uploads\/2023\/04\/CdF-2023-1536x1152.jpeg 1536w, https:\/\/www.cerege.fr\/wp-content\/uploads\/2023\/04\/CdF-2023-scaled.jpeg 2048w, https:\/\/www.cerege.fr\/wp-content\/uploads\/2023\/04\/CdF-2023-16x12.jpeg 16w, https:\/\/www.cerege.fr\/wp-content\/uploads\/2023\/04\/CdF-2023-1320x990.jpeg 1320w\" sizes=\"(max-width: 300px) 100vw, 300px\" \/><\/a>\n\t\t\t<\/div><\/figure>\n\t\t<\/div>\n\t\t<\/div>\n\t\t\t\t\t\t<\/div>\n\t\t\t\t<\/div>\n\t\t\t\t\t<\/div>\n\t\t<\/div>\n\t\t\t\t\t<\/div>\n\t\t<\/section>\n\t\t\t\t\t<\/div>\n\t\t<\/div>\n\t\t\t\t\t<\/div>\n\t\t<\/section>\n\t\t\t\t<\/div>\n\t\t","protected":false},"excerpt":{"rendered":"<p>Edouard Bard enseigne au Coll\u00e8ge de France comme professeur titulaire de la chaire de l&#8217;\u00e9volution du climat et de l\u2019oc\u00e9an et conduit ses recherches au CEREGE. Il est imp\u00e9ratif de [&hellip;]<\/p>\n","protected":false},"author":551,"featured_media":18276,"parent":819,"menu_order":0,"comment_status":"closed","ping_status":"closed","template":"","meta":{"_acf_changed":false,"footnotes":""},"class_list":["post-18270","page","type-page","status-publish","has-post-thumbnail","hentry"],"acf":[],"publishpress_future_action":{"enabled":false,"date":"2026-04-26 17:35:58","action":"change-status","newStatus":"draft","terms":[],"taxonomy":"","extraData":[]},"publishpress_future_workflow_manual_trigger":{"enabledWorkflows":[]},"_links":{"self":[{"href":"https:\/\/www.cerege.fr\/en\/wp-json\/wp\/v2\/pages\/18270","targetHints":{"allow":["GET"]}}],"collection":[{"href":"https:\/\/www.cerege.fr\/en\/wp-json\/wp\/v2\/pages"}],"about":[{"href":"https:\/\/www.cerege.fr\/en\/wp-json\/wp\/v2\/types\/page"}],"author":[{"embeddable":true,"href":"https:\/\/www.cerege.fr\/en\/wp-json\/wp\/v2\/users\/551"}],"replies":[{"embeddable":true,"href":"https:\/\/www.cerege.fr\/en\/wp-json\/wp\/v2\/comments?post=18270"}],"version-history":[{"count":5,"href":"https:\/\/www.cerege.fr\/en\/wp-json\/wp\/v2\/pages\/18270\/revisions"}],"predecessor-version":[{"id":23370,"href":"https:\/\/www.cerege.fr\/en\/wp-json\/wp\/v2\/pages\/18270\/revisions\/23370"}],"up":[{"embeddable":true,"href":"https:\/\/www.cerege.fr\/en\/wp-json\/wp\/v2\/pages\/819"}],"wp:featuredmedia":[{"embeddable":true,"href":"https:\/\/www.cerege.fr\/en\/wp-json\/wp\/v2\/media\/18276"}],"wp:attachment":[{"href":"https:\/\/www.cerege.fr\/en\/wp-json\/wp\/v2\/media?parent=18270"}],"curies":[{"name":"wp","href":"https:\/\/api.w.org\/{rel}","templated":true}]}}