{"id":19490,"date":"2023-06-21T15:16:54","date_gmt":"2023-06-21T13:16:54","guid":{"rendered":"https:\/\/www.cerege.fr\/?page_id=19490"},"modified":"2025-02-18T16:05:34","modified_gmt":"2025-02-18T15:05:34","slug":"cells","status":"publish","type":"page","link":"https:\/\/www.cerege.fr\/en\/le-cerege\/notre-organisation\/cellules\/","title":{"rendered":"Transversal functions"},"content":{"rendered":"\t\t<div data-elementor-type=\"wp-page\" data-elementor-id=\"19490\" class=\"elementor elementor-19490\" data-elementor-post-type=\"page\">\n\t\t\t\t\t\t<section class=\"elementor-section elementor-top-section elementor-element elementor-element-509f0000 elementor-section-full_width elementor-section-height-min-height elementor-section-height-default elementor-section-items-middle\" data-id=\"509f0000\" data-element_type=\"section\" data-e-type=\"section\" data-settings=\"{&quot;background_background&quot;:&quot;classic&quot;}\">\n\t\t\t\t\t\t<div class=\"elementor-container elementor-column-gap-default\">\n\t\t\t\t\t<div class=\"elementor-column elementor-col-100 elementor-top-column elementor-element elementor-element-260a2cb1\" data-id=\"260a2cb1\" data-element_type=\"column\" data-e-type=\"column\">\n\t\t\t<div class=\"elementor-widget-wrap\">\n\t\t\t\t\t\t\t<\/div>\n\t\t<\/div>\n\t\t\t\t\t<\/div>\n\t\t<\/section>\n\t\t\t\t<section class=\"elementor-section elementor-top-section elementor-element elementor-element-7d9cd2f2 elementor-section-boxed elementor-section-height-default elementor-section-height-default\" data-id=\"7d9cd2f2\" data-element_type=\"section\" data-e-type=\"section\">\n\t\t\t\t\t\t<div class=\"elementor-container elementor-column-gap-default\">\n\t\t\t\t\t<div class=\"elementor-column elementor-col-100 elementor-top-column elementor-element elementor-element-478f0f19\" data-id=\"478f0f19\" data-element_type=\"column\" data-e-type=\"column\">\n\t\t\t<div class=\"elementor-widget-wrap elementor-element-populated\">\n\t\t\t\t\t\t<div class=\"elementor-element elementor-element-bb3d9cc elementor-widget elementor-widget-shortcode\" data-id=\"bb3d9cc\" data-element_type=\"widget\" data-e-type=\"widget\" data-widget_type=\"shortcode.default\">\n\t\t\t\t<div class=\"elementor-widget-container\">\n\t\t\t\t\t\t\t<div class=\"elementor-shortcode\"><nav aria-label=\"breadcrumbs\">\n            <div class=\"breadcrumb-container theme1\">\n                <ol>\n                                    <\/ol>\n            <\/div>\n        <\/nav>    <script type=\"application\/ld+json\">\n        {\n            \"@context\": \"http:\/\/schema.org\",\n            \"@type\": \"BreadcrumbList\",\n            \"itemListElement\": [\n                            ]\n        }\n    <\/script>\n   \n    <script>\n            <\/script>\n<\/div>\n\t\t\t\t\t\t<\/div>\n\t\t\t\t<\/div>\n\t\t\t\t<section class=\"elementor-section elementor-inner-section elementor-element elementor-element-2eced349 elementor-reverse-mobile elementor-section-boxed elementor-section-height-default elementor-section-height-default\" data-id=\"2eced349\" data-element_type=\"section\" data-e-type=\"section\">\n\t\t\t\t\t\t<div class=\"elementor-container elementor-column-gap-default\">\n\t\t\t\t\t<div class=\"elementor-column elementor-col-50 elementor-inner-column elementor-element elementor-element-529df867\" data-id=\"529df867\" data-element_type=\"column\" data-e-type=\"column\">\n\t\t\t<div class=\"elementor-widget-wrap elementor-element-populated\">\n\t\t\t\t\t\t<div class=\"elementor-element elementor-element-1914aeb0 gallery-spacing-custom elementor-widget elementor-widget-image-gallery\" data-id=\"1914aeb0\" data-element_type=\"widget\" data-e-type=\"widget\" data-widget_type=\"image-gallery.default\">\n\t\t\t\t<div class=\"elementor-widget-container\">\n\t\t\t\t\t\t\t<div class=\"elementor-image-gallery\">\n\t\t\t<div id='gallery-1' class='gallery galleryid-19490 gallery-columns-2 gallery-size-medium_large'><figure class='gallery-item'>\n\t\t\t<div class='gallery-icon landscape'>\n\t\t\t\t<a data-elementor-open-lightbox=\"yes\" data-elementor-lightbox-slideshow=\"1914aeb0\" data-elementor-lightbox-title=\"Bandeau_Journee_Transition\" data-e-action-hash=\"#elementor-action%3Aaction%3Dlightbox%26settings%3DeyJpZCI6MTc4NTYsInVybCI6Imh0dHBzOlwvXC93d3cuY2VyZWdlLmZyXC93cC1jb250ZW50XC91cGxvYWRzXC8yMDIzXC8wM1wvQmFuZGVhdV9Kb3VybmVlX1RyYW5zaXRpb24uanBnIiwic2xpZGVzaG93IjoiMTkxNGFlYjAifQ%3D%3D\" href='https:\/\/www.cerege.fr\/wp-content\/uploads\/2023\/03\/Bandeau_Journee_Transition.jpg'><img fetchpriority=\"high\" decoding=\"async\" width=\"768\" height=\"366\" src=\"https:\/\/www.cerege.fr\/wp-content\/uploads\/2023\/03\/Bandeau_Journee_Transition-768x366.jpg\" class=\"attachment-medium_large size-medium_large\" alt=\"\" srcset=\"https:\/\/www.cerege.fr\/wp-content\/uploads\/2023\/03\/Bandeau_Journee_Transition-768x366.jpg 768w, https:\/\/www.cerege.fr\/wp-content\/uploads\/2023\/03\/Bandeau_Journee_Transition-300x143.jpg 300w, https:\/\/www.cerege.fr\/wp-content\/uploads\/2023\/03\/Bandeau_Journee_Transition-1024x488.jpg 1024w, https:\/\/www.cerege.fr\/wp-content\/uploads\/2023\/03\/Bandeau_Journee_Transition-18x9.jpg 18w, https:\/\/www.cerege.fr\/wp-content\/uploads\/2023\/03\/Bandeau_Journee_Transition.jpg 1240w\" sizes=\"(max-width: 768px) 100vw, 768px\" \/><\/a>\n\t\t\t<\/div><\/figure><figure class='gallery-item'>\n\t\t\t<div class='gallery-icon landscape'>\n\t\t\t\t<a data-elementor-open-lightbox=\"yes\" data-elementor-lightbox-slideshow=\"1914aeb0\" data-elementor-lightbox-title=\"20220915_113742\" data-e-action-hash=\"#elementor-action%3Aaction%3Dlightbox%26settings%3DeyJpZCI6MTk0NzQsInVybCI6Imh0dHBzOlwvXC93d3cuY2VyZWdlLmZyXC93cC1jb250ZW50XC91cGxvYWRzXC8yMDIzXC8wNlwvMjAyMjA5MTVfMTEzNzQyLXNjYWxlZC5qcGciLCJzbGlkZXNob3ciOiIxOTE0YWViMCJ9\" href='https:\/\/www.cerege.fr\/wp-content\/uploads\/2023\/06\/20220915_113742-scaled.jpg'><img decoding=\"async\" width=\"768\" height=\"432\" src=\"https:\/\/www.cerege.fr\/wp-content\/uploads\/2023\/06\/20220915_113742-768x432.jpg\" class=\"attachment-medium_large size-medium_large\" alt=\"\" srcset=\"https:\/\/www.cerege.fr\/wp-content\/uploads\/2023\/06\/20220915_113742-768x432.jpg 768w, https:\/\/www.cerege.fr\/wp-content\/uploads\/2023\/06\/20220915_113742-300x169.jpg 300w, https:\/\/www.cerege.fr\/wp-content\/uploads\/2023\/06\/20220915_113742-1024x577.jpg 1024w, https:\/\/www.cerege.fr\/wp-content\/uploads\/2023\/06\/20220915_113742-1536x865.jpg 1536w, https:\/\/www.cerege.fr\/wp-content\/uploads\/2023\/06\/20220915_113742-scaled.jpg 2048w, https:\/\/www.cerege.fr\/wp-content\/uploads\/2023\/06\/20220915_113742-18x10.jpg 18w, https:\/\/www.cerege.fr\/wp-content\/uploads\/2023\/06\/20220915_113742-1320x743.jpg 1320w\" sizes=\"(max-width: 768px) 100vw, 768px\" \/><\/a>\n\t\t\t<\/div><\/figure><figure class='gallery-item'>\n\t\t\t<div class='gallery-icon landscape'>\n\t\t\t\t<a data-elementor-open-lightbox=\"yes\" data-elementor-lightbox-slideshow=\"1914aeb0\" data-elementor-lightbox-title=\"20230612_164248\" data-e-action-hash=\"#elementor-action%3Aaction%3Dlightbox%26settings%3DeyJpZCI6MTkyMDIsInVybCI6Imh0dHBzOlwvXC93d3cuY2VyZWdlLmZyXC93cC1jb250ZW50XC91cGxvYWRzXC8yMDIzXC8wNlwvMjAyMzA2MTJfMTY0MjQ4LXNjYWxlZC5qcGciLCJzbGlkZXNob3ciOiIxOTE0YWViMCJ9\" href='https:\/\/www.cerege.fr\/wp-content\/uploads\/2023\/06\/20230612_164248-scaled.jpg'><img decoding=\"async\" width=\"768\" height=\"432\" src=\"https:\/\/www.cerege.fr\/wp-content\/uploads\/2023\/06\/20230612_164248-768x432.jpg\" class=\"attachment-medium_large size-medium_large\" alt=\"\" srcset=\"https:\/\/www.cerege.fr\/wp-content\/uploads\/2023\/06\/20230612_164248-768x432.jpg 768w, https:\/\/www.cerege.fr\/wp-content\/uploads\/2023\/06\/20230612_164248-300x169.jpg 300w, https:\/\/www.cerege.fr\/wp-content\/uploads\/2023\/06\/20230612_164248-1024x577.jpg 1024w, https:\/\/www.cerege.fr\/wp-content\/uploads\/2023\/06\/20230612_164248-1536x865.jpg 1536w, https:\/\/www.cerege.fr\/wp-content\/uploads\/2023\/06\/20230612_164248-scaled.jpg 2048w, https:\/\/www.cerege.fr\/wp-content\/uploads\/2023\/06\/20230612_164248-18x10.jpg 18w, https:\/\/www.cerege.fr\/wp-content\/uploads\/2023\/06\/20230612_164248-1320x743.jpg 1320w\" sizes=\"(max-width: 768px) 100vw, 768px\" \/><\/a>\n\t\t\t<\/div><\/figure><figure class='gallery-item'>\n\t\t\t<div class='gallery-icon landscape'>\n\t\t\t\t<a data-elementor-open-lightbox=\"yes\" data-elementor-lightbox-slideshow=\"1914aeb0\" data-elementor-lightbox-title=\"20230504_183250\" data-e-action-hash=\"#elementor-action%3Aaction%3Dlightbox%26settings%3DeyJpZCI6MTg5MDUsInVybCI6Imh0dHBzOlwvXC93d3cuY2VyZWdlLmZyXC93cC1jb250ZW50XC91cGxvYWRzXC8yMDIzXC8wNVwvMjAyMzA1MDRfMTgzMjUwLXNjYWxlZC5qcGciLCJzbGlkZXNob3ciOiIxOTE0YWViMCJ9\" href='https:\/\/www.cerege.fr\/wp-content\/uploads\/2023\/05\/20230504_183250-scaled.jpg'><img loading=\"lazy\" decoding=\"async\" width=\"768\" height=\"346\" src=\"https:\/\/www.cerege.fr\/wp-content\/uploads\/2023\/05\/20230504_183250-768x346.jpg\" class=\"attachment-medium_large size-medium_large\" alt=\"\" srcset=\"https:\/\/www.cerege.fr\/wp-content\/uploads\/2023\/05\/20230504_183250-768x346.jpg 768w, https:\/\/www.cerege.fr\/wp-content\/uploads\/2023\/05\/20230504_183250-300x135.jpg 300w, https:\/\/www.cerege.fr\/wp-content\/uploads\/2023\/05\/20230504_183250-1024x462.jpg 1024w, https:\/\/www.cerege.fr\/wp-content\/uploads\/2023\/05\/20230504_183250-1536x692.jpg 1536w, https:\/\/www.cerege.fr\/wp-content\/uploads\/2023\/05\/20230504_183250-scaled.jpg 2048w, https:\/\/www.cerege.fr\/wp-content\/uploads\/2023\/05\/20230504_183250-18x8.jpg 18w, https:\/\/www.cerege.fr\/wp-content\/uploads\/2023\/05\/20230504_183250-1320x595.jpg 1320w\" sizes=\"(max-width: 768px) 100vw, 768px\" \/><\/a>\n\t\t\t<\/div><\/figure><figure class='gallery-item'>\n\t\t\t<div class='gallery-icon landscape'>\n\t\t\t\t<a data-elementor-open-lightbox=\"yes\" data-elementor-lightbox-slideshow=\"1914aeb0\" data-elementor-lightbox-title=\"logo_acet\" data-e-action-hash=\"#elementor-action%3Aaction%3Dlightbox%26settings%3DeyJpZCI6MTg4NDIsInVybCI6Imh0dHBzOlwvXC93d3cuY2VyZWdlLmZyXC93cC1jb250ZW50XC91cGxvYWRzXC8yMDIzXC8wNVwvbG9nb19hY2V0LmpwZyIsInNsaWRlc2hvdyI6IjE5MTRhZWIwIn0%3D\" href='https:\/\/www.cerege.fr\/wp-content\/uploads\/2023\/05\/logo_acet.jpg'><img loading=\"lazy\" decoding=\"async\" width=\"768\" height=\"768\" src=\"https:\/\/www.cerege.fr\/wp-content\/uploads\/2023\/05\/logo_acet-768x768.jpg\" class=\"attachment-medium_large size-medium_large\" alt=\"\" srcset=\"https:\/\/www.cerege.fr\/wp-content\/uploads\/2023\/05\/logo_acet-768x768.jpg 768w, https:\/\/www.cerege.fr\/wp-content\/uploads\/2023\/05\/logo_acet-300x300.jpg 300w, https:\/\/www.cerege.fr\/wp-content\/uploads\/2023\/05\/logo_acet-1024x1024.jpg 1024w, https:\/\/www.cerege.fr\/wp-content\/uploads\/2023\/05\/logo_acet-150x150.jpg 150w, https:\/\/www.cerege.fr\/wp-content\/uploads\/2023\/05\/logo_acet-1536x1536.jpg 1536w, https:\/\/www.cerege.fr\/wp-content\/uploads\/2023\/05\/logo_acet-12x12.jpg 12w, https:\/\/www.cerege.fr\/wp-content\/uploads\/2023\/05\/logo_acet-1320x1320.jpg 1320w, https:\/\/www.cerege.fr\/wp-content\/uploads\/2023\/05\/logo_acet.jpg 1733w\" sizes=\"(max-width: 768px) 100vw, 768px\" \/><\/a>\n\t\t\t<\/div><\/figure><figure class='gallery-item'>\n\t\t\t<div class='gallery-icon landscape'>\n\t\t\t\t<a data-elementor-open-lightbox=\"yes\" data-elementor-lightbox-slideshow=\"1914aeb0\" data-elementor-lightbox-title=\"\u00a9CEREGE_Matrix_Equipe\" data-e-action-hash=\"#elementor-action%3Aaction%3Dlightbox%26settings%3DeyJpZCI6OTUwNCwidXJsIjoiaHR0cHM6XC9cL3d3dy5jZXJlZ2UuZnJcL3dwLWNvbnRlbnRcL3VwbG9hZHNcLzIwMjJcLzExXC9cdTAwYTlDRVJFR0VfTWF0cml4X0NoZXJjaGV1cnMyMDAuanBnIiwic2xpZGVzaG93IjoiMTkxNGFlYjAifQ%3D%3D\" href='https:\/\/www.cerege.fr\/wp-content\/uploads\/2022\/11\/\u00a9CEREGE_Matrix_Chercheurs200.jpg'><img loading=\"lazy\" decoding=\"async\" width=\"768\" height=\"432\" src=\"https:\/\/www.cerege.fr\/wp-content\/uploads\/2022\/11\/\u00a9CEREGE_Matrix_Chercheurs200-768x432.jpg\" class=\"attachment-medium_large size-medium_large\" alt=\"\" srcset=\"https:\/\/www.cerege.fr\/wp-content\/uploads\/2022\/11\/\u00a9CEREGE_Matrix_Chercheurs200-768x432.jpg 768w, https:\/\/www.cerege.fr\/wp-content\/uploads\/2022\/11\/\u00a9CEREGE_Matrix_Chercheurs200-300x169.jpg 300w, https:\/\/www.cerege.fr\/wp-content\/uploads\/2022\/11\/\u00a9CEREGE_Matrix_Chercheurs200-1024x577.jpg 1024w, https:\/\/www.cerege.fr\/wp-content\/uploads\/2022\/11\/\u00a9CEREGE_Matrix_Chercheurs200-18x10.jpg 18w, https:\/\/www.cerege.fr\/wp-content\/uploads\/2022\/11\/\u00a9CEREGE_Matrix_Chercheurs200.jpg 1300w\" sizes=\"(max-width: 768px) 100vw, 768px\" \/><\/a>\n\t\t\t<\/div><\/figure>\n\t\t<\/div>\n\t\t<\/div>\n\t\t\t\t\t\t<\/div>\n\t\t\t\t<\/div>\n\t\t\t\t\t<\/div>\n\t\t<\/div>\n\t\t\t\t<div class=\"elementor-column elementor-col-50 elementor-inner-column elementor-element elementor-element-3b035306\" data-id=\"3b035306\" data-element_type=\"column\" data-e-type=\"column\">\n\t\t\t<div class=\"elementor-widget-wrap elementor-element-populated\">\n\t\t\t\t\t\t<div class=\"elementor-element elementor-element-2ecafdd5 elementor-widget elementor-widget-text-editor\" data-id=\"2ecafdd5\" data-element_type=\"widget\" data-e-type=\"widget\" data-widget_type=\"text-editor.default\">\n\t\t\t\t<div class=\"elementor-widget-container\">\n\t\t\t\t\t\t\t\t\t<p>Les charg\u00e9s de mission, cellules ou comit\u00e9s accompagnent la direction sur des sujets soci\u00e9taux et environnementaux<\/p><h2><span style=\"font-weight: normal;\">Charg\u00e9.e.s de mission<\/span><\/h2><div><p>. Charg\u00e9e de mission Relations internationales et Sciences des Suds : <a href=\"https:\/\/www.cerege.fr\/fr\/cerege\/anne-alexandre\/\">A. Alexandre<\/a><br \/>. Charg\u00e9 de mission Observation : <a href=\"https:\/\/www.cerege.fr\/fr\/cerege\/alexandre-zappelli\/\" target=\"_blank\" rel=\"noopener\">A. Zapelli<\/a><br \/>. Charg\u00e9 de mission Culture Scientifique : <a href=\"https:\/\/www.cerege.fr\/fr\/cerege\/alain-veron\/\">A. V\u00e9ron<\/a><br \/>. Charg\u00e9e de mission Engagement Eco-responsable : <a href=\"https:\/\/www.cerege.fr\/fr\/cerege\/irene-schimmelpfennig\/\">I. Schimmelpfennig<\/a><\/p><\/div><h2><span style=\"font-weight: normal;\">Commission Sant\u00e9 S\u00e9curit\u00e9<br \/><\/span><\/h2><div><p>Compos\u00e9e des Assistants de Pr\u00e9vention, des Conseillers en Radioprotection et d&#8217;un R\u00e9f\u00e9rent Laser, elle veille au quotidien \u00e0 l&#8217;hygi\u00e8ne,\u00a0 \u00e0 la s\u00e9curit\u00e9 des personnels de recherche et des biens et \u00e0 la protection de l&#8217;environnement.<\/p><\/div><div>AP : <a href=\"https:\/\/www.cerege.fr\/fr\/cerege\/laetitia-leanni\/\">L. Leanni<\/a>,\u00a0<a href=\"https:\/\/www.cerege.fr\/fr\/cerege\/adrien-duvivier\/\" target=\"_blank\" rel=\"noopener\">A. Duvivier<\/a>,\u00a0<a href=\"https:\/\/www.cerege.fr\/fr\/cerege\/yoann-fagault\/\">Y. Fagault<\/a>, <a href=\"https:\/\/www.cerege.fr\/fr\/cerege\/alexandre-zappelli\/\" target=\"_blank\" rel=\"noopener\">A. Zapelli<br \/><\/a>R\u00e9f\u00e9rent Laser: <a href=\"https:\/\/www.cerege.fr\/fr\/cerege\/minoru-uehara\/\">M. Uehara<\/a><br \/>CRP :\u00a0<a href=\"https:\/\/www.cerege.fr\/fr\/cerege\/perrine-chaurand\/\">P. Chaurand<\/a>, <a href=\"https:\/\/www.cerege.fr\/fr\/cerege\/helene-mariot\/\">H. Mariot<\/a>, <a href=\"https:\/\/www.cerege.fr\/fr\/cerege\/fawzi-zaidi\/\">F. Zaidi<\/a><\/div><div>\u00a0<\/div><h3><span style=\"font-weight: normal;\">Commission<\/span> <span style=\"font-weight: normal;\">\u00e9co-responsabilit\u00e9<\/span><\/h3><p>Cr\u00e9\u00e9e au 1er janvier 2024 dans la continuit\u00e9 de la\u00a0 \u00ab Cellule Verte \u00bb du CEREGE (2019), la commission \u00e9co-responsabilit\u00e9 s\u2019est fix\u00e9e pour objectif de r\u00e9duire l\u2019impact environnemental des activit\u00e9s professionnelles du laboratoire tout en gardant, voire en am\u00e9liorant, la qualit\u00e9 de vie au travail, la qualit\u00e9 de la production scientifique et celle des services.<br \/><a href=\"https:\/\/www.cerege.fr\/cellule-verte\/\">En savoir plus<\/a><\/p><p>R\u00e9f\u00e9rente :<a href=\"https:\/\/www.cerege.fr\/fr\/cerege\/irene-schimmelpfennig\/\"> I. Schimmelpfennig<\/a><br \/>Membres : <a href=\"https:\/\/www.cerege.fr\/fr\/cerege\/xavier-giraud\/\">X. Giraud<\/a>, <a href=\"https:\/\/www.cerege.fr\/fr\/cerege\/clement-levard\/\">C. Levard<\/a>, \u00a0<a href=\"https:\/\/www.cerege.fr\/fr\/cerege\/olivier-cavalie\/\">O. Cavali\u00e9<\/a>, <a href=\"https:\/\/www.cerege.fr\/fr\/cerege\/blanche-collin\/\">B. Collin<\/a>, <a href=\"https:\/\/www.cerege.fr\/fr\/cerege\/julien-couturier\/\">J. Couturier<\/a>, <a href=\"https:\/\/www.cerege.fr\/fr\/cerege\/yoann-fagault\/\">Y. Fagault<\/a>,\u00a0<a href=\"https:\/\/www.cerege.fr\/fr\/cerege\/perrine-chaurand\/\">P. Chaurand, <\/a><a href=\"https:\/\/www.cerege.fr\/fr\/cerege\/anne-lise-jourdan\/\">A. Jourdan<\/a><\/p><h2><span style=\"font-weight: normal;\">Comit\u00e9 des Doctorants\u2028<\/span><\/h2><p>Compos\u00e9 de 11 membres, son but est d\u2019assurer une meilleure insertion des doctorants dans le collectif et le suivi du d\u00e9roulement des th\u00e8ses. Le comit\u00e9 aide \u00e0 la r\u00e9solution des probl\u00e9matiques, \u00e0 la diffusion de l\u2019information et repr\u00e9sente une entit\u00e9 de confiance, de partage et d\u2019accompagnement tout au long du parcours.\u2028<br \/><a href=\"https:\/\/www.cerege.fr\/le-cerege\/notre-organisation\/comite-des-doctorants-du-cerege\/\">En savoir plus<br \/><\/a><\/p><h2><span style=\"font-weight: normal;\">Comit\u00e9 p\u00e9dagogique<\/span><\/h2><p>R\u00e9f\u00e9rents: <a href=\"https:\/\/www.cerege.fr\/fr\/cerege\/christine-vallet-coulomb\/\">C. Vallet-Coulomb<\/a> et <a href=\"https:\/\/www.cerege.fr\/fr\/cerege\/gilles-conesa\/\">G. Conesa<\/a><\/p><h2><span style=\"font-weight: normal;\">Cellule de Conservation des Collections Scientifiques -C3S\u2028<\/span><\/h2><p>La cellule propose et met en \u0153uvre des solutions li\u00e9es aux probl\u00e9matiques de conservation des \u00e9chantillons et \u00e0 la gestion d\u2019une base de donn\u00e9es relationnelle associ\u00e9e aux \u00e9chantillons. Le site de l\u2019Arbois dispose d\u2019une caroth\u00e8que d\u2019une capacit\u00e9 de stockage de 600 m3 d\u2019espace r\u00e9frig\u00e9r\u00e9 et de pr\u00e8s de 850 m2 de surface non r\u00e9frig\u00e9r\u00e9e.<br \/><a href=\"https:\/\/www.cerege.fr\/fr\/le-cerege\/notre-organisation\/cellule-conservations-des-collections-scientifiques-c3s\/\" target=\"_blank\" rel=\"noopener\">En savoir plus<\/a>\u2028<\/p><p>R\u00e9f\u00e9rente : <a href=\"https:\/\/www.cerege.fr\/fr\/cerege\/doriane-delanghe\/\" target=\"_blank\" rel=\"noopener\">D. Delanghe<\/a><br \/>Membres: <a href=\"https:\/\/www.cerege.fr\/fr\/cerege\/sandrine-conrod\/\" target=\"_blank\" rel=\"noopener\">S. Conrod,<\/a> <a href=\"https:\/\/www.cerege.fr\/fr\/cerege\/ghislain-gassier\/\" target=\"_blank\" rel=\"noopener\">G. Gassier<\/a>, <a href=\"https:\/\/www.cerege.fr\/fr\/cerege\/wulfran-barthelemy\/\" target=\"_blank\" rel=\"noopener\">W. Barthelemy<\/a><\/p><h2><span style=\"font-weight: normal;\">Cellule \u00e9galit\u00e9\u2028<\/span><\/h2><p>Depuis sa cr\u00e9ation en 2019, la cellule \u00c9galit\u00e9 (anciennement &#8220;Parit\u00e9&#8221;) organise des actions pour r\u00e9duire les d\u00e9s\u00e9quilibres entre hommes et femmes en proc\u00e9dant selon 3 \u00e9tapes : <strong>Mesurer, Comprendre, Agir<\/strong>. Chaque ann\u00e9e, elle r\u00e9dige un document de situation compar\u00e9e au laboratoire, \u00e0 partir d\u2019indicateurs d\u2019\u00e9galit\u00e9 femmes\/hommes (recrutements, progressions de carri\u00e8re, repr\u00e9sentation dans les instances de direction et de management, portage de projets, \u2026). La cellule organise \u00e9galement des formations afin de r\u00e9duire ces \u00e9carts par exemple sur les biais implicites de genre, ou sur les freins \u00e0 la carri\u00e8re des femmes. Un mentorat pour les jeunes chercheuses a aussi \u00e9t\u00e9 mis en place depuis 2021.<\/p><p>Les r\u00e9f\u00e9rents de la cellule sont form\u00e9s \u00e0 la probl\u00e9matique des violences sexistes et sexuelles et sont \u00e0 votre \u00e9coute.<br \/><a href=\"https:\/\/www.cerege.fr\/le-cerege\/cellule-parite\/\">En savoir plus<\/a><\/p><p>R\u00e9f\u00e9rente : <a href=\"https:\/\/www.cerege.fr\/fr\/cerege\/anne-alexandre\/\">A. Alexandre<\/a><br \/>Membres : <a href=\"https:\/\/www.cerege.fr\/fr\/cerege\/jules-fleury\/\">J. Fleury<\/a> , <a href=\"https:\/\/www.cerege.fr\/fr\/cerege\/julie-aleman\/\">J. Aleman<\/a>, <a href=\"https:\/\/www.cerege.fr\/fr\/cerege\/thomas-chalk\/\">T. Chalk<\/a>, <a href=\"https:\/\/www.cerege.fr\/fr\/cerege\/abel-guihou\/\">A. Guihou<\/a><\/p><div><h2><span style=\"font-weight: normal;\">Cellule Carottage et Terrain (CARTER)<br \/><\/span><\/h2><\/div><p>Mise \u00e0 disposition d\u2019un mat\u00e9riel de qualit\u00e9 et entretenu et accompagnement de la pr\u00e9paration des missions de terrain (carottage, \u00e9chantillonnage, observation)<\/p><p>R\u00e9f\u00e9rents: <a href=\"https:\/\/www.cerege.fr\/fr\/cerege\/francois-demory\/\">F. Demory<\/a> et <a href=\"https:\/\/www.cerege.fr\/fr\/cerege\/yannick-garcin\/\">Y. Garcin<\/a><\/p>\t\t\t\t\t\t\t\t<\/div>\n\t\t\t\t<\/div>\n\t\t\t\t\t<\/div>\n\t\t<\/div>\n\t\t\t\t\t<\/div>\n\t\t<\/section>\n\t\t\t\t\t<\/div>\n\t\t<\/div>\n\t\t\t\t\t<\/div>\n\t\t<\/section>\n\t\t\t\t<\/div>\n\t\t","protected":false},"excerpt":{"rendered":"<p>Les charg\u00e9s de mission, cellules ou comit\u00e9s accompagnent la direction sur des sujets soci\u00e9taux et environnementaux Charg\u00e9.e.s de mission . Charg\u00e9e de mission Relations internationales et Sciences des Suds : [&hellip;]<\/p>\n","protected":false},"author":551,"featured_media":8402,"parent":821,"menu_order":0,"comment_status":"closed","ping_status":"closed","template":"","meta":{"_acf_changed":false,"footnotes":""},"class_list":["post-19490","page","type-page","status-publish","has-post-thumbnail","hentry"],"acf":[],"publishpress_future_action":{"enabled":false,"date":"2026-05-21 10:00:10","action":"change-status","newStatus":"draft","terms":[],"taxonomy":"","extraData":[]},"publishpress_future_workflow_manual_trigger":{"enabledWorkflows":[]},"_links":{"self":[{"href":"https:\/\/www.cerege.fr\/en\/wp-json\/wp\/v2\/pages\/19490","targetHints":{"allow":["GET"]}}],"collection":[{"href":"https:\/\/www.cerege.fr\/en\/wp-json\/wp\/v2\/pages"}],"about":[{"href":"https:\/\/www.cerege.fr\/en\/wp-json\/wp\/v2\/types\/page"}],"author":[{"embeddable":true,"href":"https:\/\/www.cerege.fr\/en\/wp-json\/wp\/v2\/users\/551"}],"replies":[{"embeddable":true,"href":"https:\/\/www.cerege.fr\/en\/wp-json\/wp\/v2\/comments?post=19490"}],"version-history":[{"count":5,"href":"https:\/\/www.cerege.fr\/en\/wp-json\/wp\/v2\/pages\/19490\/revisions"}],"predecessor-version":[{"id":26808,"href":"https:\/\/www.cerege.fr\/en\/wp-json\/wp\/v2\/pages\/19490\/revisions\/26808"}],"up":[{"embeddable":true,"href":"https:\/\/www.cerege.fr\/en\/wp-json\/wp\/v2\/pages\/821"}],"wp:featuredmedia":[{"embeddable":true,"href":"https:\/\/www.cerege.fr\/en\/wp-json\/wp\/v2\/media\/8402"}],"wp:attachment":[{"href":"https:\/\/www.cerege.fr\/en\/wp-json\/wp\/v2\/media?parent=19490"}],"curies":[{"name":"wp","href":"https:\/\/api.w.org\/{rel}","templated":true}]}}