{"id":22161,"date":"2024-01-29T11:47:00","date_gmt":"2024-01-29T10:47:00","guid":{"rendered":"https:\/\/www.cerege.fr\/?page_id=22161"},"modified":"2026-01-13T10:46:59","modified_gmt":"2026-01-13T09:46:59","slug":"acv-ecotomix-2","status":"publish","type":"page","link":"https:\/\/www.cerege.fr\/en\/sciences\/environnement-durable\/projets-environnement-durable\/goutte-a-goutte\/","title":{"rendered":"Drop by drop"},"content":{"rendered":"\t\t<div data-elementor-type=\"wp-page\" data-elementor-id=\"22161\" class=\"elementor elementor-22161\" data-elementor-post-type=\"page\">\n\t\t\t\t\t\t<section class=\"elementor-section elementor-top-section elementor-element elementor-element-19d36b48 elementor-section-full_width elementor-section-height-min-height elementor-section-height-default elementor-section-items-middle\" data-id=\"19d36b48\" data-element_type=\"section\" data-e-type=\"section\" data-settings=\"{&quot;background_background&quot;:&quot;classic&quot;}\">\n\t\t\t\t\t\t<div class=\"elementor-container elementor-column-gap-default\">\n\t\t\t\t\t<div class=\"elementor-column elementor-col-100 elementor-top-column elementor-element elementor-element-2f4fdcd3\" data-id=\"2f4fdcd3\" data-element_type=\"column\" data-e-type=\"column\">\n\t\t\t<div class=\"elementor-widget-wrap\">\n\t\t\t\t\t\t\t<\/div>\n\t\t<\/div>\n\t\t\t\t\t<\/div>\n\t\t<\/section>\n\t\t\t\t<section class=\"elementor-section elementor-top-section elementor-element elementor-element-51a31d6a elementor-section-boxed elementor-section-height-default elementor-section-height-default\" data-id=\"51a31d6a\" data-element_type=\"section\" data-e-type=\"section\">\n\t\t\t\t\t\t<div class=\"elementor-container elementor-column-gap-default\">\n\t\t\t\t\t<div class=\"elementor-column elementor-col-100 elementor-top-column elementor-element elementor-element-77296e50\" data-id=\"77296e50\" data-element_type=\"column\" data-e-type=\"column\">\n\t\t\t<div class=\"elementor-widget-wrap elementor-element-populated\">\n\t\t\t\t\t\t<div class=\"elementor-element elementor-element-5f7b43f3 elementor-widget elementor-widget-shortcode\" data-id=\"5f7b43f3\" data-element_type=\"widget\" data-e-type=\"widget\" data-widget_type=\"shortcode.default\">\n\t\t\t\t<div class=\"elementor-widget-container\">\n\t\t\t\t\t\t\t<div class=\"elementor-shortcode\"><nav aria-label=\"breadcrumbs\">\n            <div class=\"breadcrumb-container theme1\">\n                <ol>\n                                    <\/ol>\n            <\/div>\n        <\/nav>    <script type=\"application\/ld+json\">\n        {\n            \"@context\": \"http:\/\/schema.org\",\n            \"@type\": \"BreadcrumbList\",\n            \"itemListElement\": [\n                            ]\n        }\n    <\/script>\n   \n    <script>\n            <\/script>\n<\/div>\n\t\t\t\t\t\t<\/div>\n\t\t\t\t<\/div>\n\t\t\t\t<section class=\"elementor-section elementor-inner-section elementor-element elementor-element-2b4982c4 elementor-section-boxed elementor-section-height-default elementor-section-height-default\" data-id=\"2b4982c4\" data-element_type=\"section\" data-e-type=\"section\">\n\t\t\t\t\t\t<div class=\"elementor-container elementor-column-gap-wide\">\n\t\t\t\t\t<div class=\"elementor-column elementor-col-50 elementor-inner-column elementor-element elementor-element-60d9a933\" data-id=\"60d9a933\" data-element_type=\"column\" data-e-type=\"column\">\n\t\t\t<div class=\"elementor-widget-wrap elementor-element-populated\">\n\t\t\t\t\t\t<div class=\"elementor-element elementor-element-6c59539b elementor-widget elementor-widget-text-editor\" data-id=\"6c59539b\" data-element_type=\"widget\" data-e-type=\"widget\" data-widget_type=\"text-editor.default\">\n\t\t\t\t<div class=\"elementor-widget-container\">\n\t\t\t\t\t\t\t\t\t<p>\u00a0<\/p><p><img decoding=\"async\" class=\"alignnone wp-image-22410\" src=\"https:\/\/www.cerege.fr\/wp-content\/uploads\/2024\/02\/Interreg-Logo-France-Italia-ALCOTRA-300x90.jpg\" alt=\"\" width=\"347\" height=\"104\" srcset=\"https:\/\/www.cerege.fr\/wp-content\/uploads\/2024\/02\/Interreg-Logo-France-Italia-ALCOTRA-300x90.jpg 300w, https:\/\/www.cerege.fr\/wp-content\/uploads\/2024\/02\/Interreg-Logo-France-Italia-ALCOTRA-1024x308.jpg 1024w, https:\/\/www.cerege.fr\/wp-content\/uploads\/2024\/02\/Interreg-Logo-France-Italia-ALCOTRA-768x231.jpg 768w, https:\/\/www.cerege.fr\/wp-content\/uploads\/2024\/02\/Interreg-Logo-France-Italia-ALCOTRA-1536x462.jpg 1536w, https:\/\/www.cerege.fr\/wp-content\/uploads\/2024\/02\/Interreg-Logo-France-Italia-ALCOTRA-18x5.jpg 18w, https:\/\/www.cerege.fr\/wp-content\/uploads\/2024\/02\/Interreg-Logo-France-Italia-ALCOTRA-1320x397.jpg 1320w, https:\/\/www.cerege.fr\/wp-content\/uploads\/2024\/02\/Interreg-Logo-France-Italia-ALCOTRA.jpg 1903w\" sizes=\"(max-width: 347px) 100vw, 347px\" \/><\/p><p>Aix-Marseille Universit\u00e9 (laboratoire CEREGE) accompagne les entreprises dans la mise en place d&#8217;une sobri\u00e9t\u00e9 hydrique.<\/p><p style=\"font-weight: 400;\">Suite aux s\u00e9cheresses des \u00e9t\u00e9 2022 et 2023, et dans un contexte o\u00f9 le GIEC (Groupe d&#8217;experts intergouvernemental sur l&#8217;\u00e9volution du climat) annonce un risque de p\u00e9nurie d\u2019eau pour plus d&#8217;un tiers de la population avec un r\u00e9chauffement de +2\u00b0C. Ainsi que la mise en place en France d\u2019un plan qui fixe, entre autre, un objectif d\u2019\u00e9conomie d\u2019eau de -10% pour tous les acteurs d\u2019ici 2030.<\/p><p style=\"font-weight: 400;\">Aix-Marseille Universit\u00e9 (laboratoire CEREGE) et ses partenaires mettent en place un dispositif, pour r\u00e9duire la consommation de l\u2019eau \u00e0 travers le projet europ\u00e9en Interreg Alcotra Goutte \u00e0 Goutte \/ Goccia a Goccia.<\/p><p style=\"font-weight: 400;\"><span style=\"font-family: var( --e-global-typography-text-font-family ), Sans-serif; color: var( --e-global-color-text ); font-size: 1rem;\">Ce projet a d\u00e9but\u00e9 le 9 octobre 2023 et s\u2019\u00e9tendra sur une dur\u00e9e de 3 ans. Il permettra de mieux connaitre les consommations d\u2019eau en entreprises, de former et sensibiliser aux bonnes pratiques et d\u2019installer des am\u00e9nagements test permettant de r\u00e9duire les consommations.<\/span><\/p><p style=\"font-weight: 400;\">Ce projet d\u2019un budget total de 1 978 532,80 \u20ac b\u00e9n\u00e9ficie de financements du Fond Europ\u00e9en de D\u00e9veloppement R\u00e9gional (FEDER) de 1 582 826,24 \u20ac dans le cadre du programme Interreg V-A France-Italie ALCOTRA 2021-2027.<\/p>\t\t\t\t\t\t\t\t<\/div>\n\t\t\t\t<\/div>\n\t\t\t\t\t<\/div>\n\t\t<\/div>\n\t\t\t\t<div class=\"elementor-column elementor-col-50 elementor-inner-column elementor-element elementor-element-67c314be\" data-id=\"67c314be\" data-element_type=\"column\" data-e-type=\"column\">\n\t\t\t<div class=\"elementor-widget-wrap elementor-element-populated\">\n\t\t\t\t\t\t<div class=\"elementor-element elementor-element-25bc0187 elementor-widget elementor-widget-text-editor\" data-id=\"25bc0187\" data-element_type=\"widget\" data-e-type=\"widget\" data-widget_type=\"text-editor.default\">\n\t\t\t\t<div class=\"elementor-widget-container\">\n\t\t\t\t\t\t\t\t\t<h2><span style=\"font-weight: normal;\">2023-2026 : Goutte \u00e0 goutte<\/span><\/h2><p><em>R\u00e9duire la consommation de l\u2019eau \u00e0 travers le projet europ\u00e9en Interreg Alcotra Goutte \u00e0 Goutte \/ Goccia a Goccia<\/em><\/p><p><strong>Financement<\/strong> : Fond Europ\u00e9en de D\u00e9veloppement R\u00e9gional (FEDER) dans le cadre du programme Interreg V-A France-Italie ALCOTRA 2021-2027<\/p><p><strong>Au CEREGE\u00a0<\/strong>: <br \/><a href=\"https:\/\/www.cerege.fr\/fr\/author\/nicolas-roche\/\" target=\"_blank\" rel=\"noopener\">Nicolas Roche<\/a><\/p><p><strong>Partenaires<\/strong> :<\/p><ul><li>Chambre de M\u00e9tiers et de l&#8217;Artisanat Provence-Alpes-C\u00f4te d&#8217;Azur (chef de file)<\/li><li>Chambre de Commerce et d\u2019Industrie Nice C\u00f4te d\u2019Azur<\/li><li>Camera di Commercio Industria Agricoltura e Artigianato di Cuneo<\/li><li>Camera di Commercio Industria Agricoltura e Artigianato Riviere di Liguria<\/li><li>Politecnico di Torino<\/li><li>Fondazione per la ricerca l\u2019innovazione e lo sviluppo tecnologico dell\u2019agricoltura piemontese<\/li><li>CIRAD, UMR Ecosys, Saclay<\/li><li>LBE, Narbonne<\/li><li>Ineris, Thiverval-Grignon<\/li><li>Aix-Marseille Universit\u00e9<\/li><\/ul>\t\t\t\t\t\t\t\t<\/div>\n\t\t\t\t<\/div>\n\t\t\t\t<div class=\"elementor-element elementor-element-6ee73e5c elementor-widget elementor-widget-image\" data-id=\"6ee73e5c\" data-element_type=\"widget\" data-e-type=\"widget\" data-widget_type=\"image.default\">\n\t\t\t\t<div class=\"elementor-widget-container\">\n\t\t\t\t\t\t\t\t\t\t\t\t\t\t\t<img fetchpriority=\"high\" decoding=\"async\" width=\"800\" height=\"241\" src=\"https:\/\/www.cerege.fr\/wp-content\/uploads\/2024\/02\/Interreg-Logo-France-Italia-ALCOTRA-1024x308.jpg\" class=\"attachment-large size-large wp-image-22410\" alt=\"\" srcset=\"https:\/\/www.cerege.fr\/wp-content\/uploads\/2024\/02\/Interreg-Logo-France-Italia-ALCOTRA-1024x308.jpg 1024w, https:\/\/www.cerege.fr\/wp-content\/uploads\/2024\/02\/Interreg-Logo-France-Italia-ALCOTRA-300x90.jpg 300w, https:\/\/www.cerege.fr\/wp-content\/uploads\/2024\/02\/Interreg-Logo-France-Italia-ALCOTRA-768x231.jpg 768w, https:\/\/www.cerege.fr\/wp-content\/uploads\/2024\/02\/Interreg-Logo-France-Italia-ALCOTRA-1536x462.jpg 1536w, https:\/\/www.cerege.fr\/wp-content\/uploads\/2024\/02\/Interreg-Logo-France-Italia-ALCOTRA-18x5.jpg 18w, https:\/\/www.cerege.fr\/wp-content\/uploads\/2024\/02\/Interreg-Logo-France-Italia-ALCOTRA-1320x397.jpg 1320w, https:\/\/www.cerege.fr\/wp-content\/uploads\/2024\/02\/Interreg-Logo-France-Italia-ALCOTRA.jpg 1903w\" sizes=\"(max-width: 800px) 100vw, 800px\" \/>\t\t\t\t\t\t\t\t\t\t\t\t\t\t\t<\/div>\n\t\t\t\t<\/div>\n\t\t\t\t\t<\/div>\n\t\t<\/div>\n\t\t\t\t\t<\/div>\n\t\t<\/section>\n\t\t\t\t<div class=\"elementor-element elementor-element-2eb4d3b9 elementor-widget elementor-widget-spacer\" data-id=\"2eb4d3b9\" data-element_type=\"widget\" data-e-type=\"widget\" data-widget_type=\"spacer.default\">\n\t\t\t\t<div class=\"elementor-widget-container\">\n\t\t\t\t\t\t\t<div class=\"elementor-spacer\">\n\t\t\t<div class=\"elementor-spacer-inner\"><\/div>\n\t\t<\/div>\n\t\t\t\t\t\t<\/div>\n\t\t\t\t<\/div>\n\t\t\t\t<div class=\"elementor-element elementor-element-4c543653 elementor-widget elementor-widget-spacer\" data-id=\"4c543653\" data-element_type=\"widget\" data-e-type=\"widget\" data-widget_type=\"spacer.default\">\n\t\t\t\t<div class=\"elementor-widget-container\">\n\t\t\t\t\t\t\t<div class=\"elementor-spacer\">\n\t\t\t<div class=\"elementor-spacer-inner\"><\/div>\n\t\t<\/div>\n\t\t\t\t\t\t<\/div>\n\t\t\t\t<\/div>\n\t\t\t\t\t<\/div>\n\t\t<\/div>\n\t\t\t\t\t<\/div>\n\t\t<\/section>\n\t\t\t\t<\/div>\n\t\t","protected":false},"excerpt":{"rendered":"<p>\u00a0 Aix-Marseille Universit\u00e9 (laboratoire CEREGE) accompagne les entreprises dans la mise en place d&#8217;une sobri\u00e9t\u00e9 hydrique. Suite aux s\u00e9cheresses des \u00e9t\u00e9 2022 et 2023, et dans un contexte o\u00f9 le [&hellip;]<\/p>\n","protected":false},"author":531,"featured_media":8182,"parent":846,"menu_order":0,"comment_status":"closed","ping_status":"closed","template":"","meta":{"_acf_changed":false,"footnotes":""},"class_list":["post-22161","page","type-page","status-publish","has-post-thumbnail","hentry"],"acf":[],"publishpress_future_action":{"enabled":false,"date":"2026-05-15 21:47:37","action":"change-status","newStatus":"draft","terms":[],"taxonomy":"","extraData":[]},"publishpress_future_workflow_manual_trigger":{"enabledWorkflows":[]},"_links":{"self":[{"href":"https:\/\/www.cerege.fr\/en\/wp-json\/wp\/v2\/pages\/22161","targetHints":{"allow":["GET"]}}],"collection":[{"href":"https:\/\/www.cerege.fr\/en\/wp-json\/wp\/v2\/pages"}],"about":[{"href":"https:\/\/www.cerege.fr\/en\/wp-json\/wp\/v2\/types\/page"}],"author":[{"embeddable":true,"href":"https:\/\/www.cerege.fr\/en\/wp-json\/wp\/v2\/users\/531"}],"replies":[{"embeddable":true,"href":"https:\/\/www.cerege.fr\/en\/wp-json\/wp\/v2\/comments?post=22161"}],"version-history":[{"count":5,"href":"https:\/\/www.cerege.fr\/en\/wp-json\/wp\/v2\/pages\/22161\/revisions"}],"predecessor-version":[{"id":28842,"href":"https:\/\/www.cerege.fr\/en\/wp-json\/wp\/v2\/pages\/22161\/revisions\/28842"}],"up":[{"embeddable":true,"href":"https:\/\/www.cerege.fr\/en\/wp-json\/wp\/v2\/pages\/846"}],"wp:featuredmedia":[{"embeddable":true,"href":"https:\/\/www.cerege.fr\/en\/wp-json\/wp\/v2\/media\/8182"}],"wp:attachment":[{"href":"https:\/\/www.cerege.fr\/en\/wp-json\/wp\/v2\/media?parent=22161"}],"curies":[{"name":"wp","href":"https:\/\/api.w.org\/{rel}","templated":true}]}}