{"id":2266,"date":"2022-07-27T16:36:00","date_gmt":"2022-07-27T14:36:00","guid":{"rendered":"https:\/\/www.cerege.fr\/?page_id=2266"},"modified":"2025-05-06T14:31:06","modified_gmt":"2025-05-06T12:31:06","slug":"partner-events","status":"publish","type":"page","link":"https:\/\/www.cerege.fr\/en\/communication\/sciences-pour-tous\/evenements-partenaires\/","title":{"rendered":"Partner events"},"content":{"rendered":"\t\t<div data-elementor-type=\"wp-page\" data-elementor-id=\"2266\" class=\"elementor elementor-2266\" data-elementor-post-type=\"page\">\n\t\t\t\t\t\t<section class=\"elementor-section elementor-top-section elementor-element elementor-element-276733ee elementor-section-boxed elementor-section-height-default elementor-section-height-default\" data-id=\"276733ee\" data-element_type=\"section\" data-e-type=\"section\">\n\t\t\t\t\t\t<div class=\"elementor-container elementor-column-gap-default\">\n\t\t\t\t\t<div class=\"elementor-column elementor-col-100 elementor-top-column elementor-element elementor-element-3a2a881a\" data-id=\"3a2a881a\" data-element_type=\"column\" data-e-type=\"column\">\n\t\t\t<div class=\"elementor-widget-wrap elementor-element-populated\">\n\t\t\t\t\t\t<div class=\"elementor-element elementor-element-68bcaf28 elementor-widget elementor-widget-shortcode\" data-id=\"68bcaf28\" data-element_type=\"widget\" data-e-type=\"widget\" data-widget_type=\"shortcode.default\">\n\t\t\t\t<div class=\"elementor-widget-container\">\n\t\t\t\t\t\t\t<div class=\"elementor-shortcode\"><nav aria-label=\"breadcrumbs\">\n            <div class=\"breadcrumb-container theme1\">\n                <ol>\n                                    <\/ol>\n            <\/div>\n        <\/nav>    <script type=\"application\/ld+json\">\n        {\n            \"@context\": \"http:\/\/schema.org\",\n            \"@type\": \"BreadcrumbList\",\n            \"itemListElement\": [\n                            ]\n        }\n    <\/script>\n   \n    <script>\n            <\/script>\n<\/div>\n\t\t\t\t\t\t<\/div>\n\t\t\t\t<\/div>\n\t\t\t\t<div class=\"elementor-element elementor-element-a802a8b elementor-widget elementor-widget-spacer\" data-id=\"a802a8b\" data-element_type=\"widget\" data-e-type=\"widget\" data-widget_type=\"spacer.default\">\n\t\t\t\t<div class=\"elementor-widget-container\">\n\t\t\t\t\t\t\t<div class=\"elementor-spacer\">\n\t\t\t<div class=\"elementor-spacer-inner\"><\/div>\n\t\t<\/div>\n\t\t\t\t\t\t<\/div>\n\t\t\t\t<\/div>\n\t\t\t\t<div class=\"elementor-element elementor-element-5c1831a elementor-widget elementor-widget-text-editor\" data-id=\"5c1831a\" data-element_type=\"widget\" data-e-type=\"widget\" data-widget_type=\"text-editor.default\">\n\t\t\t\t<div class=\"elementor-widget-container\">\n\t\t\t\t\t\t\t\t\t<p class=\"p1\">Le CEREGE collabore \u00e9troitement avec la cellule de culture scientifique d\u2019Aix-Marseille Universit\u00e9, ainsi qu\u2019avec les services communication du CNRS Provence-Corse et de l\u2019IRD Sud-Est, pour partager ses recherches en G\u00e9osciences et les rendre accessibles au plus grand nombre.<\/p><p class=\"p1\">Souhaitant r\u00e9pondre aux grands enjeux contemporains, le laboratoire prend \u00e9galement part \u00e0 de nombreuses manifestations grand public : conf\u00e9rences, d\u00e9bats, \u00e9v\u00e9nements de vulgarisation\u2026 autant d\u2019occasions de nourrir la r\u00e9flexion collective et de dialoguer avec la soci\u00e9t\u00e9.<\/p>\t\t\t\t\t\t\t\t<\/div>\n\t\t\t\t<\/div>\n\t\t\t\t<div class=\"elementor-element elementor-element-14057b2 elementor-widget-divider--view-line elementor-widget elementor-widget-divider\" data-id=\"14057b2\" data-element_type=\"widget\" data-e-type=\"widget\" data-widget_type=\"divider.default\">\n\t\t\t\t<div class=\"elementor-widget-container\">\n\t\t\t\t\t\t\t<div class=\"elementor-divider\">\n\t\t\t<span class=\"elementor-divider-separator\">\n\t\t\t\t\t\t<\/span>\n\t\t<\/div>\n\t\t\t\t\t\t<\/div>\n\t\t\t\t<\/div>\n\t\t\t\t\t<\/div>\n\t\t<\/div>\n\t\t\t\t\t<\/div>\n\t\t<\/section>\n\t\t\t\t<section class=\"elementor-section elementor-top-section elementor-element elementor-element-5a327d59 elementor-section-boxed elementor-section-height-default elementor-section-height-default\" data-id=\"5a327d59\" data-element_type=\"section\" data-e-type=\"section\">\n\t\t\t\t\t\t<div class=\"elementor-container elementor-column-gap-default\">\n\t\t\t\t\t<div class=\"elementor-column elementor-col-100 elementor-top-column elementor-element elementor-element-3cdc96bc\" data-id=\"3cdc96bc\" data-element_type=\"column\" data-e-type=\"column\">\n\t\t\t<div class=\"elementor-widget-wrap elementor-element-populated\">\n\t\t\t\t\t\t<div class=\"elementor-element elementor-element-0627d7c elementor-widget__width-initial elementor--h-position-center elementor--v-position-middle elementor-arrows-position-inside elementor-pagination-position-inside elementor-widget elementor-widget-slides\" data-id=\"0627d7c\" data-element_type=\"widget\" data-e-type=\"widget\" data-settings=\"{&quot;navigation&quot;:&quot;both&quot;,&quot;autoplay&quot;:&quot;yes&quot;,&quot;pause_on_hover&quot;:&quot;yes&quot;,&quot;pause_on_interaction&quot;:&quot;yes&quot;,&quot;autoplay_speed&quot;:5000,&quot;infinite&quot;:&quot;yes&quot;,&quot;transition&quot;:&quot;slide&quot;,&quot;transition_speed&quot;:500}\" data-widget_type=\"slides.default\">\n\t\t\t\t<div class=\"elementor-widget-container\">\n\t\t\t\t\t\t\t\t\t<div class=\"elementor-swiper\">\n\t\t\t\t\t<div class=\"elementor-slides-wrapper elementor-main-swiper swiper\" role=\"region\" aria-roledescription=\"carousel\" aria-label=\"Diapositives\" dir=\"ltr\" data-animation=\"\">\n\t\t\t\t<div class=\"swiper-wrapper elementor-slides\">\n\t\t\t\t\t\t\t\t\t\t<div class=\"elementor-repeater-item-0c7e14a swiper-slide\" role=\"group\" aria-roledescription=\"slide\"><div class=\"swiper-slide-bg\"><\/div><a class=\"swiper-slide-inner\" href=\"https:\/\/www.univ-amu.fr\/fr\/public\/nuit-europeenne-des-chercheures\" target=\"_blank\" rel=\"noopener\"><div class=\"swiper-slide-contents\"><div class=\"elementor-slide-heading\">Nuit Europ\u00e9enne des Chercheurs<\/div><div class=\"elementor-slide-description\">Chaque ann\u00e9e, la Nuit europ\u00e9enne des Chercheurs offre un moment privil\u00e9gi\u00e9 de rencontre entre scientifiques et grand public. Dans une ambiance chaleureuse et tamis\u00e9e, les chercheuses et chercheurs \u00e9changent avec petits et grands, \u00e0 travers des ateliers interactifs, des mini-conf\u00e9rences, des formats ludiques comme le speed-searching, et bien d\u2019autres surprises.<\/div><div  class=\"elementor-button elementor-slide-button elementor-size-sm\">En savoir plus<\/div><\/div><\/a><\/div><div class=\"elementor-repeater-item-fd0b3f9 swiper-slide\" role=\"group\" aria-roledescription=\"slide\"><div class=\"swiper-slide-bg\"><\/div><a class=\"swiper-slide-inner\" href=\"https:\/\/www.univ-amu.fr\/fr\/public\/souk-des-sciences\" target=\"_blank\" rel=\"noopener\"><div class=\"swiper-slide-contents\"><div class=\"elementor-slide-heading\">Souk des Sciences<\/div><div class=\"elementor-slide-description\">Le Souk des Sciences est un march\u00e9 scientifique \u00e9ph\u00e9m\u00e8re et festif, con\u00e7u pour \u00e9veiller la curiosit\u00e9 de toutes et tous. \u00c0 travers des exp\u00e9riences interactives et des \u00e9changes conviviaux, les chercheuses et chercheurs vous invitent \u00e0 d\u00e9couvrir leurs objets d\u2019\u00e9tude et \u00e0 explorer le monde des sciences autrement.<\/div><div  class=\"elementor-button elementor-slide-button elementor-size-sm\">En savoir plus<\/div><\/div><\/a><\/div><div class=\"elementor-repeater-item-a150933 swiper-slide\" role=\"group\" aria-roledescription=\"slide\"><div class=\"swiper-slide-bg\"><\/div><a class=\"swiper-slide-inner\" href=\"https:\/\/mt180.fr\" target=\"_blank\" rel=\"noopener\"><div class=\"swiper-slide-contents\"><div class=\"elementor-slide-heading\">Ma Th\u00e8se en 180 Secondes<\/div><div class=\"elementor-slide-description\">Destin\u00e9 aux doctorant\u00b7es, le concours Ma Th\u00e8se en 180 secondes leur offre l\u2019opportunit\u00e9 de pr\u00e9senter leur sujet de recherche de mani\u00e8re claire et captivante \u00e0 un public non sp\u00e9cialiste. En trois minutes chrono, chaque participant doit relever le d\u00e9fi de rendre son projet compr\u00e9hensible, vivant et percutant.<\/div><div  class=\"elementor-button elementor-slide-button elementor-size-sm\">En savoir plus<\/div><\/div><\/a><\/div><div class=\"elementor-repeater-item-9e96a10 swiper-slide\" role=\"group\" aria-roledescription=\"slide\"><div class=\"swiper-slide-bg\"><\/div><a class=\"swiper-slide-inner\" href=\"http:\/\/cafesciences-avignon.fr\" target=\"_blank\" rel=\"noopener\"><div class=\"swiper-slide-contents\"><div class=\"elementor-slide-heading\">Caf\u00e9 des Sciences<\/div><div class=\"elementor-slide-description\">Le Caf\u00e9 des Sciences est un espace d\u2019\u00e9change ouvert \u00e0 toutes et tous, o\u00f9 se tisse un dialogue essentiel entre scientifiques et citoyens. Que l\u2019on soit curieux, passionn\u00e9 ou simplement novice, chacun est invit\u00e9 \u00e0 d\u00e9battre et r\u00e9fl\u00e9chir autour de grands enjeux scientifiques dans une ambiance conviviale.<\/div><div  class=\"elementor-button elementor-slide-button elementor-size-sm\">En savoir plus<\/div><\/div><\/a><\/div><div class=\"elementor-repeater-item-62145e0 swiper-slide\" role=\"group\" aria-roledescription=\"slide\"><div class=\"swiper-slide-bg\"><\/div><a class=\"swiper-slide-inner\" href=\"https:\/\/treize.lis-lab.fr\/\" target=\"_blank\" rel=\"noopener\"><div class=\"swiper-slide-contents\"><div class=\"elementor-slide-heading\">Treize Minutes Marseille<\/div><div class=\"elementor-slide-description\">Treize Minutes et Treize Minutes Jeunes Chercheurs sont des formats de mini-conf\u00e9rences qui offrent \u00e0 chaque intervenant un temps limit\u00e9 pour partager sa passion pour la science. En treize minutes, chercheurs et jeunes chercheurs pr\u00e9sentent leur sujet de mani\u00e8re accessible et dynamique, pour \u00e9veiller la curiosit\u00e9 du public.<\/div><div  class=\"elementor-button elementor-slide-button elementor-size-sm\">En savoir plus<\/div><\/div><\/a><\/div><div class=\"elementor-repeater-item-f46ac75 swiper-slide\" role=\"group\" aria-roledescription=\"slide\"><div class=\"swiper-slide-bg\"><\/div><a class=\"swiper-slide-inner\" href=\"https:\/\/www.osupytheas.fr\/?PRESSION-HYPERBAR\" target=\"_blank\" rel=\"noopener\"><div class=\"swiper-slide-contents\"><div class=\"elementor-slide-heading\">Pression Hyperbar<\/div><div class=\"elementor-slide-description\">L\u2019OSU Institut Pyth\u00e9as et l\u2019ONG Surfrider Foundation M\u00e9diterran\u00e9e unissent leurs forces pour organiser une s\u00e9rie de Bars des Sciences, chaque premier mardi du mois, d\u2019avril \u00e0 juillet. Ces rencontres conviviales ont lieu \u00e0 la Brasserie Zouma\u00ef et invitent le public \u00e0 \u00e9changer autour des enjeux scientifiques et environnementaux d\u2019aujourd\u2019hui.<\/div><div  class=\"elementor-button elementor-slide-button elementor-size-sm\">En savoir plus<\/div><\/div><\/a><\/div>\t\t\t\t<\/div>\n\t\t\t\t\t\t\t\t\t\t\t\t\t\t\t<div class=\"elementor-swiper-button elementor-swiper-button-prev\" role=\"button\" tabindex=\"0\" aria-label=\"Previous slide\">\n\t\t\t\t\t\t\t<i aria-hidden=\"true\" class=\"eicon-chevron-left\"><\/i>\t\t\t\t\t\t<\/div>\n\t\t\t\t\t\t<div class=\"elementor-swiper-button elementor-swiper-button-next\" role=\"button\" tabindex=\"0\" aria-label=\"Next slide\">\n\t\t\t\t\t\t\t<i aria-hidden=\"true\" class=\"eicon-chevron-right\"><\/i>\t\t\t\t\t\t<\/div>\n\t\t\t\t\t\t\t\t\t\t\t\t\t\t\t\t<div class=\"swiper-pagination\"><\/div>\n\t\t\t\t\t\t\t\t\t\t\t\t<\/div>\n\t\t\t\t<\/div>\n\t\t\t\t\t\t\t\t<\/div>\n\t\t\t\t<\/div>\n\t\t\t\t\t<\/div>\n\t\t<\/div>\n\t\t\t\t\t<\/div>\n\t\t<\/section>\n\t\t\t\t<\/div>\n\t\t","protected":false},"excerpt":{"rendered":"<p>Le CEREGE collabore \u00e9troitement avec la cellule de culture scientifique d\u2019Aix-Marseille Universit\u00e9, ainsi qu\u2019avec les services communication du CNRS Provence-Corse et de l\u2019IRD Sud-Est, pour partager ses recherches en G\u00e9osciences [&hellip;]<\/p>\n","protected":false},"author":724,"featured_media":8360,"parent":888,"menu_order":0,"comment_status":"closed","ping_status":"closed","template":"","meta":{"_acf_changed":false,"footnotes":""},"class_list":["post-2266","page","type-page","status-publish","has-post-thumbnail","hentry"],"acf":[],"publishpress_future_action":{"enabled":false,"date":"2026-04-23 09:46:00","action":"change-status","newStatus":"draft","terms":[],"taxonomy":"","extraData":[]},"publishpress_future_workflow_manual_trigger":{"enabledWorkflows":[]},"_links":{"self":[{"href":"https:\/\/www.cerege.fr\/en\/wp-json\/wp\/v2\/pages\/2266","targetHints":{"allow":["GET"]}}],"collection":[{"href":"https:\/\/www.cerege.fr\/en\/wp-json\/wp\/v2\/pages"}],"about":[{"href":"https:\/\/www.cerege.fr\/en\/wp-json\/wp\/v2\/types\/page"}],"author":[{"embeddable":true,"href":"https:\/\/www.cerege.fr\/en\/wp-json\/wp\/v2\/users\/724"}],"replies":[{"embeddable":true,"href":"https:\/\/www.cerege.fr\/en\/wp-json\/wp\/v2\/comments?post=2266"}],"version-history":[{"count":5,"href":"https:\/\/www.cerege.fr\/en\/wp-json\/wp\/v2\/pages\/2266\/revisions"}],"predecessor-version":[{"id":27623,"href":"https:\/\/www.cerege.fr\/en\/wp-json\/wp\/v2\/pages\/2266\/revisions\/27623"}],"up":[{"embeddable":true,"href":"https:\/\/www.cerege.fr\/en\/wp-json\/wp\/v2\/pages\/888"}],"wp:featuredmedia":[{"embeddable":true,"href":"https:\/\/www.cerege.fr\/en\/wp-json\/wp\/v2\/media\/8360"}],"wp:attachment":[{"href":"https:\/\/www.cerege.fr\/en\/wp-json\/wp\/v2\/media?parent=2266"}],"curies":[{"name":"wp","href":"https:\/\/api.w.org\/{rel}","templated":true}]}}