{"id":25766,"date":"2024-09-16T20:33:10","date_gmt":"2024-09-16T18:33:10","guid":{"rendered":"https:\/\/www.cerege.fr\/?page_id=25766"},"modified":"2026-01-13T10:22:43","modified_gmt":"2026-01-13T09:22:43","slug":"bioflocs","status":"publish","type":"page","link":"https:\/\/www.cerege.fr\/en\/sciences\/environnement-durable\/projets-environnement-durable\/bioflocs\/","title":{"rendered":"Bioflocs"},"content":{"rendered":"\t\t<div data-elementor-type=\"wp-page\" data-elementor-id=\"25766\" class=\"elementor elementor-25766\" data-elementor-post-type=\"page\">\n\t\t\t\t\t\t<section class=\"elementor-section elementor-top-section elementor-element elementor-element-45786ba4 elementor-section-full_width elementor-section-height-min-height elementor-section-height-default elementor-section-items-middle\" data-id=\"45786ba4\" data-element_type=\"section\" data-e-type=\"section\" data-settings=\"{&quot;background_background&quot;:&quot;classic&quot;}\">\n\t\t\t\t\t\t<div class=\"elementor-container elementor-column-gap-default\">\n\t\t\t\t\t<div class=\"elementor-column elementor-col-100 elementor-top-column elementor-element elementor-element-db6dd51\" data-id=\"db6dd51\" data-element_type=\"column\" data-e-type=\"column\">\n\t\t\t<div class=\"elementor-widget-wrap\">\n\t\t\t\t\t\t\t<\/div>\n\t\t<\/div>\n\t\t\t\t\t<\/div>\n\t\t<\/section>\n\t\t\t\t<section class=\"elementor-section elementor-top-section elementor-element elementor-element-c5a9ca2 elementor-section-boxed elementor-section-height-default elementor-section-height-default\" data-id=\"c5a9ca2\" data-element_type=\"section\" data-e-type=\"section\">\n\t\t\t\t\t\t<div class=\"elementor-container elementor-column-gap-default\">\n\t\t\t\t\t<div class=\"elementor-column elementor-col-100 elementor-top-column elementor-element elementor-element-67e27f1c\" data-id=\"67e27f1c\" data-element_type=\"column\" data-e-type=\"column\">\n\t\t\t<div class=\"elementor-widget-wrap elementor-element-populated\">\n\t\t\t\t\t\t<div class=\"elementor-element elementor-element-2e97a06a elementor-widget elementor-widget-shortcode\" data-id=\"2e97a06a\" data-element_type=\"widget\" data-e-type=\"widget\" data-widget_type=\"shortcode.default\">\n\t\t\t\t<div class=\"elementor-widget-container\">\n\t\t\t\t\t\t\t<div class=\"elementor-shortcode\"><nav aria-label=\"breadcrumbs\">\n            <div class=\"breadcrumb-container theme1\">\n                <ol>\n                                    <\/ol>\n            <\/div>\n        <\/nav>    <script type=\"application\/ld+json\">\n        {\n            \"@context\": \"http:\/\/schema.org\",\n            \"@type\": \"BreadcrumbList\",\n            \"itemListElement\": [\n                            ]\n        }\n    <\/script>\n   \n    <script>\n            <\/script>\n<\/div>\n\t\t\t\t\t\t<\/div>\n\t\t\t\t<\/div>\n\t\t\t\t<section class=\"elementor-section elementor-inner-section elementor-element elementor-element-3c3a229d elementor-section-boxed elementor-section-height-default elementor-section-height-default\" data-id=\"3c3a229d\" data-element_type=\"section\" data-e-type=\"section\">\n\t\t\t\t\t\t<div class=\"elementor-container elementor-column-gap-wide\">\n\t\t\t\t\t<div class=\"elementor-column elementor-col-50 elementor-inner-column elementor-element elementor-element-5105c968\" data-id=\"5105c968\" data-element_type=\"column\" data-e-type=\"column\">\n\t\t\t<div class=\"elementor-widget-wrap elementor-element-populated\">\n\t\t\t\t\t\t<div class=\"elementor-element elementor-element-53026e0b elementor-widget__width-initial elementor-widget elementor-widget-text-editor\" data-id=\"53026e0b\" data-element_type=\"widget\" data-e-type=\"widget\" data-widget_type=\"text-editor.default\">\n\t\t\t\t<div class=\"elementor-widget-container\">\n\t\t\t\t\t\t\t\t\t<p style=\"text-align: left;\">Les stations d\u2019assainissement des eaux us\u00e9es sont fortement consommatrices de produits chimiques non-biod\u00e9gradables, issus de ressources non-renouvelables. Le projet vise \u00e0 \u00e9valuer le potentiel d\u2019utilisation de r\u00e9actifs biosourc\u00e9s au lieu des produits chimiques traditionnels pour agglom\u00e9rer\/densifier la mati\u00e8re et faciliter la s\u00e9paration d\u2019une eau clarifi\u00e9e.<\/p><p style=\"text-align: left;\">La coagulation\/floculation de la mati\u00e8re est une op\u00e9ration unitaire physico-chimique tr\u00e8s utilis\u00e9e sur l\u2019ensemble des usines de traitement des eaux us\u00e9es pour la clarification des eaux. Les r\u00e9actifs chimiques traditionnellement utilis\u00e9s dans les fili\u00e8res ne sont pas issus de ressources renouvelables (sels m\u00e9talliques ou polym\u00e8res synth\u00e9tiques \u00e0 base de polyacrylamide issus de l\u2019industrie p\u00e9trochimique) et ont un impact non n\u00e9gligeable sur l\u2019environnement. Ces produits se retrouvent dans les eaux rejet\u00e9es dans le milieu naturel et\/ou dans les boues qui sont \u00e9pandues, compost\u00e9es ou incin\u00e9r\u00e9es. La loi de transition \u00e9nerg\u00e9tique de 2015 incite les gestionnaires d\u2019assainissement \u00e0 fortement diminuer leur empreinte environnementale, notamment par la r\u00e9duction ou la substitution des r\u00e9actifs actuels par des r\u00e9actifs \u00e9co-responsables et\/ou biod\u00e9gradables. Ce type de produits a montr\u00e9 des r\u00e9sultats prometteurs pour ce type d\u2019applications mais rares sont ceux qui ont d\u00e9pass\u00e9 le cadre du laboratoire pour \u00eatre d\u00e9ploy\u00e9s \u00e0 l\u2019\u00e9chelle de la station d\u2019\u00e9puration.<\/p><p style=\"text-align: left;\">Ce projet propose de mettre en place une m\u00e9thodologie de s\u00e9lection de produits biosourc\u00e9s pour \u00e9valuer leur aptitude \u00e0 \u00eatre d\u00e9ploy\u00e9 \u00e0 l\u2019\u00e9chelle de la station pour traiter une ou plusieurs types de matrices (eaux us\u00e9es, diff\u00e9rents types de boues). Cette d\u00e9marche multi-\u00e9chelles passe par un recensement de produits locaux disponibles \u00e0 une \u00e9chelle industrielle, par une caract\u00e9risation fine des biopolym\u00e8res et des flocs\/agglom\u00e9rats form\u00e9s avec les matrices s\u00e9lectionn\u00e9es, par une \u00e9tude comportementale de ces flocs\/agglom\u00e9rats en vue de leur s\u00e9paration de l\u2019eau et par des tests \u00e0 une \u00e9chelle pilote pour \u00eatre plus repr\u00e9sentatif des contraintes qu\u2019ils vont subir dans les \u00e9quipements industriels. Ce projet est li\u00e9 \u00e0 un projet plus large visant \u00e0 caract\u00e9riser finement les propri\u00e9t\u00e9s des flocs pour pouvoir mieux comprendre, maitriser, optimiser et mod\u00e9liser leur comportement dans les ouvrages de s\u00e9paration. Ce lien facilitera le test des produits biosourc\u00e9s les plus prometteurs \u00e0 l\u2019\u00e9chelle de la station qui est la finalit\u00e9 de ce projet.<\/p>\t\t\t\t\t\t\t\t<\/div>\n\t\t\t\t<\/div>\n\t\t\t\t\t<\/div>\n\t\t<\/div>\n\t\t\t\t<div class=\"elementor-column elementor-col-50 elementor-inner-column elementor-element elementor-element-2523eac2\" data-id=\"2523eac2\" data-element_type=\"column\" data-e-type=\"column\">\n\t\t\t<div class=\"elementor-widget-wrap elementor-element-populated\">\n\t\t\t\t\t\t<div class=\"elementor-element elementor-element-1b460189 elementor-widget elementor-widget-text-editor\" data-id=\"1b460189\" data-element_type=\"widget\" data-e-type=\"widget\" data-widget_type=\"text-editor.default\">\n\t\t\t\t<div class=\"elementor-widget-container\">\n\t\t\t\t\t\t\t\t\t<h2><span style=\"font-weight: normal;\">2022-2024 : BIOFLOCS<\/span><\/h2><p><em>Solutions bas\u00e9es sur la nature pour agglom\u00e9rer et structurer la mati\u00e8re des eaux us\u00e9es et des boues en vue de leur S\u00e9paration<\/em><\/p><p><strong>Responsable CEREGE<\/strong> : <br \/><strong><a href=\"https:\/\/www.cerege.fr\/fr\/author\/danielle-slomberg\/\">Danielle Slomberg<\/a><\/strong><\/p><p><strong>Financement\u00a0:\u00a0<\/strong><\/p><ul><li>Institut Carnot Eau &amp; Environnement<\/li><\/ul><p class=\"Standard\"><strong>Partenaires<\/strong> :<\/p><ul><li>IFTS \u2013 Institut De La Filtration Et Des Techniques S\u00e9paratives \u2013 Pascal Ginisty<\/li><\/ul>\t\t\t\t\t\t\t\t<\/div>\n\t\t\t\t<\/div>\n\t\t\t\t<div class=\"elementor-element elementor-element-70538860 elementor-widget elementor-widget-image\" data-id=\"70538860\" data-element_type=\"widget\" data-e-type=\"widget\" data-widget_type=\"image.default\">\n\t\t\t\t<div class=\"elementor-widget-container\">\n\t\t\t\t\t\t\t\t\t\t\t\t\t\t\t<img fetchpriority=\"high\" decoding=\"async\" width=\"758\" height=\"502\" src=\"https:\/\/www.cerege.fr\/wp-content\/uploads\/2024\/09\/BIOFLOCS_image.jpg\" class=\"attachment-large size-large wp-image-25595\" alt=\"\" srcset=\"https:\/\/www.cerege.fr\/wp-content\/uploads\/2024\/09\/BIOFLOCS_image.jpg 758w, https:\/\/www.cerege.fr\/wp-content\/uploads\/2024\/09\/BIOFLOCS_image-300x199.jpg 300w, https:\/\/www.cerege.fr\/wp-content\/uploads\/2024\/09\/BIOFLOCS_image-18x12.jpg 18w\" sizes=\"(max-width: 758px) 100vw, 758px\" \/>\t\t\t\t\t\t\t\t\t\t\t\t\t\t\t<\/div>\n\t\t\t\t<\/div>\n\t\t\t\t\t<\/div>\n\t\t<\/div>\n\t\t\t\t\t<\/div>\n\t\t<\/section>\n\t\t\t\t<div class=\"elementor-element elementor-element-5d028374 elementor-widget elementor-widget-spacer\" data-id=\"5d028374\" data-element_type=\"widget\" data-e-type=\"widget\" data-widget_type=\"spacer.default\">\n\t\t\t\t<div class=\"elementor-widget-container\">\n\t\t\t\t\t\t\t<div class=\"elementor-spacer\">\n\t\t\t<div class=\"elementor-spacer-inner\"><\/div>\n\t\t<\/div>\n\t\t\t\t\t\t<\/div>\n\t\t\t\t<\/div>\n\t\t\t\t<div class=\"elementor-element elementor-element-164f9cfa elementor-widget elementor-widget-spacer\" data-id=\"164f9cfa\" data-element_type=\"widget\" data-e-type=\"widget\" data-widget_type=\"spacer.default\">\n\t\t\t\t<div class=\"elementor-widget-container\">\n\t\t\t\t\t\t\t<div class=\"elementor-spacer\">\n\t\t\t<div class=\"elementor-spacer-inner\"><\/div>\n\t\t<\/div>\n\t\t\t\t\t\t<\/div>\n\t\t\t\t<\/div>\n\t\t\t\t\t<\/div>\n\t\t<\/div>\n\t\t\t\t\t<\/div>\n\t\t<\/section>\n\t\t\t\t<\/div>\n\t\t","protected":false},"excerpt":{"rendered":"<p>Les stations d\u2019assainissement des eaux us\u00e9es sont fortement consommatrices de produits chimiques non-biod\u00e9gradables, issus de ressources non-renouvelables. Le projet vise \u00e0 \u00e9valuer le potentiel d\u2019utilisation de r\u00e9actifs biosourc\u00e9s au lieu [&hellip;]<\/p>\n","protected":false},"author":531,"featured_media":8182,"parent":846,"menu_order":0,"comment_status":"closed","ping_status":"closed","template":"","meta":{"_acf_changed":false,"footnotes":""},"class_list":["post-25766","page","type-page","status-publish","has-post-thumbnail","hentry"],"acf":[],"publishpress_future_action":{"enabled":false,"date":"2026-05-11 12:12:43","action":"change-status","newStatus":"draft","terms":[],"taxonomy":"","extraData":[]},"publishpress_future_workflow_manual_trigger":{"enabledWorkflows":[]},"_links":{"self":[{"href":"https:\/\/www.cerege.fr\/en\/wp-json\/wp\/v2\/pages\/25766","targetHints":{"allow":["GET"]}}],"collection":[{"href":"https:\/\/www.cerege.fr\/en\/wp-json\/wp\/v2\/pages"}],"about":[{"href":"https:\/\/www.cerege.fr\/en\/wp-json\/wp\/v2\/types\/page"}],"author":[{"embeddable":true,"href":"https:\/\/www.cerege.fr\/en\/wp-json\/wp\/v2\/users\/531"}],"replies":[{"embeddable":true,"href":"https:\/\/www.cerege.fr\/en\/wp-json\/wp\/v2\/comments?post=25766"}],"version-history":[{"count":5,"href":"https:\/\/www.cerege.fr\/en\/wp-json\/wp\/v2\/pages\/25766\/revisions"}],"predecessor-version":[{"id":28836,"href":"https:\/\/www.cerege.fr\/en\/wp-json\/wp\/v2\/pages\/25766\/revisions\/28836"}],"up":[{"embeddable":true,"href":"https:\/\/www.cerege.fr\/en\/wp-json\/wp\/v2\/pages\/846"}],"wp:featuredmedia":[{"embeddable":true,"href":"https:\/\/www.cerege.fr\/en\/wp-json\/wp\/v2\/media\/8182"}],"wp:attachment":[{"href":"https:\/\/www.cerege.fr\/en\/wp-json\/wp\/v2\/media?parent=25766"}],"curies":[{"name":"wp","href":"https:\/\/api.w.org\/{rel}","templated":true}]}}