{"id":5852,"date":"2022-10-24T12:06:09","date_gmt":"2022-10-24T10:06:09","guid":{"rendered":"https:\/\/www.cerege.fr\/?page_id=5852"},"modified":"2026-04-30T10:09:03","modified_gmt":"2026-04-30T08:09:03","slug":"equipex-ediamond","status":"publish","type":"page","link":"https:\/\/www.cerege.fr\/en\/sciences\/terre-et-planetes\/projets-terre-et-planete\/equipex-ediamant\/","title":{"rendered":"Equipex eDiamant"},"content":{"rendered":"\t\t<div data-elementor-type=\"wp-page\" data-elementor-id=\"5852\" class=\"elementor elementor-5852\" data-elementor-post-type=\"page\">\n\t\t\t\t\t\t<section class=\"elementor-section elementor-top-section elementor-element elementor-element-61d188d elementor-section-full_width elementor-section-height-min-height elementor-section-height-default elementor-section-items-middle\" data-id=\"61d188d\" data-element_type=\"section\" data-e-type=\"section\" data-settings=\"{&quot;background_background&quot;:&quot;classic&quot;}\">\n\t\t\t\t\t\t<div class=\"elementor-container elementor-column-gap-default\">\n\t\t\t\t\t<div class=\"elementor-column elementor-col-100 elementor-top-column elementor-element elementor-element-403db1b3\" data-id=\"403db1b3\" data-element_type=\"column\" data-e-type=\"column\">\n\t\t\t<div class=\"elementor-widget-wrap\">\n\t\t\t\t\t\t\t<\/div>\n\t\t<\/div>\n\t\t\t\t\t<\/div>\n\t\t<\/section>\n\t\t\t\t<section class=\"elementor-section elementor-top-section elementor-element elementor-element-21ab6310 elementor-section-boxed elementor-section-height-default elementor-section-height-default\" data-id=\"21ab6310\" data-element_type=\"section\" data-e-type=\"section\">\n\t\t\t\t\t\t<div class=\"elementor-container elementor-column-gap-default\">\n\t\t\t\t\t<div class=\"elementor-column elementor-col-100 elementor-top-column elementor-element elementor-element-678cb06d\" data-id=\"678cb06d\" data-element_type=\"column\" data-e-type=\"column\">\n\t\t\t<div class=\"elementor-widget-wrap elementor-element-populated\">\n\t\t\t\t\t\t<div class=\"elementor-element elementor-element-4ccad9a6 elementor-widget elementor-widget-shortcode\" data-id=\"4ccad9a6\" data-element_type=\"widget\" data-e-type=\"widget\" data-widget_type=\"shortcode.default\">\n\t\t\t\t<div class=\"elementor-widget-container\">\n\t\t\t\t\t\t\t<div class=\"elementor-shortcode\"><nav aria-label=\"breadcrumbs\">\n            <div class=\"breadcrumb-container theme1\">\n                <ol>\n                                    <\/ol>\n            <\/div>\n        <\/nav>    <script type=\"application\/ld+json\">\n        {\n            \"@context\": \"http:\/\/schema.org\",\n            \"@type\": \"BreadcrumbList\",\n            \"itemListElement\": [\n                            ]\n        }\n    <\/script>\n   \n    <script>\n            <\/script>\n<\/div>\n\t\t\t\t\t\t<\/div>\n\t\t\t\t<\/div>\n\t\t\t\t<section class=\"elementor-section elementor-inner-section elementor-element elementor-element-26e0158d elementor-section-boxed elementor-section-height-default elementor-section-height-default\" data-id=\"26e0158d\" data-element_type=\"section\" data-e-type=\"section\">\n\t\t\t\t\t\t<div class=\"elementor-container elementor-column-gap-wide\">\n\t\t\t\t\t<div class=\"elementor-column elementor-col-50 elementor-inner-column elementor-element elementor-element-16f5b066\" data-id=\"16f5b066\" data-element_type=\"column\" data-e-type=\"column\">\n\t\t\t<div class=\"elementor-widget-wrap elementor-element-populated\">\n\t\t\t\t\t\t<div class=\"elementor-element elementor-element-2afa22e elementor-widget elementor-widget-text-editor\" data-id=\"2afa22e\" data-element_type=\"widget\" data-e-type=\"widget\" data-widget_type=\"text-editor.default\">\n\t\t\t\t<div class=\"elementor-widget-container\">\n\t\t\t\t\t\t\t\t\t<p><img fetchpriority=\"high\" decoding=\"async\" class=\" wp-image-5782 alignleft\" src=\"https:\/\/www.cerege.fr\/wp-content\/uploads\/2022\/10\/PastedGraphic-1-167x300.png\" alt=\"\" width=\"174\" height=\"313\" srcset=\"https:\/\/www.cerege.fr\/wp-content\/uploads\/2022\/10\/PastedGraphic-1-167x300.png 167w, https:\/\/www.cerege.fr\/wp-content\/uploads\/2022\/10\/PastedGraphic-1-7x12.png 7w, https:\/\/www.cerege.fr\/wp-content\/uploads\/2022\/10\/PastedGraphic-1.png 168w\" sizes=\"(max-width: 174px) 100vw, 174px\" \/>L\u2019\u00e9quipe Terre et Plan\u00e8tes est partenaire du programme Equipex+ eDiamant, port\u00e9 par des physiciens de l\u2019ENS-Saclay.<\/p><p>Ce projet de spintronique est centr\u00e9 sur le d\u00e9veloppement de diamants \u00e0 centres azote-lacune\u00a0(diamants NV)\u00a0qui peuvent servir de capteurs magn\u00e9tiques microscopiques.<\/p><p>Le CEREGE se verra dot\u00e9 d\u2019un magn\u00e9tom\u00e8tre NV \u00e0 champ large dans le cadre de ce projet. Ce type d\u2019instrument, aussi appel\u00e9 Quantum Diamond Microscope n\u2019\u00e9quipe actuellement qu\u2019un nombre tr\u00e8s limit\u00e9 de laboratoires dans le monde. Ce projet nous permettra de rester en pointe dans la comp\u00e9tition instrumentale pour l\u2019\u00e9tude du magn\u00e9tisme des roches.<\/p>\t\t\t\t\t\t\t\t<\/div>\n\t\t\t\t<\/div>\n\t\t\t\t\t<\/div>\n\t\t<\/div>\n\t\t\t\t<div class=\"elementor-column elementor-col-50 elementor-inner-column elementor-element elementor-element-1c360f6f\" data-id=\"1c360f6f\" data-element_type=\"column\" data-e-type=\"column\">\n\t\t\t<div class=\"elementor-widget-wrap elementor-element-populated\">\n\t\t\t\t\t\t<div class=\"elementor-element elementor-element-31d53b4f elementor-widget elementor-widget-text-editor\" data-id=\"31d53b4f\" data-element_type=\"widget\" data-e-type=\"widget\" data-widget_type=\"text-editor.default\">\n\t\t\t\t<div class=\"elementor-widget-container\">\n\t\t\t\t\t\t\t\t\t<p>Responsable CEREGE: <br \/><a href=\"https:\/\/www.cerege.fr\/fr\/author\/jerome-gattacceca\/\" target=\"_blank\" rel=\"noopener\"><strong>Jer\u00f4me Gattaceca<\/strong><\/a><\/p><p><em>Un microscope magn\u00e9tique utilisant les diamants \u00e0 centres azote-lacune pour r\u00e9aliser de l\u2019imagerie magn\u00e9tique \u00e0 l\u2019\u00e9chelle microm\u00e9trique<\/em><\/p><p><a href=\"https:\/\/www.univ-amu.fr\/fr\/public\/e-diamant\" target=\"_blank\" rel=\"noopener\">Site web<\/a><em><br \/><\/em><\/p><p>\u00a0<\/p><p><img decoding=\"async\" class=\"alignnone size-medium wp-image-5783\" src=\"https:\/\/www.cerege.fr\/wp-content\/uploads\/2022\/10\/PastedGraphic-4-300x202.png\" alt=\"\" width=\"300\" height=\"202\" srcset=\"https:\/\/www.cerege.fr\/wp-content\/uploads\/2022\/10\/PastedGraphic-4-300x202.png 300w, https:\/\/www.cerege.fr\/wp-content\/uploads\/2022\/10\/PastedGraphic-4-18x12.png 18w, https:\/\/www.cerege.fr\/wp-content\/uploads\/2022\/10\/PastedGraphic-4.png 529w\" sizes=\"(max-width: 300px) 100vw, 300px\" \/><\/p><p><strong>Partenaires<\/strong> :<\/p><ul><li>\u00c9cole Normale Sup\u00e9rieure Paris-Saclay<\/li><li>Universit\u00e9 Paris-Saclay<\/li><li>Universit\u00e9 de Versailles-Saint-Quentin-en-Yvelines<\/li><li>Universit\u00e9 Sorbonne Paris Nord<\/li><li>Universit\u00e9 de Rennes 1<\/li><li>Universit\u00e9 de Lorraine<\/li><li>Aix Marseille Universit\u00e9<\/li><li>\u00c9cole Nationale Sup\u00e9rieure d&#8217;Ing\u00e9nieurs de Caen<\/li><li>Centre Nationale de la Recherche Scientifique<\/li><li>Commissariat \u00e0 l&#8217;\u00e9nergie atomique et aux \u00e9nergies alternatives<\/li><li>Thales Aerospace, space, security<\/li><\/ul>\t\t\t\t\t\t\t\t<\/div>\n\t\t\t\t<\/div>\n\t\t\t\t\t<\/div>\n\t\t<\/div>\n\t\t\t\t\t<\/div>\n\t\t<\/section>\n\t\t\t\t<div class=\"elementor-element elementor-element-53bc6036 elementor-widget elementor-widget-spacer\" data-id=\"53bc6036\" data-element_type=\"widget\" data-e-type=\"widget\" data-widget_type=\"spacer.default\">\n\t\t\t\t<div class=\"elementor-widget-container\">\n\t\t\t\t\t\t\t<div class=\"elementor-spacer\">\n\t\t\t<div class=\"elementor-spacer-inner\"><\/div>\n\t\t<\/div>\n\t\t\t\t\t\t<\/div>\n\t\t\t\t<\/div>\n\t\t\t\t\t<\/div>\n\t\t<\/div>\n\t\t\t\t\t<\/div>\n\t\t<\/section>\n\t\t\t\t<\/div>\n\t\t","protected":false},"excerpt":{"rendered":"<p>L\u2019\u00e9quipe Terre et Plan\u00e8tes est partenaire du programme Equipex+ eDiamant, port\u00e9 par des physiciens de l\u2019ENS-Saclay. Ce projet de spintronique est centr\u00e9 sur le d\u00e9veloppement de diamants \u00e0 centres azote-lacune\u00a0(diamants [&hellip;]<\/p>\n","protected":false},"author":551,"featured_media":1873,"parent":4210,"menu_order":0,"comment_status":"closed","ping_status":"closed","template":"","meta":{"_acf_changed":false,"footnotes":""},"class_list":["post-5852","page","type-page","status-publish","has-post-thumbnail","hentry"],"acf":[],"publishpress_future_action":{"enabled":false,"date":"2026-05-16 07:53:52","action":"change-status","newStatus":"draft","terms":[],"taxonomy":"","extraData":[]},"publishpress_future_workflow_manual_trigger":{"enabledWorkflows":[]},"_links":{"self":[{"href":"https:\/\/www.cerege.fr\/en\/wp-json\/wp\/v2\/pages\/5852","targetHints":{"allow":["GET"]}}],"collection":[{"href":"https:\/\/www.cerege.fr\/en\/wp-json\/wp\/v2\/pages"}],"about":[{"href":"https:\/\/www.cerege.fr\/en\/wp-json\/wp\/v2\/types\/page"}],"author":[{"embeddable":true,"href":"https:\/\/www.cerege.fr\/en\/wp-json\/wp\/v2\/users\/551"}],"replies":[{"embeddable":true,"href":"https:\/\/www.cerege.fr\/en\/wp-json\/wp\/v2\/comments?post=5852"}],"version-history":[{"count":5,"href":"https:\/\/www.cerege.fr\/en\/wp-json\/wp\/v2\/pages\/5852\/revisions"}],"predecessor-version":[{"id":29798,"href":"https:\/\/www.cerege.fr\/en\/wp-json\/wp\/v2\/pages\/5852\/revisions\/29798"}],"up":[{"embeddable":true,"href":"https:\/\/www.cerege.fr\/en\/wp-json\/wp\/v2\/pages\/4210"}],"wp:featuredmedia":[{"embeddable":true,"href":"https:\/\/www.cerege.fr\/en\/wp-json\/wp\/v2\/media\/1873"}],"wp:attachment":[{"href":"https:\/\/www.cerege.fr\/en\/wp-json\/wp\/v2\/media?parent=5852"}],"curies":[{"name":"wp","href":"https:\/\/api.w.org\/{rel}","templated":true}]}}