{"id":5910,"date":"2022-10-24T16:11:10","date_gmt":"2022-10-24T14:11:10","guid":{"rendered":"https:\/\/www.cerege.fr\/?page_id=5910"},"modified":"2022-10-25T11:28:34","modified_gmt":"2022-10-25T09:28:34","slug":"anr-food-re","status":"publish","type":"page","link":"https:\/\/www.cerege.fr\/en\/sciences\/terre-et-planetes\/projets-terre-et-planete\/anr-food-re\/","title":{"rendered":"ANR FOOD-RE"},"content":{"rendered":"\t\t<div data-elementor-type=\"wp-page\" data-elementor-id=\"5910\" class=\"elementor elementor-5910\" data-elementor-post-type=\"page\">\n\t\t\t\t\t\t<section class=\"elementor-section elementor-top-section elementor-element elementor-element-29b5c530 elementor-section-full_width elementor-section-height-min-height elementor-section-height-default elementor-section-items-middle\" data-id=\"29b5c530\" data-element_type=\"section\" data-e-type=\"section\" data-settings=\"{&quot;background_background&quot;:&quot;classic&quot;}\">\n\t\t\t\t\t\t<div class=\"elementor-container elementor-column-gap-default\">\n\t\t\t\t\t<div class=\"elementor-column elementor-col-100 elementor-top-column elementor-element elementor-element-2bd78d55\" data-id=\"2bd78d55\" data-element_type=\"column\" data-e-type=\"column\">\n\t\t\t<div class=\"elementor-widget-wrap\">\n\t\t\t\t\t\t\t<\/div>\n\t\t<\/div>\n\t\t\t\t\t<\/div>\n\t\t<\/section>\n\t\t\t\t<section class=\"elementor-section elementor-top-section elementor-element elementor-element-c1407ac elementor-section-boxed elementor-section-height-default elementor-section-height-default\" data-id=\"c1407ac\" data-element_type=\"section\" data-e-type=\"section\">\n\t\t\t\t\t\t<div class=\"elementor-container elementor-column-gap-default\">\n\t\t\t\t\t<div class=\"elementor-column elementor-col-100 elementor-top-column elementor-element elementor-element-1280f0c1\" data-id=\"1280f0c1\" data-element_type=\"column\" data-e-type=\"column\">\n\t\t\t<div class=\"elementor-widget-wrap elementor-element-populated\">\n\t\t\t\t\t\t<div class=\"elementor-element elementor-element-777d9fe4 elementor-widget elementor-widget-shortcode\" data-id=\"777d9fe4\" data-element_type=\"widget\" data-e-type=\"widget\" data-widget_type=\"shortcode.default\">\n\t\t\t\t<div class=\"elementor-widget-container\">\n\t\t\t\t\t\t\t<div class=\"elementor-shortcode\"><nav aria-label=\"breadcrumbs\">\n            <div class=\"breadcrumb-container theme1\">\n                <ol>\n                                    <\/ol>\n            <\/div>\n        <\/nav>    <script type=\"application\/ld+json\">\n        {\n            \"@context\": \"http:\/\/schema.org\",\n            \"@type\": \"BreadcrumbList\",\n            \"itemListElement\": [\n                            ]\n        }\n    <\/script>\n   \n    <script>\n            <\/script>\n<\/div>\n\t\t\t\t\t\t<\/div>\n\t\t\t\t<\/div>\n\t\t\t\t<section class=\"elementor-section elementor-inner-section elementor-element elementor-element-7d893366 elementor-section-boxed elementor-section-height-default elementor-section-height-default\" data-id=\"7d893366\" data-element_type=\"section\" data-e-type=\"section\">\n\t\t\t\t\t\t<div class=\"elementor-container elementor-column-gap-wide\">\n\t\t\t\t\t<div class=\"elementor-column elementor-col-50 elementor-inner-column elementor-element elementor-element-1bdae2b8\" data-id=\"1bdae2b8\" data-element_type=\"column\" data-e-type=\"column\">\n\t\t\t<div class=\"elementor-widget-wrap elementor-element-populated\">\n\t\t\t\t\t\t<div class=\"elementor-element elementor-element-332e9d8d elementor-widget elementor-widget-text-editor\" data-id=\"332e9d8d\" data-element_type=\"widget\" data-e-type=\"widget\" data-widget_type=\"text-editor.default\">\n\t\t\t\t<div class=\"elementor-widget-container\">\n\t\t\t\t\t\t\t\t\t<p>L&#8217;objectif de FOOD-RE est :<\/p><p>. de reconstituer les conditions environnementales (\u00e9cosyst\u00e8me, g\u00e9osyst\u00e8me), climatiques et \u00e9conomiques (ressources alimentaires potentielles) des premiers hominin\u00e9s depuis leur &#8220;out of Africa&#8221;<\/p><p>. de distinguer les facteurs environnementaux de la dynamique migratoire des populations d&#8217;hominin\u00e9s et de grands herbivores au cours des 3 derniers Ma : variabilit\u00e9 climatique, herbivorie, g\u00e9odynamique (volcanisme), incendies et processus \u00e9rosifs. <br \/><br \/>FOOD-RE s&#8217;appuie sur la d\u00e9couverte exceptionnelle de pollen de proto-c\u00e9r\u00e9ales depuis 2,3 Ma \u00e0 Acigol qui permet de remettre en question le d\u00e9but de la culture des c\u00e9r\u00e9ales au N\u00e9olithique. <br \/><br \/>La m\u00e9thodologie est interdisciplinaire (sciences de l\u2019environnement, de la vie et humanit\u00e9s), r\u00e9trospective. Elle s&#8217;appuie sur l&#8217;acquisition de donn\u00e9es multiproxy et la mod\u00e9lisation. Nous travaillerons sur des archives naturelles, longues et continues, englobant la quasi-totalit\u00e9 du Quaternaire en M\u00e9diterran\u00e9e orientale et occidentale.<\/p>\t\t\t\t\t\t\t\t<\/div>\n\t\t\t\t<\/div>\n\t\t\t\t\t<\/div>\n\t\t<\/div>\n\t\t\t\t<div class=\"elementor-column elementor-col-50 elementor-inner-column elementor-element elementor-element-48e7dc73\" data-id=\"48e7dc73\" data-element_type=\"column\" data-e-type=\"column\">\n\t\t\t<div class=\"elementor-widget-wrap elementor-element-populated\">\n\t\t\t\t\t\t<div class=\"elementor-element elementor-element-3955b3ff elementor-widget elementor-widget-text-editor\" data-id=\"3955b3ff\" data-element_type=\"widget\" data-e-type=\"widget\" data-widget_type=\"text-editor.default\">\n\t\t\t\t<div class=\"elementor-widget-container\">\n\t\t\t\t\t\t\t\t\t<h2><span style=\"font-weight: normal;\">2022-2026 : ANR FOOD-RE<br \/><\/span><\/h2><p>Responsable CEREGE\u00a0: <br \/><a href=\"https:\/\/www.cerege.fr\/fr\/author\/valerie-andrieu\/\" target=\"_blank\" rel=\"noopener\">Val\u00e9rie Andrieu<\/a><\/p><p><strong>Partenaires<\/strong> : ISEM, LSCE, Aarhus University<\/p><p><em>Ressources alimentaires, climat et grands herbivores : interactions \u00e0 long terme au sein d&#8217;un \u00e9cosyst\u00e8me m\u00e9diterran\u00e9en<\/em><\/p>\t\t\t\t\t\t\t\t<\/div>\n\t\t\t\t<\/div>\n\t\t\t\t<div class=\"elementor-element elementor-element-18e9012e elementor-widget elementor-widget-image\" data-id=\"18e9012e\" data-element_type=\"widget\" data-e-type=\"widget\" data-widget_type=\"image.default\">\n\t\t\t\t<div class=\"elementor-widget-container\">\n\t\t\t\t\t\t\t\t\t\t\t\t\t\t\t<img fetchpriority=\"high\" decoding=\"async\" width=\"800\" height=\"540\" src=\"https:\/\/www.cerege.fr\/wp-content\/uploads\/2022\/10\/fig3-1-1024x691.jpg\" class=\"attachment-large size-large wp-image-5919\" alt=\"\" srcset=\"https:\/\/www.cerege.fr\/wp-content\/uploads\/2022\/10\/fig3-1-1024x691.jpg 1024w, https:\/\/www.cerege.fr\/wp-content\/uploads\/2022\/10\/fig3-1-300x202.jpg 300w, https:\/\/www.cerege.fr\/wp-content\/uploads\/2022\/10\/fig3-1-768x518.jpg 768w, https:\/\/www.cerege.fr\/wp-content\/uploads\/2022\/10\/fig3-1-18x12.jpg 18w, https:\/\/www.cerege.fr\/wp-content\/uploads\/2022\/10\/fig3-1-1320x890.jpg 1320w, https:\/\/www.cerege.fr\/wp-content\/uploads\/2022\/10\/fig3-1.jpg 1386w\" sizes=\"(max-width: 800px) 100vw, 800px\" \/>\t\t\t\t\t\t\t\t\t\t\t\t\t\t\t<\/div>\n\t\t\t\t<\/div>\n\t\t\t\t<div class=\"elementor-element elementor-element-6a621da7 gallery-spacing-custom elementor-widget elementor-widget-image-gallery\" data-id=\"6a621da7\" data-element_type=\"widget\" data-e-type=\"widget\" data-widget_type=\"image-gallery.default\">\n\t\t\t\t<div class=\"elementor-widget-container\">\n\t\t\t\t\t\t\t<div class=\"elementor-image-gallery\">\n\t\t\t<div id='gallery-1' class='gallery galleryid-5910 gallery-columns-2 gallery-size-medium'><figure class='gallery-item'>\n\t\t\t<div class='gallery-icon landscape'>\n\t\t\t\t<a data-elementor-open-lightbox=\"yes\" data-elementor-lightbox-slideshow=\"6a621da7\" data-elementor-lightbox-title=\"fig5\" data-e-action-hash=\"#elementor-action%3Aaction%3Dlightbox%26settings%3DeyJpZCI6NTc5NiwidXJsIjoiaHR0cHM6XC9cL3d3dy5jZXJlZ2UuZnJcL3dwLWNvbnRlbnRcL3VwbG9hZHNcLzIwMjJcLzEwXC9maWc1LmpwZyIsInNsaWRlc2hvdyI6IjZhNjIxZGE3In0%3D\" href='https:\/\/www.cerege.fr\/wp-content\/uploads\/2022\/10\/fig5.jpg'><img decoding=\"async\" width=\"300\" height=\"202\" src=\"https:\/\/www.cerege.fr\/wp-content\/uploads\/2022\/10\/fig5-300x202.jpg\" class=\"attachment-medium size-medium\" alt=\"\" srcset=\"https:\/\/www.cerege.fr\/wp-content\/uploads\/2022\/10\/fig5-300x202.jpg 300w, https:\/\/www.cerege.fr\/wp-content\/uploads\/2022\/10\/fig5-1024x691.jpg 1024w, https:\/\/www.cerege.fr\/wp-content\/uploads\/2022\/10\/fig5-768x518.jpg 768w, https:\/\/www.cerege.fr\/wp-content\/uploads\/2022\/10\/fig5-18x12.jpg 18w, https:\/\/www.cerege.fr\/wp-content\/uploads\/2022\/10\/fig5.jpg 1134w\" sizes=\"(max-width: 300px) 100vw, 300px\" \/><\/a>\n\t\t\t<\/div><\/figure><figure class='gallery-item'>\n\t\t\t<div class='gallery-icon landscape'>\n\t\t\t\t<a data-elementor-open-lightbox=\"yes\" data-elementor-lightbox-slideshow=\"6a621da7\" data-elementor-lightbox-title=\"fig4\" data-e-action-hash=\"#elementor-action%3Aaction%3Dlightbox%26settings%3DeyJpZCI6NTc5NSwidXJsIjoiaHR0cHM6XC9cL3d3dy5jZXJlZ2UuZnJcL3dwLWNvbnRlbnRcL3VwbG9hZHNcLzIwMjJcLzEwXC9maWc0LmpwZyIsInNsaWRlc2hvdyI6IjZhNjIxZGE3In0%3D\" href='https:\/\/www.cerege.fr\/wp-content\/uploads\/2022\/10\/fig4.jpg'><img decoding=\"async\" width=\"300\" height=\"133\" src=\"https:\/\/www.cerege.fr\/wp-content\/uploads\/2022\/10\/fig4-300x133.jpg\" class=\"attachment-medium size-medium\" alt=\"\" srcset=\"https:\/\/www.cerege.fr\/wp-content\/uploads\/2022\/10\/fig4-300x133.jpg 300w, https:\/\/www.cerege.fr\/wp-content\/uploads\/2022\/10\/fig4-1024x455.jpg 1024w, https:\/\/www.cerege.fr\/wp-content\/uploads\/2022\/10\/fig4-768x341.jpg 768w, https:\/\/www.cerege.fr\/wp-content\/uploads\/2022\/10\/fig4-18x8.jpg 18w, https:\/\/www.cerege.fr\/wp-content\/uploads\/2022\/10\/fig4-1320x587.jpg 1320w, https:\/\/www.cerege.fr\/wp-content\/uploads\/2022\/10\/fig4.jpg 1386w\" sizes=\"(max-width: 300px) 100vw, 300px\" \/><\/a>\n\t\t\t<\/div><\/figure><figure class='gallery-item'>\n\t\t\t<div class='gallery-icon landscape'>\n\t\t\t\t<a data-elementor-open-lightbox=\"yes\" data-elementor-lightbox-slideshow=\"6a621da7\" data-elementor-lightbox-title=\"fig2\" data-e-action-hash=\"#elementor-action%3Aaction%3Dlightbox%26settings%3DeyJpZCI6NTc5MywidXJsIjoiaHR0cHM6XC9cL3d3dy5jZXJlZ2UuZnJcL3dwLWNvbnRlbnRcL3VwbG9hZHNcLzIwMjJcLzEwXC9maWcyLmpwZyIsInNsaWRlc2hvdyI6IjZhNjIxZGE3In0%3D\" href='https:\/\/www.cerege.fr\/wp-content\/uploads\/2022\/10\/fig2.jpg'><img loading=\"lazy\" decoding=\"async\" width=\"300\" height=\"203\" src=\"https:\/\/www.cerege.fr\/wp-content\/uploads\/2022\/10\/fig2-300x203.jpg\" class=\"attachment-medium size-medium\" alt=\"\" srcset=\"https:\/\/www.cerege.fr\/wp-content\/uploads\/2022\/10\/fig2-300x203.jpg 300w, https:\/\/www.cerege.fr\/wp-content\/uploads\/2022\/10\/fig2-768x518.jpg 768w, https:\/\/www.cerege.fr\/wp-content\/uploads\/2022\/10\/fig2-18x12.jpg 18w, https:\/\/www.cerege.fr\/wp-content\/uploads\/2022\/10\/fig2.jpg 997w\" sizes=\"(max-width: 300px) 100vw, 300px\" \/><\/a>\n\t\t\t<\/div><\/figure><figure class='gallery-item'>\n\t\t\t<div class='gallery-icon landscape'>\n\t\t\t\t<a data-elementor-open-lightbox=\"yes\" data-elementor-lightbox-slideshow=\"6a621da7\" data-elementor-lightbox-title=\"fig1bis\" data-e-action-hash=\"#elementor-action%3Aaction%3Dlightbox%26settings%3DeyJpZCI6NTc5MiwidXJsIjoiaHR0cHM6XC9cL3d3dy5jZXJlZ2UuZnJcL3dwLWNvbnRlbnRcL3VwbG9hZHNcLzIwMjJcLzEwXC9maWcxYmlzLnBuZyIsInNsaWRlc2hvdyI6IjZhNjIxZGE3In0%3D\" href='https:\/\/www.cerege.fr\/wp-content\/uploads\/2022\/10\/fig1bis.png'><img loading=\"lazy\" decoding=\"async\" width=\"300\" height=\"202\" src=\"https:\/\/www.cerege.fr\/wp-content\/uploads\/2022\/10\/fig1bis-300x202.png\" class=\"attachment-medium size-medium\" alt=\"\" srcset=\"https:\/\/www.cerege.fr\/wp-content\/uploads\/2022\/10\/fig1bis-300x202.png 300w, https:\/\/www.cerege.fr\/wp-content\/uploads\/2022\/10\/fig1bis-18x12.png 18w, https:\/\/www.cerege.fr\/wp-content\/uploads\/2022\/10\/fig1bis.png 485w\" sizes=\"(max-width: 300px) 100vw, 300px\" \/><\/a>\n\t\t\t<\/div><\/figure>\n\t\t<\/div>\n\t\t<\/div>\n\t\t\t\t\t\t<\/div>\n\t\t\t\t<\/div>\n\t\t\t\t\t<\/div>\n\t\t<\/div>\n\t\t\t\t\t<\/div>\n\t\t<\/section>\n\t\t\t\t<div class=\"elementor-element elementor-element-73191437 elementor-widget elementor-widget-spacer\" data-id=\"73191437\" data-element_type=\"widget\" data-e-type=\"widget\" data-widget_type=\"spacer.default\">\n\t\t\t\t<div class=\"elementor-widget-container\">\n\t\t\t\t\t\t\t<div class=\"elementor-spacer\">\n\t\t\t<div class=\"elementor-spacer-inner\"><\/div>\n\t\t<\/div>\n\t\t\t\t\t\t<\/div>\n\t\t\t\t<\/div>\n\t\t\t\t\t<\/div>\n\t\t<\/div>\n\t\t\t\t\t<\/div>\n\t\t<\/section>\n\t\t\t\t<\/div>\n\t\t","protected":false},"excerpt":{"rendered":"<p>L&#8217;objectif de FOOD-RE est : . de reconstituer les conditions environnementales (\u00e9cosyst\u00e8me, g\u00e9osyst\u00e8me), climatiques et \u00e9conomiques (ressources alimentaires potentielles) des premiers hominin\u00e9s depuis leur &#8220;out of Africa&#8221; . de distinguer [&hellip;]<\/p>\n","protected":false},"author":551,"featured_media":1873,"parent":4210,"menu_order":0,"comment_status":"closed","ping_status":"closed","template":"","meta":{"_acf_changed":false,"footnotes":""},"class_list":["post-5910","page","type-page","status-publish","has-post-thumbnail","hentry"],"acf":[],"publishpress_future_action":{"enabled":false,"date":"2026-05-02 13:26:07","action":"change-status","newStatus":"draft","terms":[],"taxonomy":"","extraData":[]},"publishpress_future_workflow_manual_trigger":{"enabledWorkflows":[]},"_links":{"self":[{"href":"https:\/\/www.cerege.fr\/en\/wp-json\/wp\/v2\/pages\/5910","targetHints":{"allow":["GET"]}}],"collection":[{"href":"https:\/\/www.cerege.fr\/en\/wp-json\/wp\/v2\/pages"}],"about":[{"href":"https:\/\/www.cerege.fr\/en\/wp-json\/wp\/v2\/types\/page"}],"author":[{"embeddable":true,"href":"https:\/\/www.cerege.fr\/en\/wp-json\/wp\/v2\/users\/551"}],"replies":[{"embeddable":true,"href":"https:\/\/www.cerege.fr\/en\/wp-json\/wp\/v2\/comments?post=5910"}],"version-history":[{"count":5,"href":"https:\/\/www.cerege.fr\/en\/wp-json\/wp\/v2\/pages\/5910\/revisions"}],"predecessor-version":[{"id":6110,"href":"https:\/\/www.cerege.fr\/en\/wp-json\/wp\/v2\/pages\/5910\/revisions\/6110"}],"up":[{"embeddable":true,"href":"https:\/\/www.cerege.fr\/en\/wp-json\/wp\/v2\/pages\/4210"}],"wp:featuredmedia":[{"embeddable":true,"href":"https:\/\/www.cerege.fr\/en\/wp-json\/wp\/v2\/media\/1873"}],"wp:attachment":[{"href":"https:\/\/www.cerege.fr\/en\/wp-json\/wp\/v2\/media?parent=5910"}],"curies":[{"name":"wp","href":"https:\/\/api.w.org\/{rel}","templated":true}]}}