{"id":5951,"date":"2022-10-24T16:35:22","date_gmt":"2022-10-24T14:35:22","guid":{"rendered":"https:\/\/www.cerege.fr\/?page_id=5951"},"modified":"2023-01-18T14:04:40","modified_gmt":"2023-01-18T13:04:40","slug":"anr-eq-time","status":"publish","type":"page","link":"https:\/\/www.cerege.fr\/en\/sciences\/terre-et-planetes\/projets-terre-et-planete\/anr-eq-time\/","title":{"rendered":"ANR EQ-TIME"},"content":{"rendered":"\t\t<div data-elementor-type=\"wp-page\" data-elementor-id=\"5951\" class=\"elementor elementor-5951\" data-elementor-post-type=\"page\">\n\t\t\t\t\t\t<section class=\"elementor-section elementor-top-section elementor-element elementor-element-6359d9d0 elementor-section-full_width elementor-section-height-min-height elementor-section-height-default elementor-section-items-middle\" data-id=\"6359d9d0\" data-element_type=\"section\" data-e-type=\"section\" data-settings=\"{&quot;background_background&quot;:&quot;classic&quot;}\">\n\t\t\t\t\t\t<div class=\"elementor-container elementor-column-gap-default\">\n\t\t\t\t\t<div class=\"elementor-column elementor-col-100 elementor-top-column elementor-element elementor-element-7d289acd\" data-id=\"7d289acd\" data-element_type=\"column\" data-e-type=\"column\">\n\t\t\t<div class=\"elementor-widget-wrap\">\n\t\t\t\t\t\t\t<\/div>\n\t\t<\/div>\n\t\t\t\t\t<\/div>\n\t\t<\/section>\n\t\t\t\t<section class=\"elementor-section elementor-top-section elementor-element elementor-element-5008adf elementor-section-boxed elementor-section-height-default elementor-section-height-default\" data-id=\"5008adf\" data-element_type=\"section\" data-e-type=\"section\">\n\t\t\t\t\t\t<div class=\"elementor-container elementor-column-gap-default\">\n\t\t\t\t\t<div class=\"elementor-column elementor-col-100 elementor-top-column elementor-element elementor-element-500c0756\" data-id=\"500c0756\" data-element_type=\"column\" data-e-type=\"column\">\n\t\t\t<div class=\"elementor-widget-wrap elementor-element-populated\">\n\t\t\t\t\t\t<div class=\"elementor-element elementor-element-2a441ed4 elementor-widget elementor-widget-shortcode\" data-id=\"2a441ed4\" data-element_type=\"widget\" data-e-type=\"widget\" data-widget_type=\"shortcode.default\">\n\t\t\t\t<div class=\"elementor-widget-container\">\n\t\t\t\t\t\t\t<div class=\"elementor-shortcode\"><nav aria-label=\"breadcrumbs\">\n            <div class=\"breadcrumb-container theme1\">\n                <ol>\n                                    <\/ol>\n            <\/div>\n        <\/nav>    <script type=\"application\/ld+json\">\n        {\n            \"@context\": \"http:\/\/schema.org\",\n            \"@type\": \"BreadcrumbList\",\n            \"itemListElement\": [\n                            ]\n        }\n    <\/script>\n   \n    <script>\n            <\/script>\n<\/div>\n\t\t\t\t\t\t<\/div>\n\t\t\t\t<\/div>\n\t\t\t\t<section class=\"elementor-section elementor-inner-section elementor-element elementor-element-72f91b8c elementor-section-boxed elementor-section-height-default elementor-section-height-default\" data-id=\"72f91b8c\" data-element_type=\"section\" data-e-type=\"section\">\n\t\t\t\t\t\t<div class=\"elementor-container elementor-column-gap-wide\">\n\t\t\t\t\t<div class=\"elementor-column elementor-col-50 elementor-inner-column elementor-element elementor-element-35d6b049\" data-id=\"35d6b049\" data-element_type=\"column\" data-e-type=\"column\">\n\t\t\t<div class=\"elementor-widget-wrap elementor-element-populated\">\n\t\t\t\t\t\t<div class=\"elementor-element elementor-element-57cf0207 elementor-widget elementor-widget-text-editor\" data-id=\"57cf0207\" data-element_type=\"widget\" data-e-type=\"widget\" data-widget_type=\"text-editor.default\">\n\t\t\t\t<div class=\"elementor-widget-container\">\n\t\t\t\t\t\t\t\t\t<p class=\"Textbody\">La succession des s\u00e9ismes et du glissement associ\u00e9 constitue le processus majeur de la formation des reliefs dans les zones tectoniquement actives.<\/p><p class=\"Textbody\">Les escarpements long-terme sont construits par l\u2019addition de ces glissements sismiques et contiennent de fait des informations cl\u00e9s sur la fa\u00e7on dont les s\u00e9ismes rompent, et sur les zones d\u2019arr\u00eat ou de propagation des ruptures au cours des s\u00e9ismes pass\u00e9s. Mieux comprendre comment le chargement tectonique est rel\u00e2ch\u00e9 par du glissement sismique sur des segments de failles et comment les s\u00e9ismes successifs produisent les escarpements long-terme.<\/p><p class=\"Textbody\">Une meilleure connaissance de ces processus permettrait d\u2019accro\u00eetre drastiquement notre capacit\u00e9 \u00e0 acqu\u00e9rir des informations sur l\u2019activit\u00e9 tectonique \u00e0 partir des observations de surface et de mieux anticiper l\u2019al\u00e9a sismique.<\/p><p class=\"Textbody\">Nous proposons donc:<\/p><ol><li class=\"Textbody\">d\u2019acqu\u00e9rir des donn\u00e9es sur les diff\u00e9rents stades de construction du relief tectonique sur des syst\u00e8mes de faille sp\u00e9cifique et sur des \u00e9chelles de temps de 1a \u00e0 1 Ma afin de les comparer,<br \/><br \/><\/li><li class=\"Textbody\">d\u2019identifier des informations cl\u00e9s qui relient les d\u00e9formations long terme et les ruptures sismiques,<br \/><br \/><\/li><li class=\"Textbody\">de confronter les donn\u00e9es obtenues avec des mod\u00e8les m\u00e9caniques proposant des sc\u00e9narii de ruptures et des probabilit\u00e9 d\u2019occurrence des s\u00e9ismes afin de contraindre les param\u00e8tres physiques qui expliquent le mieux les donn\u00e9es.<\/li><\/ol>\t\t\t\t\t\t\t\t<\/div>\n\t\t\t\t<\/div>\n\t\t\t\t<div class=\"elementor-element elementor-element-21cdd88 elementor-widget elementor-widget-spacer\" data-id=\"21cdd88\" data-element_type=\"widget\" data-e-type=\"widget\" data-widget_type=\"spacer.default\">\n\t\t\t\t<div class=\"elementor-widget-container\">\n\t\t\t\t\t\t\t<div class=\"elementor-spacer\">\n\t\t\t<div class=\"elementor-spacer-inner\"><\/div>\n\t\t<\/div>\n\t\t\t\t\t\t<\/div>\n\t\t\t\t<\/div>\n\t\t\t\t\t<\/div>\n\t\t<\/div>\n\t\t\t\t<div class=\"elementor-column elementor-col-50 elementor-inner-column elementor-element elementor-element-a6ac515\" data-id=\"a6ac515\" data-element_type=\"column\" data-e-type=\"column\">\n\t\t\t<div class=\"elementor-widget-wrap elementor-element-populated\">\n\t\t\t\t\t\t<div class=\"elementor-element elementor-element-15399723 elementor-widget elementor-widget-text-editor\" data-id=\"15399723\" data-element_type=\"widget\" data-e-type=\"widget\" data-widget_type=\"text-editor.default\">\n\t\t\t\t<div class=\"elementor-widget-container\">\n\t\t\t\t\t\t\t\t\t<h2><span style=\"font-weight: normal;\">2019-2024 : ANR EQ-Time<br \/><\/span><\/h2><p>Responsable au CEREGE : <a href=\"https:\/\/www.cerege.fr\/fr\/author\/lucilla-benedetti\/\" target=\"_blank\" rel=\"noopener\">Lucilla Benedetti<\/a><\/p><p><em>Contraindre la variabilit\u00e9 spatiale et temporelle du glissement au cours du cycle sismique de l\u2019\u00e9chelle du mois \u00e0 celle du million d\u2019ann\u00e9es<\/em><\/p><p><a href=\"https:\/\/eqtime.cerege.fr\/\" target=\"_blank\" rel=\"noopener\">Site web<\/a><em><br \/><\/em><\/p><p><strong>Partenaires<\/strong> : G\u00e9osciences Montpellier, IsTerre (Grenoble), IRSN<\/p>\t\t\t\t\t\t\t\t<\/div>\n\t\t\t\t<\/div>\n\t\t\t\t<div class=\"elementor-element elementor-element-52ad80fc elementor-widget elementor-widget-image\" data-id=\"52ad80fc\" data-element_type=\"widget\" data-e-type=\"widget\" data-widget_type=\"image.default\">\n\t\t\t\t<div class=\"elementor-widget-container\">\n\t\t\t\t\t\t\t\t\t\t\t\t\t\t\t<img fetchpriority=\"high\" decoding=\"async\" width=\"800\" height=\"540\" src=\"https:\/\/www.cerege.fr\/wp-content\/uploads\/2022\/10\/ANR_EQTime_LBenedetti09-1024x691.jpg\" class=\"attachment-large size-large wp-image-6061\" alt=\"\" srcset=\"https:\/\/www.cerege.fr\/wp-content\/uploads\/2022\/10\/ANR_EQTime_LBenedetti09-1024x691.jpg 1024w, https:\/\/www.cerege.fr\/wp-content\/uploads\/2022\/10\/ANR_EQTime_LBenedetti09-300x203.jpg 300w, https:\/\/www.cerege.fr\/wp-content\/uploads\/2022\/10\/ANR_EQTime_LBenedetti09-768x518.jpg 768w, https:\/\/www.cerege.fr\/wp-content\/uploads\/2022\/10\/ANR_EQTime_LBenedetti09-1536x1037.jpg 1536w, https:\/\/www.cerege.fr\/wp-content\/uploads\/2022\/10\/ANR_EQTime_LBenedetti09-scaled.jpg 2048w, https:\/\/www.cerege.fr\/wp-content\/uploads\/2022\/10\/ANR_EQTime_LBenedetti09-18x12.jpg 18w, https:\/\/www.cerege.fr\/wp-content\/uploads\/2022\/10\/ANR_EQTime_LBenedetti09-1320x891.jpg 1320w\" sizes=\"(max-width: 800px) 100vw, 800px\" \/>\t\t\t\t\t\t\t\t\t\t\t\t\t\t\t<\/div>\n\t\t\t\t<\/div>\n\t\t\t\t\t<\/div>\n\t\t<\/div>\n\t\t\t\t\t<\/div>\n\t\t<\/section>\n\t\t\t\t<div class=\"elementor-element elementor-element-3cf8214 elementor-arrows-position-inside elementor-pagination-position-outside elementor-widget elementor-widget-image-carousel\" data-id=\"3cf8214\" data-element_type=\"widget\" data-e-type=\"widget\" data-settings=\"{&quot;slides_to_show&quot;:&quot;8&quot;,&quot;image_spacing_custom&quot;:{&quot;unit&quot;:&quot;px&quot;,&quot;size&quot;:15,&quot;sizes&quot;:[]},&quot;navigation&quot;:&quot;both&quot;,&quot;autoplay&quot;:&quot;yes&quot;,&quot;pause_on_hover&quot;:&quot;yes&quot;,&quot;pause_on_interaction&quot;:&quot;yes&quot;,&quot;autoplay_speed&quot;:5000,&quot;infinite&quot;:&quot;yes&quot;,&quot;speed&quot;:500,&quot;image_spacing_custom_tablet&quot;:{&quot;unit&quot;:&quot;px&quot;,&quot;size&quot;:&quot;&quot;,&quot;sizes&quot;:[]},&quot;image_spacing_custom_mobile&quot;:{&quot;unit&quot;:&quot;px&quot;,&quot;size&quot;:&quot;&quot;,&quot;sizes&quot;:[]}}\" data-widget_type=\"image-carousel.default\">\n\t\t\t\t<div class=\"elementor-widget-container\">\n\t\t\t\t\t\t\t<div class=\"elementor-image-carousel-wrapper swiper\" role=\"region\" aria-roledescription=\"carousel\" aria-label=\"Image Carousel\" dir=\"ltr\">\n\t\t\t<div class=\"elementor-image-carousel swiper-wrapper\" aria-live=\"off\">\n\t\t\t\t\t\t\t\t<div class=\"swiper-slide\" role=\"group\" aria-roledescription=\"slide\" aria-label=\"1 of 7\"><figure class=\"swiper-slide-inner\"><img decoding=\"async\" class=\"swiper-slide-image\" src=\"https:\/\/www.cerege.fr\/wp-content\/uploads\/2022\/10\/ANR_EQTime_LBenedetti08-150x150.jpg\" alt=\"ANR_EQTime_LBenedetti08\" \/><\/figure><\/div><div class=\"swiper-slide\" role=\"group\" aria-roledescription=\"slide\" aria-label=\"2 of 7\"><figure class=\"swiper-slide-inner\"><img decoding=\"async\" class=\"swiper-slide-image\" src=\"https:\/\/www.cerege.fr\/wp-content\/uploads\/2022\/10\/ANR_EQTime_LBenedetti07-150x150.jpeg\" alt=\"ANR_EQTime_LBenedetti07\" \/><\/figure><\/div><div class=\"swiper-slide\" role=\"group\" aria-roledescription=\"slide\" aria-label=\"3 of 7\"><figure class=\"swiper-slide-inner\"><img decoding=\"async\" class=\"swiper-slide-image\" src=\"https:\/\/www.cerege.fr\/wp-content\/uploads\/2022\/10\/ANR_EQTime_LBenedetti06-150x150.jpeg\" alt=\"ANR_EQTime_LBenedetti06\" \/><\/figure><\/div><div class=\"swiper-slide\" role=\"group\" aria-roledescription=\"slide\" aria-label=\"4 of 7\"><figure class=\"swiper-slide-inner\"><img decoding=\"async\" class=\"swiper-slide-image\" src=\"https:\/\/www.cerege.fr\/wp-content\/uploads\/2022\/10\/ANR_EQTime_LBenedetti05-150x150.jpeg\" alt=\"ANR_EQTime_LBenedetti05\" \/><\/figure><\/div><div class=\"swiper-slide\" role=\"group\" aria-roledescription=\"slide\" aria-label=\"5 of 7\"><figure class=\"swiper-slide-inner\"><img decoding=\"async\" class=\"swiper-slide-image\" src=\"https:\/\/www.cerege.fr\/wp-content\/uploads\/2022\/10\/ANR_EQTime_LBenedetti04-150x150.jpeg\" alt=\"ANR_EQTime_LBenedetti04\" \/><\/figure><\/div><div class=\"swiper-slide\" role=\"group\" aria-roledescription=\"slide\" aria-label=\"6 of 7\"><figure class=\"swiper-slide-inner\"><img decoding=\"async\" class=\"swiper-slide-image\" src=\"https:\/\/www.cerege.fr\/wp-content\/uploads\/2022\/10\/ANR_EQTime_LBenedetti02-150x150.jpeg\" alt=\"ANR_EQTime_LBenedetti02\" \/><\/figure><\/div><div class=\"swiper-slide\" role=\"group\" aria-roledescription=\"slide\" aria-label=\"7 of 7\"><figure class=\"swiper-slide-inner\"><img decoding=\"async\" class=\"swiper-slide-image\" src=\"https:\/\/www.cerege.fr\/wp-content\/uploads\/2022\/10\/ANR_EQTime_LBenedetti01-150x150.jpeg\" alt=\"ANR_EQTime_LBenedetti01\" \/><\/figure><\/div>\t\t\t<\/div>\n\t\t\t\t\t\t\t\t\t\t\t\t<div class=\"elementor-swiper-button elementor-swiper-button-prev\" role=\"button\" tabindex=\"0\">\n\t\t\t\t\t\t<i aria-hidden=\"true\" class=\"eicon-chevron-left\"><\/i>\t\t\t\t\t<\/div>\n\t\t\t\t\t<div class=\"elementor-swiper-button elementor-swiper-button-next\" role=\"button\" tabindex=\"0\">\n\t\t\t\t\t\t<i aria-hidden=\"true\" class=\"eicon-chevron-right\"><\/i>\t\t\t\t\t<\/div>\n\t\t\t\t\n\t\t\t\t\t\t\t\t\t<div class=\"swiper-pagination\"><\/div>\n\t\t\t\t\t\t\t\t\t<\/div>\n\t\t\t\t\t\t<\/div>\n\t\t\t\t<\/div>\n\t\t\t\t<div class=\"elementor-element elementor-element-ccba181 elementor-widget elementor-widget-spacer\" data-id=\"ccba181\" data-element_type=\"widget\" data-e-type=\"widget\" data-widget_type=\"spacer.default\">\n\t\t\t\t<div class=\"elementor-widget-container\">\n\t\t\t\t\t\t\t<div class=\"elementor-spacer\">\n\t\t\t<div class=\"elementor-spacer-inner\"><\/div>\n\t\t<\/div>\n\t\t\t\t\t\t<\/div>\n\t\t\t\t<\/div>\n\t\t\t\t\t<\/div>\n\t\t<\/div>\n\t\t\t\t\t<\/div>\n\t\t<\/section>\n\t\t\t\t<\/div>\n\t\t","protected":false},"excerpt":{"rendered":"<p>La succession des s\u00e9ismes et du glissement associ\u00e9 constitue le processus majeur de la formation des reliefs dans les zones tectoniquement actives. Les escarpements long-terme sont construits par l\u2019addition de [&hellip;]<\/p>\n","protected":false},"author":551,"featured_media":1873,"parent":4210,"menu_order":0,"comment_status":"closed","ping_status":"closed","template":"","meta":{"_acf_changed":false,"footnotes":""},"class_list":["post-5951","page","type-page","status-publish","has-post-thumbnail","hentry"],"acf":[],"publishpress_future_action":{"enabled":false,"date":"2026-05-12 11:05:19","action":"change-status","newStatus":"draft","terms":[],"taxonomy":"","extraData":[]},"publishpress_future_workflow_manual_trigger":{"enabledWorkflows":[]},"_links":{"self":[{"href":"https:\/\/www.cerege.fr\/en\/wp-json\/wp\/v2\/pages\/5951","targetHints":{"allow":["GET"]}}],"collection":[{"href":"https:\/\/www.cerege.fr\/en\/wp-json\/wp\/v2\/pages"}],"about":[{"href":"https:\/\/www.cerege.fr\/en\/wp-json\/wp\/v2\/types\/page"}],"author":[{"embeddable":true,"href":"https:\/\/www.cerege.fr\/en\/wp-json\/wp\/v2\/users\/551"}],"replies":[{"embeddable":true,"href":"https:\/\/www.cerege.fr\/en\/wp-json\/wp\/v2\/comments?post=5951"}],"version-history":[{"count":5,"href":"https:\/\/www.cerege.fr\/en\/wp-json\/wp\/v2\/pages\/5951\/revisions"}],"predecessor-version":[{"id":15774,"href":"https:\/\/www.cerege.fr\/en\/wp-json\/wp\/v2\/pages\/5951\/revisions\/15774"}],"up":[{"embeddable":true,"href":"https:\/\/www.cerege.fr\/en\/wp-json\/wp\/v2\/pages\/4210"}],"wp:featuredmedia":[{"embeddable":true,"href":"https:\/\/www.cerege.fr\/en\/wp-json\/wp\/v2\/media\/1873"}],"wp:attachment":[{"href":"https:\/\/www.cerege.fr\/en\/wp-json\/wp\/v2\/media?parent=5951"}],"curies":[{"name":"wp","href":"https:\/\/api.w.org\/{rel}","templated":true}]}}