{"id":6428,"date":"2022-10-25T22:55:58","date_gmt":"2022-10-25T20:55:58","guid":{"rendered":"https:\/\/www.cerege.fr\/?page_id=6428"},"modified":"2024-01-29T11:31:35","modified_gmt":"2024-01-29T10:31:35","slug":"acv-ecotomix","status":"publish","type":"page","link":"https:\/\/www.cerege.fr\/en\/sciences\/environnement-durable\/projets-environnement-durable\/acv-ecotomix\/","title":{"rendered":"Ecoto(Mi)x LCA"},"content":{"rendered":"\t\t<div data-elementor-type=\"wp-page\" data-elementor-id=\"6428\" class=\"elementor elementor-6428\" data-elementor-post-type=\"page\">\n\t\t\t\t\t\t<section class=\"elementor-section elementor-top-section elementor-element elementor-element-19d36b48 elementor-section-full_width elementor-section-height-min-height elementor-section-height-default elementor-section-items-middle\" data-id=\"19d36b48\" data-element_type=\"section\" data-e-type=\"section\" data-settings=\"{&quot;background_background&quot;:&quot;classic&quot;}\">\n\t\t\t\t\t\t<div class=\"elementor-container elementor-column-gap-default\">\n\t\t\t\t\t<div class=\"elementor-column elementor-col-100 elementor-top-column elementor-element elementor-element-2f4fdcd3\" data-id=\"2f4fdcd3\" data-element_type=\"column\" data-e-type=\"column\">\n\t\t\t<div class=\"elementor-widget-wrap\">\n\t\t\t\t\t\t\t<\/div>\n\t\t<\/div>\n\t\t\t\t\t<\/div>\n\t\t<\/section>\n\t\t\t\t<section class=\"elementor-section elementor-top-section elementor-element elementor-element-51a31d6a elementor-section-boxed elementor-section-height-default elementor-section-height-default\" data-id=\"51a31d6a\" data-element_type=\"section\" data-e-type=\"section\">\n\t\t\t\t\t\t<div class=\"elementor-container elementor-column-gap-default\">\n\t\t\t\t\t<div class=\"elementor-column elementor-col-100 elementor-top-column elementor-element elementor-element-77296e50\" data-id=\"77296e50\" data-element_type=\"column\" data-e-type=\"column\">\n\t\t\t<div class=\"elementor-widget-wrap elementor-element-populated\">\n\t\t\t\t\t\t<div class=\"elementor-element elementor-element-5f7b43f3 elementor-widget elementor-widget-shortcode\" data-id=\"5f7b43f3\" data-element_type=\"widget\" data-e-type=\"widget\" data-widget_type=\"shortcode.default\">\n\t\t\t\t<div class=\"elementor-widget-container\">\n\t\t\t\t\t\t\t<div class=\"elementor-shortcode\"><nav aria-label=\"breadcrumbs\">\n            <div class=\"breadcrumb-container theme1\">\n                <ol>\n                                    <\/ol>\n            <\/div>\n        <\/nav>    <script type=\"application\/ld+json\">\n        {\n            \"@context\": \"http:\/\/schema.org\",\n            \"@type\": \"BreadcrumbList\",\n            \"itemListElement\": [\n                            ]\n        }\n    <\/script>\n   \n    <script>\n            <\/script>\n<\/div>\n\t\t\t\t\t\t<\/div>\n\t\t\t\t<\/div>\n\t\t\t\t<section class=\"elementor-section elementor-inner-section elementor-element elementor-element-2b4982c4 elementor-section-boxed elementor-section-height-default elementor-section-height-default\" data-id=\"2b4982c4\" data-element_type=\"section\" data-e-type=\"section\">\n\t\t\t\t\t\t<div class=\"elementor-container elementor-column-gap-wide\">\n\t\t\t\t\t<div class=\"elementor-column elementor-col-50 elementor-inner-column elementor-element elementor-element-60d9a933\" data-id=\"60d9a933\" data-element_type=\"column\" data-e-type=\"column\">\n\t\t\t<div class=\"elementor-widget-wrap elementor-element-populated\">\n\t\t\t\t\t\t<div class=\"elementor-element elementor-element-6c59539b elementor-widget elementor-widget-text-editor\" data-id=\"6c59539b\" data-element_type=\"widget\" data-e-type=\"widget\" data-widget_type=\"text-editor.default\">\n\t\t\t\t<div class=\"elementor-widget-container\">\n\t\t\t\t\t\t\t\t\t<p>Le recyclage agricole des produits r\u00e9siduaires organiques (PRO) d\u2019origine urbaine, agricole et agro-industrielle constitue un levier important de l\u2019\u00e9conomie circulaire et du d\u00e9veloppement durable.<\/p><p>N\u00e9anmoins, l&#8217;application r\u00e9p\u00e9t\u00e9e de ces PRO augmente significativement les niveaux d\u2019\u00e9l\u00e9ments traces (ET) et\/ou de contaminants traces organiques (CTO) des sols amend\u00e9s. L\u2019impact \u00e9cotoxicologique de ces contaminants et de leurs m\u00e9langes demeure tr\u00e8s peu renseign\u00e9 \u00e0 l\u2019heure actuelle, ce qui limite notre capacit\u00e9 \u00e0 produire une \u00e9valuation robuste de l\u2019impact global de la pratique du recyclage agricole des PRO.<\/p><p>Par la combinaison d\u2019approches appropri\u00e9es et compl\u00e9mentaires (analyse bibliographique, exp\u00e9rimentations, mod\u00e9lisation et \u00e9valuation multicrit\u00e8res de sc\u00e9narios de recyclage), nous proposons dans le cadre du projet ACV\u2013Ecoto(Mi)x d\u2019am\u00e9liorer pour les ET, de d\u00e9velopper pour les CTO et d\u2019\u00e9tablir pour des m\u00e9langes ET-CTO, des mod\u00e8les d&#8217;\u00e9cotoxicit\u00e9 terrestre qui seront int\u00e9gr\u00e9s \u00e0 l\u2019approche normalis\u00e9e de l\u2019Analyse du Cycle de Vie (ACV) et le mod\u00e8le USEtox.\u00a0<\/p><p>Le caract\u00e8re novateur et original du projet consistera \u00e0 revisiter l\u2019approche retenue par le mod\u00e8le USEtox pour int\u00e9grer les sp\u00e9cificit\u00e9s du recyclage agricole des d\u00e9chets organiques comme par exemple la sp\u00e9ciation et le comportement des ET apr\u00e8s \u00e9pandage.<\/p>\t\t\t\t\t\t\t\t<\/div>\n\t\t\t\t<\/div>\n\t\t\t\t\t<\/div>\n\t\t<\/div>\n\t\t\t\t<div class=\"elementor-column elementor-col-50 elementor-inner-column elementor-element elementor-element-67c314be\" data-id=\"67c314be\" data-element_type=\"column\" data-e-type=\"column\">\n\t\t\t<div class=\"elementor-widget-wrap elementor-element-populated\">\n\t\t\t\t\t\t<div class=\"elementor-element elementor-element-25bc0187 elementor-widget elementor-widget-text-editor\" data-id=\"25bc0187\" data-element_type=\"widget\" data-e-type=\"widget\" data-widget_type=\"text-editor.default\">\n\t\t\t\t<div class=\"elementor-widget-container\">\n\t\t\t\t\t\t\t\t\t<h2><span style=\"font-weight: normal;\">2021-2025 : ACV Ecoto(Mi)x<\/span><\/h2><p><em>Mod\u00e8les \u00e9cotoxicit\u00e9 terrestre int\u00e9grant les sp\u00e9cificit\u00e9s du recyclage agricole des produits r\u00e9siduaires organiques (PRO) pour l&#8217;approche de l&#8217;Analyse du Cycle de Vie<\/em><\/p><p><strong>Financement<\/strong> : ADEME<\/p><p><strong>Au CEREGE\u00a0<\/strong>: <br \/><a href=\"https:\/\/www.cerege.fr\/fr\/author\/emmanuel-doelsch\/\" target=\"_blank\" rel=\"noopener\">Emmanuel Doelsch <\/a>(porteur)<\/p><p><strong>Partenaires<\/strong> :<\/p><ul><li>CIRAD, UMR Ecosys, Saclay<\/li><li>LBE, Narbonne<\/li><li>Ineris, Thiverval-Grignon<\/li><\/ul>\t\t\t\t\t\t\t\t<\/div>\n\t\t\t\t<\/div>\n\t\t\t\t<div class=\"elementor-element elementor-element-6ee73e5c elementor-widget elementor-widget-image\" data-id=\"6ee73e5c\" data-element_type=\"widget\" data-e-type=\"widget\" data-widget_type=\"image.default\">\n\t\t\t\t<div class=\"elementor-widget-container\">\n\t\t\t\t\t\t\t\t\t\t\t\t\t\t\t<img fetchpriority=\"high\" decoding=\"async\" width=\"400\" height=\"250\" src=\"https:\/\/www.cerege.fr\/wp-content\/uploads\/2022\/09\/these_a_pappoe.png\" class=\"attachment-large size-large wp-image-3218\" alt=\"\" srcset=\"https:\/\/www.cerege.fr\/wp-content\/uploads\/2022\/09\/these_a_pappoe.png 400w, https:\/\/www.cerege.fr\/wp-content\/uploads\/2022\/09\/these_a_pappoe-300x188.png 300w, https:\/\/www.cerege.fr\/wp-content\/uploads\/2022\/09\/these_a_pappoe-18x12.png 18w\" sizes=\"(max-width: 400px) 100vw, 400px\" \/>\t\t\t\t\t\t\t\t\t\t\t\t\t\t\t<\/div>\n\t\t\t\t<\/div>\n\t\t\t\t\t<\/div>\n\t\t<\/div>\n\t\t\t\t\t<\/div>\n\t\t<\/section>\n\t\t\t\t<div class=\"elementor-element elementor-element-2eb4d3b9 elementor-widget elementor-widget-spacer\" data-id=\"2eb4d3b9\" data-element_type=\"widget\" data-e-type=\"widget\" data-widget_type=\"spacer.default\">\n\t\t\t\t<div class=\"elementor-widget-container\">\n\t\t\t\t\t\t\t<div class=\"elementor-spacer\">\n\t\t\t<div class=\"elementor-spacer-inner\"><\/div>\n\t\t<\/div>\n\t\t\t\t\t\t<\/div>\n\t\t\t\t<\/div>\n\t\t\t\t<div class=\"elementor-element elementor-element-4c543653 elementor-widget elementor-widget-spacer\" data-id=\"4c543653\" data-element_type=\"widget\" data-e-type=\"widget\" data-widget_type=\"spacer.default\">\n\t\t\t\t<div class=\"elementor-widget-container\">\n\t\t\t\t\t\t\t<div class=\"elementor-spacer\">\n\t\t\t<div class=\"elementor-spacer-inner\"><\/div>\n\t\t<\/div>\n\t\t\t\t\t\t<\/div>\n\t\t\t\t<\/div>\n\t\t\t\t\t<\/div>\n\t\t<\/div>\n\t\t\t\t\t<\/div>\n\t\t<\/section>\n\t\t\t\t<\/div>\n\t\t","protected":false},"excerpt":{"rendered":"<p>Le recyclage agricole des produits r\u00e9siduaires organiques (PRO) d\u2019origine urbaine, agricole et agro-industrielle constitue un levier important de l\u2019\u00e9conomie circulaire et du d\u00e9veloppement durable. N\u00e9anmoins, l&#8217;application r\u00e9p\u00e9t\u00e9e de ces PRO [&hellip;]<\/p>\n","protected":false},"author":551,"featured_media":8182,"parent":846,"menu_order":0,"comment_status":"closed","ping_status":"closed","template":"","meta":{"_acf_changed":false,"footnotes":""},"class_list":["post-6428","page","type-page","status-publish","has-post-thumbnail","hentry"],"acf":[],"publishpress_future_action":{"enabled":false,"date":"2026-04-26 02:20:29","action":"change-status","newStatus":"draft","terms":[],"taxonomy":"","extraData":[]},"publishpress_future_workflow_manual_trigger":{"enabledWorkflows":[]},"_links":{"self":[{"href":"https:\/\/www.cerege.fr\/en\/wp-json\/wp\/v2\/pages\/6428","targetHints":{"allow":["GET"]}}],"collection":[{"href":"https:\/\/www.cerege.fr\/en\/wp-json\/wp\/v2\/pages"}],"about":[{"href":"https:\/\/www.cerege.fr\/en\/wp-json\/wp\/v2\/types\/page"}],"author":[{"embeddable":true,"href":"https:\/\/www.cerege.fr\/en\/wp-json\/wp\/v2\/users\/551"}],"replies":[{"embeddable":true,"href":"https:\/\/www.cerege.fr\/en\/wp-json\/wp\/v2\/comments?post=6428"}],"version-history":[{"count":5,"href":"https:\/\/www.cerege.fr\/en\/wp-json\/wp\/v2\/pages\/6428\/revisions"}],"predecessor-version":[{"id":22159,"href":"https:\/\/www.cerege.fr\/en\/wp-json\/wp\/v2\/pages\/6428\/revisions\/22159"}],"up":[{"embeddable":true,"href":"https:\/\/www.cerege.fr\/en\/wp-json\/wp\/v2\/pages\/846"}],"wp:featuredmedia":[{"embeddable":true,"href":"https:\/\/www.cerege.fr\/en\/wp-json\/wp\/v2\/media\/8182"}],"wp:attachment":[{"href":"https:\/\/www.cerege.fr\/en\/wp-json\/wp\/v2\/media?parent=6428"}],"curies":[{"name":"wp","href":"https:\/\/api.w.org\/{rel}","templated":true}]}}