{"id":6864,"date":"2022-10-27T09:02:10","date_gmt":"2022-10-27T07:02:10","guid":{"rendered":"https:\/\/www.cerege.fr\/?page_id=6864"},"modified":"2025-05-16T15:39:45","modified_gmt":"2025-05-16T13:39:45","slug":"user-services","status":"publish","type":"page","link":"https:\/\/www.cerege.fr\/en\/equipements\/laboratoire-national-des-nucleides-cosmogeniques\/services-aux-utilisateurs\/","title":{"rendered":"User services"},"content":{"rendered":"\t\t<div data-elementor-type=\"wp-page\" data-elementor-id=\"6864\" class=\"elementor elementor-6864\" data-elementor-post-type=\"page\">\n\t\t\t\t\t\t<section class=\"elementor-section elementor-top-section elementor-element elementor-element-d944a77 elementor-section-full_width elementor-section-height-min-height elementor-section-height-default elementor-section-items-middle\" data-id=\"d944a77\" data-element_type=\"section\" data-e-type=\"section\" data-settings=\"{&quot;background_background&quot;:&quot;classic&quot;}\">\n\t\t\t\t\t\t<div class=\"elementor-container elementor-column-gap-default\">\n\t\t\t\t\t<div class=\"elementor-column elementor-col-100 elementor-top-column elementor-element elementor-element-7bef76fd\" data-id=\"7bef76fd\" data-element_type=\"column\" data-e-type=\"column\">\n\t\t\t<div class=\"elementor-widget-wrap\">\n\t\t\t\t\t\t\t<\/div>\n\t\t<\/div>\n\t\t\t\t\t<\/div>\n\t\t<\/section>\n\t\t\t\t<section class=\"elementor-section elementor-top-section elementor-element elementor-element-632b1744 elementor-section-boxed elementor-section-height-default elementor-section-height-default\" data-id=\"632b1744\" data-element_type=\"section\" data-e-type=\"section\">\n\t\t\t\t\t\t<div class=\"elementor-container elementor-column-gap-default\">\n\t\t\t\t\t<div class=\"elementor-column elementor-col-100 elementor-top-column elementor-element elementor-element-72dba5ac\" data-id=\"72dba5ac\" data-element_type=\"column\" data-e-type=\"column\">\n\t\t\t<div class=\"elementor-widget-wrap elementor-element-populated\">\n\t\t\t\t\t\t<div class=\"elementor-element elementor-element-4c6b4826 elementor-widget elementor-widget-shortcode\" data-id=\"4c6b4826\" data-element_type=\"widget\" data-e-type=\"widget\" data-widget_type=\"shortcode.default\">\n\t\t\t\t<div class=\"elementor-widget-container\">\n\t\t\t\t\t\t\t<div class=\"elementor-shortcode\"><nav aria-label=\"breadcrumbs\">\n            <div class=\"breadcrumb-container theme1\">\n                <ol>\n                                    <\/ol>\n            <\/div>\n        <\/nav>    <script type=\"application\/ld+json\">\n        {\n            \"@context\": \"http:\/\/schema.org\",\n            \"@type\": \"BreadcrumbList\",\n            \"itemListElement\": [\n                            ]\n        }\n    <\/script>\n   \n    <script>\n            <\/script>\n<\/div>\n\t\t\t\t\t\t<\/div>\n\t\t\t\t<\/div>\n\t\t\t\t<section class=\"elementor-section elementor-inner-section elementor-element elementor-element-124584a2 elementor-section-boxed elementor-section-height-default elementor-section-height-default\" data-id=\"124584a2\" data-element_type=\"section\" data-e-type=\"section\">\n\t\t\t\t\t\t<div class=\"elementor-container elementor-column-gap-wide\">\n\t\t\t\t\t<div class=\"elementor-column elementor-col-50 elementor-inner-column elementor-element elementor-element-419e31a9\" data-id=\"419e31a9\" data-element_type=\"column\" data-e-type=\"column\">\n\t\t\t<div class=\"elementor-widget-wrap elementor-element-populated\">\n\t\t\t\t\t\t<div class=\"elementor-element elementor-element-1558a6f9 elementor-widget elementor-widget-text-editor\" data-id=\"1558a6f9\" data-element_type=\"widget\" data-e-type=\"widget\" data-widget_type=\"text-editor.default\">\n\t\t\t\t<div class=\"elementor-widget-container\">\n\t\t\t\t\t\t\t\t\t<h2>Service National pour la communaut\u00e9 scientifique<\/h2><p>Dans la cadre de sa <strong>mission de service national,<\/strong> le LN2C met \u00e0 disposition de la communaut\u00e9 de recherche fran\u00e7aise (Universit\u00e9s, EPST, EPIC) les ressources et capacit\u00e9s suivantes :<\/p><ul><li>La pr\u00e9paration d&#8217;\u00e9chantillons par les ing\u00e9nieurs du LN2C<\/li><li>La mise \u00e0 disposition de laboratoires pour des visiteurs venant pr\u00e9parer leurs \u00e9chantillons, sous la responsabilit\u00e9 d&#8217;un personnel permanent du LN2C<\/li><li>La mesure des cibles par l&#8217;instrument ASTER<\/li><\/ul><p>Le LN2C n&#8217;est pas un laboratoire de mesure de service commercial.<\/p><h2>Demande de pr\u00e9paration et mesures<\/h2><p>Toute demande de pr\u00e9paration et\/ou mesure doit se faire via les formulaires de d\u00e9claration d&#8217;\u00e9chantillons et devis ci-dessous.<\/p><p><a href=\"https:\/\/www.cerege.fr\/wp-content\/uploads\/2024\/06\/Demande-de-Preparations-et-Mesures-LN2C.xlsx\"><strong>Formulaire de d\u00e9claration d&#8217;\u00e9chantillon<\/strong><\/a><\/p><p><a href=\"https:\/\/www.cerege.fr\/wp-content\/uploads\/2024\/09\/Devis-prestation-LN2C-Cle-de-repartition.xlsx\"><strong>Devis<\/strong><\/a><\/p><ul><li>Ces documents doivent \u00eatre envoy\u00e9s \u00e0 l&#8217;adresse <a href=\"mailto:ln2c@cerege.fr\">ln2c@cerege.fr<\/a><\/li><li>Aucune pr\u00e9paration ou mesure ne sera r\u00e9alis\u00e9e pour des \u00e9chantillons non identifi\u00e9s par le formulaire<\/li><li>Le formulaire permet calculer le cout des pr\u00e9parations et mesures selon les tarifications en vigueur pour remplir le devis<\/li><li><p>Les pr\u00e9parations et mesures sont r\u00e9alis\u00e9es le plus rapidement possible par les personnels du LN2C. Les d\u00e9lais de traitement sont conditionn\u00e9s par la charge du service et les \u00e9ventuels probl\u00e8mes techniques. Aucun d\u00e9lai de traitement fixe ne peut \u00eatre avanc\u00e9.<\/p><\/li><\/ul><h2>Tarifications<\/h2><p><strong>Pr\u00e9parations<\/strong><\/p><p>Le co\u00fbt par \u00e9chantillon couvre les frais de consommables et fonctionnement des laboratoires de pr\u00e9paration.<\/p><ul><li><a href=\"https:\/\/www.cerege.fr\/wp-content\/uploads\/2024\/03\/Decision-Beryllium-ou-Aluminium.pdf\">Be et Al<\/a><\/li><li><a href=\"https:\/\/www.cerege.fr\/wp-content\/uploads\/2024\/03\/Decision-Chlore-carbonate.pdf\">Cl carbonates<\/a><\/li><li><a href=\"https:\/\/www.cerege.fr\/wp-content\/uploads\/2024\/03\/Decision-Chlore-silicate.pdf\">Cl silicates<\/a> : pas de pr\u00e9paration dans le cadre du service national. La pr\u00e9paration de ces \u00e9chantillons se fait uniquement en collaboration avec des chercheurs du CEREGE.<\/li><\/ul><p><strong>Mesures<\/strong><\/p><p>Le co\u00fbt par \u00e9chantillon couvre les frais de fonctionnement de l&#8217;instrument ASTER.<\/p><ul><li><a href=\"https:\/\/www.cerege.fr\/wp-content\/uploads\/2024\/01\/Decision-Mesure-Aluminium-ou-Beryllium.pdf\">Be et Al<\/a><\/li><li><a href=\"https:\/\/www.cerege.fr\/wp-content\/uploads\/2024\/01\/Decision-Mesure-Chlore.pdf\">Cl<\/a><\/li><\/ul><h2>Production scientifique<\/h2><p>Les productions scientifiques utilisant des donn\u00e9es produites au LN2C doivent le reconna\u00eetre de la fa\u00e7on suivante :<\/p><ul><li>Tous les articles utilisant des donn\u00e9es produites par le LN2C doivent obligatoirement \u00eatre d\u00e9pos\u00e9s sur l&#8217;archive <a href=\"https:\/\/hal.science\/\" target=\"_blank\" rel=\"noopener\">HAL<\/a> et associ\u00e9s \u00e0 la <a href=\"https:\/\/hal.science\/LN2C\" target=\"_blank\" rel=\"noopener\">collection du LN2C<\/a>.<\/li><li>Les remerciements des articles doivent obligatoirement contenir la phrase suivante : <em>ASTER AMS is part of the LN2C national facility (CEREGE, Aix-en-Provence). It is supported by INSU\/CNRS, IRD and AMU, and is a member of the REGEF and Plateforme Aix-Marseille networks.<\/em><\/li><li>ASTER Team peut \u00eatre ajout\u00e9 \u00e0 la liste des auteurs : ASTER team<sup>1,*<\/sup><ul><li><sup>1<\/sup>CNRS, Aix-Marseille Univ, IRD, INRAE, CEREGE, Aix-en-Provence, France<\/li><li><sup>*<\/sup>G. Auma\u00eetre, K. Keddadouche, F. Za\u00efdi<\/li><\/ul><\/li><li>Pour les papiers m\u00e9thodologiques (d\u00e9veloppements, inter-calibration, &#8230;),\u00a0 les membres d&#8217;ASTER team devront apparaitre dans l&#8217;ordre suivant : K. Keddadouche, G. Auma\u00eetre, F. Za\u00efdi.<\/li><\/ul>\t\t\t\t\t\t\t\t<\/div>\n\t\t\t\t<\/div>\n\t\t\t\t\t<\/div>\n\t\t<\/div>\n\t\t\t\t<div class=\"elementor-column elementor-col-50 elementor-inner-column elementor-element elementor-element-314ebad7\" data-id=\"314ebad7\" data-element_type=\"column\" data-e-type=\"column\">\n\t\t\t<div class=\"elementor-widget-wrap elementor-element-populated\">\n\t\t\t\t\t\t<div class=\"elementor-element elementor-element-296bd9a7 elementor-widget elementor-widget-text-editor\" data-id=\"296bd9a7\" data-element_type=\"widget\" data-e-type=\"widget\" data-widget_type=\"text-editor.default\">\n\t\t\t\t<div class=\"elementor-widget-container\">\n\t\t\t\t\t\t\t\t\t<h3 style=\"padding-left: 40px;\"><span style=\"font-weight: normal;\"><span style=\"color: #0f72bb;\">Demandes et questions<br \/><\/span><\/span><\/h3><p>Toutes les demandes concernant les pr\u00e9parations et les mesures doivent \u00eatre envoy\u00e9es \u00e0 l&#8217;adresse suivante : <a href=\"mailto:ln2c@cerege.fr\">ln2c@cerege.fr<\/a><\/p>\t\t\t\t\t\t\t\t<\/div>\n\t\t\t\t<\/div>\n\t\t\t\t<div class=\"elementor-element elementor-element-347ca44 elementor-widget elementor-widget-image\" data-id=\"347ca44\" data-element_type=\"widget\" data-e-type=\"widget\" data-widget_type=\"image.default\">\n\t\t\t\t<div class=\"elementor-widget-container\">\n\t\t\t\t\t\t\t\t\t\t\t\t\t\t\t<img fetchpriority=\"high\" decoding=\"async\" width=\"800\" height=\"500\" src=\"https:\/\/www.cerege.fr\/wp-content\/uploads\/2022\/10\/CEREGE-1412_square_redim-1024x640.jpg\" class=\"attachment-large size-large wp-image-6817\" alt=\"\" srcset=\"https:\/\/www.cerege.fr\/wp-content\/uploads\/2022\/10\/CEREGE-1412_square_redim-1024x640.jpg 1024w, https:\/\/www.cerege.fr\/wp-content\/uploads\/2022\/10\/CEREGE-1412_square_redim-300x188.jpg 300w, https:\/\/www.cerege.fr\/wp-content\/uploads\/2022\/10\/CEREGE-1412_square_redim-768x480.jpg 768w, https:\/\/www.cerege.fr\/wp-content\/uploads\/2022\/10\/CEREGE-1412_square_redim-1536x960.jpg 1536w, https:\/\/www.cerege.fr\/wp-content\/uploads\/2022\/10\/CEREGE-1412_square_redim-18x12.jpg 18w, https:\/\/www.cerege.fr\/wp-content\/uploads\/2022\/10\/CEREGE-1412_square_redim-1320x825.jpg 1320w, https:\/\/www.cerege.fr\/wp-content\/uploads\/2022\/10\/CEREGE-1412_square_redim.jpg 1568w\" sizes=\"(max-width: 800px) 100vw, 800px\" \/>\t\t\t\t\t\t\t\t\t\t\t\t\t\t\t<\/div>\n\t\t\t\t<\/div>\n\t\t\t\t<div class=\"elementor-element elementor-element-52e0043 gallery-spacing-custom elementor-widget elementor-widget-image-gallery\" data-id=\"52e0043\" data-element_type=\"widget\" data-e-type=\"widget\" data-widget_type=\"image-gallery.default\">\n\t\t\t\t<div class=\"elementor-widget-container\">\n\t\t\t\t\t\t\t<div class=\"elementor-image-gallery\">\n\t\t\t<div id='gallery-1' class='gallery galleryid-6864 gallery-columns-2 gallery-size-large'><figure class='gallery-item'>\n\t\t\t<div class='gallery-icon landscape'>\n\t\t\t\t<a data-elementor-open-lightbox=\"yes\" data-elementor-lightbox-slideshow=\"52e0043\" data-elementor-lightbox-title=\"\u00a9CEREGE_ASTER_LN2C_Nucleides288\" data-e-action-hash=\"#elementor-action%3Aaction%3Dlightbox%26settings%3DeyJpZCI6Njg5MCwidXJsIjoiaHR0cHM6XC9cL3d3dy5jZXJlZ2UuZnJcL3dwLWNvbnRlbnRcL3VwbG9hZHNcLzIwMjJcLzEwXC9cdTAwYTlDRVJFR0VfQVNURVJfTE4yQ19OdWNsZWlkZXMyODgtMS1zY2FsZWQuanBnIiwic2xpZGVzaG93IjoiNTJlMDA0MyJ9\" href=\"https:\/\/www.cerege.fr\/wp-content\/uploads\/2022\/10\/\u00a9CEREGE_ASTER_LN2C_Nucleides288-1-scaled.jpg\"><img decoding=\"async\" width=\"800\" height=\"500\" src=\"https:\/\/www.cerege.fr\/wp-content\/uploads\/2022\/10\/\u00a9CEREGE_ASTER_LN2C_Nucleides288-1-1024x640.jpg\" class=\"attachment-large size-large\" alt=\"\" srcset=\"https:\/\/www.cerege.fr\/wp-content\/uploads\/2022\/10\/\u00a9CEREGE_ASTER_LN2C_Nucleides288-1-1024x640.jpg 1024w, https:\/\/www.cerege.fr\/wp-content\/uploads\/2022\/10\/\u00a9CEREGE_ASTER_LN2C_Nucleides288-1-300x188.jpg 300w, https:\/\/www.cerege.fr\/wp-content\/uploads\/2022\/10\/\u00a9CEREGE_ASTER_LN2C_Nucleides288-1-768x480.jpg 768w, https:\/\/www.cerege.fr\/wp-content\/uploads\/2022\/10\/\u00a9CEREGE_ASTER_LN2C_Nucleides288-1-1536x960.jpg 1536w, https:\/\/www.cerege.fr\/wp-content\/uploads\/2022\/10\/\u00a9CEREGE_ASTER_LN2C_Nucleides288-1-scaled.jpg 2048w, https:\/\/www.cerege.fr\/wp-content\/uploads\/2022\/10\/\u00a9CEREGE_ASTER_LN2C_Nucleides288-1-18x12.jpg 18w, https:\/\/www.cerege.fr\/wp-content\/uploads\/2022\/10\/\u00a9CEREGE_ASTER_LN2C_Nucleides288-1-1320x825.jpg 1320w\" sizes=\"(max-width: 800px) 100vw, 800px\" \/><\/a>\n\t\t\t<\/div><\/figure><figure class='gallery-item'>\n\t\t\t<div class='gallery-icon landscape'>\n\t\t\t\t<a data-elementor-open-lightbox=\"yes\" data-elementor-lightbox-slideshow=\"52e0043\" data-elementor-lightbox-title=\"\u00a9CEREGE_ASTER_Formation_Nucleides274\" data-e-action-hash=\"#elementor-action%3Aaction%3Dlightbox%26settings%3DeyJpZCI6Njg4OSwidXJsIjoiaHR0cHM6XC9cL3d3dy5jZXJlZ2UuZnJcL3dwLWNvbnRlbnRcL3VwbG9hZHNcLzIwMjJcLzEwXC9cdTAwYTlDRVJFR0VfQVNURVJfRm9ybWF0aW9uX051Y2xlaWRlczI3NC0zLXNjYWxlZC5qcGciLCJzbGlkZXNob3ciOiI1MmUwMDQzIn0%3D\" href=\"https:\/\/www.cerege.fr\/wp-content\/uploads\/2022\/10\/\u00a9CEREGE_ASTER_Formation_Nucleides274-3-scaled.jpg\"><img decoding=\"async\" width=\"800\" height=\"540\" src=\"https:\/\/www.cerege.fr\/wp-content\/uploads\/2022\/10\/\u00a9CEREGE_ASTER_Formation_Nucleides274-3-1024x691.jpg\" class=\"attachment-large size-large\" alt=\"\" srcset=\"https:\/\/www.cerege.fr\/wp-content\/uploads\/2022\/10\/\u00a9CEREGE_ASTER_Formation_Nucleides274-3-1024x691.jpg 1024w, https:\/\/www.cerege.fr\/wp-content\/uploads\/2022\/10\/\u00a9CEREGE_ASTER_Formation_Nucleides274-3-300x202.jpg 300w, https:\/\/www.cerege.fr\/wp-content\/uploads\/2022\/10\/\u00a9CEREGE_ASTER_Formation_Nucleides274-3-768x518.jpg 768w, https:\/\/www.cerege.fr\/wp-content\/uploads\/2022\/10\/\u00a9CEREGE_ASTER_Formation_Nucleides274-3-1536x1037.jpg 1536w, https:\/\/www.cerege.fr\/wp-content\/uploads\/2022\/10\/\u00a9CEREGE_ASTER_Formation_Nucleides274-3-scaled.jpg 2048w, https:\/\/www.cerege.fr\/wp-content\/uploads\/2022\/10\/\u00a9CEREGE_ASTER_Formation_Nucleides274-3-18x12.jpg 18w, https:\/\/www.cerege.fr\/wp-content\/uploads\/2022\/10\/\u00a9CEREGE_ASTER_Formation_Nucleides274-3-1320x891.jpg 1320w\" sizes=\"(max-width: 800px) 100vw, 800px\" \/><\/a>\n\t\t\t<\/div><\/figure><figure class='gallery-item'>\n\t\t\t<div class='gallery-icon landscape'>\n\t\t\t\t<a data-elementor-open-lightbox=\"yes\" data-elementor-lightbox-slideshow=\"52e0043\" data-elementor-lightbox-title=\"aster_2\" data-e-action-hash=\"#elementor-action%3Aaction%3Dlightbox%26settings%3DeyJpZCI6NjgxNCwidXJsIjoiaHR0cHM6XC9cL3d3dy5jZXJlZ2UuZnJcL3dwLWNvbnRlbnRcL3VwbG9hZHNcLzIwMjJcLzEwXC9hc3Rlcl8yLXNjYWxlZC5qcGciLCJzbGlkZXNob3ciOiI1MmUwMDQzIn0%3D\" href=\"https:\/\/www.cerege.fr\/wp-content\/uploads\/2022\/10\/aster_2-scaled.jpg\"><img loading=\"lazy\" decoding=\"async\" width=\"800\" height=\"500\" src=\"https:\/\/www.cerege.fr\/wp-content\/uploads\/2022\/10\/aster_2-1024x640.jpg\" class=\"attachment-large size-large\" alt=\"\" srcset=\"https:\/\/www.cerege.fr\/wp-content\/uploads\/2022\/10\/aster_2-1024x640.jpg 1024w, https:\/\/www.cerege.fr\/wp-content\/uploads\/2022\/10\/aster_2-300x188.jpg 300w, https:\/\/www.cerege.fr\/wp-content\/uploads\/2022\/10\/aster_2-768x480.jpg 768w, https:\/\/www.cerege.fr\/wp-content\/uploads\/2022\/10\/aster_2-1536x960.jpg 1536w, https:\/\/www.cerege.fr\/wp-content\/uploads\/2022\/10\/aster_2-scaled.jpg 2048w, https:\/\/www.cerege.fr\/wp-content\/uploads\/2022\/10\/aster_2-18x12.jpg 18w, https:\/\/www.cerege.fr\/wp-content\/uploads\/2022\/10\/aster_2-1320x825.jpg 1320w\" sizes=\"(max-width: 800px) 100vw, 800px\" \/><\/a>\n\t\t\t<\/div><\/figure><figure class='gallery-item'>\n\t\t\t<div class='gallery-icon landscape'>\n\t\t\t\t<a data-elementor-open-lightbox=\"yes\" data-elementor-lightbox-slideshow=\"52e0043\" data-elementor-lightbox-title=\"aster_3_square_redim\" data-e-action-hash=\"#elementor-action%3Aaction%3Dlightbox%26settings%3DeyJpZCI6NjgxNSwidXJsIjoiaHR0cHM6XC9cL3d3dy5jZXJlZ2UuZnJcL3dwLWNvbnRlbnRcL3VwbG9hZHNcLzIwMjJcLzEwXC9hc3Rlcl8zX3NxdWFyZV9yZWRpbS5qcGciLCJzbGlkZXNob3ciOiI1MmUwMDQzIn0%3D\" href=\"https:\/\/www.cerege.fr\/wp-content\/uploads\/2022\/10\/aster_3_square_redim.jpg\"><img loading=\"lazy\" decoding=\"async\" width=\"800\" height=\"500\" src=\"https:\/\/www.cerege.fr\/wp-content\/uploads\/2022\/10\/aster_3_square_redim-1024x640.jpg\" class=\"attachment-large size-large\" alt=\"\" srcset=\"https:\/\/www.cerege.fr\/wp-content\/uploads\/2022\/10\/aster_3_square_redim-1024x640.jpg 1024w, https:\/\/www.cerege.fr\/wp-content\/uploads\/2022\/10\/aster_3_square_redim-300x188.jpg 300w, https:\/\/www.cerege.fr\/wp-content\/uploads\/2022\/10\/aster_3_square_redim-768x480.jpg 768w, https:\/\/www.cerege.fr\/wp-content\/uploads\/2022\/10\/aster_3_square_redim-1536x960.jpg 1536w, https:\/\/www.cerege.fr\/wp-content\/uploads\/2022\/10\/aster_3_square_redim-18x12.jpg 18w, https:\/\/www.cerege.fr\/wp-content\/uploads\/2022\/10\/aster_3_square_redim-1320x825.jpg 1320w, https:\/\/www.cerege.fr\/wp-content\/uploads\/2022\/10\/aster_3_square_redim.jpg 1932w\" sizes=\"(max-width: 800px) 100vw, 800px\" \/><\/a>\n\t\t\t<\/div><\/figure>\n\t\t<\/div>\n\t\t<\/div>\n\t\t\t\t\t\t<\/div>\n\t\t\t\t<\/div>\n\t\t\t\t\t<\/div>\n\t\t<\/div>\n\t\t\t\t\t<\/div>\n\t\t<\/section>\n\t\t\t\t\t<\/div>\n\t\t<\/div>\n\t\t\t\t\t<\/div>\n\t\t<\/section>\n\t\t\t\t<\/div>\n\t\t","protected":false},"excerpt":{"rendered":"<p>Service National pour la communaut\u00e9 scientifique Dans la cadre de sa mission de service national, le LN2C met \u00e0 disposition de la communaut\u00e9 de recherche fran\u00e7aise (Universit\u00e9s, EPST, EPIC) les [&hellip;]<\/p>\n","protected":false},"author":551,"featured_media":6866,"parent":6461,"menu_order":0,"comment_status":"closed","ping_status":"closed","template":"","meta":{"_acf_changed":false,"footnotes":""},"class_list":["post-6864","page","type-page","status-publish","has-post-thumbnail","hentry"],"acf":[],"publishpress_future_action":{"enabled":false,"date":"2026-04-14 03:54:18","action":"change-status","newStatus":"draft","terms":[],"taxonomy":"","extraData":[]},"publishpress_future_workflow_manual_trigger":{"enabledWorkflows":[]},"_links":{"self":[{"href":"https:\/\/www.cerege.fr\/en\/wp-json\/wp\/v2\/pages\/6864","targetHints":{"allow":["GET"]}}],"collection":[{"href":"https:\/\/www.cerege.fr\/en\/wp-json\/wp\/v2\/pages"}],"about":[{"href":"https:\/\/www.cerege.fr\/en\/wp-json\/wp\/v2\/types\/page"}],"author":[{"embeddable":true,"href":"https:\/\/www.cerege.fr\/en\/wp-json\/wp\/v2\/users\/551"}],"replies":[{"embeddable":true,"href":"https:\/\/www.cerege.fr\/en\/wp-json\/wp\/v2\/comments?post=6864"}],"version-history":[{"count":5,"href":"https:\/\/www.cerege.fr\/en\/wp-json\/wp\/v2\/pages\/6864\/revisions"}],"predecessor-version":[{"id":27666,"href":"https:\/\/www.cerege.fr\/en\/wp-json\/wp\/v2\/pages\/6864\/revisions\/27666"}],"up":[{"embeddable":true,"href":"https:\/\/www.cerege.fr\/en\/wp-json\/wp\/v2\/pages\/6461"}],"wp:featuredmedia":[{"embeddable":true,"href":"https:\/\/www.cerege.fr\/en\/wp-json\/wp\/v2\/media\/6866"}],"wp:attachment":[{"href":"https:\/\/www.cerege.fr\/en\/wp-json\/wp\/v2\/media?parent=6864"}],"curies":[{"name":"wp","href":"https:\/\/api.w.org\/{rel}","templated":true}]}}