{"id":825,"date":"2022-06-21T16:57:38","date_gmt":"2022-06-21T14:57:38","guid":{"rendered":"https:\/\/www.cerege.fr\/le-cerege\/partenariats-et-collaborations\/valorisation-industrie\/"},"modified":"2026-02-19T16:45:34","modified_gmt":"2026-02-19T15:45:34","slug":"partnerships","status":"publish","type":"page","link":"https:\/\/www.cerege.fr\/en\/le-cerege\/partenariats-et-collaborations\/partenariats\/","title":{"rendered":"Our socio-economic partnerships"},"content":{"rendered":"\t\t<div data-elementor-type=\"wp-page\" data-elementor-id=\"825\" class=\"elementor elementor-825\" data-elementor-post-type=\"page\">\n\t\t\t\t\t\t<section class=\"elementor-section elementor-top-section elementor-element elementor-element-317ed622 elementor-section-boxed elementor-section-height-default elementor-section-height-default\" data-id=\"317ed622\" data-element_type=\"section\" data-e-type=\"section\">\n\t\t\t\t\t\t<div class=\"elementor-container elementor-column-gap-default\">\n\t\t\t\t\t<div class=\"elementor-column elementor-col-100 elementor-top-column elementor-element elementor-element-2ff85075\" data-id=\"2ff85075\" data-element_type=\"column\" data-e-type=\"column\">\n\t\t\t<div class=\"elementor-widget-wrap elementor-element-populated\">\n\t\t\t\t\t\t<div class=\"elementor-element elementor-element-7e423862 elementor-widget elementor-widget-shortcode\" data-id=\"7e423862\" data-element_type=\"widget\" data-e-type=\"widget\" data-widget_type=\"shortcode.default\">\n\t\t\t\t<div class=\"elementor-widget-container\">\n\t\t\t\t\t\t\t<div class=\"elementor-shortcode\"><nav aria-label=\"breadcrumbs\">\n            <div class=\"breadcrumb-container theme1\">\n                <ol>\n                                    <\/ol>\n            <\/div>\n        <\/nav>    <script type=\"application\/ld+json\">\n        {\n            \"@context\": \"http:\/\/schema.org\",\n            \"@type\": \"BreadcrumbList\",\n            \"itemListElement\": [\n                            ]\n        }\n    <\/script>\n   \n    <script>\n            <\/script>\n<\/div>\n\t\t\t\t\t\t<\/div>\n\t\t\t\t<\/div>\n\t\t\t\t<div class=\"elementor-element elementor-element-9379d48 elementor-widget elementor-widget-text-editor\" data-id=\"9379d48\" data-element_type=\"widget\" data-e-type=\"widget\" data-widget_type=\"text-editor.default\">\n\t\t\t\t<div class=\"elementor-widget-container\">\n\t\t\t\t\t\t\t\t\t<p class=\"p1\"><strong>La recherche au <span class=\"s1\">CEREGE<\/span> r\u00e9pond \u00e0 de grands d\u00e9fis soci\u00e9taux : changements climatiques, gestion des ressources en eau, sols et mati\u00e8res premi\u00e8res, impacts humains sur les \u00e9cosyst\u00e8mes et transition environnementale.<\/strong><\/p><p class=\"p1\">Le laboratoire b\u00e9n\u00e9ficie d\u2019un <span class=\"s1\">rayonnement international<\/span> gr\u00e2ce \u00e0 ses politiques strat\u00e9giques et \u00e0 des th\u00e9matiques scientifiques innovantes. Il se distingue par la qualit\u00e9 de ses <span class=\"s1\">interactions avec le monde non-acad\u00e9mique<\/span>, avec des \u00e9quipements certifi\u00e9s <span class=\"s1\">Plateforme Technologique Aix-Marseille<\/span> (AMU-CNRS-INSERM) accessibles aux partenaires socio-\u00e9conomiques.<\/p><p class=\"p1\">Le CEREGE collabore avec des <span class=\"s1\">start-ups<\/span> (ex. Hymag\u2019in), des <span class=\"s1\">PME<\/span> (ex. ALLIOS, IPSEN) et des <span class=\"s1\">grands groupes<\/span> (ex. EDF, TotalEnergies, OCP). Ces partenariats permettent de :<\/p><ul><li><p class=\"p1\"><span class=\"s1\">d\u00e9velopper de <\/span>nouveaux proc\u00e9d\u00e9s et m\u00e9thodologies<span class=\"s1\">,<\/span><\/p><\/li><li><p class=\"p1\">cr\u00e9er des <span class=\"s1\">avanc\u00e9es technologiques<\/span> sur des enjeux comme l\u2019\u00e9conomie circulaire,<\/p><\/li><li><p class=\"p1\">accompagner des <span class=\"s1\">th\u00e8ses de doctorat<\/span> financ\u00e9es par les partenaires ou via des bourses CIFRE.<\/p><\/li><\/ul><p class=\"p1\"><a href=\"https:\/\/www.totalenergies.fr\" target=\"_blank\" rel=\"noopener\"><span class=\"s1\">TotalEnergies<\/span><\/a> est un partenaire majeur, avec des projets sur la <span class=\"s1\">transition \u00e9nerg\u00e9tique<\/span> et les grands enjeux globaux. <span class=\"s1\"><a href=\"https:\/\/www.edf.fr\" target=\"_blank\" rel=\"noopener\">EDF<\/a> <\/span>collabore avec le CEREGE sur le tra\u00e7age de cosmonucl\u00e9ides, le fonctionnement s\u00e9dimentaire du Buech, le risque sismique et l\u2019industrie nucl\u00e9aire (en partenariat avec le CEA et l\u2019IRSN).<\/p><p class=\"p1\">Au cours des 5 derni\u00e8res ann\u00e9es, le CEREGE a sign\u00e9 <span class=\"s1\">27 contrats de collaboration<\/span> avec des partenaires industriels pour un total de <span class=\"s1\">plus de 8 M\u20ac<\/span>, sur des th\u00e8mes vari\u00e9s : carbonates, cosmonucl\u00e9ides, risques industriels, nano-mat\u00e9riaux, recyclabilit\u00e9 des d\u00e9chets et des eaux, al\u00e9as naturels, etc.<\/p>\t\t\t\t\t\t\t\t<\/div>\n\t\t\t\t<\/div>\n\t\t\t\t<div class=\"elementor-element elementor-element-8ce547c elementor-widget-divider--view-line elementor-widget elementor-widget-divider\" data-id=\"8ce547c\" data-element_type=\"widget\" data-e-type=\"widget\" data-widget_type=\"divider.default\">\n\t\t\t\t<div class=\"elementor-widget-container\">\n\t\t\t\t\t\t\t<div class=\"elementor-divider\">\n\t\t\t<span class=\"elementor-divider-separator\">\n\t\t\t\t\t\t<\/span>\n\t\t<\/div>\n\t\t\t\t\t\t<\/div>\n\t\t\t\t<\/div>\n\t\t\t\t<div class=\"elementor-element elementor-element-f07c66c elementor-widget elementor-widget-heading\" data-id=\"f07c66c\" data-element_type=\"widget\" data-e-type=\"widget\" data-widget_type=\"heading.default\">\n\t\t\t\t<div class=\"elementor-widget-container\">\n\t\t\t\t\t<h2 class=\"elementor-heading-title elementor-size-default\">Une localisation strat\u00e9gique<\/h2>\t\t\t\t<\/div>\n\t\t\t\t<\/div>\n\t\t\t\t<div class=\"elementor-element elementor-element-d5b4925 elementor-widget elementor-widget-text-editor\" data-id=\"d5b4925\" data-element_type=\"widget\" data-e-type=\"widget\" data-widget_type=\"text-editor.default\">\n\t\t\t\t<div class=\"elementor-widget-container\">\n\t\t\t\t\t\t\t\t\t<p class=\"p1\">Le laboratoire est implant\u00e9 sur le <a href=\"https:\/\/www.arbois-med.com\" target=\"_blank\" rel=\"noopener\"><span class=\"s1\">Technop\u00f4le de l&#8217;environnement Arbois M\u00e9diterran\u00e9e<\/span><\/a>, un site d\u00e9di\u00e9 \u00e0 l\u2019innovation environnementale qui regroupe 110 entreprises, 2 incubateurs et 6 p\u00f4les de comp\u00e9titivit\u00e9. Cette localisation permet au CEREGE de tisser des <span class=\"s1\">liens \u00e9troits avec les entreprises<\/span> et de renforcer sa dynamique d\u2019innovation.<\/p>\t\t\t\t\t\t\t\t<\/div>\n\t\t\t\t<\/div>\n\t\t\t\t\t<\/div>\n\t\t<\/div>\n\t\t\t\t\t<\/div>\n\t\t<\/section>\n\t\t\t\t<\/div>\n\t\t","protected":false},"excerpt":{"rendered":"<p>La recherche au CEREGE r\u00e9pond \u00e0 de grands d\u00e9fis soci\u00e9taux : changements climatiques, gestion des ressources en eau, sols et mati\u00e8res premi\u00e8res, impacts humains sur les \u00e9cosyst\u00e8mes et transition environnementale. [&hellip;]<\/p>\n","protected":false},"author":1,"featured_media":13105,"parent":824,"menu_order":10,"comment_status":"closed","ping_status":"closed","template":"","meta":{"_acf_changed":false,"footnotes":""},"class_list":["post-825","page","type-page","status-publish","has-post-thumbnail","hentry"],"acf":[],"publishpress_future_action":{"enabled":false,"date":"2026-04-15 14:21:58","action":"change-status","newStatus":"draft","terms":[],"taxonomy":"","extraData":[]},"publishpress_future_workflow_manual_trigger":{"enabledWorkflows":[]},"_links":{"self":[{"href":"https:\/\/www.cerege.fr\/en\/wp-json\/wp\/v2\/pages\/825","targetHints":{"allow":["GET"]}}],"collection":[{"href":"https:\/\/www.cerege.fr\/en\/wp-json\/wp\/v2\/pages"}],"about":[{"href":"https:\/\/www.cerege.fr\/en\/wp-json\/wp\/v2\/types\/page"}],"author":[{"embeddable":true,"href":"https:\/\/www.cerege.fr\/en\/wp-json\/wp\/v2\/users\/1"}],"replies":[{"embeddable":true,"href":"https:\/\/www.cerege.fr\/en\/wp-json\/wp\/v2\/comments?post=825"}],"version-history":[{"count":5,"href":"https:\/\/www.cerege.fr\/en\/wp-json\/wp\/v2\/pages\/825\/revisions"}],"predecessor-version":[{"id":29046,"href":"https:\/\/www.cerege.fr\/en\/wp-json\/wp\/v2\/pages\/825\/revisions\/29046"}],"up":[{"embeddable":true,"href":"https:\/\/www.cerege.fr\/en\/wp-json\/wp\/v2\/pages\/824"}],"wp:featuredmedia":[{"embeddable":true,"href":"https:\/\/www.cerege.fr\/en\/wp-json\/wp\/v2\/media\/13105"}],"wp:attachment":[{"href":"https:\/\/www.cerege.fr\/en\/wp-json\/wp\/v2\/media?parent=825"}],"curies":[{"name":"wp","href":"https:\/\/api.w.org\/{rel}","templated":true}]}}