{"id":8407,"date":"2022-11-16T16:20:51","date_gmt":"2022-11-16T15:20:51","guid":{"rendered":"https:\/\/www.cerege.fr\/?page_id=8407"},"modified":"2025-05-13T13:47:01","modified_gmt":"2025-05-13T11:47:01","slug":"thesis-offers","status":"publish","type":"page","link":"https:\/\/www.cerege.fr\/en\/formations\/offres-de-theses\/","title":{"rendered":"Thesis opportunities"},"content":{"rendered":"\t\t<div data-elementor-type=\"wp-page\" data-elementor-id=\"8407\" class=\"elementor elementor-8407\" data-elementor-post-type=\"page\">\n\t\t\t\t\t\t<section class=\"elementor-section elementor-top-section elementor-element elementor-element-27655d33 elementor-section-full_width elementor-section-height-min-height elementor-section-height-default elementor-section-items-middle\" data-id=\"27655d33\" data-element_type=\"section\" data-e-type=\"section\" data-settings=\"{&quot;background_background&quot;:&quot;classic&quot;}\">\n\t\t\t\t\t\t<div class=\"elementor-container elementor-column-gap-default\">\n\t\t\t\t\t<div class=\"elementor-column elementor-col-100 elementor-top-column elementor-element elementor-element-f3d04ab\" data-id=\"f3d04ab\" data-element_type=\"column\" data-e-type=\"column\">\n\t\t\t<div class=\"elementor-widget-wrap\">\n\t\t\t\t\t\t\t<\/div>\n\t\t<\/div>\n\t\t\t\t\t<\/div>\n\t\t<\/section>\n\t\t\t\t<section class=\"elementor-section elementor-top-section elementor-element elementor-element-49950a81 elementor-section-boxed elementor-section-height-default elementor-section-height-default\" data-id=\"49950a81\" data-element_type=\"section\" data-e-type=\"section\">\n\t\t\t\t\t\t<div class=\"elementor-container elementor-column-gap-default\">\n\t\t\t\t\t<div class=\"elementor-column elementor-col-100 elementor-top-column elementor-element elementor-element-53a9b402\" data-id=\"53a9b402\" data-element_type=\"column\" data-e-type=\"column\">\n\t\t\t<div class=\"elementor-widget-wrap elementor-element-populated\">\n\t\t\t\t\t\t<div class=\"elementor-element elementor-element-7a9087e3 elementor-widget elementor-widget-shortcode\" data-id=\"7a9087e3\" data-element_type=\"widget\" data-e-type=\"widget\" data-widget_type=\"shortcode.default\">\n\t\t\t\t<div class=\"elementor-widget-container\">\n\t\t\t\t\t\t\t<div class=\"elementor-shortcode\"><nav aria-label=\"breadcrumbs\">\n            <div class=\"breadcrumb-container theme1\">\n                <ol>\n                                    <\/ol>\n            <\/div>\n        <\/nav>    <script type=\"application\/ld+json\">\n        {\n            \"@context\": \"http:\/\/schema.org\",\n            \"@type\": \"BreadcrumbList\",\n            \"itemListElement\": [\n                            ]\n        }\n    <\/script>\n   \n    <script>\n            <\/script>\n<\/div>\n\t\t\t\t\t\t<\/div>\n\t\t\t\t<\/div>\n\t\t\t\t<div class=\"elementor-element elementor-element-50842139 elementor-widget elementor-widget-text-editor\" data-id=\"50842139\" data-element_type=\"widget\" data-e-type=\"widget\" data-widget_type=\"text-editor.default\">\n\t\t\t\t<div class=\"elementor-widget-container\">\n\t\t\t\t\t\t\t\t\t<h1>Offres de th\u00e8ses<\/h1>\t\t\t\t\t\t\t\t<\/div>\n\t\t\t\t<\/div>\n\t\t\t\t<section class=\"elementor-section elementor-inner-section elementor-element elementor-element-5bfbc3d5 elementor-section-boxed elementor-section-height-default elementor-section-height-default\" data-id=\"5bfbc3d5\" data-element_type=\"section\" data-e-type=\"section\">\n\t\t\t\t\t\t<div class=\"elementor-container elementor-column-gap-wide\">\n\t\t\t\t\t<div class=\"elementor-column elementor-col-50 elementor-inner-column elementor-element elementor-element-29e293cc\" data-id=\"29e293cc\" data-element_type=\"column\" data-e-type=\"column\">\n\t\t\t<div class=\"elementor-widget-wrap elementor-element-populated\">\n\t\t\t\t\t\t<div class=\"elementor-element elementor-element-4bd8fd6 elementor-widget elementor-widget-text-editor\" data-id=\"4bd8fd6\" data-element_type=\"widget\" data-e-type=\"widget\" data-widget_type=\"text-editor.default\">\n\t\t\t\t<div class=\"elementor-widget-container\">\n\t\t\t\t\t\t\t\t\t<p class=\"p1\">Chaque ann\u00e9e, les \u00e9quipes du CEREGE proposent plusieurs sujets de th\u00e8se ouverts aux candidatures.<\/p><p class=\"p1\">Les doctorant\u00b7es effectuant leur th\u00e8se au CEREGE int\u00e8grent l\u2019une de nos \u00e9quipes de recherche pour une dur\u00e9e de trois ans. Ils b\u00e9n\u00e9ficient de l\u2019ensemble de notre expertise scientifique et technique pour se former dans leur domaine, ainsi que d\u2019un r\u00e9seau \u00e9tendu de collaborations nationales et internationales.<\/p><p class=\"p1\">Selon leur contrat, certain\u00b7es doctorant\u00b7es peuvent \u00e9galement contribuer \u00e0 l\u2019enseignement universitaire, notamment en Licence, via un contrat CME (Charg\u00e9 de Mission d\u2019Enseignement).<\/p>\t\t\t\t\t\t\t\t<\/div>\n\t\t\t\t<\/div>\n\t\t\t\t\t<\/div>\n\t\t<\/div>\n\t\t\t\t<div class=\"elementor-column elementor-col-50 elementor-inner-column elementor-element elementor-element-1a727441\" data-id=\"1a727441\" data-element_type=\"column\" data-e-type=\"column\">\n\t\t\t<div class=\"elementor-widget-wrap elementor-element-populated\">\n\t\t\t\t\t\t<div class=\"elementor-element elementor-element-8d47e11 elementor--h-position-center elementor--v-position-middle elementor-arrows-position-inside elementor-pagination-position-inside elementor-widget elementor-widget-slides\" data-id=\"8d47e11\" data-element_type=\"widget\" data-e-type=\"widget\" data-settings=\"{&quot;navigation&quot;:&quot;both&quot;,&quot;autoplay&quot;:&quot;yes&quot;,&quot;pause_on_hover&quot;:&quot;yes&quot;,&quot;pause_on_interaction&quot;:&quot;yes&quot;,&quot;autoplay_speed&quot;:5000,&quot;infinite&quot;:&quot;yes&quot;,&quot;transition&quot;:&quot;slide&quot;,&quot;transition_speed&quot;:500}\" data-widget_type=\"slides.default\">\n\t\t\t\t<div class=\"elementor-widget-container\">\n\t\t\t\t\t\t\t\t\t<div class=\"elementor-swiper\">\n\t\t\t\t\t<div class=\"elementor-slides-wrapper elementor-main-swiper swiper\" role=\"region\" aria-roledescription=\"carousel\" aria-label=\"Diapositives\" dir=\"ltr\" data-animation=\"\">\n\t\t\t\t<div class=\"swiper-wrapper elementor-slides\">\n\t\t\t\t\t\t\t\t\t\t<div class=\"elementor-repeater-item-ac18ce4 swiper-slide\" role=\"group\" aria-roledescription=\"slide\"><div class=\"swiper-slide-bg\" role=\"img\" aria-label=\"Fond bleu\"><\/div><a class=\"swiper-slide-inner\" href=\"https:\/\/ecole-doctorale-251.univ-amu.fr\/fr\/actualites\/sujets-de-mis-concours-dates-25-juin-2-3-juillet-2025\" target=\"_blank\" rel=\"noopener\"><div class=\"swiper-slide-contents\"><div class=\"elementor-slide-heading\">Envie d'entreprendre une th\u00e8se en 2025 ? <\/div><div  class=\"elementor-button elementor-slide-button elementor-size-sm\">Voir les sujets de th\u00e8se<\/div><\/div><\/a><\/div>\t\t\t\t<\/div>\n\t\t\t\t\t\t\t<\/div>\n\t\t\t\t<\/div>\n\t\t\t\t\t\t\t\t<\/div>\n\t\t\t\t<\/div>\n\t\t\t\t\t<\/div>\n\t\t<\/div>\n\t\t\t\t\t<\/div>\n\t\t<\/section>\n\t\t\t\t<div class=\"elementor-element elementor-element-ae5a873 elementor-widget-divider--view-line elementor-widget elementor-widget-divider\" data-id=\"ae5a873\" data-element_type=\"widget\" data-e-type=\"widget\" data-widget_type=\"divider.default\">\n\t\t\t\t<div class=\"elementor-widget-container\">\n\t\t\t\t\t\t\t<div class=\"elementor-divider\">\n\t\t\t<span class=\"elementor-divider-separator\">\n\t\t\t\t\t\t<\/span>\n\t\t<\/div>\n\t\t\t\t\t\t<\/div>\n\t\t\t\t<\/div>\n\t\t\t\t<div class=\"elementor-element elementor-element-3d95ab53 elementor-widget elementor-widget-spacer\" data-id=\"3d95ab53\" data-element_type=\"widget\" data-e-type=\"widget\" data-widget_type=\"spacer.default\">\n\t\t\t\t<div class=\"elementor-widget-container\">\n\t\t\t\t\t\t\t<div class=\"elementor-spacer\">\n\t\t\t<div class=\"elementor-spacer-inner\"><\/div>\n\t\t<\/div>\n\t\t\t\t\t\t<\/div>\n\t\t\t\t<\/div>\n\t\t\t\t<div class=\"elementor-element elementor-element-476e108 elementor-widget elementor-widget-text-editor\" data-id=\"476e108\" data-element_type=\"widget\" data-e-type=\"widget\" data-widget_type=\"text-editor.default\">\n\t\t\t\t<div class=\"elementor-widget-container\">\n\t\t\t\t\t\t\t\t\t<h2 class=\"p1\">Financement des th\u00e8ses<\/h2><p class=\"p1\">Toutes les th\u00e8ses sont financ\u00e9es par une bourse sp\u00e9cifiquement attribu\u00e9e au doctorant\u00b7e pour la dur\u00e9e de son projet de recherche. Deux types de financement existent :<\/p><ul><li><p class=\"p1\"><span class=\"s1\"><b>Bourses associ\u00e9es \u00e0 des projets de recherche ou des contrats industriels<\/b><\/span> : La s\u00e9lection des candidat\u00b7es se fait au fil de l\u2019eau, directement par les \u00e9quipes encadrantes.<\/p><\/li><li><p class=\"p1\"><span class=\"s1\"><b>Bourses attribu\u00e9es via concours<\/b><\/span> : Plusieurs financements sont accessibles au CEREGE dans le cadre des <a href=\"https:\/\/www.cerege.fr\/fr\/formations\/ecoles-doctorales\/\">\u00e9coles doctorales<\/a> \u00ab <a href=\"https:\/\/ecole-doctorale-251.univ-amu.fr\" target=\"_blank\" rel=\"noopener\">Sciences de l\u2019Environnement<\/a> \u00bb et \u00ab <a href=\"https:\/\/ecole-doctorale-355.univ-amu.fr\" target=\"_blank\" rel=\"noopener\">Espaces, Cultures et Soci\u00e9t\u00e9s<\/a> \u00bb. Leur attribution se fait en juillet \u00e0 l\u2019issue d\u2019un concours organis\u00e9 par ces \u00e9coles.<\/p><\/li><\/ul>\t\t\t\t\t\t\t\t<\/div>\n\t\t\t\t<\/div>\n\t\t\t\t\t<\/div>\n\t\t<\/div>\n\t\t\t\t\t<\/div>\n\t\t<\/section>\n\t\t\t\t<\/div>\n\t\t","protected":false},"excerpt":{"rendered":"<p>Offres de th\u00e8ses Chaque ann\u00e9e, les \u00e9quipes du CEREGE proposent plusieurs sujets de th\u00e8se ouverts aux candidatures. Les doctorant\u00b7es effectuant leur th\u00e8se au CEREGE int\u00e8grent l\u2019une de nos \u00e9quipes de [&hellip;]<\/p>\n","protected":false},"author":551,"featured_media":8402,"parent":819,"menu_order":66,"comment_status":"closed","ping_status":"closed","template":"","meta":{"_acf_changed":false,"footnotes":""},"class_list":["post-8407","page","type-page","status-publish","has-post-thumbnail","hentry"],"acf":[],"publishpress_future_action":{"enabled":false,"date":"2026-04-17 14:28:37","action":"change-status","newStatus":"draft","terms":[],"taxonomy":"","extraData":[]},"publishpress_future_workflow_manual_trigger":{"enabledWorkflows":[]},"_links":{"self":[{"href":"https:\/\/www.cerege.fr\/en\/wp-json\/wp\/v2\/pages\/8407","targetHints":{"allow":["GET"]}}],"collection":[{"href":"https:\/\/www.cerege.fr\/en\/wp-json\/wp\/v2\/pages"}],"about":[{"href":"https:\/\/www.cerege.fr\/en\/wp-json\/wp\/v2\/types\/page"}],"author":[{"embeddable":true,"href":"https:\/\/www.cerege.fr\/en\/wp-json\/wp\/v2\/users\/551"}],"replies":[{"embeddable":true,"href":"https:\/\/www.cerege.fr\/en\/wp-json\/wp\/v2\/comments?post=8407"}],"version-history":[{"count":5,"href":"https:\/\/www.cerege.fr\/en\/wp-json\/wp\/v2\/pages\/8407\/revisions"}],"predecessor-version":[{"id":27657,"href":"https:\/\/www.cerege.fr\/en\/wp-json\/wp\/v2\/pages\/8407\/revisions\/27657"}],"up":[{"embeddable":true,"href":"https:\/\/www.cerege.fr\/en\/wp-json\/wp\/v2\/pages\/819"}],"wp:featuredmedia":[{"embeddable":true,"href":"https:\/\/www.cerege.fr\/en\/wp-json\/wp\/v2\/media\/8402"}],"wp:attachment":[{"href":"https:\/\/www.cerege.fr\/en\/wp-json\/wp\/v2\/media?parent=8407"}],"curies":[{"name":"wp","href":"https:\/\/api.w.org\/{rel}","templated":true}]}}