{"id":846,"date":"2022-06-21T16:59:40","date_gmt":"2022-06-21T14:59:40","guid":{"rendered":"https:\/\/www.cerege.fr\/sciences\/environnement-durable\/chantiers-projets-phares-environnement-durable\/"},"modified":"2026-01-08T14:09:29","modified_gmt":"2026-01-08T13:09:29","slug":"environment-sustainable-projects","status":"publish","type":"page","link":"https:\/\/www.cerege.fr\/en\/sciences\/environnement-durable\/projets-environnement-durable\/","title":{"rendered":"Sustainable Environment Projects"},"content":{"rendered":"\t\t<div data-elementor-type=\"wp-page\" data-elementor-id=\"846\" class=\"elementor elementor-846\" data-elementor-post-type=\"page\">\n\t\t\t\t\t\t<section class=\"elementor-section elementor-top-section elementor-element elementor-element-23d05b0b elementor-section-full_width elementor-section-height-min-height elementor-section-height-default elementor-section-items-middle\" data-id=\"23d05b0b\" data-element_type=\"section\" data-e-type=\"section\" data-settings=\"{&quot;background_background&quot;:&quot;classic&quot;}\">\n\t\t\t\t\t\t<div class=\"elementor-container elementor-column-gap-default\">\n\t\t\t\t\t<div class=\"elementor-column elementor-col-100 elementor-top-column elementor-element elementor-element-6fecda9a\" data-id=\"6fecda9a\" data-element_type=\"column\" data-e-type=\"column\">\n\t\t\t<div class=\"elementor-widget-wrap\">\n\t\t\t\t\t\t\t<\/div>\n\t\t<\/div>\n\t\t\t\t\t<\/div>\n\t\t<\/section>\n\t\t\t\t<section class=\"elementor-section elementor-top-section elementor-element elementor-element-35b52796 elementor-section-boxed elementor-section-height-default elementor-section-height-default\" data-id=\"35b52796\" data-element_type=\"section\" data-e-type=\"section\">\n\t\t\t\t\t\t<div class=\"elementor-container elementor-column-gap-default\">\n\t\t\t\t\t<div class=\"elementor-column elementor-col-100 elementor-top-column elementor-element elementor-element-19ed07b0\" data-id=\"19ed07b0\" data-element_type=\"column\" data-e-type=\"column\">\n\t\t\t<div class=\"elementor-widget-wrap elementor-element-populated\">\n\t\t\t\t\t\t<div class=\"elementor-element elementor-element-17cec170 elementor-widget elementor-widget-shortcode\" data-id=\"17cec170\" data-element_type=\"widget\" data-e-type=\"widget\" data-widget_type=\"shortcode.default\">\n\t\t\t\t<div class=\"elementor-widget-container\">\n\t\t\t\t\t\t\t<div class=\"elementor-shortcode\"><nav aria-label=\"breadcrumbs\">\n            <div class=\"breadcrumb-container theme1\">\n                <ol>\n                                    <\/ol>\n            <\/div>\n        <\/nav>    <script type=\"application\/ld+json\">\n        {\n            \"@context\": \"http:\/\/schema.org\",\n            \"@type\": \"BreadcrumbList\",\n            \"itemListElement\": [\n                            ]\n        }\n    <\/script>\n   \n    <script>\n            <\/script>\n<\/div>\n\t\t\t\t\t\t<\/div>\n\t\t\t\t<\/div>\n\t\t\t\t<div class=\"elementor-element elementor-element-1ee32416 elementor-widget elementor-widget-spacer\" data-id=\"1ee32416\" data-element_type=\"widget\" data-e-type=\"widget\" data-widget_type=\"spacer.default\">\n\t\t\t\t<div class=\"elementor-widget-container\">\n\t\t\t\t\t\t\t<div class=\"elementor-spacer\">\n\t\t\t<div class=\"elementor-spacer-inner\"><\/div>\n\t\t<\/div>\n\t\t\t\t\t\t<\/div>\n\t\t\t\t<\/div>\n\t\t\t\t\t<\/div>\n\t\t<\/div>\n\t\t\t\t\t<\/div>\n\t\t<\/section>\n\t\t\t\t<section class=\"elementor-section elementor-top-section elementor-element elementor-element-68732071 elementor-section-boxed elementor-section-height-default elementor-section-height-default\" data-id=\"68732071\" data-element_type=\"section\" data-e-type=\"section\">\n\t\t\t\t\t\t<div class=\"elementor-container elementor-column-gap-default\">\n\t\t\t\t\t<div class=\"elementor-column elementor-col-100 elementor-top-column elementor-element elementor-element-7994e746\" data-id=\"7994e746\" data-element_type=\"column\" data-e-type=\"column\">\n\t\t\t<div class=\"elementor-widget-wrap elementor-element-populated\">\n\t\t\t\t\t\t<div class=\"elementor-element elementor-element-664752f5 elementor-widget elementor-widget-text-editor\" data-id=\"664752f5\" data-element_type=\"widget\" data-e-type=\"widget\" data-widget_type=\"text-editor.default\">\n\t\t\t\t<div class=\"elementor-widget-container\">\n\t\t\t\t\t\t\t\t\t<h6><span style=\"font-weight: normal;\">Parmi les projets de l&#8217;\u00e9quipe Environnement Durable :<\/span><\/h6>\t\t\t\t\t\t\t\t<\/div>\n\t\t\t\t<\/div>\n\t\t\t\t<section class=\"elementor-section elementor-inner-section elementor-element elementor-element-6f992709 elementor-section-full_width elementor-section-height-default elementor-section-height-default\" data-id=\"6f992709\" data-element_type=\"section\" data-e-type=\"section\">\n\t\t\t\t\t\t<div class=\"elementor-container elementor-column-gap-wider\">\n\t\t\t\t\t<div class=\"elementor-column elementor-col-100 elementor-inner-column elementor-element elementor-element-60218295\" data-id=\"60218295\" data-element_type=\"column\" data-e-type=\"column\">\n\t\t\t<div class=\"elementor-widget-wrap elementor-element-populated\">\n\t\t\t\t\t\t<div class=\"elementor-element elementor-element-23d6182 elementor-widget__width-initial science_image_box eael-infobox-shape-square eael-infobox-hover-img-shape-square elementor-widget elementor-widget-eael-info-box\" data-id=\"23d6182\" data-element_type=\"widget\" data-e-type=\"widget\" data-widget_type=\"eael-info-box.default\">\n\t\t\t\t<div class=\"elementor-widget-container\">\n\t\t\t\t\t            <a href=\"https:\/\/www.cerege.fr\/sciences\/environnement-durable\/projets-environnement-durable\/NanoCLICs\/\">\n\t            <div class=\"eael-infobox icon-on-top\">\n\t            <div class=\"infobox-icon\">\n\n                            <img decoding=\"async\" src=\"https:\/\/www.cerege.fr\/wp-content\/uploads\/2026\/01\/NanoCLICS-300x278.jpg\" alt=\"\">\n            \n            \n            \n        <\/div>\n            <div class=\"infobox-content\">\n                    <div class=\"infobox-title-section\">\n                <h3 class=\"title\">NanoCLICs<\/h3>            <\/div>\n            <div><div style=\"text-align: left\"><span style=\"color: #000000\">Unveiling organomineral associations at the nanoscale by bridging their structure and dynamics<\/span><\/div><\/div>        <\/div>\n            <\/div>\n\n\t\t            <\/a>\n\t\t\t\t\t\t<\/div>\n\t\t\t\t<\/div>\n\t\t\t\t<div class=\"elementor-element elementor-element-30d28955 elementor-widget__width-initial science_image_box eael-infobox-shape-square eael-infobox-hover-img-shape-square elementor-widget elementor-widget-eael-info-box\" data-id=\"30d28955\" data-element_type=\"widget\" data-e-type=\"widget\" data-widget_type=\"eael-info-box.default\">\n\t\t\t\t<div class=\"elementor-widget-container\">\n\t\t\t\t\t            <a href=\"https:\/\/www.cerege.fr\/sciences\/environnement-durable\/projets-environnement-durable\/bioflocs\/\">\n\t            <div class=\"eael-infobox icon-on-top\">\n\t            <div class=\"infobox-icon\">\n\n                            <img decoding=\"async\" src=\"https:\/\/www.cerege.fr\/wp-content\/uploads\/2023\/01\/0114-scaled-e1674207761354-300x188.jpg\" alt=\"\">\n            \n            \n            \n        <\/div>\n            <div class=\"infobox-content\">\n                    <div class=\"infobox-title-section\">\n                <h3 class=\"title\">BIOFLOCS<\/h3>            <\/div>\n            <div><p>D\u00e9velopper des solutions bas\u00e9es sur la nature pour le traitement des eaux us\u00e9es et des boues<\/p><\/div>        <\/div>\n            <\/div>\n\n\t\t            <\/a>\n\t\t\t\t\t\t<\/div>\n\t\t\t\t<\/div>\n\t\t\t\t<div class=\"elementor-element elementor-element-3c6ddfe elementor-widget__width-initial science_image_box eael-infobox-shape-square eael-infobox-hover-img-shape-square elementor-widget elementor-widget-eael-info-box\" data-id=\"3c6ddfe\" data-element_type=\"widget\" data-e-type=\"widget\" data-widget_type=\"eael-info-box.default\">\n\t\t\t\t<div class=\"elementor-widget-container\">\n\t\t\t\t\t            <a href=\"https:\/\/www.cerege.fr\/fr\/sciences\/environnement-durable\/projets-environnement-durable\/agri-mine\/\" target=\"_blank\">\n\t            <div class=\"eael-infobox icon-on-top\">\n\t            <div class=\"infobox-icon\">\n\n                            <img decoding=\"async\" src=\"https:\/\/www.cerege.fr\/wp-content\/uploads\/2024\/03\/Image1-300x190.jpg\" alt=\"\">\n            \n            \n            \n        <\/div>\n            <div class=\"infobox-content\">\n                    <div class=\"infobox-title-section\">\n                <h3 class=\"title\">AGRI-MINE<\/h3>            <\/div>\n            <div><p style=\"text-align: left\">Potentiel de reconversion agricole d\u2019un territoire minier \u00e0 l\u2019\u00e9preuve de la cartographie socio-environnementale : le cas de la r\u00e9gion de Midelt (Maroc)<\/p><\/div>        <\/div>\n            <\/div>\n\n\t\t            <\/a>\n\t\t\t\t\t\t<\/div>\n\t\t\t\t<\/div>\n\t\t\t\t<div class=\"elementor-element elementor-element-60d8cf5 elementor-widget__width-initial science_image_box eael-infobox-shape-square eael-infobox-hover-img-shape-square elementor-widget elementor-widget-eael-info-box\" data-id=\"60d8cf5\" data-element_type=\"widget\" data-e-type=\"widget\" data-widget_type=\"eael-info-box.default\">\n\t\t\t\t<div class=\"elementor-widget-container\">\n\t\t\t\t\t            <a href=\"https:\/\/www.cerege.fr\/sciences\/environnement-durable\/projets-environnement-durable\/rhizoseqc\/\">\n\t            <div class=\"eael-infobox icon-on-top\">\n\t            <div class=\"infobox-icon\">\n\n                            <img decoding=\"async\" src=\"https:\/\/www.cerege.fr\/wp-content\/uploads\/2024\/09\/Image2.png\" alt=\"\">\n            \n            \n            \n        <\/div>\n            <div class=\"infobox-content\">\n                    <div class=\"infobox-title-section\">\n                <h3 class=\"title\">RHIZOSEQC<\/h3>            <\/div>\n            <div><p>Optimiser la rhizod\u00e9position pour augmenter la s\u00e9questration de carbone dans les agrosyst\u00e8mes<\/p><\/div>        <\/div>\n            <\/div>\n\n\t\t            <\/a>\n\t\t\t\t\t\t<\/div>\n\t\t\t\t<\/div>\n\t\t\t\t<div class=\"elementor-element elementor-element-8bab926 elementor-widget__width-initial science_image_box eael-infobox-shape-square eael-infobox-hover-img-shape-square elementor-widget elementor-widget-eael-info-box\" data-id=\"8bab926\" data-element_type=\"widget\" data-e-type=\"widget\" data-widget_type=\"eael-info-box.default\">\n\t\t\t\t<div class=\"elementor-widget-container\">\n\t\t\t\t\t            <a href=\"https:\/\/www.cerege.fr\/sciences\/environnement-durable\/projets-environnement-durable\/cesh\/\" target=\"_blank\">\n\t            <div class=\"eael-infobox icon-on-top\">\n\t            <div class=\"infobox-icon\">\n\n                            <img decoding=\"async\" src=\"https:\/\/www.cerege.fr\/wp-content\/uploads\/elementor\/thumbs\/Image2-rmyerw5zmezcts4bkgk5g5h6z6nu6jnbjqe7uq9wgc.jpg\" alt=\"\">\n            \n            \n            \n        <\/div>\n            <div class=\"infobox-content\">\n                    <div class=\"infobox-title-section\">\n                <h3 class=\"title\">CESH<\/h3>            <\/div>\n            <div><p style=\"text-align: left\">Mesurer en temps r\u00e9el la physico-chimie des milieux aquatiques avec des sentinelles hydrologiques innovantes, peu co\u00fbteuses et connect\u00e9es<\/p><\/div>        <\/div>\n            <\/div>\n\n\t\t            <\/a>\n\t\t\t\t\t\t<\/div>\n\t\t\t\t<\/div>\n\t\t\t\t<div class=\"elementor-element elementor-element-5205a7c elementor-widget__width-initial science_image_box eael-infobox-shape-square eael-infobox-hover-img-shape-square elementor-widget elementor-widget-eael-info-box\" data-id=\"5205a7c\" data-element_type=\"widget\" data-e-type=\"widget\" data-widget_type=\"eael-info-box.default\">\n\t\t\t\t<div class=\"elementor-widget-container\">\n\t\t\t\t\t            <a href=\"https:\/\/www.cerege.fr\/sciences\/environnement-durable\/projets-environnement-durable\/goutte-a-goutte\/\">\n\t            <div class=\"eael-infobox icon-on-top\">\n\t            <div class=\"infobox-icon\">\n\n                            <img decoding=\"async\" src=\"https:\/\/www.cerege.fr\/wp-content\/uploads\/2022\/11\/Colloides1-300x200.jpg\" alt=\"\">\n            \n            \n            \n        <\/div>\n            <div class=\"infobox-content\">\n                    <div class=\"infobox-title-section\">\n                <h3 class=\"title\">Goutte \u00e0 goutte (GAG)<\/h3>            <\/div>\n            <div><p>R\u00e9duire la consommation d&#8217;eau et accompagner les entreprises dans la mise en place d&#8217;une sobri\u00e9t\u00e9 hydrique.<\/p><\/div>        <\/div>\n            <\/div>\n\n\t\t            <\/a>\n\t\t\t\t\t\t<\/div>\n\t\t\t\t<\/div>\n\t\t\t\t<div class=\"elementor-element elementor-element-3ded794 elementor-widget__width-initial science_image_box eael-infobox-shape-square eael-infobox-hover-img-shape-square elementor-widget elementor-widget-eael-info-box\" data-id=\"3ded794\" data-element_type=\"widget\" data-e-type=\"widget\" data-widget_type=\"eael-info-box.default\">\n\t\t\t\t<div class=\"elementor-widget-container\">\n\t\t\t\t\t            <a href=\"https:\/\/www.cerege.fr\/sciences\/environnement-durable\/projets-environnement-durable\/acv-ecotomix\/\">\n\t            <div class=\"eael-infobox icon-on-top\">\n\t            <div class=\"infobox-icon\">\n\n                            <img decoding=\"async\" src=\"https:\/\/www.cerege.fr\/wp-content\/uploads\/2022\/09\/these_a_pappoe-300x188.png\" alt=\"\">\n            \n            \n            \n        <\/div>\n            <div class=\"infobox-content\">\n                    <div class=\"infobox-title-section\">\n                <h3 class=\"title\">ACV Ecoto(Mi)x <\/h3>            <\/div>\n            <div><p>Etablir des mod\u00e8les d&#8217;\u00e9cotoxicit\u00e9 terrestre int\u00e9grant les sp\u00e9cificit\u00e9s du recyclage agricole des d\u00e9chets organiques pour l&#8217;approche de l&#8217;Analyse du Cycle de Vie<\/p><\/div>        <\/div>\n            <\/div>\n\n\t\t            <\/a>\n\t\t\t\t\t\t<\/div>\n\t\t\t\t<\/div>\n\t\t\t\t<div class=\"elementor-element elementor-element-4c7e7cd2 elementor-widget__width-initial science_image_box eael-infobox-shape-square eael-infobox-hover-img-shape-square elementor-widget elementor-widget-eael-info-box\" data-id=\"4c7e7cd2\" data-element_type=\"widget\" data-e-type=\"widget\" data-widget_type=\"eael-info-box.default\">\n\t\t\t\t<div class=\"elementor-widget-container\">\n\t\t\t\t\t            <a href=\"https:\/\/www.cerege.fr\/sciences\/environnement-durable\/projets-environnement-durable\/bioextract\/\">\n\t            <div class=\"eael-infobox icon-on-top\">\n\t            <div class=\"infobox-icon\">\n\n                            <img decoding=\"async\" src=\"https:\/\/www.cerege.fr\/wp-content\/uploads\/2022\/10\/Bio_extract-300x188.jpg\" alt=\"\">\n            \n            \n            \n        <\/div>\n            <div class=\"infobox-content\">\n                    <div class=\"infobox-title-section\">\n                <h3 class=\"title\">BioExtract<\/h3>            <\/div>\n            <div><p>Le Biomim\u00e9tisme au service de l\u2019extraction des Terres Rares issues de sources secondaires<\/p><\/div>        <\/div>\n            <\/div>\n\n\t\t            <\/a>\n\t\t\t\t\t\t<\/div>\n\t\t\t\t<\/div>\n\t\t\t\t<div class=\"elementor-element elementor-element-1ea76c3 elementor-widget__width-initial science_image_box eael-infobox-shape-square eael-infobox-hover-img-shape-square elementor-widget elementor-widget-eael-info-box\" data-id=\"1ea76c3\" data-element_type=\"widget\" data-e-type=\"widget\" data-widget_type=\"eael-info-box.default\">\n\t\t\t\t<div class=\"elementor-widget-container\">\n\t\t\t\t\t            <a href=\"https:\/\/www.cerege.fr\/sciences\/environnement-durable\/projets-environnement-durable\/rhyzocarbone\/\">\n\t            <div class=\"eael-infobox icon-on-top\">\n\t            <div class=\"infobox-icon\">\n\n                            <img decoding=\"async\" src=\"https:\/\/www.cerege.fr\/wp-content\/uploads\/2023\/01\/projet-RhizoCarbone-e1673017127633-300x188.jpg\" alt=\"\">\n            \n            \n            \n        <\/div>\n            <div class=\"infobox-content\">\n                    <div class=\"infobox-title-section\">\n                <h3 class=\"title\">RhizoCarbone+<\/h3>            <\/div>\n            <div><p>Comprendre le continuum plantes-microorganismes-min\u00e9raux pour stocker de la mati\u00e8re organique (et du carbone associ\u00e9) dans les sols<\/p><\/div>        <\/div>\n            <\/div>\n\n\t\t            <\/a>\n\t\t\t\t\t\t<\/div>\n\t\t\t\t<\/div>\n\t\t\t\t<div class=\"elementor-element elementor-element-4578bbb7 elementor-widget__width-initial science_image_box eael-infobox-shape-square eael-infobox-hover-img-shape-square elementor-widget elementor-widget-eael-info-box\" data-id=\"4578bbb7\" data-element_type=\"widget\" data-e-type=\"widget\" data-widget_type=\"eael-info-box.default\">\n\t\t\t\t<div class=\"elementor-widget-container\">\n\t\t\t\t\t            <a href=\"https:\/\/www.cerege.fr\/sciences\/environnement-durable\/projets-environnement-durable\/dune\/\">\n\t            <div class=\"eael-infobox icon-on-top\">\n\t            <div class=\"infobox-icon\">\n\n                            <img decoding=\"async\" src=\"https:\/\/www.cerege.fr\/wp-content\/uploads\/elementor\/thumbs\/Projet-DUNE-scaled-rmyenehqywu1cun5siobja9wswspelthli6pb4xm6k.jpg\" alt=\"\">\n            \n            \n            \n        <\/div>\n            <div class=\"infobox-content\">\n                    <div class=\"infobox-title-section\">\n                <h3 class=\"title\">DUNE<\/h3>            <\/div>\n            <div><p>\u00c9valuer la Biodisponibilit\u00e9 et le transfert du Cadmium et des \u00e9l\u00e9ments traces dans le syst\u00e8me sol-plante : cas des engrais phosphat\u00e9s inorganiques<\/p><\/div>        <\/div>\n            <\/div>\n\n\t\t            <\/a>\n\t\t\t\t\t\t<\/div>\n\t\t\t\t<\/div>\n\t\t\t\t<div class=\"elementor-element elementor-element-3dfd29a0 elementor-widget__width-initial science_image_box eael-infobox-shape-square eael-infobox-hover-img-shape-square elementor-widget elementor-widget-eael-info-box\" data-id=\"3dfd29a0\" data-element_type=\"widget\" data-e-type=\"widget\" data-widget_type=\"eael-info-box.default\">\n\t\t\t\t<div class=\"elementor-widget-container\">\n\t\t\t\t\t            <a href=\"https:\/\/www.cerege.fr\/sciences\/environnement-durable\/projets-environnement-durable\/lmi-amir\/\">\n\t            <div class=\"eael-infobox icon-on-top\">\n\t            <div class=\"infobox-icon\">\n\n                            <img decoding=\"async\" src=\"https:\/\/www.cerege.fr\/wp-content\/uploads\/2022\/11\/LMI-AMIR-300x203.png\" alt=\"\">\n            \n            \n            \n        <\/div>\n            <div class=\"infobox-content\">\n                    <div class=\"infobox-title-section\">\n                <h3 class=\"title\">LMI AMIR<\/h3>            <\/div>\n            <div><p>Activit\u00e9s Mini\u00e8res Responsables au Maroc : Enjeux, D\u00e9fis et Solutions<\/p><\/div>        <\/div>\n            <\/div>\n\n\t\t            <\/a>\n\t\t\t\t\t\t<\/div>\n\t\t\t\t<\/div>\n\t\t\t\t<div class=\"elementor-element elementor-element-55d6dcd2 elementor-widget__width-initial science_image_box eael-infobox-shape-square eael-infobox-hover-img-shape-square elementor-widget elementor-widget-eael-info-box\" data-id=\"55d6dcd2\" data-element_type=\"widget\" data-e-type=\"widget\" data-widget_type=\"eael-info-box.default\">\n\t\t\t\t<div class=\"elementor-widget-container\">\n\t\t\t\t\t            <a href=\"https:\/\/www.cerege.fr\/sciences\/environnement-durable\/projets-environnement-durable\/recall\/\">\n\t            <div class=\"eael-infobox icon-on-top\">\n\t            <div class=\"infobox-icon\">\n\n                            <img decoding=\"async\" src=\"https:\/\/www.cerege.fr\/wp-content\/uploads\/2022\/09\/these_pierre_tamba_oulare-300x188.jpg\" alt=\"\">\n            \n            \n            \n        <\/div>\n            <div class=\"infobox-content\">\n                    <div class=\"infobox-title-section\">\n                <h3 class=\"title\">RECALL<\/h3>            <\/div>\n            <div><p>D\u00e9velopper des processus d&#8217;extraction durables pour r\u00e9cup\u00e9rer les m\u00e9taux de valeurs dans les r\u00e9sidus de bauxite<\/p><\/div>        <\/div>\n            <\/div>\n\n\t\t            <\/a>\n\t\t\t\t\t\t<\/div>\n\t\t\t\t<\/div>\n\t\t\t\t<div class=\"elementor-element elementor-element-35b17344 elementor-widget__width-initial science_image_box eael-infobox-shape-square eael-infobox-hover-img-shape-square elementor-widget elementor-widget-eael-info-box\" data-id=\"35b17344\" data-element_type=\"widget\" data-e-type=\"widget\" data-widget_type=\"eael-info-box.default\">\n\t\t\t\t<div class=\"elementor-widget-container\">\n\t\t\t\t\t            <a href=\"https:\/\/www.cerege.fr\/sciences\/environnement-durable\/projets-environnement-durable\/sabyna\/\">\n\t            <div class=\"eael-infobox icon-on-top\">\n\t            <div class=\"infobox-icon\">\n\n                            <img decoding=\"async\" src=\"https:\/\/www.cerege.fr\/wp-content\/uploads\/elementor\/thumbs\/projet-Sabyna-rmyen45ivqfvt526gw7f9uvu9o7o1xofw30d13cy30.png\" alt=\"\">\n            \n            \n            \n        <\/div>\n            <div class=\"infobox-content\">\n                    <div class=\"infobox-title-section\">\n                <h3 class=\"title\">SAbyNA<\/h3>            <\/div>\n            <div><p>Plateforme d&#8217;orientation pour le d\u00e9veloppement de nanomat\u00e9riaux et de produits nanotechnologiques plus s\u00fbrs<\/p><\/div>        <\/div>\n            <\/div>\n\n\t\t            <\/a>\n\t\t\t\t\t\t<\/div>\n\t\t\t\t<\/div>\n\t\t\t\t<div class=\"elementor-element elementor-element-e249c17 elementor-widget__width-initial science_image_box eael-infobox-shape-square eael-infobox-hover-img-shape-square elementor-widget elementor-widget-eael-info-box\" data-id=\"e249c17\" data-element_type=\"widget\" data-e-type=\"widget\" data-widget_type=\"eael-info-box.default\">\n\t\t\t\t<div class=\"elementor-widget-container\">\n\t\t\t\t\t            <a href=\"https:\/\/www.cerege.fr\/fr\/sciences\/environnement-durable\/projets-environnement-durable\/irp-inove\/\" target=\"_blank\">\n\t            <div class=\"eael-infobox icon-on-top\">\n\t            <div class=\"infobox-icon\">\n\n                            <img decoding=\"async\" src=\"https:\/\/www.cerege.fr\/wp-content\/uploads\/2022\/11\/360A4100-scaled-e1668784507819-300x200.jpg\" alt=\"\">\n            \n            \n            \n        <\/div>\n            <div class=\"infobox-content\">\n                    <div class=\"infobox-title-section\">\n                <h3 class=\"title\">IRP iNOVE<\/h3>            <\/div>\n            <div><p>Un programme international de recherche franco-am\u00e9ricain sur le d\u00e9veloppement d&#8217;innovations pour un environnement durable.\u00a0<\/p><\/div>        <\/div>\n            <\/div>\n\n\t\t            <\/a>\n\t\t\t\t\t\t<\/div>\n\t\t\t\t<\/div>\n\t\t\t\t\t<\/div>\n\t\t<\/div>\n\t\t\t\t\t<\/div>\n\t\t<\/section>\n\t\t\t\t\t<\/div>\n\t\t<\/div>\n\t\t\t\t\t<\/div>\n\t\t<\/section>\n\t\t\t\t<\/div>\n\t\t","protected":false},"excerpt":{"rendered":"<p>Parmi les projets de l&#8217;\u00e9quipe Environnement Durable : NanoCLICs Unveiling organomineral associations at the nanoscale by bridging their structure and dynamics BIOFLOCS D\u00e9velopper des solutions bas\u00e9es sur la nature pour [&hellip;]<\/p>\n","protected":false},"author":1,"featured_media":8182,"parent":829,"menu_order":31,"comment_status":"closed","ping_status":"closed","template":"","meta":{"_acf_changed":false,"footnotes":""},"class_list":["post-846","page","type-page","status-publish","has-post-thumbnail","hentry"],"acf":[],"publishpress_future_action":{"enabled":false,"date":"2026-05-15 21:00:12","action":"change-status","newStatus":"draft","terms":[],"taxonomy":"","extraData":[]},"publishpress_future_workflow_manual_trigger":{"enabledWorkflows":[]},"_links":{"self":[{"href":"https:\/\/www.cerege.fr\/en\/wp-json\/wp\/v2\/pages\/846","targetHints":{"allow":["GET"]}}],"collection":[{"href":"https:\/\/www.cerege.fr\/en\/wp-json\/wp\/v2\/pages"}],"about":[{"href":"https:\/\/www.cerege.fr\/en\/wp-json\/wp\/v2\/types\/page"}],"author":[{"embeddable":true,"href":"https:\/\/www.cerege.fr\/en\/wp-json\/wp\/v2\/users\/1"}],"replies":[{"embeddable":true,"href":"https:\/\/www.cerege.fr\/en\/wp-json\/wp\/v2\/comments?post=846"}],"version-history":[{"count":5,"href":"https:\/\/www.cerege.fr\/en\/wp-json\/wp\/v2\/pages\/846\/revisions"}],"predecessor-version":[{"id":28760,"href":"https:\/\/www.cerege.fr\/en\/wp-json\/wp\/v2\/pages\/846\/revisions\/28760"}],"up":[{"embeddable":true,"href":"https:\/\/www.cerege.fr\/en\/wp-json\/wp\/v2\/pages\/829"}],"wp:featuredmedia":[{"embeddable":true,"href":"https:\/\/www.cerege.fr\/en\/wp-json\/wp\/v2\/media\/8182"}],"wp:attachment":[{"href":"https:\/\/www.cerege.fr\/en\/wp-json\/wp\/v2\/media?parent=846"}],"curies":[{"name":"wp","href":"https:\/\/api.w.org\/{rel}","templated":true}]}}