{"id":849,"date":"2022-06-21T16:59:41","date_gmt":"2022-06-21T14:59:41","guid":{"rendered":"https:\/\/www.cerege.fr\/sciences\/environnement-durable\/enseignement-environnement-durable\/"},"modified":"2023-03-16T09:52:08","modified_gmt":"2023-03-16T08:52:08","slug":"education-environment-sustainability","status":"publish","type":"page","link":"https:\/\/www.cerege.fr\/en\/sciences\/environnement-durable\/enseignement-environnement-durable\/","title":{"rendered":"Teaching Sustainable Environment"},"content":{"rendered":"\t\t<div data-elementor-type=\"wp-page\" data-elementor-id=\"849\" class=\"elementor elementor-849\" data-elementor-post-type=\"page\">\n\t\t\t\t\t\t<section class=\"elementor-section elementor-top-section elementor-element elementor-element-49744554 elementor-section-full_width elementor-section-height-min-height elementor-section-height-default elementor-section-items-middle\" data-id=\"49744554\" data-element_type=\"section\" data-e-type=\"section\" data-settings=\"{&quot;background_background&quot;:&quot;classic&quot;}\">\n\t\t\t\t\t\t<div class=\"elementor-container elementor-column-gap-default\">\n\t\t\t\t\t<div class=\"elementor-column elementor-col-100 elementor-top-column elementor-element elementor-element-6100afb5\" data-id=\"6100afb5\" data-element_type=\"column\" data-e-type=\"column\">\n\t\t\t<div class=\"elementor-widget-wrap\">\n\t\t\t\t\t\t\t<\/div>\n\t\t<\/div>\n\t\t\t\t\t<\/div>\n\t\t<\/section>\n\t\t\t\t<section class=\"elementor-section elementor-top-section elementor-element elementor-element-afed8b9 elementor-section-boxed elementor-section-height-default elementor-section-height-default\" data-id=\"afed8b9\" data-element_type=\"section\" data-e-type=\"section\">\n\t\t\t\t\t\t<div class=\"elementor-container elementor-column-gap-default\">\n\t\t\t\t\t<div class=\"elementor-column elementor-col-100 elementor-top-column elementor-element elementor-element-2c2cfc22\" data-id=\"2c2cfc22\" data-element_type=\"column\" data-e-type=\"column\">\n\t\t\t<div class=\"elementor-widget-wrap elementor-element-populated\">\n\t\t\t\t\t\t<div class=\"elementor-element elementor-element-5386d044 elementor-widget elementor-widget-shortcode\" data-id=\"5386d044\" data-element_type=\"widget\" data-e-type=\"widget\" data-widget_type=\"shortcode.default\">\n\t\t\t\t<div class=\"elementor-widget-container\">\n\t\t\t\t\t\t\t<div class=\"elementor-shortcode\"><nav aria-label=\"breadcrumbs\">\n            <div class=\"breadcrumb-container theme1\">\n                <ol>\n                                    <\/ol>\n            <\/div>\n        <\/nav>    <script type=\"application\/ld+json\">\n        {\n            \"@context\": \"http:\/\/schema.org\",\n            \"@type\": \"BreadcrumbList\",\n            \"itemListElement\": [\n                            ]\n        }\n    <\/script>\n   \n    <script>\n            <\/script>\n<\/div>\n\t\t\t\t\t\t<\/div>\n\t\t\t\t<\/div>\n\t\t\t\t<div class=\"elementor-element elementor-element-b229a0d elementor-widget elementor-widget-text-editor\" data-id=\"b229a0d\" data-element_type=\"widget\" data-e-type=\"widget\" data-widget_type=\"text-editor.default\">\n\t\t\t\t<div class=\"elementor-widget-container\">\n\t\t\t\t\t\t\t\t\t<p>Les activit\u00e9s d\u2019enseignement de l&#8217;\u00e9quipe Environnement Durable sont en lien \u00e9troit avec ses activit\u00e9s de recherche et ses plateformes et laboratoires.\u00a0Elles sont port\u00e9es par 4 enseignants-chercheurs (<a href=\"https:\/\/www.cerege.fr\/fr\/author\/blanche-collin\/\" target=\"_blank\" rel=\"noopener\">Blanche Collin<\/a>, <a href=\"https:\/\/www.cerege.fr\/fr\/author\/catherine-keller\/\" target=\"_blank\" rel=\"noopener\">Catherine Keller<\/a>, <a href=\"https:\/\/www.cerege.fr\/fr\/author\/nicolas-roche\/\" target=\"_blank\" rel=\"noopener\">Nicolas Roche<\/a> et <a href=\"https:\/\/www.cerege.fr\/fr\/author\/danielle-slomberg\/\" target=\"_blank\" rel=\"noopener\">Danielle Slomberg)<\/a>, 1 ATER ainsi que plusieurs ing\u00e9nieurs et chercheurs de l&#8217;\u00e9quipe qui d\u00e9veloppent des approches p\u00e9dagogiques innovantes.<\/p><p>L&#8217;\u00e9quipe intervient dans les fili\u00e8res d\u2019enseignement au niveau:<\/p><ul><li>de la Licence mention SVT (parcours <a href=\"https:\/\/sciences.univ-amu.fr\/fr\/formation\/licences\/licence-sciences-vie-terre\/parcours-terre\" target=\"_blank\" rel=\"noopener\">TERRE<\/a>, <a href=\"https:\/\/sciences.univ-amu.fr\/fr\/formation\/licences\/licence-sciences-vie-terre\/parcours-environnement-pollutions-milieux\" target=\"_blank\" rel=\"noopener\">ENVIPOM<\/a> et <a href=\"https:\/\/sciences.univ-amu.fr\/fr\/formation\/licences\/licence-sciences-vie-terre\/parcours-homme-environnement\" target=\"_blank\" rel=\"noopener\">H&amp;E<\/a>)<\/li><li>du <a href=\"https:\/\/www.youtube.com\/watch?v=0RHKL7i9_kg&amp;t=7s\" target=\"_blank\" rel=\"noopener\">BUT G\u00e9nie Chimique &#8211; G\u00e9nie des Proc\u00e9d\u00e9s (GCGP)<\/a><\/li><li>du CMI <a href=\"https:\/\/www.cerege.fr\/fr\/formations\/cmi-geologie-des-ressources-et-du-developpement-durable\/\" target=\"_blank\" rel=\"noopener\">G\u00e9ologie des ressources et du D\u00e9veloppement Durable<\/a><\/li><li>du Master <a href=\"https:\/\/www.cerege.fr\/fr\/formations\/masters\/\" target=\"_blank\" rel=\"noopener\">Gestion de l&#8217;Environnement<\/a> (<a href=\"https:\/\/masters.osupytheas.fr\/formations\/master-gee\/\" target=\"_blank\" rel=\"noopener\">parcours MAEVA<\/a>)<\/li><li>du Master <a href=\"https:\/\/masters.osupytheas.fr\/formations\/master-mer\/\" target=\"_blank\" rel=\"noopener\">Sciences de la Mer <\/a>(<a href=\"https:\/\/masters.osupytheas.fr\/formations\/master-mer\/oceanographie-biologique-ecologie-marine-obem\/\" target=\"_blank\" rel=\"noopener\">finalit\u00e9 OBEM<\/a>)<\/li><\/ul><p>Les cours enseign\u00e9s portent sur les\u00a0enjeux environnementaux, les cycles biogeochimiques, la biog\u00e9ochimie des contaminants, les sciences du sol, la\u00a0remediation des sites et sols pollu\u00e9s, les\u00a0nanotechnologies environnementales, la\u00a0chimie de l&#8217;eau, l&#8217;\u00e9conomie circulaire, le g\u00e9nie des proc\u00e9d\u00e9s, les m\u00e9thodes de traitement des eaux, \u00a0l&#8217;\u00e9cotoxicit\u00e9 et les m\u00e9thode d&#8217;analyse et de caract\u00e9risation des solutions et des matrices environnementales (sols, plantes, d\u00e9chets).\u00a0<\/p><p>L&#8217;enseignement est dispens\u00e9 sous forme de cours magistraux mais aussi lors de TP terrain, TP dans nos laboratoires et visites de sites industriels.\u00a0<\/p><p>L&#8217;\u00e9quipe accueille des stagiaires de tous niveaux (BUT, Licence, Master M1 &amp; M2, Ecoles d&#8217;ing\u00e9nieurs, ..) sur des sujets vari\u00e9s (<a href=\"https:\/\/www.cerege.fr\/fr\/formations\/offres-de-stages\/\" target=\"_blank\" rel=\"noopener\">voir quelques exemples d&#8217;offres de stage<\/a>).\u00a0<\/p>\t\t\t\t\t\t\t\t<\/div>\n\t\t\t\t<\/div>\n\t\t\t\t\t<\/div>\n\t\t<\/div>\n\t\t\t\t\t<\/div>\n\t\t<\/section>\n\t\t\t\t<section class=\"elementor-section elementor-top-section elementor-element elementor-element-6ffd56b9 elementor-section-boxed elementor-section-height-default elementor-section-height-default\" data-id=\"6ffd56b9\" data-element_type=\"section\" data-e-type=\"section\">\n\t\t\t\t\t\t<div class=\"elementor-container elementor-column-gap-default\">\n\t\t\t\t\t<div class=\"elementor-column elementor-col-100 elementor-top-column elementor-element elementor-element-5c555e9c\" data-id=\"5c555e9c\" data-element_type=\"column\" data-e-type=\"column\">\n\t\t\t<div class=\"elementor-widget-wrap elementor-element-populated\">\n\t\t\t\t\t\t<div class=\"elementor-element elementor-element-5eda204d elementor-widget elementor-widget-heading\" data-id=\"5eda204d\" data-element_type=\"widget\" data-e-type=\"widget\" data-widget_type=\"heading.default\">\n\t\t\t\t<div class=\"elementor-widget-container\">\n\t\t\t\t\t<h2 class=\"elementor-heading-title elementor-size-default\">Quelques actions phares<\/h2>\t\t\t\t<\/div>\n\t\t\t\t<\/div>\n\t\t\t\t<section class=\"elementor-section elementor-inner-section elementor-element elementor-element-594ea9f elementor-section-full_width elementor-section-height-default elementor-section-height-default\" data-id=\"594ea9f\" data-element_type=\"section\" data-e-type=\"section\">\n\t\t\t\t\t\t<div class=\"elementor-container elementor-column-gap-wider\">\n\t\t\t\t\t<div class=\"elementor-column elementor-col-100 elementor-inner-column elementor-element elementor-element-29238ce4\" data-id=\"29238ce4\" data-element_type=\"column\" data-e-type=\"column\">\n\t\t\t<div class=\"elementor-widget-wrap elementor-element-populated\">\n\t\t\t\t\t\t<div class=\"elementor-element elementor-element-3d1d37e3 elementor-widget__width-initial science_image_box eael-infobox-shape-square eael-infobox-hover-img-shape-square elementor-widget elementor-widget-eael-info-box\" data-id=\"3d1d37e3\" data-element_type=\"widget\" data-e-type=\"widget\" data-widget_type=\"eael-info-box.default\">\n\t\t\t\t<div class=\"elementor-widget-container\">\n\t\t\t\t\t        <div class=\"eael-infobox icon-on-top\">\n\t            <div class=\"infobox-icon\">\n\n                            <img decoding=\"async\" src=\"https:\/\/www.cerege.fr\/wp-content\/uploads\/elementor\/thumbs\/Fresque_du_Climat_21-22_8-rmyen29ui2db5x4wrve64vcx2wgxmjgz7tpe2jfqfg.jpg\" alt=\"\">\n            \n            \n            \n        <\/div>\n            <div class=\"infobox-content\">\n                    <div class=\"infobox-title-section\">\n                <h3 class=\"title\">P\u00e9dagogie innovante<\/h3>            <\/div>\n            <div><p>La mise en place d&#8217;approches p\u00e9dagogiques innovantes comme la <a href=\"https:\/\/fresqueduclimat.org\" target=\"_blank\" rel=\"noopener\">fresque du climat<\/a>, <a href=\"https:\/\/www.afes.fr\/actions\/fresque-du-sol\/\" target=\"_blank\" rel=\"noopener\">la fresque du sol<\/a>, la m\u00e9thode Jigsaw, <a href=\"https:\/\/www.wooclap.com\/fr\/\" target=\"_blank\" rel=\"noopener\">les outils interactifs type Wooclap<\/a>, les <a href=\"https:\/\/www.youtube.com\/watch?v=IB67bVO6DWg\" target=\"_blank\" rel=\"noopener\">visites de sites industriels<\/a> ou la d\u00e9couverte ludique de laboratoire.<\/p><\/div>        <\/div>\n            <\/div>\n\n\t\t\t\t\t\t<\/div>\n\t\t\t\t<\/div>\n\t\t\t\t<div class=\"elementor-element elementor-element-4f57fb22 elementor-widget__width-initial science_image_box eael-infobox-shape-square eael-infobox-hover-img-shape-square elementor-widget elementor-widget-eael-info-box\" data-id=\"4f57fb22\" data-element_type=\"widget\" data-e-type=\"widget\" data-widget_type=\"eael-info-box.default\">\n\t\t\t\t<div class=\"elementor-widget-container\">\n\t\t\t\t\t            <a href=\"https:\/\/www.univ-amu.fr\/fr\/public\/lecole-de-terrain-polemil\" target=\"_blank\" rel=\"noopener\">\n\t            <div class=\"eael-infobox icon-on-top\">\n\t            <div class=\"infobox-icon\">\n\n                            <img decoding=\"async\" src=\"https:\/\/www.cerege.fr\/wp-content\/uploads\/elementor\/thumbs\/CEREGE_Master_GeE383-scaled-rmyen6179eiggczg5x0oeuergfyehbvwkcbbzna5qk.jpg\" alt=\"\">\n            \n            \n            \n        <\/div>\n            <div class=\"infobox-content\">\n                    <div class=\"infobox-title-section\">\n                <h3 class=\"title\">Ecole de terrain POLEMIL<\/h3>            <\/div>\n            <div><p>Le montage de l&#8217;\u00e9cole de terrain POLEMIL (niveau Master M1), financ\u00e9 par l&#8217;institut ITEM sur les probl\u00e9matiques de pollution des milieux.\u00a0<\/p><\/div>        <\/div>\n            <\/div>\n\n\t\t            <\/a>\n\t\t\t\t\t\t<\/div>\n\t\t\t\t<\/div>\n\t\t\t\t<div class=\"elementor-element elementor-element-35187deb elementor-widget__width-initial science_image_box eael-infobox-shape-square eael-infobox-hover-img-shape-square elementor-widget elementor-widget-eael-info-box\" data-id=\"35187deb\" data-element_type=\"widget\" data-e-type=\"widget\" data-widget_type=\"eael-info-box.default\">\n\t\t\t\t<div class=\"elementor-widget-container\">\n\t\t\t\t\t        <div class=\"eael-infobox icon-on-top\">\n\t            <div class=\"infobox-icon\">\n\n                            <img decoding=\"async\" src=\"https:\/\/www.cerege.fr\/wp-content\/uploads\/elementor\/thumbs\/Visite-LaboColloides_D-Slomberg_2022-scaled-e1673278550270-rmyepsywfo4f0z5jrk1zwogbgcyh2rcsle7dgldea4.jpg\" alt=\"\">\n            \n            \n            \n        <\/div>\n            <div class=\"infobox-content\">\n                    <div class=\"infobox-title-section\">\n                <h3 class=\"title\">Travaux pratiques dans nos laboratoires<\/h3>            <\/div>\n            <div><p>Le souhait croissant de former nos \u00e9tudiants (niveau Master) sur les \u00e9quipements de pointe du CEREGE (<a href=\"https:\/\/www.cerege.fr\/fr\/equipements\/poles-techniques\/chimie-elementaire-la-icp-ms\/\" target=\"_blank\" rel=\"noopener\">plateforme LA-ICP-MS<\/a>, <a href=\"https:\/\/www.cerege.fr\/fr\/equipements\/poles-techniques\/imagerie-2d-et-3d-par-rayons-x-matrix\/\" target=\"_blank\" rel=\"noopener\">plateforme MATRIX<\/a>, <a href=\"https:\/\/www.cerege.fr\/fr\/equipements\/poles-techniques\/isotopes-radiogeniques-et-non-conventionnels-envitop\/\" target=\"_blank\" rel=\"noopener\">plateforme ENVITOP, <\/a><a href=\"https:\/\/www.cerege.fr\/equipements\/poles-techniques\/caracterisation-des-colloides\/\" target=\"_blank\" rel=\"noopener\">laboratoire Caract\u00e9risation des Collo\u00efdes<\/a>).\u00a0<\/p><\/div>        <\/div>\n            <\/div>\n\n\t\t\t\t\t\t<\/div>\n\t\t\t\t<\/div>\n\t\t\t\t<div class=\"elementor-element elementor-element-520b0f67 elementor-widget__width-initial science_image_box eael-infobox-shape-square eael-infobox-hover-img-shape-square elementor-widget elementor-widget-eael-info-box\" data-id=\"520b0f67\" data-element_type=\"widget\" data-e-type=\"widget\" data-widget_type=\"eael-info-box.default\">\n\t\t\t\t<div class=\"elementor-widget-container\">\n\t\t\t\t\t        <div class=\"eael-infobox icon-on-top\">\n\t            <div class=\"infobox-icon\">\n\n                            <img decoding=\"async\" src=\"https:\/\/www.cerege.fr\/wp-content\/uploads\/elementor\/thumbs\/20221013_143016-scaled-rmyengdfckwm02kfhjhko9stzojfu00y9rho9outu4.jpg\" alt=\"\">\n            \n            \n            \n        <\/div>\n            <div class=\"infobox-content\">\n                    <div class=\"infobox-title-section\">\n                <h3 class=\"title\">M\u00e9diation scientifique<\/h3>            <\/div>\n            <div><p>La volont\u00e9 de diffuser nos connaissances scientifiques aupr\u00e8s de tous avec l&#8217;animation d&#8217;ateliers au <a href=\"https:\/\/www.fetedelascience.fr\/village-des-sciences-de-l-environnement-de-l-arbois-2#\/\" target=\"_blank\" rel=\"noopener\">Village des Sciences de l&#8217;Arbois<\/a> \u00e0 l&#8217;occasion de la F\u00eate de la Science, la cr\u00e9ation du <a href=\"https:\/\/www.labex-serenade.fr\/namac\" target=\"_blank\" rel=\"noopener\">jeu NAMAC<\/a>\u00a0pour se familiariser avec les \u00e9chelles de taille, \u00a0la cr\u00e9ation d&#8217;une s\u00e9rie de vid\u00e9os <a href=\"https:\/\/www.youtube.com\/watch?v=c00XGTL7gf0&amp;list=PLxBs_k2j0_LscLrkNoFTMiJfFBrpTAYxM\" target=\"_blank\" rel=\"noopener\">&#8220;Le Saviez-Vous?&#8221; sur les nanoparticules<\/a>, des interventions dans des \u00e9coles et lyc\u00e9es, l&#8217;accueil de <a href=\"https:\/\/www.cerege.fr\/fr\/demande-de-stage\/\" target=\"_blank\" rel=\"noopener\">stagiaires de coll\u00e8ge\/lyc\u00e9e<\/a> et l&#8217;encadrement de projets tutor\u00e9s (<a href=\"https:\/\/www.onisep.fr\/Choisir-mes-etudes\/apres-le-bac\/organisation-des-etudes-superieures\/cpge-filieres\/les-prepas-scientifiques\/la-prepa-bcpst-biologie-chimie-physique-et-sciences-de-la-terre\" target=\"_blank\" rel=\"noopener\">pr\u00e9pa BCPST<\/a>).\u00a0 \u00a0\u00a0<\/p><\/div>        <\/div>\n            <\/div>\n\n\t\t\t\t\t\t<\/div>\n\t\t\t\t<\/div>\n\t\t\t\t<div class=\"elementor-element elementor-element-40f6d1ef elementor-widget__width-initial science_image_box eael-infobox-shape-square eael-infobox-hover-img-shape-square elementor-widget elementor-widget-eael-info-box\" data-id=\"40f6d1ef\" data-element_type=\"widget\" data-e-type=\"widget\" data-widget_type=\"eael-info-box.default\">\n\t\t\t\t<div class=\"elementor-widget-container\">\n\t\t\t\t\t            <a href=\"http:\/\/f-crg.fr\/ecole-thematique-cnrs-asterx-2023\/\" target=\"_blank\" rel=\"noopener\">\n\t            <div class=\"eael-infobox icon-on-top\">\n\t            <div class=\"infobox-icon\">\n\n                            <img decoding=\"async\" src=\"https:\/\/www.cerege.fr\/wp-content\/uploads\/elementor\/thumbs\/ecole-ASTERX-rmyen9sk0qnlqstzjyn6otgltzfvc4atwux9wr4l1o.jpg\" alt=\"\">\n            \n            \n            \n        <\/div>\n            <div class=\"infobox-content\">\n                    <div class=\"infobox-title-section\">\n                <h3 class=\"title\">Ecole th\u00e9matique ASTER'X<\/h3>            <\/div>\n            <div><p><span class=\"textegris\">L&#8217;intervention des ing\u00e9nieurs de la plateforme MATRIX dans l&#8217;\u00e9cole th\u00e9matique du CNRS <em>&#8220;Analyses par Spectroscopies, Tomographie et Emission de Rayons X&#8221;<\/em>. Cette \u00e9cole est organis\u00e9e chaque ann\u00e9e avec les \u00e9quipes en charge des instruments FAME &amp; FAME-UHD du synchrotron ESRF.\u00a0<\/span><\/p><\/div>        <\/div>\n            <\/div>\n\n\t\t            <\/a>\n\t\t\t\t\t\t<\/div>\n\t\t\t\t<\/div>\n\t\t\t\t<div class=\"elementor-element elementor-element-1e3bc10e elementor-widget__width-initial science_image_box eael-infobox-shape-square eael-infobox-hover-img-shape-square elementor-widget elementor-widget-eael-info-box\" data-id=\"1e3bc10e\" data-element_type=\"widget\" data-e-type=\"widget\" data-widget_type=\"eael-info-box.default\">\n\t\t\t\t<div class=\"elementor-widget-container\">\n\t\t\t\t\t        <div class=\"eael-infobox icon-on-top\">\n\t            <div class=\"infobox-icon\">\n\n                            <img decoding=\"async\" src=\"https:\/\/www.cerege.fr\/wp-content\/uploads\/elementor\/thumbs\/CEREGE_formation_CIVIS55-scaled-rmyelu3fkuou08x2xuapdoi95siokrlldr1kij98jw.jpg\" alt=\"\">\n            \n            \n            \n        <\/div>\n            <div class=\"infobox-content\">\n                    <div class=\"infobox-title-section\">\n                <h3 class=\"title\">Enseignement \"ailleurs\"<\/h3>            <\/div>\n            <div><div class=\"\"><div class=\"\"><div class=\"\">L&#8217;\u00e9quipe ED transmet aussi ses comp\u00e9tences ailleurs: <a href=\"https:\/\/implanteus.univ-avignon.fr\" target=\"_blank\" rel=\"noopener\">EUR Implanteus (Univ. Avignon)<\/a>, <a href=\"https:\/\/iae-aix.univ-amu.fr\/fr\" target=\"_blank\" rel=\"noopener\">Aix Marseille Graduate School of Management (IAE)<\/a>,\u00a0<a href=\"https:\/\/ecolekourtrajme.com\" target=\"_blank\" rel=\"noopener\">Ecole de cin\u00e9ma Kourtrajm\u00e9<\/a>.\u00a0<\/div><\/div><\/div><\/div>        <\/div>\n            <\/div>\n\n\t\t\t\t\t\t<\/div>\n\t\t\t\t<\/div>\n\t\t\t\t\t<\/div>\n\t\t<\/div>\n\t\t\t\t\t<\/div>\n\t\t<\/section>\n\t\t\t\t\t<\/div>\n\t\t<\/div>\n\t\t\t\t\t<\/div>\n\t\t<\/section>\n\t\t\t\t<\/div>\n\t\t","protected":false},"excerpt":{"rendered":"<p>Les activit\u00e9s d\u2019enseignement de l&#8217;\u00e9quipe Environnement Durable sont en lien \u00e9troit avec ses activit\u00e9s de recherche et ses plateformes et laboratoires.\u00a0Elles sont port\u00e9es par 4 enseignants-chercheurs (Blanche Collin, Catherine Keller, [&hellip;]<\/p>\n","protected":false},"author":1,"featured_media":8429,"parent":829,"menu_order":34,"comment_status":"closed","ping_status":"closed","template":"","meta":{"_acf_changed":false,"footnotes":""},"class_list":["post-849","page","type-page","status-publish","has-post-thumbnail","hentry"],"acf":[],"publishpress_future_action":{"enabled":false,"date":"2026-05-22 10:59:20","action":"change-status","newStatus":"draft","terms":[],"taxonomy":"","extraData":[]},"publishpress_future_workflow_manual_trigger":{"enabledWorkflows":[]},"_links":{"self":[{"href":"https:\/\/www.cerege.fr\/en\/wp-json\/wp\/v2\/pages\/849","targetHints":{"allow":["GET"]}}],"collection":[{"href":"https:\/\/www.cerege.fr\/en\/wp-json\/wp\/v2\/pages"}],"about":[{"href":"https:\/\/www.cerege.fr\/en\/wp-json\/wp\/v2\/types\/page"}],"author":[{"embeddable":true,"href":"https:\/\/www.cerege.fr\/en\/wp-json\/wp\/v2\/users\/1"}],"replies":[{"embeddable":true,"href":"https:\/\/www.cerege.fr\/en\/wp-json\/wp\/v2\/comments?post=849"}],"version-history":[{"count":5,"href":"https:\/\/www.cerege.fr\/en\/wp-json\/wp\/v2\/pages\/849\/revisions"}],"predecessor-version":[{"id":17587,"href":"https:\/\/www.cerege.fr\/en\/wp-json\/wp\/v2\/pages\/849\/revisions\/17587"}],"up":[{"embeddable":true,"href":"https:\/\/www.cerege.fr\/en\/wp-json\/wp\/v2\/pages\/829"}],"wp:featuredmedia":[{"embeddable":true,"href":"https:\/\/www.cerege.fr\/en\/wp-json\/wp\/v2\/media\/8429"}],"wp:attachment":[{"href":"https:\/\/www.cerege.fr\/en\/wp-json\/wp\/v2\/media?parent=849"}],"curies":[{"name":"wp","href":"https:\/\/api.w.org\/{rel}","templated":true}]}}