{"id":855,"date":"2022-06-21T16:59:52","date_gmt":"2022-06-21T14:59:52","guid":{"rendered":"https:\/\/www.cerege.fr\/sciences\/ressources-reservoirs-et-hydrosystemes\/enseignement-ressources-reservoirs-et-hydrosystemes\/"},"modified":"2025-10-09T18:19:31","modified_gmt":"2025-10-09T16:19:31","slug":"teaching-resources-reservoirs-and-hydrosystems","status":"publish","type":"page","link":"https:\/\/www.cerege.fr\/en\/sciences\/ressources-hydrosystemes-et-carbonates\/enseignement-ressources-reservoirs-et-hydrosystemes\/","title":{"rendered":"Teaching Hydrosystems and Carbonate Resources"},"content":{"rendered":"\t\t<div data-elementor-type=\"wp-page\" data-elementor-id=\"855\" class=\"elementor elementor-855\" data-elementor-post-type=\"page\">\n\t\t\t\t\t\t<section class=\"elementor-section elementor-top-section elementor-element elementor-element-72b87776 elementor-section-full_width elementor-section-height-min-height elementor-section-height-default elementor-section-items-middle\" data-id=\"72b87776\" data-element_type=\"section\" data-e-type=\"section\" data-settings=\"{&quot;background_background&quot;:&quot;classic&quot;}\">\n\t\t\t\t\t\t<div class=\"elementor-container elementor-column-gap-default\">\n\t\t\t\t\t<div class=\"elementor-column elementor-col-100 elementor-top-column elementor-element elementor-element-20f6e30f\" data-id=\"20f6e30f\" data-element_type=\"column\" data-e-type=\"column\">\n\t\t\t<div class=\"elementor-widget-wrap\">\n\t\t\t\t\t\t\t<\/div>\n\t\t<\/div>\n\t\t\t\t\t<\/div>\n\t\t<\/section>\n\t\t\t\t<section class=\"elementor-section elementor-top-section elementor-element elementor-element-5373980 elementor-section-boxed elementor-section-height-default elementor-section-height-default\" data-id=\"5373980\" data-element_type=\"section\" data-e-type=\"section\">\n\t\t\t\t\t\t<div class=\"elementor-container elementor-column-gap-default\">\n\t\t\t\t\t<div class=\"elementor-column elementor-col-100 elementor-top-column elementor-element elementor-element-10622f47\" data-id=\"10622f47\" data-element_type=\"column\" data-e-type=\"column\">\n\t\t\t<div class=\"elementor-widget-wrap elementor-element-populated\">\n\t\t\t\t\t\t<div class=\"elementor-element elementor-element-28f0aaa5 elementor-widget elementor-widget-shortcode\" data-id=\"28f0aaa5\" data-element_type=\"widget\" data-e-type=\"widget\" data-widget_type=\"shortcode.default\">\n\t\t\t\t<div class=\"elementor-widget-container\">\n\t\t\t\t\t\t\t<div class=\"elementor-shortcode\"><nav aria-label=\"breadcrumbs\">\n            <div class=\"breadcrumb-container theme1\">\n                <ol>\n                                    <\/ol>\n            <\/div>\n        <\/nav>    <script type=\"application\/ld+json\">\n        {\n            \"@context\": \"http:\/\/schema.org\",\n            \"@type\": \"BreadcrumbList\",\n            \"itemListElement\": [\n                            ]\n        }\n    <\/script>\n   \n    <script>\n            <\/script>\n<\/div>\n\t\t\t\t\t\t<\/div>\n\t\t\t\t<\/div>\n\t\t\t\t<div class=\"elementor-element elementor-element-2e65b60a elementor-widget elementor-widget-text-editor\" data-id=\"2e65b60a\" data-element_type=\"widget\" data-e-type=\"widget\" data-widget_type=\"text-editor.default\">\n\t\t\t\t<div class=\"elementor-widget-container\">\n\t\t\t\t\t\t\t\t\t<p>Avec une majorit\u00e9 d\u2019enseignants chercheurs, l\u2019\u00e9quipe RHYCA contribue fortement \u00e0 la dispense d&#8217;enseignements ainsi qu\u2019\u00e0 leur organisation tant au niveau licence que master. L\u2019ensemble des membres de l\u2019\u00e9quipe participent \u00e0 l\u2019encadrement de stages \u00e9tudiants<span style=\"mso-spacerun: yes;\"> et <\/span>\u00e0 la formation doctorale avec la supervision de nombreuses th\u00e8ses.<\/p><p>Des membres de l\u2019\u00e9quipe sont responsables des fili\u00e8res d\u2019enseignement suivantes\u00a0:<\/p>\t\t\t\t\t\t\t\t<\/div>\n\t\t\t\t<\/div>\n\t\t\t\t\t<\/div>\n\t\t<\/div>\n\t\t\t\t\t<\/div>\n\t\t<\/section>\n\t\t\t\t<section class=\"elementor-section elementor-top-section elementor-element elementor-element-71a873f5 elementor-section-boxed elementor-section-height-default elementor-section-height-default\" data-id=\"71a873f5\" data-element_type=\"section\" data-e-type=\"section\">\n\t\t\t\t\t\t<div class=\"elementor-container elementor-column-gap-default\">\n\t\t\t\t\t<div class=\"elementor-column elementor-col-100 elementor-top-column elementor-element elementor-element-20320dbf\" data-id=\"20320dbf\" data-element_type=\"column\" data-e-type=\"column\">\n\t\t\t<div class=\"elementor-widget-wrap elementor-element-populated\">\n\t\t\t\t\t\t<section class=\"elementor-section elementor-inner-section elementor-element elementor-element-70f79041 elementor-section-full_width elementor-section-height-default elementor-section-height-default\" data-id=\"70f79041\" data-element_type=\"section\" data-e-type=\"section\">\n\t\t\t\t\t\t<div class=\"elementor-container elementor-column-gap-wider\">\n\t\t\t\t\t<div class=\"elementor-column elementor-col-100 elementor-inner-column elementor-element elementor-element-7ddf4df9\" data-id=\"7ddf4df9\" data-element_type=\"column\" data-e-type=\"column\">\n\t\t\t<div class=\"elementor-widget-wrap elementor-element-populated\">\n\t\t\t\t\t\t<div class=\"elementor-element elementor-element-3dc350c4 elementor-widget__width-initial science_image_box eael-infobox-shape-square eael-infobox-hover-img-shape-square elementor-widget elementor-widget-eael-info-box\" data-id=\"3dc350c4\" data-element_type=\"widget\" data-e-type=\"widget\" data-widget_type=\"eael-info-box.default\">\n\t\t\t\t<div class=\"elementor-widget-container\">\n\t\t\t\t\t            <a href=\"https:\/\/www.cerege.fr\/formations\/licence-svt\/\">\n\t            <div class=\"eael-infobox icon-on-top\">\n\t            <div class=\"infobox-icon\">\n\n                            <img decoding=\"async\" src=\"https:\/\/www.cerege.fr\/wp-content\/uploads\/elementor\/thumbs\/CEREGE_formation_doctorale_Nucleides_cosmo35-scaled-pwqi2gkitidurbgtup6q89ij70wq8as3knont4tj7w.jpg\" alt=\"\">\n            \n            \n            \n        <\/div>\n            <div class=\"infobox-content\">\n                    <div class=\"infobox-title-section\">\n                <h3 class=\"title\">Licence SVT<\/h3>            <\/div>\n            <div><p>Parcours TERRE<\/p><\/div>        <\/div>\n            <\/div>\n\n\t\t            <\/a>\n\t\t\t\t\t\t<\/div>\n\t\t\t\t<\/div>\n\t\t\t\t<div class=\"elementor-element elementor-element-45ef0816 elementor-widget__width-initial science_image_box eael-infobox-shape-square eael-infobox-hover-img-shape-square elementor-widget elementor-widget-eael-info-box\" data-id=\"45ef0816\" data-element_type=\"widget\" data-e-type=\"widget\" data-widget_type=\"eael-info-box.default\">\n\t\t\t\t<div class=\"elementor-widget-container\">\n\t\t\t\t\t            <a href=\"https:\/\/www.cerege.fr\/formations\/masters\/\">\n\t            <div class=\"eael-infobox icon-on-top\">\n\t            <div class=\"infobox-icon\">\n\n                            <img decoding=\"async\" src=\"https:\/\/www.cerege.fr\/wp-content\/uploads\/elementor\/thumbs\/CEREGE_Master_STPE-pwqia7ql7b00ji7bkjuxat2fmgoqqekdn1fvcbblvw.jpg\" alt=\"\">\n            \n            \n            \n        <\/div>\n            <div class=\"infobox-content\">\n                    <div class=\"infobox-title-section\">\n                <h3 class=\"title\">Master STPE<\/h3>            <\/div>\n            <div><p>Parcours G\u00e9ologie des Ressources et des Territoires (GRT)<\/p><\/div>        <\/div>\n            <\/div>\n\n\t\t            <\/a>\n\t\t\t\t\t\t<\/div>\n\t\t\t\t<\/div>\n\t\t\t\t<div class=\"elementor-element elementor-element-70394fb elementor-widget__width-initial science_image_box eael-infobox-shape-square eael-infobox-hover-img-shape-square elementor-widget elementor-widget-eael-info-box\" data-id=\"70394fb\" data-element_type=\"widget\" data-e-type=\"widget\" data-widget_type=\"eael-info-box.default\">\n\t\t\t\t<div class=\"elementor-widget-container\">\n\t\t\t\t\t            <a href=\"https:\/\/www.cerege.fr\/formations\/masters\/\">\n\t            <div class=\"eael-infobox icon-on-top\">\n\t            <div class=\"infobox-icon\">\n\n                            <img decoding=\"async\" src=\"https:\/\/www.cerege.fr\/wp-content\/uploads\/elementor\/thumbs\/CEREGE_Master_STPE376-pxp3t3z4hu2g5h7ewwsisd9dh9h8iyvfeythfq8tqk.jpg\" alt=\"\">\n            \n            \n            \n        <\/div>\n            <div class=\"infobox-content\">\n                    <div class=\"infobox-title-section\">\n                <h3 class=\"title\">Master Science de l'Eau<\/h3>            <\/div>\n            <div><p>Parcours Hydrog\u00e9ologie et G\u00e9ochimie des Eaux (HyG&#8217;Eau)<\/p><\/div>        <\/div>\n            <\/div>\n\n\t\t            <\/a>\n\t\t\t\t\t\t<\/div>\n\t\t\t\t<\/div>\n\t\t\t\t<div class=\"elementor-element elementor-element-37ebe733 elementor-widget__width-initial science_image_box eael-infobox-shape-square eael-infobox-hover-img-shape-square elementor-widget elementor-widget-eael-info-box\" data-id=\"37ebe733\" data-element_type=\"widget\" data-e-type=\"widget\" data-widget_type=\"eael-info-box.default\">\n\t\t\t\t<div class=\"elementor-widget-container\">\n\t\t\t\t\t            <a href=\"https:\/\/www.cerege.fr\/formations\/cmi-geologie-des-ressources-et-du-developpement-durable\/\">\n\t            <div class=\"eael-infobox icon-on-top\">\n\t            <div class=\"infobox-icon\">\n\n                            <img decoding=\"async\" src=\"https:\/\/www.cerege.fr\/wp-content\/uploads\/elementor\/thumbs\/CEREGE_CMI_Geologie363-pxowpc44srxkxcqcgcn6awtyaq5lzzgux05095hevg.jpg\" alt=\"\">\n            \n            \n            \n        <\/div>\n            <div class=\"infobox-content\">\n                    <div class=\"infobox-title-section\">\n                <h3 class=\"title\">Master CMI <\/h3>            <\/div>\n            <div><p>G\u00e9ologie des ressources et du D\u00e9veloppement Durable<\/p><\/div>        <\/div>\n            <\/div>\n\n\t\t            <\/a>\n\t\t\t\t\t\t<\/div>\n\t\t\t\t<\/div>\n\t\t\t\t<div class=\"elementor-element elementor-element-fa98e8b elementor-widget elementor-widget-spacer\" data-id=\"fa98e8b\" data-element_type=\"widget\" data-e-type=\"widget\" data-widget_type=\"spacer.default\">\n\t\t\t\t<div class=\"elementor-widget-container\">\n\t\t\t\t\t\t\t<div class=\"elementor-spacer\">\n\t\t\t<div class=\"elementor-spacer-inner\"><\/div>\n\t\t<\/div>\n\t\t\t\t\t\t<\/div>\n\t\t\t\t<\/div>\n\t\t\t\t<div class=\"elementor-element elementor-element-35c6e36 elementor-widget elementor-widget-text-editor\" data-id=\"35c6e36\" data-element_type=\"widget\" data-e-type=\"widget\" data-widget_type=\"text-editor.default\">\n\t\t\t\t<div class=\"elementor-widget-container\">\n\t\t\t\t\t\t\t\t\t<p>L&#8217;\u00e9quipe Ressources R\u00e9servoirs et Hydrosyst\u00e8mes intervient aussi dans les fili\u00e8res suivantes :<\/p>\t\t\t\t\t\t\t\t<\/div>\n\t\t\t\t<\/div>\n\t\t\t\t<div class=\"elementor-element elementor-element-bbef646 elementor-widget__width-initial science_image_box eael-infobox-shape-square eael-infobox-hover-img-shape-square elementor-widget elementor-widget-eael-info-box\" data-id=\"bbef646\" data-element_type=\"widget\" data-e-type=\"widget\" data-widget_type=\"eael-info-box.default\">\n\t\t\t\t<div class=\"elementor-widget-container\">\n\t\t\t\t\t            <a href=\"http:\/\/\">\n\t            <div class=\"eael-infobox icon-on-top\">\n\t            <div class=\"infobox-icon\">\n\n                            <img decoding=\"async\" src=\"https:\/\/www.cerege.fr\/wp-content\/uploads\/elementor\/thumbs\/CEREGE_formation_doctorale_Nucleides_cosmo25-scaled-pwqi1wtwtzmtzi9i1ynk9whupxm0qnlqhxzgqbmsuk.jpg\" alt=\"\">\n            \n            \n            \n        <\/div>\n            <div class=\"infobox-content\">\n                    <div class=\"infobox-title-section\">\n                <h3 class=\"title\">Licence SVT<\/h3>            <\/div>\n            <div><p>Parcours <a href=\"https:\/\/sciences.univ-amu.fr\/fr\/formation\/licences\/licence-sciences-vie-terre\/parcours-environnement-pollutions-milieux\" target=\"_blank\" rel=\"noopener\">ENVIPOM<\/a><\/p><\/div>        <\/div>\n            <\/div>\n\n\t\t            <\/a>\n\t\t\t\t\t\t<\/div>\n\t\t\t\t<\/div>\n\t\t\t\t<div class=\"elementor-element elementor-element-16172052 elementor-widget__width-initial science_image_box eael-infobox-shape-square eael-infobox-hover-img-shape-square elementor-widget elementor-widget-eael-info-box\" data-id=\"16172052\" data-element_type=\"widget\" data-e-type=\"widget\" data-widget_type=\"eael-info-box.default\">\n\t\t\t\t<div class=\"elementor-widget-container\">\n\t\t\t\t\t            <a href=\"https:\/\/www.cerege.fr\/formations\/masters\/\">\n\t            <div class=\"eael-infobox icon-on-top\">\n\t            <div class=\"infobox-icon\">\n\n                            <img decoding=\"async\" src=\"https:\/\/www.cerege.fr\/wp-content\/uploads\/elementor\/thumbs\/IMG_7904-pwqi579kr44ymdhguduk02lxkhe9oinwy86n76r72k.jpg\" alt=\"\">\n            \n            \n            \n        <\/div>\n            <div class=\"infobox-content\">\n                    <div class=\"infobox-title-section\">\n                <h3 class=\"title\">Master Gestion de l\u2019environnement<\/h3>            <\/div>\n            <div><p>Gestion de l&#8217;Environnement et Climat (GEC)<\/p><\/div>        <\/div>\n            <\/div>\n\n\t\t            <\/a>\n\t\t\t\t\t\t<\/div>\n\t\t\t\t<\/div>\n\t\t\t\t\t<\/div>\n\t\t<\/div>\n\t\t\t\t\t<\/div>\n\t\t<\/section>\n\t\t\t\t\t<\/div>\n\t\t<\/div>\n\t\t\t\t\t<\/div>\n\t\t<\/section>\n\t\t\t\t<\/div>\n\t\t","protected":false},"excerpt":{"rendered":"<p>Avec une majorit\u00e9 d\u2019enseignants chercheurs, l\u2019\u00e9quipe RHYCA contribue fortement \u00e0 la dispense d&#8217;enseignements ainsi qu\u2019\u00e0 leur organisation tant au niveau licence que master. L\u2019ensemble des membres de l\u2019\u00e9quipe participent \u00e0 [&hellip;]<\/p>\n","protected":false},"author":1,"featured_media":6180,"parent":830,"menu_order":40,"comment_status":"closed","ping_status":"closed","template":"","meta":{"_acf_changed":false,"footnotes":""},"class_list":["post-855","page","type-page","status-publish","has-post-thumbnail","hentry"],"acf":[],"publishpress_future_action":{"enabled":false,"date":"2026-05-04 08:10:44","action":"change-status","newStatus":"draft","terms":[],"taxonomy":"","extraData":[]},"publishpress_future_workflow_manual_trigger":{"enabledWorkflows":[]},"_links":{"self":[{"href":"https:\/\/www.cerege.fr\/en\/wp-json\/wp\/v2\/pages\/855","targetHints":{"allow":["GET"]}}],"collection":[{"href":"https:\/\/www.cerege.fr\/en\/wp-json\/wp\/v2\/pages"}],"about":[{"href":"https:\/\/www.cerege.fr\/en\/wp-json\/wp\/v2\/types\/page"}],"author":[{"embeddable":true,"href":"https:\/\/www.cerege.fr\/en\/wp-json\/wp\/v2\/users\/1"}],"replies":[{"embeddable":true,"href":"https:\/\/www.cerege.fr\/en\/wp-json\/wp\/v2\/comments?post=855"}],"version-history":[{"count":5,"href":"https:\/\/www.cerege.fr\/en\/wp-json\/wp\/v2\/pages\/855\/revisions"}],"predecessor-version":[{"id":28265,"href":"https:\/\/www.cerege.fr\/en\/wp-json\/wp\/v2\/pages\/855\/revisions\/28265"}],"up":[{"embeddable":true,"href":"https:\/\/www.cerege.fr\/en\/wp-json\/wp\/v2\/pages\/830"}],"wp:featuredmedia":[{"embeddable":true,"href":"https:\/\/www.cerege.fr\/en\/wp-json\/wp\/v2\/media\/6180"}],"wp:attachment":[{"href":"https:\/\/www.cerege.fr\/en\/wp-json\/wp\/v2\/media?parent=855"}],"curies":[{"name":"wp","href":"https:\/\/api.w.org\/{rel}","templated":true}]}}