{"id":868,"date":"2022-06-21T17:02:47","date_gmt":"2022-06-21T15:02:47","guid":{"rendered":"https:\/\/www.cerege.fr\/equipements\/investissements-davenir\/imagine2-2021-2029\/"},"modified":"2024-06-20T14:26:57","modified_gmt":"2024-06-20T12:26:57","slug":"equipex-imagine2","status":"publish","type":"page","link":"https:\/\/www.cerege.fr\/en\/equipements\/investissements-davenir\/equipex-imagine2\/","title":{"rendered":"Equipex Imagine2"},"content":{"rendered":"\t\t<div data-elementor-type=\"wp-page\" data-elementor-id=\"868\" class=\"elementor elementor-868\" data-elementor-post-type=\"page\">\n\t\t\t\t\t\t<section class=\"elementor-section elementor-top-section elementor-element elementor-element-27fa9059 elementor-section-full_width elementor-section-height-min-height elementor-section-height-default elementor-section-items-middle\" data-id=\"27fa9059\" data-element_type=\"section\" data-e-type=\"section\" data-settings=\"{&quot;background_background&quot;:&quot;classic&quot;}\">\n\t\t\t\t\t\t<div class=\"elementor-container elementor-column-gap-default\">\n\t\t\t\t\t<div class=\"elementor-column elementor-col-100 elementor-top-column elementor-element elementor-element-d8ac08c\" data-id=\"d8ac08c\" data-element_type=\"column\" data-e-type=\"column\">\n\t\t\t<div class=\"elementor-widget-wrap\">\n\t\t\t\t\t\t\t<\/div>\n\t\t<\/div>\n\t\t\t\t\t<\/div>\n\t\t<\/section>\n\t\t\t\t<section class=\"elementor-section elementor-top-section elementor-element elementor-element-710a4a52 elementor-section-boxed elementor-section-height-default elementor-section-height-default\" data-id=\"710a4a52\" data-element_type=\"section\" data-e-type=\"section\">\n\t\t\t\t\t\t<div class=\"elementor-container elementor-column-gap-default\">\n\t\t\t\t\t<div class=\"elementor-column elementor-col-100 elementor-top-column elementor-element elementor-element-2734cc\" data-id=\"2734cc\" data-element_type=\"column\" data-e-type=\"column\">\n\t\t\t<div class=\"elementor-widget-wrap elementor-element-populated\">\n\t\t\t\t\t\t<div class=\"elementor-element elementor-element-c55d7ee elementor-widget elementor-widget-shortcode\" data-id=\"c55d7ee\" data-element_type=\"widget\" data-e-type=\"widget\" data-widget_type=\"shortcode.default\">\n\t\t\t\t<div class=\"elementor-widget-container\">\n\t\t\t\t\t\t\t<div class=\"elementor-shortcode\"><nav aria-label=\"breadcrumbs\">\n            <div class=\"breadcrumb-container theme1\">\n                <ol>\n                                    <\/ol>\n            <\/div>\n        <\/nav>    <script type=\"application\/ld+json\">\n        {\n            \"@context\": \"http:\/\/schema.org\",\n            \"@type\": \"BreadcrumbList\",\n            \"itemListElement\": [\n                            ]\n        }\n    <\/script>\n   \n    <script>\n            <\/script>\n<\/div>\n\t\t\t\t\t\t<\/div>\n\t\t\t\t<\/div>\n\t\t\t\t<section class=\"elementor-section elementor-inner-section elementor-element elementor-element-496e3160 elementor-section-boxed elementor-section-height-default elementor-section-height-default\" data-id=\"496e3160\" data-element_type=\"section\" data-e-type=\"section\">\n\t\t\t\t\t\t<div class=\"elementor-container elementor-column-gap-default\">\n\t\t\t\t\t<div class=\"elementor-column elementor-col-33 elementor-inner-column elementor-element elementor-element-5f78bf81\" data-id=\"5f78bf81\" data-element_type=\"column\" data-e-type=\"column\">\n\t\t\t<div class=\"elementor-widget-wrap elementor-element-populated\">\n\t\t\t\t\t\t<div class=\"elementor-element elementor-element-8656968 elementor-widget elementor-widget-image\" data-id=\"8656968\" data-element_type=\"widget\" data-e-type=\"widget\" data-widget_type=\"image.default\">\n\t\t\t\t<div class=\"elementor-widget-container\">\n\t\t\t\t\t\t\t\t\t\t\t\t\t\t\t<img fetchpriority=\"high\" decoding=\"async\" width=\"480\" height=\"480\" src=\"https:\/\/www.cerege.fr\/wp-content\/uploads\/2022\/12\/PIA_LOGO.png\" class=\"attachment-large size-large wp-image-9877\" alt=\"\" srcset=\"https:\/\/www.cerege.fr\/wp-content\/uploads\/2022\/12\/PIA_LOGO.png 480w, https:\/\/www.cerege.fr\/wp-content\/uploads\/2022\/12\/PIA_LOGO-300x300.png 300w, https:\/\/www.cerege.fr\/wp-content\/uploads\/2022\/12\/PIA_LOGO-150x150.png 150w, https:\/\/www.cerege.fr\/wp-content\/uploads\/2022\/12\/PIA_LOGO-12x12.png 12w\" sizes=\"(max-width: 480px) 100vw, 480px\" \/>\t\t\t\t\t\t\t\t\t\t\t\t\t\t\t<\/div>\n\t\t\t\t<\/div>\n\t\t\t\t\t<\/div>\n\t\t<\/div>\n\t\t\t\t<div class=\"elementor-column elementor-col-33 elementor-inner-column elementor-element elementor-element-4975702b\" data-id=\"4975702b\" data-element_type=\"column\" data-e-type=\"column\">\n\t\t\t<div class=\"elementor-widget-wrap elementor-element-populated\">\n\t\t\t\t\t\t<div class=\"elementor-element elementor-element-2e701b47 elementor-widget elementor-widget-image\" data-id=\"2e701b47\" data-element_type=\"widget\" data-e-type=\"widget\" data-widget_type=\"image.default\">\n\t\t\t\t<div class=\"elementor-widget-container\">\n\t\t\t\t\t\t\t\t\t\t\t\t\t\t\t<img decoding=\"async\" width=\"271\" height=\"265\" src=\"https:\/\/www.cerege.fr\/wp-content\/uploads\/2022\/12\/equipexFrance2030.jpg\" class=\"attachment-large size-large wp-image-12227\" alt=\"\" srcset=\"https:\/\/www.cerege.fr\/wp-content\/uploads\/2022\/12\/equipexFrance2030.jpg 271w, https:\/\/www.cerege.fr\/wp-content\/uploads\/2022\/12\/equipexFrance2030-12x12.jpg 12w\" sizes=\"(max-width: 271px) 100vw, 271px\" \/>\t\t\t\t\t\t\t\t\t\t\t\t\t\t\t<\/div>\n\t\t\t\t<\/div>\n\t\t\t\t\t<\/div>\n\t\t<\/div>\n\t\t\t\t<div class=\"elementor-column elementor-col-33 elementor-inner-column elementor-element elementor-element-499c9852\" data-id=\"499c9852\" data-element_type=\"column\" data-e-type=\"column\">\n\t\t\t<div class=\"elementor-widget-wrap elementor-element-populated\">\n\t\t\t\t\t\t\t<\/div>\n\t\t<\/div>\n\t\t\t\t\t<\/div>\n\t\t<\/section>\n\t\t\t\t<section class=\"elementor-section elementor-inner-section elementor-element elementor-element-2d732b6 elementor-section-boxed elementor-section-height-default elementor-section-height-default\" data-id=\"2d732b6\" data-element_type=\"section\" data-e-type=\"section\">\n\t\t\t\t\t\t<div class=\"elementor-container elementor-column-gap-default\">\n\t\t\t\t\t<div class=\"elementor-column elementor-col-33 elementor-inner-column elementor-element elementor-element-5207fb54\" data-id=\"5207fb54\" data-element_type=\"column\" data-e-type=\"column\">\n\t\t\t<div class=\"elementor-widget-wrap elementor-element-populated\">\n\t\t\t\t\t\t<div class=\"elementor-element elementor-element-b07fac8 elementor-widget elementor-widget-image\" data-id=\"b07fac8\" data-element_type=\"widget\" data-e-type=\"widget\" data-widget_type=\"image.default\">\n\t\t\t\t<div class=\"elementor-widget-container\">\n\t\t\t\t\t\t\t\t\t\t\t\t\t\t\t<img decoding=\"async\" width=\"335\" height=\"132\" src=\"https:\/\/www.cerege.fr\/wp-content\/uploads\/2022\/12\/ANR-3-logos-bandeau.png\" class=\"attachment-large size-large wp-image-12280\" alt=\"\" srcset=\"https:\/\/www.cerege.fr\/wp-content\/uploads\/2022\/12\/ANR-3-logos-bandeau.png 335w, https:\/\/www.cerege.fr\/wp-content\/uploads\/2022\/12\/ANR-3-logos-bandeau-300x118.png 300w, https:\/\/www.cerege.fr\/wp-content\/uploads\/2022\/12\/ANR-3-logos-bandeau-18x7.png 18w\" sizes=\"(max-width: 335px) 100vw, 335px\" \/>\t\t\t\t\t\t\t\t\t\t\t\t\t\t\t<\/div>\n\t\t\t\t<\/div>\n\t\t\t\t<div class=\"elementor-element elementor-element-5ffd2bae elementor-widget-divider--view-line elementor-widget elementor-widget-divider\" data-id=\"5ffd2bae\" data-element_type=\"widget\" data-e-type=\"widget\" data-widget_type=\"divider.default\">\n\t\t\t\t<div class=\"elementor-widget-container\">\n\t\t\t\t\t\t\t<div class=\"elementor-divider\">\n\t\t\t<span class=\"elementor-divider-separator\">\n\t\t\t\t\t\t<\/span>\n\t\t<\/div>\n\t\t\t\t\t\t<\/div>\n\t\t\t\t<\/div>\n\t\t\t\t<div class=\"elementor-element elementor-element-3297299 elementor-widget elementor-widget-image\" data-id=\"3297299\" data-element_type=\"widget\" data-e-type=\"widget\" data-widget_type=\"image.default\">\n\t\t\t\t<div class=\"elementor-widget-container\">\n\t\t\t\t\t\t\t\t\t\t\t\t\t\t\t<img loading=\"lazy\" decoding=\"async\" width=\"334\" height=\"209\" src=\"https:\/\/www.cerege.fr\/wp-content\/uploads\/2022\/12\/Logo-Imagine2-e1672768103387.png\" class=\"attachment-large size-large wp-image-12207\" alt=\"\" srcset=\"https:\/\/www.cerege.fr\/wp-content\/uploads\/2022\/12\/Logo-Imagine2-e1672768103387.png 334w, https:\/\/www.cerege.fr\/wp-content\/uploads\/2022\/12\/Logo-Imagine2-e1672768103387-300x188.png 300w, https:\/\/www.cerege.fr\/wp-content\/uploads\/2022\/12\/Logo-Imagine2-e1672768103387-18x12.png 18w\" sizes=\"(max-width: 334px) 100vw, 334px\" \/>\t\t\t\t\t\t\t\t\t\t\t\t\t\t\t<\/div>\n\t\t\t\t<\/div>\n\t\t\t\t<div class=\"elementor-element elementor-element-6ae2996d elementor-widget elementor-widget-text-editor\" data-id=\"6ae2996d\" data-element_type=\"widget\" data-e-type=\"widget\" data-widget_type=\"text-editor.default\">\n\t\t\t\t<div class=\"elementor-widget-container\">\n\t\t\t\t\t\t\t\t\t<p><strong>Oct. 2021 &#8211; Juin 2029<\/strong><\/p><p><span style=\"font-weight: normal;\"><span style=\"color: #0f72bb;\"><strong>Coordinateur du projet<\/strong><br \/><\/span><\/span>CEREGE (<a href=\"https:\/\/www.cerege.fr\/fr\/author\/jerome-rose\/\" target=\"_blank\" rel=\"noopener\">J\u00e9r\u00f4me Rose)<\/a><\/p><p><span style=\"font-weight: normal;\"><span style=\"color: #0f72bb;\"><strong>Responsable scientifique CEREGE<\/strong><br \/><\/span><\/span><a href=\"https:\/\/www.cerege.fr\/fr\/author\/jerome-rose\/\" target=\"_blank\" rel=\"noopener\">J\u00e9r\u00f4me Rose<\/a><\/p><p><strong>Consortium: <\/strong>un ensemble coh\u00e9rent de\u00a014 partenaires<\/p><p>BRGM (Orl\u00e9ans),\u00a0CEA-LITEN (Grenoble), CEMHTI (Orl\u00e9ans),\u00a0CEREGE (Aix-en-Provence), CSTB (Grenoble), EDyTEM (Le Bourget du Lac), GEORESSOURCES (Nancy), GREMI (Orl\u00e9ans), ICMN (Orl\u00e9ans), IPRA (Pau), ITES (Strasbourg), ISTO (Orl\u00e9ans), LCE (Marseille), LSCE (Orme les Merisiers)<\/p>\t\t\t\t\t\t\t\t<\/div>\n\t\t\t\t<\/div>\n\t\t\t\t<div class=\"elementor-element elementor-element-77d77c2 elementor-widget elementor-widget-image\" data-id=\"77d77c2\" data-element_type=\"widget\" data-e-type=\"widget\" data-widget_type=\"image.default\">\n\t\t\t\t<div class=\"elementor-widget-container\">\n\t\t\t\t\t\t\t\t\t\t\t\t\t\t\t<img loading=\"lazy\" decoding=\"async\" width=\"364\" height=\"280\" src=\"https:\/\/www.cerege.fr\/wp-content\/uploads\/2022\/12\/consortium-Imagine2-b.png\" class=\"attachment-large size-large wp-image-12212\" alt=\"\" srcset=\"https:\/\/www.cerege.fr\/wp-content\/uploads\/2022\/12\/consortium-Imagine2-b.png 364w, https:\/\/www.cerege.fr\/wp-content\/uploads\/2022\/12\/consortium-Imagine2-b-300x231.png 300w, https:\/\/www.cerege.fr\/wp-content\/uploads\/2022\/12\/consortium-Imagine2-b-16x12.png 16w\" sizes=\"(max-width: 364px) 100vw, 364px\" \/>\t\t\t\t\t\t\t\t\t\t\t\t\t\t\t<\/div>\n\t\t\t\t<\/div>\n\t\t\t\t<div class=\"elementor-element elementor-element-29ce80e6 elementor-widget-divider--view-line elementor-widget elementor-widget-divider\" data-id=\"29ce80e6\" data-element_type=\"widget\" data-e-type=\"widget\" data-widget_type=\"divider.default\">\n\t\t\t\t<div class=\"elementor-widget-container\">\n\t\t\t\t\t\t\t<div class=\"elementor-divider\">\n\t\t\t<span class=\"elementor-divider-separator\">\n\t\t\t\t\t\t<\/span>\n\t\t<\/div>\n\t\t\t\t\t\t<\/div>\n\t\t\t\t<\/div>\n\t\t\t\t\t<\/div>\n\t\t<\/div>\n\t\t\t\t<div class=\"elementor-column elementor-col-33 elementor-inner-column elementor-element elementor-element-4b152352\" data-id=\"4b152352\" data-element_type=\"column\" data-e-type=\"column\">\n\t\t\t<div class=\"elementor-widget-wrap elementor-element-populated\">\n\t\t\t\t\t\t<div class=\"elementor-element elementor-element-6d137fe3 elementor-widget__width-initial elementor-widget elementor-widget-text-editor\" data-id=\"6d137fe3\" data-element_type=\"widget\" data-e-type=\"widget\" data-widget_type=\"text-editor.default\">\n\t\t\t\t<div class=\"elementor-widget-container\">\n\t\t\t\t\t\t\t\t\t<h5 class=\"rtecenter\">Equipements Structurants pour la Recherche (ESR \/ EquipEx+)<\/h5><p><em>Un projet de 7 M\u20ac pour cr\u00e9er une plateforme technologique ouverte<\/em><\/p><p><strong>Plateforme nationale d&#8217;IMagerie et d&#8217;Analyse pour Guider l&#8217;INnovation\u00a0face \u00e0 la transition Environnementale et \u00c9nerg\u00e9tique:\u00a0<span style=\"color: var( --e-global-color-text ); font-family: var( --e-global-typography-text-font-family ), Sans-serif; font-size: 1rem;\">IMAGINE<sup>2\u00a0<\/sup><\/span><\/strong><\/p><p>Comprendre les changements globaux et leurs impacts pour r\u00e9pondre \u00e9quitablement aux besoins humains tout en limitant les dommages caus\u00e9s \u00e0 la plan\u00e8te, tel est le principal d\u00e9fi du 21e si\u00e8cle. La plateforme nationale IMAGINE<sup>2<\/sup>\u00a0et ses partenaires concentrent leurs efforts sur les transitions environnementales et \u00e9nerg\u00e9tiques. Leurs objectifs sont de g\u00e9n\u00e9rer des donn\u00e9es quantitatives pour construire des outils d&#8217;aide \u00e0 la d\u00e9cision.\u00a0<\/p><p>L&#8217;objectif d&#8217;IMAGINE<sup>2<\/sup>\u00a0est de cr\u00e9er une <strong>plateforme technologique ouverte<\/strong>, r\u00e9partie sur le territoire, pour caract\u00e9riser une large gamme de mat\u00e9riaux et d&#8217;\u00e9chantillons complexes, h\u00e9t\u00e9rog\u00e8nes, g\u00e9n\u00e9ralement fragiles, en liens avec la transition environnementale et \u00e9nerg\u00e9tique. La plateforme vise \u00e0 renforcer nos capacit\u00e9s, tout en optimisant les co\u00fbts d&#8217;investissement et de fonctionnement. La force de cette plateforme sera d&#8217;effectuer des analyses \u00e0 plusieurs \u00e9chelles spatiales et temporelles dans des conditions statiques et dynamiques sous des contraintes chimiques, physiques, biologiques et m\u00e9caniques.<\/p><p>En d\u00e9veloppant l&#8217;<strong>imagerie corr\u00e9lative et l&#8217;analyse multimodale<\/strong>, IMAGINE<sup>2<\/sup>\u00a0r\u00e9unira des \u00e9quipements d&#8217;imagerie par rayons X, \u00e9lectronique et spectroscopique 2D-3D pour d\u00e9crypter les relations entre les propri\u00e9t\u00e9s texturales, structurelles et chimiques des mat\u00e9riaux et leurs fonctions, effets ou performances.\u00a0<\/p><div class=\"heading-block\">Les activit\u00e9s seront organis\u00e9es en six workpackages (WP).<\/div><div>\u00a0<\/div><div><p class=\"rtejustify\">Le WP0 &#8220;Management&#8221;, assurera la progression en conformit\u00e9 avec le plan de travail et avec les r\u00e8gles et proc\u00e9dures de l&#8217;ANR.<\/p><p class=\"rtejustify\">Le WP1 &#8220;D\u00e9finition des besoins et installation&#8221;, d\u00e9finira les sp\u00e9cifications des \u00e9quipements en fonction des besoins des domaines de recherche concern\u00e9s.\u00a0<\/p><p class=\"rtejustify\">Le WP2 &#8220;R\u00e9seau des meilleures pratiques, harmonisation et formation&#8221;, d\u00e9veloppera des directives et des meilleures pratiques inter-instruments. Il entreprendra une s\u00e9rie d&#8217;activit\u00e9s con\u00e7ues pour assurer l&#8217;int\u00e9gration et l&#8217;implication compl\u00e8tes de tous les partenaires.<\/p><p class=\"rtejustify\">Le WP3 &#8220;Innovation technique&#8221;, b\u00e9n\u00e9ficiera de l&#8217;expertise des partenaires d&#8217;IMAGINE<sup>2<\/sup>\u00a0en mati\u00e8re de d\u00e9veloppement instrumental pour construire des dispositifs uniques pour le tri\/criblage d&#8217;\u00e9chantillons sur site et en laboratoire. La mise en \u0153uvre de l&#8217;imagerie corr\u00e9lative sera bas\u00e9e sur des solutions logicielles et sur le d\u00e9veloppement de porte-\u00e9chantillons communs de g\u00e9olocalisation.\u00a0<\/p><p class=\"rtejustify\">Le WP4 &#8220;Data for Science&#8221;,\u00a0soutiendra l&#8217;int\u00e9gration des connaissances du point de vue exp\u00e9rimental, en examinant les aspects qualitatifs de l&#8217;int\u00e9gration des flux de donn\u00e9es dans la plateforme IMAGINE2.\u00a0<\/p><p class=\"rtejustify\">Le WP5 &#8220;Acc\u00e8s \u00e0 IMAGINE<sup>2<\/sup>&#8220;, vise \u00e0 fournir un acc\u00e8s facile et flexible aux chercheurs du monde universitaire et de l&#8217;industrie. Le WP5 assurera la promotion de la plate-forme dans les secteurs universitaire et priv\u00e9, par le biais de la mise en r\u00e9seau et d&#8217;un environnement virtuel pr\u00e9sentant l&#8217;ensemble des services et des capacit\u00e9s fournis par la plate-forme.\u00a0<\/p><p class=\"rtejustify\">Le WP6 &#8220;Gestion des connaissances&#8221;, diffusion, consiste \u00e0 cr\u00e9er un ensemble de liens entre notre consortium et le monde ext\u00e9rieur. Des efforts continus seront faits en utilisant une large gamme d&#8217;outils informatiques pour cibler les utilisateurs potentiels et les parties prenantes.\u00a0<\/p><\/div>\t\t\t\t\t\t\t\t<\/div>\n\t\t\t\t<\/div>\n\t\t\t\t\t<\/div>\n\t\t<\/div>\n\t\t\t\t<div class=\"elementor-column elementor-col-33 elementor-inner-column elementor-element elementor-element-3378c7cd\" data-id=\"3378c7cd\" data-element_type=\"column\" data-e-type=\"column\">\n\t\t\t<div class=\"elementor-widget-wrap elementor-element-populated\">\n\t\t\t\t\t\t<div class=\"elementor-element elementor-element-69f3446b elementor-widget elementor-widget-gallery\" data-id=\"69f3446b\" data-element_type=\"widget\" data-e-type=\"widget\" data-settings=\"{&quot;columns&quot;:1,&quot;lazyload&quot;:&quot;yes&quot;,&quot;gallery_layout&quot;:&quot;grid&quot;,&quot;columns_tablet&quot;:2,&quot;columns_mobile&quot;:1,&quot;gap&quot;:{&quot;unit&quot;:&quot;px&quot;,&quot;size&quot;:10,&quot;sizes&quot;:[]},&quot;gap_tablet&quot;:{&quot;unit&quot;:&quot;px&quot;,&quot;size&quot;:10,&quot;sizes&quot;:[]},&quot;gap_mobile&quot;:{&quot;unit&quot;:&quot;px&quot;,&quot;size&quot;:10,&quot;sizes&quot;:[]},&quot;link_to&quot;:&quot;file&quot;,&quot;aspect_ratio&quot;:&quot;3:2&quot;,&quot;overlay_background&quot;:&quot;yes&quot;,&quot;content_hover_animation&quot;:&quot;fade-in&quot;}\" data-widget_type=\"gallery.default\">\n\t\t\t\t<div class=\"elementor-widget-container\">\n\t\t\t\t\t\t\t<div class=\"elementor-gallery__container\">\n\t\t\t\t\t\t\t<a class=\"e-gallery-item elementor-gallery-item elementor-animated-content\" href=\"https:\/\/www.cerege.fr\/wp-content\/uploads\/2022\/12\/equipements_partenaires_Imagine2.png\" data-elementor-open-lightbox=\"yes\" data-elementor-lightbox-slideshow=\"69f3446b\" data-elementor-lightbox-title=\"equipements_partenaires_Imagine2\" data-e-action-hash=\"#elementor-action%3Aaction%3Dlightbox%26settings%3DeyJpZCI6MTIyOTksInVybCI6Imh0dHBzOlwvXC93d3cuY2VyZWdlLmZyXC93cC1jb250ZW50XC91cGxvYWRzXC8yMDIyXC8xMlwvZXF1aXBlbWVudHNfcGFydGVuYWlyZXNfSW1hZ2luZTIucG5nIiwic2xpZGVzaG93IjoiNjlmMzQ0NmIifQ%3D%3D\">\n\t\t\t\t\t<div class=\"e-gallery-image elementor-gallery-item__image\" data-thumbnail=\"https:\/\/www.cerege.fr\/wp-content\/uploads\/2022\/12\/equipements_partenaires_Imagine2-768x465.png\" data-width=\"768\" data-height=\"465\" aria-label=\"\" role=\"img\" ><\/div>\n\t\t\t\t\t\t\t\t\t\t\t<div class=\"elementor-gallery-item__overlay\"><\/div>\n\t\t\t\t\t\t\t\t\t\t\t\t\t\t<\/a>\n\t\t\t\t\t<\/div>\n\t\t\t\t\t<\/div>\n\t\t\t\t<\/div>\n\t\t\t\t<div class=\"elementor-element elementor-element-1cae8872 elementor-widget elementor-widget-text-editor\" data-id=\"1cae8872\" data-element_type=\"widget\" data-e-type=\"widget\" data-widget_type=\"text-editor.default\">\n\t\t\t\t<div class=\"elementor-widget-container\">\n\t\t\t\t\t\t\t\t\t<hr \/><p><strong>Equipements d&#8217;imagerie<\/strong><\/p><ol><li><span style=\"font-weight: normal;\"><span style=\"color: #0f72bb;\">Plateforme mobile (Core scanner, XRD, Raman, UV-vis)<\/span><\/span><\/li><li><span style=\"font-weight: normal;\"><span style=\"color: #0f72bb;\">Automate de tri (image optique, XRF)<\/span><\/span><\/li><li><span style=\"font-weight: normal;\"><span style=\"color: #0f72bb;\">AXIO Scan et Micro-XRF AttoMap<\/span><\/span><\/li><li><span style=\"font-weight: normal;\"><span style=\"color: #0f72bb;\">Micro-CT 4D DynaTOM <\/span><\/span><\/li><li><span style=\"font-weight: normal;\"><span style=\"color: #0f72bb;\">et module CT-line<\/span><\/span><\/li><li><span style=\"font-weight: normal;\"><span style=\"color: #0f72bb;\">SAXS dual beam<\/span><\/span><\/li><li><span style=\"font-weight: normal;\"><span style=\"color: #0f72bb;\">Orbitrap Tribid MS<\/span><\/span><\/li><li><span style=\"font-weight: normal;\"><span style=\"color: #0f72bb;\">EC-MS\/MS<\/span><\/span><\/li><li><span style=\"font-weight: normal;\"><span style=\"color: #0f72bb;\">Nano-CT<\/span><\/span><\/li><li><span style=\"font-weight: normal;\"><span style=\"color: #0f72bb;\">Laser FIB-SEM-EDX<\/span><\/span><\/li><li><span style=\"font-weight: normal;\"><span style=\"color: #0f72bb;\">FIB-SEM EDX<\/span><\/span><\/li><li><span style=\"font-weight: normal;\"><span style=\"color: #0f72bb;\">Ultramicrotome<\/span><\/span><\/li><\/ol>\t\t\t\t\t\t\t\t<\/div>\n\t\t\t\t<\/div>\n\t\t\t\t<div class=\"elementor-element elementor-element-c3f7c80 elementor-widget-divider--view-line elementor-widget elementor-widget-divider\" data-id=\"c3f7c80\" data-element_type=\"widget\" data-e-type=\"widget\" data-widget_type=\"divider.default\">\n\t\t\t\t<div class=\"elementor-widget-container\">\n\t\t\t\t\t\t\t<div class=\"elementor-divider\">\n\t\t\t<span class=\"elementor-divider-separator\">\n\t\t\t\t\t\t<\/span>\n\t\t<\/div>\n\t\t\t\t\t\t<\/div>\n\t\t\t\t<\/div>\n\t\t\t\t<div class=\"elementor-element elementor-element-127b1bd elementor-widget elementor-widget-image\" data-id=\"127b1bd\" data-element_type=\"widget\" data-e-type=\"widget\" data-widget_type=\"image.default\">\n\t\t\t\t<div class=\"elementor-widget-container\">\n\t\t\t\t\t\t\t\t\t\t\t\t<figure class=\"wp-caption\">\n\t\t\t\t\t\t\t\t\t\t\t<a href=\"https:\/\/www.cerege.fr\/fr\/equipements\/poles-techniques\/imagerie-2d-et-3d-par-rayons-x-matrix\/outils-matrix\/\" target=\"_blank\">\n\t\t\t\t\t\t\t<img loading=\"lazy\" decoding=\"async\" width=\"800\" height=\"451\" src=\"https:\/\/www.cerege.fr\/wp-content\/uploads\/2024\/04\/ATTOMAP-310_Imagine295-1024x577.jpg\" class=\"attachment-large size-large wp-image-23162\" alt=\"\" srcset=\"https:\/\/www.cerege.fr\/wp-content\/uploads\/2024\/04\/ATTOMAP-310_Imagine295-1024x577.jpg 1024w, https:\/\/www.cerege.fr\/wp-content\/uploads\/2024\/04\/ATTOMAP-310_Imagine295-300x169.jpg 300w, https:\/\/www.cerege.fr\/wp-content\/uploads\/2024\/04\/ATTOMAP-310_Imagine295-768x432.jpg 768w, https:\/\/www.cerege.fr\/wp-content\/uploads\/2024\/04\/ATTOMAP-310_Imagine295-1536x865.jpg 1536w, https:\/\/www.cerege.fr\/wp-content\/uploads\/2024\/04\/ATTOMAP-310_Imagine295-scaled.jpg 2048w, https:\/\/www.cerege.fr\/wp-content\/uploads\/2024\/04\/ATTOMAP-310_Imagine295-18x10.jpg 18w, https:\/\/www.cerege.fr\/wp-content\/uploads\/2024\/04\/ATTOMAP-310_Imagine295-1320x743.jpg 1320w\" sizes=\"(max-width: 800px) 100vw, 800px\" \/>\t\t\t\t\t\t\t\t<\/a>\n\t\t\t\t\t\t\t\t\t\t\t<figcaption class=\"widget-image-caption wp-caption-text\">Avril 2024:  Installation au Cerege de l'AttoMap-310, un microscope XRF nouvelle g\u00e9n\u00e9ration <\/figcaption>\n\t\t\t\t\t\t\t\t\t\t<\/figure>\n\t\t\t\t\t\t\t\t\t<\/div>\n\t\t\t\t<\/div>\n\t\t\t\t<div class=\"elementor-element elementor-element-d53142b elementor-widget elementor-widget-text-editor\" data-id=\"d53142b\" data-element_type=\"widget\" data-e-type=\"widget\" data-widget_type=\"text-editor.default\">\n\t\t\t\t<div class=\"elementor-widget-container\">\n\t\t\t\t\t\t\t\t\t<p>L&#8217;<a href=\"https:\/\/www.sigray.com\/attomap-310\/\" target=\"_blank\" rel=\"noopener\"><strong>AttoMap-310, Sigray<\/strong><\/a>\u00a0est un microscope analytique aux RX combinant plusieurs innovations pour offrir les plus haute r\u00e9solutions spatiales (de 7 \u00e0 45 \u00b5m) et sensibilit\u00e9s (jusqu&#8217;au ppm) disponibles en laboratoire.\u00a0<br \/>Ce spectrom\u00e8tre permet une cartographie chimique rapide de la distribution d&#8217;\u00e9l\u00e9ments \u00e0 l&#8217;\u00e9tat de traces. Et, gr\u00e2ce \u00e0 un d\u00e9tecteur basse \u00e9nergie, une enceinte sous vide et une cible adapt\u00e9e, il est capable d&#8217;imager et quantifier (&lt;1%) les \u00e9l\u00e9ments l\u00e9gers jusqu&#8217;au carbone.<br \/>Cet appareil, unique en Europe, enrichit l&#8217;offre analytique du CEREGE au service de la communaut\u00e9 scientifique \u00e0 l&#8217;\u00e9chelle nationale.<\/p>\t\t\t\t\t\t\t\t<\/div>\n\t\t\t\t<\/div>\n\t\t\t\t\t<\/div>\n\t\t<\/div>\n\t\t\t\t\t<\/div>\n\t\t<\/section>\n\t\t\t\t<section class=\"elementor-section elementor-inner-section elementor-element elementor-element-fcfdc1b elementor-reverse-mobile elementor-section-boxed elementor-section-height-default elementor-section-height-default\" data-id=\"fcfdc1b\" data-element_type=\"section\" data-e-type=\"section\">\n\t\t\t\t\t\t<div class=\"elementor-container elementor-column-gap-default\">\n\t\t\t\t\t<div class=\"elementor-column elementor-col-100 elementor-inner-column elementor-element elementor-element-ac37e8c\" data-id=\"ac37e8c\" data-element_type=\"column\" data-e-type=\"column\">\n\t\t\t<div class=\"elementor-widget-wrap\">\n\t\t\t\t\t\t\t<\/div>\n\t\t<\/div>\n\t\t\t\t\t<\/div>\n\t\t<\/section>\n\t\t\t\t\t<\/div>\n\t\t<\/div>\n\t\t\t\t\t<\/div>\n\t\t<\/section>\n\t\t\t\t<\/div>\n\t\t","protected":false},"excerpt":{"rendered":"<p>Oct. 2021 &#8211; Juin 2029 Coordinateur du projetCEREGE (J\u00e9r\u00f4me Rose) Responsable scientifique CEREGEJ\u00e9r\u00f4me Rose Consortium: un ensemble coh\u00e9rent de\u00a014 partenaires BRGM (Orl\u00e9ans),\u00a0CEA-LITEN (Grenoble), CEMHTI (Orl\u00e9ans),\u00a0CEREGE (Aix-en-Provence), CSTB (Grenoble), EDyTEM (Le [&hellip;]<\/p>\n","protected":false},"author":1,"featured_media":24462,"parent":858,"menu_order":53,"comment_status":"closed","ping_status":"closed","template":"","meta":{"_acf_changed":false,"footnotes":""},"class_list":["post-868","page","type-page","status-publish","has-post-thumbnail","hentry"],"acf":[],"publishpress_future_action":{"enabled":false,"date":"2026-05-19 22:58:10","action":"change-status","newStatus":"draft","terms":[],"taxonomy":"","extraData":[]},"publishpress_future_workflow_manual_trigger":{"enabledWorkflows":[]},"_links":{"self":[{"href":"https:\/\/www.cerege.fr\/en\/wp-json\/wp\/v2\/pages\/868","targetHints":{"allow":["GET"]}}],"collection":[{"href":"https:\/\/www.cerege.fr\/en\/wp-json\/wp\/v2\/pages"}],"about":[{"href":"https:\/\/www.cerege.fr\/en\/wp-json\/wp\/v2\/types\/page"}],"author":[{"embeddable":true,"href":"https:\/\/www.cerege.fr\/en\/wp-json\/wp\/v2\/users\/1"}],"replies":[{"embeddable":true,"href":"https:\/\/www.cerege.fr\/en\/wp-json\/wp\/v2\/comments?post=868"}],"version-history":[{"count":5,"href":"https:\/\/www.cerege.fr\/en\/wp-json\/wp\/v2\/pages\/868\/revisions"}],"predecessor-version":[{"id":24504,"href":"https:\/\/www.cerege.fr\/en\/wp-json\/wp\/v2\/pages\/868\/revisions\/24504"}],"up":[{"embeddable":true,"href":"https:\/\/www.cerege.fr\/en\/wp-json\/wp\/v2\/pages\/858"}],"wp:featuredmedia":[{"embeddable":true,"href":"https:\/\/www.cerege.fr\/en\/wp-json\/wp\/v2\/media\/24462"}],"wp:attachment":[{"href":"https:\/\/www.cerege.fr\/en\/wp-json\/wp\/v2\/media?parent=868"}],"curies":[{"name":"wp","href":"https:\/\/api.w.org\/{rel}","templated":true}]}}