{"id":880,"date":"2022-06-21T17:09:16","date_gmt":"2022-06-21T15:09:16","guid":{"rendered":"https:\/\/www.cerege.fr\/formation\/cmi-geologie-des-ressources-et-du-developpement-durable\/"},"modified":"2023-03-15T18:06:16","modified_gmt":"2023-03-15T17:06:16","slug":"cmi-geology-of-resources-and-sustainable-development","status":"publish","type":"page","link":"https:\/\/www.cerege.fr\/en\/formations\/cmi-geologie-des-ressources-et-du-developpement-durable\/","title":{"rendered":"CMI Geology of resources and sustainable development"},"content":{"rendered":"\t\t<div data-elementor-type=\"wp-page\" data-elementor-id=\"880\" class=\"elementor elementor-880\" data-elementor-post-type=\"page\">\n\t\t\t\t\t\t<section class=\"elementor-section elementor-top-section elementor-element elementor-element-5d73862a elementor-section-full_width elementor-section-height-min-height elementor-section-height-default elementor-section-items-middle\" data-id=\"5d73862a\" data-element_type=\"section\" data-e-type=\"section\" data-settings=\"{&quot;background_background&quot;:&quot;classic&quot;}\">\n\t\t\t\t\t\t<div class=\"elementor-container elementor-column-gap-default\">\n\t\t\t\t\t<div class=\"elementor-column elementor-col-100 elementor-top-column elementor-element elementor-element-56f3b9bc\" data-id=\"56f3b9bc\" data-element_type=\"column\" data-e-type=\"column\">\n\t\t\t<div class=\"elementor-widget-wrap\">\n\t\t\t\t\t\t\t<\/div>\n\t\t<\/div>\n\t\t\t\t\t<\/div>\n\t\t<\/section>\n\t\t\t\t<section class=\"elementor-section elementor-top-section elementor-element elementor-element-5d57e65f elementor-section-boxed elementor-section-height-default elementor-section-height-default\" data-id=\"5d57e65f\" data-element_type=\"section\" data-e-type=\"section\">\n\t\t\t\t\t\t<div class=\"elementor-container elementor-column-gap-default\">\n\t\t\t\t\t<div class=\"elementor-column elementor-col-100 elementor-top-column elementor-element elementor-element-5f04d230\" data-id=\"5f04d230\" data-element_type=\"column\" data-e-type=\"column\">\n\t\t\t<div class=\"elementor-widget-wrap elementor-element-populated\">\n\t\t\t\t\t\t<div class=\"elementor-element elementor-element-317ed055 elementor-widget elementor-widget-shortcode\" data-id=\"317ed055\" data-element_type=\"widget\" data-e-type=\"widget\" data-widget_type=\"shortcode.default\">\n\t\t\t\t<div class=\"elementor-widget-container\">\n\t\t\t\t\t\t\t<div class=\"elementor-shortcode\"><nav aria-label=\"breadcrumbs\">\n            <div class=\"breadcrumb-container theme1\">\n                <ol>\n                                    <\/ol>\n            <\/div>\n        <\/nav>    <script type=\"application\/ld+json\">\n        {\n            \"@context\": \"http:\/\/schema.org\",\n            \"@type\": \"BreadcrumbList\",\n            \"itemListElement\": [\n                            ]\n        }\n    <\/script>\n   \n    <script>\n            <\/script>\n<\/div>\n\t\t\t\t\t\t<\/div>\n\t\t\t\t<\/div>\n\t\t\t\t\t<\/div>\n\t\t<\/div>\n\t\t\t\t\t<\/div>\n\t\t<\/section>\n\t\t\t\t<section class=\"elementor-section elementor-top-section elementor-element elementor-element-23abfb24 elementor-section-boxed elementor-section-height-default elementor-section-height-default\" data-id=\"23abfb24\" data-element_type=\"section\" data-e-type=\"section\">\n\t\t\t\t\t\t<div class=\"elementor-container elementor-column-gap-default\">\n\t\t\t\t\t<div class=\"elementor-column elementor-col-100 elementor-top-column elementor-element elementor-element-736022c7\" data-id=\"736022c7\" data-element_type=\"column\" data-e-type=\"column\">\n\t\t\t<div class=\"elementor-widget-wrap elementor-element-populated\">\n\t\t\t\t\t\t<section class=\"elementor-section elementor-inner-section elementor-element elementor-element-9b493d5 elementor-section-boxed elementor-section-height-default elementor-section-height-default\" data-id=\"9b493d5\" data-element_type=\"section\" data-e-type=\"section\">\n\t\t\t\t\t\t<div class=\"elementor-container elementor-column-gap-default\">\n\t\t\t\t\t<div class=\"elementor-column elementor-col-50 elementor-inner-column elementor-element elementor-element-317e5fbe\" data-id=\"317e5fbe\" data-element_type=\"column\" data-e-type=\"column\">\n\t\t\t<div class=\"elementor-widget-wrap elementor-element-populated\">\n\t\t\t\t\t\t<div class=\"elementor-element elementor-element-7d955985 elementor-widget elementor-widget-text-editor\" data-id=\"7d955985\" data-element_type=\"widget\" data-e-type=\"widget\" data-widget_type=\"text-editor.default\">\n\t\t\t\t<div class=\"elementor-widget-container\">\n\t\t\t\t\t\t\t\t\t<p>Le Cursus master en ing\u00e9nierie en g\u00e9ologie des ressources et du d\u00e9veloppement durable s\u2019inscrit dans un contexte soci\u00e9tal particulier marqu\u00e9 par les enjeux \u00e9nerg\u00e9tiques et environnementaux, les changements climatiques et la rar\u00e9faction des ressources naturelles. La gestion durable des syst\u00e8mes g\u00e9ologiques \u00e0 l\u2019\u00e9chelle des territoires s\u2019impose comme une r\u00e9ponse aux futurs enjeux environnementaux.<\/p><p>Le Cursus master en ing\u00e9nierie permet ainsi de suivre une formation renforc\u00e9e \u00e0 raison de 120 heures suppl\u00e9mentaires par ann\u00e9e<\/p><p>La formation propose des cours d&#8217;anglais afin de valider un niveau B2. Une mobilit\u00e9 internationale d&#8217;au moins trois mois durant les cinq ann\u00e9es du cursus sera n\u00e9cessaire \u2013 stage \u00e0 l\u2019\u00e9tranger, \u00e9change, ann\u00e9e de c\u00e9sure.<\/p><p>L\u2019\u00e9tudiant effectue des stages \u00e9valu\u00e9s chaque ann\u00e9e soit en entreprise, soit en laboratoire de recherche.<\/p><p>Pourquoi le Cursus master en ing\u00e9nierie : <a href=\"https:\/\/reseau-figure.fr\/a-propos-du-cmi\/\" target=\"_blank\" rel=\"noopener\">suivre le lien<\/a><\/p>\t\t\t\t\t\t\t\t<\/div>\n\t\t\t\t<\/div>\n\t\t\t\t\t<\/div>\n\t\t<\/div>\n\t\t\t\t<div class=\"elementor-column elementor-col-50 elementor-inner-column elementor-element elementor-element-35f1f7eb\" data-id=\"35f1f7eb\" data-element_type=\"column\" data-e-type=\"column\">\n\t\t\t<div class=\"elementor-widget-wrap elementor-element-populated\">\n\t\t\t\t\t\t<div class=\"elementor-element elementor-element-1715bd6c elementor-widget elementor-widget-text-editor\" data-id=\"1715bd6c\" data-element_type=\"widget\" data-e-type=\"widget\" data-widget_type=\"text-editor.default\">\n\t\t\t\t<div class=\"elementor-widget-container\">\n\t\t\t\t\t\t\t\t\t<div><h3 style=\"padding-left: 40px;\"><span style=\"font-weight: normal;\"><span style=\"color: #0f72bb;\">Public vis\u00e9<br \/><\/span><\/span><\/h3><ul><li>Le CMI exige un tr\u00e8s bon niveau scientifique. Il s\u2019adresse aux bacheliers des s\u00e9ries scientifiques, avec une pr\u00e9f\u00e9rence pour les sp\u00e9cialit\u00e9s math\u00e9matiques, physique-chimie, et sciences de la vie et de la Terre. Un profil polyvalent et une forte implication personnelle sont requis pour pers\u00e9v\u00e9rer dans cette fili\u00e8re.<\/li><\/ul><\/div><h3 style=\"padding-left: 40px;\"><span style=\"font-weight: normal;\"><span style=\"color: #0f72bb;\"><br \/>Objectif et d\u00e9bouch\u00e9s<\/span><\/span><\/h3><ul><li>Former des sp\u00e9cialistes en g\u00e9ologie et environnement se destinant \u00e0 l\u2019ing\u00e9nierie et aux m\u00e9tiers de la recherche et du d\u00e9veloppement.<\/li><\/ul>\t\t\t\t\t\t\t\t<\/div>\n\t\t\t\t<\/div>\n\t\t\t\t<div class=\"elementor-element elementor-element-22928fa5 elementor-align-center elementor-widget elementor-widget-button\" data-id=\"22928fa5\" data-element_type=\"widget\" data-e-type=\"widget\" data-widget_type=\"button.default\">\n\t\t\t\t<div class=\"elementor-widget-container\">\n\t\t\t\t\t\t\t\t\t<div class=\"elementor-button-wrapper\">\n\t\t\t\t\t<a class=\"elementor-button elementor-button-link elementor-size-sm\" href=\"https:\/\/formations.univ-amu.fr\/fr\/cat\/CMIAMU\/PRCMI5ST\" target=\"_blank\" rel=\"noopener\">\n\t\t\t\t\t\t<span class=\"elementor-button-content-wrapper\">\n\t\t\t\t\t\t\t\t\t<span class=\"elementor-button-text\">En savoir plus<\/span>\n\t\t\t\t\t<\/span>\n\t\t\t\t\t<\/a>\n\t\t\t\t<\/div>\n\t\t\t\t\t\t\t\t<\/div>\n\t\t\t\t<\/div>\n\t\t\t\t<div class=\"elementor-element elementor-element-c443656 elementor-widget elementor-widget-spacer\" data-id=\"c443656\" data-element_type=\"widget\" data-e-type=\"widget\" data-widget_type=\"spacer.default\">\n\t\t\t\t<div class=\"elementor-widget-container\">\n\t\t\t\t\t\t\t<div class=\"elementor-spacer\">\n\t\t\t<div class=\"elementor-spacer-inner\"><\/div>\n\t\t<\/div>\n\t\t\t\t\t\t<\/div>\n\t\t\t\t<\/div>\n\t\t\t\t<div class=\"elementor-element elementor-element-c2001e8 elementor-widget elementor-widget-image\" data-id=\"c2001e8\" data-element_type=\"widget\" data-e-type=\"widget\" data-widget_type=\"image.default\">\n\t\t\t\t<div class=\"elementor-widget-container\">\n\t\t\t\t\t\t\t\t\t\t\t\t\t\t\t<img fetchpriority=\"high\" decoding=\"async\" width=\"768\" height=\"480\" src=\"https:\/\/www.cerege.fr\/wp-content\/uploads\/2023\/03\/BMG_L_SVT_Terre_ROF-768x480.jpg\" class=\"attachment-medium_large size-medium_large wp-image-17549\" alt=\"\" srcset=\"https:\/\/www.cerege.fr\/wp-content\/uploads\/2023\/03\/BMG_L_SVT_Terre_ROF-768x480.jpg 768w, https:\/\/www.cerege.fr\/wp-content\/uploads\/2023\/03\/BMG_L_SVT_Terre_ROF-300x187.jpg 300w, https:\/\/www.cerege.fr\/wp-content\/uploads\/2023\/03\/BMG_L_SVT_Terre_ROF-1024x640.jpg 1024w, https:\/\/www.cerege.fr\/wp-content\/uploads\/2023\/03\/BMG_L_SVT_Terre_ROF-1536x960.jpg 1536w, https:\/\/www.cerege.fr\/wp-content\/uploads\/2023\/03\/BMG_L_SVT_Terre_ROF-scaled.jpg 2048w, https:\/\/www.cerege.fr\/wp-content\/uploads\/2023\/03\/BMG_L_SVT_Terre_ROF-18x12.jpg 18w, https:\/\/www.cerege.fr\/wp-content\/uploads\/2023\/03\/BMG_L_SVT_Terre_ROF-1320x825.jpg 1320w\" sizes=\"(max-width: 768px) 100vw, 768px\" \/>\t\t\t\t\t\t\t\t\t\t\t\t\t\t\t<\/div>\n\t\t\t\t<\/div>\n\t\t\t\t<div class=\"elementor-element elementor-element-ddd8e5d gallery-spacing-custom elementor-widget elementor-widget-image-gallery\" data-id=\"ddd8e5d\" data-element_type=\"widget\" data-e-type=\"widget\" data-widget_type=\"image-gallery.default\">\n\t\t\t\t<div class=\"elementor-widget-container\">\n\t\t\t\t\t\t\t<div class=\"elementor-image-gallery\">\n\t\t\t<div id='gallery-1' class='gallery galleryid-880 gallery-columns-3 gallery-size-medium'><figure class='gallery-item'>\n\t\t\t<div class='gallery-icon landscape'>\n\t\t\t\t<a data-elementor-open-lightbox=\"yes\" data-elementor-lightbox-slideshow=\"ddd8e5d\" data-elementor-lightbox-title=\"14\" data-e-action-hash=\"#elementor-action%3Aaction%3Dlightbox%26settings%3DeyJpZCI6MTc1NDgsInVybCI6Imh0dHBzOlwvXC93d3cuY2VyZWdlLmZyXC93cC1jb250ZW50XC91cGxvYWRzXC8yMDIzXC8wM1wvMTQtc2NhbGVkLmpwZyIsInNsaWRlc2hvdyI6ImRkZDhlNWQifQ%3D%3D\" href=\"https:\/\/www.cerege.fr\/wp-content\/uploads\/2023\/03\/14-scaled.jpg\"><img decoding=\"async\" width=\"300\" height=\"188\" src=\"https:\/\/www.cerege.fr\/wp-content\/uploads\/2023\/03\/14-300x188.jpg\" class=\"attachment-medium size-medium\" alt=\"\" srcset=\"https:\/\/www.cerege.fr\/wp-content\/uploads\/2023\/03\/14-300x188.jpg 300w, https:\/\/www.cerege.fr\/wp-content\/uploads\/2023\/03\/14-1024x640.jpg 1024w, https:\/\/www.cerege.fr\/wp-content\/uploads\/2023\/03\/14-768x480.jpg 768w, https:\/\/www.cerege.fr\/wp-content\/uploads\/2023\/03\/14-1536x960.jpg 1536w, https:\/\/www.cerege.fr\/wp-content\/uploads\/2023\/03\/14-scaled.jpg 2048w, https:\/\/www.cerege.fr\/wp-content\/uploads\/2023\/03\/14-18x12.jpg 18w, https:\/\/www.cerege.fr\/wp-content\/uploads\/2023\/03\/14-1320x825.jpg 1320w\" sizes=\"(max-width: 300px) 100vw, 300px\" \/><\/a>\n\t\t\t<\/div><\/figure><figure class='gallery-item'>\n\t\t\t<div class='gallery-icon landscape'>\n\t\t\t\t<a data-elementor-open-lightbox=\"yes\" data-elementor-lightbox-slideshow=\"ddd8e5d\" data-elementor-lightbox-title=\"13\" data-e-action-hash=\"#elementor-action%3Aaction%3Dlightbox%26settings%3DeyJpZCI6MTc1NDcsInVybCI6Imh0dHBzOlwvXC93d3cuY2VyZWdlLmZyXC93cC1jb250ZW50XC91cGxvYWRzXC8yMDIzXC8wM1wvMTMuanBnIiwic2xpZGVzaG93IjoiZGRkOGU1ZCJ9\" href=\"https:\/\/www.cerege.fr\/wp-content\/uploads\/2023\/03\/13.jpg\"><img decoding=\"async\" width=\"300\" height=\"177\" src=\"https:\/\/www.cerege.fr\/wp-content\/uploads\/2023\/03\/13-300x177.jpg\" class=\"attachment-medium size-medium\" alt=\"\" srcset=\"https:\/\/www.cerege.fr\/wp-content\/uploads\/2023\/03\/13-300x177.jpg 300w, https:\/\/www.cerege.fr\/wp-content\/uploads\/2023\/03\/13-1024x606.jpg 1024w, https:\/\/www.cerege.fr\/wp-content\/uploads\/2023\/03\/13-768x454.jpg 768w, https:\/\/www.cerege.fr\/wp-content\/uploads\/2023\/03\/13-18x12.jpg 18w, https:\/\/www.cerege.fr\/wp-content\/uploads\/2023\/03\/13.jpg 1165w\" sizes=\"(max-width: 300px) 100vw, 300px\" \/><\/a>\n\t\t\t<\/div><\/figure><figure class='gallery-item'>\n\t\t\t<div class='gallery-icon landscape'>\n\t\t\t\t<a data-elementor-open-lightbox=\"yes\" data-elementor-lightbox-slideshow=\"ddd8e5d\" data-elementor-lightbox-title=\"12\" data-e-action-hash=\"#elementor-action%3Aaction%3Dlightbox%26settings%3DeyJpZCI6MTc1NDYsInVybCI6Imh0dHBzOlwvXC93d3cuY2VyZWdlLmZyXC93cC1jb250ZW50XC91cGxvYWRzXC8yMDIzXC8wM1wvMTItc2NhbGVkLmpwZyIsInNsaWRlc2hvdyI6ImRkZDhlNWQifQ%3D%3D\" href=\"https:\/\/www.cerege.fr\/wp-content\/uploads\/2023\/03\/12-scaled.jpg\"><img loading=\"lazy\" decoding=\"async\" width=\"300\" height=\"188\" src=\"https:\/\/www.cerege.fr\/wp-content\/uploads\/2023\/03\/12-300x188.jpg\" class=\"attachment-medium size-medium\" alt=\"\" srcset=\"https:\/\/www.cerege.fr\/wp-content\/uploads\/2023\/03\/12-300x188.jpg 300w, https:\/\/www.cerege.fr\/wp-content\/uploads\/2023\/03\/12-1024x640.jpg 1024w, https:\/\/www.cerege.fr\/wp-content\/uploads\/2023\/03\/12-768x480.jpg 768w, https:\/\/www.cerege.fr\/wp-content\/uploads\/2023\/03\/12-1536x960.jpg 1536w, https:\/\/www.cerege.fr\/wp-content\/uploads\/2023\/03\/12-scaled.jpg 2048w, https:\/\/www.cerege.fr\/wp-content\/uploads\/2023\/03\/12-18x12.jpg 18w, https:\/\/www.cerege.fr\/wp-content\/uploads\/2023\/03\/12-1320x825.jpg 1320w\" sizes=\"(max-width: 300px) 100vw, 300px\" \/><\/a>\n\t\t\t<\/div><\/figure><figure class='gallery-item'>\n\t\t\t<div class='gallery-icon landscape'>\n\t\t\t\t<a data-elementor-open-lightbox=\"yes\" data-elementor-lightbox-slideshow=\"ddd8e5d\" data-elementor-lightbox-title=\"09\" data-e-action-hash=\"#elementor-action%3Aaction%3Dlightbox%26settings%3DeyJpZCI6MTc1NDMsInVybCI6Imh0dHBzOlwvXC93d3cuY2VyZWdlLmZyXC93cC1jb250ZW50XC91cGxvYWRzXC8yMDIzXC8wM1wvMDkuanBnIiwic2xpZGVzaG93IjoiZGRkOGU1ZCJ9\" href=\"https:\/\/www.cerege.fr\/wp-content\/uploads\/2023\/03\/09.jpg\"><img loading=\"lazy\" decoding=\"async\" width=\"300\" height=\"187\" src=\"https:\/\/www.cerege.fr\/wp-content\/uploads\/2023\/03\/09-300x187.jpg\" class=\"attachment-medium size-medium\" alt=\"\" srcset=\"https:\/\/www.cerege.fr\/wp-content\/uploads\/2023\/03\/09-300x187.jpg 300w, https:\/\/www.cerege.fr\/wp-content\/uploads\/2023\/03\/09-1024x640.jpg 1024w, https:\/\/www.cerege.fr\/wp-content\/uploads\/2023\/03\/09-768x480.jpg 768w, https:\/\/www.cerege.fr\/wp-content\/uploads\/2023\/03\/09-1536x960.jpg 1536w, https:\/\/www.cerege.fr\/wp-content\/uploads\/2023\/03\/09-18x12.jpg 18w, https:\/\/www.cerege.fr\/wp-content\/uploads\/2023\/03\/09-1320x825.jpg 1320w, https:\/\/www.cerege.fr\/wp-content\/uploads\/2023\/03\/09.jpg 1781w\" sizes=\"(max-width: 300px) 100vw, 300px\" \/><\/a>\n\t\t\t<\/div><\/figure><figure class='gallery-item'>\n\t\t\t<div class='gallery-icon landscape'>\n\t\t\t\t<a data-elementor-open-lightbox=\"yes\" data-elementor-lightbox-slideshow=\"ddd8e5d\" data-elementor-lightbox-title=\"02\" data-e-action-hash=\"#elementor-action%3Aaction%3Dlightbox%26settings%3DeyJpZCI6MTc1MzYsInVybCI6Imh0dHBzOlwvXC93d3cuY2VyZWdlLmZyXC93cC1jb250ZW50XC91cGxvYWRzXC8yMDIzXC8wM1wvMDIuanBnIiwic2xpZGVzaG93IjoiZGRkOGU1ZCJ9\" href=\"https:\/\/www.cerege.fr\/wp-content\/uploads\/2023\/03\/02.jpg\"><img loading=\"lazy\" decoding=\"async\" width=\"300\" height=\"187\" src=\"https:\/\/www.cerege.fr\/wp-content\/uploads\/2023\/03\/02-300x187.jpg\" class=\"attachment-medium size-medium\" alt=\"\" srcset=\"https:\/\/www.cerege.fr\/wp-content\/uploads\/2023\/03\/02-300x187.jpg 300w, https:\/\/www.cerege.fr\/wp-content\/uploads\/2023\/03\/02-1024x640.jpg 1024w, https:\/\/www.cerege.fr\/wp-content\/uploads\/2023\/03\/02-768x480.jpg 768w, https:\/\/www.cerege.fr\/wp-content\/uploads\/2023\/03\/02-18x12.jpg 18w, https:\/\/www.cerege.fr\/wp-content\/uploads\/2023\/03\/02-1320x825.jpg 1320w, https:\/\/www.cerege.fr\/wp-content\/uploads\/2023\/03\/02.jpg 1437w\" sizes=\"(max-width: 300px) 100vw, 300px\" \/><\/a>\n\t\t\t<\/div><\/figure><figure class='gallery-item'>\n\t\t\t<div class='gallery-icon landscape'>\n\t\t\t\t<a data-elementor-open-lightbox=\"yes\" data-elementor-lightbox-slideshow=\"ddd8e5d\" data-elementor-lightbox-title=\"03\" data-e-action-hash=\"#elementor-action%3Aaction%3Dlightbox%26settings%3DeyJpZCI6MTc1MzcsInVybCI6Imh0dHBzOlwvXC93d3cuY2VyZWdlLmZyXC93cC1jb250ZW50XC91cGxvYWRzXC8yMDIzXC8wM1wvMDMuanBnIiwic2xpZGVzaG93IjoiZGRkOGU1ZCJ9\" href=\"https:\/\/www.cerege.fr\/wp-content\/uploads\/2023\/03\/03.jpg\"><img loading=\"lazy\" decoding=\"async\" width=\"300\" height=\"187\" src=\"https:\/\/www.cerege.fr\/wp-content\/uploads\/2023\/03\/03-300x187.jpg\" class=\"attachment-medium size-medium\" alt=\"\" srcset=\"https:\/\/www.cerege.fr\/wp-content\/uploads\/2023\/03\/03-300x187.jpg 300w, https:\/\/www.cerege.fr\/wp-content\/uploads\/2023\/03\/03-1024x640.jpg 1024w, https:\/\/www.cerege.fr\/wp-content\/uploads\/2023\/03\/03-768x480.jpg 768w, https:\/\/www.cerege.fr\/wp-content\/uploads\/2023\/03\/03-18x12.jpg 18w, https:\/\/www.cerege.fr\/wp-content\/uploads\/2023\/03\/03-1320x825.jpg 1320w, https:\/\/www.cerege.fr\/wp-content\/uploads\/2023\/03\/03.jpg 1535w\" sizes=\"(max-width: 300px) 100vw, 300px\" \/><\/a>\n\t\t\t<\/div><\/figure>\n\t\t<\/div>\n\t\t<\/div>\n\t\t\t\t\t\t<\/div>\n\t\t\t\t<\/div>\n\t\t\t\t\t<\/div>\n\t\t<\/div>\n\t\t\t\t\t<\/div>\n\t\t<\/section>\n\t\t\t\t\t<\/div>\n\t\t<\/div>\n\t\t\t\t\t<\/div>\n\t\t<\/section>\n\t\t\t\t<\/div>\n\t\t","protected":false},"excerpt":{"rendered":"<p>Le Cursus master en ing\u00e9nierie en g\u00e9ologie des ressources et du d\u00e9veloppement durable s\u2019inscrit dans un contexte soci\u00e9tal particulier marqu\u00e9 par les enjeux \u00e9nerg\u00e9tiques et environnementaux, les changements climatiques et [&hellip;]<\/p>\n","protected":false},"author":1,"featured_media":17583,"parent":819,"menu_order":63,"comment_status":"closed","ping_status":"closed","template":"","meta":{"_acf_changed":false,"footnotes":""},"class_list":["post-880","page","type-page","status-publish","has-post-thumbnail","hentry"],"acf":[],"publishpress_future_action":{"enabled":false,"date":"2026-04-17 08:06:12","action":"change-status","newStatus":"draft","terms":[],"taxonomy":"","extraData":[]},"publishpress_future_workflow_manual_trigger":{"enabledWorkflows":[]},"_links":{"self":[{"href":"https:\/\/www.cerege.fr\/en\/wp-json\/wp\/v2\/pages\/880","targetHints":{"allow":["GET"]}}],"collection":[{"href":"https:\/\/www.cerege.fr\/en\/wp-json\/wp\/v2\/pages"}],"about":[{"href":"https:\/\/www.cerege.fr\/en\/wp-json\/wp\/v2\/types\/page"}],"author":[{"embeddable":true,"href":"https:\/\/www.cerege.fr\/en\/wp-json\/wp\/v2\/users\/1"}],"replies":[{"embeddable":true,"href":"https:\/\/www.cerege.fr\/en\/wp-json\/wp\/v2\/comments?post=880"}],"version-history":[{"count":5,"href":"https:\/\/www.cerege.fr\/en\/wp-json\/wp\/v2\/pages\/880\/revisions"}],"predecessor-version":[{"id":17584,"href":"https:\/\/www.cerege.fr\/en\/wp-json\/wp\/v2\/pages\/880\/revisions\/17584"}],"up":[{"embeddable":true,"href":"https:\/\/www.cerege.fr\/en\/wp-json\/wp\/v2\/pages\/819"}],"wp:featuredmedia":[{"embeddable":true,"href":"https:\/\/www.cerege.fr\/en\/wp-json\/wp\/v2\/media\/17583"}],"wp:attachment":[{"href":"https:\/\/www.cerege.fr\/en\/wp-json\/wp\/v2\/media?parent=880"}],"curies":[{"name":"wp","href":"https:\/\/api.w.org\/{rel}","templated":true}]}}