{"id":881,"date":"2022-06-21T17:09:16","date_gmt":"2022-06-21T15:09:16","guid":{"rendered":"https:\/\/www.cerege.fr\/formation\/licence-svt\/"},"modified":"2023-03-01T17:13:51","modified_gmt":"2023-03-01T16:13:51","slug":"licence-svt","status":"publish","type":"page","link":"https:\/\/www.cerege.fr\/en\/formations\/licence-svt\/","title":{"rendered":"SVT Licence"},"content":{"rendered":"\t\t<div data-elementor-type=\"wp-page\" data-elementor-id=\"881\" class=\"elementor elementor-881\" data-elementor-post-type=\"page\">\n\t\t\t\t\t\t<section class=\"elementor-section elementor-top-section elementor-element elementor-element-64e5e7fe elementor-section-full_width elementor-section-height-min-height elementor-section-height-default elementor-section-items-middle\" data-id=\"64e5e7fe\" data-element_type=\"section\" data-e-type=\"section\" data-settings=\"{&quot;background_background&quot;:&quot;classic&quot;}\">\n\t\t\t\t\t\t<div class=\"elementor-container elementor-column-gap-default\">\n\t\t\t\t\t<div class=\"elementor-column elementor-col-100 elementor-top-column elementor-element elementor-element-612af920\" data-id=\"612af920\" data-element_type=\"column\" data-e-type=\"column\">\n\t\t\t<div class=\"elementor-widget-wrap\">\n\t\t\t\t\t\t\t<\/div>\n\t\t<\/div>\n\t\t\t\t\t<\/div>\n\t\t<\/section>\n\t\t\t\t<section class=\"elementor-section elementor-top-section elementor-element elementor-element-3e1fdc14 elementor-section-boxed elementor-section-height-default elementor-section-height-default\" data-id=\"3e1fdc14\" data-element_type=\"section\" data-e-type=\"section\">\n\t\t\t\t\t\t<div class=\"elementor-container elementor-column-gap-default\">\n\t\t\t\t\t<div class=\"elementor-column elementor-col-100 elementor-top-column elementor-element elementor-element-db8bf39\" data-id=\"db8bf39\" data-element_type=\"column\" data-e-type=\"column\">\n\t\t\t<div class=\"elementor-widget-wrap elementor-element-populated\">\n\t\t\t\t\t\t<div class=\"elementor-element elementor-element-2ac620bc elementor-widget elementor-widget-shortcode\" data-id=\"2ac620bc\" data-element_type=\"widget\" data-e-type=\"widget\" data-widget_type=\"shortcode.default\">\n\t\t\t\t<div class=\"elementor-widget-container\">\n\t\t\t\t\t\t\t<div class=\"elementor-shortcode\"><nav aria-label=\"breadcrumbs\">\n            <div class=\"breadcrumb-container theme1\">\n                <ol>\n                                    <\/ol>\n            <\/div>\n        <\/nav>    <script type=\"application\/ld+json\">\n        {\n            \"@context\": \"http:\/\/schema.org\",\n            \"@type\": \"BreadcrumbList\",\n            \"itemListElement\": [\n                            ]\n        }\n    <\/script>\n   \n    <script>\n            <\/script>\n<\/div>\n\t\t\t\t\t\t<\/div>\n\t\t\t\t<\/div>\n\t\t\t\t<div class=\"elementor-element elementor-element-37c69715 elementor-widget elementor-widget-heading\" data-id=\"37c69715\" data-element_type=\"widget\" data-e-type=\"widget\" data-widget_type=\"heading.default\">\n\t\t\t\t<div class=\"elementor-widget-container\">\n\t\t\t\t\t<h1 class=\"elementor-heading-title elementor-size-default\">Licence SVT, parcours Terre<\/h1>\t\t\t\t<\/div>\n\t\t\t\t<\/div>\n\t\t\t\t<section class=\"elementor-section elementor-inner-section elementor-element elementor-element-8f42eed elementor-section-boxed elementor-section-height-default elementor-section-height-default\" data-id=\"8f42eed\" data-element_type=\"section\" data-e-type=\"section\">\n\t\t\t\t\t\t<div class=\"elementor-container elementor-column-gap-default\">\n\t\t\t\t\t<div class=\"elementor-column elementor-col-50 elementor-inner-column elementor-element elementor-element-326ae843\" data-id=\"326ae843\" data-element_type=\"column\" data-e-type=\"column\">\n\t\t\t<div class=\"elementor-widget-wrap elementor-element-populated\">\n\t\t\t\t\t\t<div class=\"elementor-element elementor-element-15096fc7 elementor-widget elementor-widget-text-editor\" data-id=\"15096fc7\" data-element_type=\"widget\" data-e-type=\"widget\" data-widget_type=\"text-editor.default\">\n\t\t\t\t<div class=\"elementor-widget-container\">\n\t\t\t\t\t\t\t\t\t<p>La <a href=\"https:\/\/formations.univ-amu.fr\/fr\/licence\/3SVT\" target=\"_blank\" rel=\"noopener\">licence Sciences de la Vie et de la Terre<\/a> (SVT) d\u2019Aix-Marseille Universit\u00e9 propose plusieurs parcours dans le domaine des sciences de la Terre, de la Mer, de l\u2019environnement et de l\u2019\u00e9cologie.<\/p><p>La licence Sciences de la vie et de la Terre, fortement multidisciplinaire, permet aux \u00e9tudiants d\u2019acqu\u00e9rir un socle de connaissances acad\u00e9miques et des comp\u00e9tences techniques dans diff\u00e9rentes disciplines des sciences de la Terre et de l\u2019environnement.<\/p><p>Il offre une formation solide et moderne en lien avec certaines th\u00e9matiques d\u2019actualit\u00e9 &#8211; climat, environnement, \u00e9volution, patrimoine, ressources en eau et \u00e9nerg\u00e9tique, risque g\u00e9ologique &#8211; qui pourront \u00eatre approfondies dans diff\u00e9rents masters.<\/p><p>Les enseignants-chercheurs intervenant au sein du parcours Terre effectuent principalement leurs activit\u00e9s de recherche au sein du CEREGE.<\/p>\t\t\t\t\t\t\t\t<\/div>\n\t\t\t\t<\/div>\n\t\t\t\t\t<\/div>\n\t\t<\/div>\n\t\t\t\t<div class=\"elementor-column elementor-col-50 elementor-inner-column elementor-element elementor-element-4bbdfca\" data-id=\"4bbdfca\" data-element_type=\"column\" data-e-type=\"column\">\n\t\t\t<div class=\"elementor-widget-wrap elementor-element-populated\">\n\t\t\t\t\t\t<div class=\"elementor-element elementor-element-168f5036 elementor-widget elementor-widget-text-editor\" data-id=\"168f5036\" data-element_type=\"widget\" data-e-type=\"widget\" data-widget_type=\"text-editor.default\">\n\t\t\t\t<div class=\"elementor-widget-container\">\n\t\t\t\t\t\t\t\t\t<div><h3 style=\"padding-left: 40px;\"><span style=\"font-weight: normal;\"><span style=\"color: #0f72bb;\">Public vis\u00e9<br \/><\/span><\/span><\/h3><ul><li>Le parcours Terre est ouvert \u00e0 tout \u00e9tudiant issu du portail Louis Pasteur d\u2019Aix\u2013Marseille universit\u00e9. Pour les candidats issus de BTS, d&#8217;IUT, de licences pro ou de L1 d&#8217;autres universit\u00e9s, les candidatures sont \u00e0 d\u00e9poser via l&#8217;application eCandidat d\u2019Aix\u2013Marseille universit\u00e9.<p>Le <a href=\"https:\/\/formations.univ-amu.fr\/fr\/licence\/3SVT\/PRSVT3AJ\" target=\"_blank\" rel=\"noopener\">parcours m\u00e9tier de technicien g\u00e9ologue<\/a>, se destine aux \u00e9tudiants de la licence Sciences de la vie et de la Terre de deuxi\u00e8me ann\u00e9e d\u00e9sireux de ne pas faire d\u2019\u00e9tudes longues et souhaitant s\u2019ins\u00e9rer post-licence dans le mode socio-\u00e9conomique priv\u00e9.<br \/><br \/><\/p><\/li><\/ul><\/div><h3 style=\"padding-left: 40px;\"><span style=\"font-weight: normal;\"><span style=\"color: #0f72bb;\">Objectif et d\u00e9bouch\u00e9s<\/span><\/span><\/h3><ul><li>Ce parcours forme de futurs techniciens sup\u00e9rieurs (ou assistants ing\u00e9nieurs) polyvalents, capables d\u2019une approche raisonn\u00e9e du terrain pour assurer des pr\u00e9l\u00e8vements g\u00e9ologiques de toutes natures (roches, sols, eaux) et pour r\u00e9aliser des mesures physiques et chimiques de terrain. Les \u00e9tudiants de la formation auront donc pour cela acquis une connaissance th\u00e9orique de base dans tous les domaines de la g\u00e9ologie soutenue par une approche de terrain d\u00e9velopp\u00e9e lors d\u2019\u00e9coles acad\u00e9miques de terrain mais aussi de p\u00e9riodes en entreprises (stages et alternance). <br \/><br \/><\/li><li>M\u00eame si ce n\u2019est pas l\u2019objectif principal de leur formation, ils suivront \u00e9galement des enseignements sur les techniques de laboratoire pour leur permettre de mieux conna\u00eetre les attendus de leurs pr\u00e9l\u00e8vements assur\u00e9s sur le terrain. Ils devront \u00e9galement \u00eatre capable de r\u00e9diger, aussi bien en fran\u00e7ais qu\u2019en anglais, un compte rendu de pr\u00e9l\u00e8vement pr\u00e9cis rapportant \u00e9ventuellement une premi\u00e8re analyse issue des observations de terrain.<\/li><\/ul>\t\t\t\t\t\t\t\t<\/div>\n\t\t\t\t<\/div>\n\t\t\t\t<div class=\"elementor-element elementor-element-26f29b41 elementor-align-center elementor-widget elementor-widget-button\" data-id=\"26f29b41\" data-element_type=\"widget\" data-e-type=\"widget\" data-widget_type=\"button.default\">\n\t\t\t\t<div class=\"elementor-widget-container\">\n\t\t\t\t\t\t\t\t\t<div class=\"elementor-button-wrapper\">\n\t\t\t\t\t<a class=\"elementor-button elementor-button-link elementor-size-sm\" href=\"https:\/\/sciences.univ-amu.fr\/fr\/formation\/licences\/licence-sciences-vie-terre\/parcours-terre\" target=\"_blank\" rel=\"noopener\">\n\t\t\t\t\t\t<span class=\"elementor-button-content-wrapper\">\n\t\t\t\t\t\t\t\t\t<span class=\"elementor-button-text\">En savoir plus<\/span>\n\t\t\t\t\t<\/span>\n\t\t\t\t\t<\/a>\n\t\t\t\t<\/div>\n\t\t\t\t\t\t\t\t<\/div>\n\t\t\t\t<\/div>\n\t\t\t\t<div class=\"elementor-element elementor-element-33128f8e elementor-widget elementor-widget-spacer\" data-id=\"33128f8e\" data-element_type=\"widget\" data-e-type=\"widget\" data-widget_type=\"spacer.default\">\n\t\t\t\t<div class=\"elementor-widget-container\">\n\t\t\t\t\t\t\t<div class=\"elementor-spacer\">\n\t\t\t<div class=\"elementor-spacer-inner\"><\/div>\n\t\t<\/div>\n\t\t\t\t\t\t<\/div>\n\t\t\t\t<\/div>\n\t\t\t\t<div class=\"elementor-element elementor-element-5fb0e2e gallery-spacing-custom elementor-widget elementor-widget-image-gallery\" data-id=\"5fb0e2e\" data-element_type=\"widget\" data-e-type=\"widget\" data-widget_type=\"image-gallery.default\">\n\t\t\t\t<div class=\"elementor-widget-container\">\n\t\t\t\t\t\t\t<div class=\"elementor-image-gallery\">\n\t\t\t<div id='gallery-1' class='gallery galleryid-881 gallery-columns-3 gallery-size-thumbnail'><figure class='gallery-item'>\n\t\t\t<div class='gallery-icon landscape'>\n\t\t\t\t<a data-elementor-open-lightbox=\"yes\" data-elementor-lightbox-slideshow=\"5fb0e2e\" data-elementor-lightbox-title=\"IMG_7904\" data-e-action-hash=\"#elementor-action%3Aaction%3Dlightbox%26settings%3DeyJpZCI6NjMyNywidXJsIjoiaHR0cHM6XC9cL3d3dy5jZXJlZ2UuZnJcL3dwLWNvbnRlbnRcL3VwbG9hZHNcLzIwMjJcLzEwXC9JTUdfNzkwNC5qcGciLCJzbGlkZXNob3ciOiI1ZmIwZTJlIn0%3D\" href=\"https:\/\/www.cerege.fr\/wp-content\/uploads\/2022\/10\/IMG_7904.jpg\"><img decoding=\"async\" width=\"150\" height=\"150\" src=\"https:\/\/www.cerege.fr\/wp-content\/uploads\/2022\/10\/IMG_7904-150x150.jpg\" class=\"attachment-thumbnail size-thumbnail\" alt=\"\" \/><\/a>\n\t\t\t<\/div><\/figure><figure class='gallery-item'>\n\t\t\t<div class='gallery-icon landscape'>\n\t\t\t\t<a data-elementor-open-lightbox=\"yes\" data-elementor-lightbox-slideshow=\"5fb0e2e\" data-elementor-lightbox-title=\"CEREGE_formation_doctorale_Nucleides_cosmo35\" data-e-action-hash=\"#elementor-action%3Aaction%3Dlightbox%26settings%3DeyJpZCI6NjMyMiwidXJsIjoiaHR0cHM6XC9cL3d3dy5jZXJlZ2UuZnJcL3dwLWNvbnRlbnRcL3VwbG9hZHNcLzIwMjJcLzEwXC9DRVJFR0VfZm9ybWF0aW9uX2RvY3RvcmFsZV9OdWNsZWlkZXNfY29zbW8zNS1zY2FsZWQuanBnIiwic2xpZGVzaG93IjoiNWZiMGUyZSJ9\" href=\"https:\/\/www.cerege.fr\/wp-content\/uploads\/2022\/10\/CEREGE_formation_doctorale_Nucleides_cosmo35-scaled.jpg\"><img decoding=\"async\" width=\"150\" height=\"150\" src=\"https:\/\/www.cerege.fr\/wp-content\/uploads\/2022\/10\/CEREGE_formation_doctorale_Nucleides_cosmo35-150x150.jpg\" class=\"attachment-thumbnail size-thumbnail\" alt=\"\" \/><\/a>\n\t\t\t<\/div><\/figure><figure class='gallery-item'>\n\t\t\t<div class='gallery-icon landscape'>\n\t\t\t\t<a data-elementor-open-lightbox=\"yes\" data-elementor-lightbox-slideshow=\"5fb0e2e\" data-elementor-lightbox-title=\"CEREGE_formation_doctorale_Nucleides_cosmo25\" data-e-action-hash=\"#elementor-action%3Aaction%3Dlightbox%26settings%3DeyJpZCI6NjMyMSwidXJsIjoiaHR0cHM6XC9cL3d3dy5jZXJlZ2UuZnJcL3dwLWNvbnRlbnRcL3VwbG9hZHNcLzIwMjJcLzEwXC9DRVJFR0VfZm9ybWF0aW9uX2RvY3RvcmFsZV9OdWNsZWlkZXNfY29zbW8yNS1zY2FsZWQuanBnIiwic2xpZGVzaG93IjoiNWZiMGUyZSJ9\" href=\"https:\/\/www.cerege.fr\/wp-content\/uploads\/2022\/10\/CEREGE_formation_doctorale_Nucleides_cosmo25-scaled.jpg\"><img decoding=\"async\" width=\"150\" height=\"150\" src=\"https:\/\/www.cerege.fr\/wp-content\/uploads\/2022\/10\/CEREGE_formation_doctorale_Nucleides_cosmo25-150x150.jpg\" class=\"attachment-thumbnail size-thumbnail\" alt=\"\" \/><\/a>\n\t\t\t<\/div><\/figure>\n\t\t<\/div>\n\t\t<\/div>\n\t\t\t\t\t\t<\/div>\n\t\t\t\t<\/div>\n\t\t\t\t\t<\/div>\n\t\t<\/div>\n\t\t\t\t\t<\/div>\n\t\t<\/section>\n\t\t\t\t\t<\/div>\n\t\t<\/div>\n\t\t\t\t\t<\/div>\n\t\t<\/section>\n\t\t\t\t<\/div>\n\t\t","protected":false},"excerpt":{"rendered":"<p>Licence SVT, parcours Terre La licence Sciences de la Vie et de la Terre (SVT) d\u2019Aix-Marseille Universit\u00e9 propose plusieurs parcours dans le domaine des sciences de la Terre, de la [&hellip;]<\/p>\n","protected":false},"author":1,"featured_media":7681,"parent":819,"menu_order":64,"comment_status":"closed","ping_status":"closed","template":"","meta":{"_acf_changed":false,"footnotes":""},"class_list":["post-881","page","type-page","status-publish","has-post-thumbnail","hentry"],"acf":[],"publishpress_future_action":{"enabled":false,"date":"2026-04-25 06:16:20","action":"change-status","newStatus":"draft","terms":[],"taxonomy":"","extraData":[]},"publishpress_future_workflow_manual_trigger":{"enabledWorkflows":[]},"_links":{"self":[{"href":"https:\/\/www.cerege.fr\/en\/wp-json\/wp\/v2\/pages\/881","targetHints":{"allow":["GET"]}}],"collection":[{"href":"https:\/\/www.cerege.fr\/en\/wp-json\/wp\/v2\/pages"}],"about":[{"href":"https:\/\/www.cerege.fr\/en\/wp-json\/wp\/v2\/types\/page"}],"author":[{"embeddable":true,"href":"https:\/\/www.cerege.fr\/en\/wp-json\/wp\/v2\/users\/1"}],"replies":[{"embeddable":true,"href":"https:\/\/www.cerege.fr\/en\/wp-json\/wp\/v2\/comments?post=881"}],"version-history":[{"count":5,"href":"https:\/\/www.cerege.fr\/en\/wp-json\/wp\/v2\/pages\/881\/revisions"}],"predecessor-version":[{"id":16917,"href":"https:\/\/www.cerege.fr\/en\/wp-json\/wp\/v2\/pages\/881\/revisions\/16917"}],"up":[{"embeddable":true,"href":"https:\/\/www.cerege.fr\/en\/wp-json\/wp\/v2\/pages\/819"}],"wp:featuredmedia":[{"embeddable":true,"href":"https:\/\/www.cerege.fr\/en\/wp-json\/wp\/v2\/media\/7681"}],"wp:attachment":[{"href":"https:\/\/www.cerege.fr\/en\/wp-json\/wp\/v2\/media?parent=881"}],"curies":[{"name":"wp","href":"https:\/\/api.w.org\/{rel}","templated":true}]}}