{"id":889,"date":"2022-06-21T17:09:51","date_gmt":"2022-06-21T15:09:51","guid":{"rendered":"https:\/\/www.cerege.fr\/communication\/metiers\/"},"modified":"2023-01-03T09:14:11","modified_gmt":"2023-01-03T08:14:11","slug":"trades","status":"publish","type":"page","link":"https:\/\/www.cerege.fr\/en\/communication\/metiers\/","title":{"rendered":"Trades"},"content":{"rendered":"\t\t<div data-elementor-type=\"wp-page\" data-elementor-id=\"889\" class=\"elementor elementor-889\" data-elementor-post-type=\"page\">\n\t\t\t\t\t\t<section class=\"elementor-section elementor-top-section elementor-element elementor-element-1eb14a59 elementor-section-full_width elementor-section-height-min-height elementor-section-height-default elementor-section-items-middle\" data-id=\"1eb14a59\" data-element_type=\"section\" data-e-type=\"section\" data-settings=\"{&quot;background_background&quot;:&quot;classic&quot;}\">\n\t\t\t\t\t\t<div class=\"elementor-container elementor-column-gap-default\">\n\t\t\t\t\t<div class=\"elementor-column elementor-col-100 elementor-top-column elementor-element elementor-element-6a2da85c\" data-id=\"6a2da85c\" data-element_type=\"column\" data-e-type=\"column\">\n\t\t\t<div class=\"elementor-widget-wrap\">\n\t\t\t\t\t\t\t<\/div>\n\t\t<\/div>\n\t\t\t\t\t<\/div>\n\t\t<\/section>\n\t\t\t\t<section class=\"elementor-section elementor-top-section elementor-element elementor-element-7f5f8660 elementor-section-boxed elementor-section-height-default elementor-section-height-default\" data-id=\"7f5f8660\" data-element_type=\"section\" data-e-type=\"section\">\n\t\t\t\t\t\t<div class=\"elementor-container elementor-column-gap-default\">\n\t\t\t\t\t<div class=\"elementor-column elementor-col-100 elementor-top-column elementor-element elementor-element-331f4860\" data-id=\"331f4860\" data-element_type=\"column\" data-e-type=\"column\">\n\t\t\t<div class=\"elementor-widget-wrap elementor-element-populated\">\n\t\t\t\t\t\t<div class=\"elementor-element elementor-element-5204ed71 elementor-widget elementor-widget-shortcode\" data-id=\"5204ed71\" data-element_type=\"widget\" data-e-type=\"widget\" data-widget_type=\"shortcode.default\">\n\t\t\t\t<div class=\"elementor-widget-container\">\n\t\t\t\t\t\t\t<div class=\"elementor-shortcode\"><nav aria-label=\"breadcrumbs\">\n            <div class=\"breadcrumb-container theme1\">\n                <ol>\n                                    <\/ol>\n            <\/div>\n        <\/nav>    <script type=\"application\/ld+json\">\n        {\n            \"@context\": \"http:\/\/schema.org\",\n            \"@type\": \"BreadcrumbList\",\n            \"itemListElement\": [\n                            ]\n        }\n    <\/script>\n   \n    <script>\n            <\/script>\n<\/div>\n\t\t\t\t\t\t<\/div>\n\t\t\t\t<\/div>\n\t\t\t\t<section class=\"elementor-section elementor-inner-section elementor-element elementor-element-42f6511b elementor-reverse-mobile elementor-section-boxed elementor-section-height-default elementor-section-height-default\" data-id=\"42f6511b\" data-element_type=\"section\" data-e-type=\"section\">\n\t\t\t\t\t\t<div class=\"elementor-container elementor-column-gap-default\">\n\t\t\t\t\t<div class=\"elementor-column elementor-col-50 elementor-inner-column elementor-element elementor-element-54675b35\" data-id=\"54675b35\" data-element_type=\"column\" data-e-type=\"column\">\n\t\t\t<div class=\"elementor-widget-wrap elementor-element-populated\">\n\t\t\t\t\t\t<div class=\"elementor-element elementor-element-29fddb8d elementor-widget elementor-widget-video\" data-id=\"29fddb8d\" data-element_type=\"widget\" data-e-type=\"widget\" data-settings=\"{&quot;youtube_url&quot;:&quot;https:\\\/\\\/youtu.be\\\/7RfyVg-ms5k&quot;,&quot;video_type&quot;:&quot;youtube&quot;,&quot;controls&quot;:&quot;yes&quot;}\" data-widget_type=\"video.default\">\n\t\t\t\t<div class=\"elementor-widget-container\">\n\t\t\t\t\t\t\t<div class=\"elementor-wrapper elementor-open-inline\">\n\t\t\t<div class=\"elementor-video\"><\/div>\t\t<\/div>\n\t\t\t\t\t\t<\/div>\n\t\t\t\t<\/div>\n\t\t\t\t<div class=\"elementor-element elementor-element-37a65e50 gallery-spacing-custom elementor-widget elementor-widget-image-gallery\" data-id=\"37a65e50\" data-element_type=\"widget\" data-e-type=\"widget\" data-widget_type=\"image-gallery.default\">\n\t\t\t\t<div class=\"elementor-widget-container\">\n\t\t\t\t\t\t\t<div class=\"elementor-image-gallery\">\n\t\t\t<div id='gallery-1' class='gallery galleryid-889 gallery-columns-2 gallery-size-medium'><figure class='gallery-item'>\n\t\t\t<div class='gallery-icon landscape'>\n\t\t\t\t<a data-elementor-open-lightbox=\"yes\" data-elementor-lightbox-slideshow=\"37a65e50\" data-elementor-lightbox-title=\"CEREGE_Enseignant_Chercheur_nucleides\" data-e-action-hash=\"#elementor-action%3Aaction%3Dlightbox%26settings%3DeyJpZCI6NjU2OSwidXJsIjoiaHR0cHM6XC9cL3d3dy5jZXJlZ2UuZnJcL3dwLWNvbnRlbnRcL3VwbG9hZHNcLzIwMjJcLzEwXC9DRVJFR0VfRW5zZWlnbmFudF9DaGVyY2hldXJfbnVjbGVpZGVzLXNjYWxlZC5qcGciLCJzbGlkZXNob3ciOiIzN2E2NWU1MCJ9\" href='https:\/\/www.cerege.fr\/wp-content\/uploads\/2022\/10\/CEREGE_Enseignant_Chercheur_nucleides-scaled.jpg'><img fetchpriority=\"high\" decoding=\"async\" width=\"300\" height=\"169\" src=\"https:\/\/www.cerege.fr\/wp-content\/uploads\/2022\/10\/CEREGE_Enseignant_Chercheur_nucleides-300x169.jpg\" class=\"attachment-medium size-medium\" alt=\"\" srcset=\"https:\/\/www.cerege.fr\/wp-content\/uploads\/2022\/10\/CEREGE_Enseignant_Chercheur_nucleides-300x169.jpg 300w, https:\/\/www.cerege.fr\/wp-content\/uploads\/2022\/10\/CEREGE_Enseignant_Chercheur_nucleides-1024x577.jpg 1024w, https:\/\/www.cerege.fr\/wp-content\/uploads\/2022\/10\/CEREGE_Enseignant_Chercheur_nucleides-768x432.jpg 768w, https:\/\/www.cerege.fr\/wp-content\/uploads\/2022\/10\/CEREGE_Enseignant_Chercheur_nucleides-1536x865.jpg 1536w, https:\/\/www.cerege.fr\/wp-content\/uploads\/2022\/10\/CEREGE_Enseignant_Chercheur_nucleides-scaled.jpg 2048w, https:\/\/www.cerege.fr\/wp-content\/uploads\/2022\/10\/CEREGE_Enseignant_Chercheur_nucleides-18x10.jpg 18w, https:\/\/www.cerege.fr\/wp-content\/uploads\/2022\/10\/CEREGE_Enseignant_Chercheur_nucleides-1320x743.jpg 1320w\" sizes=\"(max-width: 300px) 100vw, 300px\" \/><\/a>\n\t\t\t<\/div><\/figure><figure class='gallery-item'>\n\t\t\t<div class='gallery-icon landscape'>\n\t\t\t\t<a data-elementor-open-lightbox=\"yes\" data-elementor-lightbox-slideshow=\"37a65e50\" data-elementor-lightbox-title=\"\u00a9CEREGE_Chercheuse\" data-e-action-hash=\"#elementor-action%3Aaction%3Dlightbox%26settings%3DeyJpZCI6NjU2NywidXJsIjoiaHR0cHM6XC9cL3d3dy5jZXJlZ2UuZnJcL3dwLWNvbnRlbnRcL3VwbG9hZHNcLzIwMjJcLzEwXC9cdTAwYTlDRVJFR0VfQ2hlcmNoZXVzZS1zY2FsZWQuanBnIiwic2xpZGVzaG93IjoiMzdhNjVlNTAifQ%3D%3D\" href='https:\/\/www.cerege.fr\/wp-content\/uploads\/2022\/10\/\u00a9CEREGE_Chercheuse-scaled.jpg'><img decoding=\"async\" width=\"300\" height=\"203\" src=\"https:\/\/www.cerege.fr\/wp-content\/uploads\/2022\/10\/\u00a9CEREGE_Chercheuse-300x203.jpg\" class=\"attachment-medium size-medium\" alt=\"\" srcset=\"https:\/\/www.cerege.fr\/wp-content\/uploads\/2022\/10\/\u00a9CEREGE_Chercheuse-300x203.jpg 300w, https:\/\/www.cerege.fr\/wp-content\/uploads\/2022\/10\/\u00a9CEREGE_Chercheuse-1024x691.jpg 1024w, https:\/\/www.cerege.fr\/wp-content\/uploads\/2022\/10\/\u00a9CEREGE_Chercheuse-768x518.jpg 768w, https:\/\/www.cerege.fr\/wp-content\/uploads\/2022\/10\/\u00a9CEREGE_Chercheuse-1536x1037.jpg 1536w, https:\/\/www.cerege.fr\/wp-content\/uploads\/2022\/10\/\u00a9CEREGE_Chercheuse-scaled.jpg 2048w, https:\/\/www.cerege.fr\/wp-content\/uploads\/2022\/10\/\u00a9CEREGE_Chercheuse-18x12.jpg 18w, https:\/\/www.cerege.fr\/wp-content\/uploads\/2022\/10\/\u00a9CEREGE_Chercheuse-1320x891.jpg 1320w\" sizes=\"(max-width: 300px) 100vw, 300px\" \/><\/a>\n\t\t\t<\/div><\/figure><figure class='gallery-item'>\n\t\t\t<div class='gallery-icon landscape'>\n\t\t\t\t<a data-elementor-open-lightbox=\"yes\" data-elementor-lightbox-slideshow=\"37a65e50\" data-elementor-lightbox-title=\"\u00a9CEREGE_Chercheur4\" data-e-action-hash=\"#elementor-action%3Aaction%3Dlightbox%26settings%3DeyJpZCI6NjU2NCwidXJsIjoiaHR0cHM6XC9cL3d3dy5jZXJlZ2UuZnJcL3dwLWNvbnRlbnRcL3VwbG9hZHNcLzIwMjJcLzEwXC9cdTAwYTlDRVJFR0VfQ2hlcmNoZXVyNC5qcGciLCJzbGlkZXNob3ciOiIzN2E2NWU1MCJ9\" href='https:\/\/www.cerege.fr\/wp-content\/uploads\/2022\/10\/\u00a9CEREGE_Chercheur4.jpg'><img decoding=\"async\" width=\"300\" height=\"202\" src=\"https:\/\/www.cerege.fr\/wp-content\/uploads\/2022\/10\/\u00a9CEREGE_Chercheur4-300x202.jpg\" class=\"attachment-medium size-medium\" alt=\"\" srcset=\"https:\/\/www.cerege.fr\/wp-content\/uploads\/2022\/10\/\u00a9CEREGE_Chercheur4-300x202.jpg 300w, https:\/\/www.cerege.fr\/wp-content\/uploads\/2022\/10\/\u00a9CEREGE_Chercheur4-768x518.jpg 768w, https:\/\/www.cerege.fr\/wp-content\/uploads\/2022\/10\/\u00a9CEREGE_Chercheur4-18x12.jpg 18w, https:\/\/www.cerege.fr\/wp-content\/uploads\/2022\/10\/\u00a9CEREGE_Chercheur4.jpg 1008w\" sizes=\"(max-width: 300px) 100vw, 300px\" \/><\/a>\n\t\t\t<\/div><\/figure><figure class='gallery-item'>\n\t\t\t<div class='gallery-icon landscape'>\n\t\t\t\t<a data-elementor-open-lightbox=\"yes\" data-elementor-lightbox-slideshow=\"37a65e50\" data-elementor-lightbox-title=\"\u00a9CEREGE_Chercheur3\" data-e-action-hash=\"#elementor-action%3Aaction%3Dlightbox%26settings%3DeyJpZCI6NjU2MywidXJsIjoiaHR0cHM6XC9cL3d3dy5jZXJlZ2UuZnJcL3dwLWNvbnRlbnRcL3VwbG9hZHNcLzIwMjJcLzEwXC9cdTAwYTlDRVJFR0VfQ2hlcmNoZXVyMy5qcGciLCJzbGlkZXNob3ciOiIzN2E2NWU1MCJ9\" href='https:\/\/www.cerege.fr\/wp-content\/uploads\/2022\/10\/\u00a9CEREGE_Chercheur3.jpg'><img loading=\"lazy\" decoding=\"async\" width=\"300\" height=\"203\" src=\"https:\/\/www.cerege.fr\/wp-content\/uploads\/2022\/10\/\u00a9CEREGE_Chercheur3-300x203.jpg\" class=\"attachment-medium size-medium\" alt=\"\" srcset=\"https:\/\/www.cerege.fr\/wp-content\/uploads\/2022\/10\/\u00a9CEREGE_Chercheur3-300x203.jpg 300w, https:\/\/www.cerege.fr\/wp-content\/uploads\/2022\/10\/\u00a9CEREGE_Chercheur3-1024x691.jpg 1024w, https:\/\/www.cerege.fr\/wp-content\/uploads\/2022\/10\/\u00a9CEREGE_Chercheur3-768x519.jpg 768w, https:\/\/www.cerege.fr\/wp-content\/uploads\/2022\/10\/\u00a9CEREGE_Chercheur3-18x12.jpg 18w, https:\/\/www.cerege.fr\/wp-content\/uploads\/2022\/10\/\u00a9CEREGE_Chercheur3-1320x891.jpg 1320w, https:\/\/www.cerege.fr\/wp-content\/uploads\/2022\/10\/\u00a9CEREGE_Chercheur3.jpg 1333w\" sizes=\"(max-width: 300px) 100vw, 300px\" \/><\/a>\n\t\t\t<\/div><\/figure>\n\t\t<\/div>\n\t\t<\/div>\n\t\t\t\t\t\t<\/div>\n\t\t\t\t<\/div>\n\t\t\t\t\t<\/div>\n\t\t<\/div>\n\t\t\t\t<div class=\"elementor-column elementor-col-50 elementor-inner-column elementor-element elementor-element-3885198f\" data-id=\"3885198f\" data-element_type=\"column\" data-e-type=\"column\">\n\t\t\t<div class=\"elementor-widget-wrap elementor-element-populated\">\n\t\t\t\t\t\t<div class=\"elementor-element elementor-element-75e8fe60 elementor-widget elementor-widget-text-editor\" data-id=\"75e8fe60\" data-element_type=\"widget\" data-e-type=\"widget\" data-widget_type=\"text-editor.default\">\n\t\t\t\t<div class=\"elementor-widget-container\">\n\t\t\t\t\t\t\t\t\t<p>Les G\u00e9osciences (ou Sciences de la Terre) regroupent de nombreuses disciplines parfois mal connues des \u00e9tudiants. Elles sont cependant porteuses de nombreux d\u00e9bouch\u00e9s.<\/p>\t\t\t\t\t\t\t\t<\/div>\n\t\t\t\t<\/div>\n\t\t\t\t\t<\/div>\n\t\t<\/div>\n\t\t\t\t\t<\/div>\n\t\t<\/section>\n\t\t\t\t\t<\/div>\n\t\t<\/div>\n\t\t\t\t\t<\/div>\n\t\t<\/section>\n\t\t\t\t<section class=\"elementor-section elementor-top-section elementor-element elementor-element-8848dc7 elementor-section-boxed elementor-section-height-default elementor-section-height-default\" data-id=\"8848dc7\" data-element_type=\"section\" data-e-type=\"section\">\n\t\t\t\t\t\t<div class=\"elementor-container elementor-column-gap-default\">\n\t\t\t\t\t<div class=\"elementor-column elementor-col-50 elementor-top-column elementor-element elementor-element-43601a0\" data-id=\"43601a0\" data-element_type=\"column\" data-e-type=\"column\">\n\t\t\t<div class=\"elementor-widget-wrap elementor-element-populated\">\n\t\t\t\t\t\t<div class=\"elementor-element elementor-element-ad4dab7 elementor-widget elementor-widget-image\" data-id=\"ad4dab7\" data-element_type=\"widget\" data-e-type=\"widget\" data-widget_type=\"image.default\">\n\t\t\t\t<div class=\"elementor-widget-container\">\n\t\t\t\t\t\t\t\t\t\t\t\t\t\t\t\t<a href=\"https:\/\/www.cerege.fr\/fr\/communication\/metiers\/technicien-et-ingenieur\/\">\n\t\t\t\t\t\t\t<img loading=\"lazy\" decoding=\"async\" width=\"800\" height=\"540\" src=\"https:\/\/www.cerege.fr\/wp-content\/uploads\/2022\/10\/\u00a9CEREGE_Technicien-1024x691.jpg\" class=\"attachment-large size-large wp-image-6568\" alt=\"\" srcset=\"https:\/\/www.cerege.fr\/wp-content\/uploads\/2022\/10\/\u00a9CEREGE_Technicien-1024x691.jpg 1024w, https:\/\/www.cerege.fr\/wp-content\/uploads\/2022\/10\/\u00a9CEREGE_Technicien-300x202.jpg 300w, https:\/\/www.cerege.fr\/wp-content\/uploads\/2022\/10\/\u00a9CEREGE_Technicien-768x518.jpg 768w, https:\/\/www.cerege.fr\/wp-content\/uploads\/2022\/10\/\u00a9CEREGE_Technicien-1536x1037.jpg 1536w, https:\/\/www.cerege.fr\/wp-content\/uploads\/2022\/10\/\u00a9CEREGE_Technicien-scaled.jpg 2048w, https:\/\/www.cerege.fr\/wp-content\/uploads\/2022\/10\/\u00a9CEREGE_Technicien-18x12.jpg 18w, https:\/\/www.cerege.fr\/wp-content\/uploads\/2022\/10\/\u00a9CEREGE_Technicien-1320x891.jpg 1320w\" sizes=\"(max-width: 800px) 100vw, 800px\" \/>\t\t\t\t\t\t\t\t<\/a>\n\t\t\t\t\t\t\t\t\t\t\t\t\t\t\t<\/div>\n\t\t\t\t<\/div>\n\t\t\t\t<div class=\"elementor-element elementor-element-5156311 elementor-widget elementor-widget-heading\" data-id=\"5156311\" data-element_type=\"widget\" data-e-type=\"widget\" data-widget_type=\"heading.default\">\n\t\t\t\t<div class=\"elementor-widget-container\">\n\t\t\t\t\t<h2 class=\"elementor-heading-title elementor-size-default\"><a href=\"https:\/\/www.cerege.fr\/fr\/communication\/metiers\/technicien-et-ingenieur\/\">Technicien et Ing\u00e9nieur<\/a><\/h2>\t\t\t\t<\/div>\n\t\t\t\t<\/div>\n\t\t\t\t<div class=\"elementor-element elementor-element-5a2b756 elementor-widget elementor-widget-text-editor\" data-id=\"5a2b756\" data-element_type=\"widget\" data-e-type=\"widget\" data-widget_type=\"text-editor.default\">\n\t\t\t\t<div class=\"elementor-widget-container\">\n\t\t\t\t\t\t\t\t\t<p>Les ing\u00e9nieurs, assistants ing\u00e9nieurs et techniciens \u00a0se consacrent aux activit\u00e9s de recherche et de soutien \u00e0 la recherche ou interviennent au sein de fonctions administratives. \u00a0Ils travaillent ensemble au sein des 1 200 laboratoires situ\u00e9s en France et \u00e0 l\u2019\u00e9tranger<\/p>\t\t\t\t\t\t\t\t<\/div>\n\t\t\t\t<\/div>\n\t\t\t\t\t<\/div>\n\t\t<\/div>\n\t\t\t\t<div class=\"elementor-column elementor-col-50 elementor-top-column elementor-element elementor-element-26ab3ea\" data-id=\"26ab3ea\" data-element_type=\"column\" data-e-type=\"column\">\n\t\t\t<div class=\"elementor-widget-wrap elementor-element-populated\">\n\t\t\t\t\t\t<div class=\"elementor-element elementor-element-67afa5f elementor-widget elementor-widget-image\" data-id=\"67afa5f\" data-element_type=\"widget\" data-e-type=\"widget\" data-widget_type=\"image.default\">\n\t\t\t\t<div class=\"elementor-widget-container\">\n\t\t\t\t\t\t\t\t\t\t\t\t\t\t\t\t<a href=\"https:\/\/www.cerege.fr\/fr\/communication\/metiers\/chercheur\/\" target=\"_blank\">\n\t\t\t\t\t\t\t<img loading=\"lazy\" decoding=\"async\" width=\"800\" height=\"540\" src=\"https:\/\/www.cerege.fr\/wp-content\/uploads\/2022\/10\/\u00a9CEREGE_Chercheurs2-1024x691.jpg\" class=\"attachment-large size-large wp-image-6565\" alt=\"\" srcset=\"https:\/\/www.cerege.fr\/wp-content\/uploads\/2022\/10\/\u00a9CEREGE_Chercheurs2-1024x691.jpg 1024w, https:\/\/www.cerege.fr\/wp-content\/uploads\/2022\/10\/\u00a9CEREGE_Chercheurs2-300x203.jpg 300w, https:\/\/www.cerege.fr\/wp-content\/uploads\/2022\/10\/\u00a9CEREGE_Chercheurs2-768x518.jpg 768w, https:\/\/www.cerege.fr\/wp-content\/uploads\/2022\/10\/\u00a9CEREGE_Chercheurs2-1536x1037.jpg 1536w, https:\/\/www.cerege.fr\/wp-content\/uploads\/2022\/10\/\u00a9CEREGE_Chercheurs2-scaled.jpg 2048w, https:\/\/www.cerege.fr\/wp-content\/uploads\/2022\/10\/\u00a9CEREGE_Chercheurs2-18x12.jpg 18w, https:\/\/www.cerege.fr\/wp-content\/uploads\/2022\/10\/\u00a9CEREGE_Chercheurs2-1320x891.jpg 1320w\" sizes=\"(max-width: 800px) 100vw, 800px\" \/>\t\t\t\t\t\t\t\t<\/a>\n\t\t\t\t\t\t\t\t\t\t\t\t\t\t\t<\/div>\n\t\t\t\t<\/div>\n\t\t\t\t<div class=\"elementor-element elementor-element-0d6df0c elementor-widget elementor-widget-heading\" data-id=\"0d6df0c\" data-element_type=\"widget\" data-e-type=\"widget\" data-widget_type=\"heading.default\">\n\t\t\t\t<div class=\"elementor-widget-container\">\n\t\t\t\t\t<h2 class=\"elementor-heading-title elementor-size-default\"><a href=\"https:\/\/www.cerege.fr\/fr\/communication\/metiers\/chercheur\/\">Chercheur<\/a><\/h2>\t\t\t\t<\/div>\n\t\t\t\t<\/div>\n\t\t\t\t<div class=\"elementor-element elementor-element-e0b7a85 elementor-widget elementor-widget-text-editor\" data-id=\"e0b7a85\" data-element_type=\"widget\" data-e-type=\"widget\" data-widget_type=\"text-editor.default\">\n\t\t\t\t<div class=\"elementor-widget-container\">\n\t\t\t\t\t\t\t\t\t<p>Un chercheur est un scientifique de haut niveau investi dans le domaine de la recherche qui travaille dans les unit\u00e9s de recherche (INRA, INSERM, INSEE, CNRS, CNES\u2026)<\/p><p>\u00a0<\/p>\t\t\t\t\t\t\t\t<\/div>\n\t\t\t\t<\/div>\n\t\t\t\t\t<\/div>\n\t\t<\/div>\n\t\t\t\t\t<\/div>\n\t\t<\/section>\n\t\t\t\t<section class=\"elementor-section elementor-top-section elementor-element elementor-element-2917c4b elementor-section-boxed elementor-section-height-default elementor-section-height-default\" data-id=\"2917c4b\" data-element_type=\"section\" data-e-type=\"section\">\n\t\t\t\t\t\t<div class=\"elementor-container elementor-column-gap-default\">\n\t\t\t\t\t<div class=\"elementor-column elementor-col-50 elementor-top-column elementor-element elementor-element-2f6410b\" data-id=\"2f6410b\" data-element_type=\"column\" data-e-type=\"column\">\n\t\t\t<div class=\"elementor-widget-wrap elementor-element-populated\">\n\t\t\t\t\t\t<div class=\"elementor-element elementor-element-9070c0d elementor-widget elementor-widget-image\" data-id=\"9070c0d\" data-element_type=\"widget\" data-e-type=\"widget\" data-widget_type=\"image.default\">\n\t\t\t\t<div class=\"elementor-widget-container\">\n\t\t\t\t\t\t\t\t\t\t\t\t\t\t\t\t<a href=\"https:\/\/www.cerege.fr\/fr\/communication\/metiers\/enseignant-chercheur-2\/\">\n\t\t\t\t\t\t\t<img loading=\"lazy\" decoding=\"async\" width=\"800\" height=\"540\" src=\"https:\/\/www.cerege.fr\/wp-content\/uploads\/2022\/10\/CEREGE_Enseignant_Chercheur-1-1024x691.jpg\" class=\"attachment-large size-large wp-image-6571\" alt=\"\" srcset=\"https:\/\/www.cerege.fr\/wp-content\/uploads\/2022\/10\/CEREGE_Enseignant_Chercheur-1-1024x691.jpg 1024w, https:\/\/www.cerege.fr\/wp-content\/uploads\/2022\/10\/CEREGE_Enseignant_Chercheur-1-300x202.jpg 300w, https:\/\/www.cerege.fr\/wp-content\/uploads\/2022\/10\/CEREGE_Enseignant_Chercheur-1-768x518.jpg 768w, https:\/\/www.cerege.fr\/wp-content\/uploads\/2022\/10\/CEREGE_Enseignant_Chercheur-1-1536x1036.jpg 1536w, https:\/\/www.cerege.fr\/wp-content\/uploads\/2022\/10\/CEREGE_Enseignant_Chercheur-1-scaled.jpg 2048w, https:\/\/www.cerege.fr\/wp-content\/uploads\/2022\/10\/CEREGE_Enseignant_Chercheur-1-18x12.jpg 18w, https:\/\/www.cerege.fr\/wp-content\/uploads\/2022\/10\/CEREGE_Enseignant_Chercheur-1-1320x891.jpg 1320w\" sizes=\"(max-width: 800px) 100vw, 800px\" \/>\t\t\t\t\t\t\t\t<\/a>\n\t\t\t\t\t\t\t\t\t\t\t\t\t\t\t<\/div>\n\t\t\t\t<\/div>\n\t\t\t\t<div class=\"elementor-element elementor-element-a6861f6 elementor-widget elementor-widget-heading\" data-id=\"a6861f6\" data-element_type=\"widget\" data-e-type=\"widget\" data-widget_type=\"heading.default\">\n\t\t\t\t<div class=\"elementor-widget-container\">\n\t\t\t\t\t<h2 class=\"elementor-heading-title elementor-size-default\"><a href=\"https:\/\/www.cerege.fr\/fr\/communication\/metiers\/enseignant-chercheur-2\/\">Enseignant-Chercheur<\/a><\/h2>\t\t\t\t<\/div>\n\t\t\t\t<\/div>\n\t\t\t\t<div class=\"elementor-element elementor-element-baf1fc8 elementor-widget elementor-widget-text-editor\" data-id=\"baf1fc8\" data-element_type=\"widget\" data-e-type=\"widget\" data-widget_type=\"text-editor.default\">\n\t\t\t\t<div class=\"elementor-widget-container\">\n\t\t\t\t\t\t\t\t\t<p>L&#8217;enseignant-chercheur travaille dans une universit\u00e9 ou une grande \u00e9cole. Il a une double mission : comme professeur, il encadre des \u00e9tudiants et leur transmet son savoir, et comme chercheur, \u00a0il travaille pendant des ann\u00e9es sur un sujet sur lequel il \u00e9crit des articles ou donne des conf\u00e9rences.<\/p>\t\t\t\t\t\t\t\t<\/div>\n\t\t\t\t<\/div>\n\t\t\t\t\t<\/div>\n\t\t<\/div>\n\t\t\t\t<div class=\"elementor-column elementor-col-50 elementor-top-column elementor-element elementor-element-d834d2f\" data-id=\"d834d2f\" data-element_type=\"column\" data-e-type=\"column\">\n\t\t\t<div class=\"elementor-widget-wrap elementor-element-populated\">\n\t\t\t\t\t\t<div class=\"elementor-element elementor-element-5cd678d elementor-widget elementor-widget-image\" data-id=\"5cd678d\" data-element_type=\"widget\" data-e-type=\"widget\" data-widget_type=\"image.default\">\n\t\t\t\t<div class=\"elementor-widget-container\">\n\t\t\t\t\t\t\t\t\t\t\t\t\t\t\t<img loading=\"lazy\" decoding=\"async\" width=\"800\" height=\"540\" src=\"https:\/\/www.cerege.fr\/wp-content\/uploads\/2022\/10\/\u00a9CEREGE_Gestionnaire-1024x691.jpg\" class=\"attachment-large size-large wp-image-6615\" alt=\"\" srcset=\"https:\/\/www.cerege.fr\/wp-content\/uploads\/2022\/10\/\u00a9CEREGE_Gestionnaire-1024x691.jpg 1024w, https:\/\/www.cerege.fr\/wp-content\/uploads\/2022\/10\/\u00a9CEREGE_Gestionnaire-300x203.jpg 300w, https:\/\/www.cerege.fr\/wp-content\/uploads\/2022\/10\/\u00a9CEREGE_Gestionnaire-768x518.jpg 768w, https:\/\/www.cerege.fr\/wp-content\/uploads\/2022\/10\/\u00a9CEREGE_Gestionnaire-1536x1037.jpg 1536w, https:\/\/www.cerege.fr\/wp-content\/uploads\/2022\/10\/\u00a9CEREGE_Gestionnaire-scaled.jpg 2048w, https:\/\/www.cerege.fr\/wp-content\/uploads\/2022\/10\/\u00a9CEREGE_Gestionnaire-18x12.jpg 18w, https:\/\/www.cerege.fr\/wp-content\/uploads\/2022\/10\/\u00a9CEREGE_Gestionnaire-1320x891.jpg 1320w\" sizes=\"(max-width: 800px) 100vw, 800px\" \/>\t\t\t\t\t\t\t\t\t\t\t\t\t\t\t<\/div>\n\t\t\t\t<\/div>\n\t\t\t\t<div class=\"elementor-element elementor-element-0814baa elementor-widget elementor-widget-heading\" data-id=\"0814baa\" data-element_type=\"widget\" data-e-type=\"widget\" data-widget_type=\"heading.default\">\n\t\t\t\t<div class=\"elementor-widget-container\">\n\t\t\t\t\t<h2 class=\"elementor-heading-title elementor-size-default\">Gestionnaire<\/h2>\t\t\t\t<\/div>\n\t\t\t\t<\/div>\n\t\t\t\t<div class=\"elementor-element elementor-element-31e67fe elementor-widget elementor-widget-text-editor\" data-id=\"31e67fe\" data-element_type=\"widget\" data-e-type=\"widget\" data-widget_type=\"text-editor.default\">\n\t\t\t\t<div class=\"elementor-widget-container\">\n\t\t\t\t\t\t\t\t\t<div class=\"page\" title=\"Page 2\"><div class=\"section\"><div class=\"layoutArea\"><div class=\"column\"><p>Les gestionnaires mettent en place et coordonnent l&#8217;ensemble des activite\u0301s de gestion, d&#8217;administration et de de\u0301ploiement technique permettant d\u2019accompagner les projets scientifiques du laboratoire en relation avec le directeur et le directeur-adjoint de l\u2019unite\u0301.<\/p><\/div><\/div><\/div><\/div>\t\t\t\t\t\t\t\t<\/div>\n\t\t\t\t<\/div>\n\t\t\t\t\t<\/div>\n\t\t<\/div>\n\t\t\t\t\t<\/div>\n\t\t<\/section>\n\t\t\t\t<\/div>\n\t\t","protected":false},"excerpt":{"rendered":"<p>Les G\u00e9osciences (ou Sciences de la Terre) regroupent de nombreuses disciplines parfois mal connues des \u00e9tudiants. Elles sont cependant porteuses de nombreux d\u00e9bouch\u00e9s. Technicien et Ing\u00e9nieur Les ing\u00e9nieurs, assistants ing\u00e9nieurs [&hellip;]<\/p>\n","protected":false},"author":1,"featured_media":6650,"parent":820,"menu_order":72,"comment_status":"closed","ping_status":"closed","template":"","meta":{"_acf_changed":false,"footnotes":""},"class_list":["post-889","page","type-page","status-publish","has-post-thumbnail","hentry"],"acf":[],"publishpress_future_action":{"enabled":false,"date":"2026-04-14 15:14:18","action":"change-status","newStatus":"draft","terms":[],"taxonomy":"","extraData":[]},"publishpress_future_workflow_manual_trigger":{"enabledWorkflows":[]},"_links":{"self":[{"href":"https:\/\/www.cerege.fr\/en\/wp-json\/wp\/v2\/pages\/889","targetHints":{"allow":["GET"]}}],"collection":[{"href":"https:\/\/www.cerege.fr\/en\/wp-json\/wp\/v2\/pages"}],"about":[{"href":"https:\/\/www.cerege.fr\/en\/wp-json\/wp\/v2\/types\/page"}],"author":[{"embeddable":true,"href":"https:\/\/www.cerege.fr\/en\/wp-json\/wp\/v2\/users\/1"}],"replies":[{"embeddable":true,"href":"https:\/\/www.cerege.fr\/en\/wp-json\/wp\/v2\/comments?post=889"}],"version-history":[{"count":5,"href":"https:\/\/www.cerege.fr\/en\/wp-json\/wp\/v2\/pages\/889\/revisions"}],"predecessor-version":[{"id":12872,"href":"https:\/\/www.cerege.fr\/en\/wp-json\/wp\/v2\/pages\/889\/revisions\/12872"}],"up":[{"embeddable":true,"href":"https:\/\/www.cerege.fr\/en\/wp-json\/wp\/v2\/pages\/820"}],"wp:featuredmedia":[{"embeddable":true,"href":"https:\/\/www.cerege.fr\/en\/wp-json\/wp\/v2\/media\/6650"}],"wp:attachment":[{"href":"https:\/\/www.cerege.fr\/en\/wp-json\/wp\/v2\/media?parent=889"}],"curies":[{"name":"wp","href":"https:\/\/api.w.org\/{rel}","templated":true}]}}