{"id":9276,"date":"2022-11-24T08:54:27","date_gmt":"2022-11-24T07:54:27","guid":{"rendered":"https:\/\/www.cerege.fr\/?page_id=9276"},"modified":"2023-01-17T15:16:11","modified_gmt":"2023-01-17T14:16:11","slug":"geochemistry-organic-inorganic-and-isotopic-2","status":"publish","type":"page","link":"https:\/\/www.cerege.fr\/en\/equipements\/poles-techniques\/geochimie-organique-inorganique-et-isotopique-2\/","title":{"rendered":"Organic, Inorganic and Isotopic Geochemistry Laboratory (LGO2i)"},"content":{"rendered":"\t\t<div data-elementor-type=\"wp-page\" data-elementor-id=\"9276\" class=\"elementor elementor-9276\" data-elementor-post-type=\"page\">\n\t\t\t\t\t\t<section class=\"elementor-section elementor-top-section elementor-element elementor-element-38c458b3 elementor-section-full_width elementor-section-height-min-height elementor-section-height-default elementor-section-items-middle\" data-id=\"38c458b3\" data-element_type=\"section\" data-e-type=\"section\" data-settings=\"{&quot;background_background&quot;:&quot;classic&quot;}\">\n\t\t\t\t\t\t<div class=\"elementor-container elementor-column-gap-default\">\n\t\t\t\t\t<div class=\"elementor-column elementor-col-100 elementor-top-column elementor-element elementor-element-14d8c3ba\" data-id=\"14d8c3ba\" data-element_type=\"column\" data-e-type=\"column\">\n\t\t\t<div class=\"elementor-widget-wrap\">\n\t\t\t\t\t\t\t<\/div>\n\t\t<\/div>\n\t\t\t\t\t<\/div>\n\t\t<\/section>\n\t\t\t\t<section class=\"elementor-section elementor-top-section elementor-element elementor-element-60c7b5f4 elementor-section-boxed elementor-section-height-default elementor-section-height-default\" data-id=\"60c7b5f4\" data-element_type=\"section\" data-e-type=\"section\">\n\t\t\t\t\t\t<div class=\"elementor-container elementor-column-gap-default\">\n\t\t\t\t\t<div class=\"elementor-column elementor-col-100 elementor-top-column elementor-element elementor-element-1d12e68f\" data-id=\"1d12e68f\" data-element_type=\"column\" data-e-type=\"column\">\n\t\t\t<div class=\"elementor-widget-wrap elementor-element-populated\">\n\t\t\t\t\t\t<div class=\"elementor-element elementor-element-acf152a elementor-widget elementor-widget-shortcode\" data-id=\"acf152a\" data-element_type=\"widget\" data-e-type=\"widget\" data-widget_type=\"shortcode.default\">\n\t\t\t\t<div class=\"elementor-widget-container\">\n\t\t\t\t\t\t\t<div class=\"elementor-shortcode\"><nav aria-label=\"breadcrumbs\">\n            <div class=\"breadcrumb-container theme1\">\n                <ol>\n                                    <\/ol>\n            <\/div>\n        <\/nav>    <script type=\"application\/ld+json\">\n        {\n            \"@context\": \"http:\/\/schema.org\",\n            \"@type\": \"BreadcrumbList\",\n            \"itemListElement\": [\n                            ]\n        }\n    <\/script>\n   \n    <script>\n            <\/script>\n<\/div>\n\t\t\t\t\t\t<\/div>\n\t\t\t\t<\/div>\n\t\t\t\t<section class=\"elementor-section elementor-inner-section elementor-element elementor-element-1d295b7b elementor-section-boxed elementor-section-height-default elementor-section-height-default\" data-id=\"1d295b7b\" data-element_type=\"section\" data-e-type=\"section\">\n\t\t\t\t\t\t<div class=\"elementor-container elementor-column-gap-default\">\n\t\t\t\t\t<div class=\"elementor-column elementor-col-50 elementor-inner-column elementor-element elementor-element-6d52d974\" data-id=\"6d52d974\" data-element_type=\"column\" data-e-type=\"column\">\n\t\t\t<div class=\"elementor-widget-wrap\">\n\t\t\t\t\t\t\t<\/div>\n\t\t<\/div>\n\t\t\t\t<div class=\"elementor-column elementor-col-50 elementor-inner-column elementor-element elementor-element-287df9aa\" data-id=\"287df9aa\" data-element_type=\"column\" data-e-type=\"column\">\n\t\t\t<div class=\"elementor-widget-wrap elementor-element-populated\">\n\t\t\t\t\t\t\t<\/div>\n\t\t<\/div>\n\t\t\t\t\t<\/div>\n\t\t<\/section>\n\t\t\t\t<section class=\"elementor-section elementor-inner-section elementor-element elementor-element-210550be elementor-reverse-mobile elementor-section-boxed elementor-section-height-default elementor-section-height-default\" data-id=\"210550be\" data-element_type=\"section\" data-e-type=\"section\">\n\t\t\t\t\t\t<div class=\"elementor-container elementor-column-gap-default\">\n\t\t\t\t\t<div class=\"elementor-column elementor-col-100 elementor-inner-column elementor-element elementor-element-75055dd1\" data-id=\"75055dd1\" data-element_type=\"column\" data-e-type=\"column\">\n\t\t\t<div class=\"elementor-widget-wrap elementor-element-populated\">\n\t\t\t\t\t\t\t<\/div>\n\t\t<\/div>\n\t\t\t\t\t<\/div>\n\t\t<\/section>\n\t\t\t\t<section class=\"elementor-section elementor-inner-section elementor-element elementor-element-bebc366 elementor-section-boxed elementor-section-height-default elementor-section-height-default\" data-id=\"bebc366\" data-element_type=\"section\" data-e-type=\"section\">\n\t\t\t\t\t\t<div class=\"elementor-container elementor-column-gap-default\">\n\t\t\t\t\t<div class=\"elementor-column elementor-col-33 elementor-inner-column elementor-element elementor-element-66dbd2cd\" data-id=\"66dbd2cd\" data-element_type=\"column\" data-e-type=\"column\">\n\t\t\t<div class=\"elementor-widget-wrap elementor-element-populated\">\n\t\t\t\t\t\t<div class=\"elementor-element elementor-element-32912dc6 elementor-widget elementor-widget-text-editor\" data-id=\"32912dc6\" data-element_type=\"widget\" data-e-type=\"widget\" data-widget_type=\"text-editor.default\">\n\t\t\t\t<div class=\"elementor-widget-container\">\n\t\t\t\t\t\t\t\t\t<p><span style=\"font-weight: normal;\"><span style=\"color: #0f72bb;\">Contacts<\/span><\/span><\/p><ul><li><p>Responsable scientifique:<br \/><a href=\"https:\/\/www.cerege.fr\/fr\/author\/edouard-bard\/\">Edouard Bard<\/a><\/p><\/li><li><p>Responsable technique: <br \/><a href=\"https:\/\/www.cerege.fr\/fr\/author\/yoann-fagault\/\">Yoann Fagault<\/a><\/p><\/li><\/ul>\t\t\t\t\t\t\t\t<\/div>\n\t\t\t\t<\/div>\n\t\t\t\t\t<\/div>\n\t\t<\/div>\n\t\t\t\t<div class=\"elementor-column elementor-col-33 elementor-inner-column elementor-element elementor-element-268ff0ac\" data-id=\"268ff0ac\" data-element_type=\"column\" data-e-type=\"column\">\n\t\t\t<div class=\"elementor-widget-wrap elementor-element-populated\">\n\t\t\t\t\t\t<div class=\"elementor-element elementor-element-17ba6722 elementor-widget elementor-widget-text-editor\" data-id=\"17ba6722\" data-element_type=\"widget\" data-e-type=\"widget\" data-widget_type=\"text-editor.default\">\n\t\t\t\t<div class=\"elementor-widget-container\">\n\t\t\t\t\t\t\t\t\t<p>Le LGO2i regroupe quatre unit\u00e9s de g\u00e9ochimie d\u00e9di\u00e9es \u00e0 de nouvelles m\u00e9thodes quantitatives pour d\u00e9terminer l&#8217;ampleur et la chronologie des variations climatiques \u00e0 partir d\u2019archives vari\u00e9es comme les s\u00e9diments oc\u00e9aniques et lacustres, les coraux, les sp\u00e9l\u00e9oth\u00e8mes et les glaces polaires.<\/p><p>Les multiples indicateurs g\u00e9ochimiques (\u00ab\u00a0proxies\u00a0\u00bb) mesur\u00e9s dans les quatre unit\u00e9s du LGO2i sont souvent compl\u00e9mentaires, permettant soit d\u2019\u00e9tudier un m\u00eame \u00e9v\u00e9nement climatique dans diff\u00e9rents types d\u2019archives, soit de reconstituer des param\u00e8tres environnementaux diff\u00e9rents dans une m\u00eame archive.<\/p><p>Nos \u00e9quipements sont h\u00e9berg\u00e9s principalement dans le b\u00e2timent du Trocad\u00e9ro de l\u2019Arbois, antenne du Coll\u00e8ge de France inaugur\u00e9e en 2005 et int\u00e9gr\u00e9e depuis dans l\u2019UMR CEREGE. En 2014, le Trocad\u00e9ro a fait l\u2019objet d\u2019am\u00e9nagements et de la construction d\u2019une extension pour accueillir le spectrom\u00e8tre de masse par acc\u00e9l\u00e9rateur d\u00e9di\u00e9 au radiocarbone (AixMICADAS) ainsi que l\u2019unit\u00e9 de chimie des glaces polaires. <\/p>\t\t\t\t\t\t\t\t<\/div>\n\t\t\t\t<\/div>\n\t\t\t\t\t<\/div>\n\t\t<\/div>\n\t\t\t\t<div class=\"elementor-column elementor-col-33 elementor-inner-column elementor-element elementor-element-6c70fd4f\" data-id=\"6c70fd4f\" data-element_type=\"column\" data-e-type=\"column\">\n\t\t\t<div class=\"elementor-widget-wrap elementor-element-populated\">\n\t\t\t\t\t\t<div class=\"elementor-element elementor-element-538c233e elementor-widget elementor-widget-image\" data-id=\"538c233e\" data-element_type=\"widget\" data-e-type=\"widget\" data-widget_type=\"image.default\">\n\t\t\t\t<div class=\"elementor-widget-container\">\n\t\t\t\t\t\t\t\t\t\t\t\t\t\t\t<img fetchpriority=\"high\" decoding=\"async\" width=\"400\" height=\"250\" src=\"https:\/\/www.cerege.fr\/wp-content\/uploads\/2023\/01\/coraux.png\" class=\"attachment-large size-large wp-image-15056\" alt=\"\" srcset=\"https:\/\/www.cerege.fr\/wp-content\/uploads\/2023\/01\/coraux.png 400w, https:\/\/www.cerege.fr\/wp-content\/uploads\/2023\/01\/coraux-300x188.png 300w, https:\/\/www.cerege.fr\/wp-content\/uploads\/2023\/01\/coraux-18x12.png 18w\" sizes=\"(max-width: 400px) 100vw, 400px\" \/>\t\t\t\t\t\t\t\t\t\t\t\t\t\t\t<\/div>\n\t\t\t\t<\/div>\n\t\t\t\t<div class=\"elementor-element elementor-element-5774e32e elementor-widget elementor-widget-gallery\" data-id=\"5774e32e\" data-element_type=\"widget\" data-e-type=\"widget\" data-settings=\"{&quot;columns&quot;:3,&quot;lazyload&quot;:&quot;yes&quot;,&quot;gallery_layout&quot;:&quot;grid&quot;,&quot;columns_tablet&quot;:2,&quot;columns_mobile&quot;:1,&quot;gap&quot;:{&quot;unit&quot;:&quot;px&quot;,&quot;size&quot;:10,&quot;sizes&quot;:[]},&quot;gap_tablet&quot;:{&quot;unit&quot;:&quot;px&quot;,&quot;size&quot;:10,&quot;sizes&quot;:[]},&quot;gap_mobile&quot;:{&quot;unit&quot;:&quot;px&quot;,&quot;size&quot;:10,&quot;sizes&quot;:[]},&quot;link_to&quot;:&quot;file&quot;,&quot;aspect_ratio&quot;:&quot;3:2&quot;,&quot;overlay_background&quot;:&quot;yes&quot;,&quot;content_hover_animation&quot;:&quot;fade-in&quot;}\" data-widget_type=\"gallery.default\">\n\t\t\t\t<div class=\"elementor-widget-container\">\n\t\t\t\t\t\t\t<div class=\"elementor-gallery__container\">\n\t\t\t\t\t\t\t<a class=\"e-gallery-item elementor-gallery-item elementor-animated-content\" href=\"https:\/\/www.cerege.fr\/wp-content\/uploads\/2023\/01\/coupe_bois.jpg\" data-elementor-open-lightbox=\"yes\" data-elementor-lightbox-slideshow=\"5774e32e\" data-elementor-lightbox-title=\"coupe_bois\" data-e-action-hash=\"#elementor-action%3Aaction%3Dlightbox%26settings%3DeyJpZCI6MTM4OTMsInVybCI6Imh0dHBzOlwvXC93d3cuY2VyZWdlLmZyXC93cC1jb250ZW50XC91cGxvYWRzXC8yMDIzXC8wMVwvY291cGVfYm9pcy5qcGciLCJzbGlkZXNob3ciOiI1Nzc0ZTMyZSJ9\">\n\t\t\t\t\t<div class=\"e-gallery-image elementor-gallery-item__image\" data-thumbnail=\"https:\/\/www.cerege.fr\/wp-content\/uploads\/2023\/01\/coupe_bois.jpg\" data-width=\"400\" data-height=\"250\" aria-label=\"\" role=\"img\" ><\/div>\n\t\t\t\t\t\t\t\t\t\t\t<div class=\"elementor-gallery-item__overlay\"><\/div>\n\t\t\t\t\t\t\t\t\t\t\t\t\t\t<\/a>\n\t\t\t\t\t\t\t<a class=\"e-gallery-item elementor-gallery-item elementor-animated-content\" href=\"https:\/\/www.cerege.fr\/wp-content\/uploads\/2023\/01\/bois.jpeg\" data-elementor-open-lightbox=\"yes\" data-elementor-lightbox-slideshow=\"5774e32e\" data-elementor-lightbox-title=\"bois\" data-e-action-hash=\"#elementor-action%3Aaction%3Dlightbox%26settings%3DeyJpZCI6MTM4OTAsInVybCI6Imh0dHBzOlwvXC93d3cuY2VyZWdlLmZyXC93cC1jb250ZW50XC91cGxvYWRzXC8yMDIzXC8wMVwvYm9pcy5qcGVnIiwic2xpZGVzaG93IjoiNTc3NGUzMmUifQ%3D%3D\">\n\t\t\t\t\t<div class=\"e-gallery-image elementor-gallery-item__image\" data-thumbnail=\"https:\/\/www.cerege.fr\/wp-content\/uploads\/2023\/01\/bois.jpeg\" data-width=\"400\" data-height=\"250\" aria-label=\"\" role=\"img\" ><\/div>\n\t\t\t\t\t\t\t\t\t\t\t<div class=\"elementor-gallery-item__overlay\"><\/div>\n\t\t\t\t\t\t\t\t\t\t\t\t\t\t<\/a>\n\t\t\t\t\t\t\t<a class=\"e-gallery-item elementor-gallery-item elementor-animated-content\" href=\"https:\/\/www.cerege.fr\/wp-content\/uploads\/2023\/01\/aerosol.png\" data-elementor-open-lightbox=\"yes\" data-elementor-lightbox-slideshow=\"5774e32e\" data-elementor-lightbox-title=\"aerosol\" data-e-action-hash=\"#elementor-action%3Aaction%3Dlightbox%26settings%3DeyJpZCI6MTUwNTMsInVybCI6Imh0dHBzOlwvXC93d3cuY2VyZWdlLmZyXC93cC1jb250ZW50XC91cGxvYWRzXC8yMDIzXC8wMVwvYWVyb3NvbC5wbmciLCJzbGlkZXNob3ciOiI1Nzc0ZTMyZSJ9\">\n\t\t\t\t\t<div class=\"e-gallery-image elementor-gallery-item__image\" data-thumbnail=\"https:\/\/www.cerege.fr\/wp-content\/uploads\/2023\/01\/aerosol.png\" data-width=\"400\" data-height=\"250\" aria-label=\"\" role=\"img\" ><\/div>\n\t\t\t\t\t\t\t\t\t\t\t<div class=\"elementor-gallery-item__overlay\"><\/div>\n\t\t\t\t\t\t\t\t\t\t\t\t\t\t<\/a>\n\t\t\t\t\t\t\t<a class=\"e-gallery-item elementor-gallery-item elementor-animated-content\" href=\"https:\/\/www.cerege.fr\/wp-content\/uploads\/2023\/01\/Micadas_72DPI.jpg\" data-elementor-open-lightbox=\"yes\" data-elementor-lightbox-slideshow=\"5774e32e\" data-elementor-lightbox-title=\"Micadas_72DPI\" data-e-action-hash=\"#elementor-action%3Aaction%3Dlightbox%26settings%3DeyJpZCI6MTUwNTksInVybCI6Imh0dHBzOlwvXC93d3cuY2VyZWdlLmZyXC93cC1jb250ZW50XC91cGxvYWRzXC8yMDIzXC8wMVwvTWljYWRhc183MkRQSS5qcGciLCJzbGlkZXNob3ciOiI1Nzc0ZTMyZSJ9\">\n\t\t\t\t\t<div class=\"e-gallery-image elementor-gallery-item__image\" data-thumbnail=\"https:\/\/www.cerege.fr\/wp-content\/uploads\/2023\/01\/Micadas_72DPI.jpg\" data-width=\"400\" data-height=\"250\" aria-label=\"\" role=\"img\" ><\/div>\n\t\t\t\t\t\t\t\t\t\t\t<div class=\"elementor-gallery-item__overlay\"><\/div>\n\t\t\t\t\t\t\t\t\t\t\t\t\t\t<\/a>\n\t\t\t\t\t\t\t<a class=\"e-gallery-item elementor-gallery-item elementor-animated-content\" href=\"https:\/\/www.cerege.fr\/wp-content\/uploads\/2023\/01\/burial_DV-1.png\" data-elementor-open-lightbox=\"yes\" data-elementor-lightbox-slideshow=\"5774e32e\" data-elementor-lightbox-title=\"burial_DV\" data-e-action-hash=\"#elementor-action%3Aaction%3Dlightbox%26settings%3DeyJpZCI6MTUwNTUsInVybCI6Imh0dHBzOlwvXC93d3cuY2VyZWdlLmZyXC93cC1jb250ZW50XC91cGxvYWRzXC8yMDIzXC8wMVwvYnVyaWFsX0RWLTEucG5nIiwic2xpZGVzaG93IjoiNTc3NGUzMmUifQ%3D%3D\">\n\t\t\t\t\t<div class=\"e-gallery-image elementor-gallery-item__image\" data-thumbnail=\"https:\/\/www.cerege.fr\/wp-content\/uploads\/2023\/01\/burial_DV-1.png\" data-width=\"400\" data-height=\"250\" aria-label=\"\" role=\"img\" ><\/div>\n\t\t\t\t\t\t\t\t\t\t\t<div class=\"elementor-gallery-item__overlay\"><\/div>\n\t\t\t\t\t\t\t\t\t\t\t\t\t\t<\/a>\n\t\t\t\t\t\t\t<a class=\"e-gallery-item elementor-gallery-item elementor-animated-content\" href=\"https:\/\/www.cerege.fr\/wp-content\/uploads\/2023\/01\/Glace-polaire.jpg\" data-elementor-open-lightbox=\"yes\" data-elementor-lightbox-slideshow=\"5774e32e\" data-elementor-lightbox-title=\"Glace polaire\" data-e-action-hash=\"#elementor-action%3Aaction%3Dlightbox%26settings%3DeyJpZCI6MTU0ODcsInVybCI6Imh0dHBzOlwvXC93d3cuY2VyZWdlLmZyXC93cC1jb250ZW50XC91cGxvYWRzXC8yMDIzXC8wMVwvR2xhY2UtcG9sYWlyZS5qcGciLCJzbGlkZXNob3ciOiI1Nzc0ZTMyZSJ9\">\n\t\t\t\t\t<div class=\"e-gallery-image elementor-gallery-item__image\" data-thumbnail=\"https:\/\/www.cerege.fr\/wp-content\/uploads\/2023\/01\/Glace-polaire.jpg\" data-width=\"400\" data-height=\"250\" aria-label=\"\" role=\"img\" ><\/div>\n\t\t\t\t\t\t\t\t\t\t\t<div class=\"elementor-gallery-item__overlay\"><\/div>\n\t\t\t\t\t\t\t\t\t\t\t\t\t\t<\/a>\n\t\t\t\t\t<\/div>\n\t\t\t\t\t<\/div>\n\t\t\t\t<\/div>\n\t\t\t\t\t<\/div>\n\t\t<\/div>\n\t\t\t\t\t<\/div>\n\t\t<\/section>\n\t\t\t\t\t<\/div>\n\t\t<\/div>\n\t\t\t\t\t<\/div>\n\t\t<\/section>\n\t\t\t\t<section class=\"elementor-section elementor-top-section elementor-element elementor-element-1e8f309 elementor-section-boxed elementor-section-height-default elementor-section-height-default\" data-id=\"1e8f309\" data-element_type=\"section\" data-e-type=\"section\">\n\t\t\t\t\t\t<div class=\"elementor-container elementor-column-gap-default\">\n\t\t\t\t\t<div class=\"elementor-column elementor-col-25 elementor-top-column elementor-element elementor-element-3cb966f\" data-id=\"3cb966f\" data-element_type=\"column\" data-e-type=\"column\">\n\t\t\t<div class=\"elementor-widget-wrap elementor-element-populated\">\n\t\t\t\t\t\t<div class=\"elementor-element elementor-element-466e5e3 eael-infobox-content-align--left eael-infobox-shape-square eael-infobox-hover-img-shape-square elementor-widget elementor-widget-eael-info-box\" data-id=\"466e5e3\" data-element_type=\"widget\" data-e-type=\"widget\" data-widget_type=\"eael-info-box.default\">\n\t\t\t\t<div class=\"elementor-widget-container\">\n\t\t\t\t\t            <a href=\"https:\/\/www.cerege.fr\/equipements\/poles-techniques\/geochimie-organique-inorganique-et-isotopique-2\/unite-du-radiocarbone\/\">\n\t            <div class=\"eael-infobox icon-on-top\">\n\t            <div class=\"infobox-icon\">\n\n                            <img decoding=\"async\" src=\"https:\/\/www.cerege.fr\/wp-content\/uploads\/2023\/01\/unite-du-radiocarbone.jpg\" alt=\"\">\n            \n            \n            \n        <\/div>\n            <div class=\"infobox-content\">\n                    <div class=\"infobox-title-section\">\n                <h2 class=\"title\">Unit\u00e9 du radiocarbone<\/h2>            <\/div>\n            <div><p style=\"text-align: left\">La datation au radiocarbone est la m\u00e9thode g\u00e9ochronologique la plus utilis\u00e9e pour la p\u00e9riode des 50 000 derni\u00e8res ann\u00e9es<\/p><\/div>        <\/div>\n            <\/div>\n\n\t\t            <\/a>\n\t\t\t\t\t\t<\/div>\n\t\t\t\t<\/div>\n\t\t\t\t\t<\/div>\n\t\t<\/div>\n\t\t\t\t<div class=\"elementor-column elementor-col-25 elementor-top-column elementor-element elementor-element-af4f97f\" data-id=\"af4f97f\" data-element_type=\"column\" data-e-type=\"column\">\n\t\t\t<div class=\"elementor-widget-wrap elementor-element-populated\">\n\t\t\t\t\t\t<div class=\"elementor-element elementor-element-20cda6d eael-infobox-content-align--left eael-infobox-shape-square eael-infobox-hover-img-shape-square elementor-widget elementor-widget-eael-info-box\" data-id=\"20cda6d\" data-element_type=\"widget\" data-e-type=\"widget\" data-widget_type=\"eael-info-box.default\">\n\t\t\t\t<div class=\"elementor-widget-container\">\n\t\t\t\t\t            <a href=\"https:\/\/www.cerege.fr\/equipements\/poles-techniques\/geochimie-organique-inorganique-et-isotopique-2\/unite-de-geochimie-organique\/\">\n\t            <div class=\"eael-infobox icon-on-top\">\n\t            <div class=\"infobox-icon\">\n\n                            <img decoding=\"async\" src=\"https:\/\/www.cerege.fr\/wp-content\/uploads\/2023\/01\/unite-de-geochimie-organique.jpg\" alt=\"\">\n            \n            \n            \n        <\/div>\n            <div class=\"infobox-content\">\n                    <div class=\"infobox-title-section\">\n                <h2 class=\"title\">Unit\u00e9 de g\u00e9ochimie organique<\/h2>            <\/div>\n            <div><p style=\"text-align: left\">L\u2019unit\u00e9 de g\u00e9ochimie organique est sp\u00e9cialis\u00e9e dans la mesure de compos\u00e9s organiques comme indicateurs de variables environnementales.<\/p><\/div>        <\/div>\n            <\/div>\n\n\t\t            <\/a>\n\t\t\t\t\t\t<\/div>\n\t\t\t\t<\/div>\n\t\t\t\t\t<\/div>\n\t\t<\/div>\n\t\t\t\t<div class=\"elementor-column elementor-col-25 elementor-top-column elementor-element elementor-element-d4dc929\" data-id=\"d4dc929\" data-element_type=\"column\" data-e-type=\"column\">\n\t\t\t<div class=\"elementor-widget-wrap elementor-element-populated\">\n\t\t\t\t\t\t<div class=\"elementor-element elementor-element-ffc2c2d eael-infobox-content-align--left eael-infobox-shape-square eael-infobox-hover-img-shape-square elementor-widget elementor-widget-eael-info-box\" data-id=\"ffc2c2d\" data-element_type=\"widget\" data-e-type=\"widget\" data-widget_type=\"eael-info-box.default\">\n\t\t\t\t<div class=\"elementor-widget-container\">\n\t\t\t\t\t            <a href=\"https:\/\/www.cerege.fr\/equipements\/poles-techniques\/geochimie-organique-inorganique-et-isotopique-2\/unite-de-chimie-inorganique\/\">\n\t            <div class=\"eael-infobox icon-on-top\">\n\t            <div class=\"infobox-icon\">\n\n                            <img decoding=\"async\" src=\"https:\/\/www.cerege.fr\/wp-content\/uploads\/2023\/01\/Unite-de-geochimie-inorganique.jpg\" alt=\"\">\n            \n            \n            \n        <\/div>\n            <div class=\"infobox-content\">\n                    <div class=\"infobox-title-section\">\n                <h2 class=\"title\">Unit\u00e9 de g\u00e9ochimie inorganique<\/h2>            <\/div>\n            <div><p style=\"text-align: left\">La composition chimique \u00e9l\u00e9mentaire des archives s\u00e9dimentaires marines et lacustres pour reconstituer les param\u00e8tres climatiques et environnementaux.<\/p><\/div>        <\/div>\n            <\/div>\n\n\t\t            <\/a>\n\t\t\t\t\t\t<\/div>\n\t\t\t\t<\/div>\n\t\t\t\t\t<\/div>\n\t\t<\/div>\n\t\t\t\t<div class=\"elementor-column elementor-col-25 elementor-top-column elementor-element elementor-element-07e6bed\" data-id=\"07e6bed\" data-element_type=\"column\" data-e-type=\"column\">\n\t\t\t<div class=\"elementor-widget-wrap elementor-element-populated\">\n\t\t\t\t\t\t<div class=\"elementor-element elementor-element-c6ac9d9 eael-infobox-content-align--left eael-infobox-shape-square eael-infobox-hover-img-shape-square elementor-widget elementor-widget-eael-info-box\" data-id=\"c6ac9d9\" data-element_type=\"widget\" data-e-type=\"widget\" data-widget_type=\"eael-info-box.default\">\n\t\t\t\t<div class=\"elementor-widget-container\">\n\t\t\t\t\t            <a href=\"https:\/\/www.cerege.fr\/equipements\/poles-techniques\/geochimie-organique-inorganique-et-isotopique-2\/unite-de-geochimie-des-glaces-polaires\/\">\n\t            <div class=\"eael-infobox icon-on-top\">\n\t            <div class=\"infobox-icon\">\n\n                            <img decoding=\"async\" src=\"https:\/\/www.cerege.fr\/wp-content\/uploads\/2023\/01\/unite-geochimie-des-glaces-polaires.png\" alt=\"\">\n            \n            \n            \n        <\/div>\n            <div class=\"infobox-content\">\n                    <div class=\"infobox-title-section\">\n                <h2 class=\"title\">Unit\u00e9 de g\u00e9ochimie des glaces polaires<\/h2>            <\/div>\n            <div><p style=\"text-align: left\">Les forages carott\u00e9s dans les calottes de glace polaires permettent d\u2019obtenir des informations environnementales \u00e0 haute r\u00e9solution temporelle<\/p><\/div>        <\/div>\n            <\/div>\n\n\t\t            <\/a>\n\t\t\t\t\t\t<\/div>\n\t\t\t\t<\/div>\n\t\t\t\t\t<\/div>\n\t\t<\/div>\n\t\t\t\t\t<\/div>\n\t\t<\/section>\n\t\t\t\t<\/div>\n\t\t","protected":false},"excerpt":{"rendered":"<p>Contacts Responsable scientifique:Edouard Bard Responsable technique: Yoann Fagault Le LGO2i regroupe quatre unit\u00e9s de g\u00e9ochimie d\u00e9di\u00e9es \u00e0 de nouvelles m\u00e9thodes quantitatives pour d\u00e9terminer l&#8217;ampleur et la chronologie des variations climatiques [&hellip;]<\/p>\n","protected":false},"author":551,"featured_media":13888,"parent":856,"menu_order":0,"comment_status":"closed","ping_status":"closed","template":"","meta":{"_acf_changed":false,"footnotes":""},"class_list":["post-9276","page","type-page","status-publish","has-post-thumbnail","hentry"],"acf":[],"publishpress_future_action":{"enabled":false,"date":"2026-05-11 10:59:32","action":"change-status","newStatus":"draft","terms":[],"taxonomy":"","extraData":[]},"publishpress_future_workflow_manual_trigger":{"enabledWorkflows":[]},"_links":{"self":[{"href":"https:\/\/www.cerege.fr\/en\/wp-json\/wp\/v2\/pages\/9276","targetHints":{"allow":["GET"]}}],"collection":[{"href":"https:\/\/www.cerege.fr\/en\/wp-json\/wp\/v2\/pages"}],"about":[{"href":"https:\/\/www.cerege.fr\/en\/wp-json\/wp\/v2\/types\/page"}],"author":[{"embeddable":true,"href":"https:\/\/www.cerege.fr\/en\/wp-json\/wp\/v2\/users\/551"}],"replies":[{"embeddable":true,"href":"https:\/\/www.cerege.fr\/en\/wp-json\/wp\/v2\/comments?post=9276"}],"version-history":[{"count":6,"href":"https:\/\/www.cerege.fr\/en\/wp-json\/wp\/v2\/pages\/9276\/revisions"}],"predecessor-version":[{"id":29263,"href":"https:\/\/www.cerege.fr\/en\/wp-json\/wp\/v2\/pages\/9276\/revisions\/29263"}],"up":[{"embeddable":true,"href":"https:\/\/www.cerege.fr\/en\/wp-json\/wp\/v2\/pages\/856"}],"wp:featuredmedia":[{"embeddable":true,"href":"https:\/\/www.cerege.fr\/en\/wp-json\/wp\/v2\/media\/13888"}],"wp:attachment":[{"href":"https:\/\/www.cerege.fr\/en\/wp-json\/wp\/v2\/media?parent=9276"}],"curies":[{"name":"wp","href":"https:\/\/api.w.org\/{rel}","templated":true}]}}