{"id":9462,"date":"2022-11-25T17:11:35","date_gmt":"2022-11-25T16:11:35","guid":{"rendered":"https:\/\/www.cerege.fr\/?page_id=9462"},"modified":"2022-11-30T13:36:18","modified_gmt":"2022-11-30T12:36:18","slug":"applications-hydro-ground","status":"publish","type":"page","link":"https:\/\/www.cerege.fr\/en\/equipements\/poles-techniques\/hydro-terrain\/applications-hydro-terrain\/","title":{"rendered":"Hydro-terrain applications"},"content":{"rendered":"\t\t<div data-elementor-type=\"wp-page\" data-elementor-id=\"9462\" class=\"elementor elementor-9462\" data-elementor-post-type=\"page\">\n\t\t\t\t\t\t<section class=\"elementor-section elementor-top-section elementor-element elementor-element-68ec7cf elementor-section-full_width elementor-section-height-min-height elementor-section-height-default elementor-section-items-middle\" data-id=\"68ec7cf\" data-element_type=\"section\" data-e-type=\"section\" data-settings=\"{&quot;background_background&quot;:&quot;classic&quot;}\">\n\t\t\t\t\t\t<div class=\"elementor-container elementor-column-gap-default\">\n\t\t\t\t\t<div class=\"elementor-column elementor-col-100 elementor-top-column elementor-element elementor-element-3a0b6fa9\" data-id=\"3a0b6fa9\" data-element_type=\"column\" data-e-type=\"column\">\n\t\t\t<div class=\"elementor-widget-wrap\">\n\t\t\t\t\t\t\t<\/div>\n\t\t<\/div>\n\t\t\t\t\t<\/div>\n\t\t<\/section>\n\t\t\t\t<section class=\"elementor-section elementor-top-section elementor-element elementor-element-2d49c282 elementor-section-boxed elementor-section-height-default elementor-section-height-default\" data-id=\"2d49c282\" data-element_type=\"section\" data-e-type=\"section\">\n\t\t\t\t\t\t<div class=\"elementor-container elementor-column-gap-default\">\n\t\t\t\t\t<div class=\"elementor-column elementor-col-100 elementor-top-column elementor-element elementor-element-4ce3fe11\" data-id=\"4ce3fe11\" data-element_type=\"column\" data-e-type=\"column\">\n\t\t\t<div class=\"elementor-widget-wrap elementor-element-populated\">\n\t\t\t\t\t\t<div class=\"elementor-element elementor-element-5286bdb3 elementor-widget elementor-widget-shortcode\" data-id=\"5286bdb3\" data-element_type=\"widget\" data-e-type=\"widget\" data-widget_type=\"shortcode.default\">\n\t\t\t\t<div class=\"elementor-widget-container\">\n\t\t\t\t\t\t\t<div class=\"elementor-shortcode\"><nav aria-label=\"breadcrumbs\">\n            <div class=\"breadcrumb-container theme1\">\n                <ol>\n                                    <\/ol>\n            <\/div>\n        <\/nav>    <script type=\"application\/ld+json\">\n        {\n            \"@context\": \"http:\/\/schema.org\",\n            \"@type\": \"BreadcrumbList\",\n            \"itemListElement\": [\n                            ]\n        }\n    <\/script>\n   \n    <script>\n            <\/script>\n<\/div>\n\t\t\t\t\t\t<\/div>\n\t\t\t\t<\/div>\n\t\t\t\t\t<\/div>\n\t\t<\/div>\n\t\t\t\t\t<\/div>\n\t\t<\/section>\n\t\t\t\t<section class=\"elementor-section elementor-top-section elementor-element elementor-element-126902d1 elementor-section-boxed elementor-section-height-default elementor-section-height-default\" data-id=\"126902d1\" data-element_type=\"section\" data-e-type=\"section\">\n\t\t\t\t\t\t<div class=\"elementor-container elementor-column-gap-extended\">\n\t\t\t\t\t<div class=\"elementor-column elementor-col-50 elementor-top-column elementor-element elementor-element-32b483fa\" data-id=\"32b483fa\" data-element_type=\"column\" data-e-type=\"column\">\n\t\t\t<div class=\"elementor-widget-wrap elementor-element-populated\">\n\t\t\t\t\t\t<div class=\"elementor-element elementor-element-121f77 elementor-widget elementor-widget-image\" data-id=\"121f77\" data-element_type=\"widget\" data-e-type=\"widget\" data-widget_type=\"image.default\">\n\t\t\t\t<div class=\"elementor-widget-container\">\n\t\t\t\t\t\t\t\t\t\t\t\t\t\t\t<img fetchpriority=\"high\" decoding=\"async\" width=\"425\" height=\"266\" src=\"https:\/\/www.cerege.fr\/wp-content\/uploads\/2022\/11\/application_inondations-douala.jpg\" class=\"attachment-large size-large wp-image-9654\" alt=\"\" srcset=\"https:\/\/www.cerege.fr\/wp-content\/uploads\/2022\/11\/application_inondations-douala.jpg 425w, https:\/\/www.cerege.fr\/wp-content\/uploads\/2022\/11\/application_inondations-douala-300x188.jpg 300w, https:\/\/www.cerege.fr\/wp-content\/uploads\/2022\/11\/application_inondations-douala-18x12.jpg 18w\" sizes=\"(max-width: 425px) 100vw, 425px\" \/>\t\t\t\t\t\t\t\t\t\t\t\t\t\t\t<\/div>\n\t\t\t\t<\/div>\n\t\t\t\t\t<\/div>\n\t\t<\/div>\n\t\t\t\t<div class=\"elementor-column elementor-col-50 elementor-top-column elementor-element elementor-element-5ee17cb1\" data-id=\"5ee17cb1\" data-element_type=\"column\" data-e-type=\"column\">\n\t\t\t<div class=\"elementor-widget-wrap elementor-element-populated\">\n\t\t\t\t\t\t<div class=\"elementor-element elementor-element-76ff7086 elementor-widget elementor-widget-heading\" data-id=\"76ff7086\" data-element_type=\"widget\" data-e-type=\"widget\" data-widget_type=\"heading.default\">\n\t\t\t\t<div class=\"elementor-widget-container\">\n\t\t\t\t\t<h2 class=\"elementor-heading-title elementor-size-default\">Pr\u00e9vention du risque inondation sur la m\u00e9galopole de Douala, Cameroun<\/h2>\t\t\t\t<\/div>\n\t\t\t\t<\/div>\n\t\t\t\t<div class=\"elementor-element elementor-element-7eb7d414 elementor-widget elementor-widget-text-editor\" data-id=\"7eb7d414\" data-element_type=\"widget\" data-e-type=\"widget\" data-widget_type=\"text-editor.default\">\n\t\t\t\t<div class=\"elementor-widget-container\">\n\t\t\t\t\t\t\t\t\t<p>La ville c\u00f4ti\u00e8re de Douala est la capitale \u00e9conomique du Cameroun. Avec environ six millions d\u2019habitants, elle a connu ces derni\u00e8re ann\u00e9es une croissance d\u00e9mographique rapide accompagn\u00e9e d\u2019une urbanisation sur des terrain inondable. En effet, la conjonction de la mousson africaine et des fortes mar\u00e9es peut entra\u00eener des tr\u00e8s fortes inondations avec des cons\u00e9quences catastrophiques sur les populations. Aussi, la ville de Douala \u00e0 lanc\u00e9 en 2018 un observatoire pilote afin de construire un outil de pr\u00e9vision des inondations. Cet outil se base sur une mod\u00e9lisation des \u00e9coulements et des mesures de d\u00e9bits.<\/p><p>Chercheurs impliqu\u00e9s\u00a0: Thomas Stieglitz (IRD, CEREGE), Rapha\u00ebl Ongu\u00e9n\u00e9 (Universit\u00e9 de Douala)<\/p>\t\t\t\t\t\t\t\t<\/div>\n\t\t\t\t<\/div>\n\t\t\t\t\t<\/div>\n\t\t<\/div>\n\t\t\t\t\t<\/div>\n\t\t<\/section>\n\t\t\t\t<section class=\"elementor-section elementor-top-section elementor-element elementor-element-5a868d35 elementor-section-boxed elementor-section-height-default elementor-section-height-default\" data-id=\"5a868d35\" data-element_type=\"section\" data-e-type=\"section\">\n\t\t\t\t\t\t<div class=\"elementor-container elementor-column-gap-default\">\n\t\t\t\t\t<div class=\"elementor-column elementor-col-50 elementor-top-column elementor-element elementor-element-45944a8d\" data-id=\"45944a8d\" data-element_type=\"column\" data-e-type=\"column\">\n\t\t\t<div class=\"elementor-widget-wrap elementor-element-populated\">\n\t\t\t\t\t\t<div class=\"elementor-element elementor-element-5264b826 elementor-widget elementor-widget-image\" data-id=\"5264b826\" data-element_type=\"widget\" data-e-type=\"widget\" data-widget_type=\"image.default\">\n\t\t\t\t<div class=\"elementor-widget-container\">\n\t\t\t\t\t\t\t\t\t\t\t\t\t\t\t<img decoding=\"async\" width=\"425\" height=\"266\" src=\"https:\/\/www.cerege.fr\/wp-content\/uploads\/2022\/11\/application_port-miou.jpg\" class=\"attachment-large size-large wp-image-9656\" alt=\"\" srcset=\"https:\/\/www.cerege.fr\/wp-content\/uploads\/2022\/11\/application_port-miou.jpg 425w, https:\/\/www.cerege.fr\/wp-content\/uploads\/2022\/11\/application_port-miou-300x188.jpg 300w, https:\/\/www.cerege.fr\/wp-content\/uploads\/2022\/11\/application_port-miou-18x12.jpg 18w\" sizes=\"(max-width: 425px) 100vw, 425px\" \/>\t\t\t\t\t\t\t\t\t\t\t\t\t\t\t<\/div>\n\t\t\t\t<\/div>\n\t\t\t\t\t<\/div>\n\t\t<\/div>\n\t\t\t\t<div class=\"elementor-column elementor-col-50 elementor-top-column elementor-element elementor-element-1119b3de\" data-id=\"1119b3de\" data-element_type=\"column\" data-e-type=\"column\">\n\t\t\t<div class=\"elementor-widget-wrap elementor-element-populated\">\n\t\t\t\t\t\t<div class=\"elementor-element elementor-element-6892c14b elementor-widget elementor-widget-heading\" data-id=\"6892c14b\" data-element_type=\"widget\" data-e-type=\"widget\" data-widget_type=\"heading.default\">\n\t\t\t\t<div class=\"elementor-widget-container\">\n\t\t\t\t\t<h2 class=\"elementor-heading-title elementor-size-default\">Acquisition de donn\u00e9es d\u2019observation sur le site de Port-Miou\n<\/h2>\t\t\t\t<\/div>\n\t\t\t\t<\/div>\n\t\t\t\t<div class=\"elementor-element elementor-element-583af5c8 elementor-widget elementor-widget-text-editor\" data-id=\"583af5c8\" data-element_type=\"widget\" data-e-type=\"widget\" data-widget_type=\"text-editor.default\">\n\t\t\t\t<div class=\"elementor-widget-container\">\n\t\t\t\t\t\t\t\t\t<p>Le site souterrain de Port-Miou donne acc\u00e8s \u00e0 une rivi\u00e8re qui est le collecteur des eaux souterraines r\u00e9gionales. Diff\u00e9rentes mesures sont r\u00e9alis\u00e9es sur place qui permettent un suivi physico-chimique et une estimation des d\u00e9bits. Elles sont acquises au pas de temps horaire depuis pr\u00e8s de 15 ans sur site et permettent de mieux comprendre le fonctionnement du cycle de l\u2019eau sur la grande r\u00e9gion marseillaise.<\/p><p>Chercheurs impliqu\u00e9s\u00a0: Bruno Arfib (AMU, CEREGE)<\/p>\t\t\t\t\t\t\t\t<\/div>\n\t\t\t\t<\/div>\n\t\t\t\t\t<\/div>\n\t\t<\/div>\n\t\t\t\t\t<\/div>\n\t\t<\/section>\n\t\t\t\t<section class=\"elementor-section elementor-top-section elementor-element elementor-element-626dfbc5 elementor-section-boxed elementor-section-height-default elementor-section-height-default\" data-id=\"626dfbc5\" data-element_type=\"section\" data-e-type=\"section\">\n\t\t\t\t\t\t<div class=\"elementor-container elementor-column-gap-default\">\n\t\t\t\t\t<div class=\"elementor-column elementor-col-50 elementor-top-column elementor-element elementor-element-67b5cb64\" data-id=\"67b5cb64\" data-element_type=\"column\" data-e-type=\"column\">\n\t\t\t<div class=\"elementor-widget-wrap elementor-element-populated\">\n\t\t\t\t\t\t<div class=\"elementor-element elementor-element-34f5d44a elementor-widget elementor-widget-image\" data-id=\"34f5d44a\" data-element_type=\"widget\" data-e-type=\"widget\" data-widget_type=\"image.default\">\n\t\t\t\t<div class=\"elementor-widget-container\">\n\t\t\t\t\t\t\t\t\t\t\t\t\t\t\t<img decoding=\"async\" width=\"425\" height=\"266\" src=\"https:\/\/www.cerege.fr\/wp-content\/uploads\/2022\/11\/application_master.jpeg\" class=\"attachment-large size-large wp-image-9655\" alt=\"\" srcset=\"https:\/\/www.cerege.fr\/wp-content\/uploads\/2022\/11\/application_master.jpeg 425w, https:\/\/www.cerege.fr\/wp-content\/uploads\/2022\/11\/application_master-300x188.jpeg 300w, https:\/\/www.cerege.fr\/wp-content\/uploads\/2022\/11\/application_master-18x12.jpeg 18w\" sizes=\"(max-width: 425px) 100vw, 425px\" \/>\t\t\t\t\t\t\t\t\t\t\t\t\t\t\t<\/div>\n\t\t\t\t<\/div>\n\t\t\t\t\t<\/div>\n\t\t<\/div>\n\t\t\t\t<div class=\"elementor-column elementor-col-50 elementor-top-column elementor-element elementor-element-7f99982a\" data-id=\"7f99982a\" data-element_type=\"column\" data-e-type=\"column\">\n\t\t\t<div class=\"elementor-widget-wrap elementor-element-populated\">\n\t\t\t\t\t\t<div class=\"elementor-element elementor-element-7fc77968 elementor-widget elementor-widget-heading\" data-id=\"7fc77968\" data-element_type=\"widget\" data-e-type=\"widget\" data-widget_type=\"heading.default\">\n\t\t\t\t<div class=\"elementor-widget-container\">\n\t\t\t\t\t<h2 class=\"elementor-heading-title elementor-size-default\">\u00c9cole de terrain Master 2 STPE \u00ab hydrog\u00e9ologie \u00bb en plaine de Crau<\/h2>\t\t\t\t<\/div>\n\t\t\t\t<\/div>\n\t\t\t\t<div class=\"elementor-element elementor-element-72dd577d elementor-widget elementor-widget-text-editor\" data-id=\"72dd577d\" data-element_type=\"widget\" data-e-type=\"widget\" data-widget_type=\"text-editor.default\">\n\t\t\t\t<div class=\"elementor-widget-container\">\n\t\t\t\t\t\t\t\t\t<p>Chaque ann\u00e9e, l\u2019\u00e9cole de terrain du Master 2 s\u2019appuie sur la plateforme pour d\u00e9ployer plusieurs techniques de terrain typiques de l\u2019hydrog\u00e9ologie. Durant une semaine de terrain, les \u00e9tudiants sont ainsi familiaris\u00e9 avec les techniques de base d\u2019\u00e9chantillonnage, de mesures de d\u00e9bits, de suivis pi\u00e9zom\u00e9trique et de pompages d\u2019essai.<\/p><p>Chercheurs impliqu\u00e9s\u00a0: Christine Vallet-Coulomb (AMU, CEREGE), Julio Gon\u00e7alves (AMU, CEREGE)<\/p>\t\t\t\t\t\t\t\t<\/div>\n\t\t\t\t<\/div>\n\t\t\t\t\t<\/div>\n\t\t<\/div>\n\t\t\t\t\t<\/div>\n\t\t<\/section>\n\t\t\t\t<\/div>\n\t\t","protected":false},"excerpt":{"rendered":"<p>Pr\u00e9vention du risque inondation sur la m\u00e9galopole de Douala, Cameroun La ville c\u00f4ti\u00e8re de Douala est la capitale \u00e9conomique du Cameroun. Avec environ six millions d\u2019habitants, elle a connu ces [&hellip;]<\/p>\n","protected":false},"author":551,"featured_media":0,"parent":9282,"menu_order":0,"comment_status":"closed","ping_status":"closed","template":"","meta":{"_acf_changed":false,"footnotes":""},"class_list":["post-9462","page","type-page","status-publish","hentry"],"acf":[],"publishpress_future_action":{"enabled":false,"date":"2026-05-04 13:13:12","action":"change-status","newStatus":"draft","terms":[],"taxonomy":"","extraData":[]},"publishpress_future_workflow_manual_trigger":{"enabledWorkflows":[]},"_links":{"self":[{"href":"https:\/\/www.cerege.fr\/en\/wp-json\/wp\/v2\/pages\/9462","targetHints":{"allow":["GET"]}}],"collection":[{"href":"https:\/\/www.cerege.fr\/en\/wp-json\/wp\/v2\/pages"}],"about":[{"href":"https:\/\/www.cerege.fr\/en\/wp-json\/wp\/v2\/types\/page"}],"author":[{"embeddable":true,"href":"https:\/\/www.cerege.fr\/en\/wp-json\/wp\/v2\/users\/551"}],"replies":[{"embeddable":true,"href":"https:\/\/www.cerege.fr\/en\/wp-json\/wp\/v2\/comments?post=9462"}],"version-history":[{"count":5,"href":"https:\/\/www.cerege.fr\/en\/wp-json\/wp\/v2\/pages\/9462\/revisions"}],"predecessor-version":[{"id":9675,"href":"https:\/\/www.cerege.fr\/en\/wp-json\/wp\/v2\/pages\/9462\/revisions\/9675"}],"up":[{"embeddable":true,"href":"https:\/\/www.cerege.fr\/en\/wp-json\/wp\/v2\/pages\/9282"}],"wp:attachment":[{"href":"https:\/\/www.cerege.fr\/en\/wp-json\/wp\/v2\/media?parent=9462"}],"curies":[{"name":"wp","href":"https:\/\/api.w.org\/{rel}","templated":true}]}}