{"id":11220,"date":"2022-12-13T03:55:43","date_gmt":"2022-12-13T02:55:43","guid":{"rendered":"https:\/\/www.cerege.fr\/?page_id=11220"},"modified":"2023-01-03T10:11:01","modified_gmt":"2023-01-03T09:11:01","slug":"enseignant-chercheur-2","status":"publish","type":"page","link":"https:\/\/www.cerege.fr\/fr\/communication\/metiers\/enseignant-chercheur-2\/","title":{"rendered":"Enseignant-chercheur"},"content":{"rendered":"\t\t<div data-elementor-type=\"wp-page\" data-elementor-id=\"11220\" class=\"elementor elementor-11220\" data-elementor-post-type=\"page\">\n\t\t\t\t\t\t<section class=\"elementor-section elementor-top-section elementor-element elementor-element-78e9128d elementor-section-full_width elementor-section-height-min-height elementor-section-height-default elementor-section-items-middle\" data-id=\"78e9128d\" data-element_type=\"section\" data-e-type=\"section\" data-settings=\"{&quot;background_background&quot;:&quot;classic&quot;}\">\n\t\t\t\t\t\t<div class=\"elementor-container elementor-column-gap-default\">\n\t\t\t\t\t<div class=\"elementor-column elementor-col-100 elementor-top-column elementor-element elementor-element-3f543192\" data-id=\"3f543192\" data-element_type=\"column\" data-e-type=\"column\">\n\t\t\t<div class=\"elementor-widget-wrap\">\n\t\t\t\t\t\t\t<\/div>\n\t\t<\/div>\n\t\t\t\t\t<\/div>\n\t\t<\/section>\n\t\t\t\t<section class=\"elementor-section elementor-top-section elementor-element elementor-element-7c7ac7a4 elementor-section-boxed elementor-section-height-default elementor-section-height-default\" data-id=\"7c7ac7a4\" data-element_type=\"section\" data-e-type=\"section\">\n\t\t\t\t\t\t<div class=\"elementor-container elementor-column-gap-default\">\n\t\t\t\t\t<div class=\"elementor-column elementor-col-100 elementor-top-column elementor-element elementor-element-3877c5b8\" data-id=\"3877c5b8\" data-element_type=\"column\" data-e-type=\"column\">\n\t\t\t<div class=\"elementor-widget-wrap elementor-element-populated\">\n\t\t\t\t\t\t<div class=\"elementor-element elementor-element-445ab9cb elementor-widget elementor-widget-shortcode\" data-id=\"445ab9cb\" data-element_type=\"widget\" data-e-type=\"widget\" data-widget_type=\"shortcode.default\">\n\t\t\t\t<div class=\"elementor-widget-container\">\n\t\t\t\t\t\t\t<div class=\"elementor-shortcode\"><nav aria-label=\"breadcrumbs\">\n            <div class=\"breadcrumb-container theme1\">\n                <ol>\n                                    <\/ol>\n            <\/div>\n        <\/nav>    <script type=\"application\/ld+json\">\n        {\n            \"@context\": \"http:\/\/schema.org\",\n            \"@type\": \"BreadcrumbList\",\n            \"itemListElement\": [\n                            ]\n        }\n    <\/script>\n   \n    <script>\n            <\/script>\n<\/div>\n\t\t\t\t\t\t<\/div>\n\t\t\t\t<\/div>\n\t\t\t\t<section class=\"elementor-section elementor-inner-section elementor-element elementor-element-69824250 elementor-section-boxed elementor-section-height-default elementor-section-height-default\" data-id=\"69824250\" data-element_type=\"section\" data-e-type=\"section\">\n\t\t\t\t\t\t<div class=\"elementor-container elementor-column-gap-wide\">\n\t\t\t\t\t<div class=\"elementor-column elementor-col-50 elementor-inner-column elementor-element elementor-element-8fef50d\" data-id=\"8fef50d\" data-element_type=\"column\" data-e-type=\"column\">\n\t\t\t<div class=\"elementor-widget-wrap elementor-element-populated\">\n\t\t\t\t\t\t<div class=\"elementor-element elementor-element-3f1fa535 elementor-widget elementor-widget-text-editor\" data-id=\"3f1fa535\" data-element_type=\"widget\" data-e-type=\"widget\" data-widget_type=\"text-editor.default\">\n\t\t\t\t<div class=\"elementor-widget-container\">\n\t\t\t\t\t\t\t\t\t<div><div><p>\u00c0 partir d&#8217;un travail en biblioth\u00e8que ou en laboratoire, et d&#8217;une r\u00e9flexion personnelle, l&#8217;enseignant-chercheur participe \u00e0 l&#8217;enrichissement de sa discipline en se consacrant \u00e0 la recherche fondamentale ou appliqu\u00e9e. En tant que chercheur, il participe \u00e0 la diffusion des connaissances scientifiques en publiant ses travaux et en participant \u00e0 des conf\u00e9rences et des colloques.<\/p><p>En tant qu&#8217;enseignant, il met au point des modules d&#8217;enseignement, prend part \u00e0 des jurys d&#8217;examen, encadre les travaux de pr\u00e9paration des th\u00e8ses des doctorants, assure le suivi des m\u00e9moires et des stages des \u00e9tudiants en master. Il les conseille dans leurs choix d&#8217;orientation.<\/p><p><strong>En savoir plus :<\/strong><\/p><\/div><\/div><div><a href=\"https:\/\/candidat.pole-emploi.fr\/marche-du-travail\/fichemetierrome?codeRome=K2108\" target=\"_blank\" rel=\"noopener\">Fiche ROME :\u00a0<\/a><a href=\"https:\/\/candidat.pole-emploi.fr\/marche-du-travail\/fichemetierrome?codeRome=K2402\" target=\"_blank\" rel=\"noopener\">K2108<\/a><\/div><div><a href=\"https:\/\/www.letudiant.fr\/metiers\/secteur\/enseignement\/enseignant-chercheur.html\" target=\"_blank\" rel=\"noopener\">L&#8217;\u00e9tudiant : Fiche enseignant chercheur<\/a><\/div><div><a href=\"https:\/\/www.onisep.fr\/Ressources\/Univers-Metier\/Metiers\/enseignant-chercheur-enseignante-chercheuse\" target=\"_blank\" rel=\"noopener\">ONISEP :<\/a><a href=\"https:\/\/www.onisep.fr\/Ressources\/Univers-Metier\/Metiers\/enseignant-chercheur-enseignante-chercheuse\" target=\"_blank\" rel=\"noopener\">enseignant-chercheur \/ enseignante-chercheuse<\/a><\/div><div><div><a href=\"https:\/\/www.cidj.com\/metiers\/maitre-de-conferences\" target=\"_blank\" rel=\"noopener\">CIDJ : Maitre de conf\u00e9rence<\/a><\/div><div><a href=\"https:\/\/www.cidj.com\/metiers\/professeur-professeure-d-universite\" target=\"_blank\" rel=\"noopener\">CIDJ : Professeur d&#8217;universit\u00e9<\/a><\/div><div><div><a href=\"https:\/\/www.futura-sciences.com\/sciences\/skillz\/metiers\/metiers-enseignement-enseignant-chercheur-136\/\" target=\"_blank\" rel=\"noopener\">Futura Sciences : Devenir enseignant-chercheur<\/a><\/div><\/div><\/div>\t\t\t\t\t\t\t\t<\/div>\n\t\t\t\t<\/div>\n\t\t\t\t\t<\/div>\n\t\t<\/div>\n\t\t\t\t<div class=\"elementor-column elementor-col-50 elementor-inner-column elementor-element elementor-element-52d2be42\" data-id=\"52d2be42\" data-element_type=\"column\" data-e-type=\"column\">\n\t\t\t<div class=\"elementor-widget-wrap elementor-element-populated\">\n\t\t\t\t\t\t<div class=\"elementor-element elementor-element-6c33085 elementor-widget elementor-widget-image\" data-id=\"6c33085\" data-element_type=\"widget\" data-e-type=\"widget\" data-widget_type=\"image.default\">\n\t\t\t\t<div class=\"elementor-widget-container\">\n\t\t\t\t\t\t\t\t\t\t\t\t\t\t\t<img fetchpriority=\"high\" decoding=\"async\" width=\"800\" height=\"451\" src=\"https:\/\/www.cerege.fr\/wp-content\/uploads\/2022\/10\/CEREGE_formation_CIVIS31-1024x577.jpg\" class=\"attachment-large size-large wp-image-6314\" alt=\"\" srcset=\"https:\/\/www.cerege.fr\/wp-content\/uploads\/2022\/10\/CEREGE_formation_CIVIS31-1024x577.jpg 1024w, https:\/\/www.cerege.fr\/wp-content\/uploads\/2022\/10\/CEREGE_formation_CIVIS31-300x169.jpg 300w, https:\/\/www.cerege.fr\/wp-content\/uploads\/2022\/10\/CEREGE_formation_CIVIS31-768x432.jpg 768w, https:\/\/www.cerege.fr\/wp-content\/uploads\/2022\/10\/CEREGE_formation_CIVIS31-1536x865.jpg 1536w, https:\/\/www.cerege.fr\/wp-content\/uploads\/2022\/10\/CEREGE_formation_CIVIS31-scaled.jpg 2048w, https:\/\/www.cerege.fr\/wp-content\/uploads\/2022\/10\/CEREGE_formation_CIVIS31-18x10.jpg 18w, https:\/\/www.cerege.fr\/wp-content\/uploads\/2022\/10\/CEREGE_formation_CIVIS31-1320x743.jpg 1320w\" sizes=\"(max-width: 800px) 100vw, 800px\" \/>\t\t\t\t\t\t\t\t\t\t\t\t\t\t\t<\/div>\n\t\t\t\t<\/div>\n\t\t\t\t<div class=\"elementor-element elementor-element-49d8eef gallery-spacing-custom elementor-widget elementor-widget-image-gallery\" data-id=\"49d8eef\" data-element_type=\"widget\" data-e-type=\"widget\" data-widget_type=\"image-gallery.default\">\n\t\t\t\t<div class=\"elementor-widget-container\">\n\t\t\t\t\t\t\t<div class=\"elementor-image-gallery\">\n\t\t\t<div id='gallery-1' class='gallery galleryid-11220 gallery-columns-2 gallery-size-thumbnail'><figure class='gallery-item'>\n\t\t\t<div class='gallery-icon landscape'>\n\t\t\t\t<a data-elementor-open-lightbox=\"yes\" data-elementor-lightbox-slideshow=\"49d8eef\" data-elementor-lightbox-title=\"CEREGE_formation_CIVIS55\" data-e-action-hash=\"#elementor-action%3Aaction%3Dlightbox%26settings%3DeyJpZCI6NjMxNSwidXJsIjoiaHR0cHM6XC9cL3d3dy5jZXJlZ2UuZnJcL3dwLWNvbnRlbnRcL3VwbG9hZHNcLzIwMjJcLzEwXC9DRVJFR0VfZm9ybWF0aW9uX0NJVklTNTUtc2NhbGVkLmpwZyIsInNsaWRlc2hvdyI6IjQ5ZDhlZWYifQ%3D%3D\" href=\"https:\/\/www.cerege.fr\/wp-content\/uploads\/2022\/10\/CEREGE_formation_CIVIS55-scaled.jpg\"><img decoding=\"async\" width=\"150\" height=\"150\" src=\"https:\/\/www.cerege.fr\/wp-content\/uploads\/2022\/10\/CEREGE_formation_CIVIS55-150x150.jpg\" class=\"attachment-thumbnail size-thumbnail\" alt=\"\" \/><\/a>\n\t\t\t<\/div><\/figure><figure class='gallery-item'>\n\t\t\t<div class='gallery-icon landscape'>\n\t\t\t\t<a data-elementor-open-lightbox=\"yes\" data-elementor-lightbox-slideshow=\"49d8eef\" data-elementor-lightbox-title=\"CEREGE_formation_CIVIS98\" data-e-action-hash=\"#elementor-action%3Aaction%3Dlightbox%26settings%3DeyJpZCI6NjMxOSwidXJsIjoiaHR0cHM6XC9cL3d3dy5jZXJlZ2UuZnJcL3dwLWNvbnRlbnRcL3VwbG9hZHNcLzIwMjJcLzEwXC9DRVJFR0VfZm9ybWF0aW9uX0NJVklTOTgtMS1zY2FsZWQuanBnIiwic2xpZGVzaG93IjoiNDlkOGVlZiJ9\" href=\"https:\/\/www.cerege.fr\/wp-content\/uploads\/2022\/10\/CEREGE_formation_CIVIS98-1-scaled.jpg\"><img decoding=\"async\" width=\"150\" height=\"150\" src=\"https:\/\/www.cerege.fr\/wp-content\/uploads\/2022\/10\/CEREGE_formation_CIVIS98-1-150x150.jpg\" class=\"attachment-thumbnail size-thumbnail\" alt=\"\" \/><\/a>\n\t\t\t<\/div><\/figure><figure class='gallery-item'>\n\t\t\t<div class='gallery-icon portrait'>\n\t\t\t\t<a data-elementor-open-lightbox=\"yes\" data-elementor-lightbox-slideshow=\"49d8eef\" data-elementor-lightbox-title=\"CEREGE_formation_CIVIS15\" data-e-action-hash=\"#elementor-action%3Aaction%3Dlightbox%26settings%3DeyJpZCI6NjMxMSwidXJsIjoiaHR0cHM6XC9cL3d3dy5jZXJlZ2UuZnJcL3dwLWNvbnRlbnRcL3VwbG9hZHNcLzIwMjJcLzEwXC9DRVJFR0VfZm9ybWF0aW9uX0NJVklTMTUtc2NhbGVkLmpwZyIsInNsaWRlc2hvdyI6IjQ5ZDhlZWYifQ%3D%3D\" href=\"https:\/\/www.cerege.fr\/wp-content\/uploads\/2022\/10\/CEREGE_formation_CIVIS15-scaled.jpg\"><img loading=\"lazy\" decoding=\"async\" width=\"150\" height=\"150\" src=\"https:\/\/www.cerege.fr\/wp-content\/uploads\/2022\/10\/CEREGE_formation_CIVIS15-150x150.jpg\" class=\"attachment-thumbnail size-thumbnail\" alt=\"\" \/><\/a>\n\t\t\t<\/div><\/figure><figure class='gallery-item'>\n\t\t\t<div class='gallery-icon landscape'>\n\t\t\t\t<a data-elementor-open-lightbox=\"yes\" data-elementor-lightbox-slideshow=\"49d8eef\" data-elementor-lightbox-title=\"IMG_7897\" data-e-action-hash=\"#elementor-action%3Aaction%3Dlightbox%26settings%3DeyJpZCI6NjMyNiwidXJsIjoiaHR0cHM6XC9cL3d3dy5jZXJlZ2UuZnJcL3dwLWNvbnRlbnRcL3VwbG9hZHNcLzIwMjJcLzEwXC9JTUdfNzg5Ny5qcGciLCJzbGlkZXNob3ciOiI0OWQ4ZWVmIn0%3D\" href=\"https:\/\/www.cerege.fr\/wp-content\/uploads\/2022\/10\/IMG_7897.jpg\"><img loading=\"lazy\" decoding=\"async\" width=\"150\" height=\"150\" src=\"https:\/\/www.cerege.fr\/wp-content\/uploads\/2022\/10\/IMG_7897-150x150.jpg\" class=\"attachment-thumbnail size-thumbnail\" alt=\"\" \/><\/a>\n\t\t\t<\/div><\/figure>\n\t\t<\/div>\n\t\t<\/div>\n\t\t\t\t\t\t<\/div>\n\t\t\t\t<\/div>\n\t\t\t\t\t<\/div>\n\t\t<\/div>\n\t\t\t\t\t<\/div>\n\t\t<\/section>\n\t\t\t\t<div class=\"elementor-element elementor-element-68d26e18 elementor-widget elementor-widget-text-editor\" data-id=\"68d26e18\" data-element_type=\"widget\" data-e-type=\"widget\" data-widget_type=\"text-editor.default\">\n\t\t\t\t<div class=\"elementor-widget-container\">\n\t\t\t\t\t\t\t\t\t<h2>T\u00e9moignages d&#8217;enseignant(e)-chercheur(euse)<\/h2>\t\t\t\t\t\t\t\t<\/div>\n\t\t\t\t<\/div>\n\t\t\t\t<section class=\"elementor-section elementor-inner-section elementor-element elementor-element-15708ac elementor-section-boxed elementor-section-height-default elementor-section-height-default\" data-id=\"15708ac\" data-element_type=\"section\" data-e-type=\"section\">\n\t\t\t\t\t\t<div class=\"elementor-container elementor-column-gap-default\">\n\t\t\t\t\t<div class=\"elementor-column elementor-col-50 elementor-inner-column elementor-element elementor-element-1413ff9\" data-id=\"1413ff9\" data-element_type=\"column\" data-e-type=\"column\">\n\t\t\t<div class=\"elementor-widget-wrap elementor-element-populated\">\n\t\t\t\t\t\t<div class=\"elementor-element elementor-element-8c9ca38 elementor-position-top elementor-widget elementor-widget-image-box\" data-id=\"8c9ca38\" data-element_type=\"widget\" data-e-type=\"widget\" data-widget_type=\"image-box.default\">\n\t\t\t\t<div class=\"elementor-widget-container\">\n\t\t\t\t\t<div class=\"elementor-image-box-wrapper\"><figure class=\"elementor-image-box-img\"><a href=\"https:\/\/www.cerege.fr\/wp-content\/uploads\/2022\/12\/Yoann_quesnel.mp3\" target=\"_blank\" tabindex=\"-1\"><img decoding=\"async\" src=\"https:\/\/www.cerege.fr\/wp-content\/uploads\/elementor\/thumbs\/Yoann_Quesnel-scaled-pyknbh8pfwsk5k10yii725cxdvz4lvoplx5rq3wxfi.jpg\" title=\"Yoann_Quesnel\" alt=\"Yoann_Quesnel\" loading=\"lazy\" \/><\/a><\/figure><div class=\"elementor-image-box-content\"><h3 class=\"elementor-image-box-title\"><a href=\"https:\/\/www.cerege.fr\/wp-content\/uploads\/2022\/12\/Yoann_quesnel.mp3\" target=\"_blank\">Yoann Quesnel<\/a><\/h3><\/div><\/div>\t\t\t\t<\/div>\n\t\t\t\t<\/div>\n\t\t\t\t<div class=\"elementor-element elementor-element-2d2ddb6 elementor-position-inline-start elementor-widget__width-initial elementor-view-stacked elementor-shape-square elementor-mobile-position-block-start elementor-widget elementor-widget-icon-box\" data-id=\"2d2ddb6\" data-element_type=\"widget\" data-e-type=\"widget\" data-widget_type=\"icon-box.default\">\n\t\t\t\t<div class=\"elementor-widget-container\">\n\t\t\t\t\t\t\t<div class=\"elementor-icon-box-wrapper\">\n\n\t\t\t\t\t\t<div class=\"elementor-icon-box-icon\">\n\t\t\t\t<a href=\"https:\/\/www.cerege.fr\/wp-content\/uploads\/2022\/12\/Yoann_quesnel.mp3\" target=\"_blank\" class=\"elementor-icon\" tabindex=\"-1\" aria-label=\"Ma\u00eetre de conf\u00e9rences - \u00c9quipe Terre et Planetes\">\n\t\t\t\t<i aria-hidden=\"true\" class=\"fas fa-play-circle\"><\/i>\t\t\t\t<\/a>\n\t\t\t<\/div>\n\t\t\t\n\t\t\t\t\t\t<div class=\"elementor-icon-box-content\">\n\n\t\t\t\t\t\t\t\t\t<p class=\"elementor-icon-box-title\">\n\t\t\t\t\t\t<a href=\"https:\/\/www.cerege.fr\/wp-content\/uploads\/2022\/12\/Yoann_quesnel.mp3\" target=\"_blank\">\n\t\t\t\t\t\t\tMa\u00eetre de conf\u00e9rences - \u00c9quipe Terre et Planetes\t\t\t\t\t\t<\/a>\n\t\t\t\t\t<\/p>\n\t\t\t\t\n\t\t\t\t\t\t\t\t\t<p class=\"elementor-icon-box-description\">\n\t\t\t\t\t\t\" Pour la recherche je suis amen\u00e9 \u00e0 concevoir avec des ing\u00e9nieurs de nouveaux instruments, pour faire des mesures in\u00e9dites, je con\u00e7ois aussi des protocoles de mesure, des th\u00e9ories. \nPour l'aspect enseignement, je con\u00e7ois  des instruments de g\u00e9ophysique et des enseignements. Mon enseignement est \u00e0 la fois pratique et th\u00e9orique...\" \t\t\t\t\t<\/p>\n\t\t\t\t\n\t\t\t<\/div>\n\t\t\t\n\t\t<\/div>\n\t\t\t\t\t\t<\/div>\n\t\t\t\t<\/div>\n\t\t\t\t<div class=\"elementor-element elementor-element-0568ecb elementor-position-top elementor-widget elementor-widget-image-box\" data-id=\"0568ecb\" data-element_type=\"widget\" data-e-type=\"widget\" data-widget_type=\"image-box.default\">\n\t\t\t\t<div class=\"elementor-widget-container\">\n\t\t\t\t\t<div class=\"elementor-image-box-wrapper\"><figure class=\"elementor-image-box-img\"><a href=\"https:\/\/www.cerege.fr\/wp-content\/uploads\/2022\/12\/PDF-L.-Montagionni_Temoignage_Metier-1.pdf\" target=\"_blank\" tabindex=\"-1\"><img decoding=\"async\" src=\"https:\/\/www.cerege.fr\/wp-content\/uploads\/elementor\/thumbs\/journals_130-2-pz330hhi4mintk3pkwbdxby1nkdwy69m9bozmfijwe.jpeg\" title=\"Lucien Montaggioni\" alt=\"Lucien Montaggioni\" loading=\"lazy\" \/><\/a><\/figure><div class=\"elementor-image-box-content\"><h3 class=\"elementor-image-box-title\"><a href=\"https:\/\/www.cerege.fr\/wp-content\/uploads\/2022\/12\/PDF-L.-Montagionni_Temoignage_Metier-1.pdf\" target=\"_blank\">Lucien Montaggioni <\/a><\/h3><\/div><\/div>\t\t\t\t<\/div>\n\t\t\t\t<\/div>\n\t\t\t\t<div class=\"elementor-element elementor-element-618406c elementor-position-inline-start elementor-widget__width-initial elementor-view-stacked elementor-shape-square elementor-mobile-position-block-start elementor-widget elementor-widget-icon-box\" data-id=\"618406c\" data-element_type=\"widget\" data-e-type=\"widget\" data-widget_type=\"icon-box.default\">\n\t\t\t\t<div class=\"elementor-widget-container\">\n\t\t\t\t\t\t\t<div class=\"elementor-icon-box-wrapper\">\n\n\t\t\t\t\t\t<div class=\"elementor-icon-box-icon\">\n\t\t\t\t<a href=\"https:\/\/www.cerege.fr\/wp-content\/uploads\/2022\/12\/PDF-L.-Montagionni_Temoignage_Metier-1.pdf\" target=\"_blank\" class=\"elementor-icon\" tabindex=\"-1\" aria-label=\"Professeur des universit\u00e9s -  \u00c9quipe Ressources Reservoirs Hydrosysteme\">\n\t\t\t\t<i aria-hidden=\"true\" class=\"far fa-file-pdf\"><\/i>\t\t\t\t<\/a>\n\t\t\t<\/div>\n\t\t\t\n\t\t\t\t\t\t<div class=\"elementor-icon-box-content\">\n\n\t\t\t\t\t\t\t\t\t<p class=\"elementor-icon-box-title\">\n\t\t\t\t\t\t<a href=\"https:\/\/www.cerege.fr\/wp-content\/uploads\/2022\/12\/PDF-L.-Montagionni_Temoignage_Metier-1.pdf\" target=\"_blank\">\n\t\t\t\t\t\t\tProfesseur des universit\u00e9s -  \u00c9quipe Ressources Reservoirs Hydrosysteme\t\t\t\t\t\t<\/a>\n\t\t\t\t\t<\/p>\n\t\t\t\t\n\t\t\t\t\t\t\t\t\t<p class=\"elementor-icon-box-description\">\n\t\t\t\t\t\t \"La vocation de Naturaliste et d'Historien m'est venue, vers ma sixi\u00e8me ann\u00e9e, avec les premi\u00e8res promenades de vacances, en compagnie de mon grand-p\u00e8re, dans les collines du fameux massif de la Sainte-Victoire, surplombant le pays d'Aix. L\u00e0, j'ai d\u00e9couvert, les plantes m\u00e9diterran\u00e9ennes odorif\u00e9rantes (thym, romarin), mais aussi ces pierres si blanches (d\u00e9j\u00e0 , les roches carbonat\u00e9es !), renfermant quelques empreintes fossilif\u00e8res...\"\t\t\t\t\t<\/p>\n\t\t\t\t\n\t\t\t<\/div>\n\t\t\t\n\t\t<\/div>\n\t\t\t\t\t\t<\/div>\n\t\t\t\t<\/div>\n\t\t\t\t\t<\/div>\n\t\t<\/div>\n\t\t\t\t<div class=\"elementor-column elementor-col-50 elementor-inner-column elementor-element elementor-element-8685efa\" data-id=\"8685efa\" data-element_type=\"column\" data-e-type=\"column\">\n\t\t\t<div class=\"elementor-widget-wrap elementor-element-populated\">\n\t\t\t\t\t\t<div class=\"elementor-element elementor-element-f3673d2 elementor-position-top elementor-widget elementor-widget-image-box\" data-id=\"f3673d2\" data-element_type=\"widget\" data-e-type=\"widget\" data-widget_type=\"image-box.default\">\n\t\t\t\t<div class=\"elementor-widget-container\">\n\t\t\t\t\t<div class=\"elementor-image-box-wrapper\"><figure class=\"elementor-image-box-img\"><a href=\"https:\/\/www.cerege.fr\/wp-content\/uploads\/2022\/12\/O.-Bellier-temoignage-Metier.pdf\" target=\"_blank\" tabindex=\"-1\"><img decoding=\"async\" src=\"https:\/\/www.cerege.fr\/wp-content\/uploads\/elementor\/thumbs\/Olivier_Bellier_1-1-q040on3cquexqsxp6662jywf14c8ajizip4z7kx932.jpg\" title=\"Olivier_Bellier_1\" alt=\"Olivier_Bellier_1\" loading=\"lazy\" \/><\/a><\/figure><div class=\"elementor-image-box-content\"><h3 class=\"elementor-image-box-title\"><a href=\"https:\/\/www.cerege.fr\/wp-content\/uploads\/2022\/12\/O.-Bellier-temoignage-Metier.pdf\" target=\"_blank\">Olivier Bellier<\/a><\/h3><p class=\"elementor-image-box-description\"> <\/p><\/div><\/div>\t\t\t\t<\/div>\n\t\t\t\t<\/div>\n\t\t\t\t<div class=\"elementor-element elementor-element-8a61b4f elementor-position-inline-start elementor-widget__width-initial elementor-view-stacked elementor-shape-square elementor-mobile-position-block-start elementor-widget elementor-widget-icon-box\" data-id=\"8a61b4f\" data-element_type=\"widget\" data-e-type=\"widget\" data-widget_type=\"icon-box.default\">\n\t\t\t\t<div class=\"elementor-widget-container\">\n\t\t\t\t\t\t\t<div class=\"elementor-icon-box-wrapper\">\n\n\t\t\t\t\t\t<div class=\"elementor-icon-box-icon\">\n\t\t\t\t<a href=\"https:\/\/www.cerege.fr\/wp-content\/uploads\/2022\/12\/O.-Bellier-temoignage-Metier.pdf\" target=\"_blank\" class=\"elementor-icon\" tabindex=\"-1\" aria-label=\"Professeur des universit\u00e9s -  Equipe Terre et Plan\u00e8tes\">\n\t\t\t\t<i aria-hidden=\"true\" class=\"far fa-file-pdf\"><\/i>\t\t\t\t<\/a>\n\t\t\t<\/div>\n\t\t\t\n\t\t\t\t\t\t<div class=\"elementor-icon-box-content\">\n\n\t\t\t\t\t\t\t\t\t<p class=\"elementor-icon-box-title\">\n\t\t\t\t\t\t<a href=\"https:\/\/www.cerege.fr\/wp-content\/uploads\/2022\/12\/O.-Bellier-temoignage-Metier.pdf\" target=\"_blank\">\n\t\t\t\t\t\t\tProfesseur des universit\u00e9s -  Equipe Terre et Plan\u00e8tes\t\t\t\t\t\t<\/a>\n\t\t\t\t\t<\/p>\n\t\t\t\t\n\t\t\t\t\t\t\t\t\t<p class=\"elementor-icon-box-description\">\n\t\t\t\t\t\t\"Apr\u00e8s 10 ans en tant que chercheur \u00ab pur et dur \u00bb (\u00e0 l\u2019IRD, \u00e0 l\u2019IGN puis au CNRS), j\u2019ai tenu \u00e0 changer un peu de m\u00e9tier et j\u2019ai choisi de m\u2019engager dans l\u2019enseignement. Ce choix volontaire \u00e9tait guid\u00e9 par le besoin de \u00ab t\u00e9moigner \u00bb de la science, le besoin de partager un savoir que j\u2019accumulais un peu \u00e9go\u00efstement...\"\t\t\t\t\t<\/p>\n\t\t\t\t\n\t\t\t<\/div>\n\t\t\t\n\t\t<\/div>\n\t\t\t\t\t\t<\/div>\n\t\t\t\t<\/div>\n\t\t\t\t\t<\/div>\n\t\t<\/div>\n\t\t\t\t\t<\/div>\n\t\t<\/section>\n\t\t\t\t\t<\/div>\n\t\t<\/div>\n\t\t\t\t\t<\/div>\n\t\t<\/section>\n\t\t\t\t<\/div>\n\t\t","protected":false},"excerpt":{"rendered":"<p>\u00c0 partir d&#8217;un travail en biblioth\u00e8que ou en laboratoire, et d&#8217;une r\u00e9flexion personnelle, l&#8217;enseignant-chercheur participe \u00e0 l&#8217;enrichissement de sa discipline en se consacrant \u00e0 la recherche fondamentale ou appliqu\u00e9e. En [&hellip;]<\/p>\n","protected":false},"author":724,"featured_media":6650,"parent":889,"menu_order":0,"comment_status":"closed","ping_status":"closed","template":"","meta":{"_acf_changed":false,"footnotes":""},"class_list":["post-11220","page","type-page","status-publish","has-post-thumbnail","hentry"],"acf":[],"publishpress_future_action":{"enabled":false,"date":"2026-05-07 16:38:19","action":"change-status","newStatus":"draft","terms":[],"taxonomy":"","extraData":[]},"publishpress_future_workflow_manual_trigger":{"enabledWorkflows":[]},"_links":{"self":[{"href":"https:\/\/www.cerege.fr\/fr\/wp-json\/wp\/v2\/pages\/11220","targetHints":{"allow":["GET"]}}],"collection":[{"href":"https:\/\/www.cerege.fr\/fr\/wp-json\/wp\/v2\/pages"}],"about":[{"href":"https:\/\/www.cerege.fr\/fr\/wp-json\/wp\/v2\/types\/page"}],"author":[{"embeddable":true,"href":"https:\/\/www.cerege.fr\/fr\/wp-json\/wp\/v2\/users\/724"}],"replies":[{"embeddable":true,"href":"https:\/\/www.cerege.fr\/fr\/wp-json\/wp\/v2\/comments?post=11220"}],"version-history":[{"count":5,"href":"https:\/\/www.cerege.fr\/fr\/wp-json\/wp\/v2\/pages\/11220\/revisions"}],"predecessor-version":[{"id":12887,"href":"https:\/\/www.cerege.fr\/fr\/wp-json\/wp\/v2\/pages\/11220\/revisions\/12887"}],"up":[{"embeddable":true,"href":"https:\/\/www.cerege.fr\/fr\/wp-json\/wp\/v2\/pages\/889"}],"wp:featuredmedia":[{"embeddable":true,"href":"https:\/\/www.cerege.fr\/fr\/wp-json\/wp\/v2\/media\/6650"}],"wp:attachment":[{"href":"https:\/\/www.cerege.fr\/fr\/wp-json\/wp\/v2\/media?parent=11220"}],"curies":[{"name":"wp","href":"https:\/\/api.w.org\/{rel}","templated":true}]}}