{"id":12759,"date":"2022-12-22T10:04:50","date_gmt":"2022-12-22T09:04:50","guid":{"rendered":"https:\/\/www.cerege.fr\/?page_id=12759"},"modified":"2024-02-09T15:46:04","modified_gmt":"2024-02-09T14:46:04","slug":"applications-geophysique-et-petrochimie","status":"publish","type":"page","link":"https:\/\/www.cerege.fr\/fr\/equipements\/poles-techniques\/geophysique-et-petrographie\/applications-geophysique-et-petrochimie\/","title":{"rendered":"Applications G\u00e9ophysique et P\u00e9trochimie"},"content":{"rendered":"\t\t<div data-elementor-type=\"wp-page\" data-elementor-id=\"12759\" class=\"elementor elementor-12759\" data-elementor-post-type=\"page\">\n\t\t\t\t\t\t<section class=\"elementor-section elementor-top-section elementor-element elementor-element-6acf565f elementor-section-full_width elementor-section-height-min-height elementor-section-height-default elementor-section-items-middle\" data-id=\"6acf565f\" data-element_type=\"section\" data-e-type=\"section\" data-settings=\"{&quot;background_background&quot;:&quot;classic&quot;}\">\n\t\t\t\t\t\t<div class=\"elementor-container elementor-column-gap-default\">\n\t\t\t\t\t<div class=\"elementor-column elementor-col-100 elementor-top-column elementor-element elementor-element-791127c8\" data-id=\"791127c8\" data-element_type=\"column\" data-e-type=\"column\">\n\t\t\t<div class=\"elementor-widget-wrap\">\n\t\t\t\t\t\t\t<\/div>\n\t\t<\/div>\n\t\t\t\t\t<\/div>\n\t\t<\/section>\n\t\t\t\t<section class=\"elementor-section elementor-top-section elementor-element elementor-element-44ddf127 elementor-section-boxed elementor-section-height-default elementor-section-height-default\" data-id=\"44ddf127\" data-element_type=\"section\" data-e-type=\"section\">\n\t\t\t\t\t\t<div class=\"elementor-container elementor-column-gap-default\">\n\t\t\t\t\t<div class=\"elementor-column elementor-col-100 elementor-top-column elementor-element elementor-element-737c52f7\" data-id=\"737c52f7\" data-element_type=\"column\" data-e-type=\"column\">\n\t\t\t<div class=\"elementor-widget-wrap elementor-element-populated\">\n\t\t\t\t\t\t<div class=\"elementor-element elementor-element-5e212407 elementor-widget elementor-widget-shortcode\" data-id=\"5e212407\" data-element_type=\"widget\" data-e-type=\"widget\" data-widget_type=\"shortcode.default\">\n\t\t\t\t<div class=\"elementor-widget-container\">\n\t\t\t\t\t\t\t<div class=\"elementor-shortcode\"><nav aria-label=\"breadcrumbs\">\n            <div class=\"breadcrumb-container theme1\">\n                <ol>\n                                    <\/ol>\n            <\/div>\n        <\/nav>    <script type=\"application\/ld+json\">\n        {\n            \"@context\": \"http:\/\/schema.org\",\n            \"@type\": \"BreadcrumbList\",\n            \"itemListElement\": [\n                            ]\n        }\n    <\/script>\n   \n    <script>\n            <\/script>\n<\/div>\n\t\t\t\t\t\t<\/div>\n\t\t\t\t<\/div>\n\t\t\t\t\t<\/div>\n\t\t<\/div>\n\t\t\t\t\t<\/div>\n\t\t<\/section>\n\t\t\t\t<section class=\"elementor-section elementor-top-section elementor-element elementor-element-30d48139 elementor-section-boxed elementor-section-height-default elementor-section-height-default\" data-id=\"30d48139\" data-element_type=\"section\" data-e-type=\"section\">\n\t\t\t\t\t\t<div class=\"elementor-container elementor-column-gap-extended\">\n\t\t\t\t\t<div class=\"elementor-column elementor-col-50 elementor-top-column elementor-element elementor-element-7fbc2aa5\" data-id=\"7fbc2aa5\" data-element_type=\"column\" data-e-type=\"column\">\n\t\t\t<div class=\"elementor-widget-wrap elementor-element-populated\">\n\t\t\t\t\t\t<div class=\"elementor-element elementor-element-6286da9e elementor-widget elementor-widget-image\" data-id=\"6286da9e\" data-element_type=\"widget\" data-e-type=\"widget\" data-widget_type=\"image.default\">\n\t\t\t\t<div class=\"elementor-widget-container\">\n\t\t\t\t\t\t\t\t\t\t\t\t\t\t\t<img fetchpriority=\"high\" decoding=\"async\" width=\"800\" height=\"500\" src=\"https:\/\/www.cerege.fr\/wp-content\/uploads\/2022\/12\/photo10-1024x640.jpg\" class=\"attachment-large size-large wp-image-12729\" alt=\"\" srcset=\"https:\/\/www.cerege.fr\/wp-content\/uploads\/2022\/12\/photo10-1024x640.jpg 1024w, https:\/\/www.cerege.fr\/wp-content\/uploads\/2022\/12\/photo10-300x188.jpg 300w, https:\/\/www.cerege.fr\/wp-content\/uploads\/2022\/12\/photo10-768x480.jpg 768w, https:\/\/www.cerege.fr\/wp-content\/uploads\/2022\/12\/photo10-18x12.jpg 18w, https:\/\/www.cerege.fr\/wp-content\/uploads\/2022\/12\/photo10.jpg 1280w\" sizes=\"(max-width: 800px) 100vw, 800px\" \/>\t\t\t\t\t\t\t\t\t\t\t\t\t\t\t<\/div>\n\t\t\t\t<\/div>\n\t\t\t\t<section class=\"elementor-section elementor-inner-section elementor-element elementor-element-cf0ebe7 elementor-section-boxed elementor-section-height-default elementor-section-height-default\" data-id=\"cf0ebe7\" data-element_type=\"section\" data-e-type=\"section\">\n\t\t\t\t\t\t<div class=\"elementor-container elementor-column-gap-default\">\n\t\t\t\t\t<div class=\"elementor-column elementor-col-50 elementor-inner-column elementor-element elementor-element-f2480b8\" data-id=\"f2480b8\" data-element_type=\"column\" data-e-type=\"column\">\n\t\t\t<div class=\"elementor-widget-wrap elementor-element-populated\">\n\t\t\t\t\t\t<div class=\"elementor-element elementor-element-3321a1d elementor-widget elementor-widget-image\" data-id=\"3321a1d\" data-element_type=\"widget\" data-e-type=\"widget\" data-widget_type=\"image.default\">\n\t\t\t\t<div class=\"elementor-widget-container\">\n\t\t\t\t\t\t\t\t\t\t\t\t\t\t\t<img decoding=\"async\" width=\"375\" height=\"1024\" src=\"https:\/\/www.cerege.fr\/wp-content\/uploads\/2022\/12\/photo8-375x1024.png\" class=\"attachment-large size-large wp-image-12745\" alt=\"\" srcset=\"https:\/\/www.cerege.fr\/wp-content\/uploads\/2022\/12\/photo8-375x1024.png 375w, https:\/\/www.cerege.fr\/wp-content\/uploads\/2022\/12\/photo8-110x300.png 110w, https:\/\/www.cerege.fr\/wp-content\/uploads\/2022\/12\/photo8-768x2098.png 768w, https:\/\/www.cerege.fr\/wp-content\/uploads\/2022\/12\/photo8-562x1536.png 562w, https:\/\/www.cerege.fr\/wp-content\/uploads\/2022\/12\/photo8-750x2048.png 750w, https:\/\/www.cerege.fr\/wp-content\/uploads\/2022\/12\/photo8-4x12.png 4w, https:\/\/www.cerege.fr\/wp-content\/uploads\/2022\/12\/photo8.png 947w\" sizes=\"(max-width: 375px) 100vw, 375px\" \/>\t\t\t\t\t\t\t\t\t\t\t\t\t\t\t<\/div>\n\t\t\t\t<\/div>\n\t\t\t\t\t<\/div>\n\t\t<\/div>\n\t\t\t\t<div class=\"elementor-column elementor-col-50 elementor-inner-column elementor-element elementor-element-3ca7196\" data-id=\"3ca7196\" data-element_type=\"column\" data-e-type=\"column\">\n\t\t\t<div class=\"elementor-widget-wrap elementor-element-populated\">\n\t\t\t\t\t\t<div class=\"elementor-element elementor-element-f3d29ab elementor-widget elementor-widget-image\" data-id=\"f3d29ab\" data-element_type=\"widget\" data-e-type=\"widget\" data-widget_type=\"image.default\">\n\t\t\t\t<div class=\"elementor-widget-container\">\n\t\t\t\t\t\t\t\t\t\t\t\t\t\t\t<img decoding=\"async\" width=\"591\" height=\"1024\" src=\"https:\/\/www.cerege.fr\/wp-content\/uploads\/2022\/12\/Photo9-591x1024.jpg\" class=\"attachment-large size-large wp-image-12746\" alt=\"\" srcset=\"https:\/\/www.cerege.fr\/wp-content\/uploads\/2022\/12\/Photo9-591x1024.jpg 591w, https:\/\/www.cerege.fr\/wp-content\/uploads\/2022\/12\/Photo9-173x300.jpg 173w, https:\/\/www.cerege.fr\/wp-content\/uploads\/2022\/12\/Photo9-768x1330.jpg 768w, https:\/\/www.cerege.fr\/wp-content\/uploads\/2022\/12\/Photo9-887x1536.jpg 887w, https:\/\/www.cerege.fr\/wp-content\/uploads\/2022\/12\/Photo9-scaled.jpg 1183w, https:\/\/www.cerege.fr\/wp-content\/uploads\/2022\/12\/Photo9-7x12.jpg 7w, https:\/\/www.cerege.fr\/wp-content\/uploads\/2022\/12\/Photo9-1320x2285.jpg 1320w\" sizes=\"(max-width: 591px) 100vw, 591px\" \/>\t\t\t\t\t\t\t\t\t\t\t\t\t\t\t<\/div>\n\t\t\t\t<\/div>\n\t\t\t\t\t<\/div>\n\t\t<\/div>\n\t\t\t\t\t<\/div>\n\t\t<\/section>\n\t\t\t\t\t<\/div>\n\t\t<\/div>\n\t\t\t\t<div class=\"elementor-column elementor-col-50 elementor-top-column elementor-element elementor-element-161538ae\" data-id=\"161538ae\" data-element_type=\"column\" data-e-type=\"column\">\n\t\t\t<div class=\"elementor-widget-wrap elementor-element-populated\">\n\t\t\t\t\t\t<div class=\"elementor-element elementor-element-980efc0 elementor-widget elementor-widget-text-editor\" data-id=\"980efc0\" data-element_type=\"widget\" data-e-type=\"widget\" data-widget_type=\"text-editor.default\">\n\t\t\t\t<div class=\"elementor-widget-container\">\n\t\t\t\t\t\t\t\t\t<p>Les mesures g\u00e9ophysiques (principalement magn\u00e9tiques) de laboratoire ont des applications dans la connaissance des variations du champ magn\u00e9tique terrestre de leur utilisation comme outil de datation de s\u00e9diments ou de coul\u00e9es volcaniques.<\/p><p>Elles int\u00e9ressent aussi les processus d\u2019aimantation des croutes plan\u00e9taires (roches enfouies, crat\u00e8res d\u2019impact et des m\u00e9t\u00e9orites ainsi que la caract\u00e9risation des min\u00e9raux magn\u00e9tiques dans les archives pal\u00e9o-environnementales. Cette approche de laboratoire est compl\u00e9t\u00e9e par la magn\u00e9to-optique pour la caract\u00e9risation des porteurs de l\u2019aimantation dans les roches.<\/p><p>Les mesure g\u00e9ophysiques sur terrain ont des applications en plan\u00e9tologie (crat\u00e8re d\u2019impact\u00a0; Canada, Maroc, Russe, Kazakhstan, et Rochechouart en France), g\u00e9ologie, g\u00e9omorphologie (bassin du Rh\u00f4ne, Camargue, Var et r\u00e9gion d\u2019Aix) et arch\u00e9ologie (Riez et r\u00e9gion Proven\u00e7ale, Rome, Croatie).<\/p>\t\t\t\t\t\t\t\t<\/div>\n\t\t\t\t<\/div>\n\t\t\t\t\t<\/div>\n\t\t<\/div>\n\t\t\t\t\t<\/div>\n\t\t<\/section>\n\t\t\t\t<\/div>\n\t\t","protected":false},"excerpt":{"rendered":"<p>Les mesures g\u00e9ophysiques (principalement magn\u00e9tiques) de laboratoire ont des applications dans la connaissance des variations du champ magn\u00e9tique terrestre de leur utilisation comme outil de datation de s\u00e9diments ou de [&hellip;]<\/p>\n","protected":false},"author":551,"featured_media":12736,"parent":9318,"menu_order":0,"comment_status":"closed","ping_status":"closed","template":"","meta":{"_acf_changed":false,"footnotes":""},"class_list":["post-12759","page","type-page","status-publish","has-post-thumbnail","hentry"],"acf":[],"publishpress_future_action":{"enabled":false,"date":"2026-04-17 19:25:03","action":"change-status","newStatus":"draft","terms":[],"taxonomy":"","extraData":[]},"publishpress_future_workflow_manual_trigger":{"enabledWorkflows":[]},"_links":{"self":[{"href":"https:\/\/www.cerege.fr\/fr\/wp-json\/wp\/v2\/pages\/12759","targetHints":{"allow":["GET"]}}],"collection":[{"href":"https:\/\/www.cerege.fr\/fr\/wp-json\/wp\/v2\/pages"}],"about":[{"href":"https:\/\/www.cerege.fr\/fr\/wp-json\/wp\/v2\/types\/page"}],"author":[{"embeddable":true,"href":"https:\/\/www.cerege.fr\/fr\/wp-json\/wp\/v2\/users\/551"}],"replies":[{"embeddable":true,"href":"https:\/\/www.cerege.fr\/fr\/wp-json\/wp\/v2\/comments?post=12759"}],"version-history":[{"count":5,"href":"https:\/\/www.cerege.fr\/fr\/wp-json\/wp\/v2\/pages\/12759\/revisions"}],"predecessor-version":[{"id":22435,"href":"https:\/\/www.cerege.fr\/fr\/wp-json\/wp\/v2\/pages\/12759\/revisions\/22435"}],"up":[{"embeddable":true,"href":"https:\/\/www.cerege.fr\/fr\/wp-json\/wp\/v2\/pages\/9318"}],"wp:featuredmedia":[{"embeddable":true,"href":"https:\/\/www.cerege.fr\/fr\/wp-json\/wp\/v2\/media\/12736"}],"wp:attachment":[{"href":"https:\/\/www.cerege.fr\/fr\/wp-json\/wp\/v2\/media?parent=12759"}],"curies":[{"name":"wp","href":"https:\/\/api.w.org\/{rel}","templated":true}]}}