{"id":14135,"date":"2023-01-10T12:18:58","date_gmt":"2023-01-10T11:18:58","guid":{"rendered":"https:\/\/www.cerege.fr\/?page_id=14135"},"modified":"2023-01-17T22:31:29","modified_gmt":"2023-01-17T21:31:29","slug":"outils-chimie-elementaire-la-icp-ms-2","status":"publish","type":"page","link":"https:\/\/www.cerege.fr\/fr\/equipements\/poles-techniques\/chimie-elementaire-la-icp-ms\/outils-chimie-elementaire-la-icp-ms-2\/","title":{"rendered":"Outils Chimie \u00e9l\u00e9mentaire (LA-ICP-MS)"},"content":{"rendered":"\t\t<div data-elementor-type=\"wp-page\" data-elementor-id=\"14135\" class=\"elementor elementor-14135\" data-elementor-post-type=\"page\">\n\t\t\t\t\t\t<section class=\"elementor-section elementor-top-section elementor-element elementor-element-4c9308fb elementor-section-full_width elementor-section-height-min-height elementor-section-height-default elementor-section-items-middle\" data-id=\"4c9308fb\" data-element_type=\"section\" data-e-type=\"section\" data-settings=\"{&quot;background_background&quot;:&quot;classic&quot;}\">\n\t\t\t\t\t\t<div class=\"elementor-container elementor-column-gap-default\">\n\t\t\t\t\t<div class=\"elementor-column elementor-col-100 elementor-top-column elementor-element elementor-element-613d5c85\" data-id=\"613d5c85\" data-element_type=\"column\" data-e-type=\"column\">\n\t\t\t<div class=\"elementor-widget-wrap\">\n\t\t\t\t\t\t\t<\/div>\n\t\t<\/div>\n\t\t\t\t\t<\/div>\n\t\t<\/section>\n\t\t\t\t<section class=\"elementor-section elementor-top-section elementor-element elementor-element-359f4cdd elementor-section-boxed elementor-section-height-default elementor-section-height-default\" data-id=\"359f4cdd\" data-element_type=\"section\" data-e-type=\"section\">\n\t\t\t\t\t\t<div class=\"elementor-container elementor-column-gap-default\">\n\t\t\t\t\t<div class=\"elementor-column elementor-col-100 elementor-top-column elementor-element elementor-element-29042662\" data-id=\"29042662\" data-element_type=\"column\" data-e-type=\"column\">\n\t\t\t<div class=\"elementor-widget-wrap elementor-element-populated\">\n\t\t\t\t\t\t<div class=\"elementor-element elementor-element-2521d448 elementor-widget elementor-widget-shortcode\" data-id=\"2521d448\" data-element_type=\"widget\" data-e-type=\"widget\" data-widget_type=\"shortcode.default\">\n\t\t\t\t<div class=\"elementor-widget-container\">\n\t\t\t\t\t\t\t<div class=\"elementor-shortcode\"><nav aria-label=\"breadcrumbs\">\n            <div class=\"breadcrumb-container theme1\">\n                <ol>\n                                    <\/ol>\n            <\/div>\n        <\/nav>    <script type=\"application\/ld+json\">\n        {\n            \"@context\": \"http:\/\/schema.org\",\n            \"@type\": \"BreadcrumbList\",\n            \"itemListElement\": [\n                            ]\n        }\n    <\/script>\n   \n    <script>\n            <\/script>\n<\/div>\n\t\t\t\t\t\t<\/div>\n\t\t\t\t<\/div>\n\t\t\t\t\t<\/div>\n\t\t<\/div>\n\t\t\t\t\t<\/div>\n\t\t<\/section>\n\t\t\t\t<section class=\"elementor-section elementor-top-section elementor-element elementor-element-60ea903e elementor-section-boxed elementor-section-height-default elementor-section-height-default\" data-id=\"60ea903e\" data-element_type=\"section\" data-e-type=\"section\">\n\t\t\t\t\t\t<div class=\"elementor-container elementor-column-gap-extended\">\n\t\t\t\t\t<div class=\"elementor-column elementor-col-50 elementor-top-column elementor-element elementor-element-2b8ec7d1\" data-id=\"2b8ec7d1\" data-element_type=\"column\" data-e-type=\"column\">\n\t\t\t<div class=\"elementor-widget-wrap elementor-element-populated\">\n\t\t\t\t\t\t<div class=\"elementor-element elementor-element-4a5cf86f elementor-widget elementor-widget-image\" data-id=\"4a5cf86f\" data-element_type=\"widget\" data-e-type=\"widget\" data-widget_type=\"image.default\">\n\t\t\t\t<div class=\"elementor-widget-container\">\n\t\t\t\t\t\t\t\t\t\t\t\t\t\t\t<img fetchpriority=\"high\" decoding=\"async\" width=\"400\" height=\"250\" src=\"https:\/\/www.cerege.fr\/wp-content\/uploads\/2023\/01\/100_4770.jpg\" class=\"attachment-large size-large wp-image-14117\" alt=\"\" srcset=\"https:\/\/www.cerege.fr\/wp-content\/uploads\/2023\/01\/100_4770.jpg 400w, https:\/\/www.cerege.fr\/wp-content\/uploads\/2023\/01\/100_4770-300x188.jpg 300w, https:\/\/www.cerege.fr\/wp-content\/uploads\/2023\/01\/100_4770-18x12.jpg 18w\" sizes=\"(max-width: 400px) 100vw, 400px\" \/>\t\t\t\t\t\t\t\t\t\t\t\t\t\t\t<\/div>\n\t\t\t\t<\/div>\n\t\t\t\t\t<\/div>\n\t\t<\/div>\n\t\t\t\t<div class=\"elementor-column elementor-col-50 elementor-top-column elementor-element elementor-element-74091f1\" data-id=\"74091f1\" data-element_type=\"column\" data-e-type=\"column\">\n\t\t\t<div class=\"elementor-widget-wrap elementor-element-populated\">\n\t\t\t\t\t\t<div class=\"elementor-element elementor-element-46bf4b67 elementor-widget elementor-widget-heading\" data-id=\"46bf4b67\" data-element_type=\"widget\" data-e-type=\"widget\" data-widget_type=\"heading.default\">\n\t\t\t\t<div class=\"elementor-widget-container\">\n\t\t\t\t\t<h2 class=\"elementor-heading-title elementor-size-default\">ICP-MS Quadripolaire<\/h2>\t\t\t\t<\/div>\n\t\t\t\t<\/div>\n\t\t\t\t<div class=\"elementor-element elementor-element-47393b8a elementor-widget elementor-widget-text-editor\" data-id=\"47393b8a\" data-element_type=\"widget\" data-e-type=\"widget\" data-widget_type=\"text-editor.default\">\n\t\t\t\t<div class=\"elementor-widget-container\">\n\t\t\t\t\t\t\t\t\t<p><em>Perkin Elmer NexIon 300X<\/em><\/p><p>Analyse chimique \u00e9l\u00e9mentaire de 90% des \u00e9l\u00e9ments du tableau p\u00e9riodique.<\/p><p>Dosage de traces (\u00b5g\/L) et d&#8217;ultra-traces (pg\/L).<\/p><p>Travail en mode collision (He) pour minimiser les interf\u00e9rences spectrales : par exemple la limite de quantification de As75 est de l&#8217;ordre de 10 pg\/L m\u00eame en pr\u00e9sence d&#8217;HCl.<\/p><p>Passeur rapide d&#8217;\u00e9chantillon ESI SC-4 DX FAST qui permet de r\u00e9duire les temps d&#8217;analyses et l&#8217;analyse de grandes s\u00e9ries d&#8217;\u00e9chantillons (jusqu\u2019\u00e0 240 \u00e9chantillons).\u00a0<\/p>\t\t\t\t\t\t\t\t<\/div>\n\t\t\t\t<\/div>\n\t\t\t\t\t<\/div>\n\t\t<\/div>\n\t\t\t\t\t<\/div>\n\t\t<\/section>\n\t\t\t\t<section class=\"elementor-section elementor-top-section elementor-element elementor-element-6bc3efbb elementor-section-boxed elementor-section-height-default elementor-section-height-default\" data-id=\"6bc3efbb\" data-element_type=\"section\" data-e-type=\"section\">\n\t\t\t\t\t\t<div class=\"elementor-container elementor-column-gap-default\">\n\t\t\t\t\t<div class=\"elementor-column elementor-col-50 elementor-top-column elementor-element elementor-element-273a2b26\" data-id=\"273a2b26\" data-element_type=\"column\" data-e-type=\"column\">\n\t\t\t<div class=\"elementor-widget-wrap elementor-element-populated\">\n\t\t\t\t\t\t<div class=\"elementor-element elementor-element-7e8d135 elementor-widget elementor-widget-image\" data-id=\"7e8d135\" data-element_type=\"widget\" data-e-type=\"widget\" data-widget_type=\"image.default\">\n\t\t\t\t<div class=\"elementor-widget-container\">\n\t\t\t\t\t\t\t\t\t\t\t\t\t\t\t<img decoding=\"async\" width=\"400\" height=\"250\" src=\"https:\/\/www.cerege.fr\/wp-content\/uploads\/2023\/01\/IMG_0655.jpg\" class=\"attachment-large size-large wp-image-14121\" alt=\"\" srcset=\"https:\/\/www.cerege.fr\/wp-content\/uploads\/2023\/01\/IMG_0655.jpg 400w, https:\/\/www.cerege.fr\/wp-content\/uploads\/2023\/01\/IMG_0655-300x188.jpg 300w, https:\/\/www.cerege.fr\/wp-content\/uploads\/2023\/01\/IMG_0655-18x12.jpg 18w\" sizes=\"(max-width: 400px) 100vw, 400px\" \/>\t\t\t\t\t\t\t\t\t\t\t\t\t\t\t<\/div>\n\t\t\t\t<\/div>\n\t\t\t\t\t<\/div>\n\t\t<\/div>\n\t\t\t\t<div class=\"elementor-column elementor-col-50 elementor-top-column elementor-element elementor-element-360131bd\" data-id=\"360131bd\" data-element_type=\"column\" data-e-type=\"column\">\n\t\t\t<div class=\"elementor-widget-wrap elementor-element-populated\">\n\t\t\t\t\t\t<div class=\"elementor-element elementor-element-5313b95a elementor-widget elementor-widget-heading\" data-id=\"5313b95a\" data-element_type=\"widget\" data-e-type=\"widget\" data-widget_type=\"heading.default\">\n\t\t\t\t<div class=\"elementor-widget-container\">\n\t\t\t\t\t<h2 class=\"elementor-heading-title elementor-size-default\">ICP-OES<\/h2>\t\t\t\t<\/div>\n\t\t\t\t<\/div>\n\t\t\t\t<div class=\"elementor-element elementor-element-4f2c874e elementor-widget elementor-widget-text-editor\" data-id=\"4f2c874e\" data-element_type=\"widget\" data-e-type=\"widget\" data-widget_type=\"text-editor.default\">\n\t\t\t\t<div class=\"elementor-widget-container\">\n\t\t\t\t\t\t\t\t\t<p><em>Agilent 5800 VDV<\/em><\/p><p>Dosage des majeurs et des mineurs.\u00a0Concentrations entre 0.020 mg\/l\u00a0et 50 mg\/l<\/p><p>Torche verticale (pour diminuer les effets de matrice).<\/p><p>Analyses en vis\u00e9e axiale ou radiale. Choix des longueurs qui permet une grande dynamique de concentration.<\/p><p>D\u00e9tection par cam\u00e9ra CCD en mode simultan\u00e9. Acc\u00e8s \u00e0 toutes les longueurs d\u2019ondes\u00a0: de 167 nm \u00e0 785 nm.<\/p><p>Excellente sensibilit\u00e9 et stabilit\u00e9\u00a0(Adaptive Integration Technology).\u00a0<\/p><p>Couplage avec un passeur <em>ESI SC-4DX FAST<\/em> avec boucle d\u2019injection rapide qui permet des temps d\u2019analyses inf\u00e9rieurs \u00e0 2\u201930 quel que soit le nombre d\u2019\u00e9l\u00e9ments et de longueurs d\u2019ondes choisis.\u00a0<\/p>\t\t\t\t\t\t\t\t<\/div>\n\t\t\t\t<\/div>\n\t\t\t\t\t<\/div>\n\t\t<\/div>\n\t\t\t\t\t<\/div>\n\t\t<\/section>\n\t\t\t\t<section class=\"elementor-section elementor-top-section elementor-element elementor-element-1c51d5e6 elementor-section-boxed elementor-section-height-default elementor-section-height-default\" data-id=\"1c51d5e6\" data-element_type=\"section\" data-e-type=\"section\">\n\t\t\t\t\t\t<div class=\"elementor-container elementor-column-gap-default\">\n\t\t\t\t\t<div class=\"elementor-column elementor-col-50 elementor-top-column elementor-element elementor-element-2e1ae7e\" data-id=\"2e1ae7e\" data-element_type=\"column\" data-e-type=\"column\">\n\t\t\t<div class=\"elementor-widget-wrap elementor-element-populated\">\n\t\t\t\t\t\t<div class=\"elementor-element elementor-element-6aa0b4b elementor-widget elementor-widget-image\" data-id=\"6aa0b4b\" data-element_type=\"widget\" data-e-type=\"widget\" data-widget_type=\"image.default\">\n\t\t\t\t<div class=\"elementor-widget-container\">\n\t\t\t\t\t\t\t\t\t\t\t\t\t\t\t<img decoding=\"async\" width=\"400\" height=\"250\" src=\"https:\/\/www.cerege.fr\/wp-content\/uploads\/2023\/01\/IMG_0125.jpg\" class=\"attachment-large size-large wp-image-14118\" alt=\"\" srcset=\"https:\/\/www.cerege.fr\/wp-content\/uploads\/2023\/01\/IMG_0125.jpg 400w, https:\/\/www.cerege.fr\/wp-content\/uploads\/2023\/01\/IMG_0125-300x188.jpg 300w, https:\/\/www.cerege.fr\/wp-content\/uploads\/2023\/01\/IMG_0125-18x12.jpg 18w\" sizes=\"(max-width: 400px) 100vw, 400px\" \/>\t\t\t\t\t\t\t\t\t\t\t\t\t\t\t<\/div>\n\t\t\t\t<\/div>\n\t\t\t\t\t<\/div>\n\t\t<\/div>\n\t\t\t\t<div class=\"elementor-column elementor-col-50 elementor-top-column elementor-element elementor-element-5887bfb7\" data-id=\"5887bfb7\" data-element_type=\"column\" data-e-type=\"column\">\n\t\t\t<div class=\"elementor-widget-wrap elementor-element-populated\">\n\t\t\t\t\t\t<div class=\"elementor-element elementor-element-68fa042d elementor-widget elementor-widget-heading\" data-id=\"68fa042d\" data-element_type=\"widget\" data-e-type=\"widget\" data-widget_type=\"heading.default\">\n\t\t\t\t<div class=\"elementor-widget-container\">\n\t\t\t\t\t<h2 class=\"elementor-heading-title elementor-size-default\">Laser\n<\/h2>\t\t\t\t<\/div>\n\t\t\t\t<\/div>\n\t\t\t\t<div class=\"elementor-element elementor-element-6aa7b165 elementor-widget elementor-widget-text-editor\" data-id=\"6aa7b165\" data-element_type=\"widget\" data-e-type=\"widget\" data-widget_type=\"text-editor.default\">\n\t\t\t\t<div class=\"elementor-widget-container\">\n\t\t\t\t\t\t\t\t\t<p>Laser d&#8217;une longueur d&#8217;onde de 213 nm qui permet l&#8217;ablation de la plupart des solides.<\/p><p>Choix de la taille des spots entre 10 \u00b5m jusqu&#8217;\u00e0 200 \u00b5m.<\/p><p>Choix de la puissance du laser, de la vitesse de d\u00e9placement.<\/p><p>Cellule <em>HelEx<\/em>, dynamique \u00e0 deux volumes, qui permet d&#8217;obtenir une tr\u00e8s bonne r\u00e9solution spatiale tout en gardant une bonne sensibilit\u00e9.\u00a0<\/p><p>Platine cryog\u00e9nique, permettant de\u00a0travailler sur des mat\u00e9riaux biologiques frais.<\/p>\t\t\t\t\t\t\t\t<\/div>\n\t\t\t\t<\/div>\n\t\t\t\t\t<\/div>\n\t\t<\/div>\n\t\t\t\t\t<\/div>\n\t\t<\/section>\n\t\t\t\t<section class=\"elementor-section elementor-top-section elementor-element elementor-element-5b415720 elementor-section-boxed elementor-section-height-default elementor-section-height-default\" data-id=\"5b415720\" data-element_type=\"section\" data-e-type=\"section\">\n\t\t\t\t\t\t<div class=\"elementor-container elementor-column-gap-default\">\n\t\t\t\t\t<div class=\"elementor-column elementor-col-50 elementor-top-column elementor-element elementor-element-f4a156a\" data-id=\"f4a156a\" data-element_type=\"column\" data-e-type=\"column\">\n\t\t\t<div class=\"elementor-widget-wrap elementor-element-populated\">\n\t\t\t\t\t\t<div class=\"elementor-element elementor-element-71551d2a elementor-widget elementor-widget-image\" data-id=\"71551d2a\" data-element_type=\"widget\" data-e-type=\"widget\" data-widget_type=\"image.default\">\n\t\t\t\t<div class=\"elementor-widget-container\">\n\t\t\t\t\t\t\t\t\t\t\t\t\t\t\t<img loading=\"lazy\" decoding=\"async\" width=\"400\" height=\"250\" src=\"https:\/\/www.cerege.fr\/wp-content\/uploads\/2023\/01\/IMG_0293.jpg\" class=\"attachment-large size-large wp-image-14119\" alt=\"\" srcset=\"https:\/\/www.cerege.fr\/wp-content\/uploads\/2023\/01\/IMG_0293.jpg 400w, https:\/\/www.cerege.fr\/wp-content\/uploads\/2023\/01\/IMG_0293-300x188.jpg 300w, https:\/\/www.cerege.fr\/wp-content\/uploads\/2023\/01\/IMG_0293-18x12.jpg 18w\" sizes=\"(max-width: 400px) 100vw, 400px\" \/>\t\t\t\t\t\t\t\t\t\t\t\t\t\t\t<\/div>\n\t\t\t\t<\/div>\n\t\t\t\t\t<\/div>\n\t\t<\/div>\n\t\t\t\t<div class=\"elementor-column elementor-col-50 elementor-top-column elementor-element elementor-element-3838b3af\" data-id=\"3838b3af\" data-element_type=\"column\" data-e-type=\"column\">\n\t\t\t<div class=\"elementor-widget-wrap elementor-element-populated\">\n\t\t\t\t\t\t<div class=\"elementor-element elementor-element-1225ed44 elementor-widget elementor-widget-heading\" data-id=\"1225ed44\" data-element_type=\"widget\" data-e-type=\"widget\" data-widget_type=\"heading.default\">\n\t\t\t\t<div class=\"elementor-widget-container\">\n\t\t\t\t\t<h2 class=\"elementor-heading-title elementor-size-default\">Min\u00e9ralisateur par micro-ondes<\/h2>\t\t\t\t<\/div>\n\t\t\t\t<\/div>\n\t\t\t\t<div class=\"elementor-element elementor-element-13f32ff3 elementor-widget elementor-widget-text-editor\" data-id=\"13f32ff3\" data-element_type=\"widget\" data-e-type=\"widget\" data-widget_type=\"text-editor.default\">\n\t\t\t\t<div class=\"elementor-widget-container\">\n\t\t\t\t\t\t\t\t\t<p><em>UltraWave Thermo-Scientific<\/em><\/p><p>Min\u00e9ralisation jusqu&#8217;\u00e0 250 \u00b0C et 100 bars de pression sous pression d&#8217;azote avec des acides forts concentr\u00e9s.<\/p><p>Rack pour 15 \u00e9chantillons (tubes de 15 mL) ou 5 \u00e9chantillons (tubes de 40 mL)<\/p><p>Programmation courbes de temp\u00e9rature en fonction du temps.<\/p><p>Tous les \u00e9chantillons sont \u00e0 la m\u00eame temp\u00e9rature et \u00e0 m\u00eame pression.<\/p>\t\t\t\t\t\t\t\t<\/div>\n\t\t\t\t<\/div>\n\t\t\t\t\t<\/div>\n\t\t<\/div>\n\t\t\t\t\t<\/div>\n\t\t<\/section>\n\t\t\t\t<section class=\"elementor-section elementor-top-section elementor-element elementor-element-1e925ce0 elementor-section-boxed elementor-section-height-default elementor-section-height-default\" data-id=\"1e925ce0\" data-element_type=\"section\" data-e-type=\"section\">\n\t\t\t\t\t\t<div class=\"elementor-container elementor-column-gap-default\">\n\t\t\t\t\t<div class=\"elementor-column elementor-col-50 elementor-top-column elementor-element elementor-element-1630058e\" data-id=\"1630058e\" data-element_type=\"column\" data-e-type=\"column\">\n\t\t\t<div class=\"elementor-widget-wrap elementor-element-populated\">\n\t\t\t\t\t\t<div class=\"elementor-element elementor-element-4b854b41 elementor-widget elementor-widget-image\" data-id=\"4b854b41\" data-element_type=\"widget\" data-e-type=\"widget\" data-widget_type=\"image.default\">\n\t\t\t\t<div class=\"elementor-widget-container\">\n\t\t\t\t\t\t\t\t\t\t\t\t\t\t\t<img loading=\"lazy\" decoding=\"async\" width=\"400\" height=\"250\" src=\"https:\/\/www.cerege.fr\/wp-content\/uploads\/2023\/01\/Perleuse.jpg\" class=\"attachment-large size-large wp-image-14122\" alt=\"\" srcset=\"https:\/\/www.cerege.fr\/wp-content\/uploads\/2023\/01\/Perleuse.jpg 400w, https:\/\/www.cerege.fr\/wp-content\/uploads\/2023\/01\/Perleuse-300x188.jpg 300w, https:\/\/www.cerege.fr\/wp-content\/uploads\/2023\/01\/Perleuse-18x12.jpg 18w\" sizes=\"(max-width: 400px) 100vw, 400px\" \/>\t\t\t\t\t\t\t\t\t\t\t\t\t\t\t<\/div>\n\t\t\t\t<\/div>\n\t\t\t\t\t<\/div>\n\t\t<\/div>\n\t\t\t\t<div class=\"elementor-column elementor-col-50 elementor-top-column elementor-element elementor-element-7873bca4\" data-id=\"7873bca4\" data-element_type=\"column\" data-e-type=\"column\">\n\t\t\t<div class=\"elementor-widget-wrap elementor-element-populated\">\n\t\t\t\t\t\t<div class=\"elementor-element elementor-element-6efb9a19 elementor-widget elementor-widget-heading\" data-id=\"6efb9a19\" data-element_type=\"widget\" data-e-type=\"widget\" data-widget_type=\"heading.default\">\n\t\t\t\t<div class=\"elementor-widget-container\">\n\t\t\t\t\t<h2 class=\"elementor-heading-title elementor-size-default\">Instrument de fusion<\/h2>\t\t\t\t<\/div>\n\t\t\t\t<\/div>\n\t\t\t\t<div class=\"elementor-element elementor-element-354f4b3b elementor-widget elementor-widget-text-editor\" data-id=\"354f4b3b\" data-element_type=\"widget\" data-e-type=\"widget\" data-widget_type=\"text-editor.default\">\n\t\t\t\t<div class=\"elementor-widget-container\">\n\t\t\t\t\t\t\t\t\t<p><em>Claisse LeNeo<\/em><\/p><p>Pr\u00e9paration d\u2019une large gamme de mat\u00e9riaux de mani\u00e8re automatis\u00e9e et s\u00e9curis\u00e9e.\u00a0<\/p><p>Mise en solution en vue d\u2019une analyse ICP ou moulage d\u2019un disque de verre pour analyse XRF.\u00a0<\/p><p>Param\u00e8tres de fusion programmables garantissant un taux de succ\u00e8s de fusion \u00e9lev\u00e9.\u00a0<\/p><p>Temp\u00e9rature jusqu\u2019\u00e0 1200\u00b0C.\u00a0<\/p>\t\t\t\t\t\t\t\t<\/div>\n\t\t\t\t<\/div>\n\t\t\t\t\t<\/div>\n\t\t<\/div>\n\t\t\t\t\t<\/div>\n\t\t<\/section>\n\t\t\t\t<\/div>\n\t\t","protected":false},"excerpt":{"rendered":"<p>ICP-MS Quadripolaire Perkin Elmer NexIon 300X Analyse chimique \u00e9l\u00e9mentaire de 90% des \u00e9l\u00e9ments du tableau p\u00e9riodique. Dosage de traces (\u00b5g\/L) et d&#8217;ultra-traces (pg\/L). Travail en mode collision (He) pour minimiser [&hellip;]<\/p>\n","protected":false},"author":551,"featured_media":15681,"parent":9270,"menu_order":0,"comment_status":"closed","ping_status":"closed","template":"","meta":{"_acf_changed":false,"footnotes":""},"class_list":["post-14135","page","type-page","status-publish","has-post-thumbnail","hentry"],"acf":[],"publishpress_future_action":{"enabled":false,"date":"2026-04-11 02:19:09","action":"change-status","newStatus":"draft","terms":[],"taxonomy":"","extraData":[]},"publishpress_future_workflow_manual_trigger":{"enabledWorkflows":[]},"_links":{"self":[{"href":"https:\/\/www.cerege.fr\/fr\/wp-json\/wp\/v2\/pages\/14135","targetHints":{"allow":["GET"]}}],"collection":[{"href":"https:\/\/www.cerege.fr\/fr\/wp-json\/wp\/v2\/pages"}],"about":[{"href":"https:\/\/www.cerege.fr\/fr\/wp-json\/wp\/v2\/types\/page"}],"author":[{"embeddable":true,"href":"https:\/\/www.cerege.fr\/fr\/wp-json\/wp\/v2\/users\/551"}],"replies":[{"embeddable":true,"href":"https:\/\/www.cerege.fr\/fr\/wp-json\/wp\/v2\/comments?post=14135"}],"version-history":[{"count":5,"href":"https:\/\/www.cerege.fr\/fr\/wp-json\/wp\/v2\/pages\/14135\/revisions"}],"predecessor-version":[{"id":15686,"href":"https:\/\/www.cerege.fr\/fr\/wp-json\/wp\/v2\/pages\/14135\/revisions\/15686"}],"up":[{"embeddable":true,"href":"https:\/\/www.cerege.fr\/fr\/wp-json\/wp\/v2\/pages\/9270"}],"wp:featuredmedia":[{"embeddable":true,"href":"https:\/\/www.cerege.fr\/fr\/wp-json\/wp\/v2\/media\/15681"}],"wp:attachment":[{"href":"https:\/\/www.cerege.fr\/fr\/wp-json\/wp\/v2\/media?parent=14135"}],"curies":[{"name":"wp","href":"https:\/\/api.w.org\/{rel}","templated":true}]}}