{"id":14277,"date":"2023-01-10T16:36:16","date_gmt":"2023-01-10T15:36:16","guid":{"rendered":"https:\/\/www.cerege.fr\/?page_id=14277"},"modified":"2023-01-17T22:35:18","modified_gmt":"2023-01-17T21:35:18","slug":"applications-de-la-plateforme-chimie-elementaire-la-icp-ms","status":"publish","type":"page","link":"https:\/\/www.cerege.fr\/fr\/equipements\/poles-techniques\/chimie-elementaire-la-icp-ms\/applications-de-la-plateforme-chimie-elementaire-la-icp-ms\/","title":{"rendered":"Applications de la Plateforme Chimie \u00c9l\u00e9mentaire LA-ICP-MS"},"content":{"rendered":"\t\t<div data-elementor-type=\"wp-page\" data-elementor-id=\"14277\" class=\"elementor elementor-14277\" data-elementor-post-type=\"page\">\n\t\t\t\t\t\t<section class=\"elementor-section elementor-top-section elementor-element elementor-element-1c5bd324 elementor-section-full_width elementor-section-height-min-height elementor-section-height-default elementor-section-items-middle\" data-id=\"1c5bd324\" data-element_type=\"section\" data-e-type=\"section\" data-settings=\"{&quot;background_background&quot;:&quot;classic&quot;}\">\n\t\t\t\t\t\t<div class=\"elementor-container elementor-column-gap-default\">\n\t\t\t\t\t<div class=\"elementor-column elementor-col-100 elementor-top-column elementor-element elementor-element-d5a6e06\" data-id=\"d5a6e06\" data-element_type=\"column\" data-e-type=\"column\">\n\t\t\t<div class=\"elementor-widget-wrap\">\n\t\t\t\t\t\t\t<\/div>\n\t\t<\/div>\n\t\t\t\t\t<\/div>\n\t\t<\/section>\n\t\t\t\t<section class=\"elementor-section elementor-top-section elementor-element elementor-element-5ab44b6f elementor-section-boxed elementor-section-height-default elementor-section-height-default\" data-id=\"5ab44b6f\" data-element_type=\"section\" data-e-type=\"section\">\n\t\t\t\t\t\t<div class=\"elementor-container elementor-column-gap-default\">\n\t\t\t\t\t<div class=\"elementor-column elementor-col-100 elementor-top-column elementor-element elementor-element-339e0198\" data-id=\"339e0198\" data-element_type=\"column\" data-e-type=\"column\">\n\t\t\t<div class=\"elementor-widget-wrap elementor-element-populated\">\n\t\t\t\t\t\t<div class=\"elementor-element elementor-element-7e5f309e elementor-widget elementor-widget-shortcode\" data-id=\"7e5f309e\" data-element_type=\"widget\" data-e-type=\"widget\" data-widget_type=\"shortcode.default\">\n\t\t\t\t<div class=\"elementor-widget-container\">\n\t\t\t\t\t\t\t<div class=\"elementor-shortcode\"><nav aria-label=\"breadcrumbs\">\n            <div class=\"breadcrumb-container theme1\">\n                <ol>\n                                    <\/ol>\n            <\/div>\n        <\/nav>    <script type=\"application\/ld+json\">\n        {\n            \"@context\": \"http:\/\/schema.org\",\n            \"@type\": \"BreadcrumbList\",\n            \"itemListElement\": [\n                            ]\n        }\n    <\/script>\n   \n    <script>\n            <\/script>\n<\/div>\n\t\t\t\t\t\t<\/div>\n\t\t\t\t<\/div>\n\t\t\t\t<section class=\"elementor-section elementor-inner-section elementor-element elementor-element-9acc1d7 elementor-section-boxed elementor-section-height-default elementor-section-height-default\" data-id=\"9acc1d7\" data-element_type=\"section\" data-e-type=\"section\">\n\t\t\t\t\t\t<div class=\"elementor-container elementor-column-gap-wide\">\n\t\t\t\t\t<div class=\"elementor-column elementor-col-100 elementor-inner-column elementor-element elementor-element-374f813c\" data-id=\"374f813c\" data-element_type=\"column\" data-e-type=\"column\">\n\t\t\t<div class=\"elementor-widget-wrap elementor-element-populated\">\n\t\t\t\t\t\t<div class=\"elementor-element elementor-element-388d6feb elementor-widget elementor-widget-text-editor\" data-id=\"388d6feb\" data-element_type=\"widget\" data-e-type=\"widget\" data-widget_type=\"text-editor.default\">\n\t\t\t\t<div class=\"elementor-widget-container\">\n\t\t\t\t\t\t\t\t\t<p style=\"text-align: justify;\">Les moyens techniques disponibles comprennent une salle blanche pour la pr\u00e9paration chimique des \u00e9chantillons, un spectrom\u00e8tre de masse \u00e0 source plasma et multi-collection (MC-ICP-MS), un spectrom\u00e8tre de masse \u00e0 thermo-ionisation (TIMS) et un spectrom\u00e8tre de masse \u00e0 source plasma et haute r\u00e9solution (HR-ICP-MS) \u00e9quip\u00e9 d\u2019une source d\u2019ions \u00e0 ablation laser (LA). Elle est en outre \u00e9quip\u00e9e d\u2019une microforeuse pour \u00e9chantillonnage de solides \u00e0 haute r\u00e9solution spatiale et d\u2019un appareil d\u2019analyse \u00e9l\u00e9mentaire des ions majeurs en solution aqueuse par chromatographie ionique (IC).<\/p>\t\t\t\t\t\t\t\t<\/div>\n\t\t\t\t<\/div>\n\t\t\t\t\t<\/div>\n\t\t<\/div>\n\t\t\t\t\t<\/div>\n\t\t<\/section>\n\t\t\t\t\t<\/div>\n\t\t<\/div>\n\t\t\t\t\t<\/div>\n\t\t<\/section>\n\t\t\t\t<section class=\"elementor-section elementor-top-section elementor-element elementor-element-5e0ecc03 elementor-section-boxed elementor-section-height-default elementor-section-height-default\" data-id=\"5e0ecc03\" data-element_type=\"section\" data-e-type=\"section\">\n\t\t\t\t\t\t<div class=\"elementor-container elementor-column-gap-extended\">\n\t\t\t\t\t<div class=\"elementor-column elementor-col-50 elementor-top-column elementor-element elementor-element-595fa21c\" data-id=\"595fa21c\" data-element_type=\"column\" data-e-type=\"column\">\n\t\t\t<div class=\"elementor-widget-wrap elementor-element-populated\">\n\t\t\t\t\t\t<div class=\"elementor-element elementor-element-7ec08725 elementor-widget elementor-widget-image\" data-id=\"7ec08725\" data-element_type=\"widget\" data-e-type=\"widget\" data-widget_type=\"image.default\">\n\t\t\t\t<div class=\"elementor-widget-container\">\n\t\t\t\t\t\t\t\t\t\t\t\t\t\t\t<img fetchpriority=\"high\" decoding=\"async\" width=\"800\" height=\"600\" src=\"https:\/\/www.cerege.fr\/wp-content\/uploads\/2023\/01\/100-1.bmp\" class=\"attachment-large size-large wp-image-15679\" alt=\"\" \/>\t\t\t\t\t\t\t\t\t\t\t\t\t\t\t<\/div>\n\t\t\t\t<\/div>\n\t\t\t\t\t<\/div>\n\t\t<\/div>\n\t\t\t\t<div class=\"elementor-column elementor-col-50 elementor-top-column elementor-element elementor-element-427d0bdc\" data-id=\"427d0bdc\" data-element_type=\"column\" data-e-type=\"column\">\n\t\t\t<div class=\"elementor-widget-wrap elementor-element-populated\">\n\t\t\t\t\t\t<div class=\"elementor-element elementor-element-75864a6d elementor-widget elementor-widget-heading\" data-id=\"75864a6d\" data-element_type=\"widget\" data-e-type=\"widget\" data-widget_type=\"heading.default\">\n\t\t\t\t<div class=\"elementor-widget-container\">\n\t\t\t\t\t<h2 class=\"elementor-heading-title elementor-size-default\">Salle blanche<\/h2>\t\t\t\t<\/div>\n\t\t\t\t<\/div>\n\t\t\t\t<div class=\"elementor-element elementor-element-5993a16c elementor-widget elementor-widget-text-editor\" data-id=\"5993a16c\" data-element_type=\"widget\" data-e-type=\"widget\" data-widget_type=\"text-editor.default\">\n\t\t\t\t<div class=\"elementor-widget-container\">\n\t\t\t\t\t\t\t\t\t<p>Destin\u00e9 \u00e0 la pr\u00e9paration des \u00e9chantillons pour leur purification et leur pr\u00e9-concentration, cet espace r\u00e9unit les conditions d\u2019une atmosph\u00e8re ultra-propre de niveau ISO 5. R\u00e9partie sur cinq pi\u00e8ces et occupant une surface totale de 80 m2, elle poss\u00e8de sept postes de travail sous hottes \u00e0 flux laminaire et tout l\u2019\u00e9quipement asoci\u00e9\u00a0: sorbonnes, syst\u00e8mes de production d\u2019eau ultra-pure, balance de haute pr\u00e9cision, boites d\u2019\u00e9vaporation sous atmosph\u00e8re filtr\u00e9e, purificateurs de r\u00e9actifs \u2026<\/p>\t\t\t\t\t\t\t\t<\/div>\n\t\t\t\t<\/div>\n\t\t\t\t\t<\/div>\n\t\t<\/div>\n\t\t\t\t\t<\/div>\n\t\t<\/section>\n\t\t\t\t<section class=\"elementor-section elementor-top-section elementor-element elementor-element-1b9d178 elementor-section-boxed elementor-section-height-default elementor-section-height-default\" data-id=\"1b9d178\" data-element_type=\"section\" data-e-type=\"section\">\n\t\t\t\t\t\t<div class=\"elementor-container elementor-column-gap-default\">\n\t\t\t\t\t<div class=\"elementor-column elementor-col-50 elementor-top-column elementor-element elementor-element-266bb168\" data-id=\"266bb168\" data-element_type=\"column\" data-e-type=\"column\">\n\t\t\t<div class=\"elementor-widget-wrap elementor-element-populated\">\n\t\t\t\t\t\t\t<\/div>\n\t\t<\/div>\n\t\t\t\t<div class=\"elementor-column elementor-col-50 elementor-top-column elementor-element elementor-element-273cc659\" data-id=\"273cc659\" data-element_type=\"column\" data-e-type=\"column\">\n\t\t\t<div class=\"elementor-widget-wrap elementor-element-populated\">\n\t\t\t\t\t\t<div class=\"elementor-element elementor-element-4fb50cd7 elementor-widget elementor-widget-heading\" data-id=\"4fb50cd7\" data-element_type=\"widget\" data-e-type=\"widget\" data-widget_type=\"heading.default\">\n\t\t\t\t<div class=\"elementor-widget-container\">\n\t\t\t\t\t<h2 class=\"elementor-heading-title elementor-size-default\">Spectrom\u00e8tre de masse \u00e0 source plasma et multicollection (MC-ICP-MS)\n<\/h2>\t\t\t\t<\/div>\n\t\t\t\t<\/div>\n\t\t\t\t<div class=\"elementor-element elementor-element-7cda4de4 elementor-widget elementor-widget-text-editor\" data-id=\"7cda4de4\" data-element_type=\"widget\" data-e-type=\"widget\" data-widget_type=\"text-editor.default\">\n\t\t\t\t<div class=\"elementor-widget-container\">\n\t\t\t\t\t\t\t\t\t<p>L\u2019instrument de type \u00ab\u00a0Neptune Plus\u00a0\u00bb de ThermoFisher Scientific est \u00e9quip\u00e9 de l\u2019interface \u00ab\u00a0Jet\u00a0\u00bb, de neuf collecteurs de Faraday (avec une gamme d\u2019amplificateurs \u00e0 r\u00e9sistances de 1010, 1011 et 1012 ohms), d\u2019un multiplicateur d\u2019\u00e9lectrons secondaires (SEM) et de quatre d\u00e9tecteurs \u00e0 dynodes discr\u00e8tes compactes (CDD). L\u2019instrument est d\u00e9di\u00e9 aux analyses en haute pr\u00e9cision des compositions isotopiques des \u00e9l\u00e9ments tels que le strontium, le n\u00e9odyme, l\u2019uranium, le thorium, le plomb, le fer, le cuivre, le zinc et le cadmium, ainsi que, gr\u00e2ce \u00e0 la haute r\u00e9solution, le silicium.<\/p>\t\t\t\t\t\t\t\t<\/div>\n\t\t\t\t<\/div>\n\t\t\t\t\t<\/div>\n\t\t<\/div>\n\t\t\t\t\t<\/div>\n\t\t<\/section>\n\t\t\t\t<section class=\"elementor-section elementor-top-section elementor-element elementor-element-12ba75cb elementor-section-boxed elementor-section-height-default elementor-section-height-default\" data-id=\"12ba75cb\" data-element_type=\"section\" data-e-type=\"section\">\n\t\t\t\t\t\t<div class=\"elementor-container elementor-column-gap-default\">\n\t\t\t\t\t<div class=\"elementor-column elementor-col-50 elementor-top-column elementor-element elementor-element-65f975d4\" data-id=\"65f975d4\" data-element_type=\"column\" data-e-type=\"column\">\n\t\t\t<div class=\"elementor-widget-wrap elementor-element-populated\">\n\t\t\t\t\t\t\t<\/div>\n\t\t<\/div>\n\t\t\t\t<div class=\"elementor-column elementor-col-50 elementor-top-column elementor-element elementor-element-616202b5\" data-id=\"616202b5\" data-element_type=\"column\" data-e-type=\"column\">\n\t\t\t<div class=\"elementor-widget-wrap elementor-element-populated\">\n\t\t\t\t\t\t<div class=\"elementor-element elementor-element-70304f94 elementor-widget elementor-widget-heading\" data-id=\"70304f94\" data-element_type=\"widget\" data-e-type=\"widget\" data-widget_type=\"heading.default\">\n\t\t\t\t<div class=\"elementor-widget-container\">\n\t\t\t\t\t<h2 class=\"elementor-heading-title elementor-size-default\">Spectrom\u00e8tre de masse \u00e0 thermo-ionisation (TIMS)\n<\/h2>\t\t\t\t<\/div>\n\t\t\t\t<\/div>\n\t\t\t\t<div class=\"elementor-element elementor-element-11882893 elementor-widget elementor-widget-text-editor\" data-id=\"11882893\" data-element_type=\"widget\" data-e-type=\"widget\" data-widget_type=\"text-editor.default\">\n\t\t\t\t<div class=\"elementor-widget-container\">\n\t\t\t\t\t\t\t\t\t<p>Cet appareil de mod\u00e8le VG Sector 54-30 est muni de sept collecteurs de Faraday et d\u2019une extension constitu\u00e9e d\u2019un filtre \u00e9lectrostatique en \u00e9nergie et d\u2019un d\u00e9tecteur de Daly configur\u00e9 en mode comptage d\u2019ions. Appr\u00e9ci\u00e9 pour son efficacit\u00e9 de s\u00e9paration, sa sensibilit\u00e9 et sa lin\u00e9arit\u00e9, il est encore utilis\u00e9 pour les analyses des isotopes du strontium, du plomb, du thorium et de l\u2019uranium.<\/p>\t\t\t\t\t\t\t\t<\/div>\n\t\t\t\t<\/div>\n\t\t\t\t\t<\/div>\n\t\t<\/div>\n\t\t\t\t\t<\/div>\n\t\t<\/section>\n\t\t\t\t<section class=\"elementor-section elementor-top-section elementor-element elementor-element-2fcdd4c4 elementor-section-boxed elementor-section-height-default elementor-section-height-default\" data-id=\"2fcdd4c4\" data-element_type=\"section\" data-e-type=\"section\">\n\t\t\t\t\t\t<div class=\"elementor-container elementor-column-gap-default\">\n\t\t\t\t\t<div class=\"elementor-column elementor-col-50 elementor-top-column elementor-element elementor-element-5f4d039d\" data-id=\"5f4d039d\" data-element_type=\"column\" data-e-type=\"column\">\n\t\t\t<div class=\"elementor-widget-wrap elementor-element-populated\">\n\t\t\t\t\t\t\t<\/div>\n\t\t<\/div>\n\t\t\t\t<div class=\"elementor-column elementor-col-50 elementor-top-column elementor-element elementor-element-4dc1416d\" data-id=\"4dc1416d\" data-element_type=\"column\" data-e-type=\"column\">\n\t\t\t<div class=\"elementor-widget-wrap elementor-element-populated\">\n\t\t\t\t\t\t<div class=\"elementor-element elementor-element-2dfe6894 elementor-widget elementor-widget-heading\" data-id=\"2dfe6894\" data-element_type=\"widget\" data-e-type=\"widget\" data-widget_type=\"heading.default\">\n\t\t\t\t<div class=\"elementor-widget-container\">\n\t\t\t\t\t<h2 class=\"elementor-heading-title elementor-size-default\">Spectrom\u00e8tre de masse \u00e0 source plasma et haute r\u00e9solution (HR-ICP-MS)\n<\/h2>\t\t\t\t<\/div>\n\t\t\t\t<\/div>\n\t\t\t\t<div class=\"elementor-element elementor-element-3c8a26b0 elementor-widget elementor-widget-text-editor\" data-id=\"3c8a26b0\" data-element_type=\"widget\" data-e-type=\"widget\" data-widget_type=\"text-editor.default\">\n\t\t\t\t<div class=\"elementor-widget-container\">\n\t\t\t\t\t\t\t\t\t<p>De mod\u00e8le Element-XR, cet instrument effectue des analyses \u00e9l\u00e9mentaires et isotopiques sur des \u00e9chantillons en solution ou solides. Dans ce dernier cas, il est coupl\u00e9 \u00e0 un syst\u00e8me d\u2019\u00e9chantillonnage de type ablation laser (193 nm) qui permet l\u2019analyse in situ des solides pr\u00e9par\u00e9s en sections polies ou en lames minces. Le laser apporte une r\u00e9solution spatiale am\u00e9lior\u00e9e avec une \u00e9chelle r\u00e9duite \u00e0 10 \u03bcm (couramment 150 \u03bcm).<\/p>\t\t\t\t\t\t\t\t<\/div>\n\t\t\t\t<\/div>\n\t\t\t\t\t<\/div>\n\t\t<\/div>\n\t\t\t\t\t<\/div>\n\t\t<\/section>\n\t\t\t\t<section class=\"elementor-section elementor-top-section elementor-element elementor-element-50d9da12 elementor-section-boxed elementor-section-height-default elementor-section-height-default\" data-id=\"50d9da12\" data-element_type=\"section\" data-e-type=\"section\">\n\t\t\t\t\t\t<div class=\"elementor-container elementor-column-gap-default\">\n\t\t\t\t\t<div class=\"elementor-column elementor-col-50 elementor-top-column elementor-element elementor-element-2f9f73b1\" data-id=\"2f9f73b1\" data-element_type=\"column\" data-e-type=\"column\">\n\t\t\t<div class=\"elementor-widget-wrap elementor-element-populated\">\n\t\t\t\t\t\t\t<\/div>\n\t\t<\/div>\n\t\t\t\t<div class=\"elementor-column elementor-col-50 elementor-top-column elementor-element elementor-element-58356fdc\" data-id=\"58356fdc\" data-element_type=\"column\" data-e-type=\"column\">\n\t\t\t<div class=\"elementor-widget-wrap elementor-element-populated\">\n\t\t\t\t\t\t<div class=\"elementor-element elementor-element-72fcf7d2 elementor-widget elementor-widget-heading\" data-id=\"72fcf7d2\" data-element_type=\"widget\" data-e-type=\"widget\" data-widget_type=\"heading.default\">\n\t\t\t\t<div class=\"elementor-widget-container\">\n\t\t\t\t\t<h2 class=\"elementor-heading-title elementor-size-default\">Microforeuse d\u2019\u00e9chantillonnage<\/h2>\t\t\t\t<\/div>\n\t\t\t\t<\/div>\n\t\t\t\t<div class=\"elementor-element elementor-element-5b3f1659 elementor-widget elementor-widget-text-editor\" data-id=\"5b3f1659\" data-element_type=\"widget\" data-e-type=\"widget\" data-widget_type=\"text-editor.default\">\n\t\t\t\t<div class=\"elementor-widget-container\">\n\t\t\t\t\t\t\t\t\t<p>Une micro-perceuse \u00e0 colonne de type Geomill permet de pr\u00e9lever des veines rocheuses d\u2019\u00e9paisseur millim\u00e9trique. L\u2019\u00e9chantillon pr\u00e9lev\u00e9 sur une surface lisse est r\u00e9cup\u00e9r\u00e9 sous forme de poudre, pour \u00eatre ensuite purifi\u00e9 en salle blanche et analys\u00e9 en spectrom\u00e9trie de masse isotopique.<\/p>\t\t\t\t\t\t\t\t<\/div>\n\t\t\t\t<\/div>\n\t\t\t\t\t<\/div>\n\t\t<\/div>\n\t\t\t\t\t<\/div>\n\t\t<\/section>\n\t\t\t\t<section class=\"elementor-section elementor-top-section elementor-element elementor-element-71c2ab5c elementor-section-boxed elementor-section-height-default elementor-section-height-default\" data-id=\"71c2ab5c\" data-element_type=\"section\" data-e-type=\"section\">\n\t\t\t\t\t\t<div class=\"elementor-container elementor-column-gap-default\">\n\t\t\t\t\t<div class=\"elementor-column elementor-col-50 elementor-top-column elementor-element elementor-element-1e55d461\" data-id=\"1e55d461\" data-element_type=\"column\" data-e-type=\"column\">\n\t\t\t<div class=\"elementor-widget-wrap elementor-element-populated\">\n\t\t\t\t\t\t\t<\/div>\n\t\t<\/div>\n\t\t\t\t<div class=\"elementor-column elementor-col-50 elementor-top-column elementor-element elementor-element-60e84284\" data-id=\"60e84284\" data-element_type=\"column\" data-e-type=\"column\">\n\t\t\t<div class=\"elementor-widget-wrap elementor-element-populated\">\n\t\t\t\t\t\t<div class=\"elementor-element elementor-element-21f9a173 elementor-widget elementor-widget-heading\" data-id=\"21f9a173\" data-element_type=\"widget\" data-e-type=\"widget\" data-widget_type=\"heading.default\">\n\t\t\t\t<div class=\"elementor-widget-container\">\n\t\t\t\t\t<h2 class=\"elementor-heading-title elementor-size-default\">Appareil d\u2019analyses \u00e9l\u00e9mentaires par chromatographie ionique (IC)\n<\/h2>\t\t\t\t<\/div>\n\t\t\t\t<\/div>\n\t\t\t\t<div class=\"elementor-element elementor-element-6f02fe4a elementor-widget elementor-widget-text-editor\" data-id=\"6f02fe4a\" data-element_type=\"widget\" data-e-type=\"widget\" data-widget_type=\"text-editor.default\">\n\t\t\t\t<div class=\"elementor-widget-container\">\n\t\t\t\t\t\t\t\t\t<p>Cet instrument utilis\u00e9 en analyse \u00e9l\u00e9mentaire mesure la concentration des ions majeurs dissous en solution. Le mod\u00e8le est un Aquion de chez Dionex (Thermo Scientific) \u00e9quip\u00e9 d\u2019un passeur d\u2019\u00e9chantillons et d\u2019un suppresseur auto-r\u00e9g\u00e9n\u00e9r\u00e9. Il peut analyser les anions et les cations dans une gamme de concentrations de 5 ppb \u00e0 20 ppm.<\/p>\t\t\t\t\t\t\t\t<\/div>\n\t\t\t\t<\/div>\n\t\t\t\t\t<\/div>\n\t\t<\/div>\n\t\t\t\t\t<\/div>\n\t\t<\/section>\n\t\t\t\t<\/div>\n\t\t","protected":false},"excerpt":{"rendered":"<p>Les moyens techniques disponibles comprennent une salle blanche pour la pr\u00e9paration chimique des \u00e9chantillons, un spectrom\u00e8tre de masse \u00e0 source plasma et multi-collection (MC-ICP-MS), un spectrom\u00e8tre de masse \u00e0 thermo-ionisation [&hellip;]<\/p>\n","protected":false},"author":551,"featured_media":15681,"parent":9270,"menu_order":0,"comment_status":"closed","ping_status":"closed","template":"","meta":{"_acf_changed":false,"footnotes":""},"class_list":["post-14277","page","type-page","status-publish","has-post-thumbnail","hentry"],"acf":[],"publishpress_future_action":{"enabled":false,"date":"2026-05-12 18:39:26","action":"change-status","newStatus":"draft","terms":[],"taxonomy":"","extraData":[]},"publishpress_future_workflow_manual_trigger":{"enabledWorkflows":[]},"_links":{"self":[{"href":"https:\/\/www.cerege.fr\/fr\/wp-json\/wp\/v2\/pages\/14277","targetHints":{"allow":["GET"]}}],"collection":[{"href":"https:\/\/www.cerege.fr\/fr\/wp-json\/wp\/v2\/pages"}],"about":[{"href":"https:\/\/www.cerege.fr\/fr\/wp-json\/wp\/v2\/types\/page"}],"author":[{"embeddable":true,"href":"https:\/\/www.cerege.fr\/fr\/wp-json\/wp\/v2\/users\/551"}],"replies":[{"embeddable":true,"href":"https:\/\/www.cerege.fr\/fr\/wp-json\/wp\/v2\/comments?post=14277"}],"version-history":[{"count":5,"href":"https:\/\/www.cerege.fr\/fr\/wp-json\/wp\/v2\/pages\/14277\/revisions"}],"predecessor-version":[{"id":15696,"href":"https:\/\/www.cerege.fr\/fr\/wp-json\/wp\/v2\/pages\/14277\/revisions\/15696"}],"up":[{"embeddable":true,"href":"https:\/\/www.cerege.fr\/fr\/wp-json\/wp\/v2\/pages\/9270"}],"wp:featuredmedia":[{"embeddable":true,"href":"https:\/\/www.cerege.fr\/fr\/wp-json\/wp\/v2\/media\/15681"}],"wp:attachment":[{"href":"https:\/\/www.cerege.fr\/fr\/wp-json\/wp\/v2\/media?parent=14277"}],"curies":[{"name":"wp","href":"https:\/\/api.w.org\/{rel}","templated":true}]}}