{"id":14522,"date":"2023-01-11T09:52:23","date_gmt":"2023-01-11T08:52:23","guid":{"rendered":"https:\/\/www.cerege.fr\/?page_id=14522"},"modified":"2025-09-17T15:42:29","modified_gmt":"2025-09-17T13:42:29","slug":"outils-imagerie-et-geomatique-sigeo","status":"publish","type":"page","link":"https:\/\/www.cerege.fr\/fr\/equipements\/poles-techniques\/imagerie-et-geomatique-sigeo\/outils-imagerie-et-geomatique-sigeo\/","title":{"rendered":"Outils Imagerie et G\u00e9omatique (SIG\u00e9o)"},"content":{"rendered":"\t\t<div data-elementor-type=\"wp-page\" data-elementor-id=\"14522\" class=\"elementor elementor-14522\" data-elementor-post-type=\"page\">\n\t\t\t\t\t\t<section class=\"elementor-section elementor-top-section elementor-element elementor-element-9f2737e elementor-section-full_width elementor-section-height-min-height elementor-section-height-default elementor-section-items-middle\" data-id=\"9f2737e\" data-element_type=\"section\" data-e-type=\"section\" data-settings=\"{&quot;background_background&quot;:&quot;classic&quot;}\">\n\t\t\t\t\t\t<div class=\"elementor-container elementor-column-gap-default\">\n\t\t\t\t\t<div class=\"elementor-column elementor-col-100 elementor-top-column elementor-element elementor-element-68f069af\" data-id=\"68f069af\" data-element_type=\"column\" data-e-type=\"column\">\n\t\t\t<div class=\"elementor-widget-wrap\">\n\t\t\t\t\t\t\t<\/div>\n\t\t<\/div>\n\t\t\t\t\t<\/div>\n\t\t<\/section>\n\t\t\t\t<section class=\"elementor-section elementor-top-section elementor-element elementor-element-f5e96d3 elementor-section-boxed elementor-section-height-default elementor-section-height-default\" data-id=\"f5e96d3\" data-element_type=\"section\" data-e-type=\"section\">\n\t\t\t\t\t\t<div class=\"elementor-container elementor-column-gap-default\">\n\t\t\t\t\t<div class=\"elementor-column elementor-col-100 elementor-top-column elementor-element elementor-element-337da263\" data-id=\"337da263\" data-element_type=\"column\" data-e-type=\"column\">\n\t\t\t<div class=\"elementor-widget-wrap elementor-element-populated\">\n\t\t\t\t\t\t<div class=\"elementor-element elementor-element-18e16cd1 elementor-widget elementor-widget-shortcode\" data-id=\"18e16cd1\" data-element_type=\"widget\" data-e-type=\"widget\" data-widget_type=\"shortcode.default\">\n\t\t\t\t<div class=\"elementor-widget-container\">\n\t\t\t\t\t\t\t<div class=\"elementor-shortcode\"><nav aria-label=\"breadcrumbs\">\n            <div class=\"breadcrumb-container theme1\">\n                <ol>\n                                    <\/ol>\n            <\/div>\n        <\/nav>    <script type=\"application\/ld+json\">\n        {\n            \"@context\": \"http:\/\/schema.org\",\n            \"@type\": \"BreadcrumbList\",\n            \"itemListElement\": [\n                            ]\n        }\n    <\/script>\n   \n    <script>\n            <\/script>\n<\/div>\n\t\t\t\t\t\t<\/div>\n\t\t\t\t<\/div>\n\t\t\t\t\t<\/div>\n\t\t<\/div>\n\t\t\t\t\t<\/div>\n\t\t<\/section>\n\t\t\t\t<section class=\"elementor-section elementor-top-section elementor-element elementor-element-25edc6bc elementor-section-boxed elementor-section-height-default elementor-section-height-default\" data-id=\"25edc6bc\" data-element_type=\"section\" data-e-type=\"section\">\n\t\t\t\t\t\t<div class=\"elementor-container elementor-column-gap-extended\">\n\t\t\t\t\t<div class=\"elementor-column elementor-col-50 elementor-top-column elementor-element elementor-element-62ab204e\" data-id=\"62ab204e\" data-element_type=\"column\" data-e-type=\"column\">\n\t\t\t<div class=\"elementor-widget-wrap elementor-element-populated\">\n\t\t\t\t\t\t<div class=\"elementor-element elementor-element-3aeaf336 elementor-widget elementor-widget-image\" data-id=\"3aeaf336\" data-element_type=\"widget\" data-e-type=\"widget\" data-widget_type=\"image.default\">\n\t\t\t\t<div class=\"elementor-widget-container\">\n\t\t\t\t\t\t\t\t\t\t\t\t\t\t\t<img fetchpriority=\"high\" decoding=\"async\" width=\"400\" height=\"250\" src=\"https:\/\/www.cerege.fr\/wp-content\/uploads\/2023\/01\/gps_polynesie_1024px.jpg\" class=\"attachment-large size-large wp-image-14558\" alt=\"\" srcset=\"https:\/\/www.cerege.fr\/wp-content\/uploads\/2023\/01\/gps_polynesie_1024px.jpg 400w, https:\/\/www.cerege.fr\/wp-content\/uploads\/2023\/01\/gps_polynesie_1024px-300x188.jpg 300w, https:\/\/www.cerege.fr\/wp-content\/uploads\/2023\/01\/gps_polynesie_1024px-18x12.jpg 18w\" sizes=\"(max-width: 400px) 100vw, 400px\" \/>\t\t\t\t\t\t\t\t\t\t\t\t\t\t\t<\/div>\n\t\t\t\t<\/div>\n\t\t\t\t<div class=\"elementor-element elementor-element-4a5a271 elementor-widget elementor-widget-image\" data-id=\"4a5a271\" data-element_type=\"widget\" data-e-type=\"widget\" data-widget_type=\"image.default\">\n\t\t\t\t<div class=\"elementor-widget-container\">\n\t\t\t\t\t\t\t\t\t\t\t\t\t\t\t<img decoding=\"async\" width=\"400\" height=\"250\" src=\"https:\/\/www.cerege.fr\/wp-content\/uploads\/2023\/01\/gps_guyane_1024px.jpg\" class=\"attachment-large size-large wp-image-14557\" alt=\"\" srcset=\"https:\/\/www.cerege.fr\/wp-content\/uploads\/2023\/01\/gps_guyane_1024px.jpg 400w, https:\/\/www.cerege.fr\/wp-content\/uploads\/2023\/01\/gps_guyane_1024px-300x188.jpg 300w, https:\/\/www.cerege.fr\/wp-content\/uploads\/2023\/01\/gps_guyane_1024px-18x12.jpg 18w\" sizes=\"(max-width: 400px) 100vw, 400px\" \/>\t\t\t\t\t\t\t\t\t\t\t\t\t\t\t<\/div>\n\t\t\t\t<\/div>\n\t\t\t\t\t<\/div>\n\t\t<\/div>\n\t\t\t\t<div class=\"elementor-column elementor-col-50 elementor-top-column elementor-element elementor-element-31e37976\" data-id=\"31e37976\" data-element_type=\"column\" data-e-type=\"column\">\n\t\t\t<div class=\"elementor-widget-wrap elementor-element-populated\">\n\t\t\t\t\t\t<div class=\"elementor-element elementor-element-48b27653 elementor-widget elementor-widget-heading\" data-id=\"48b27653\" data-element_type=\"widget\" data-e-type=\"widget\" data-widget_type=\"heading.default\">\n\t\t\t\t<div class=\"elementor-widget-container\">\n\t\t\t\t\t<h2 class=\"elementor-heading-title elementor-size-default\">Plate-forme technique\u00a0<\/h2>\t\t\t\t<\/div>\n\t\t\t\t<\/div>\n\t\t\t\t<div class=\"elementor-element elementor-element-4acc6f76 elementor-widget elementor-widget-text-editor\" data-id=\"4acc6f76\" data-element_type=\"widget\" data-e-type=\"widget\" data-widget_type=\"text-editor.default\">\n\t\t\t\t<div class=\"elementor-widget-container\">\n\t\t\t\t\t\t\t\t\t<ul><li>GNSS diff\u00e9rentiel, topo-bathym\u00e9trie<\/li><li>Imagerie par drones (photogramm\u00e9trie SfM, magn\u00e9tisme, LiDAR, imagerie optique et infra-rouge) et par ULM. Plateforme homologu\u00e9e DGAC et Dirsu-drone du CNRS avec 2 t\u00e9l\u00e9pilotes et parc de 9 drones de type multicopt\u00e8re et aile-volante<\/li><li>Plateau de photogramm\u00e9trie sur \u00e9chantillons et fossiles en laboratoire (taille de 5cm \u00e0 40cm), sur affleurements et structures de terrain (50cm \u00e0 100m)<\/li><li>Ordinateurs et tablettes de terrain<\/li><li>Stations de travail sous Windows et Linux pour calcul et graphisme<\/li><li>Espaces de stockage NAS<\/li><li>Logiciels SIG (ArcGIS, QGIS, SAGA), t\u00e9l\u00e9d\u00e9tection (ENVI, Orfeo Toolbox), photogramm\u00e9trie (Agisoft Metashape, MicMac), 3D (<b><a href=\"https:\/\/www.petex.com\/pe-geology\/move-suite\/\" target=\"_blank\" rel=\"noopener\">MOVE<\/a>*<\/b>, CloudCompare, Lastools, TerraSolid, VRGS), photo (CaptureOne, Photoshop, Gimp).<\/li><li>R\u00e9alit\u00e9 virtuelle<\/li><li>Salle informatique pour la formation \u00e9quip\u00e9e de 20 postes avec logiciels sp\u00e9cifiques (SIG, traitement GNSS, 3D,)<\/li><\/ul>\t\t\t\t\t\t\t\t<\/div>\n\t\t\t\t<\/div>\n\t\t\t\t\t<\/div>\n\t\t<\/div>\n\t\t\t\t\t<\/div>\n\t\t<\/section>\n\t\t\t\t<section class=\"elementor-section elementor-top-section elementor-element elementor-element-1084885f elementor-section-boxed elementor-section-height-default elementor-section-height-default\" data-id=\"1084885f\" data-element_type=\"section\" data-e-type=\"section\">\n\t\t\t\t\t\t<div class=\"elementor-container elementor-column-gap-default\">\n\t\t\t\t\t<div class=\"elementor-column elementor-col-50 elementor-top-column elementor-element elementor-element-25022cb5\" data-id=\"25022cb5\" data-element_type=\"column\" data-e-type=\"column\">\n\t\t\t<div class=\"elementor-widget-wrap elementor-element-populated\">\n\t\t\t\t\t\t<div class=\"elementor-element elementor-element-4a81a83d elementor-widget elementor-widget-image\" data-id=\"4a81a83d\" data-element_type=\"widget\" data-e-type=\"widget\" data-widget_type=\"image.default\">\n\t\t\t\t<div class=\"elementor-widget-container\">\n\t\t\t\t\t\t\t\t\t\t\t\t\t\t\t<img decoding=\"async\" width=\"400\" height=\"250\" src=\"https:\/\/www.cerege.fr\/wp-content\/uploads\/2023\/01\/ulm_photogra_1024px.jpg\" class=\"attachment-large size-large wp-image-14565\" alt=\"\" srcset=\"https:\/\/www.cerege.fr\/wp-content\/uploads\/2023\/01\/ulm_photogra_1024px.jpg 400w, https:\/\/www.cerege.fr\/wp-content\/uploads\/2023\/01\/ulm_photogra_1024px-300x188.jpg 300w, https:\/\/www.cerege.fr\/wp-content\/uploads\/2023\/01\/ulm_photogra_1024px-18x12.jpg 18w\" sizes=\"(max-width: 400px) 100vw, 400px\" \/>\t\t\t\t\t\t\t\t\t\t\t\t\t\t\t<\/div>\n\t\t\t\t<\/div>\n\t\t\t\t\t<\/div>\n\t\t<\/div>\n\t\t\t\t<div class=\"elementor-column elementor-col-50 elementor-top-column elementor-element elementor-element-3ce3ce88\" data-id=\"3ce3ce88\" data-element_type=\"column\" data-e-type=\"column\">\n\t\t\t<div class=\"elementor-widget-wrap elementor-element-populated\">\n\t\t\t\t\t\t<div class=\"elementor-element elementor-element-587b675a elementor-widget elementor-widget-heading\" data-id=\"587b675a\" data-element_type=\"widget\" data-e-type=\"widget\" data-widget_type=\"heading.default\">\n\t\t\t\t<div class=\"elementor-widget-container\">\n\t\t\t\t\t<h2 class=\"elementor-heading-title elementor-size-default\">Infrastructure de donn\u00e9es spatiales<\/h2>\t\t\t\t<\/div>\n\t\t\t\t<\/div>\n\t\t\t\t<div class=\"elementor-element elementor-element-22270343 elementor-widget elementor-widget-text-editor\" data-id=\"22270343\" data-element_type=\"widget\" data-e-type=\"widget\" data-widget_type=\"text-editor.default\">\n\t\t\t\t<div class=\"elementor-widget-container\">\n\t\t\t\t\t\t\t\t\t<ul><li>Conception de bases de donn\u00e9es g\u00e9ographiques\u00a0<\/li><li>Catalogage de donn\u00e9es, m\u00e9tadonn\u00e9es, FAIR<\/li><li>Syst\u00e8mes d\u2019Information G\u00e9ographique (SIG)<\/li><li>Webmapping<\/li><li>Visualisation et analyse en 3D<\/li><\/ul>\t\t\t\t\t\t\t\t<\/div>\n\t\t\t\t<\/div>\n\t\t\t\t\t<\/div>\n\t\t<\/div>\n\t\t\t\t\t<\/div>\n\t\t<\/section>\n\t\t\t\t<section class=\"elementor-section elementor-top-section elementor-element elementor-element-4be4bfcf elementor-section-boxed elementor-section-height-default elementor-section-height-default\" data-id=\"4be4bfcf\" data-element_type=\"section\" data-e-type=\"section\">\n\t\t\t\t\t\t<div class=\"elementor-container elementor-column-gap-default\">\n\t\t\t\t\t<div class=\"elementor-column elementor-col-50 elementor-top-column elementor-element elementor-element-4fcff0f3\" data-id=\"4fcff0f3\" data-element_type=\"column\" data-e-type=\"column\">\n\t\t\t<div class=\"elementor-widget-wrap elementor-element-populated\">\n\t\t\t\t\t\t<div class=\"elementor-element elementor-element-273edb32 elementor-widget elementor-widget-image\" data-id=\"273edb32\" data-element_type=\"widget\" data-e-type=\"widget\" data-widget_type=\"image.default\">\n\t\t\t\t<div class=\"elementor-widget-container\">\n\t\t\t\t\t\t\t\t\t\t\t\t\t\t\t<img loading=\"lazy\" decoding=\"async\" width=\"400\" height=\"250\" src=\"https:\/\/www.cerege.fr\/wp-content\/uploads\/2023\/01\/outil_IMG_20190207_175828_1024px.jpg\" class=\"attachment-large size-large wp-image-14844\" alt=\"\" srcset=\"https:\/\/www.cerege.fr\/wp-content\/uploads\/2023\/01\/outil_IMG_20190207_175828_1024px.jpg 400w, https:\/\/www.cerege.fr\/wp-content\/uploads\/2023\/01\/outil_IMG_20190207_175828_1024px-300x188.jpg 300w, https:\/\/www.cerege.fr\/wp-content\/uploads\/2023\/01\/outil_IMG_20190207_175828_1024px-18x12.jpg 18w\" sizes=\"(max-width: 400px) 100vw, 400px\" \/>\t\t\t\t\t\t\t\t\t\t\t\t\t\t\t<\/div>\n\t\t\t\t<\/div>\n\t\t\t\t\t<\/div>\n\t\t<\/div>\n\t\t\t\t<div class=\"elementor-column elementor-col-50 elementor-top-column elementor-element elementor-element-6fe247c7\" data-id=\"6fe247c7\" data-element_type=\"column\" data-e-type=\"column\">\n\t\t\t<div class=\"elementor-widget-wrap elementor-element-populated\">\n\t\t\t\t\t\t<div class=\"elementor-element elementor-element-74bdfcbd elementor-widget elementor-widget-heading\" data-id=\"74bdfcbd\" data-element_type=\"widget\" data-e-type=\"widget\" data-widget_type=\"heading.default\">\n\t\t\t\t<div class=\"elementor-widget-container\">\n\t\t\t\t\t<h2 class=\"elementor-heading-title elementor-size-default\">D\u00e9veloppement de cha\u00eenes de traitement\n<\/h2>\t\t\t\t<\/div>\n\t\t\t\t<\/div>\n\t\t\t\t<div class=\"elementor-element elementor-element-59acc2fe elementor-widget elementor-widget-text-editor\" data-id=\"59acc2fe\" data-element_type=\"widget\" data-e-type=\"widget\" data-widget_type=\"text-editor.default\">\n\t\t\t\t<div class=\"elementor-widget-container\">\n\t\t\t\t\t\t\t\t\t<ul><li>Scripts SHELL, Python, logiciels d\u00e9di\u00e9s. D\u00e9veloppement open-source privil\u00e9gi\u00e9.<\/li><li>Formatage de donn\u00e9es\u00a0; analyse spatiale\u00a0; photogramm\u00e9trie\u00a0; LiDAR\u00a0; t\u00e9l\u00e9d\u00e9tection<\/li><\/ul><p>\u00a0<\/p>\t\t\t\t\t\t\t\t<\/div>\n\t\t\t\t<\/div>\n\t\t\t\t\t<\/div>\n\t\t<\/div>\n\t\t\t\t\t<\/div>\n\t\t<\/section>\n\t\t\t\t<section class=\"elementor-section elementor-top-section elementor-element elementor-element-52f26c6 elementor-section-boxed elementor-section-height-default elementor-section-height-default\" data-id=\"52f26c6\" data-element_type=\"section\" data-e-type=\"section\">\n\t\t\t\t\t\t<div class=\"elementor-container elementor-column-gap-default\">\n\t\t\t\t\t<div class=\"elementor-column elementor-col-100 elementor-top-column elementor-element elementor-element-b0ecc66\" data-id=\"b0ecc66\" data-element_type=\"column\" data-e-type=\"column\">\n\t\t\t<div class=\"elementor-widget-wrap elementor-element-populated\">\n\t\t\t\t\t\t<div class=\"elementor-element elementor-element-3143cfe elementor-widget-divider--view-line elementor-widget elementor-widget-divider\" data-id=\"3143cfe\" data-element_type=\"widget\" data-e-type=\"widget\" data-widget_type=\"divider.default\">\n\t\t\t\t<div class=\"elementor-widget-container\">\n\t\t\t\t\t\t\t<div class=\"elementor-divider\">\n\t\t\t<span class=\"elementor-divider-separator\">\n\t\t\t\t\t\t<\/span>\n\t\t<\/div>\n\t\t\t\t\t\t<\/div>\n\t\t\t\t<\/div>\n\t\t\t\t<div class=\"elementor-element elementor-element-a5187c4 elementor-widget elementor-widget-text-editor\" data-id=\"a5187c4\" data-element_type=\"widget\" data-e-type=\"widget\" data-widget_type=\"text-editor.default\">\n\t\t\t\t<div class=\"elementor-widget-container\">\n\t\t\t\t\t\t\t\t\t<p class=\"p4\"><b>*Licences acad\u00e9miques \/ MOVE<\/b><b><\/b><\/p><p class=\"p1\">Depuis 2020, PE Limited a fait don \u00e0 l\u2019Universit\u00e9 Aix-Marseille (laboratoire CEREGE) de licences acad\u00e9miques pour le logiciel <a href=\"https:\/\/www.petex.com\/pe-geology\/move-suite\/\" target=\"_blank\" rel=\"noopener\"><span class=\"s2\"><b>MOVE :<\/b><\/span>\u00a0un logiciel de mod\u00e9lisation g\u00e9ologique 3D de r\u00e9f\u00e9rence<\/a>.<\/p><p class=\"p1\">Il s\u2019av\u00e8re tr\u00e8s utile pour l\u2019enseignement et la recherche sur des structures et processus g\u00e9ologiques complexes.<\/p><p class=\"p1\">Le don comprend 10 licences acad\u00e9miques pour le logiciel MOVE et ses modules compl\u00e9mentaires, correspondant \u00e0 une valeur mon\u00e9taire de <span class=\"s2\"><b>1 928 384,01 \u00a3<\/b><\/span> (plus de 2 000 000 euros).<\/p>\t\t\t\t\t\t\t\t<\/div>\n\t\t\t\t<\/div>\n\t\t\t\t\t<\/div>\n\t\t<\/div>\n\t\t\t\t\t<\/div>\n\t\t<\/section>\n\t\t\t\t<\/div>\n\t\t","protected":false},"excerpt":{"rendered":"<p>Plate-forme technique\u00a0 GNSS diff\u00e9rentiel, topo-bathym\u00e9trie Imagerie par drones (photogramm\u00e9trie SfM, magn\u00e9tisme, LiDAR, imagerie optique et infra-rouge) et par ULM. Plateforme homologu\u00e9e DGAC et Dirsu-drone du CNRS avec 2 t\u00e9l\u00e9pilotes et [&hellip;]<\/p>\n","protected":false},"author":551,"featured_media":0,"parent":9309,"menu_order":0,"comment_status":"closed","ping_status":"closed","template":"","meta":{"_acf_changed":false,"footnotes":""},"class_list":["post-14522","page","type-page","status-publish","hentry"],"acf":[],"publishpress_future_action":{"enabled":false,"date":"2026-05-16 09:05:37","action":"change-status","newStatus":"draft","terms":[],"taxonomy":"","extraData":[]},"publishpress_future_workflow_manual_trigger":{"enabledWorkflows":[]},"_links":{"self":[{"href":"https:\/\/www.cerege.fr\/fr\/wp-json\/wp\/v2\/pages\/14522","targetHints":{"allow":["GET"]}}],"collection":[{"href":"https:\/\/www.cerege.fr\/fr\/wp-json\/wp\/v2\/pages"}],"about":[{"href":"https:\/\/www.cerege.fr\/fr\/wp-json\/wp\/v2\/types\/page"}],"author":[{"embeddable":true,"href":"https:\/\/www.cerege.fr\/fr\/wp-json\/wp\/v2\/users\/551"}],"replies":[{"embeddable":true,"href":"https:\/\/www.cerege.fr\/fr\/wp-json\/wp\/v2\/comments?post=14522"}],"version-history":[{"count":5,"href":"https:\/\/www.cerege.fr\/fr\/wp-json\/wp\/v2\/pages\/14522\/revisions"}],"predecessor-version":[{"id":28090,"href":"https:\/\/www.cerege.fr\/fr\/wp-json\/wp\/v2\/pages\/14522\/revisions\/28090"}],"up":[{"embeddable":true,"href":"https:\/\/www.cerege.fr\/fr\/wp-json\/wp\/v2\/pages\/9309"}],"wp:attachment":[{"href":"https:\/\/www.cerege.fr\/fr\/wp-json\/wp\/v2\/media?parent=14522"}],"curies":[{"name":"wp","href":"https:\/\/api.w.org\/{rel}","templated":true}]}}