{"id":14664,"date":"2023-01-11T11:13:10","date_gmt":"2023-01-11T10:13:10","guid":{"rendered":"https:\/\/www.cerege.fr\/?page_id=14664"},"modified":"2023-01-17T21:53:30","modified_gmt":"2023-01-17T20:53:30","slug":"outils-cirene","status":"publish","type":"page","link":"https:\/\/www.cerege.fr\/fr\/equipements\/poles-techniques\/cirene\/outils-cirene\/","title":{"rendered":"Outils CIRENE"},"content":{"rendered":"\t\t<div data-elementor-type=\"wp-page\" data-elementor-id=\"14664\" class=\"elementor elementor-14664\" data-elementor-post-type=\"page\">\n\t\t\t\t\t\t<section class=\"elementor-section elementor-top-section elementor-element elementor-element-5a223204 elementor-section-full_width elementor-section-height-min-height elementor-section-height-default elementor-section-items-middle\" data-id=\"5a223204\" data-element_type=\"section\" data-e-type=\"section\" data-settings=\"{&quot;background_background&quot;:&quot;classic&quot;}\">\n\t\t\t\t\t\t<div class=\"elementor-container elementor-column-gap-default\">\n\t\t\t\t\t<div class=\"elementor-column elementor-col-100 elementor-top-column elementor-element elementor-element-62cbe5c7\" data-id=\"62cbe5c7\" data-element_type=\"column\" data-e-type=\"column\">\n\t\t\t<div class=\"elementor-widget-wrap\">\n\t\t\t\t\t\t\t<\/div>\n\t\t<\/div>\n\t\t\t\t\t<\/div>\n\t\t<\/section>\n\t\t\t\t<section class=\"elementor-section elementor-top-section elementor-element elementor-element-57c1733d elementor-section-boxed elementor-section-height-default elementor-section-height-default\" data-id=\"57c1733d\" data-element_type=\"section\" data-e-type=\"section\">\n\t\t\t\t\t\t<div class=\"elementor-container elementor-column-gap-default\">\n\t\t\t\t\t<div class=\"elementor-column elementor-col-100 elementor-top-column elementor-element elementor-element-1453558f\" data-id=\"1453558f\" data-element_type=\"column\" data-e-type=\"column\">\n\t\t\t<div class=\"elementor-widget-wrap elementor-element-populated\">\n\t\t\t\t\t\t<div class=\"elementor-element elementor-element-6573fb68 elementor-widget elementor-widget-shortcode\" data-id=\"6573fb68\" data-element_type=\"widget\" data-e-type=\"widget\" data-widget_type=\"shortcode.default\">\n\t\t\t\t<div class=\"elementor-widget-container\">\n\t\t\t\t\t\t\t<div class=\"elementor-shortcode\"><nav aria-label=\"breadcrumbs\">\n            <div class=\"breadcrumb-container theme1\">\n                <ol>\n                                    <\/ol>\n            <\/div>\n        <\/nav>    <script type=\"application\/ld+json\">\n        {\n            \"@context\": \"http:\/\/schema.org\",\n            \"@type\": \"BreadcrumbList\",\n            \"itemListElement\": [\n                            ]\n        }\n    <\/script>\n   \n    <script>\n            <\/script>\n<\/div>\n\t\t\t\t\t\t<\/div>\n\t\t\t\t<\/div>\n\t\t\t\t\t<\/div>\n\t\t<\/div>\n\t\t\t\t\t<\/div>\n\t\t<\/section>\n\t\t\t\t<section class=\"elementor-section elementor-top-section elementor-element elementor-element-3dba83bc elementor-section-boxed elementor-section-height-default elementor-section-height-default\" data-id=\"3dba83bc\" data-element_type=\"section\" data-e-type=\"section\">\n\t\t\t\t\t\t<div class=\"elementor-container elementor-column-gap-extended\">\n\t\t\t\t\t<div class=\"elementor-column elementor-col-50 elementor-top-column elementor-element elementor-element-3a2485f1\" data-id=\"3a2485f1\" data-element_type=\"column\" data-e-type=\"column\">\n\t\t\t<div class=\"elementor-widget-wrap elementor-element-populated\">\n\t\t\t\t\t\t<div class=\"elementor-element elementor-element-2cc84682 elementor-widget elementor-widget-image\" data-id=\"2cc84682\" data-element_type=\"widget\" data-e-type=\"widget\" data-widget_type=\"image.default\">\n\t\t\t\t<div class=\"elementor-widget-container\">\n\t\t\t\t\t\t\t\t\t\t\t\t\t\t\t<img fetchpriority=\"high\" decoding=\"async\" width=\"400\" height=\"250\" src=\"https:\/\/www.cerege.fr\/wp-content\/uploads\/2023\/01\/Outil_mesocosmes-aquatiques.jpeg\" class=\"attachment-large size-large wp-image-14723\" alt=\"\" srcset=\"https:\/\/www.cerege.fr\/wp-content\/uploads\/2023\/01\/Outil_mesocosmes-aquatiques.jpeg 400w, https:\/\/www.cerege.fr\/wp-content\/uploads\/2023\/01\/Outil_mesocosmes-aquatiques-300x188.jpeg 300w, https:\/\/www.cerege.fr\/wp-content\/uploads\/2023\/01\/Outil_mesocosmes-aquatiques-18x12.jpeg 18w\" sizes=\"(max-width: 400px) 100vw, 400px\" \/>\t\t\t\t\t\t\t\t\t\t\t\t\t\t\t<\/div>\n\t\t\t\t<\/div>\n\t\t\t\t\t<\/div>\n\t\t<\/div>\n\t\t\t\t<div class=\"elementor-column elementor-col-50 elementor-top-column elementor-element elementor-element-2acd9957\" data-id=\"2acd9957\" data-element_type=\"column\" data-e-type=\"column\">\n\t\t\t<div class=\"elementor-widget-wrap elementor-element-populated\">\n\t\t\t\t\t\t<div class=\"elementor-element elementor-element-60b81d75 elementor-widget elementor-widget-heading\" data-id=\"60b81d75\" data-element_type=\"widget\" data-e-type=\"widget\" data-widget_type=\"heading.default\">\n\t\t\t\t<div class=\"elementor-widget-container\">\n\t\t\t\t\t<h2 class=\"elementor-heading-title elementor-size-default\">Laboratoire m\u00e9socosmes aquatiques<\/h2>\t\t\t\t<\/div>\n\t\t\t\t<\/div>\n\t\t\t\t<div class=\"elementor-element elementor-element-44457ac6 elementor-widget elementor-widget-text-editor\" data-id=\"44457ac6\" data-element_type=\"widget\" data-e-type=\"widget\" data-widget_type=\"text-editor.default\">\n\t\t\t\t<div class=\"elementor-widget-container\">\n\t\t\t\t\t\t\t\t\t<p style=\"font-weight: 400;\">Sur cette plateforme, physico-chimistes, micro-biologistes et \u00e9cologues \u00e9valuent le risque environnemental des (nano)mat\u00e9riaux en ayant acc\u00e8s \u00e0 des donn\u00e9es m\u00e9canistiques \u00e0 plusieurs \u00e9chelles spatiales et temporelles.<\/p><p style=\"font-weight: 400;\">Les m\u00e9socosmes aquatiques sont polyvalents, \u00e9quip\u00e9s de multiples capteurs environnementaux, et permettent d&#8217;envisager divers sc\u00e9narios d&#8217;exposition des \u00e9cosyst\u00e8mes dans des conditions r\u00e9alistes.<\/p><p style=\"font-weight: 400;\">En plus des dispositifs exp\u00e9rimentaux, cette plateforme g\u00e8re une base de donne\u0301es unique en Europe de\u0301die\u0301e a\u0300 la nanos\u00e9curit\u00e9 environnemental \u00ab MESOCOSM \u00bb pour Mesocosm Database Management System for Environmental Nanosafety permet de collecter, ge\u0301rer et analyser les donne\u0301es d\u2019exposition environnementale aux nanomate\u0301riaux ge\u0301ne\u0301re\u0301s en me\u0301socosmes.<\/p>\t\t\t\t\t\t\t\t<\/div>\n\t\t\t\t<\/div>\n\t\t\t\t\t<\/div>\n\t\t<\/div>\n\t\t\t\t\t<\/div>\n\t\t<\/section>\n\t\t\t\t<section class=\"elementor-section elementor-top-section elementor-element elementor-element-4861496 elementor-section-boxed elementor-section-height-default elementor-section-height-default\" data-id=\"4861496\" data-element_type=\"section\" data-e-type=\"section\">\n\t\t\t\t\t\t<div class=\"elementor-container elementor-column-gap-extended\">\n\t\t\t\t\t<div class=\"elementor-column elementor-col-50 elementor-top-column elementor-element elementor-element-c6e4e32\" data-id=\"c6e4e32\" data-element_type=\"column\" data-e-type=\"column\">\n\t\t\t<div class=\"elementor-widget-wrap elementor-element-populated\">\n\t\t\t\t\t\t<div class=\"elementor-element elementor-element-00487e4 elementor-widget elementor-widget-image\" data-id=\"00487e4\" data-element_type=\"widget\" data-e-type=\"widget\" data-widget_type=\"image.default\">\n\t\t\t\t<div class=\"elementor-widget-container\">\n\t\t\t\t\t\t\t\t\t\t\t\t\t\t\t<img decoding=\"async\" width=\"400\" height=\"250\" src=\"https:\/\/www.cerege.fr\/wp-content\/uploads\/2023\/01\/Outil_mesocosmes-terrestres.jpeg\" class=\"attachment-large size-large wp-image-14724\" alt=\"\" srcset=\"https:\/\/www.cerege.fr\/wp-content\/uploads\/2023\/01\/Outil_mesocosmes-terrestres.jpeg 400w, https:\/\/www.cerege.fr\/wp-content\/uploads\/2023\/01\/Outil_mesocosmes-terrestres-300x188.jpeg 300w, https:\/\/www.cerege.fr\/wp-content\/uploads\/2023\/01\/Outil_mesocosmes-terrestres-18x12.jpeg 18w\" sizes=\"(max-width: 400px) 100vw, 400px\" \/>\t\t\t\t\t\t\t\t\t\t\t\t\t\t\t<\/div>\n\t\t\t\t<\/div>\n\t\t\t\t\t<\/div>\n\t\t<\/div>\n\t\t\t\t<div class=\"elementor-column elementor-col-50 elementor-top-column elementor-element elementor-element-a6c01c9\" data-id=\"a6c01c9\" data-element_type=\"column\" data-e-type=\"column\">\n\t\t\t<div class=\"elementor-widget-wrap elementor-element-populated\">\n\t\t\t\t\t\t<div class=\"elementor-element elementor-element-af0238d elementor-widget elementor-widget-heading\" data-id=\"af0238d\" data-element_type=\"widget\" data-e-type=\"widget\" data-widget_type=\"heading.default\">\n\t\t\t\t<div class=\"elementor-widget-container\">\n\t\t\t\t\t<h2 class=\"elementor-heading-title elementor-size-default\">Laboratoire m\u00e9socosmes terrestres<\/h2>\t\t\t\t<\/div>\n\t\t\t\t<\/div>\n\t\t\t\t<div class=\"elementor-element elementor-element-ec0c2a7 elementor-widget elementor-widget-text-editor\" data-id=\"ec0c2a7\" data-element_type=\"widget\" data-e-type=\"widget\" data-widget_type=\"text-editor.default\">\n\t\t\t\t<div class=\"elementor-widget-container\">\n\t\t\t\t\t\t\t\t\t<p style=\"font-weight: 400;\">Cette plateforme permet d\u2019\u00e9tudier la complexit\u00e9 du syst\u00e8me sol\u2013plante- micro-organismes en utilisant diff\u00e9rents dispositifs tel que des cultures in vitro, en hydroponie, des rhizoboxes, des cultures en pots et en lysim\u00e8tres.<\/p><p style=\"font-weight: 400;\">Cette plateforme regroupe une serre de culture, une chambre de culture \u00e9quip\u00e9e de lampes LED (b\u00e2timent Pasteur) et une enceinte de culture (phytotron). Ces dispositifs permettent de travailler dans des conditions exp\u00e9rimentales tr\u00e8s vari\u00e9es et extr\u00eamement bien contr\u00f4l\u00e9es, que ce soit au niveau de la temp\u00e9rature, de l\u2019intensit\u00e9 lumineuse, de l\u2019hygrom\u00e9trie et de la photop\u00e9riode.<\/p>\t\t\t\t\t\t\t\t<\/div>\n\t\t\t\t<\/div>\n\t\t\t\t\t<\/div>\n\t\t<\/div>\n\t\t\t\t\t<\/div>\n\t\t<\/section>\n\t\t\t\t<section class=\"elementor-section elementor-top-section elementor-element elementor-element-d492f70 elementor-section-boxed elementor-section-height-default elementor-section-height-default\" data-id=\"d492f70\" data-element_type=\"section\" data-e-type=\"section\">\n\t\t\t\t\t\t<div class=\"elementor-container elementor-column-gap-extended\">\n\t\t\t\t\t<div class=\"elementor-column elementor-col-50 elementor-top-column elementor-element elementor-element-24847d7\" data-id=\"24847d7\" data-element_type=\"column\" data-e-type=\"column\">\n\t\t\t<div class=\"elementor-widget-wrap elementor-element-populated\">\n\t\t\t\t\t\t<div class=\"elementor-element elementor-element-c3ae102 elementor-widget elementor-widget-image\" data-id=\"c3ae102\" data-element_type=\"widget\" data-e-type=\"widget\" data-widget_type=\"image.default\">\n\t\t\t\t<div class=\"elementor-widget-container\">\n\t\t\t\t\t\t\t\t\t\t\t\t\t\t\t<img decoding=\"async\" width=\"400\" height=\"250\" src=\"https:\/\/www.cerege.fr\/wp-content\/uploads\/2023\/01\/Outil_vieillissement.jpg\" class=\"attachment-large size-large wp-image-14726\" alt=\"\" srcset=\"https:\/\/www.cerege.fr\/wp-content\/uploads\/2023\/01\/Outil_vieillissement.jpg 400w, https:\/\/www.cerege.fr\/wp-content\/uploads\/2023\/01\/Outil_vieillissement-300x188.jpg 300w, https:\/\/www.cerege.fr\/wp-content\/uploads\/2023\/01\/Outil_vieillissement-18x12.jpg 18w\" sizes=\"(max-width: 400px) 100vw, 400px\" \/>\t\t\t\t\t\t\t\t\t\t\t\t\t\t\t<\/div>\n\t\t\t\t<\/div>\n\t\t\t\t\t<\/div>\n\t\t<\/div>\n\t\t\t\t<div class=\"elementor-column elementor-col-50 elementor-top-column elementor-element elementor-element-10737d0\" data-id=\"10737d0\" data-element_type=\"column\" data-e-type=\"column\">\n\t\t\t<div class=\"elementor-widget-wrap elementor-element-populated\">\n\t\t\t\t\t\t<div class=\"elementor-element elementor-element-18fc314 elementor-widget elementor-widget-heading\" data-id=\"18fc314\" data-element_type=\"widget\" data-e-type=\"widget\" data-widget_type=\"heading.default\">\n\t\t\t\t<div class=\"elementor-widget-container\">\n\t\t\t\t\t<h2 class=\"elementor-heading-title elementor-size-default\">Laboratoire vieillissement et lixiviation<\/h2>\t\t\t\t<\/div>\n\t\t\t\t<\/div>\n\t\t\t\t<div class=\"elementor-element elementor-element-73cc56f elementor-widget elementor-widget-text-editor\" data-id=\"73cc56f\" data-element_type=\"widget\" data-e-type=\"widget\" data-widget_type=\"text-editor.default\">\n\t\t\t\t<div class=\"elementor-widget-container\">\n\t\t\t\t\t\t\t\t\t<ul><li>Montage de lixiviation en laboratoire\u00a0: tests statiques (ANC &#8230;) et dynamiques (soxhlet, soxhlet modifi\u00e9, colonne &#8230;) pour r\u00e9aliser l&#8217;alt\u00e9ration\u00a0acc\u00e9l\u00e9r\u00e9e et contr\u00f4l\u00e9e des mat\u00e9riaux.\u00a0<\/li><li>Enceinte\u00a0climatique SUNTEST\u00a0XLS\u00a0pour r\u00e9aliser des\u00a0essais\u00a0climatiques\u00a0et de vieillissement solaire (lampe Xe)<\/li><li>Casiers lysim\u00e8triques (0,8, 2 et 12 m<sup>3<\/sup>) offrant la possibilit\u00e9 de r\u00e9aliser des \u00e9tudes \u00e0 plus grande \u00e9chelle (\u00e9chelle semi-pilote)<\/li><\/ul><p>\u00a0<\/p>\t\t\t\t\t\t\t\t<\/div>\n\t\t\t\t<\/div>\n\t\t\t\t\t<\/div>\n\t\t<\/div>\n\t\t\t\t\t<\/div>\n\t\t<\/section>\n\t\t\t\t<section class=\"elementor-section elementor-top-section elementor-element elementor-element-41d393e3 elementor-section-boxed elementor-section-height-default elementor-section-height-default\" data-id=\"41d393e3\" data-element_type=\"section\" data-e-type=\"section\">\n\t\t\t\t\t\t<div class=\"elementor-container elementor-column-gap-default\">\n\t\t\t\t\t<div class=\"elementor-column elementor-col-50 elementor-top-column elementor-element elementor-element-7471f10d\" data-id=\"7471f10d\" data-element_type=\"column\" data-e-type=\"column\">\n\t\t\t<div class=\"elementor-widget-wrap elementor-element-populated\">\n\t\t\t\t\t\t<div class=\"elementor-element elementor-element-36b4701f elementor-widget elementor-widget-image\" data-id=\"36b4701f\" data-element_type=\"widget\" data-e-type=\"widget\" data-widget_type=\"image.default\">\n\t\t\t\t<div class=\"elementor-widget-container\">\n\t\t\t\t\t\t\t\t\t\t\t\t\t\t\t<img loading=\"lazy\" decoding=\"async\" width=\"400\" height=\"250\" src=\"https:\/\/www.cerege.fr\/wp-content\/uploads\/2023\/01\/Outil_pilote.jpeg\" class=\"attachment-large size-large wp-image-14725\" alt=\"\" srcset=\"https:\/\/www.cerege.fr\/wp-content\/uploads\/2023\/01\/Outil_pilote.jpeg 400w, https:\/\/www.cerege.fr\/wp-content\/uploads\/2023\/01\/Outil_pilote-300x188.jpeg 300w, https:\/\/www.cerege.fr\/wp-content\/uploads\/2023\/01\/Outil_pilote-18x12.jpeg 18w\" sizes=\"(max-width: 400px) 100vw, 400px\" \/>\t\t\t\t\t\t\t\t\t\t\t\t\t\t\t<\/div>\n\t\t\t\t<\/div>\n\t\t\t\t\t<\/div>\n\t\t<\/div>\n\t\t\t\t<div class=\"elementor-column elementor-col-50 elementor-top-column elementor-element elementor-element-7c14854c\" data-id=\"7c14854c\" data-element_type=\"column\" data-e-type=\"column\">\n\t\t\t<div class=\"elementor-widget-wrap elementor-element-populated\">\n\t\t\t\t\t\t<div class=\"elementor-element elementor-element-64aa771f elementor-widget elementor-widget-heading\" data-id=\"64aa771f\" data-element_type=\"widget\" data-e-type=\"widget\" data-widget_type=\"heading.default\">\n\t\t\t\t<div class=\"elementor-widget-container\">\n\t\t\t\t\t<h2 class=\"elementor-heading-title elementor-size-default\">Pilote de traitement des eaux<\/h2>\t\t\t\t<\/div>\n\t\t\t\t<\/div>\n\t\t\t\t<div class=\"elementor-element elementor-element-3f75aa69 elementor-widget elementor-widget-text-editor\" data-id=\"3f75aa69\" data-element_type=\"widget\" data-e-type=\"widget\" data-widget_type=\"text-editor.default\">\n\t\t\t\t<div class=\"elementor-widget-container\">\n\t\t\t\t\t\t\t\t\t<ul><li>Pilotes de traitement d\u2019effluents aqueux \u00e0 biomasse, libre, fix\u00e9e ou hybride pouvant fonctionner dans des conditions a\u00e9robies, anoxiques ou ana\u00e9robies dans le but de traiter des eaux particuli\u00e8res ou de r\u00e9utiliser les eaux us\u00e9es trait\u00e9es. Ces pilotes (deux de 2L et deux de 5L) peuvent fonctionner de mani\u00e8re continue ou discontinue.<\/li><li>Pilotes de traitement des eaux sur des solutions fond\u00e9es sur la nature (filtres plant\u00e9s avanc\u00e9s) avec un focus sur le traitement des polluants \u00e9mergents.<\/li><li style=\"list-style-type: none;\">\u00a0<\/li><\/ul>\t\t\t\t\t\t\t\t<\/div>\n\t\t\t\t<\/div>\n\t\t\t\t\t<\/div>\n\t\t<\/div>\n\t\t\t\t\t<\/div>\n\t\t<\/section>\n\t\t\t\t<section class=\"elementor-section elementor-top-section elementor-element elementor-element-706feb97 elementor-section-boxed elementor-section-height-default elementor-section-height-default\" data-id=\"706feb97\" data-element_type=\"section\" data-e-type=\"section\">\n\t\t\t\t\t\t<div class=\"elementor-container elementor-column-gap-default\">\n\t\t\t\t\t<div class=\"elementor-column elementor-col-50 elementor-top-column elementor-element elementor-element-368bee74\" data-id=\"368bee74\" data-element_type=\"column\" data-e-type=\"column\">\n\t\t\t<div class=\"elementor-widget-wrap elementor-element-populated\">\n\t\t\t\t\t\t<div class=\"elementor-element elementor-element-79848e3c elementor-widget elementor-widget-image\" data-id=\"79848e3c\" data-element_type=\"widget\" data-e-type=\"widget\" data-widget_type=\"image.default\">\n\t\t\t\t<div class=\"elementor-widget-container\">\n\t\t\t\t\t\t\t\t\t\t\t\t\t\t\t<img loading=\"lazy\" decoding=\"async\" width=\"400\" height=\"250\" src=\"https:\/\/www.cerege.fr\/wp-content\/uploads\/2023\/01\/Outil_developpements-experimentaux_paysage.jpg\" class=\"attachment-large size-large wp-image-14721\" alt=\"\" srcset=\"https:\/\/www.cerege.fr\/wp-content\/uploads\/2023\/01\/Outil_developpements-experimentaux_paysage.jpg 400w, https:\/\/www.cerege.fr\/wp-content\/uploads\/2023\/01\/Outil_developpements-experimentaux_paysage-300x188.jpg 300w, https:\/\/www.cerege.fr\/wp-content\/uploads\/2023\/01\/Outil_developpements-experimentaux_paysage-18x12.jpg 18w\" sizes=\"(max-width: 400px) 100vw, 400px\" \/>\t\t\t\t\t\t\t\t\t\t\t\t\t\t\t<\/div>\n\t\t\t\t<\/div>\n\t\t\t\t\t<\/div>\n\t\t<\/div>\n\t\t\t\t<div class=\"elementor-column elementor-col-50 elementor-top-column elementor-element elementor-element-3cc24688\" data-id=\"3cc24688\" data-element_type=\"column\" data-e-type=\"column\">\n\t\t\t<div class=\"elementor-widget-wrap elementor-element-populated\">\n\t\t\t\t\t\t<div class=\"elementor-element elementor-element-758905bb elementor-widget elementor-widget-heading\" data-id=\"758905bb\" data-element_type=\"widget\" data-e-type=\"widget\" data-widget_type=\"heading.default\">\n\t\t\t\t<div class=\"elementor-widget-container\">\n\t\t\t\t\t<h2 class=\"elementor-heading-title elementor-size-default\">D\u00e9veloppements instrumentaux\u00a0\n<\/h2>\t\t\t\t<\/div>\n\t\t\t\t<\/div>\n\t\t\t\t<div class=\"elementor-element elementor-element-7176f23 elementor-widget elementor-widget-text-editor\" data-id=\"7176f23\" data-element_type=\"widget\" data-e-type=\"widget\" data-widget_type=\"text-editor.default\">\n\t\t\t\t<div class=\"elementor-widget-container\">\n\t\t\t\t\t\t\t\t\t<ul><li>Spectrome\u0300tre de micro-XRF \u00e0 haute \u00e9nergie<\/li><\/ul>\t\t\t\t\t\t\t\t<\/div>\n\t\t\t\t<\/div>\n\t\t\t\t\t<\/div>\n\t\t<\/div>\n\t\t\t\t\t<\/div>\n\t\t<\/section>\n\t\t\t\t<\/div>\n\t\t","protected":false},"excerpt":{"rendered":"<p>Laboratoire m\u00e9socosmes aquatiques Sur cette plateforme, physico-chimistes, micro-biologistes et \u00e9cologues \u00e9valuent le risque environnemental des (nano)mat\u00e9riaux en ayant acc\u00e8s \u00e0 des donn\u00e9es m\u00e9canistiques \u00e0 plusieurs \u00e9chelles spatiales et temporelles. Les [&hellip;]<\/p>\n","protected":false},"author":551,"featured_media":8186,"parent":9379,"menu_order":0,"comment_status":"closed","ping_status":"closed","template":"","meta":{"_acf_changed":false,"footnotes":""},"class_list":["post-14664","page","type-page","status-publish","has-post-thumbnail","hentry"],"acf":[],"publishpress_future_action":{"enabled":false,"date":"2026-05-12 18:34:22","action":"change-status","newStatus":"draft","terms":[],"taxonomy":"","extraData":[]},"publishpress_future_workflow_manual_trigger":{"enabledWorkflows":[]},"_links":{"self":[{"href":"https:\/\/www.cerege.fr\/fr\/wp-json\/wp\/v2\/pages\/14664","targetHints":{"allow":["GET"]}}],"collection":[{"href":"https:\/\/www.cerege.fr\/fr\/wp-json\/wp\/v2\/pages"}],"about":[{"href":"https:\/\/www.cerege.fr\/fr\/wp-json\/wp\/v2\/types\/page"}],"author":[{"embeddable":true,"href":"https:\/\/www.cerege.fr\/fr\/wp-json\/wp\/v2\/users\/551"}],"replies":[{"embeddable":true,"href":"https:\/\/www.cerege.fr\/fr\/wp-json\/wp\/v2\/comments?post=14664"}],"version-history":[{"count":5,"href":"https:\/\/www.cerege.fr\/fr\/wp-json\/wp\/v2\/pages\/14664\/revisions"}],"predecessor-version":[{"id":15633,"href":"https:\/\/www.cerege.fr\/fr\/wp-json\/wp\/v2\/pages\/14664\/revisions\/15633"}],"up":[{"embeddable":true,"href":"https:\/\/www.cerege.fr\/fr\/wp-json\/wp\/v2\/pages\/9379"}],"wp:featuredmedia":[{"embeddable":true,"href":"https:\/\/www.cerege.fr\/fr\/wp-json\/wp\/v2\/media\/8186"}],"wp:attachment":[{"href":"https:\/\/www.cerege.fr\/fr\/wp-json\/wp\/v2\/media?parent=14664"}],"curies":[{"name":"wp","href":"https:\/\/api.w.org\/{rel}","templated":true}]}}