{"id":15555,"date":"2023-01-17T16:39:42","date_gmt":"2023-01-17T15:39:42","guid":{"rendered":"https:\/\/www.cerege.fr\/?page_id=15555"},"modified":"2025-04-01T12:45:18","modified_gmt":"2025-04-01T10:45:18","slug":"projet-rapmed","status":"publish","type":"page","link":"https:\/\/www.cerege.fr\/fr\/sciences\/climat\/projets-climat\/projet-rapmed\/","title":{"rendered":"Projet RAPMED"},"content":{"rendered":"\t\t<div data-elementor-type=\"wp-page\" data-elementor-id=\"15555\" class=\"elementor elementor-15555\" data-elementor-post-type=\"page\">\n\t\t\t\t\t\t<section class=\"elementor-section elementor-top-section elementor-element elementor-element-fe3b3aa elementor-section-full_width elementor-section-height-min-height elementor-section-height-default elementor-section-items-middle\" data-id=\"fe3b3aa\" data-element_type=\"section\" data-e-type=\"section\" data-settings=\"{&quot;background_background&quot;:&quot;classic&quot;}\">\n\t\t\t\t\t\t<div class=\"elementor-container elementor-column-gap-default\">\n\t\t\t\t\t<div class=\"elementor-column elementor-col-100 elementor-top-column elementor-element elementor-element-328e86d5\" data-id=\"328e86d5\" data-element_type=\"column\" data-e-type=\"column\">\n\t\t\t<div class=\"elementor-widget-wrap\">\n\t\t\t\t\t\t\t<\/div>\n\t\t<\/div>\n\t\t\t\t\t<\/div>\n\t\t<\/section>\n\t\t\t\t<section class=\"elementor-section elementor-top-section elementor-element elementor-element-4ae926a5 elementor-section-boxed elementor-section-height-default elementor-section-height-default\" data-id=\"4ae926a5\" data-element_type=\"section\" data-e-type=\"section\">\n\t\t\t\t\t\t<div class=\"elementor-container elementor-column-gap-default\">\n\t\t\t\t\t<div class=\"elementor-column elementor-col-100 elementor-top-column elementor-element elementor-element-14315b9\" data-id=\"14315b9\" data-element_type=\"column\" data-e-type=\"column\">\n\t\t\t<div class=\"elementor-widget-wrap elementor-element-populated\">\n\t\t\t\t\t\t<div class=\"elementor-element elementor-element-191d8e20 elementor-widget elementor-widget-shortcode\" data-id=\"191d8e20\" data-element_type=\"widget\" data-e-type=\"widget\" data-widget_type=\"shortcode.default\">\n\t\t\t\t<div class=\"elementor-widget-container\">\n\t\t\t\t\t\t\t<div class=\"elementor-shortcode\"><nav aria-label=\"breadcrumbs\">\n            <div class=\"breadcrumb-container theme1\">\n                <ol>\n                                    <\/ol>\n            <\/div>\n        <\/nav>    <script type=\"application\/ld+json\">\n        {\n            \"@context\": \"http:\/\/schema.org\",\n            \"@type\": \"BreadcrumbList\",\n            \"itemListElement\": [\n                            ]\n        }\n    <\/script>\n   \n    <script>\n            <\/script>\n<\/div>\n\t\t\t\t\t\t<\/div>\n\t\t\t\t<\/div>\n\t\t\t\t<section class=\"elementor-section elementor-inner-section elementor-element elementor-element-46752888 elementor-section-boxed elementor-section-height-default elementor-section-height-default\" data-id=\"46752888\" data-element_type=\"section\" data-e-type=\"section\">\n\t\t\t\t\t\t<div class=\"elementor-container elementor-column-gap-wide\">\n\t\t\t\t\t<div class=\"elementor-column elementor-col-50 elementor-inner-column elementor-element elementor-element-598779b3\" data-id=\"598779b3\" data-element_type=\"column\" data-e-type=\"column\">\n\t\t\t<div class=\"elementor-widget-wrap elementor-element-populated\">\n\t\t\t\t\t\t<div class=\"elementor-element elementor-element-20924a73 elementor-widget elementor-widget-text-editor\" data-id=\"20924a73\" data-element_type=\"widget\" data-e-type=\"widget\" data-widget_type=\"text-editor.default\">\n\t\t\t\t<div class=\"elementor-widget-container\">\n\t\t\t\t\t\t\t\t\t<p>Le projet RapMed vise \u00e0 \u00e9tudier les effets des changements environnementaux r\u00e9cents, depuis deux d\u00e9cennies, sur les communaut\u00e9s planctoniques dans la r\u00e9gion sentinelle qu&#8217;est le Golfe du Lion.\u00a0<\/p><p>Une transition r\u00e9cente des communaut\u00e9s planctoniques, avec une diminution de taille du plancton, est synchrone avec une baisse drastique des p\u00eaches.\u00a0<\/p><p>Pour comprendre les processus en jeu,\u00a0le projet explorera \u00e0 haute r\u00e9solution la dynamique des communaut\u00e9s planctoniques, \u00e0 toutes \u00e9chelles de taille, en s\u2019appuyant sur l&#8217;application et la standardisation de m\u00e9thodes de traitement d&#8217;images \u00e0 haut d\u00e9bit. RapMed mettra en place une cha\u00eene de traitement innovante, s\u2019appuyant sur les approches de machine learning (r\u00e9seaux de neurones convolutionnels).<\/p><p>Les r\u00e9sultats de RapMed permettront de mieux comprendre la variabilit\u00e9 des communaut\u00e9s planctoniques, et leur r\u00e9silience aux changements environnementaux.<\/p>\t\t\t\t\t\t\t\t<\/div>\n\t\t\t\t<\/div>\n\t\t\t\t\t<\/div>\n\t\t<\/div>\n\t\t\t\t<div class=\"elementor-column elementor-col-50 elementor-inner-column elementor-element elementor-element-282fb67f\" data-id=\"282fb67f\" data-element_type=\"column\" data-e-type=\"column\">\n\t\t\t<div class=\"elementor-widget-wrap elementor-element-populated\">\n\t\t\t\t\t\t<div class=\"elementor-element elementor-element-40513ccb elementor-widget elementor-widget-text-editor\" data-id=\"40513ccb\" data-element_type=\"widget\" data-e-type=\"widget\" data-widget_type=\"text-editor.default\">\n\t\t\t\t<div class=\"elementor-widget-container\">\n\t\t\t\t\t\t\t\t\t<h2><span style=\"font-weight: normal;\">RAPMED<\/span><\/h2><p>Responsable CEREGE :\u00a0<a href=\"https:\/\/www.cerege.fr\/fr\/users\/thibault-de-garidel-thoron\">Thibault de Garidel-Thoron<\/a>, CEREGE<br \/><strong><br \/><\/strong><em>Reconnaissance automatis\u00e9edu plancton pour identifiertransitions et shifts\u00e9cologiques en M\u00e9diterran\u00e9e <\/em><\/p><p class=\"Standard\"><strong>Partenaires<\/strong> :\u00a0<a href=\"https:\/\/www.cerege.fr\/fr\">CEREGE<\/a>,\u00a0<a href=\"https:\/\/www.mio.osupytheas.fr\/\" target=\"_blank\" rel=\"noopener\">MIO<\/a>, LAM,\u00a0<a href=\"https:\/\/cefrem.univ-perp.fr\/\" target=\"_blank\" rel=\"noopener\">CEFREM<\/a>,\u00a0<a href=\"https:\/\/www.googleadservices.com\/pagead\/aclk?sa=L&amp;ai=CtI9lfZmSX-fUGIO81gaDyruYBteGgsxf7ZSI6IAMmPT0vd0ICAAQASC5VGD7AaABmffa5APIAQGpAlxvsYqz3ac-yAPYIKoEPE_Q7iu7UzvaJiAtmf9N_rmms4hr_p4y-dMBCiyz3w9A3714VemmMFA8KXtLmbAvNHircRaBrfv4GOL-TcAEv4yL-SOABZBOoAZmgAfPiKUbiAcBkAcBqAemvhuoB_DZG6gH8tkbqAfz0RuoB-7SG6gHytwbqAfC2huwCAHSCAUQAiCEAZoJHGh0dHBzOi8vd3d3LnF1dC5lZHUuYXUvc3R1ZHmxCYqEv2aYdpjJuQmKhL9mmHaYyfgJAZgLAaoMAggByBSbz52vgKTOq28&amp;ae=2&amp;ved=2ahUKEwj7mb70qsrsAhUszIUKHQyzAbEQ0Qx6BAhEEAE&amp;dct=1&amp;dblrd=1&amp;sival=AF15MEChbu8Z5w68LjHz9eEXlG0Wn8WG52XD8vR2bQiBjmgYw3XEN-493wk-0LXugBMR0QPbKGCQhyCEhgJIk8tToTjdbVNJSvP3ss_4RPf0qcwUqQnS_ifRL4b7kul5_x-12RbuWJOdI8gTX60cJEGKvHi08YmUOoNsuyWasQKXqPM-7SJ2P80&amp;sig=AOD64_1YP_T5QkTZ5iSvI0YydW5XgygBNw&amp;adurl=https:\/\/www.qut.edu.au\/study%3Futm_source%3Dgoogle%26utm_medium%3Dcpc%26utm_campaign%3Dqut_undergraduate_school_leaver_keyword\" target=\"_blank\" rel=\"noopener\">Queensland Univ. Technology<\/a><\/p><p><strong>Financements: <\/strong><a href=\"https:\/\/www.univ-amu.fr\/en\/item\" target=\"_blank\" rel=\"noopener\">Institut M\u00e9diterran\u00e9en pour la Transition Environnementale (ITEM)<\/a> A*Midex, Aix-Marseille Universit\u00e9<\/p><p><strong>Site web<\/strong>: <a href=\"http:\/\/rapmed.osupytheas.fr\/\" target=\"_blank\" rel=\"noopener\">rapmed.osupytheas.fr<\/a><\/p>\t\t\t\t\t\t\t\t<\/div>\n\t\t\t\t<\/div>\n\t\t\t\t<div class=\"elementor-element elementor-element-1719c4e elementor-widget elementor-widget-image\" data-id=\"1719c4e\" data-element_type=\"widget\" data-e-type=\"widget\" data-widget_type=\"image.default\">\n\t\t\t\t<div class=\"elementor-widget-container\">\n\t\t\t\t\t\t\t\t\t\t\t\t\t\t\t<img fetchpriority=\"high\" decoding=\"async\" width=\"640\" height=\"400\" src=\"https:\/\/www.cerege.fr\/wp-content\/uploads\/2023\/01\/Rapmed-2.png\" class=\"attachment-large size-large wp-image-15567\" alt=\"\" srcset=\"https:\/\/www.cerege.fr\/wp-content\/uploads\/2023\/01\/Rapmed-2.png 640w, https:\/\/www.cerege.fr\/wp-content\/uploads\/2023\/01\/Rapmed-2-300x188.png 300w, https:\/\/www.cerege.fr\/wp-content\/uploads\/2023\/01\/Rapmed-2-18x12.png 18w\" sizes=\"(max-width: 640px) 100vw, 640px\" \/>\t\t\t\t\t\t\t\t\t\t\t\t\t\t\t<\/div>\n\t\t\t\t<\/div>\n\t\t\t\t<div class=\"elementor-element elementor-element-f527f50 elementor-widget elementor-widget-image\" data-id=\"f527f50\" data-element_type=\"widget\" data-e-type=\"widget\" data-widget_type=\"image.default\">\n\t\t\t\t<div class=\"elementor-widget-container\">\n\t\t\t\t\t\t\t\t\t\t\t\t\t\t\t<img decoding=\"async\" width=\"722\" height=\"451\" src=\"https:\/\/www.cerege.fr\/wp-content\/uploads\/2023\/01\/Rapmed\u201a-1.png\" class=\"attachment-large size-large wp-image-15568\" alt=\"\" srcset=\"https:\/\/www.cerege.fr\/wp-content\/uploads\/2023\/01\/Rapmed\u201a-1.png 722w, https:\/\/www.cerege.fr\/wp-content\/uploads\/2023\/01\/Rapmed\u201a-1-300x187.png 300w, https:\/\/www.cerege.fr\/wp-content\/uploads\/2023\/01\/Rapmed\u201a-1-18x12.png 18w\" sizes=\"(max-width: 722px) 100vw, 722px\" \/>\t\t\t\t\t\t\t\t\t\t\t\t\t\t\t<\/div>\n\t\t\t\t<\/div>\n\t\t\t\t\t<\/div>\n\t\t<\/div>\n\t\t\t\t\t<\/div>\n\t\t<\/section>\n\t\t\t\t<div class=\"elementor-element elementor-element-1714e320 elementor-widget elementor-widget-spacer\" data-id=\"1714e320\" data-element_type=\"widget\" data-e-type=\"widget\" data-widget_type=\"spacer.default\">\n\t\t\t\t<div class=\"elementor-widget-container\">\n\t\t\t\t\t\t\t<div class=\"elementor-spacer\">\n\t\t\t<div class=\"elementor-spacer-inner\"><\/div>\n\t\t<\/div>\n\t\t\t\t\t\t<\/div>\n\t\t\t\t<\/div>\n\t\t\t\t<div class=\"elementor-element elementor-element-205a4aa8 elementor-widget elementor-widget-spacer\" data-id=\"205a4aa8\" data-element_type=\"widget\" data-e-type=\"widget\" data-widget_type=\"spacer.default\">\n\t\t\t\t<div class=\"elementor-widget-container\">\n\t\t\t\t\t\t\t<div class=\"elementor-spacer\">\n\t\t\t<div class=\"elementor-spacer-inner\"><\/div>\n\t\t<\/div>\n\t\t\t\t\t\t<\/div>\n\t\t\t\t<\/div>\n\t\t\t\t\t<\/div>\n\t\t<\/div>\n\t\t\t\t\t<\/div>\n\t\t<\/section>\n\t\t\t\t<\/div>\n\t\t","protected":false},"excerpt":{"rendered":"<p>Le projet RapMed vise \u00e0 \u00e9tudier les effets des changements environnementaux r\u00e9cents, depuis deux d\u00e9cennies, sur les communaut\u00e9s planctoniques dans la r\u00e9gion sentinelle qu&#8217;est le Golfe du Lion. Une transition [&hellip;]<\/p>\n","protected":false},"author":551,"featured_media":16058,"parent":4955,"menu_order":0,"comment_status":"closed","ping_status":"closed","template":"","meta":{"_acf_changed":false,"footnotes":""},"class_list":["post-15555","page","type-page","status-publish","has-post-thumbnail","hentry"],"acf":[],"publishpress_future_action":{"enabled":false,"date":"2026-05-09 18:16:31","action":"change-status","newStatus":"draft","terms":[],"taxonomy":"","extraData":[]},"publishpress_future_workflow_manual_trigger":{"enabledWorkflows":[]},"_links":{"self":[{"href":"https:\/\/www.cerege.fr\/fr\/wp-json\/wp\/v2\/pages\/15555","targetHints":{"allow":["GET"]}}],"collection":[{"href":"https:\/\/www.cerege.fr\/fr\/wp-json\/wp\/v2\/pages"}],"about":[{"href":"https:\/\/www.cerege.fr\/fr\/wp-json\/wp\/v2\/types\/page"}],"author":[{"embeddable":true,"href":"https:\/\/www.cerege.fr\/fr\/wp-json\/wp\/v2\/users\/551"}],"replies":[{"embeddable":true,"href":"https:\/\/www.cerege.fr\/fr\/wp-json\/wp\/v2\/comments?post=15555"}],"version-history":[{"count":5,"href":"https:\/\/www.cerege.fr\/fr\/wp-json\/wp\/v2\/pages\/15555\/revisions"}],"predecessor-version":[{"id":27292,"href":"https:\/\/www.cerege.fr\/fr\/wp-json\/wp\/v2\/pages\/15555\/revisions\/27292"}],"up":[{"embeddable":true,"href":"https:\/\/www.cerege.fr\/fr\/wp-json\/wp\/v2\/pages\/4955"}],"wp:featuredmedia":[{"embeddable":true,"href":"https:\/\/www.cerege.fr\/fr\/wp-json\/wp\/v2\/media\/16058"}],"wp:attachment":[{"href":"https:\/\/www.cerege.fr\/fr\/wp-json\/wp\/v2\/media?parent=15555"}],"curies":[{"name":"wp","href":"https:\/\/api.w.org\/{rel}","templated":true}]}}