{"id":1801,"date":"2022-07-25T13:20:14","date_gmt":"2022-07-25T11:20:14","guid":{"rendered":"https:\/\/www.cerege.fr\/?page_id=1801"},"modified":"2025-03-21T08:12:28","modified_gmt":"2025-03-21T07:12:28","slug":"equipements-environnement-durable","status":"publish","type":"page","link":"https:\/\/www.cerege.fr\/fr\/sciences\/environnement-durable\/equipements-environnement-durable\/","title":{"rendered":"\u00c9quipements Environnement Durable"},"content":{"rendered":"\t\t<div data-elementor-type=\"wp-page\" data-elementor-id=\"1801\" class=\"elementor elementor-1801\" data-elementor-post-type=\"page\">\n\t\t\t\t\t\t<section class=\"elementor-section elementor-top-section elementor-element elementor-element-1336025c elementor-section-full_width elementor-section-height-min-height elementor-section-height-default elementor-section-items-middle\" data-id=\"1336025c\" data-element_type=\"section\" data-e-type=\"section\" data-settings=\"{&quot;background_background&quot;:&quot;classic&quot;}\">\n\t\t\t\t\t\t<div class=\"elementor-container elementor-column-gap-default\">\n\t\t\t\t\t<div class=\"elementor-column elementor-col-100 elementor-top-column elementor-element elementor-element-4ac4e60b\" data-id=\"4ac4e60b\" data-element_type=\"column\" data-e-type=\"column\">\n\t\t\t<div class=\"elementor-widget-wrap\">\n\t\t\t\t\t\t\t<\/div>\n\t\t<\/div>\n\t\t\t\t\t<\/div>\n\t\t<\/section>\n\t\t\t\t<section class=\"elementor-section elementor-top-section elementor-element elementor-element-4f52af41 elementor-section-boxed elementor-section-height-default elementor-section-height-default\" data-id=\"4f52af41\" data-element_type=\"section\" data-e-type=\"section\">\n\t\t\t\t\t\t<div class=\"elementor-container elementor-column-gap-default\">\n\t\t\t\t\t<div class=\"elementor-column elementor-col-100 elementor-top-column elementor-element elementor-element-6cea1b1\" data-id=\"6cea1b1\" data-element_type=\"column\" data-e-type=\"column\">\n\t\t\t<div class=\"elementor-widget-wrap elementor-element-populated\">\n\t\t\t\t\t\t<div class=\"elementor-element elementor-element-4aa66d87 elementor-widget elementor-widget-shortcode\" data-id=\"4aa66d87\" data-element_type=\"widget\" data-e-type=\"widget\" data-widget_type=\"shortcode.default\">\n\t\t\t\t<div class=\"elementor-widget-container\">\n\t\t\t\t\t\t\t<div class=\"elementor-shortcode\"><nav aria-label=\"breadcrumbs\">\n            <div class=\"breadcrumb-container theme1\">\n                <ol>\n                                    <\/ol>\n            <\/div>\n        <\/nav>    <script type=\"application\/ld+json\">\n        {\n            \"@context\": \"http:\/\/schema.org\",\n            \"@type\": \"BreadcrumbList\",\n            \"itemListElement\": [\n                            ]\n        }\n    <\/script>\n   \n    <script>\n            <\/script>\n<\/div>\n\t\t\t\t\t\t<\/div>\n\t\t\t\t<\/div>\n\t\t\t\t<div class=\"elementor-element elementor-element-153d72a1 elementor-widget elementor-widget-text-editor\" data-id=\"153d72a1\" data-element_type=\"widget\" data-e-type=\"widget\" data-widget_type=\"text-editor.default\">\n\t\t\t\t<div class=\"elementor-widget-container\">\n\t\t\t\t\t\t\t\t\t<p>L&#8217;\u00e9quipe Environnement Durable dispose d\u2019un panel unique d\u2019outils analytiques et de dispositifs d\u2019exposition environnementale tels que la plateforme de <a href=\"https:\/\/www.cerege.fr\/equipements\/poles-techniques\/chimie-elementaire-la-icp-ms\/\">Chimie \u00e9l\u00e9mentaire (LA-ICP-MS)<\/a>, la plateforme d\u2019<a href=\"https:\/\/www.cerege.fr\/equipements\/poles-techniques\/imagerie-2d-et-3d-par-rayons-x-matrix\/\">Imagerie 2D et 3D par rayons X (MATRIX)<\/a>, le laboratoire de <a href=\"https:\/\/www.cerege.fr\/equipements\/poles-techniques\/caracterisation-des-colloides\/\">Caract\u00e9risation des Collo\u00efdes<\/a>, le laboratoire de <a href=\"https:\/\/www.cerege.fr\/equipements\/poles-techniques\/preparation-analyse-des-sols\/\">Pr\u00e9paration et Analyse des Sols<\/a> et le <a href=\"https:\/\/www.cerege.fr\/equipements\/poles-techniques\/cirene\/\" target=\"_blank\" rel=\"noopener\">centre d&#8217;Innovation et Recherche en Environnement et Eco-technologies (CIRENE).<\/a><\/p><p>L&#8217;\u00e9quipe utilise \u00e9galement des outils de mod\u00e9lisation, en particulier pour l\u2019\u00e9tude de l\u2019\u00e9volution des sols sous contraintes et dispose d&#8217;outils pour le\u00a0pr\u00e9l\u00e8vement d&#8217;\u00e9chantillons (sols, plantes, eaux) lors des campagnes de terrain.\u00a0<\/p><p>L\u2019equipe\u00a0s\u2019appuie aussi r\u00e9guli\u00e8rement sur les synchrotrons nationaux et internationaux.<\/p><p>Nos 5 laboratoires et plateformes sont associ\u00e9s \u00e0 4 p\u00f4les techniques du CEREGE: p\u00f4le G\u00e9ochimie, p\u00f4le Imagerie, p\u00f4le Pr\u00e9paration d&#8217;\u00e9chantillons et p\u00f4le Eco-technologies.\u00a0<\/p>\t\t\t\t\t\t\t\t<\/div>\n\t\t\t\t<\/div>\n\t\t\t\t\t<\/div>\n\t\t<\/div>\n\t\t\t\t\t<\/div>\n\t\t<\/section>\n\t\t\t\t<section class=\"elementor-section elementor-top-section elementor-element elementor-element-51d50b60 elementor-section-boxed elementor-section-height-default elementor-section-height-default\" data-id=\"51d50b60\" data-element_type=\"section\" data-e-type=\"section\">\n\t\t\t\t\t\t<div class=\"elementor-container elementor-column-gap-default\">\n\t\t\t\t\t<div class=\"elementor-column elementor-col-100 elementor-top-column elementor-element elementor-element-7a72366b\" data-id=\"7a72366b\" data-element_type=\"column\" data-e-type=\"column\">\n\t\t\t<div class=\"elementor-widget-wrap elementor-element-populated\">\n\t\t\t\t\t\t<section class=\"elementor-section elementor-inner-section elementor-element elementor-element-5c0a3ed4 elementor-section-full_width elementor-section-height-default elementor-section-height-default\" data-id=\"5c0a3ed4\" data-element_type=\"section\" data-e-type=\"section\">\n\t\t\t\t\t\t<div class=\"elementor-container elementor-column-gap-wider\">\n\t\t\t\t\t<div class=\"elementor-column elementor-col-100 elementor-inner-column elementor-element elementor-element-40c958f0\" data-id=\"40c958f0\" data-element_type=\"column\" data-e-type=\"column\">\n\t\t\t<div class=\"elementor-widget-wrap elementor-element-populated\">\n\t\t\t\t\t\t<div class=\"elementor-element elementor-element-1b1eb030 elementor-widget__width-initial science_image_box eael-infobox-shape-square eael-infobox-hover-img-shape-square elementor-widget elementor-widget-eael-info-box\" data-id=\"1b1eb030\" data-element_type=\"widget\" data-e-type=\"widget\" data-widget_type=\"eael-info-box.default\">\n\t\t\t\t<div class=\"elementor-widget-container\">\n\t\t\t\t\t            <a href=\"https:\/\/www.cerege.fr\/fr\/equipements\/poles-techniques\/chimie-elementaire-la-icp-ms\/\" target=\"_blank\">\n\t            <div class=\"eael-infobox icon-on-top\">\n\t            <div class=\"infobox-icon\">\n\n                            <img decoding=\"async\" src=\"https:\/\/www.cerege.fr\/wp-content\/uploads\/elementor\/thumbs\/LA-ICP-MS-py3as99p0nmy9p886bbh4f0iga520abxuhp8f7ks5o.jpg\" alt=\"\">\n            \n            \n            \n        <\/div>\n            <div class=\"infobox-content\">\n                    <div class=\"infobox-title-section\">\n                <h3 class=\"title\">Chimie \u00e9l\u00e9mentaire (LA-ICP-MS)<\/h3>            <\/div>\n            <div><p>La plateforme Chimie\u00a0El\u00e9mentaire LA-ICP-MS r\u00e9alise l&#8217;analyse chimique \u00e9l\u00e9mentaire en solution de 90% des \u00e9l\u00e9ments du tableau p\u00e9riodique et\u00a0permet \u00e9galement\u00a0de r\u00e9aliser des cartographies \u00e9l\u00e9mentaires semi-quantitatives.<\/p><\/div>        <\/div>\n            <\/div>\n\n\t\t            <\/a>\n\t\t\t\t\t\t<\/div>\n\t\t\t\t<\/div>\n\t\t\t\t<div class=\"elementor-element elementor-element-16c8ee69 elementor-widget__width-initial science_image_box eael-infobox-shape-square eael-infobox-hover-img-shape-square elementor-widget elementor-widget-eael-info-box\" data-id=\"16c8ee69\" data-element_type=\"widget\" data-e-type=\"widget\" data-widget_type=\"eael-info-box.default\">\n\t\t\t\t<div class=\"elementor-widget-container\">\n\t\t\t\t\t            <a href=\"https:\/\/www.cerege.fr\/fr\/equipements\/poles-techniques\/imagerie-2d-et-3d-par-rayons-x-matrix\/\" target=\"_blank\">\n\t            <div class=\"eael-infobox icon-on-top\">\n\t            <div class=\"infobox-icon\">\n\n                            <img decoding=\"async\" src=\"https:\/\/www.cerege.fr\/wp-content\/uploads\/elementor\/thumbs\/nano-tomo-e1671094984604-pz6xqahhapca3vdz9al73d8w05s65psz8jvlbops3w.jpg\" alt=\"\">\n            \n            \n            \n        <\/div>\n            <div class=\"infobox-content\">\n                    <div class=\"infobox-title-section\">\n                <h3 class=\"title\">Imagerie 2D et 3D par rayons X (MATRIX)<\/h3>            <\/div>\n            <div><p>MatriX\u00a0est une plateforme qui permet de caract\u00e9riser et d&#8217;imager tous\u00a0types d&#8217;objets \u00e0 partir de techniques RX non-destructives (micro-diffraction RX, micro-fluorescence X, micro et nano-tomographie RX).<\/p><\/div>        <\/div>\n            <\/div>\n\n\t\t            <\/a>\n\t\t\t\t\t\t<\/div>\n\t\t\t\t<\/div>\n\t\t\t\t<div class=\"elementor-element elementor-element-3e1cefbf elementor-widget__width-initial science_image_box eael-infobox-shape-square eael-infobox-hover-img-shape-square elementor-widget elementor-widget-eael-info-box\" data-id=\"3e1cefbf\" data-element_type=\"widget\" data-e-type=\"widget\" data-widget_type=\"eael-info-box.default\">\n\t\t\t\t<div class=\"elementor-widget-container\">\n\t\t\t\t\t            <a href=\"https:\/\/www.cerege.fr\/fr\/equipements\/poles-techniques\/caracterisation-des-colloides\/\" target=\"_blank\">\n\t            <div class=\"eael-infobox icon-on-top\">\n\t            <div class=\"infobox-icon\">\n\n                            <img decoding=\"async\" src=\"https:\/\/www.cerege.fr\/wp-content\/uploads\/elementor\/thumbs\/Colloides1-py3b9xmfjhu2lpjvygdwigfkm50jrdi7xzcybjd958.jpg\" alt=\"\">\n            \n            \n            \n        <\/div>\n            <div class=\"infobox-content\">\n                    <div class=\"infobox-title-section\">\n                <h3 class=\"title\">Caract\u00e9risation des Collo\u00efdes<\/h3>            <\/div>\n            <div><p class=\"rtejustify\">Le laboratoire Caract\u00e9risation des Collo\u00efdes regroupe des outils de caract\u00e9risation de l&#8217;\u00e9tat d&#8217;agr\u00e9gation, de la charge de surface et de la forme de (nano)particules en suspension.\u00a0<\/p><\/div>        <\/div>\n            <\/div>\n\n\t\t            <\/a>\n\t\t\t\t\t\t<\/div>\n\t\t\t\t<\/div>\n\t\t\t\t<div class=\"elementor-element elementor-element-29225798 elementor-widget__width-initial science_image_box eael-infobox-shape-square eael-infobox-hover-img-shape-square elementor-widget elementor-widget-eael-info-box\" data-id=\"29225798\" data-element_type=\"widget\" data-e-type=\"widget\" data-widget_type=\"eael-info-box.default\">\n\t\t\t\t<div class=\"elementor-widget-container\">\n\t\t\t\t\t            <a href=\"https:\/\/www.cerege.fr\/fr\/equipements\/poles-techniques\/preparation-analyse-des-sols\/\">\n\t            <div class=\"eael-infobox icon-on-top\">\n\t            <div class=\"infobox-icon\">\n\n                            <img decoding=\"async\" src=\"https:\/\/www.cerege.fr\/wp-content\/uploads\/elementor\/thumbs\/preparation-sols-py3b3ems2wwdz7182mt673qc3t6sb1lbpo9kcd1ocs.jpg\" alt=\"\">\n            \n            \n            \n        <\/div>\n            <div class=\"infobox-content\">\n                    <div class=\"infobox-title-section\">\n                <h3 class=\"title\">Pr\u00e9paration &amp; Analyse des Sols<\/h3>            <\/div>\n            <div><p>Le laboratoire Pr\u00e9paration &amp; Analyse des Sols rassemble\u00a0un ensemble d&#8217;outils pour la pr\u00e9paration physique et chimique des \u00e9chantillons de sols.<\/p><\/div>        <\/div>\n            <\/div>\n\n\t\t            <\/a>\n\t\t\t\t\t\t<\/div>\n\t\t\t\t<\/div>\n\t\t\t\t<div class=\"elementor-element elementor-element-117a6f18 elementor-widget__width-initial science_image_box eael-infobox-shape-square eael-infobox-hover-img-shape-square elementor-widget elementor-widget-eael-info-box\" data-id=\"117a6f18\" data-element_type=\"widget\" data-e-type=\"widget\" data-widget_type=\"eael-info-box.default\">\n\t\t\t\t<div class=\"elementor-widget-container\">\n\t\t\t\t\t            <a href=\"https:\/\/www.cerege.fr\/equipements\/poles-techniques\/cirene\/\">\n\t            <div class=\"eael-infobox icon-on-top\">\n\t            <div class=\"infobox-icon\">\n\n                            <img decoding=\"async\" src=\"https:\/\/www.cerege.fr\/wp-content\/uploads\/elementor\/thumbs\/360A4100-scaled-e1668784507819-pxwdzniwt8pzkt71g9tvo320bu3nk88g3f1j05mft8.jpg\" alt=\"\">\n            \n            \n            \n        <\/div>\n            <div class=\"infobox-content\">\n                    <div class=\"infobox-title-section\">\n                <h3 class=\"title\">Innovation et Recherche en Environnement et Eco-technologies (CIRENE)<\/h3>            <\/div>\n            <div><p>Le centre d\u2019innovation et de Recherche en Environnement et en Ecotechnologies (CIRENE) regroupe des m\u00e9socosmes aquatiques et terrestres, des enceintes de vieillissement, des pilotes de traitement des eaux, et des d\u00e9veloppements instrumentaux.<\/p><\/div>        <\/div>\n            <\/div>\n\n\t\t            <\/a>\n\t\t\t\t\t\t<\/div>\n\t\t\t\t<\/div>\n\t\t\t\t\t<\/div>\n\t\t<\/div>\n\t\t\t\t\t<\/div>\n\t\t<\/section>\n\t\t\t\t\t<\/div>\n\t\t<\/div>\n\t\t\t\t\t<\/div>\n\t\t<\/section>\n\t\t\t\t<\/div>\n\t\t","protected":false},"excerpt":{"rendered":"<p>L&#8217;\u00e9quipe Environnement Durable dispose d\u2019un panel unique d\u2019outils analytiques et de dispositifs d\u2019exposition environnementale tels que la plateforme de Chimie \u00e9l\u00e9mentaire (LA-ICP-MS), la plateforme d\u2019Imagerie 2D et 3D par rayons [&hellip;]<\/p>\n","protected":false},"author":1,"featured_media":9050,"parent":829,"menu_order":0,"comment_status":"closed","ping_status":"closed","template":"","meta":{"_acf_changed":false,"footnotes":""},"class_list":["post-1801","page","type-page","status-publish","has-post-thumbnail","hentry"],"acf":[],"publishpress_future_action":{"enabled":false,"date":"2026-04-17 11:17:45","action":"change-status","newStatus":"draft","terms":[],"taxonomy":"","extraData":[]},"publishpress_future_workflow_manual_trigger":{"enabledWorkflows":[]},"_links":{"self":[{"href":"https:\/\/www.cerege.fr\/fr\/wp-json\/wp\/v2\/pages\/1801","targetHints":{"allow":["GET"]}}],"collection":[{"href":"https:\/\/www.cerege.fr\/fr\/wp-json\/wp\/v2\/pages"}],"about":[{"href":"https:\/\/www.cerege.fr\/fr\/wp-json\/wp\/v2\/types\/page"}],"author":[{"embeddable":true,"href":"https:\/\/www.cerege.fr\/fr\/wp-json\/wp\/v2\/users\/1"}],"replies":[{"embeddable":true,"href":"https:\/\/www.cerege.fr\/fr\/wp-json\/wp\/v2\/comments?post=1801"}],"version-history":[{"count":5,"href":"https:\/\/www.cerege.fr\/fr\/wp-json\/wp\/v2\/pages\/1801\/revisions"}],"predecessor-version":[{"id":27086,"href":"https:\/\/www.cerege.fr\/fr\/wp-json\/wp\/v2\/pages\/1801\/revisions\/27086"}],"up":[{"embeddable":true,"href":"https:\/\/www.cerege.fr\/fr\/wp-json\/wp\/v2\/pages\/829"}],"wp:featuredmedia":[{"embeddable":true,"href":"https:\/\/www.cerege.fr\/fr\/wp-json\/wp\/v2\/media\/9050"}],"wp:attachment":[{"href":"https:\/\/www.cerege.fr\/fr\/wp-json\/wp\/v2\/media?parent=1801"}],"curies":[{"name":"wp","href":"https:\/\/api.w.org\/{rel}","templated":true}]}}