{"id":19058,"date":"2023-06-09T11:01:06","date_gmt":"2023-06-09T09:01:06","guid":{"rendered":"https:\/\/www.cerege.fr\/?page_id=19058"},"modified":"2026-04-13T11:04:51","modified_gmt":"2026-04-13T09:04:51","slug":"axes-transverses","status":"publish","type":"page","link":"https:\/\/www.cerege.fr\/fr\/sciences\/axes-transverses\/","title":{"rendered":"Actions transverses"},"content":{"rendered":"\t\t<div data-elementor-type=\"wp-page\" data-elementor-id=\"19058\" class=\"elementor elementor-19058\" data-elementor-post-type=\"page\">\n\t\t\t\t\t\t<section class=\"elementor-section elementor-top-section elementor-element elementor-element-92d8a5b elementor-section-full_width elementor-section-height-min-height elementor-section-height-default elementor-section-items-middle\" data-id=\"92d8a5b\" data-element_type=\"section\" data-e-type=\"section\" data-settings=\"{&quot;background_background&quot;:&quot;classic&quot;}\">\n\t\t\t\t\t\t<div class=\"elementor-container elementor-column-gap-default\">\n\t\t\t\t\t<div class=\"elementor-column elementor-col-100 elementor-top-column elementor-element elementor-element-af9f943\" data-id=\"af9f943\" data-element_type=\"column\" data-e-type=\"column\">\n\t\t\t<div class=\"elementor-widget-wrap\">\n\t\t\t\t\t\t\t<\/div>\n\t\t<\/div>\n\t\t\t\t\t<\/div>\n\t\t<\/section>\n\t\t\t\t<section class=\"elementor-section elementor-top-section elementor-element elementor-element-6be9e84f elementor-section-boxed elementor-section-height-default elementor-section-height-default\" data-id=\"6be9e84f\" data-element_type=\"section\" data-e-type=\"section\">\n\t\t\t\t\t\t<div class=\"elementor-container elementor-column-gap-default\">\n\t\t\t\t\t<div class=\"elementor-column elementor-col-100 elementor-top-column elementor-element elementor-element-46c1101f\" data-id=\"46c1101f\" data-element_type=\"column\" data-e-type=\"column\">\n\t\t\t<div class=\"elementor-widget-wrap elementor-element-populated\">\n\t\t\t\t\t\t<div class=\"elementor-element elementor-element-6e581f1c elementor-widget elementor-widget-shortcode\" data-id=\"6e581f1c\" data-element_type=\"widget\" data-e-type=\"widget\" data-widget_type=\"shortcode.default\">\n\t\t\t\t<div class=\"elementor-widget-container\">\n\t\t\t\t\t\t\t<div class=\"elementor-shortcode\"><nav aria-label=\"breadcrumbs\">\n            <div class=\"breadcrumb-container theme1\">\n                <ol>\n                                    <\/ol>\n            <\/div>\n        <\/nav>    <script type=\"application\/ld+json\">\n        {\n            \"@context\": \"http:\/\/schema.org\",\n            \"@type\": \"BreadcrumbList\",\n            \"itemListElement\": [\n                            ]\n        }\n    <\/script>\n   \n    <script>\n            <\/script>\n<\/div>\n\t\t\t\t\t\t<\/div>\n\t\t\t\t<\/div>\n\t\t\t\t<section class=\"elementor-section elementor-inner-section elementor-element elementor-element-2d19bb1e elementor-reverse-mobile elementor-section-boxed elementor-section-height-default elementor-section-height-default\" data-id=\"2d19bb1e\" data-element_type=\"section\" data-e-type=\"section\">\n\t\t\t\t\t\t<div class=\"elementor-container elementor-column-gap-default\">\n\t\t\t\t\t<div class=\"elementor-column elementor-col-50 elementor-inner-column elementor-element elementor-element-2a4ad8ae\" data-id=\"2a4ad8ae\" data-element_type=\"column\" data-e-type=\"column\">\n\t\t\t<div class=\"elementor-widget-wrap elementor-element-populated\">\n\t\t\t\t\t\t<div class=\"elementor-element elementor-element-e93c5ac elementor-widget elementor-widget-image\" data-id=\"e93c5ac\" data-element_type=\"widget\" data-e-type=\"widget\" data-widget_type=\"image.default\">\n\t\t\t\t<div class=\"elementor-widget-container\">\n\t\t\t\t\t\t\t\t\t\t\t\t\t\t\t<img fetchpriority=\"high\" decoding=\"async\" width=\"724\" height=\"1024\" src=\"https:\/\/www.cerege.fr\/wp-content\/uploads\/2024\/06\/A3_Affiche_Cycle_Eau-724x1024.jpg\" class=\"attachment-large size-large wp-image-24219\" alt=\"\" srcset=\"https:\/\/www.cerege.fr\/wp-content\/uploads\/2024\/06\/A3_Affiche_Cycle_Eau-724x1024.jpg 724w, https:\/\/www.cerege.fr\/wp-content\/uploads\/2024\/06\/A3_Affiche_Cycle_Eau-212x300.jpg 212w, https:\/\/www.cerege.fr\/wp-content\/uploads\/2024\/06\/A3_Affiche_Cycle_Eau-768x1086.jpg 768w, https:\/\/www.cerege.fr\/wp-content\/uploads\/2024\/06\/A3_Affiche_Cycle_Eau-8x12.jpg 8w, https:\/\/www.cerege.fr\/wp-content\/uploads\/2024\/06\/A3_Affiche_Cycle_Eau.jpg 842w\" sizes=\"(max-width: 724px) 100vw, 724px\" \/>\t\t\t\t\t\t\t\t\t\t\t\t\t\t\t<\/div>\n\t\t\t\t<\/div>\n\t\t\t\t\t<\/div>\n\t\t<\/div>\n\t\t\t\t<div class=\"elementor-column elementor-col-50 elementor-inner-column elementor-element elementor-element-72516c0a\" data-id=\"72516c0a\" data-element_type=\"column\" data-e-type=\"column\">\n\t\t\t<div class=\"elementor-widget-wrap elementor-element-populated\">\n\t\t\t\t\t\t<div class=\"elementor-element elementor-element-482d95fd elementor-widget elementor-widget-text-editor\" data-id=\"482d95fd\" data-element_type=\"widget\" data-e-type=\"widget\" data-widget_type=\"text-editor.default\">\n\t\t\t\t<div class=\"elementor-widget-container\">\n\t\t\t\t\t\t\t\t\t<p>Les <strong>chantiers transverses<\/strong> du CEREGE visent \u00e0 cr\u00e9er des <strong>synergies<\/strong> entre les scientifiques des diff\u00e9rentes \u00e9quipes th\u00e9matiques de l\u2019Unit\u00e9 pouvant conduire \u00e0 des approches originales de recherche et d\u2019expertise sur des grandes questions scientifiques.<\/p><p>Au-del\u00e0 des axes trait\u00e9s par les 4 \u00e9quipes du CEREGE (Climat, Terre &amp; Plan\u00e8tes, Environnement Durable, Ressources Hydrosyst\u00e8mes et Carbonates), sont d\u00e9velopp\u00e9es, gr\u00e2ce \u00e0 la conjugaison de nos expertises scientifiques et techniques, plusieurs <strong>th\u00e9matiques scientifiques majeures<\/strong> telles que le<strong> cycle du carbone<\/strong>, l\u2019appr\u00e9hension des <strong>risques naturels et anthropiques<\/strong>, les <strong>Sciences de la durabilit\u00e9<\/strong>, l\u2019histoire de l\u2019esp\u00e8ce humaine vue \u00e0 travers la <strong>g\u00e9o-arch\u00e9ologie et l\u2019arch\u00e9om\u00e9trie<\/strong> et enfin le <strong>cycle de l\u2019eau<\/strong>.<\/p><p>La recherche du CEREGE s\u2019appuie \u00e9galement sur les <strong>observations<\/strong>, c\u2019est \u00e0 dire l\u2019acquisition de donn\u00e9es de terrain sur le long terme, n\u00e9cessaires pour comprendre les m\u00e9canismes fondamentaux.<\/p>\t\t\t\t\t\t\t\t<\/div>\n\t\t\t\t<\/div>\n\t\t\t\t\t<\/div>\n\t\t<\/div>\n\t\t\t\t\t<\/div>\n\t\t<\/section>\n\t\t\t\t\t<\/div>\n\t\t<\/div>\n\t\t\t\t\t<\/div>\n\t\t<\/section>\n\t\t\t\t<section class=\"elementor-section elementor-top-section elementor-element elementor-element-222267e2 elementor-section-boxed elementor-section-height-default elementor-section-height-default\" data-id=\"222267e2\" data-element_type=\"section\" data-e-type=\"section\">\n\t\t\t\t\t\t<div class=\"elementor-container elementor-column-gap-default\">\n\t\t\t\t\t<div class=\"elementor-column elementor-col-100 elementor-top-column elementor-element elementor-element-ea8a067\" data-id=\"ea8a067\" data-element_type=\"column\" data-e-type=\"column\">\n\t\t\t<div class=\"elementor-widget-wrap elementor-element-populated\">\n\t\t\t\t\t\t<section class=\"elementor-section elementor-inner-section elementor-element elementor-element-6379fa3e elementor-section-full_width elementor-section-height-default elementor-section-height-default\" data-id=\"6379fa3e\" data-element_type=\"section\" data-e-type=\"section\">\n\t\t\t\t\t\t<div class=\"elementor-container elementor-column-gap-wider\">\n\t\t\t\t\t<div class=\"elementor-column elementor-col-100 elementor-inner-column elementor-element elementor-element-22d7109c\" data-id=\"22d7109c\" data-element_type=\"column\" data-e-type=\"column\">\n\t\t\t<div class=\"elementor-widget-wrap elementor-element-populated\">\n\t\t\t\t\t\t<div class=\"elementor-element elementor-element-2ca3317 elementor-widget__width-initial science_image_box eael-infobox-shape-square eael-infobox-hover-img-shape-square elementor-widget elementor-widget-eael-info-box\" data-id=\"2ca3317\" data-element_type=\"widget\" data-e-type=\"widget\" data-widget_type=\"eael-info-box.default\">\n\t\t\t\t<div class=\"elementor-widget-container\">\n\t\t\t\t\t            <a href=\"https:\/\/www.cerege.fr\/fr\/sciences\/axes-transverses\/ressource-et-cycle-de-leau\/\">\n\t            <div class=\"eael-infobox icon-on-top\">\n\t            <div class=\"infobox-icon\">\n\n                            <img decoding=\"async\" src=\"https:\/\/www.cerege.fr\/wp-content\/uploads\/elementor\/thumbs\/Pour-la-page-generale-des-actions-transverses-scaled-rmyeimha88akc7l0oyblczok3ecj9zulxusuhi0nt8.jpeg\" alt=\"\">\n            \n            \n            \n        <\/div>\n            <div class=\"infobox-content\">\n                    <div class=\"infobox-title-section\">\n                <h3 class=\"title\">Ressource et cycle de l\u2019eau<\/h3>            <\/div>\n            <div><p>La ma\u00eetrise d\u2019un ensemble d\u2019outils conf\u00e8re au CEREGE une place sp\u00e9cifique et originale sur la carte nationale des sciences de l\u2019eau.<\/p><\/div>        <\/div>\n            <\/div>\n\n\t\t            <\/a>\n\t\t\t\t\t\t<\/div>\n\t\t\t\t<\/div>\n\t\t\t\t<div class=\"elementor-element elementor-element-5f5253de elementor-widget__width-initial science_image_box eael-infobox-shape-square eael-infobox-hover-img-shape-square elementor-widget elementor-widget-eael-info-box\" data-id=\"5f5253de\" data-element_type=\"widget\" data-e-type=\"widget\" data-widget_type=\"eael-info-box.default\">\n\t\t\t\t<div class=\"elementor-widget-container\">\n\t\t\t\t\t            <a href=\"https:\/\/www.cerege.fr\/wp-content\/uploads\/2025\/07\/Cycle-du-carbone-scaled.jpg\">\n\t            <div class=\"eael-infobox icon-on-top\">\n\t            <div class=\"infobox-icon\">\n\n                            <img decoding=\"async\" src=\"https:\/\/www.cerege.fr\/wp-content\/uploads\/elementor\/thumbs\/Cycle-du-carbone-scaled-rmyeh07agi2scdxo594q2edz9ibs0rf91ucqqcf2j0.jpg\" alt=\"\">\n            \n            \n            \n        <\/div>\n            <div class=\"infobox-content\">\n                    <div class=\"infobox-title-section\">\n                <h3 class=\"title\">Cycle du carbone<\/h3>            <\/div>\n            <div><p>Les recherches sur le cycle du carbone balaient les diff\u00e9rents r\u00e9servoirs continentaux (sols et eaux douces), oc\u00e9aniques (C organique et inorganique) et atmosph\u00e9rique et impliquent toutes les \u00e9quipes du CEREGE.<\/p><\/div>        <\/div>\n            <\/div>\n\n\t\t            <\/a>\n\t\t\t\t\t\t<\/div>\n\t\t\t\t<\/div>\n\t\t\t\t<div class=\"elementor-element elementor-element-79309504 elementor-widget__width-initial science_image_box eael-infobox-shape-square eael-infobox-hover-img-shape-square elementor-widget elementor-widget-eael-info-box\" data-id=\"79309504\" data-element_type=\"widget\" data-e-type=\"widget\" data-widget_type=\"eael-info-box.default\">\n\t\t\t\t<div class=\"elementor-widget-container\">\n\t\t\t\t\t            <a >\n\t            <div class=\"eael-infobox icon-on-top\">\n\t            <div class=\"infobox-icon\">\n\n                            <img decoding=\"async\" src=\"https:\/\/www.cerege.fr\/wp-content\/uploads\/elementor\/thumbs\/02-rmyeqxdyljnqw7iu7jiydw94zxf99qt92y993hpguk.jpg\" alt=\"\">\n            \n            \n            \n        <\/div>\n            <div class=\"infobox-content\">\n                    <div class=\"infobox-title-section\">\n                <h3 class=\"title\">Risques<\/h3>            <\/div>\n            <div><p>La capacit\u00e9 du CEREGE \u00e0 mener de front des recherches sur les risques naturels et les risques anthropiques lui conf\u00e8re une place naturelle de leadership au sein des instances en charge de ces probl\u00e9matiques.<\/p><\/div>        <\/div>\n            <\/div>\n\n\t\t            <\/a>\n\t\t\t\t\t\t<\/div>\n\t\t\t\t<\/div>\n\t\t\t\t<div class=\"elementor-element elementor-element-ff7e867 elementor-widget__width-initial science_image_box eael-infobox-shape-square eael-infobox-hover-img-shape-square elementor-widget elementor-widget-eael-info-box\" data-id=\"ff7e867\" data-element_type=\"widget\" data-e-type=\"widget\" data-widget_type=\"eael-info-box.default\">\n\t\t\t\t<div class=\"elementor-widget-container\">\n\t\t\t\t\t            <a href=\"https:\/\/www.cerege.fr\/sciences\/axes-transverses\/geoarcheologie-et-archeometrie\/\">\n\t            <div class=\"eael-infobox icon-on-top\">\n\t            <div class=\"infobox-icon\">\n\n                            <img decoding=\"async\" src=\"https:\/\/www.cerege.fr\/wp-content\/uploads\/elementor\/thumbs\/DSCN3020-scaled-rmyeqoxew1c5zpv4kxvb9gdzngkycgvo1sdvs020ek.jpg\" alt=\"\">\n            \n            \n            \n        <\/div>\n            <div class=\"infobox-content\">\n                    <div class=\"infobox-title-section\">\n                <h3 class=\"title\">G\u00e9oarch\u00e9ologie et arch\u00e9om\u00e9trie<\/h3>            <\/div>\n            <div><p>Cette th\u00e9matique b\u00e9n\u00e9ficie d\u2019une large panoplie d\u2019outils de pointe en g\u00e9ochronologie et en caract\u00e9risation physicochimique des fossiles humains, des artefacts et des milieux environnants.<\/p><p>\u00a0<\/p><\/div>        <\/div>\n            <\/div>\n\n\t\t            <\/a>\n\t\t\t\t\t\t<\/div>\n\t\t\t\t<\/div>\n\t\t\t\t<div class=\"elementor-element elementor-element-2528b202 elementor-widget__width-initial science_image_box eael-infobox-shape-square eael-infobox-hover-img-shape-square elementor-widget elementor-widget-eael-info-box\" data-id=\"2528b202\" data-element_type=\"widget\" data-e-type=\"widget\" data-widget_type=\"eael-info-box.default\">\n\t\t\t\t<div class=\"elementor-widget-container\">\n\t\t\t\t\t            <a >\n\t            <div class=\"eael-infobox icon-on-top\">\n\t            <div class=\"infobox-icon\">\n\n                            <img decoding=\"async\" src=\"https:\/\/www.cerege.fr\/wp-content\/uploads\/elementor\/thumbs\/Printemps_des_sciences_LMonnier20230413_0318-rmyeqhepdd1veu61sumapiaawdm0mw1tcr5zxsd5sc.jpeg\" alt=\"\">\n            \n            \n            \n        <\/div>\n            <div class=\"infobox-content\">\n                    <div class=\"infobox-title-section\">\n                <h3 class=\"title\">Sciences de la durabilit\u00e9<\/h3>            <\/div>\n            <div><p>Nos actions s\u2019inscrivent dans une vision du d\u00e9veloppement ne compromettant pas la capacit\u00e9 des g\u00e9n\u00e9rations \u00e0 venir \u00e0 r\u00e9pondre \u00e0 leurs propres besoins.<\/p><\/div>        <\/div>\n            <\/div>\n\n\t\t            <\/a>\n\t\t\t\t\t\t<\/div>\n\t\t\t\t<\/div>\n\t\t\t\t\t<\/div>\n\t\t<\/div>\n\t\t\t\t\t<\/div>\n\t\t<\/section>\n\t\t\t\t\t<\/div>\n\t\t<\/div>\n\t\t\t\t\t<\/div>\n\t\t<\/section>\n\t\t\t\t<\/div>\n\t\t","protected":false},"excerpt":{"rendered":"<p>Les chantiers transverses du CEREGE visent \u00e0 cr\u00e9er des synergies entre les scientifiques des diff\u00e9rentes \u00e9quipes th\u00e9matiques de l\u2019Unit\u00e9 pouvant conduire \u00e0 des approches originales de recherche et d\u2019expertise sur [&hellip;]<\/p>\n","protected":false},"author":551,"featured_media":19059,"parent":817,"menu_order":0,"comment_status":"closed","ping_status":"closed","template":"","meta":{"_acf_changed":false,"footnotes":""},"class_list":["post-19058","page","type-page","status-publish","has-post-thumbnail","hentry"],"acf":[],"publishpress_future_action":{"enabled":false,"date":"2026-05-16 09:50:33","action":"change-status","newStatus":"draft","terms":[],"taxonomy":"","extraData":[]},"publishpress_future_workflow_manual_trigger":{"enabledWorkflows":[]},"_links":{"self":[{"href":"https:\/\/www.cerege.fr\/fr\/wp-json\/wp\/v2\/pages\/19058","targetHints":{"allow":["GET"]}}],"collection":[{"href":"https:\/\/www.cerege.fr\/fr\/wp-json\/wp\/v2\/pages"}],"about":[{"href":"https:\/\/www.cerege.fr\/fr\/wp-json\/wp\/v2\/types\/page"}],"author":[{"embeddable":true,"href":"https:\/\/www.cerege.fr\/fr\/wp-json\/wp\/v2\/users\/551"}],"replies":[{"embeddable":true,"href":"https:\/\/www.cerege.fr\/fr\/wp-json\/wp\/v2\/comments?post=19058"}],"version-history":[{"count":5,"href":"https:\/\/www.cerege.fr\/fr\/wp-json\/wp\/v2\/pages\/19058\/revisions"}],"predecessor-version":[{"id":29195,"href":"https:\/\/www.cerege.fr\/fr\/wp-json\/wp\/v2\/pages\/19058\/revisions\/29195"}],"up":[{"embeddable":true,"href":"https:\/\/www.cerege.fr\/fr\/wp-json\/wp\/v2\/pages\/817"}],"wp:featuredmedia":[{"embeddable":true,"href":"https:\/\/www.cerege.fr\/fr\/wp-json\/wp\/v2\/media\/19059"}],"wp:attachment":[{"href":"https:\/\/www.cerege.fr\/fr\/wp-json\/wp\/v2\/media?parent=19058"}],"curies":[{"name":"wp","href":"https:\/\/api.w.org\/{rel}","templated":true}]}}