{"id":19473,"date":"2023-06-21T15:02:12","date_gmt":"2023-06-21T13:02:12","guid":{"rendered":"https:\/\/www.cerege.fr\/?page_id=19473"},"modified":"2025-02-20T11:27:34","modified_gmt":"2025-02-20T10:27:34","slug":"gouvernance","status":"publish","type":"page","link":"https:\/\/www.cerege.fr\/fr\/le-cerege\/notre-organisation\/gouvernance\/","title":{"rendered":"Gouvernance"},"content":{"rendered":"\t\t<div data-elementor-type=\"wp-page\" data-elementor-id=\"19473\" class=\"elementor elementor-19473\" data-elementor-post-type=\"page\">\n\t\t\t\t\t\t<section class=\"elementor-section elementor-top-section elementor-element elementor-element-2b8232db elementor-section-full_width elementor-section-height-min-height elementor-section-height-default elementor-section-items-middle\" data-id=\"2b8232db\" data-element_type=\"section\" data-e-type=\"section\" data-settings=\"{&quot;background_background&quot;:&quot;classic&quot;}\">\n\t\t\t\t\t\t<div class=\"elementor-container elementor-column-gap-default\">\n\t\t\t\t\t<div class=\"elementor-column elementor-col-100 elementor-top-column elementor-element elementor-element-39d30758\" data-id=\"39d30758\" data-element_type=\"column\" data-e-type=\"column\">\n\t\t\t<div class=\"elementor-widget-wrap\">\n\t\t\t\t\t\t\t<\/div>\n\t\t<\/div>\n\t\t\t\t\t<\/div>\n\t\t<\/section>\n\t\t\t\t<section class=\"elementor-section elementor-top-section elementor-element elementor-element-75873b55 elementor-section-boxed elementor-section-height-default elementor-section-height-default\" data-id=\"75873b55\" data-element_type=\"section\" data-e-type=\"section\">\n\t\t\t\t\t\t<div class=\"elementor-container elementor-column-gap-default\">\n\t\t\t\t\t<div class=\"elementor-column elementor-col-100 elementor-top-column elementor-element elementor-element-76b6070c\" data-id=\"76b6070c\" data-element_type=\"column\" data-e-type=\"column\">\n\t\t\t<div class=\"elementor-widget-wrap elementor-element-populated\">\n\t\t\t\t\t\t<div class=\"elementor-element elementor-element-68cf35a6 elementor-widget elementor-widget-shortcode\" data-id=\"68cf35a6\" data-element_type=\"widget\" data-e-type=\"widget\" data-widget_type=\"shortcode.default\">\n\t\t\t\t<div class=\"elementor-widget-container\">\n\t\t\t\t\t\t\t<div class=\"elementor-shortcode\"><nav aria-label=\"breadcrumbs\">\n            <div class=\"breadcrumb-container theme1\">\n                <ol>\n                                    <\/ol>\n            <\/div>\n        <\/nav>    <script type=\"application\/ld+json\">\n        {\n            \"@context\": \"http:\/\/schema.org\",\n            \"@type\": \"BreadcrumbList\",\n            \"itemListElement\": [\n                            ]\n        }\n    <\/script>\n   \n    <script>\n            <\/script>\n<\/div>\n\t\t\t\t\t\t<\/div>\n\t\t\t\t<\/div>\n\t\t\t\t<section class=\"elementor-section elementor-inner-section elementor-element elementor-element-52401824 elementor-reverse-mobile elementor-section-boxed elementor-section-height-default elementor-section-height-default\" data-id=\"52401824\" data-element_type=\"section\" data-e-type=\"section\">\n\t\t\t\t\t\t<div class=\"elementor-container elementor-column-gap-default\">\n\t\t\t\t\t<div class=\"elementor-column elementor-col-50 elementor-inner-column elementor-element elementor-element-54765988\" data-id=\"54765988\" data-element_type=\"column\" data-e-type=\"column\">\n\t\t\t<div class=\"elementor-widget-wrap elementor-element-populated\">\n\t\t\t\t\t\t<div class=\"elementor-element elementor-element-103b72c1 gallery-spacing-custom elementor-widget elementor-widget-image-gallery\" data-id=\"103b72c1\" data-element_type=\"widget\" data-e-type=\"widget\" data-widget_type=\"image-gallery.default\">\n\t\t\t\t<div class=\"elementor-widget-container\">\n\t\t\t\t\t\t\t<div class=\"elementor-image-gallery\">\n\t\t\t<div id='gallery-1' class='gallery galleryid-19473 gallery-columns-2 gallery-size-medium'><figure class='gallery-item'>\n\t\t\t<div class='gallery-icon landscape'>\n\t\t\t\t<a data-elementor-open-lightbox=\"yes\" data-elementor-lightbox-slideshow=\"103b72c1\" data-elementor-lightbox-title=\"Direction_Benedetti_202421\" data-e-action-hash=\"#elementor-action%3Aaction%3Dlightbox%26settings%3DeyJpZCI6MjE5OTEsInVybCI6Imh0dHBzOlwvXC93d3cuY2VyZWdlLmZyXC93cC1jb250ZW50XC91cGxvYWRzXC8yMDI0XC8wMVwvRGlyZWN0aW9uX0JlbmVkZXR0aV8yMDI0MjEtc2NhbGVkLmpwZyIsInNsaWRlc2hvdyI6IjEwM2I3MmMxIn0%3D\" href='https:\/\/www.cerege.fr\/wp-content\/uploads\/2024\/01\/Direction_Benedetti_202421-scaled.jpg'><img fetchpriority=\"high\" decoding=\"async\" width=\"300\" height=\"169\" src=\"https:\/\/www.cerege.fr\/wp-content\/uploads\/2024\/01\/Direction_Benedetti_202421-300x169.jpg\" class=\"attachment-medium size-medium\" alt=\"\" srcset=\"https:\/\/www.cerege.fr\/wp-content\/uploads\/2024\/01\/Direction_Benedetti_202421-300x169.jpg 300w, https:\/\/www.cerege.fr\/wp-content\/uploads\/2024\/01\/Direction_Benedetti_202421-1024x577.jpg 1024w, https:\/\/www.cerege.fr\/wp-content\/uploads\/2024\/01\/Direction_Benedetti_202421-768x432.jpg 768w, https:\/\/www.cerege.fr\/wp-content\/uploads\/2024\/01\/Direction_Benedetti_202421-1536x865.jpg 1536w, https:\/\/www.cerege.fr\/wp-content\/uploads\/2024\/01\/Direction_Benedetti_202421-scaled.jpg 2048w, https:\/\/www.cerege.fr\/wp-content\/uploads\/2024\/01\/Direction_Benedetti_202421-18x10.jpg 18w, https:\/\/www.cerege.fr\/wp-content\/uploads\/2024\/01\/Direction_Benedetti_202421-1320x743.jpg 1320w\" sizes=\"(max-width: 300px) 100vw, 300px\" \/><\/a>\n\t\t\t<\/div><\/figure><figure class='gallery-item'>\n\t\t\t<div class='gallery-icon landscape'>\n\t\t\t\t<a data-elementor-open-lightbox=\"yes\" data-elementor-lightbox-slideshow=\"103b72c1\" data-elementor-lightbox-title=\"AG_1801202420240118_61\" data-e-action-hash=\"#elementor-action%3Aaction%3Dlightbox%26settings%3DeyJpZCI6MjE5OTMsInVybCI6Imh0dHBzOlwvXC93d3cuY2VyZWdlLmZyXC93cC1jb250ZW50XC91cGxvYWRzXC8yMDI0XC8wMVwvQUdfMTgwMTIwMjQyMDI0MDExOF82MS1zY2FsZWQuanBnIiwic2xpZGVzaG93IjoiMTAzYjcyYzEifQ%3D%3D\" href='https:\/\/www.cerege.fr\/wp-content\/uploads\/2024\/01\/AG_1801202420240118_61-scaled.jpg'><img decoding=\"async\" width=\"300\" height=\"169\" src=\"https:\/\/www.cerege.fr\/wp-content\/uploads\/2024\/01\/AG_1801202420240118_61-300x169.jpg\" class=\"attachment-medium size-medium\" alt=\"\" srcset=\"https:\/\/www.cerege.fr\/wp-content\/uploads\/2024\/01\/AG_1801202420240118_61-300x169.jpg 300w, https:\/\/www.cerege.fr\/wp-content\/uploads\/2024\/01\/AG_1801202420240118_61-1024x577.jpg 1024w, https:\/\/www.cerege.fr\/wp-content\/uploads\/2024\/01\/AG_1801202420240118_61-768x432.jpg 768w, https:\/\/www.cerege.fr\/wp-content\/uploads\/2024\/01\/AG_1801202420240118_61-1536x865.jpg 1536w, https:\/\/www.cerege.fr\/wp-content\/uploads\/2024\/01\/AG_1801202420240118_61-scaled.jpg 2048w, https:\/\/www.cerege.fr\/wp-content\/uploads\/2024\/01\/AG_1801202420240118_61-18x10.jpg 18w, https:\/\/www.cerege.fr\/wp-content\/uploads\/2024\/01\/AG_1801202420240118_61-1320x743.jpg 1320w\" sizes=\"(max-width: 300px) 100vw, 300px\" \/><\/a>\n\t\t\t<\/div><\/figure><figure class='gallery-item'>\n\t\t\t<div class='gallery-icon landscape'>\n\t\t\t\t<a data-elementor-open-lightbox=\"yes\" data-elementor-lightbox-slideshow=\"103b72c1\" data-elementor-lightbox-title=\"20221020_144856\" data-e-action-hash=\"#elementor-action%3Aaction%3Dlightbox%26settings%3DeyJpZCI6MTk0NzgsInVybCI6Imh0dHBzOlwvXC93d3cuY2VyZWdlLmZyXC93cC1jb250ZW50XC91cGxvYWRzXC8yMDIzXC8wNlwvMjAyMjEwMjBfMTQ0ODU2LXNjYWxlZC5qcGciLCJzbGlkZXNob3ciOiIxMDNiNzJjMSJ9\" href='https:\/\/www.cerege.fr\/wp-content\/uploads\/2023\/06\/20221020_144856-scaled.jpg'><img decoding=\"async\" width=\"300\" height=\"169\" src=\"https:\/\/www.cerege.fr\/wp-content\/uploads\/2023\/06\/20221020_144856-300x169.jpg\" class=\"attachment-medium size-medium\" alt=\"\" srcset=\"https:\/\/www.cerege.fr\/wp-content\/uploads\/2023\/06\/20221020_144856-300x169.jpg 300w, https:\/\/www.cerege.fr\/wp-content\/uploads\/2023\/06\/20221020_144856-1024x577.jpg 1024w, https:\/\/www.cerege.fr\/wp-content\/uploads\/2023\/06\/20221020_144856-768x432.jpg 768w, https:\/\/www.cerege.fr\/wp-content\/uploads\/2023\/06\/20221020_144856-1536x865.jpg 1536w, https:\/\/www.cerege.fr\/wp-content\/uploads\/2023\/06\/20221020_144856-scaled.jpg 2048w, https:\/\/www.cerege.fr\/wp-content\/uploads\/2023\/06\/20221020_144856-18x10.jpg 18w, https:\/\/www.cerege.fr\/wp-content\/uploads\/2023\/06\/20221020_144856-1320x743.jpg 1320w\" sizes=\"(max-width: 300px) 100vw, 300px\" \/><\/a>\n\t\t\t<\/div><\/figure><figure class='gallery-item'>\n\t\t\t<div class='gallery-icon landscape'>\n\t\t\t\t<a data-elementor-open-lightbox=\"yes\" data-elementor-lightbox-slideshow=\"103b72c1\" data-elementor-lightbox-title=\"20221017_094545\" data-e-action-hash=\"#elementor-action%3Aaction%3Dlightbox%26settings%3DeyJpZCI6MTk0NzYsInVybCI6Imh0dHBzOlwvXC93d3cuY2VyZWdlLmZyXC93cC1jb250ZW50XC91cGxvYWRzXC8yMDIzXC8wNlwvMjAyMjEwMTdfMDk0NTQ1LXNjYWxlZC5qcGciLCJzbGlkZXNob3ciOiIxMDNiNzJjMSJ9\" href='https:\/\/www.cerege.fr\/wp-content\/uploads\/2023\/06\/20221017_094545-scaled.jpg'><img loading=\"lazy\" decoding=\"async\" width=\"300\" height=\"169\" src=\"https:\/\/www.cerege.fr\/wp-content\/uploads\/2023\/06\/20221017_094545-300x169.jpg\" class=\"attachment-medium size-medium\" alt=\"\" srcset=\"https:\/\/www.cerege.fr\/wp-content\/uploads\/2023\/06\/20221017_094545-300x169.jpg 300w, https:\/\/www.cerege.fr\/wp-content\/uploads\/2023\/06\/20221017_094545-1024x577.jpg 1024w, https:\/\/www.cerege.fr\/wp-content\/uploads\/2023\/06\/20221017_094545-768x432.jpg 768w, https:\/\/www.cerege.fr\/wp-content\/uploads\/2023\/06\/20221017_094545-1536x865.jpg 1536w, https:\/\/www.cerege.fr\/wp-content\/uploads\/2023\/06\/20221017_094545-scaled.jpg 2048w, https:\/\/www.cerege.fr\/wp-content\/uploads\/2023\/06\/20221017_094545-18x10.jpg 18w, https:\/\/www.cerege.fr\/wp-content\/uploads\/2023\/06\/20221017_094545-1320x743.jpg 1320w\" sizes=\"(max-width: 300px) 100vw, 300px\" \/><\/a>\n\t\t\t<\/div><\/figure><figure class='gallery-item'>\n\t\t\t<div class='gallery-icon landscape'>\n\t\t\t\t<a data-elementor-open-lightbox=\"yes\" data-elementor-lightbox-slideshow=\"103b72c1\" data-elementor-lightbox-title=\"20221017_134511\" data-e-action-hash=\"#elementor-action%3Aaction%3Dlightbox%26settings%3DeyJpZCI6MTk0NzcsInVybCI6Imh0dHBzOlwvXC93d3cuY2VyZWdlLmZyXC93cC1jb250ZW50XC91cGxvYWRzXC8yMDIzXC8wNlwvMjAyMjEwMTdfMTM0NTExLXNjYWxlZC5qcGciLCJzbGlkZXNob3ciOiIxMDNiNzJjMSJ9\" href='https:\/\/www.cerege.fr\/wp-content\/uploads\/2023\/06\/20221017_134511-scaled.jpg'><img loading=\"lazy\" decoding=\"async\" width=\"300\" height=\"169\" src=\"https:\/\/www.cerege.fr\/wp-content\/uploads\/2023\/06\/20221017_134511-300x169.jpg\" class=\"attachment-medium size-medium\" alt=\"\" srcset=\"https:\/\/www.cerege.fr\/wp-content\/uploads\/2023\/06\/20221017_134511-300x169.jpg 300w, https:\/\/www.cerege.fr\/wp-content\/uploads\/2023\/06\/20221017_134511-1024x577.jpg 1024w, https:\/\/www.cerege.fr\/wp-content\/uploads\/2023\/06\/20221017_134511-768x432.jpg 768w, https:\/\/www.cerege.fr\/wp-content\/uploads\/2023\/06\/20221017_134511-1536x865.jpg 1536w, https:\/\/www.cerege.fr\/wp-content\/uploads\/2023\/06\/20221017_134511-scaled.jpg 2048w, https:\/\/www.cerege.fr\/wp-content\/uploads\/2023\/06\/20221017_134511-18x10.jpg 18w, https:\/\/www.cerege.fr\/wp-content\/uploads\/2023\/06\/20221017_134511-1320x743.jpg 1320w\" sizes=\"(max-width: 300px) 100vw, 300px\" \/><\/a>\n\t\t\t<\/div><\/figure><figure class='gallery-item'>\n\t\t\t<div class='gallery-icon landscape'>\n\t\t\t\t<a data-elementor-open-lightbox=\"yes\" data-elementor-lightbox-slideshow=\"103b72c1\" data-elementor-lightbox-title=\"20220927_183924\" data-e-action-hash=\"#elementor-action%3Aaction%3Dlightbox%26settings%3DeyJpZCI6MTk0NzUsInVybCI6Imh0dHBzOlwvXC93d3cuY2VyZWdlLmZyXC93cC1jb250ZW50XC91cGxvYWRzXC8yMDIzXC8wNlwvMjAyMjA5MjdfMTgzOTI0LXNjYWxlZC5qcGciLCJzbGlkZXNob3ciOiIxMDNiNzJjMSJ9\" href='https:\/\/www.cerege.fr\/wp-content\/uploads\/2023\/06\/20220927_183924-scaled.jpg'><img loading=\"lazy\" decoding=\"async\" width=\"300\" height=\"169\" src=\"https:\/\/www.cerege.fr\/wp-content\/uploads\/2023\/06\/20220927_183924-300x169.jpg\" class=\"attachment-medium size-medium\" alt=\"\" srcset=\"https:\/\/www.cerege.fr\/wp-content\/uploads\/2023\/06\/20220927_183924-300x169.jpg 300w, https:\/\/www.cerege.fr\/wp-content\/uploads\/2023\/06\/20220927_183924-1024x576.jpg 1024w, https:\/\/www.cerege.fr\/wp-content\/uploads\/2023\/06\/20220927_183924-768x432.jpg 768w, https:\/\/www.cerege.fr\/wp-content\/uploads\/2023\/06\/20220927_183924-1536x865.jpg 1536w, https:\/\/www.cerege.fr\/wp-content\/uploads\/2023\/06\/20220927_183924-scaled.jpg 2048w, https:\/\/www.cerege.fr\/wp-content\/uploads\/2023\/06\/20220927_183924-18x10.jpg 18w, https:\/\/www.cerege.fr\/wp-content\/uploads\/2023\/06\/20220927_183924-1320x743.jpg 1320w\" sizes=\"(max-width: 300px) 100vw, 300px\" \/><\/a>\n\t\t\t<\/div><\/figure><figure class='gallery-item'>\n\t\t\t<div class='gallery-icon landscape'>\n\t\t\t\t<a data-elementor-open-lightbox=\"yes\" data-elementor-lightbox-slideshow=\"103b72c1\" data-elementor-lightbox-title=\"20220915_113742\" data-e-action-hash=\"#elementor-action%3Aaction%3Dlightbox%26settings%3DeyJpZCI6MTk0NzQsInVybCI6Imh0dHBzOlwvXC93d3cuY2VyZWdlLmZyXC93cC1jb250ZW50XC91cGxvYWRzXC8yMDIzXC8wNlwvMjAyMjA5MTVfMTEzNzQyLXNjYWxlZC5qcGciLCJzbGlkZXNob3ciOiIxMDNiNzJjMSJ9\" href='https:\/\/www.cerege.fr\/wp-content\/uploads\/2023\/06\/20220915_113742-scaled.jpg'><img loading=\"lazy\" decoding=\"async\" width=\"300\" height=\"169\" src=\"https:\/\/www.cerege.fr\/wp-content\/uploads\/2023\/06\/20220915_113742-300x169.jpg\" class=\"attachment-medium size-medium\" alt=\"\" srcset=\"https:\/\/www.cerege.fr\/wp-content\/uploads\/2023\/06\/20220915_113742-300x169.jpg 300w, https:\/\/www.cerege.fr\/wp-content\/uploads\/2023\/06\/20220915_113742-1024x577.jpg 1024w, https:\/\/www.cerege.fr\/wp-content\/uploads\/2023\/06\/20220915_113742-768x432.jpg 768w, https:\/\/www.cerege.fr\/wp-content\/uploads\/2023\/06\/20220915_113742-1536x865.jpg 1536w, https:\/\/www.cerege.fr\/wp-content\/uploads\/2023\/06\/20220915_113742-scaled.jpg 2048w, https:\/\/www.cerege.fr\/wp-content\/uploads\/2023\/06\/20220915_113742-18x10.jpg 18w, https:\/\/www.cerege.fr\/wp-content\/uploads\/2023\/06\/20220915_113742-1320x743.jpg 1320w\" sizes=\"(max-width: 300px) 100vw, 300px\" \/><\/a>\n\t\t\t<\/div><\/figure><figure class='gallery-item'>\n\t\t\t<div class='gallery-icon landscape'>\n\t\t\t\t<a data-elementor-open-lightbox=\"yes\" data-elementor-lightbox-slideshow=\"103b72c1\" data-elementor-lightbox-title=\"AG_18012024_ateliers08\" data-e-action-hash=\"#elementor-action%3Aaction%3Dlightbox%26settings%3DeyJpZCI6MjE5OTIsInVybCI6Imh0dHBzOlwvXC93d3cuY2VyZWdlLmZyXC93cC1jb250ZW50XC91cGxvYWRzXC8yMDI0XC8wMVwvQUdfMTgwMTIwMjRfYXRlbGllcnMwOC1zY2FsZWQtZTE3MDU2NzE0ODUxNzIuanBnIiwic2xpZGVzaG93IjoiMTAzYjcyYzEifQ%3D%3D\" href='https:\/\/www.cerege.fr\/wp-content\/uploads\/2024\/01\/AG_18012024_ateliers08-scaled-e1705671485172.jpg'><img loading=\"lazy\" decoding=\"async\" width=\"300\" height=\"171\" src=\"https:\/\/www.cerege.fr\/wp-content\/uploads\/2024\/01\/AG_18012024_ateliers08-scaled-e1705671485172-300x171.jpg\" class=\"attachment-medium size-medium\" alt=\"\" srcset=\"https:\/\/www.cerege.fr\/wp-content\/uploads\/2024\/01\/AG_18012024_ateliers08-scaled-e1705671485172-300x171.jpg 300w, https:\/\/www.cerege.fr\/wp-content\/uploads\/2024\/01\/AG_18012024_ateliers08-scaled-e1705671485172-1024x583.jpg 1024w, https:\/\/www.cerege.fr\/wp-content\/uploads\/2024\/01\/AG_18012024_ateliers08-scaled-e1705671485172-768x437.jpg 768w, https:\/\/www.cerege.fr\/wp-content\/uploads\/2024\/01\/AG_18012024_ateliers08-scaled-e1705671485172-1536x874.jpg 1536w, https:\/\/www.cerege.fr\/wp-content\/uploads\/2024\/01\/AG_18012024_ateliers08-scaled-e1705671485172-18x10.jpg 18w, https:\/\/www.cerege.fr\/wp-content\/uploads\/2024\/01\/AG_18012024_ateliers08-scaled-e1705671485172-1320x752.jpg 1320w, https:\/\/www.cerege.fr\/wp-content\/uploads\/2024\/01\/AG_18012024_ateliers08-scaled-e1705671485172.jpg 1695w\" sizes=\"(max-width: 300px) 100vw, 300px\" \/><\/a>\n\t\t\t<\/div><\/figure>\n\t\t<\/div>\n\t\t<\/div>\n\t\t\t\t\t\t<\/div>\n\t\t\t\t<\/div>\n\t\t\t\t\t<\/div>\n\t\t<\/div>\n\t\t\t\t<div class=\"elementor-column elementor-col-50 elementor-inner-column elementor-element elementor-element-625a810f\" data-id=\"625a810f\" data-element_type=\"column\" data-e-type=\"column\">\n\t\t\t<div class=\"elementor-widget-wrap elementor-element-populated\">\n\t\t\t\t\t\t<div class=\"elementor-element elementor-element-58b132de elementor-widget elementor-widget-text-editor\" data-id=\"58b132de\" data-element_type=\"widget\" data-e-type=\"widget\" data-widget_type=\"text-editor.default\">\n\t\t\t\t<div class=\"elementor-widget-container\">\n\t\t\t\t\t\t\t\t\t<h3><span style=\"font-weight: normal;\">Conseil d&#8217;Orientation Strat\u00e9gique<br \/><\/span><\/h3><p>Compos\u00e9 du Comit\u00e9 de Direction, des responsables d&#8217;\u00e9quipes, des repr\u00e9sentants (tutelles, Instrument National, contractuels),\u00a0 des charg\u00e9s de mission (Relations internationales et Sciences des Suds, Observation, Culture Scientifique, Engagement Eco-responsable) et du Conseil d&#8217;experts scientifiques externe, le COS arbitre et r\u00e9fl\u00e9chit aux questions strat\u00e9giques concernant l&#8217;avenir du CEREGE (bourse de th\u00e8se, recrutement, demande de moyen, investissements, APIC, relations internationales&#8230;).<\/p><h3><span style=\"font-weight: normal;\">Conseil de Laboratoire<\/span><\/h3><p>Le Conseil de Laboratoire se r\u00e9unit 3 fois par an et plus si n\u00e9cessaire en fonction des contraintes externes et des sollicitations internes. Il a un r\u00f4le consultatif et est amen\u00e9 \u00e0 voter les questions budg\u00e9taires, de fermeture annuelle, de modalit\u00e9s de fonctionnement du collectif, des arriv\u00e9es de nouveaux entrants avant leur mobilit\u00e9 ou leur titularisation.<\/p><h2><span style=\"font-weight: normal;\">Commission du Personnel\u2028<\/span><\/h2><p>Compos\u00e9e de la Directrice d&#8217;Unit\u00e9, de la Responsable Administrative, d\u2019une r\u00e9f\u00e9rente carri\u00e8re, d&#8217;un des responsables de chaque \u00e9quipe, de 2 repr\u00e9sentants ITA et 2 repr\u00e9sentants BIATSS d\u00e9sign\u00e9s par voie \u00e9lectorale, cette Commission se r\u00e9unit 3 \u00e0 4 fois par an pour les classements des dossiers de promotion ITA\/BIATSS et des propositions de compl\u00e9ments de primes, avant d\u00e9cision du Comit\u00e9 de Direction. Les ITA et les BIATSS prioris\u00e9s par la commission du personnel pour leur avancement b\u00e9n\u00e9ficient d\u2019une aide pour la r\u00e9daction des dossiers, et la pr\u00e9paration des oraux.<\/p><h2><span style=\"font-weight: normal;\">Commission Formation Recherche<\/span><\/h2>\t\t\t\t\t\t\t\t<\/div>\n\t\t\t\t<\/div>\n\t\t\t\t<div class=\"elementor-element elementor-element-eb5c7c0 elementor-widget elementor-widget-image\" data-id=\"eb5c7c0\" data-element_type=\"widget\" data-e-type=\"widget\" data-widget_type=\"image.default\">\n\t\t\t\t<div class=\"elementor-widget-container\">\n\t\t\t\t\t\t\t\t\t\t\t\t\t\t\t<img loading=\"lazy\" decoding=\"async\" width=\"800\" height=\"467\" src=\"https:\/\/www.cerege.fr\/wp-content\/uploads\/2024\/01\/Commission_formation_recherche-1024x598.png\" class=\"attachment-large size-large wp-image-22074\" alt=\"\" srcset=\"https:\/\/www.cerege.fr\/wp-content\/uploads\/2024\/01\/Commission_formation_recherche-1024x598.png 1024w, https:\/\/www.cerege.fr\/wp-content\/uploads\/2024\/01\/Commission_formation_recherche-300x175.png 300w, https:\/\/www.cerege.fr\/wp-content\/uploads\/2024\/01\/Commission_formation_recherche-768x448.png 768w, https:\/\/www.cerege.fr\/wp-content\/uploads\/2024\/01\/Commission_formation_recherche-1536x896.png 1536w, https:\/\/www.cerege.fr\/wp-content\/uploads\/2024\/01\/Commission_formation_recherche.png 2048w, https:\/\/www.cerege.fr\/wp-content\/uploads\/2024\/01\/Commission_formation_recherche-18x12.png 18w, https:\/\/www.cerege.fr\/wp-content\/uploads\/2024\/01\/Commission_formation_recherche-1320x770.png 1320w\" sizes=\"(max-width: 800px) 100vw, 800px\" \/>\t\t\t\t\t\t\t\t\t\t\t\t\t\t\t<\/div>\n\t\t\t\t<\/div>\n\t\t\t\t\t<\/div>\n\t\t<\/div>\n\t\t\t\t\t<\/div>\n\t\t<\/section>\n\t\t\t\t\t<\/div>\n\t\t<\/div>\n\t\t\t\t\t<\/div>\n\t\t<\/section>\n\t\t\t\t<\/div>\n\t\t","protected":false},"excerpt":{"rendered":"<p>Conseil d&#8217;Orientation Strat\u00e9gique Compos\u00e9 du Comit\u00e9 de Direction, des responsables d&#8217;\u00e9quipes, des repr\u00e9sentants (tutelles, Instrument National, contractuels),\u00a0 des charg\u00e9s de mission (Relations internationales et Sciences des Suds, Observation, Culture Scientifique, [&hellip;]<\/p>\n","protected":false},"author":551,"featured_media":17759,"parent":821,"menu_order":0,"comment_status":"closed","ping_status":"closed","template":"","meta":{"_acf_changed":false,"footnotes":""},"class_list":["post-19473","page","type-page","status-publish","has-post-thumbnail","hentry"],"acf":[],"publishpress_future_action":{"enabled":false,"date":"2026-05-23 12:21:48","action":"change-status","newStatus":"draft","terms":[],"taxonomy":"","extraData":[]},"publishpress_future_workflow_manual_trigger":{"enabledWorkflows":[]},"_links":{"self":[{"href":"https:\/\/www.cerege.fr\/fr\/wp-json\/wp\/v2\/pages\/19473","targetHints":{"allow":["GET"]}}],"collection":[{"href":"https:\/\/www.cerege.fr\/fr\/wp-json\/wp\/v2\/pages"}],"about":[{"href":"https:\/\/www.cerege.fr\/fr\/wp-json\/wp\/v2\/types\/page"}],"author":[{"embeddable":true,"href":"https:\/\/www.cerege.fr\/fr\/wp-json\/wp\/v2\/users\/551"}],"replies":[{"embeddable":true,"href":"https:\/\/www.cerege.fr\/fr\/wp-json\/wp\/v2\/comments?post=19473"}],"version-history":[{"count":5,"href":"https:\/\/www.cerege.fr\/fr\/wp-json\/wp\/v2\/pages\/19473\/revisions"}],"predecessor-version":[{"id":26889,"href":"https:\/\/www.cerege.fr\/fr\/wp-json\/wp\/v2\/pages\/19473\/revisions\/26889"}],"up":[{"embeddable":true,"href":"https:\/\/www.cerege.fr\/fr\/wp-json\/wp\/v2\/pages\/821"}],"wp:featuredmedia":[{"embeddable":true,"href":"https:\/\/www.cerege.fr\/fr\/wp-json\/wp\/v2\/media\/17759"}],"wp:attachment":[{"href":"https:\/\/www.cerege.fr\/fr\/wp-json\/wp\/v2\/media?parent=19473"}],"curies":[{"name":"wp","href":"https:\/\/api.w.org\/{rel}","templated":true}]}}