{"id":2009,"date":"2022-07-26T10:48:43","date_gmt":"2022-07-26T08:48:43","guid":{"rendered":"https:\/\/www.cerege.fr\/?page_id=2009"},"modified":"2024-10-23T13:32:33","modified_gmt":"2024-10-23T11:32:33","slug":"archives","status":"publish","type":"page","link":"https:\/\/www.cerege.fr\/fr\/actualites\/archives\/","title":{"rendered":"Archives du CEREGE"},"content":{"rendered":"\t\t<div data-elementor-type=\"wp-page\" data-elementor-id=\"2009\" class=\"elementor elementor-2009\" data-elementor-post-type=\"page\">\n\t\t\t\t\t\t<section class=\"elementor-section elementor-top-section elementor-element elementor-element-410be8b3 elementor-section-full_width elementor-section-height-min-height elementor-section-height-default elementor-section-items-middle\" data-id=\"410be8b3\" data-element_type=\"section\" data-e-type=\"section\" data-settings=\"{&quot;background_background&quot;:&quot;classic&quot;}\">\n\t\t\t\t\t\t<div class=\"elementor-container elementor-column-gap-default\">\n\t\t\t\t\t<div class=\"elementor-column elementor-col-100 elementor-top-column elementor-element elementor-element-2fb80057\" data-id=\"2fb80057\" data-element_type=\"column\" data-e-type=\"column\">\n\t\t\t<div class=\"elementor-widget-wrap\">\n\t\t\t\t\t\t\t<\/div>\n\t\t<\/div>\n\t\t\t\t\t<\/div>\n\t\t<\/section>\n\t\t\t\t<section class=\"elementor-section elementor-top-section elementor-element elementor-element-3e5e7b79 elementor-section-boxed elementor-section-height-default elementor-section-height-default\" data-id=\"3e5e7b79\" data-element_type=\"section\" data-e-type=\"section\">\n\t\t\t\t\t\t<div class=\"elementor-container elementor-column-gap-default\">\n\t\t\t\t\t<div class=\"elementor-column elementor-col-100 elementor-top-column elementor-element elementor-element-1d5ecad1\" data-id=\"1d5ecad1\" data-element_type=\"column\" data-e-type=\"column\">\n\t\t\t<div class=\"elementor-widget-wrap elementor-element-populated\">\n\t\t\t\t\t\t<div class=\"elementor-element elementor-element-47368d37 elementor-widget elementor-widget-shortcode\" data-id=\"47368d37\" data-element_type=\"widget\" data-e-type=\"widget\" data-widget_type=\"shortcode.default\">\n\t\t\t\t<div class=\"elementor-widget-container\">\n\t\t\t\t\t\t\t<div class=\"elementor-shortcode\"><nav aria-label=\"breadcrumbs\">\n            <div class=\"breadcrumb-container theme1\">\n                <ol>\n                                    <\/ol>\n            <\/div>\n        <\/nav>    <script type=\"application\/ld+json\">\n        {\n            \"@context\": \"http:\/\/schema.org\",\n            \"@type\": \"BreadcrumbList\",\n            \"itemListElement\": [\n                            ]\n        }\n    <\/script>\n   \n    <script>\n            <\/script>\n<\/div>\n\t\t\t\t\t\t<\/div>\n\t\t\t\t<\/div>\n\t\t\t\t<div class=\"elementor-element elementor-element-b6238a8 classic-posts elementor-grid-3 elementor-grid-tablet-2 elementor-grid-mobile-1 elementor-posts--thumbnail-top elementor-widget elementor-widget-posts\" data-id=\"b6238a8\" data-element_type=\"widget\" data-e-type=\"widget\" data-settings=\"{&quot;classic_row_gap&quot;:{&quot;unit&quot;:&quot;px&quot;,&quot;size&quot;:0,&quot;sizes&quot;:[]},&quot;pagination_type&quot;:&quot;numbers&quot;,&quot;classic_columns&quot;:&quot;3&quot;,&quot;classic_columns_tablet&quot;:&quot;2&quot;,&quot;classic_columns_mobile&quot;:&quot;1&quot;,&quot;classic_row_gap_tablet&quot;:{&quot;unit&quot;:&quot;px&quot;,&quot;size&quot;:&quot;&quot;,&quot;sizes&quot;:[]},&quot;classic_row_gap_mobile&quot;:{&quot;unit&quot;:&quot;px&quot;,&quot;size&quot;:&quot;&quot;,&quot;sizes&quot;:[]}}\" data-widget_type=\"posts.classic\">\n\t\t\t\t<div class=\"elementor-widget-container\">\n\t\t\t\t\t\t\t<div class=\"elementor-posts-container elementor-posts elementor-posts--skin-classic elementor-grid\" role=\"list\">\n\t\t\t\t<article class=\"elementor-post elementor-grid-item post-25971 post type-post status-publish format-standard has-post-thumbnail hentry category-archive\" role=\"listitem\">\n\t\t\t\t<a class=\"elementor-post__thumbnail__link\" href=\"https:\/\/www.cerege.fr\/fr\/colloque-histoire-du-climat-depuis-lan-un\/\" tabindex=\"-1\">\n\t\t\t<div class=\"elementor-post__thumbnail\"><img fetchpriority=\"high\" decoding=\"async\" width=\"500\" height=\"609\" src=\"https:\/\/www.cerege.fr\/wp-content\/uploads\/2024\/09\/Bard_2024-2025_colloque-du-mois-de-novembre_vignette.jpg\" class=\"attachment-medium_large size-medium_large wp-image-25973\" alt=\"\" srcset=\"https:\/\/www.cerege.fr\/wp-content\/uploads\/2024\/09\/Bard_2024-2025_colloque-du-mois-de-novembre_vignette.jpg 500w, https:\/\/www.cerege.fr\/wp-content\/uploads\/2024\/09\/Bard_2024-2025_colloque-du-mois-de-novembre_vignette-246x300.jpg 246w, https:\/\/www.cerege.fr\/wp-content\/uploads\/2024\/09\/Bard_2024-2025_colloque-du-mois-de-novembre_vignette-10x12.jpg 10w\" sizes=\"(max-width: 500px) 100vw, 500px\" \/><\/div>\n\t\t<\/a>\n\t\t\t\t<div class=\"elementor-post__text\">\n\t\t\t\t<h4 class=\"elementor-post__title\">\n\t\t\t<a href=\"https:\/\/www.cerege.fr\/fr\/colloque-histoire-du-climat-depuis-lan-un\/\">\n\t\t\t\tColloque Histoire du climat depuis l\u2019an un\t\t\t<\/a>\n\t\t<\/h4>\n\t\t\t\t<div class=\"elementor-post__excerpt\">\n\t\t\t<p>Organis\u00e9 par Edouard Bard, Professeur du Coll\u00e8ge de France,\u00a0 CEREGE Aix-en-Provence Voir aussi Edouard Bard,\u00a0 chaire \u00c9volution du climat et de l&#8217;oc\u00e9an Histoire du climat depuis l\u2019an un. Un hommage<\/p>\n\t\t<\/div>\n\t\t\t\t<\/div>\n\t\t\t\t<\/article>\n\t\t\t\t<article class=\"elementor-post elementor-grid-item post-25960 post type-post status-publish format-standard has-post-thumbnail hentry category-archive\" role=\"listitem\">\n\t\t\t\t<a class=\"elementor-post__thumbnail__link\" href=\"https:\/\/www.cerege.fr\/fr\/le-village-des-sciences-de-larbois-fete-ses-20-ans\/\" tabindex=\"-1\">\n\t\t\t<div class=\"elementor-post__thumbnail\"><img decoding=\"async\" width=\"768\" height=\"1086\" src=\"https:\/\/www.cerege.fr\/wp-content\/uploads\/2024\/06\/AfficheA3_FDS_2024_2-768x1086.jpg\" class=\"attachment-medium_large size-medium_large wp-image-25377\" alt=\"\" srcset=\"https:\/\/www.cerege.fr\/wp-content\/uploads\/2024\/06\/AfficheA3_FDS_2024_2-768x1086.jpg 768w, https:\/\/www.cerege.fr\/wp-content\/uploads\/2024\/06\/AfficheA3_FDS_2024_2-212x300.jpg 212w, https:\/\/www.cerege.fr\/wp-content\/uploads\/2024\/06\/AfficheA3_FDS_2024_2-724x1024.jpg 724w, https:\/\/www.cerege.fr\/wp-content\/uploads\/2024\/06\/AfficheA3_FDS_2024_2-1086x1536.jpg 1086w, https:\/\/www.cerege.fr\/wp-content\/uploads\/2024\/06\/AfficheA3_FDS_2024_2-scaled.jpg 1448w, https:\/\/www.cerege.fr\/wp-content\/uploads\/2024\/06\/AfficheA3_FDS_2024_2-8x12.jpg 8w, https:\/\/www.cerege.fr\/wp-content\/uploads\/2024\/06\/AfficheA3_FDS_2024_2-1320x1867.jpg 1320w\" sizes=\"(max-width: 768px) 100vw, 768px\" \/><\/div>\n\t\t<\/a>\n\t\t\t\t<div class=\"elementor-post__text\">\n\t\t\t\t<h4 class=\"elementor-post__title\">\n\t\t\t<a href=\"https:\/\/www.cerege.fr\/fr\/le-village-des-sciences-de-larbois-fete-ses-20-ans\/\">\n\t\t\t\tLe village des Sciences de l\u2019Arbois f\u00eate ses 20 ans!\t\t\t<\/a>\n\t\t<\/h4>\n\t\t\t\t<div class=\"elementor-post__excerpt\">\n\t\t\t<p>Le village des Sciences de l\u2019Arbois c\u00e9l\u00e8bre ses 20 ans cette ann\u00e9e pour une F\u00eate de la Science sous le th\u00e8me de l\u2019Oc\u00e9an ! Le CEREGE (Centre de Recherche et<\/p>\n\t\t<\/div>\n\t\t\t\t<\/div>\n\t\t\t\t<\/article>\n\t\t\t\t<article class=\"elementor-post elementor-grid-item post-25954 post type-post status-publish format-standard has-post-thumbnail hentry category-archive\" role=\"listitem\">\n\t\t\t\t<a class=\"elementor-post__thumbnail__link\" href=\"https:\/\/www.cerege.fr\/fr\/erc-starting-grant-2024-olivier-sulpis\/\" tabindex=\"-1\">\n\t\t\t<div class=\"elementor-post__thumbnail\"><img decoding=\"async\" width=\"265\" height=\"177\" src=\"https:\/\/www.cerege.fr\/wp-content\/uploads\/2024\/09\/sulpis.png\" class=\"attachment-medium_large size-medium_large wp-image-25728\" alt=\"\" srcset=\"https:\/\/www.cerege.fr\/wp-content\/uploads\/2024\/09\/sulpis.png 265w, https:\/\/www.cerege.fr\/wp-content\/uploads\/2024\/09\/sulpis-18x12.png 18w\" sizes=\"(max-width: 265px) 100vw, 265px\" \/><\/div>\n\t\t<\/a>\n\t\t\t\t<div class=\"elementor-post__text\">\n\t\t\t\t<h4 class=\"elementor-post__title\">\n\t\t\t<a href=\"https:\/\/www.cerege.fr\/fr\/erc-starting-grant-2024-olivier-sulpis\/\">\n\t\t\t\tERC Starting Grant 2024 : Olivier Sulpis\t\t\t<\/a>\n\t\t<\/h4>\n\t\t\t\t<div class=\"elementor-post__excerpt\">\n\t\t\t<p>Alors que la crise du changement climatique s\u2019amplifie, il est imp\u00e9ratif de comprendre et d\u2019att\u00e9nuer les flux de dioxyde de carbone (CO2). Un aspect moins connu et pourtant important de<\/p>\n\t\t<\/div>\n\t\t\t\t<\/div>\n\t\t\t\t<\/article>\n\t\t\t\t<article class=\"elementor-post elementor-grid-item post-25937 post type-post status-publish format-standard has-post-thumbnail hentry category-archive\" role=\"listitem\">\n\t\t\t\t<a class=\"elementor-post__thumbnail__link\" href=\"https:\/\/www.cerege.fr\/fr\/luc-beaufort-elu-agu-fellow\/\" tabindex=\"-1\">\n\t\t\t<div class=\"elementor-post__thumbnail\"><img loading=\"lazy\" decoding=\"async\" width=\"768\" height=\"545\" src=\"https:\/\/www.cerege.fr\/wp-content\/uploads\/2024\/09\/Luc_Beaufort_AGU_Fellow-768x545.jpg\" class=\"attachment-medium_large size-medium_large wp-image-25942\" alt=\"\" srcset=\"https:\/\/www.cerege.fr\/wp-content\/uploads\/2024\/09\/Luc_Beaufort_AGU_Fellow-768x545.jpg 768w, https:\/\/www.cerege.fr\/wp-content\/uploads\/2024\/09\/Luc_Beaufort_AGU_Fellow-300x213.jpg 300w, https:\/\/www.cerege.fr\/wp-content\/uploads\/2024\/09\/Luc_Beaufort_AGU_Fellow-18x12.jpg 18w, https:\/\/www.cerege.fr\/wp-content\/uploads\/2024\/09\/Luc_Beaufort_AGU_Fellow.jpg 874w\" sizes=\"(max-width: 768px) 100vw, 768px\" \/><\/div>\n\t\t<\/a>\n\t\t\t\t<div class=\"elementor-post__text\">\n\t\t\t\t<h4 class=\"elementor-post__title\">\n\t\t\t<a href=\"https:\/\/www.cerege.fr\/fr\/luc-beaufort-elu-agu-fellow\/\">\n\t\t\t\tLuc BEAUFORT \u00e9lu AGU Fellow\t\t\t<\/a>\n\t\t<\/h4>\n\t\t\t\t<div class=\"elementor-post__excerpt\">\n\t\t\t<p>Luc BEAUFORT, du CEREGE, a \u00e9t\u00e9 \u00e9lu Fellow de l&#8217;AGU, rejoignant un groupe distingu\u00e9 de 54 personnes dans la promotion 2024 des Fellows. L&#8217;AGU, la plus grande association mondiale des<\/p>\n\t\t<\/div>\n\t\t\t\t<\/div>\n\t\t\t\t<\/article>\n\t\t\t\t<article class=\"elementor-post elementor-grid-item post-25922 post type-post status-publish format-standard has-post-thumbnail hentry category-archive\" role=\"listitem\">\n\t\t\t\t<a class=\"elementor-post__thumbnail__link\" href=\"https:\/\/www.cerege.fr\/fr\/au-gabon-sonder-lhistoire-commune-des-hommes-et-de-la-foret\/\" tabindex=\"-1\">\n\t\t\t<div class=\"elementor-post__thumbnail\"><img loading=\"lazy\" decoding=\"async\" width=\"768\" height=\"512\" src=\"https:\/\/www.cerege.fr\/wp-content\/uploads\/2024\/09\/CEREGE_Gabon_LeMonde-768x512.jpg\" class=\"attachment-medium_large size-medium_large wp-image-25923\" alt=\"\" srcset=\"https:\/\/www.cerege.fr\/wp-content\/uploads\/2024\/09\/CEREGE_Gabon_LeMonde-768x512.jpg 768w, https:\/\/www.cerege.fr\/wp-content\/uploads\/2024\/09\/CEREGE_Gabon_LeMonde-300x200.jpg 300w, https:\/\/www.cerege.fr\/wp-content\/uploads\/2024\/09\/CEREGE_Gabon_LeMonde-1024x683.jpg 1024w, https:\/\/www.cerege.fr\/wp-content\/uploads\/2024\/09\/CEREGE_Gabon_LeMonde-1536x1025.jpg 1536w, https:\/\/www.cerege.fr\/wp-content\/uploads\/2024\/09\/CEREGE_Gabon_LeMonde-18x12.jpg 18w, https:\/\/www.cerege.fr\/wp-content\/uploads\/2024\/09\/CEREGE_Gabon_LeMonde-1320x881.jpg 1320w, https:\/\/www.cerege.fr\/wp-content\/uploads\/2024\/09\/CEREGE_Gabon_LeMonde.jpg 1920w\" sizes=\"(max-width: 768px) 100vw, 768px\" \/><\/div>\n\t\t<\/a>\n\t\t\t\t<div class=\"elementor-post__text\">\n\t\t\t\t<h4 class=\"elementor-post__title\">\n\t\t\t<a href=\"https:\/\/www.cerege.fr\/fr\/au-gabon-sonder-lhistoire-commune-des-hommes-et-de-la-foret\/\">\n\t\t\t\tAu Gabon, sonder l\u2019histoire commune des hommes et de la for\u00eat\t\t\t<\/a>\n\t\t<\/h4>\n\t\t\t\t<div class=\"elementor-post__excerpt\">\n\t\t\t<p>A d\u00e9couvrir, le magnifique reportage en 5 \u00e9pisodes du journal Le Monde: \u00abArch\u00e9ologie : red\u00e9couvrir l\u2019Afrique&#8221;\u00a0 publi\u00e9 ce 14 septembre 2024. L\u2019\u00c9gypte et l\u2019origine des premiers hommes continuent, par leur<\/p>\n\t\t<\/div>\n\t\t\t\t<\/div>\n\t\t\t\t<\/article>\n\t\t\t\t<article class=\"elementor-post elementor-grid-item post-25900 post type-post status-publish format-standard has-post-thumbnail hentry category-archive\" role=\"listitem\">\n\t\t\t\t<a class=\"elementor-post__thumbnail__link\" href=\"https:\/\/www.cerege.fr\/fr\/journee-de-sensibilisation-geothermie-profonde\/\" tabindex=\"-1\">\n\t\t\t<div class=\"elementor-post__thumbnail\"><img loading=\"lazy\" decoding=\"async\" width=\"768\" height=\"769\" src=\"https:\/\/www.cerege.fr\/wp-content\/uploads\/2024\/09\/Geothermie_Profonde_CEREGE.png\" class=\"attachment-medium_large size-medium_large wp-image-25901\" alt=\"\" srcset=\"https:\/\/www.cerege.fr\/wp-content\/uploads\/2024\/09\/Geothermie_Profonde_CEREGE.png 768w, https:\/\/www.cerege.fr\/wp-content\/uploads\/2024\/09\/Geothermie_Profonde_CEREGE-300x300.png 300w, https:\/\/www.cerege.fr\/wp-content\/uploads\/2024\/09\/Geothermie_Profonde_CEREGE-150x150.png 150w, https:\/\/www.cerege.fr\/wp-content\/uploads\/2024\/09\/Geothermie_Profonde_CEREGE-12x12.png 12w\" sizes=\"(max-width: 768px) 100vw, 768px\" \/><\/div>\n\t\t<\/a>\n\t\t\t\t<div class=\"elementor-post__text\">\n\t\t\t\t<h4 class=\"elementor-post__title\">\n\t\t\t<a href=\"https:\/\/www.cerege.fr\/fr\/journee-de-sensibilisation-geothermie-profonde\/\">\n\t\t\t\tJourn\u00e9e de sensibilisation g\u00e9othermie profonde\t\t\t<\/a>\n\t\t<\/h4>\n\t\t\t\t<div class=\"elementor-post__excerpt\">\n\t\t\t<p>L\u2019ADEME, l\u2019AFPG et le BRGM vous invitent\u00a0 \u00e0 une journ\u00e9e de sensibilisation \u00e0 la g\u00e9othermie profonde, le jeudi 26 septembre 2024 \u00e0 Marseille. Au programme de cette journ\u00e9e gratuite :<\/p>\n\t\t<\/div>\n\t\t\t\t<\/div>\n\t\t\t\t<\/article>\n\t\t\t\t<article class=\"elementor-post elementor-grid-item post-25893 post type-post status-publish format-standard has-post-thumbnail hentry category-archive\" role=\"listitem\">\n\t\t\t\t<a class=\"elementor-post__thumbnail__link\" href=\"https:\/\/www.cerege.fr\/fr\/les-tempetes-solaires-extremes-permettent-une-datation-exacte-au-radiocarbone\/\" tabindex=\"-1\">\n\t\t\t<div class=\"elementor-post__thumbnail\"><img loading=\"lazy\" decoding=\"async\" width=\"616\" height=\"463\" src=\"https:\/\/www.cerege.fr\/wp-content\/uploads\/2024\/09\/Nature_E.Bard_Solar_Storms.jpg\" class=\"attachment-medium_large size-medium_large wp-image-25894\" alt=\"\" srcset=\"https:\/\/www.cerege.fr\/wp-content\/uploads\/2024\/09\/Nature_E.Bard_Solar_Storms.jpg 616w, https:\/\/www.cerege.fr\/wp-content\/uploads\/2024\/09\/Nature_E.Bard_Solar_Storms-300x225.jpg 300w, https:\/\/www.cerege.fr\/wp-content\/uploads\/2024\/09\/Nature_E.Bard_Solar_Storms-16x12.jpg 16w\" sizes=\"(max-width: 616px) 100vw, 616px\" \/><\/div>\n\t\t<\/a>\n\t\t\t\t<div class=\"elementor-post__text\">\n\t\t\t\t<h4 class=\"elementor-post__title\">\n\t\t\t<a href=\"https:\/\/www.cerege.fr\/fr\/les-tempetes-solaires-extremes-permettent-une-datation-exacte-au-radiocarbone\/\">\n\t\t\t\tLes temp\u00eates solaires extr\u00eames permettent une datation exacte au radiocarbone\t\t\t<\/a>\n\t\t<\/h4>\n\t\t\t\t<div class=\"elementor-post__excerpt\">\n\t\t\t<p>Extreme solar storms provide unique fingerprints for exact radiocarbon dating On 1-2 September 1859, telegraph systems across Europe and North America failed to function and started sparking, in some instances<\/p>\n\t\t<\/div>\n\t\t\t\t<\/div>\n\t\t\t\t<\/article>\n\t\t\t\t<article class=\"elementor-post elementor-grid-item post-25865 post type-post status-publish format-standard has-post-thumbnail hentry category-archive\" role=\"listitem\">\n\t\t\t\t<a class=\"elementor-post__thumbnail__link\" href=\"https:\/\/www.cerege.fr\/fr\/tendances-risques-et-opportunites-dans-les-nanotechnologies-environnementales\/\" tabindex=\"-1\">\n\t\t\t<div class=\"elementor-post__thumbnail\"><img loading=\"lazy\" decoding=\"async\" width=\"768\" height=\"512\" src=\"https:\/\/www.cerege.fr\/wp-content\/uploads\/2024\/09\/CEREGE_Nanotechnologies-768x512.jpg\" class=\"attachment-medium_large size-medium_large wp-image-25866\" alt=\"\" srcset=\"https:\/\/www.cerege.fr\/wp-content\/uploads\/2024\/09\/CEREGE_Nanotechnologies-768x512.jpg 768w, https:\/\/www.cerege.fr\/wp-content\/uploads\/2024\/09\/CEREGE_Nanotechnologies-300x200.jpg 300w, https:\/\/www.cerege.fr\/wp-content\/uploads\/2024\/09\/CEREGE_Nanotechnologies-1024x683.jpg 1024w, https:\/\/www.cerege.fr\/wp-content\/uploads\/2024\/09\/CEREGE_Nanotechnologies-1536x1024.jpg 1536w, https:\/\/www.cerege.fr\/wp-content\/uploads\/2024\/09\/CEREGE_Nanotechnologies-scaled.jpg 2048w, https:\/\/www.cerege.fr\/wp-content\/uploads\/2024\/09\/CEREGE_Nanotechnologies-18x12.jpg 18w, https:\/\/www.cerege.fr\/wp-content\/uploads\/2024\/09\/CEREGE_Nanotechnologies-1320x880.jpg 1320w\" sizes=\"(max-width: 768px) 100vw, 768px\" \/><\/div>\n\t\t<\/a>\n\t\t\t\t<div class=\"elementor-post__text\">\n\t\t\t\t<h4 class=\"elementor-post__title\">\n\t\t\t<a href=\"https:\/\/www.cerege.fr\/fr\/tendances-risques-et-opportunites-dans-les-nanotechnologies-environnementales\/\">\n\t\t\t\tTendances, risques et opportunit\u00e9s dans les nanotechnologies environnementales\t\t\t<\/a>\n\t\t<\/h4>\n\t\t\t\t<div class=\"elementor-post__excerpt\">\n\t\t\t<p>Les applications environnementales des nanomat\u00e9riaux incluent le contr\u00f4le de la pollution, la production d&#8217;eau propre, ainsi que la d\u00e9tection et la surveillance. Malgr\u00e9 les avantages environnementaux potentiels consid\u00e9rables des nanotechnologies,<\/p>\n\t\t<\/div>\n\t\t\t\t<\/div>\n\t\t\t\t<\/article>\n\t\t\t\t<article class=\"elementor-post elementor-grid-item post-25411 post type-post status-publish format-standard has-post-thumbnail hentry category-archive\" role=\"listitem\">\n\t\t\t\t<a class=\"elementor-post__thumbnail__link\" href=\"https:\/\/www.cerege.fr\/fr\/hommage-a-juliette-lamarche\/\" tabindex=\"-1\">\n\t\t\t<div class=\"elementor-post__thumbnail\"><img loading=\"lazy\" decoding=\"async\" width=\"768\" height=\"467\" src=\"https:\/\/www.cerege.fr\/wp-content\/uploads\/2024\/09\/Juliette_Lamarche_RVB-768x467.jpeg\" class=\"attachment-medium_large size-medium_large wp-image-25539\" alt=\"\" srcset=\"https:\/\/www.cerege.fr\/wp-content\/uploads\/2024\/09\/Juliette_Lamarche_RVB-768x467.jpeg 768w, https:\/\/www.cerege.fr\/wp-content\/uploads\/2024\/09\/Juliette_Lamarche_RVB-300x182.jpeg 300w, https:\/\/www.cerege.fr\/wp-content\/uploads\/2024\/09\/Juliette_Lamarche_RVB-1024x622.jpeg 1024w, https:\/\/www.cerege.fr\/wp-content\/uploads\/2024\/09\/Juliette_Lamarche_RVB-18x12.jpeg 18w, https:\/\/www.cerege.fr\/wp-content\/uploads\/2024\/09\/Juliette_Lamarche_RVB-1320x802.jpeg 1320w, https:\/\/www.cerege.fr\/wp-content\/uploads\/2024\/09\/Juliette_Lamarche_RVB.jpeg 1407w\" sizes=\"(max-width: 768px) 100vw, 768px\" \/><\/div>\n\t\t<\/a>\n\t\t\t\t<div class=\"elementor-post__text\">\n\t\t\t\t<h4 class=\"elementor-post__title\">\n\t\t\t<a href=\"https:\/\/www.cerege.fr\/fr\/hommage-a-juliette-lamarche\/\">\n\t\t\t\tHommage \u00e0 Juliette Lamarche\t\t\t<\/a>\n\t\t<\/h4>\n\t\t\t\t<div class=\"elementor-post__excerpt\">\n\t\t\t<p>C\u2019est avec une grande tristesse que nous annon\u00e7ons le d\u00e9c\u00e8s de Juliette Lamarche \u00e0 Natal (Br\u00e9sil) le 2 Septembre 2024. Juliette Lamarche, n\u00e9e en 1970 a v\u00e9cu sa jeunesse dans<\/p>\n\t\t<\/div>\n\t\t\t\t<\/div>\n\t\t\t\t<\/article>\n\t\t\t\t<\/div>\n\t\t\n\t\t\t\t<div class=\"e-load-more-anchor\" data-page=\"1\" data-max-page=\"10\" data-next-page=\"https:\/\/www.cerege.fr\/fr\/wp-json\/wp\/v2\/pages\/2009\/page\/2\/\"><\/div>\n\t\t\t\t<nav class=\"elementor-pagination\" aria-label=\"Pagination\">\n\t\t\t<span aria-current=\"page\" class=\"page-numbers current\"><span class=\"elementor-screen-only\">Page<\/span>1<\/span>\n<a class=\"page-numbers\" href=\"https:\/\/www.cerege.fr\/fr\/wp-json\/wp\/v2\/pages\/2009\/page\/2\/\"><span class=\"elementor-screen-only\">Page<\/span>2<\/a>\n<a class=\"page-numbers\" href=\"https:\/\/www.cerege.fr\/fr\/wp-json\/wp\/v2\/pages\/2009\/page\/3\/\"><span class=\"elementor-screen-only\">Page<\/span>3<\/a>\n<a class=\"page-numbers\" href=\"https:\/\/www.cerege.fr\/fr\/wp-json\/wp\/v2\/pages\/2009\/page\/4\/\"><span class=\"elementor-screen-only\">Page<\/span>4<\/a>\n<a class=\"page-numbers\" href=\"https:\/\/www.cerege.fr\/fr\/wp-json\/wp\/v2\/pages\/2009\/page\/5\/\"><span class=\"elementor-screen-only\">Page<\/span>5<\/a>\t\t<\/nav>\n\t\t\t\t\t\t<\/div>\n\t\t\t\t<\/div>\n\t\t\t\t\t<\/div>\n\t\t<\/div>\n\t\t\t\t\t<\/div>\n\t\t<\/section>\n\t\t\t\t<\/div>\n\t\t","protected":false},"excerpt":{"rendered":"","protected":false},"author":1,"featured_media":14764,"parent":1359,"menu_order":0,"comment_status":"closed","ping_status":"closed","template":"","meta":{"_acf_changed":false,"footnotes":""},"class_list":["post-2009","page","type-page","status-publish","has-post-thumbnail","hentry"],"acf":[],"publishpress_future_action":{"enabled":false,"date":"2026-05-11 12:07:22","action":"change-status","newStatus":"draft","terms":[],"taxonomy":"","extraData":[]},"publishpress_future_workflow_manual_trigger":{"enabledWorkflows":[]},"_links":{"self":[{"href":"https:\/\/www.cerege.fr\/fr\/wp-json\/wp\/v2\/pages\/2009","targetHints":{"allow":["GET"]}}],"collection":[{"href":"https:\/\/www.cerege.fr\/fr\/wp-json\/wp\/v2\/pages"}],"about":[{"href":"https:\/\/www.cerege.fr\/fr\/wp-json\/wp\/v2\/types\/page"}],"author":[{"embeddable":true,"href":"https:\/\/www.cerege.fr\/fr\/wp-json\/wp\/v2\/users\/1"}],"replies":[{"embeddable":true,"href":"https:\/\/www.cerege.fr\/fr\/wp-json\/wp\/v2\/comments?post=2009"}],"version-history":[{"count":5,"href":"https:\/\/www.cerege.fr\/fr\/wp-json\/wp\/v2\/pages\/2009\/revisions"}],"predecessor-version":[{"id":26291,"href":"https:\/\/www.cerege.fr\/fr\/wp-json\/wp\/v2\/pages\/2009\/revisions\/26291"}],"up":[{"embeddable":true,"href":"https:\/\/www.cerege.fr\/fr\/wp-json\/wp\/v2\/pages\/1359"}],"wp:featuredmedia":[{"embeddable":true,"href":"https:\/\/www.cerege.fr\/fr\/wp-json\/wp\/v2\/media\/14764"}],"wp:attachment":[{"href":"https:\/\/www.cerege.fr\/fr\/wp-json\/wp\/v2\/media?parent=2009"}],"curies":[{"name":"wp","href":"https:\/\/api.w.org\/{rel}","templated":true}]}}