{"id":22487,"date":"2024-02-16T11:52:32","date_gmt":"2024-02-16T10:52:32","guid":{"rendered":"https:\/\/www.cerege.fr\/?page_id=22487"},"modified":"2024-03-01T16:39:36","modified_gmt":"2024-03-01T15:39:36","slug":"paleoenvironnements-et-geoarcheologie","status":"publish","type":"page","link":"https:\/\/www.cerege.fr\/fr\/sciences\/terre-et-planetes\/paleoenvironnements-et-geoarcheologie\/","title":{"rendered":"Pal\u00e9oenvironnements et g\u00e9oarch\u00e9ologie"},"content":{"rendered":"\t\t<div data-elementor-type=\"wp-page\" data-elementor-id=\"22487\" class=\"elementor elementor-22487\" data-elementor-post-type=\"page\">\n\t\t\t\t\t\t<section class=\"elementor-section elementor-top-section elementor-element elementor-element-519a9e62 elementor-section-full_width elementor-section-height-min-height elementor-section-height-default elementor-section-items-middle\" data-id=\"519a9e62\" data-element_type=\"section\" data-e-type=\"section\" data-settings=\"{&quot;background_background&quot;:&quot;classic&quot;}\">\n\t\t\t\t\t\t<div class=\"elementor-container elementor-column-gap-default\">\n\t\t\t\t\t<div class=\"elementor-column elementor-col-100 elementor-top-column elementor-element elementor-element-9731401\" data-id=\"9731401\" data-element_type=\"column\" data-e-type=\"column\">\n\t\t\t<div class=\"elementor-widget-wrap\">\n\t\t\t\t\t\t\t<\/div>\n\t\t<\/div>\n\t\t\t\t\t<\/div>\n\t\t<\/section>\n\t\t\t\t<section class=\"elementor-section elementor-top-section elementor-element elementor-element-a8d9336 elementor-section-boxed elementor-section-height-default elementor-section-height-default\" data-id=\"a8d9336\" data-element_type=\"section\" data-e-type=\"section\">\n\t\t\t\t\t\t<div class=\"elementor-container elementor-column-gap-default\">\n\t\t\t\t\t<div class=\"elementor-column elementor-col-100 elementor-top-column elementor-element elementor-element-586ca791\" data-id=\"586ca791\" data-element_type=\"column\" data-e-type=\"column\">\n\t\t\t<div class=\"elementor-widget-wrap elementor-element-populated\">\n\t\t\t\t\t\t<div class=\"elementor-element elementor-element-48f2155f elementor-widget elementor-widget-shortcode\" data-id=\"48f2155f\" data-element_type=\"widget\" data-e-type=\"widget\" data-widget_type=\"shortcode.default\">\n\t\t\t\t<div class=\"elementor-widget-container\">\n\t\t\t\t\t\t\t<div class=\"elementor-shortcode\"><nav aria-label=\"breadcrumbs\">\n            <div class=\"breadcrumb-container theme1\">\n                <ol>\n                                    <\/ol>\n            <\/div>\n        <\/nav>    <script type=\"application\/ld+json\">\n        {\n            \"@context\": \"http:\/\/schema.org\",\n            \"@type\": \"BreadcrumbList\",\n            \"itemListElement\": [\n                            ]\n        }\n    <\/script>\n   \n    <script>\n            <\/script>\n<\/div>\n\t\t\t\t\t\t<\/div>\n\t\t\t\t<\/div>\n\t\t\t\t<section class=\"elementor-section elementor-inner-section elementor-element elementor-element-6b7bcc22 elementor-section-boxed elementor-section-height-default elementor-section-height-default\" data-id=\"6b7bcc22\" data-element_type=\"section\" data-e-type=\"section\">\n\t\t\t\t\t\t<div class=\"elementor-container elementor-column-gap-wide\">\n\t\t\t\t\t<div class=\"elementor-column elementor-col-50 elementor-inner-column elementor-element elementor-element-49094b14\" data-id=\"49094b14\" data-element_type=\"column\" data-e-type=\"column\">\n\t\t\t<div class=\"elementor-widget-wrap elementor-element-populated\">\n\t\t\t\t\t\t<div class=\"elementor-element elementor-element-5638e6ad elementor-widget elementor-widget-text-editor\" data-id=\"5638e6ad\" data-element_type=\"widget\" data-e-type=\"widget\" data-widget_type=\"text-editor.default\">\n\t\t\t\t<div class=\"elementor-widget-container\">\n\t\t\t\t\t\t\t\t\t<h2 class=\"Standard\"><span style=\"font-weight: normal;\">Replacer l\u2019\u00e9volution des soci\u00e9t\u00e9s humaines dans leur contexte environnemental<\/span><\/h2><p class=\"Standard\">\u00a0<\/p><p class=\"Standard\">Le r\u00e9chauffement climatique et les changements environnementaux qui en d\u00e9coulent affectent les soci\u00e9t\u00e9s actuelles : tensions accrues dans les r\u00e9gions arides, d\u00e9placements de populations dus \u00e0 l\u2019appauvrissement des ressources, \u00e0 la mont\u00e9e du niveau des mers, etc. Les travaux men\u00e9s dans le cadre de cet axe de recherche ont pour objectif d\u2019apporter des \u00e9l\u00e9ments de r\u00e9ponse aux probl\u00e9matiques li\u00e9es \u00e0 l\u2019\u00e9volution et \u00e0 la r\u00e9silience des soci\u00e9t\u00e9s humaines dans leur contexte environnemental \u00e0 partir de l\u2019\u00e9tude de sites anciens.<\/p><p class=\"Textbody\">\u00a0<\/p><p class=\"Textbody\">Ces travaux, fruits de collaborations \u00e9troites avec des chercheurs des Sciences Humaines et Sociales (SHS), des arch\u00e9ologues, des historiens et des pal\u00e9ontologues majoritairement, s&#8217;appuient sur le d\u00e9veloppement et la mise en \u0153uvre d&#8217;approches innovantes permettant d\u2019\u00e9tablir des chronologies robustes pour des sites majeurs \u00e0 des p\u00e9riodes charni\u00e8res (datant du Mioc\u00e8ne jusqu\u2019\u00e0 l\u2019actuel), de caract\u00e9riser les pal\u00e9oenvironnements associ\u00e9s aux hominin\u00e9s et aux soci\u00e9t\u00e9s humaines anciennes (pal\u00e9o-v\u00e9g\u00e9tation, pal\u00e9o-lignes de rivages, etc.), leur dynamique naturelle ou en r\u00e9ponse \u00e0 la pression anthropique. <\/p><p class=\"Textbody\">Cet axe de recherche s\u2019int\u00e9resse \u00e0 des sites pal\u00e9ontologiques \u00e0 hominin\u00e9s localis\u00e9s en Afrique (Tchad, Ethiopie, Erythr\u00e9e, Tanzanie, Afrique du Sud), au Proche-Moyen-Orient (Turquie), en Asie (Inde, Cor\u00e9e du Sud, Taiwan) et des sites arch\u00e9ologiques europ\u00e9ens (Espagne, Croatie, France), africains (Tanzanie, Kenya, Angola, Egypte) et d&#8217;Am\u00e9rique Centrale (Mexique, Guatemala).<\/p>\t\t\t\t\t\t\t\t<\/div>\n\t\t\t\t<\/div>\n\t\t\t\t\t<\/div>\n\t\t<\/div>\n\t\t\t\t<div class=\"elementor-column elementor-col-50 elementor-inner-column elementor-element elementor-element-6dd77a0b\" data-id=\"6dd77a0b\" data-element_type=\"column\" data-e-type=\"column\">\n\t\t\t<div class=\"elementor-widget-wrap elementor-element-populated\">\n\t\t\t\t\t\t<div class=\"elementor-element elementor-element-3d1e21ea elementor-widget elementor-widget-image\" data-id=\"3d1e21ea\" data-element_type=\"widget\" data-e-type=\"widget\" data-widget_type=\"image.default\">\n\t\t\t\t<div class=\"elementor-widget-container\">\n\t\t\t\t\t\t\t\t\t\t\t\t\t\t\t<img fetchpriority=\"high\" decoding=\"async\" width=\"800\" height=\"554\" src=\"https:\/\/www.cerege.fr\/wp-content\/uploads\/2022\/09\/pave_axe3-1024x709.jpg\" class=\"attachment-large size-large wp-image-4106\" alt=\"\" srcset=\"https:\/\/www.cerege.fr\/wp-content\/uploads\/2022\/09\/pave_axe3-1024x709.jpg 1024w, https:\/\/www.cerege.fr\/wp-content\/uploads\/2022\/09\/pave_axe3-300x208.jpg 300w, https:\/\/www.cerege.fr\/wp-content\/uploads\/2022\/09\/pave_axe3-768x532.jpg 768w, https:\/\/www.cerege.fr\/wp-content\/uploads\/2022\/09\/pave_axe3-18x12.jpg 18w, https:\/\/www.cerege.fr\/wp-content\/uploads\/2022\/09\/pave_axe3.jpg 1300w\" sizes=\"(max-width: 800px) 100vw, 800px\" \/>\t\t\t\t\t\t\t\t\t\t\t\t\t\t\t<\/div>\n\t\t\t\t<\/div>\n\t\t\t\t<div class=\"elementor-element elementor-element-470f6ee gallery-spacing-custom elementor-widget elementor-widget-image-gallery\" data-id=\"470f6ee\" data-element_type=\"widget\" data-e-type=\"widget\" data-widget_type=\"image-gallery.default\">\n\t\t\t\t<div class=\"elementor-widget-container\">\n\t\t\t\t\t\t\t<div class=\"elementor-image-gallery\">\n\t\t\t<div id='gallery-1' class='gallery galleryid-22487 gallery-columns-3 gallery-size-medium'><figure class='gallery-item'>\n\t\t\t<div class='gallery-icon landscape'>\n\t\t\t\t<img decoding=\"async\" width=\"300\" height=\"200\" src=\"https:\/\/www.cerege.fr\/wp-content\/uploads\/2022\/09\/CEREGE_turquie_acigol-300x200.jpg\" class=\"attachment-medium size-medium\" alt=\"\" srcset=\"https:\/\/www.cerege.fr\/wp-content\/uploads\/2022\/09\/CEREGE_turquie_acigol-300x200.jpg 300w, https:\/\/www.cerege.fr\/wp-content\/uploads\/2022\/09\/CEREGE_turquie_acigol-1024x683.jpg 1024w, https:\/\/www.cerege.fr\/wp-content\/uploads\/2022\/09\/CEREGE_turquie_acigol-768x512.jpg 768w, https:\/\/www.cerege.fr\/wp-content\/uploads\/2022\/09\/CEREGE_turquie_acigol-1536x1024.jpg 1536w, https:\/\/www.cerege.fr\/wp-content\/uploads\/2022\/09\/CEREGE_turquie_acigol-scaled.jpg 2048w, https:\/\/www.cerege.fr\/wp-content\/uploads\/2022\/09\/CEREGE_turquie_acigol-18x12.jpg 18w\" sizes=\"(max-width: 300px) 100vw, 300px\" \/>\n\t\t\t<\/div><\/figure><figure class='gallery-item'>\n\t\t\t<div class='gallery-icon landscape'>\n\t\t\t\t<img decoding=\"async\" width=\"300\" height=\"200\" src=\"https:\/\/www.cerege.fr\/wp-content\/uploads\/2022\/09\/CEREGE_petroglyphes-300x200.jpg\" class=\"attachment-medium size-medium\" alt=\"\" srcset=\"https:\/\/www.cerege.fr\/wp-content\/uploads\/2022\/09\/CEREGE_petroglyphes-300x200.jpg 300w, https:\/\/www.cerege.fr\/wp-content\/uploads\/2022\/09\/CEREGE_petroglyphes-1024x682.jpg 1024w, https:\/\/www.cerege.fr\/wp-content\/uploads\/2022\/09\/CEREGE_petroglyphes-768x512.jpg 768w, https:\/\/www.cerege.fr\/wp-content\/uploads\/2022\/09\/CEREGE_petroglyphes-18x12.jpg 18w, https:\/\/www.cerege.fr\/wp-content\/uploads\/2022\/09\/CEREGE_petroglyphes.jpg 1280w\" sizes=\"(max-width: 300px) 100vw, 300px\" \/>\n\t\t\t<\/div><\/figure><figure class='gallery-item'>\n\t\t\t<div class='gallery-icon landscape'>\n\t\t\t\t<img loading=\"lazy\" decoding=\"async\" width=\"300\" height=\"200\" src=\"https:\/\/www.cerege.fr\/wp-content\/uploads\/2022\/09\/CEREGE_forage_egypte-300x200.jpeg\" class=\"attachment-medium size-medium\" alt=\"\" srcset=\"https:\/\/www.cerege.fr\/wp-content\/uploads\/2022\/09\/CEREGE_forage_egypte-300x200.jpeg 300w, https:\/\/www.cerege.fr\/wp-content\/uploads\/2022\/09\/CEREGE_forage_egypte-1024x683.jpeg 1024w, https:\/\/www.cerege.fr\/wp-content\/uploads\/2022\/09\/CEREGE_forage_egypte-768x512.jpeg 768w, https:\/\/www.cerege.fr\/wp-content\/uploads\/2022\/09\/CEREGE_forage_egypte-1536x1024.jpeg 1536w, https:\/\/www.cerege.fr\/wp-content\/uploads\/2022\/09\/CEREGE_forage_egypte-18x12.jpeg 18w, https:\/\/www.cerege.fr\/wp-content\/uploads\/2022\/09\/CEREGE_forage_egypte.jpeg 1680w\" sizes=\"(max-width: 300px) 100vw, 300px\" \/>\n\t\t\t<\/div><\/figure>\n\t\t<\/div>\n\t\t<\/div>\n\t\t\t\t\t\t<\/div>\n\t\t\t\t<\/div>\n\t\t\t\t<div class=\"elementor-element elementor-element-fc8a0c6 gallery-spacing-custom elementor-widget elementor-widget-image-gallery\" data-id=\"fc8a0c6\" data-element_type=\"widget\" data-e-type=\"widget\" data-widget_type=\"image-gallery.default\">\n\t\t\t\t<div class=\"elementor-widget-container\">\n\t\t\t\t\t\t\t<div class=\"elementor-image-gallery\">\n\t\t\t<div id='gallery-2' class='gallery galleryid-22487 gallery-columns-3 gallery-size-medium'><figure class='gallery-item'>\n\t\t\t<div class='gallery-icon landscape'>\n\t\t\t\t<a data-elementor-open-lightbox=\"yes\" data-elementor-lightbox-slideshow=\"fc8a0c6\" data-elementor-lightbox-title=\"CEREGE_ethiopie\" data-e-action-hash=\"#elementor-action%3Aaction%3Dlightbox%26settings%3DeyJpZCI6NDI4NywidXJsIjoiaHR0cHM6XC9cL3d3dy5jZXJlZ2UuZnJcL3dwLWNvbnRlbnRcL3VwbG9hZHNcLzIwMjJcLzA5XC9DRVJFR0VfZXRoaW9waWUtc2NhbGVkLmpwZyIsInNsaWRlc2hvdyI6ImZjOGEwYzYifQ%3D%3D\" href='https:\/\/www.cerege.fr\/wp-content\/uploads\/2022\/09\/CEREGE_ethiopie-scaled.jpg'><img loading=\"lazy\" decoding=\"async\" width=\"300\" height=\"200\" src=\"https:\/\/www.cerege.fr\/wp-content\/uploads\/2022\/09\/CEREGE_ethiopie-300x200.jpg\" class=\"attachment-medium size-medium\" alt=\"\" srcset=\"https:\/\/www.cerege.fr\/wp-content\/uploads\/2022\/09\/CEREGE_ethiopie-300x200.jpg 300w, https:\/\/www.cerege.fr\/wp-content\/uploads\/2022\/09\/CEREGE_ethiopie-1024x683.jpg 1024w, https:\/\/www.cerege.fr\/wp-content\/uploads\/2022\/09\/CEREGE_ethiopie-768x512.jpg 768w, https:\/\/www.cerege.fr\/wp-content\/uploads\/2022\/09\/CEREGE_ethiopie-1536x1024.jpg 1536w, https:\/\/www.cerege.fr\/wp-content\/uploads\/2022\/09\/CEREGE_ethiopie-scaled.jpg 2048w, https:\/\/www.cerege.fr\/wp-content\/uploads\/2022\/09\/CEREGE_ethiopie-18x12.jpg 18w\" sizes=\"(max-width: 300px) 100vw, 300px\" \/><\/a>\n\t\t\t<\/div><\/figure><figure class='gallery-item'>\n\t\t\t<div class='gallery-icon landscape'>\n\t\t\t\t<a data-elementor-open-lightbox=\"yes\" data-elementor-lightbox-slideshow=\"fc8a0c6\" data-elementor-lightbox-title=\"CEREGE_egypte\" data-e-action-hash=\"#elementor-action%3Aaction%3Dlightbox%26settings%3DeyJpZCI6NDI4NiwidXJsIjoiaHR0cHM6XC9cL3d3dy5jZXJlZ2UuZnJcL3dwLWNvbnRlbnRcL3VwbG9hZHNcLzIwMjJcLzA5XC9DRVJFR0VfZWd5cHRlLXNjYWxlZC5qcGVnIiwic2xpZGVzaG93IjoiZmM4YTBjNiJ9\" href='https:\/\/www.cerege.fr\/wp-content\/uploads\/2022\/09\/CEREGE_egypte-scaled.jpeg'><img loading=\"lazy\" decoding=\"async\" width=\"300\" height=\"200\" src=\"https:\/\/www.cerege.fr\/wp-content\/uploads\/2022\/09\/CEREGE_egypte-300x200.jpeg\" class=\"attachment-medium size-medium\" alt=\"\" srcset=\"https:\/\/www.cerege.fr\/wp-content\/uploads\/2022\/09\/CEREGE_egypte-300x200.jpeg 300w, https:\/\/www.cerege.fr\/wp-content\/uploads\/2022\/09\/CEREGE_egypte-1024x683.jpeg 1024w, https:\/\/www.cerege.fr\/wp-content\/uploads\/2022\/09\/CEREGE_egypte-768x512.jpeg 768w, https:\/\/www.cerege.fr\/wp-content\/uploads\/2022\/09\/CEREGE_egypte-1536x1024.jpeg 1536w, https:\/\/www.cerege.fr\/wp-content\/uploads\/2022\/09\/CEREGE_egypte-scaled.jpeg 2048w, https:\/\/www.cerege.fr\/wp-content\/uploads\/2022\/09\/CEREGE_egypte-18x12.jpeg 18w\" sizes=\"(max-width: 300px) 100vw, 300px\" \/><\/a>\n\t\t\t<\/div><\/figure><figure class='gallery-item'>\n\t\t\t<div class='gallery-icon landscape'>\n\t\t\t\t<a data-elementor-open-lightbox=\"yes\" data-elementor-lightbox-slideshow=\"fc8a0c6\" data-elementor-lightbox-title=\"CEREGE_excavation_coree_du_sud\" data-e-action-hash=\"#elementor-action%3Aaction%3Dlightbox%26settings%3DeyJpZCI6NDI5MiwidXJsIjoiaHR0cHM6XC9cL3d3dy5jZXJlZ2UuZnJcL3dwLWNvbnRlbnRcL3VwbG9hZHNcLzIwMjJcLzA5XC9DRVJFR0VfZXhjYXZhdGlvbl9jb3JlZV9kdV9zdWQtMS1zY2FsZWQuanBnIiwic2xpZGVzaG93IjoiZmM4YTBjNiJ9\" href='https:\/\/www.cerege.fr\/wp-content\/uploads\/2022\/09\/CEREGE_excavation_coree_du_sud-1-scaled.jpg'><img loading=\"lazy\" decoding=\"async\" width=\"300\" height=\"200\" src=\"https:\/\/www.cerege.fr\/wp-content\/uploads\/2022\/09\/CEREGE_excavation_coree_du_sud-1-300x200.jpg\" class=\"attachment-medium size-medium\" alt=\"\" srcset=\"https:\/\/www.cerege.fr\/wp-content\/uploads\/2022\/09\/CEREGE_excavation_coree_du_sud-1-300x200.jpg 300w, https:\/\/www.cerege.fr\/wp-content\/uploads\/2022\/09\/CEREGE_excavation_coree_du_sud-1-1024x683.jpg 1024w, https:\/\/www.cerege.fr\/wp-content\/uploads\/2022\/09\/CEREGE_excavation_coree_du_sud-1-768x512.jpg 768w, https:\/\/www.cerege.fr\/wp-content\/uploads\/2022\/09\/CEREGE_excavation_coree_du_sud-1-1536x1024.jpg 1536w, https:\/\/www.cerege.fr\/wp-content\/uploads\/2022\/09\/CEREGE_excavation_coree_du_sud-1-scaled.jpg 2048w, https:\/\/www.cerege.fr\/wp-content\/uploads\/2022\/09\/CEREGE_excavation_coree_du_sud-1-18x12.jpg 18w\" sizes=\"(max-width: 300px) 100vw, 300px\" \/><\/a>\n\t\t\t<\/div><\/figure>\n\t\t<\/div>\n\t\t<\/div>\n\t\t\t\t\t\t<\/div>\n\t\t\t\t<\/div>\n\t\t\t\t<div class=\"elementor-element elementor-element-5d9b8fd elementor-widget elementor-widget-text-editor\" data-id=\"5d9b8fd\" data-element_type=\"widget\" data-e-type=\"widget\" data-widget_type=\"text-editor.default\">\n\t\t\t\t<div class=\"elementor-widget-container\">\n\t\t\t\t\t\t\t\t\t<h3 style=\"padding-left: 40px;\"><span style=\"font-weight: normal;\"><span style=\"color: #0f72bb;\">Projets<\/span><\/span><\/h3><ul><li><p>2021-2022 : (Commune de Fr\u00e9jus, Vella)\u00a0 <em>D\u00e9velopper et p\u00e9renniser une collaboration dans les domaines scientifiques, culturels et patrimoniaux<\/em><\/p><\/li><li><p>2021-2021 : <strong>Lunel Viel<\/strong> (Arkaia, Braucher)\u00a0 <em>Datations par nucl\u00e9ides cosmog\u00e9niques (B\u00e9ryllium\/Aluminium) des d\u00e9p\u00f4ts s\u00e9dimentaires karstiques du site arch\u00e9o-pal\u00e9ontologique de Lunel-Viel (H\u00e9rault)<\/em><\/p><\/li><li><p>2021-2021 : <strong>POREC<\/strong> (Arkaia, Morhange)\u00a0 <em>Port, Rive, Environnement, arch\u00e9ologie (Croatie)<\/em><\/p><\/li><li><p>2021-2021\u00a0: <strong>Submerged Attica<\/strong> (Arkaia, Morhange) <em>Cit\u00e9 industrielle submerg\u00e9e d\u2019Anaphlystos (mod. Palaia Phokaia, Attique, Gr\u00e8ce, Mer Eg\u00e9en) : recherches g\u00e9o-arch\u00e9ologiques sous-marines<\/em><\/p><\/li><li><p>2021-2021\u00a0: <strong>Th\u00e9\u00e2tre d&#8217;Orange<\/strong> (Arkaia, Rochette) <em>Localisation des carri\u00e8res utilis\u00e9es pour la construction du th\u00e9\u00e2tre d\u2019Orange<\/em><\/p><\/li><li><p>2022-2026\u00a0: <a href=\"https:\/\/www.cerege.fr\/sciences\/terre-et-planetes\/projets-terre-et-planete\/anr-food-re\/\"><strong>FOOD-RE<\/strong><\/a> (ANR, Andrieu) <em>Ressources alimentaires, climat et grands herbivores : interactions \u00e0 long terme au sein d&#8217;un \u00e9cosyst\u00e8me m\u00e9diterran\u00e9en<\/em><\/p><\/li><li><p>2020-2023\u00a0: <a href=\"http:\/\/www.univ-amu.fr\/fr\/public\/fosphora\" target=\"_blank\" rel=\"noopener\"><strong>FOSPHORA<\/strong><\/a> (Arkaia, Morhange)\u00a0 <em>Fos-Ostie-Portus: Harbours of Roman Antiquity<\/em><\/p><\/li><\/ul>\t\t\t\t\t\t\t\t<\/div>\n\t\t\t\t<\/div>\n\t\t\t\t\t<\/div>\n\t\t<\/div>\n\t\t\t\t\t<\/div>\n\t\t<\/section>\n\t\t\t\t\t<\/div>\n\t\t<\/div>\n\t\t\t\t\t<\/div>\n\t\t<\/section>\n\t\t\t\t<\/div>\n\t\t","protected":false},"excerpt":{"rendered":"<p>Replacer l\u2019\u00e9volution des soci\u00e9t\u00e9s humaines dans leur contexte environnemental \u00a0 Le r\u00e9chauffement climatique et les changements environnementaux qui en d\u00e9coulent affectent les soci\u00e9t\u00e9s actuelles : tensions accrues dans les r\u00e9gions [&hellip;]<\/p>\n","protected":false},"author":497,"featured_media":1873,"parent":827,"menu_order":0,"comment_status":"closed","ping_status":"closed","template":"","meta":{"_acf_changed":false,"footnotes":""},"class_list":["post-22487","page","type-page","status-publish","has-post-thumbnail","hentry"],"acf":[],"publishpress_future_action":{"enabled":false,"date":"2026-05-02 13:28:02","action":"change-status","newStatus":"draft","terms":[],"taxonomy":"","extraData":[]},"publishpress_future_workflow_manual_trigger":{"enabledWorkflows":[]},"_links":{"self":[{"href":"https:\/\/www.cerege.fr\/fr\/wp-json\/wp\/v2\/pages\/22487","targetHints":{"allow":["GET"]}}],"collection":[{"href":"https:\/\/www.cerege.fr\/fr\/wp-json\/wp\/v2\/pages"}],"about":[{"href":"https:\/\/www.cerege.fr\/fr\/wp-json\/wp\/v2\/types\/page"}],"author":[{"embeddable":true,"href":"https:\/\/www.cerege.fr\/fr\/wp-json\/wp\/v2\/users\/497"}],"replies":[{"embeddable":true,"href":"https:\/\/www.cerege.fr\/fr\/wp-json\/wp\/v2\/comments?post=22487"}],"version-history":[{"count":5,"href":"https:\/\/www.cerege.fr\/fr\/wp-json\/wp\/v2\/pages\/22487\/revisions"}],"predecessor-version":[{"id":22707,"href":"https:\/\/www.cerege.fr\/fr\/wp-json\/wp\/v2\/pages\/22487\/revisions\/22707"}],"up":[{"embeddable":true,"href":"https:\/\/www.cerege.fr\/fr\/wp-json\/wp\/v2\/pages\/827"}],"wp:featuredmedia":[{"embeddable":true,"href":"https:\/\/www.cerege.fr\/fr\/wp-json\/wp\/v2\/media\/1873"}],"wp:attachment":[{"href":"https:\/\/www.cerege.fr\/fr\/wp-json\/wp\/v2\/media?parent=22487"}],"curies":[{"name":"wp","href":"https:\/\/api.w.org\/{rel}","templated":true}]}}