{"id":22772,"date":"2024-03-25T15:03:40","date_gmt":"2024-03-25T14:03:40","guid":{"rendered":"https:\/\/www.cerege.fr\/?page_id=22772"},"modified":"2024-03-25T16:31:59","modified_gmt":"2024-03-25T15:31:59","slug":"evolution-des-sols-sous-contraintes","status":"publish","type":"page","link":"https:\/\/www.cerege.fr\/fr\/sciences\/environnement-durable\/evolution-des-sols-sous-contraintes\/","title":{"rendered":"Evolution des Sols sous contraintes"},"content":{"rendered":"\t\t<div data-elementor-type=\"wp-page\" data-elementor-id=\"22772\" class=\"elementor elementor-22772\" data-elementor-post-type=\"page\">\n\t\t\t\t\t\t<section class=\"elementor-section elementor-top-section elementor-element elementor-element-81e378d elementor-section-full_width elementor-section-height-min-height elementor-section-height-default elementor-section-items-middle\" data-id=\"81e378d\" data-element_type=\"section\" data-e-type=\"section\" data-settings=\"{&quot;background_background&quot;:&quot;classic&quot;}\">\n\t\t\t\t\t\t<div class=\"elementor-container elementor-column-gap-default\">\n\t\t\t\t\t<div class=\"elementor-column elementor-col-100 elementor-top-column elementor-element elementor-element-6330361d\" data-id=\"6330361d\" data-element_type=\"column\" data-e-type=\"column\">\n\t\t\t<div class=\"elementor-widget-wrap\">\n\t\t\t\t\t\t\t<\/div>\n\t\t<\/div>\n\t\t\t\t\t<\/div>\n\t\t<\/section>\n\t\t\t\t<section class=\"elementor-section elementor-top-section elementor-element elementor-element-7e130cd5 elementor-section-boxed elementor-section-height-default elementor-section-height-default\" data-id=\"7e130cd5\" data-element_type=\"section\" data-e-type=\"section\">\n\t\t\t\t\t\t<div class=\"elementor-container elementor-column-gap-default\">\n\t\t\t\t\t<div class=\"elementor-column elementor-col-100 elementor-top-column elementor-element elementor-element-1ce41bb0\" data-id=\"1ce41bb0\" data-element_type=\"column\" data-e-type=\"column\">\n\t\t\t<div class=\"elementor-widget-wrap elementor-element-populated\">\n\t\t\t\t\t\t<div class=\"elementor-element elementor-element-75b09a86 elementor-widget elementor-widget-shortcode\" data-id=\"75b09a86\" data-element_type=\"widget\" data-e-type=\"widget\" data-widget_type=\"shortcode.default\">\n\t\t\t\t<div class=\"elementor-widget-container\">\n\t\t\t\t\t\t\t<div class=\"elementor-shortcode\"><nav aria-label=\"breadcrumbs\">\n            <div class=\"breadcrumb-container theme1\">\n                <ol>\n                                    <\/ol>\n            <\/div>\n        <\/nav>    <script type=\"application\/ld+json\">\n        {\n            \"@context\": \"http:\/\/schema.org\",\n            \"@type\": \"BreadcrumbList\",\n            \"itemListElement\": [\n                            ]\n        }\n    <\/script>\n   \n    <script>\n            <\/script>\n<\/div>\n\t\t\t\t\t\t<\/div>\n\t\t\t\t<\/div>\n\t\t\t\t<section class=\"elementor-section elementor-inner-section elementor-element elementor-element-a307583 elementor-section-boxed elementor-section-height-default elementor-section-height-default\" data-id=\"a307583\" data-element_type=\"section\" data-e-type=\"section\">\n\t\t\t\t\t\t<div class=\"elementor-container elementor-column-gap-default\">\n\t\t\t\t\t<div class=\"elementor-column elementor-col-50 elementor-inner-column elementor-element elementor-element-c6ae150\" data-id=\"c6ae150\" data-element_type=\"column\" data-e-type=\"column\">\n\t\t\t<div class=\"elementor-widget-wrap elementor-element-populated\">\n\t\t\t\t\t\t<div class=\"elementor-element elementor-element-1033b3c elementor-widget elementor-widget-text-editor\" data-id=\"1033b3c\" data-element_type=\"widget\" data-e-type=\"widget\" data-widget_type=\"text-editor.default\">\n\t\t\t\t<div class=\"elementor-widget-container\">\n\t\t\t\t\t\t\t\t\t<p>Les recherches de l\u2019\u00e9quipe ED sur la question de l\u2019\u00e9volution des sols sous contraintes abordent diff\u00e9rentes probl\u00e9matiques.<\/p><h2><span style=\"font-weight: normal;\">La &#8220;sant\u00e9&#8221; des sols\u00a0<\/span><\/h2><p style=\"font-weight: 400;\">Dans le but d\u2019\u00e9valuer les menaces sur la ressource sol en lien avec ses usages, et en regard de ses fonctions \u00e9cosyst\u00e9miques. Notre recherche se d\u00e9cline \u00e0 la fois en de l\u2019observation de terrain, de l\u2019\u00e9tude\/construction de bases de donn\u00e9es et d\u2019indicateurs ou indices multicrit\u00e8res et de la mod\u00e9lisation des processus, afin d\u2019aborder ces questions \u00e0 diff\u00e9rentes \u00e9chelles g\u00e9ographiques et de temps.<\/p><h2><span style=\"font-weight: normal;\">La dynamique de la mati\u00e8re organique dans les sols\u00a0<\/span><\/h2><p>Afin de mieux comprendre le lien entre les propri\u00e9t\u00e9s du sol, ou son usage et sa capacit\u00e9 de stockage du carbone, Nos approches relient l\u2019holistique de terrain au m\u00e9canistique en laboratoire, et visent \u00e0 mettre en lumi\u00e8re les interactions en jeu \u00e0 l\u2019interface sol-plantes-microorganismes, \u00e0 travers un transfert d\u2019\u00e9chelle du nm au territoire.\u00a0<\/p><h2><span style=\"font-weight: normal;\">La biodisponibilit\u00e9 du Si dans les sols<\/span><\/h2><p>El\u00e9ment b\u00e9n\u00e9fique pour les plantes, car minimiseur de stress, pour lequel l\u2019\u00e9tude de la dynamique dans le sol implique l\u2019identification de pool de stockage et l\u2019\u00e9tude de la sp\u00e9ciation en lien avec les amendements et les usages.\u00a0<\/p>\t\t\t\t\t\t\t\t<\/div>\n\t\t\t\t<\/div>\n\t\t\t\t\t<\/div>\n\t\t<\/div>\n\t\t\t\t<div class=\"elementor-column elementor-col-50 elementor-inner-column elementor-element elementor-element-ef3e798\" data-id=\"ef3e798\" data-element_type=\"column\" data-e-type=\"column\">\n\t\t\t<div class=\"elementor-widget-wrap elementor-element-populated\">\n\t\t\t\t\t\t<div class=\"elementor-element elementor-element-c8b4622 gallery-spacing-custom elementor-widget elementor-widget-image-gallery\" data-id=\"c8b4622\" data-element_type=\"widget\" data-e-type=\"widget\" data-widget_type=\"image-gallery.default\">\n\t\t\t\t<div class=\"elementor-widget-container\">\n\t\t\t\t\t\t\t<div class=\"elementor-image-gallery\">\n\t\t\t<div id='gallery-1' class='gallery galleryid-22772 gallery-columns-2 gallery-size-large'><figure class='gallery-item'>\n\t\t\t<div class='gallery-icon landscape'>\n\t\t\t\t<a data-elementor-open-lightbox=\"yes\" data-elementor-lightbox-slideshow=\"c8b4622\" data-elementor-lightbox-title=\"projet RhizoCarbone_2\" data-e-action-hash=\"#elementor-action%3Aaction%3Dlightbox%26settings%3DeyJpZCI6MTM0MzYsInVybCI6Imh0dHBzOlwvXC93d3cuY2VyZWdlLmZyXC93cC1jb250ZW50XC91cGxvYWRzXC8yMDIzXC8wMVwvcHJvamV0LVJoaXpvQ2FyYm9uZV8yLmpwZyIsInNsaWRlc2hvdyI6ImM4YjQ2MjIifQ%3D%3D\" href='https:\/\/www.cerege.fr\/wp-content\/uploads\/2023\/01\/projet-RhizoCarbone_2.jpg'><img fetchpriority=\"high\" decoding=\"async\" width=\"800\" height=\"634\" src=\"https:\/\/www.cerege.fr\/wp-content\/uploads\/2023\/01\/projet-RhizoCarbone_2.jpg\" class=\"attachment-large size-large\" alt=\"\" srcset=\"https:\/\/www.cerege.fr\/wp-content\/uploads\/2023\/01\/projet-RhizoCarbone_2.jpg 954w, https:\/\/www.cerege.fr\/wp-content\/uploads\/2023\/01\/projet-RhizoCarbone_2-300x238.jpg 300w, https:\/\/www.cerege.fr\/wp-content\/uploads\/2023\/01\/projet-RhizoCarbone_2-768x609.jpg 768w, https:\/\/www.cerege.fr\/wp-content\/uploads\/2023\/01\/projet-RhizoCarbone_2-15x12.jpg 15w\" sizes=\"(max-width: 800px) 100vw, 800px\" \/><\/a>\n\t\t\t<\/div><\/figure><figure class='gallery-item'>\n\t\t\t<div class='gallery-icon landscape'>\n\t\t\t\t<a data-elementor-open-lightbox=\"yes\" data-elementor-lightbox-slideshow=\"c8b4622\" data-elementor-lightbox-title=\"Preparation sols\" data-e-action-hash=\"#elementor-action%3Aaction%3Dlightbox%26settings%3DeyJpZCI6ODkxOSwidXJsIjoiaHR0cHM6XC9cL3d3dy5jZXJlZ2UuZnJcL3dwLWNvbnRlbnRcL3VwbG9hZHNcLzIwMjJcLzExXC9wcmVwYXJhdGlvbi1zb2xzLmpwZyIsInNsaWRlc2hvdyI6ImM4YjQ2MjIifQ%3D%3D\" href='https:\/\/www.cerege.fr\/wp-content\/uploads\/2022\/11\/preparation-sols.jpg'><img decoding=\"async\" width=\"800\" height=\"555\" src=\"https:\/\/www.cerege.fr\/wp-content\/uploads\/2022\/11\/preparation-sols-1024x710.jpg\" class=\"attachment-large size-large\" alt=\"\" srcset=\"https:\/\/www.cerege.fr\/wp-content\/uploads\/2022\/11\/preparation-sols-1024x710.jpg 1024w, https:\/\/www.cerege.fr\/wp-content\/uploads\/2022\/11\/preparation-sols-300x208.jpg 300w, https:\/\/www.cerege.fr\/wp-content\/uploads\/2022\/11\/preparation-sols-768x532.jpg 768w, https:\/\/www.cerege.fr\/wp-content\/uploads\/2022\/11\/preparation-sols-18x12.jpg 18w, https:\/\/www.cerege.fr\/wp-content\/uploads\/2022\/11\/preparation-sols.jpg 1300w\" sizes=\"(max-width: 800px) 100vw, 800px\" \/><\/a>\n\t\t\t<\/div><\/figure><figure class='gallery-item'>\n\t\t\t<div class='gallery-icon landscape'>\n\t\t\t\t<a data-elementor-open-lightbox=\"yes\" data-elementor-lightbox-slideshow=\"c8b4622\" data-elementor-lightbox-title=\"Minolta DSC\" data-e-action-hash=\"#elementor-action%3Aaction%3Dlightbox%26settings%3DeyJpZCI6MzkzNiwidXJsIjoiaHR0cHM6XC9cL3d3dy5jZXJlZ2UuZnJcL3dwLWNvbnRlbnRcL3VwbG9hZHNcLzIwMjJcLzA5XC9wcm9maWwtZGUtc29sLWV0LVJhY2luZXMuanBnIiwic2xpZGVzaG93IjoiYzhiNDYyMiJ9\" href='https:\/\/www.cerege.fr\/wp-content\/uploads\/2022\/09\/profil-de-sol-et-Racines.jpg'><img decoding=\"async\" width=\"450\" height=\"250\" src=\"https:\/\/www.cerege.fr\/wp-content\/uploads\/2022\/09\/profil-de-sol-et-Racines.jpg\" class=\"attachment-large size-large\" alt=\"\" srcset=\"https:\/\/www.cerege.fr\/wp-content\/uploads\/2022\/09\/profil-de-sol-et-Racines.jpg 450w, https:\/\/www.cerege.fr\/wp-content\/uploads\/2022\/09\/profil-de-sol-et-Racines-300x167.jpg 300w, https:\/\/www.cerege.fr\/wp-content\/uploads\/2022\/09\/profil-de-sol-et-Racines-18x10.jpg 18w\" sizes=\"(max-width: 450px) 100vw, 450px\" \/><\/a>\n\t\t\t<\/div><\/figure><figure class='gallery-item'>\n\t\t\t<div class='gallery-icon landscape'>\n\t\t\t\t<a data-elementor-open-lightbox=\"yes\" data-elementor-lightbox-slideshow=\"c8b4622\" data-elementor-lightbox-title=\"Pr\u00e9l\u00e8vements sur le site de Jas Roux\" data-e-action-hash=\"#elementor-action%3Aaction%3Dlightbox%26settings%3DeyJpZCI6MzkzNSwidXJsIjoiaHR0cHM6XC9cL3d3dy5jZXJlZ2UuZnJcL3dwLWNvbnRlbnRcL3VwbG9hZHNcLzIwMjJcLzA5XC9NaXNzaW9uX3RlcnJhaW5fU2l0ZS1KYXMtUm91eC5qcGciLCJzbGlkZXNob3ciOiJjOGI0NjIyIn0%3D\" href='https:\/\/www.cerege.fr\/wp-content\/uploads\/2022\/09\/Mission_terrain_Site-Jas-Roux.jpg'><img loading=\"lazy\" decoding=\"async\" width=\"450\" height=\"250\" src=\"https:\/\/www.cerege.fr\/wp-content\/uploads\/2022\/09\/Mission_terrain_Site-Jas-Roux.jpg\" class=\"attachment-large size-large\" alt=\"\" srcset=\"https:\/\/www.cerege.fr\/wp-content\/uploads\/2022\/09\/Mission_terrain_Site-Jas-Roux.jpg 450w, https:\/\/www.cerege.fr\/wp-content\/uploads\/2022\/09\/Mission_terrain_Site-Jas-Roux-300x167.jpg 300w, https:\/\/www.cerege.fr\/wp-content\/uploads\/2022\/09\/Mission_terrain_Site-Jas-Roux-18x10.jpg 18w\" sizes=\"(max-width: 450px) 100vw, 450px\" \/><\/a>\n\t\t\t<\/div><\/figure><figure class='gallery-item'>\n\t\t\t<div class='gallery-icon landscape'>\n\t\t\t\t<a data-elementor-open-lightbox=\"yes\" data-elementor-lightbox-slideshow=\"c8b4622\" data-elementor-lightbox-title=\"th\u00e8se_tom_girard\" data-e-action-hash=\"#elementor-action%3Aaction%3Dlightbox%26settings%3DeyJpZCI6MzIyMywidXJsIjoiaHR0cHM6XC9cL3d3dy5jZXJlZ2UuZnJcL3dwLWNvbnRlbnRcL3VwbG9hZHNcLzIwMjJcLzA5XC90aGVzZV90b21fZ2lyYXJkLnBuZyIsInNsaWRlc2hvdyI6ImM4YjQ2MjIifQ%3D%3D\" href='https:\/\/www.cerege.fr\/wp-content\/uploads\/2022\/09\/these_tom_girard.png'><img loading=\"lazy\" decoding=\"async\" width=\"400\" height=\"250\" src=\"https:\/\/www.cerege.fr\/wp-content\/uploads\/2022\/09\/these_tom_girard.png\" class=\"attachment-large size-large\" alt=\"\" aria-describedby=\"gallery-1-3223\" srcset=\"https:\/\/www.cerege.fr\/wp-content\/uploads\/2022\/09\/these_tom_girard.png 400w, https:\/\/www.cerege.fr\/wp-content\/uploads\/2022\/09\/these_tom_girard-300x188.png 300w, https:\/\/www.cerege.fr\/wp-content\/uploads\/2022\/09\/these_tom_girard-18x12.png 18w\" sizes=\"(max-width: 400px) 100vw, 400px\" \/><\/a>\n\t\t\t<\/div>\n\t\t\t\t<figcaption class='wp-caption-text gallery-caption' id='gallery-1-3223'>\n\t\t\t\tTom GIRARD, 2024. Stimuler le continuum plantes-microorganismes-min\u00e9raux pour stocker du carbone dans les sols : focus sur l\u2019alt\u00e9ration biotique des min\u00e9raux.\n\t\t\t\t<\/figcaption><\/figure><figure class='gallery-item'>\n\t\t\t<div class='gallery-icon landscape'>\n\t\t\t\t<a data-elementor-open-lightbox=\"yes\" data-elementor-lightbox-slideshow=\"c8b4622\" data-elementor-lightbox-title=\"these_sarah_wagon\" data-e-action-hash=\"#elementor-action%3Aaction%3Dlightbox%26settings%3DeyJpZCI6MzIyMiwidXJsIjoiaHR0cHM6XC9cL3d3dy5jZXJlZ2UuZnJcL3dwLWNvbnRlbnRcL3VwbG9hZHNcLzIwMjJcLzA5XC90aGVzZV9zYXJhaF93YWdvbi5wbmciLCJzbGlkZXNob3ciOiJjOGI0NjIyIn0%3D\" href='https:\/\/www.cerege.fr\/wp-content\/uploads\/2022\/09\/these_sarah_wagon.png'><img loading=\"lazy\" decoding=\"async\" width=\"400\" height=\"250\" src=\"https:\/\/www.cerege.fr\/wp-content\/uploads\/2022\/09\/these_sarah_wagon.png\" class=\"attachment-large size-large\" alt=\"\" aria-describedby=\"gallery-1-3222\" srcset=\"https:\/\/www.cerege.fr\/wp-content\/uploads\/2022\/09\/these_sarah_wagon.png 400w, https:\/\/www.cerege.fr\/wp-content\/uploads\/2022\/09\/these_sarah_wagon-300x188.png 300w, https:\/\/www.cerege.fr\/wp-content\/uploads\/2022\/09\/these_sarah_wagon-18x12.png 18w\" sizes=\"(max-width: 400px) 100vw, 400px\" \/><\/a>\n\t\t\t<\/div>\n\t\t\t\t<figcaption class='wp-caption-text gallery-caption' id='gallery-1-3222'>\n\t\t\t\tSarah WAGON, 2025. Stimuler le continuum plantes-microorganismes-mineraux pour stocker du carbone dans les sols: focus sur la stabilisation des rhyzod\u00e9pots. \n\t\t\t\t<\/figcaption><\/figure>\n\t\t<\/div>\n\t\t<\/div>\n\t\t\t\t\t\t<\/div>\n\t\t\t\t<\/div>\n\t\t\t\t<div class=\"elementor-element elementor-element-b38c346 elementor-widget elementor-widget-text-editor\" data-id=\"b38c346\" data-element_type=\"widget\" data-e-type=\"widget\" data-widget_type=\"text-editor.default\">\n\t\t\t\t<div class=\"elementor-widget-container\">\n\t\t\t\t\t\t\t\t\t<h3 style=\"padding-left: 40px;\"><span style=\"font-weight: normal;\"><span style=\"color: #0f72bb;\">Projets en cours<\/span><\/span><\/h3><ul><li>2023-2027: <strong>Projet\u00a0ANR TASAB<\/strong>. <em>What can a Territory do in the face of the Global Anthropocene Crisis?<\/em><\/li><li>2023-2027: <strong>Projet\u00a0RIA BENCHMARK<br \/><\/strong><em>Building a European Network for the Characterisation and Harmonisation of Monitoring Approaches for Research and Knowledge on Soils.<\/em><\/li><li>2022-2024: <strong>Projet\u00a0JEAI SANA<\/strong>. <br \/><em>Le Semi-Aride du Nordeste br\u00e9silien \u00e0 l\u2019Anthropoc\u00e8ne.<\/em><em>.<\/em><\/li><li>2021-2024 : <strong>Projet\u00a0EJP-SOIL SERENA<\/strong>. <br \/><em>Soil Ecosystem seRvices and soil threats modElling aNd mApping<\/em> <a href=\"https:\/\/ejpsoil.eu\/soil-research\/serena\" target=\"_blank\" rel=\"noopener\">ejpsoil.eu\/soil-research\/serena<\/a><\/li><li>2021-2022: Projet\u00a0<strong>INSU EC2O SiWorm.\u00a0<\/strong><em>R\u00f4le des vers de terres dans le cycle terrestre du silicium.<\/em><\/li><li>2021-2022 : <strong>Programme Hubert Curien Tournesol.\u00a0<\/strong><em>Deciphering the factors controlling the plant availability of silicon in soil through a diachronic study of soil processes.<\/em><\/li><li>2020-2025: <strong>Projet\u00a0EJP SOIL<\/strong><br \/><em>European Joint Programme Cofund on Agricultural Soil Management<\/em> <a href=\"https:\/\/ejpsoil.eu\" target=\"_blank\" rel=\"noopener\">ejpsoil.eu<\/a><\/li><li>2022-2025 : <strong>Projet M\u00e9tropole Aix-Marseille-Provence (MAMP)<\/strong>. <em>Carbone organique et occupation du sol sur le territoire de la MAMP.<\/em><\/li><li>2021-2024 : <strong>EVALVIE, projet ADEME -porteur IECP.<br \/><\/strong><em>\u00c9valuation de la vuln\u00e9rabilit\u00e9 environnementale et sanitaire d\u2019un territoire en lien avec l\u2019activit\u00e9 anthropique et la diversit\u00e9 des milieux.<\/em><\/li><li>2021-2023 : <strong>Projet\u00a0Institut\u00a0ITEM POLEMIL. <\/strong>Ecole de terrain<em>. <\/em><em>Pollution des milieux<\/em>.<em>\u00a0<\/em><\/li><li>2020-2023 : <strong>Projet Institut ITEM <a href=\"https:\/\/www.cerege.fr\/fr\/sciences\/environnement-durable\/projets-environnement-durable\/rhyzocarbone\/\">RhizoCarbone+<\/a><em>.<\/em><\/strong>\u00a0<em><em><em>Stimuler le continuum plantes-microorganismes-min\u00e9raux pour stocker du carbone dans les sols.\u00a0<\/em><\/em><\/em><\/li><\/ul>\t\t\t\t\t\t\t\t<\/div>\n\t\t\t\t<\/div>\n\t\t\t\t\t<\/div>\n\t\t<\/div>\n\t\t\t\t\t<\/div>\n\t\t<\/section>\n\t\t\t\t\t<\/div>\n\t\t<\/div>\n\t\t\t\t\t<\/div>\n\t\t<\/section>\n\t\t\t\t<\/div>\n\t\t","protected":false},"excerpt":{"rendered":"<p>Les recherches de l\u2019\u00e9quipe ED sur la question de l\u2019\u00e9volution des sols sous contraintes abordent diff\u00e9rentes probl\u00e9matiques. La &#8220;sant\u00e9&#8221; des sols\u00a0 Dans le but d\u2019\u00e9valuer les menaces sur la ressource [&hellip;]<\/p>\n","protected":false},"author":531,"featured_media":13436,"parent":829,"menu_order":0,"comment_status":"closed","ping_status":"closed","template":"","meta":{"_acf_changed":false,"footnotes":""},"class_list":["post-22772","page","type-page","status-publish","has-post-thumbnail","hentry"],"acf":[],"publishpress_future_action":{"enabled":false,"date":"2026-04-17 11:10:46","action":"change-status","newStatus":"draft","terms":[],"taxonomy":"","extraData":[]},"publishpress_future_workflow_manual_trigger":{"enabledWorkflows":[]},"_links":{"self":[{"href":"https:\/\/www.cerege.fr\/fr\/wp-json\/wp\/v2\/pages\/22772","targetHints":{"allow":["GET"]}}],"collection":[{"href":"https:\/\/www.cerege.fr\/fr\/wp-json\/wp\/v2\/pages"}],"about":[{"href":"https:\/\/www.cerege.fr\/fr\/wp-json\/wp\/v2\/types\/page"}],"author":[{"embeddable":true,"href":"https:\/\/www.cerege.fr\/fr\/wp-json\/wp\/v2\/users\/531"}],"replies":[{"embeddable":true,"href":"https:\/\/www.cerege.fr\/fr\/wp-json\/wp\/v2\/comments?post=22772"}],"version-history":[{"count":5,"href":"https:\/\/www.cerege.fr\/fr\/wp-json\/wp\/v2\/pages\/22772\/revisions"}],"predecessor-version":[{"id":22864,"href":"https:\/\/www.cerege.fr\/fr\/wp-json\/wp\/v2\/pages\/22772\/revisions\/22864"}],"up":[{"embeddable":true,"href":"https:\/\/www.cerege.fr\/fr\/wp-json\/wp\/v2\/pages\/829"}],"wp:featuredmedia":[{"embeddable":true,"href":"https:\/\/www.cerege.fr\/fr\/wp-json\/wp\/v2\/media\/13436"}],"wp:attachment":[{"href":"https:\/\/www.cerege.fr\/fr\/wp-json\/wp\/v2\/media?parent=22772"}],"curies":[{"name":"wp","href":"https:\/\/api.w.org\/{rel}","templated":true}]}}