{"id":22793,"date":"2024-03-25T15:43:31","date_gmt":"2024-03-25T14:43:31","guid":{"rendered":"https:\/\/www.cerege.fr\/?page_id=22793"},"modified":"2024-08-21T13:42:51","modified_gmt":"2024-08-21T11:42:51","slug":"materiaux-avances-et-nanotechnologies","status":"publish","type":"page","link":"https:\/\/www.cerege.fr\/fr\/sciences\/environnement-durable\/materiaux-avances-et-nanotechnologies\/","title":{"rendered":"Mat\u00e9riaux avanc\u00e9s et nanotechnologies pour la transition environnementale"},"content":{"rendered":"\t\t<div data-elementor-type=\"wp-page\" data-elementor-id=\"22793\" class=\"elementor elementor-22793\" data-elementor-post-type=\"page\">\n\t\t\t\t\t\t<section class=\"elementor-section elementor-top-section elementor-element elementor-element-81e378d elementor-section-full_width elementor-section-height-min-height elementor-section-height-default elementor-section-items-middle\" data-id=\"81e378d\" data-element_type=\"section\" data-e-type=\"section\" data-settings=\"{&quot;background_background&quot;:&quot;classic&quot;}\">\n\t\t\t\t\t\t<div class=\"elementor-container elementor-column-gap-default\">\n\t\t\t\t\t<div class=\"elementor-column elementor-col-100 elementor-top-column elementor-element elementor-element-6330361d\" data-id=\"6330361d\" data-element_type=\"column\" data-e-type=\"column\">\n\t\t\t<div class=\"elementor-widget-wrap\">\n\t\t\t\t\t\t\t<\/div>\n\t\t<\/div>\n\t\t\t\t\t<\/div>\n\t\t<\/section>\n\t\t\t\t<section class=\"elementor-section elementor-top-section elementor-element elementor-element-7e130cd5 elementor-section-boxed elementor-section-height-default elementor-section-height-default\" data-id=\"7e130cd5\" data-element_type=\"section\" data-e-type=\"section\">\n\t\t\t\t\t\t<div class=\"elementor-container elementor-column-gap-default\">\n\t\t\t\t\t<div class=\"elementor-column elementor-col-100 elementor-top-column elementor-element elementor-element-1ce41bb0\" data-id=\"1ce41bb0\" data-element_type=\"column\" data-e-type=\"column\">\n\t\t\t<div class=\"elementor-widget-wrap elementor-element-populated\">\n\t\t\t\t\t\t<div class=\"elementor-element elementor-element-75b09a86 elementor-widget elementor-widget-shortcode\" data-id=\"75b09a86\" data-element_type=\"widget\" data-e-type=\"widget\" data-widget_type=\"shortcode.default\">\n\t\t\t\t<div class=\"elementor-widget-container\">\n\t\t\t\t\t\t\t<div class=\"elementor-shortcode\"><nav aria-label=\"breadcrumbs\">\n            <div class=\"breadcrumb-container theme1\">\n                <ol>\n                                    <\/ol>\n            <\/div>\n        <\/nav>    <script type=\"application\/ld+json\">\n        {\n            \"@context\": \"http:\/\/schema.org\",\n            \"@type\": \"BreadcrumbList\",\n            \"itemListElement\": [\n                            ]\n        }\n    <\/script>\n   \n    <script>\n            <\/script>\n<\/div>\n\t\t\t\t\t\t<\/div>\n\t\t\t\t<\/div>\n\t\t\t\t<section class=\"elementor-section elementor-inner-section elementor-element elementor-element-a307583 elementor-section-boxed elementor-section-height-default elementor-section-height-default\" data-id=\"a307583\" data-element_type=\"section\" data-e-type=\"section\">\n\t\t\t\t\t\t<div class=\"elementor-container elementor-column-gap-default\">\n\t\t\t\t\t<div class=\"elementor-column elementor-col-50 elementor-inner-column elementor-element elementor-element-c6ae150\" data-id=\"c6ae150\" data-element_type=\"column\" data-e-type=\"column\">\n\t\t\t<div class=\"elementor-widget-wrap elementor-element-populated\">\n\t\t\t\t\t\t<div class=\"elementor-element elementor-element-1033b3c elementor-widget elementor-widget-text-editor\" data-id=\"1033b3c\" data-element_type=\"widget\" data-e-type=\"widget\" data-widget_type=\"text-editor.default\">\n\t\t\t\t<div class=\"elementor-widget-container\">\n\t\t\t\t\t\t\t\t\t<p>Nos connaissances sur les propri\u00e9t\u00e9s structurales et interfaciales des (nano)mat\u00e9riaux et leur dynamique et impacts dans les \u00e9cosyst\u00e8mes, ainsi qu\u2019en synth\u00e8se et caract\u00e9risation des mat\u00e9riaux,\u00a0et dans le d\u00e9veloppement de bases de donn\u00e9es d\u00e9di\u00e9es \u00e0 la nanose\u0301curite\u0301 environnementale, ouvrent de nombreuses perspectives de d\u00e9veloppement de mat\u00e9riaux avanc\u00e9s bio\/g\u00e9o-inspir\u00e9s dans un contexte de transition environnementale et \u00e9nerg\u00e9tique.\u00a0<\/p><p>Que nous d\u00e9veloppions des mat\u00e9riaux inclus dans des <strong>produits de consommation<\/strong> ou ceux faisant partie de <strong>proc\u00e9d\u00e9s<\/strong>, nous caract\u00e9risons leur efficacit\u00e9, durabilit\u00e9, recyclabilit\u00e9, et innocuit\u00e9 <em>via<\/em> une approche \u2018<strong>Sustainable And Safer by Design<\/strong>\u2019. Nous focalisons nos efforts sur des nano-mat\u00e9riaux pour lesquelles les variations d\u2019\u00e9nergie de surface ou encore les confinements quantiques peuvent modifier leur stabilit\u00e9 chimique et les propri\u00e9t\u00e9s optique, \u00e9lectrique, ou encore catalytique (e.g. des nanofertilisants foliaires pour une meilleure absorption par les plantes, des peintures \u00e0 base de nano-oxydes g\u00e9oinspir\u00e9es pour une meilleure r\u00e9flectivit\u00e9 IR et efficacit\u00e9 \u00e9nerg\u00e9tique, des nano-adsorbants pour l\u2019extraction de polluants et m\u00e9taux critiques). Ces travaux s\u2019inscrivent dans le cadre de collaborations nationales (e.g. BIAM, ICSM, LITEN), internationales (e.g. LEITAT, IRP iNOVE avec Duke univ. US, Macmaster Canada) en lien avec des acteurs industriels (e.g ALLIOS, TOTALENERGIES), via des financement ANSES, ANR et H2020 acquis ou cibl\u00e9s (Horizon Europe, PEPR DIADEME et Ville Durable).<\/p>\t\t\t\t\t\t\t\t<\/div>\n\t\t\t\t<\/div>\n\t\t\t\t\t<\/div>\n\t\t<\/div>\n\t\t\t\t<div class=\"elementor-column elementor-col-50 elementor-inner-column elementor-element elementor-element-ef3e798\" data-id=\"ef3e798\" data-element_type=\"column\" data-e-type=\"column\">\n\t\t\t<div class=\"elementor-widget-wrap elementor-element-populated\">\n\t\t\t\t\t\t<div class=\"elementor-element elementor-element-c8b4622 gallery-spacing-custom elementor-widget elementor-widget-image-gallery\" data-id=\"c8b4622\" data-element_type=\"widget\" data-e-type=\"widget\" data-widget_type=\"image-gallery.default\">\n\t\t\t\t<div class=\"elementor-widget-container\">\n\t\t\t\t\t\t\t<div class=\"elementor-image-gallery\">\n\t\t\t<div id='gallery-1' class='gallery galleryid-22793 gallery-columns-2 gallery-size-large'><figure class='gallery-item'>\n\t\t\t<div class='gallery-icon landscape'>\n\t\t\t\t<a data-elementor-open-lightbox=\"yes\" data-elementor-lightbox-slideshow=\"c8b4622\" data-elementor-lightbox-title=\"reactivite_nanomateriaux\" data-e-action-hash=\"#elementor-action%3Aaction%3Dlightbox%26settings%3DeyJpZCI6NDAyMCwidXJsIjoiaHR0cHM6XC9cL3d3dy5jZXJlZ2UuZnJcL3dwLWNvbnRlbnRcL3VwbG9hZHNcLzIwMjJcLzA5XC9yZWFjdGl2aXRlX25hbm9tYXRlcmlhdXgtLmpwZyIsInNsaWRlc2hvdyI6ImM4YjQ2MjIifQ%3D%3D\" href='https:\/\/www.cerege.fr\/wp-content\/uploads\/2022\/09\/reactivite_nanomateriaux-.jpg'><img fetchpriority=\"high\" decoding=\"async\" width=\"800\" height=\"554\" src=\"https:\/\/www.cerege.fr\/wp-content\/uploads\/2022\/09\/reactivite_nanomateriaux--1024x709.jpg\" class=\"attachment-large size-large\" alt=\"\" srcset=\"https:\/\/www.cerege.fr\/wp-content\/uploads\/2022\/09\/reactivite_nanomateriaux--1024x709.jpg 1024w, https:\/\/www.cerege.fr\/wp-content\/uploads\/2022\/09\/reactivite_nanomateriaux--300x208.jpg 300w, https:\/\/www.cerege.fr\/wp-content\/uploads\/2022\/09\/reactivite_nanomateriaux--768x532.jpg 768w, https:\/\/www.cerege.fr\/wp-content\/uploads\/2022\/09\/reactivite_nanomateriaux--18x12.jpg 18w, https:\/\/www.cerege.fr\/wp-content\/uploads\/2022\/09\/reactivite_nanomateriaux-.jpg 1300w\" sizes=\"(max-width: 800px) 100vw, 800px\" \/><\/a>\n\t\t\t<\/div><\/figure><figure class='gallery-item'>\n\t\t\t<div class='gallery-icon landscape'>\n\t\t\t\t<a data-elementor-open-lightbox=\"yes\" data-elementor-lightbox-slideshow=\"c8b4622\" data-elementor-lightbox-title=\"Proprietes_magnetiques_ nanoparticules\" data-e-action-hash=\"#elementor-action%3Aaction%3Dlightbox%26settings%3DeyJpZCI6NDAxOSwidXJsIjoiaHR0cHM6XC9cL3d3dy5jZXJlZ2UuZnJcL3dwLWNvbnRlbnRcL3VwbG9hZHNcLzIwMjJcLzA5XC9Qcm9wcmlldGVzX21hZ25ldGlxdWVzXy1uYW5vcGFydGljdWxlcy5qcGciLCJzbGlkZXNob3ciOiJjOGI0NjIyIn0%3D\" href='https:\/\/www.cerege.fr\/wp-content\/uploads\/2022\/09\/Proprietes_magnetiques_-nanoparticules.jpg'><img decoding=\"async\" width=\"800\" height=\"554\" src=\"https:\/\/www.cerege.fr\/wp-content\/uploads\/2022\/09\/Proprietes_magnetiques_-nanoparticules-1024x709.jpg\" class=\"attachment-large size-large\" alt=\"\" srcset=\"https:\/\/www.cerege.fr\/wp-content\/uploads\/2022\/09\/Proprietes_magnetiques_-nanoparticules-1024x709.jpg 1024w, https:\/\/www.cerege.fr\/wp-content\/uploads\/2022\/09\/Proprietes_magnetiques_-nanoparticules-300x208.jpg 300w, https:\/\/www.cerege.fr\/wp-content\/uploads\/2022\/09\/Proprietes_magnetiques_-nanoparticules-768x532.jpg 768w, https:\/\/www.cerege.fr\/wp-content\/uploads\/2022\/09\/Proprietes_magnetiques_-nanoparticules-18x12.jpg 18w, https:\/\/www.cerege.fr\/wp-content\/uploads\/2022\/09\/Proprietes_magnetiques_-nanoparticules.jpg 1300w\" sizes=\"(max-width: 800px) 100vw, 800px\" \/><\/a>\n\t\t\t<\/div><\/figure><figure class='gallery-item'>\n\t\t\t<div class='gallery-icon landscape'>\n\t\t\t\t<a data-elementor-open-lightbox=\"yes\" data-elementor-lightbox-slideshow=\"c8b4622\" data-elementor-lightbox-title=\"Eco-technologies-3\" data-e-action-hash=\"#elementor-action%3Aaction%3Dlightbox%26settings%3DeyJpZCI6MTM0MDIsInVybCI6Imh0dHBzOlwvXC93d3cuY2VyZWdlLmZyXC93cC1jb250ZW50XC91cGxvYWRzXC8yMDIzXC8wMVwvRWNvLXRlY2hub2xvZ2llcy0zLXNjYWxlZC1lMTY3MzAxNjk1NTM3Mi5qcGciLCJzbGlkZXNob3ciOiJjOGI0NjIyIn0%3D\" href='https:\/\/www.cerege.fr\/wp-content\/uploads\/2023\/01\/Eco-technologies-3-scaled-e1673016955372.jpg'><img decoding=\"async\" width=\"800\" height=\"557\" src=\"https:\/\/www.cerege.fr\/wp-content\/uploads\/2023\/01\/Eco-technologies-3-scaled-e1673016955372-1024x713.jpg\" class=\"attachment-large size-large\" alt=\"\" srcset=\"https:\/\/www.cerege.fr\/wp-content\/uploads\/2023\/01\/Eco-technologies-3-scaled-e1673016955372-1024x713.jpg 1024w, https:\/\/www.cerege.fr\/wp-content\/uploads\/2023\/01\/Eco-technologies-3-scaled-e1673016955372-300x209.jpg 300w, https:\/\/www.cerege.fr\/wp-content\/uploads\/2023\/01\/Eco-technologies-3-scaled-e1673016955372-768x535.jpg 768w, https:\/\/www.cerege.fr\/wp-content\/uploads\/2023\/01\/Eco-technologies-3-scaled-e1673016955372-18x12.jpg 18w, https:\/\/www.cerege.fr\/wp-content\/uploads\/2023\/01\/Eco-technologies-3-scaled-e1673016955372.jpg 1299w\" sizes=\"(max-width: 800px) 100vw, 800px\" \/><\/a>\n\t\t\t<\/div><\/figure><figure class='gallery-item'>\n\t\t\t<div class='gallery-icon landscape'>\n\t\t\t\t<a data-elementor-open-lightbox=\"yes\" data-elementor-lightbox-slideshow=\"c8b4622\" data-elementor-lightbox-title=\"these_delphine_thallinger\" data-e-action-hash=\"#elementor-action%3Aaction%3Dlightbox%26settings%3DeyJpZCI6MzYwNiwidXJsIjoiaHR0cHM6XC9cL3d3dy5jZXJlZ2UuZnJcL3dwLWNvbnRlbnRcL3VwbG9hZHNcLzIwMjJcLzA5XC90aGVzZV9kZWxwaGluZV90aGFsbGluZ2VyLnBuZyIsInNsaWRlc2hvdyI6ImM4YjQ2MjIifQ%3D%3D\" href='https:\/\/www.cerege.fr\/wp-content\/uploads\/2022\/09\/these_delphine_thallinger.png'><img loading=\"lazy\" decoding=\"async\" width=\"400\" height=\"250\" src=\"https:\/\/www.cerege.fr\/wp-content\/uploads\/2022\/09\/these_delphine_thallinger.png\" class=\"attachment-large size-large\" alt=\"\" aria-describedby=\"gallery-1-3606\" srcset=\"https:\/\/www.cerege.fr\/wp-content\/uploads\/2022\/09\/these_delphine_thallinger.png 400w, https:\/\/www.cerege.fr\/wp-content\/uploads\/2022\/09\/these_delphine_thallinger-300x188.png 300w, https:\/\/www.cerege.fr\/wp-content\/uploads\/2022\/09\/these_delphine_thallinger-18x12.png 18w\" sizes=\"(max-width: 400px) 100vw, 400px\" \/><\/a>\n\t\t\t<\/div>\n\t\t\t\t<figcaption class='wp-caption-text gallery-caption' id='gallery-1-3606'>\n\t\t\t\tDelphine THALLINGER, 2025. \u00c9mission, devenir et effets dans l\u2019environnement des filtres UV issus de cr\u00e8mes solaires : avantages et risques des substances chimiques ou nanoparticulaires\n\t\t\t\t<\/figcaption><\/figure><figure class='gallery-item'>\n\t\t\t<div class='gallery-icon landscape'>\n\t\t\t\t<a data-elementor-open-lightbox=\"yes\" data-elementor-lightbox-slideshow=\"c8b4622\" data-elementor-lightbox-title=\"particule_minerale_en_suspension_Rhone\" data-e-action-hash=\"#elementor-action%3Aaction%3Dlightbox%26settings%3DeyJpZCI6NDAxOCwidXJsIjoiaHR0cHM6XC9cL3d3dy5jZXJlZ2UuZnJcL3dwLWNvbnRlbnRcL3VwbG9hZHNcLzIwMjJcLzA5XC9wYXJ0aWN1bGVfbWluZXJhbGVfZW5fc3VzcGVuc2lvbl9SaG9uZS5wbmciLCJzbGlkZXNob3ciOiJjOGI0NjIyIn0%3D\" href='https:\/\/www.cerege.fr\/wp-content\/uploads\/2022\/09\/particule_minerale_en_suspension_Rhone.png'><img loading=\"lazy\" decoding=\"async\" width=\"800\" height=\"554\" src=\"https:\/\/www.cerege.fr\/wp-content\/uploads\/2022\/09\/particule_minerale_en_suspension_Rhone-1024x709.png\" class=\"attachment-large size-large\" alt=\"\" srcset=\"https:\/\/www.cerege.fr\/wp-content\/uploads\/2022\/09\/particule_minerale_en_suspension_Rhone-1024x709.png 1024w, https:\/\/www.cerege.fr\/wp-content\/uploads\/2022\/09\/particule_minerale_en_suspension_Rhone-300x208.png 300w, https:\/\/www.cerege.fr\/wp-content\/uploads\/2022\/09\/particule_minerale_en_suspension_Rhone-768x532.png 768w, https:\/\/www.cerege.fr\/wp-content\/uploads\/2022\/09\/particule_minerale_en_suspension_Rhone-18x12.png 18w, https:\/\/www.cerege.fr\/wp-content\/uploads\/2022\/09\/particule_minerale_en_suspension_Rhone.png 1300w\" sizes=\"(max-width: 800px) 100vw, 800px\" \/><\/a>\n\t\t\t<\/div><\/figure><figure class='gallery-item'>\n\t\t\t<div class='gallery-icon landscape'>\n\t\t\t\t<a data-elementor-open-lightbox=\"yes\" data-elementor-lightbox-slideshow=\"c8b4622\" data-elementor-lightbox-title=\"NanoZnS\" data-e-action-hash=\"#elementor-action%3Aaction%3Dlightbox%26settings%3DeyJpZCI6NDAxNywidXJsIjoiaHR0cHM6XC9cL3d3dy5jZXJlZ2UuZnJcL3dwLWNvbnRlbnRcL3VwbG9hZHNcLzIwMjJcLzA5XC9OYW5vWm5TLnBuZyIsInNsaWRlc2hvdyI6ImM4YjQ2MjIifQ%3D%3D\" href='https:\/\/www.cerege.fr\/wp-content\/uploads\/2022\/09\/NanoZnS.png'><img loading=\"lazy\" decoding=\"async\" width=\"800\" height=\"554\" src=\"https:\/\/www.cerege.fr\/wp-content\/uploads\/2022\/09\/NanoZnS-1024x709.png\" class=\"attachment-large size-large\" alt=\"\" srcset=\"https:\/\/www.cerege.fr\/wp-content\/uploads\/2022\/09\/NanoZnS-1024x709.png 1024w, https:\/\/www.cerege.fr\/wp-content\/uploads\/2022\/09\/NanoZnS-300x208.png 300w, https:\/\/www.cerege.fr\/wp-content\/uploads\/2022\/09\/NanoZnS-768x532.png 768w, https:\/\/www.cerege.fr\/wp-content\/uploads\/2022\/09\/NanoZnS-18x12.png 18w, https:\/\/www.cerege.fr\/wp-content\/uploads\/2022\/09\/NanoZnS.png 1300w\" sizes=\"(max-width: 800px) 100vw, 800px\" \/><\/a>\n\t\t\t<\/div><\/figure>\n\t\t<\/div>\n\t\t<\/div>\n\t\t\t\t\t\t<\/div>\n\t\t\t\t<\/div>\n\t\t\t\t<div class=\"elementor-element elementor-element-b38c346 elementor-widget elementor-widget-text-editor\" data-id=\"b38c346\" data-element_type=\"widget\" data-e-type=\"widget\" data-widget_type=\"text-editor.default\">\n\t\t\t\t<div class=\"elementor-widget-container\">\n\t\t\t\t\t\t\t\t\t<h3 style=\"padding-left: 40px;\"><span style=\"font-weight: normal;\"><span style=\"color: #0f72bb;\">Projets en cours<\/span><\/span><\/h3><ul><li>2022-2024: <strong>Projet Carnot BioFlocs<\/strong>. <em>Solutions bas\u00e9es sur la nature pour agglom\u00e9rer et structurer la mati\u00e8re des eaux us\u00e9es et des boues en vue de leur S\u00e9paration.<\/em><\/li><li>2022-2025: <strong>Projet ANR SURFMEMO.\u00a0<\/strong><em>Mineral Surfaces: Origin and archive of biological information.<\/em><\/li><li>2022-2025 : <strong>Programme national ANSES 2021-EST-126 FILTRE-UV.\u00a0<\/strong><em><em><em>Emission, devenir et effets environnementaux des filtres UV issus de cr\u00e8mes solaires \u2013 Avantages et risques des substances chimiques ou nanoparticulaires.<\/em><\/em><\/em><\/li><li>2021-2026\u00a0: <strong>Projet NSF Accelnet INFRAMES.\u00a0<\/strong><em><em><em>Network of Networks to Advance International Efforts for Sustainable Materials.<\/em><\/em><\/em><\/li><li>2020-2024 : <strong>Projet\u00a0H2020 <a href=\"https:\/\/www.cerege.fr\/sciences\/environnement-durable\/projets-environnement-durable\/sabyna\/\">SABYNA<\/a><\/strong> (Projet Europ\u00e9en H2020-NMBP-TO-IND-2019) :\u00a0\u00a0<em>A guidance platform to support the development of safer nanomaterials<\/em><br \/><a href=\"https:\/\/www.sabyna.eu\/\" target=\"_blank\" rel=\"noopener\">www.sabyna.eu<\/a><\/li><li>2018-2023 : Projet\u00a0<strong>H2020 <a href=\"https:\/\/www.cerege.fr\/sciences\/environnement-durable\/projets-environnement-durable\/nanoinformatix\/\">NANOINFORMATICS<\/a><\/strong> (Projet Europ\u00e9en H2020-NMBP-13-2018) <em>Development and Implementation of a Sustainable Modelling Platform for NanoInformatics<\/em><br \/><a href=\"https:\/\/www.nanoinformatix.eu\/\" target=\"_blank\" rel=\"noopener\">\u00a0www.nanoinformatix.eu<\/a><\/li><li>2018-2023 : <strong>Projet<\/strong>\u00a0<strong>H2020 GOV4NANO<\/strong> (Projet Europ\u00e9en H2020-NMBP-13-2018). <em>Implementation of Risk Governance.<\/em>\u00a0 <a href=\"https:\/\/www.gov4nano.eu\/\" target=\"_blank\" rel=\"noopener\">www.gov4nano.eu<\/a><\/li><\/ul>\t\t\t\t\t\t\t\t<\/div>\n\t\t\t\t<\/div>\n\t\t\t\t\t<\/div>\n\t\t<\/div>\n\t\t\t\t\t<\/div>\n\t\t<\/section>\n\t\t\t\t\t<\/div>\n\t\t<\/div>\n\t\t\t\t\t<\/div>\n\t\t<\/section>\n\t\t\t\t<\/div>\n\t\t","protected":false},"excerpt":{"rendered":"<p>Nos connaissances sur les propri\u00e9t\u00e9s structurales et interfaciales des (nano)mat\u00e9riaux et leur dynamique et impacts dans les \u00e9cosyst\u00e8mes, ainsi qu\u2019en synth\u00e8se et caract\u00e9risation des mat\u00e9riaux,\u00a0et dans le d\u00e9veloppement de bases [&hellip;]<\/p>\n","protected":false},"author":531,"featured_media":8432,"parent":829,"menu_order":0,"comment_status":"closed","ping_status":"closed","template":"","meta":{"_acf_changed":false,"footnotes":""},"class_list":["post-22793","page","type-page","status-publish","has-post-thumbnail","hentry"],"acf":[],"publishpress_future_action":{"enabled":false,"date":"2026-04-17 11:12:12","action":"change-status","newStatus":"draft","terms":[],"taxonomy":"","extraData":[]},"publishpress_future_workflow_manual_trigger":{"enabledWorkflows":[]},"_links":{"self":[{"href":"https:\/\/www.cerege.fr\/fr\/wp-json\/wp\/v2\/pages\/22793","targetHints":{"allow":["GET"]}}],"collection":[{"href":"https:\/\/www.cerege.fr\/fr\/wp-json\/wp\/v2\/pages"}],"about":[{"href":"https:\/\/www.cerege.fr\/fr\/wp-json\/wp\/v2\/types\/page"}],"author":[{"embeddable":true,"href":"https:\/\/www.cerege.fr\/fr\/wp-json\/wp\/v2\/users\/531"}],"replies":[{"embeddable":true,"href":"https:\/\/www.cerege.fr\/fr\/wp-json\/wp\/v2\/comments?post=22793"}],"version-history":[{"count":5,"href":"https:\/\/www.cerege.fr\/fr\/wp-json\/wp\/v2\/pages\/22793\/revisions"}],"predecessor-version":[{"id":25060,"href":"https:\/\/www.cerege.fr\/fr\/wp-json\/wp\/v2\/pages\/22793\/revisions\/25060"}],"up":[{"embeddable":true,"href":"https:\/\/www.cerege.fr\/fr\/wp-json\/wp\/v2\/pages\/829"}],"wp:featuredmedia":[{"embeddable":true,"href":"https:\/\/www.cerege.fr\/fr\/wp-json\/wp\/v2\/media\/8432"}],"wp:attachment":[{"href":"https:\/\/www.cerege.fr\/fr\/wp-json\/wp\/v2\/media?parent=22793"}],"curies":[{"name":"wp","href":"https:\/\/api.w.org\/{rel}","templated":true}]}}