{"id":22799,"date":"2024-03-25T15:46:45","date_gmt":"2024-03-25T14:46:45","guid":{"rendered":"https:\/\/www.cerege.fr\/?page_id=22799"},"modified":"2024-03-29T17:01:45","modified_gmt":"2024-03-29T16:01:45","slug":"contaminants-et-recyclage-dans-le-continuum-sol-eaux","status":"publish","type":"page","link":"https:\/\/www.cerege.fr\/fr\/sciences\/environnement-durable\/contaminants-et-recyclage-dans-le-continuum-sol-eaux\/","title":{"rendered":"Contaminants et Recyclage dans le Continuum Sol-Eaux"},"content":{"rendered":"\t\t<div data-elementor-type=\"wp-page\" data-elementor-id=\"22799\" class=\"elementor elementor-22799\" data-elementor-post-type=\"page\">\n\t\t\t\t\t\t<section class=\"elementor-section elementor-top-section elementor-element elementor-element-81e378d elementor-section-full_width elementor-section-height-min-height elementor-section-height-default elementor-section-items-middle\" data-id=\"81e378d\" data-element_type=\"section\" data-e-type=\"section\" data-settings=\"{&quot;background_background&quot;:&quot;classic&quot;}\">\n\t\t\t\t\t\t<div class=\"elementor-container elementor-column-gap-default\">\n\t\t\t\t\t<div class=\"elementor-column elementor-col-100 elementor-top-column elementor-element elementor-element-6330361d\" data-id=\"6330361d\" data-element_type=\"column\" data-e-type=\"column\">\n\t\t\t<div class=\"elementor-widget-wrap\">\n\t\t\t\t\t\t\t<\/div>\n\t\t<\/div>\n\t\t\t\t\t<\/div>\n\t\t<\/section>\n\t\t\t\t<section class=\"elementor-section elementor-top-section elementor-element elementor-element-7e130cd5 elementor-section-boxed elementor-section-height-default elementor-section-height-default\" data-id=\"7e130cd5\" data-element_type=\"section\" data-e-type=\"section\">\n\t\t\t\t\t\t<div class=\"elementor-container elementor-column-gap-default\">\n\t\t\t\t\t<div class=\"elementor-column elementor-col-100 elementor-top-column elementor-element elementor-element-1ce41bb0\" data-id=\"1ce41bb0\" data-element_type=\"column\" data-e-type=\"column\">\n\t\t\t<div class=\"elementor-widget-wrap elementor-element-populated\">\n\t\t\t\t\t\t<div class=\"elementor-element elementor-element-75b09a86 elementor-widget elementor-widget-shortcode\" data-id=\"75b09a86\" data-element_type=\"widget\" data-e-type=\"widget\" data-widget_type=\"shortcode.default\">\n\t\t\t\t<div class=\"elementor-widget-container\">\n\t\t\t\t\t\t\t<div class=\"elementor-shortcode\"><nav aria-label=\"breadcrumbs\">\n            <div class=\"breadcrumb-container theme1\">\n                <ol>\n                                    <\/ol>\n            <\/div>\n        <\/nav>    <script type=\"application\/ld+json\">\n        {\n            \"@context\": \"http:\/\/schema.org\",\n            \"@type\": \"BreadcrumbList\",\n            \"itemListElement\": [\n                            ]\n        }\n    <\/script>\n   \n    <script>\n            <\/script>\n<\/div>\n\t\t\t\t\t\t<\/div>\n\t\t\t\t<\/div>\n\t\t\t\t<section class=\"elementor-section elementor-inner-section elementor-element elementor-element-a307583 elementor-section-boxed elementor-section-height-default elementor-section-height-default\" data-id=\"a307583\" data-element_type=\"section\" data-e-type=\"section\">\n\t\t\t\t\t\t<div class=\"elementor-container elementor-column-gap-default\">\n\t\t\t\t\t<div class=\"elementor-column elementor-col-50 elementor-inner-column elementor-element elementor-element-c6ae150\" data-id=\"c6ae150\" data-element_type=\"column\" data-e-type=\"column\">\n\t\t\t<div class=\"elementor-widget-wrap elementor-element-populated\">\n\t\t\t\t\t\t<div class=\"elementor-element elementor-element-1033b3c elementor-widget elementor-widget-text-editor\" data-id=\"1033b3c\" data-element_type=\"widget\" data-e-type=\"widget\" data-widget_type=\"text-editor.default\">\n\t\t\t\t<div class=\"elementor-widget-container\">\n\t\t\t\t\t\t\t\t\t<p>Dans une approche d\u2019\u00e9valuation du risque environnemental li\u00e9 au cocktail de contaminants transitant dans les diff\u00e9rents compartiments de la zone critique, l\u2019\u00e9quipe met en place des approches de recherche compartiment-sp\u00e9cifiques visant \u00e0 comprendre leur dynamique et leur potentiel d\u2019exposition (m\u00e9taux, polluants organiques, nanoparticules, plastiques).<\/p><h2><span style=\"font-weight: normal;\">Continuum Homme Terre Mer<\/span><\/h2><div><div><p>Le continuum Homme Terre Mer (HTM) constitue un objet d\u2019\u00e9tude pr\u00e9f\u00e9rentiel, \u00e0 la fois sur le long terme avec l\u2019\u00e9tude de la dynamique d\u2019interaction entre contaminants et mati\u00e8re en suspension (ZABR, OSR 7, O\u2019Life), et sur des questions nouvelles, telles que l\u2019effet filtre des berges ou la recherche de contaminants \u00e9mergents. Le littoral est \u00e9galement abord\u00e9, en tant qu\u2019exutoire de ce continuum.\u00a0<\/p><\/div><\/div><h2><span style=\"font-weight: normal;\">Recyclage des d\u00e9chets<\/span><\/h2><p>Dans une logique d\u2019\u00e9conomie circulaire, les d\u00e9chets produits par les fili\u00e8res de traitement de l\u2019eau ou de produits organiques peuvent \u00eatre r\u00e9utilis\u00e9s comme ressources secondaires d\u2019eau et de nutriments, notamment en irrigation et en \u00e9pandage agricole, si et seulement si leur recyclage s\u2019accompagne d\u2019une ma\u00eetrise du risque de contamination. Plusieurs projets de recherche ciblent parmi ces sc\u00e9narios, des \u00e9tapes clefs comme le <strong>d\u00e9veloppement de proc\u00e9d\u00e9s sobres de traitement de l\u2019eau<\/strong>, ou des questions pr\u00e9gnantes li\u00e9es au <strong>transfert de contaminants depuis le d\u00e9chet\/eau vers le sol et la plante.\u00a0<\/strong>Par ailleurs, la question sp\u00e9cifique du <strong>transfert sol\/plante de m\u00e9taux sur site pollu\u00e9<\/strong> fait l\u2019objet de plusieurs actions recherches de l\u2019\u00e9quipe (ex projet DUNE 2022-2025 &#8211; UM6P)<\/p>\t\t\t\t\t\t\t\t<\/div>\n\t\t\t\t<\/div>\n\t\t\t\t\t<\/div>\n\t\t<\/div>\n\t\t\t\t<div class=\"elementor-column elementor-col-50 elementor-inner-column elementor-element elementor-element-ef3e798\" data-id=\"ef3e798\" data-element_type=\"column\" data-e-type=\"column\">\n\t\t\t<div class=\"elementor-widget-wrap elementor-element-populated\">\n\t\t\t\t\t\t<div class=\"elementor-element elementor-element-87b7fbe elementor-widget elementor-widget-gallery\" data-id=\"87b7fbe\" data-element_type=\"widget\" data-e-type=\"widget\" data-settings=\"{&quot;columns&quot;:2,&quot;gallery_layout&quot;:&quot;grid&quot;,&quot;columns_tablet&quot;:2,&quot;columns_mobile&quot;:1,&quot;gap&quot;:{&quot;unit&quot;:&quot;px&quot;,&quot;size&quot;:10,&quot;sizes&quot;:[]},&quot;gap_tablet&quot;:{&quot;unit&quot;:&quot;px&quot;,&quot;size&quot;:10,&quot;sizes&quot;:[]},&quot;gap_mobile&quot;:{&quot;unit&quot;:&quot;px&quot;,&quot;size&quot;:10,&quot;sizes&quot;:[]},&quot;link_to&quot;:&quot;file&quot;,&quot;aspect_ratio&quot;:&quot;3:2&quot;,&quot;overlay_background&quot;:&quot;yes&quot;,&quot;content_hover_animation&quot;:&quot;fade-in&quot;}\" data-widget_type=\"gallery.default\">\n\t\t\t\t<div class=\"elementor-widget-container\">\n\t\t\t\t\t\t\t<div class=\"elementor-gallery__container\">\n\t\t\t\t\t\t\t<a class=\"e-gallery-item elementor-gallery-item elementor-animated-content\" href=\"https:\/\/www.cerege.fr\/wp-content\/uploads\/2022\/09\/Guttation_Saxifrage-_-Site_Jas_Roux_Ecrins.png\" data-elementor-open-lightbox=\"yes\" data-elementor-lightbox-slideshow=\"87b7fbe\" data-elementor-lightbox-title=\"Guttation_Saxifrage _ Site_Jas_Roux_Ecrins\" data-e-action-hash=\"#elementor-action%3Aaction%3Dlightbox%26settings%3DeyJpZCI6MzkzMywidXJsIjoiaHR0cHM6XC9cL3d3dy5jZXJlZ2UuZnJcL3dwLWNvbnRlbnRcL3VwbG9hZHNcLzIwMjJcLzA5XC9HdXR0YXRpb25fU2F4aWZyYWdlLV8tU2l0ZV9KYXNfUm91eF9FY3JpbnMucG5nIiwic2xpZGVzaG93IjoiODdiN2ZiZSJ9\">\n\t\t\t\t\t<div class=\"e-gallery-image elementor-gallery-item__image\" data-thumbnail=\"https:\/\/www.cerege.fr\/wp-content\/uploads\/2022\/09\/Guttation_Saxifrage-_-Site_Jas_Roux_Ecrins.png\" data-width=\"450\" data-height=\"250\" aria-label=\"\" role=\"img\" ><\/div>\n\t\t\t\t\t\t\t\t\t\t\t<div class=\"elementor-gallery-item__overlay\"><\/div>\n\t\t\t\t\t\t\t\t\t\t\t\t\t\t<\/a>\n\t\t\t\t\t\t\t<a class=\"e-gallery-item elementor-gallery-item elementor-animated-content\" href=\"https:\/\/www.cerege.fr\/wp-content\/uploads\/2022\/09\/Bangladesh_\u00a9J_Rose.jpg\" data-elementor-open-lightbox=\"yes\" data-elementor-lightbox-slideshow=\"87b7fbe\" data-elementor-lightbox-title=\"Bangladesh_\u00a9J_Rose\" data-e-action-hash=\"#elementor-action%3Aaction%3Dlightbox%26settings%3DeyJpZCI6Mzk0OCwidXJsIjoiaHR0cHM6XC9cL3d3dy5jZXJlZ2UuZnJcL3dwLWNvbnRlbnRcL3VwbG9hZHNcLzIwMjJcLzA5XC9CYW5nbGFkZXNoX1x1MDBhOUpfUm9zZS5qcGciLCJzbGlkZXNob3ciOiI4N2I3ZmJlIn0%3D\">\n\t\t\t\t\t<div class=\"e-gallery-image elementor-gallery-item__image\" data-thumbnail=\"https:\/\/www.cerege.fr\/wp-content\/uploads\/2022\/09\/Bangladesh_\u00a9J_Rose-768x532.jpg\" data-width=\"768\" data-height=\"532\" aria-label=\"\" role=\"img\" ><\/div>\n\t\t\t\t\t\t\t\t\t\t\t<div class=\"elementor-gallery-item__overlay\"><\/div>\n\t\t\t\t\t\t\t\t\t\t\t\t\t\t<\/a>\n\t\t\t\t\t\t\t<a class=\"e-gallery-item elementor-gallery-item elementor-animated-content\" href=\"https:\/\/www.cerege.fr\/wp-content\/uploads\/2022\/09\/these_amazigh_ouaksel-1.jpg\" data-elementor-open-lightbox=\"yes\" data-elementor-lightbox-slideshow=\"87b7fbe\" data-elementor-lightbox-title=\"these_amazigh_ouaksel\" data-e-action-hash=\"#elementor-action%3Aaction%3Dlightbox%26settings%3DeyJpZCI6MzIzMiwidXJsIjoiaHR0cHM6XC9cL3d3dy5jZXJlZ2UuZnJcL3dwLWNvbnRlbnRcL3VwbG9hZHNcLzIwMjJcLzA5XC90aGVzZV9hbWF6aWdoX291YWtzZWwtMS5qcGciLCJzbGlkZXNob3ciOiI4N2I3ZmJlIn0%3D\">\n\t\t\t\t\t<div class=\"e-gallery-image elementor-gallery-item__image\" data-thumbnail=\"https:\/\/www.cerege.fr\/wp-content\/uploads\/2022\/09\/these_amazigh_ouaksel-1-768x490.jpg\" data-width=\"768\" data-height=\"490\" aria-label=\"\" role=\"img\" ><\/div>\n\t\t\t\t\t\t\t\t\t\t\t<div class=\"elementor-gallery-item__overlay\"><\/div>\n\t\t\t\t\t\t\t\t\t\t\t\t\t\t<\/a>\n\t\t\t\t\t\t\t<a class=\"e-gallery-item elementor-gallery-item elementor-animated-content\" href=\"https:\/\/www.cerege.fr\/wp-content\/uploads\/2022\/09\/these-youssef_lamwati.jpg\" data-elementor-open-lightbox=\"yes\" data-elementor-lightbox-slideshow=\"87b7fbe\" data-elementor-lightbox-title=\"these youssef_lamwati\" data-e-action-hash=\"#elementor-action%3Aaction%3Dlightbox%26settings%3DeyJpZCI6MzYxMSwidXJsIjoiaHR0cHM6XC9cL3d3dy5jZXJlZ2UuZnJcL3dwLWNvbnRlbnRcL3VwbG9hZHNcLzIwMjJcLzA5XC90aGVzZS15b3Vzc2VmX2xhbXdhdGkuanBnIiwic2xpZGVzaG93IjoiODdiN2ZiZSJ9\">\n\t\t\t\t\t<div class=\"e-gallery-image elementor-gallery-item__image\" data-thumbnail=\"https:\/\/www.cerege.fr\/wp-content\/uploads\/2022\/09\/these-youssef_lamwati.jpg\" data-width=\"400\" data-height=\"250\" aria-label=\"\" role=\"img\" ><\/div>\n\t\t\t\t\t\t\t\t\t\t\t<div class=\"elementor-gallery-item__overlay\"><\/div>\n\t\t\t\t\t\t\t\t\t\t\t\t\t\t<\/a>\n\t\t\t\t\t\t\t<a class=\"e-gallery-item elementor-gallery-item elementor-animated-content\" href=\"https:\/\/www.cerege.fr\/wp-content\/uploads\/2022\/09\/Mission_terrain_Site-Jas-Roux.jpg\" data-elementor-open-lightbox=\"yes\" data-elementor-lightbox-slideshow=\"87b7fbe\" data-elementor-lightbox-title=\"Pr\u00e9l\u00e8vements sur le site de Jas Roux\" data-e-action-hash=\"#elementor-action%3Aaction%3Dlightbox%26settings%3DeyJpZCI6MzkzNSwidXJsIjoiaHR0cHM6XC9cL3d3dy5jZXJlZ2UuZnJcL3dwLWNvbnRlbnRcL3VwbG9hZHNcLzIwMjJcLzA5XC9NaXNzaW9uX3RlcnJhaW5fU2l0ZS1KYXMtUm91eC5qcGciLCJzbGlkZXNob3ciOiI4N2I3ZmJlIn0%3D\">\n\t\t\t\t\t<div class=\"e-gallery-image elementor-gallery-item__image\" data-thumbnail=\"https:\/\/www.cerege.fr\/wp-content\/uploads\/2022\/09\/Mission_terrain_Site-Jas-Roux.jpg\" data-width=\"450\" data-height=\"250\" aria-label=\"\" role=\"img\" ><\/div>\n\t\t\t\t\t\t\t\t\t\t\t<div class=\"elementor-gallery-item__overlay\"><\/div>\n\t\t\t\t\t\t\t\t\t\t\t\t\t\t<\/a>\n\t\t\t\t\t\t\t<a class=\"e-gallery-item elementor-gallery-item elementor-animated-content\" href=\"https:\/\/www.cerege.fr\/wp-content\/uploads\/2022\/11\/IMG_2875-scaled-e1668675142591.jpg\" data-elementor-open-lightbox=\"yes\" data-elementor-lightbox-slideshow=\"87b7fbe\" data-elementor-lightbox-title=\"Pr\u00e9l\u00e8vement dans la Mare Bonne Cougne\" data-e-action-hash=\"#elementor-action%3Aaction%3Dlightbox%26settings%3DeyJpZCI6ODQ0OSwidXJsIjoiaHR0cHM6XC9cL3d3dy5jZXJlZ2UuZnJcL3dwLWNvbnRlbnRcL3VwbG9hZHNcLzIwMjJcLzExXC9JTUdfMjg3NS1zY2FsZWQtZTE2Njg2NzUxNDI1OTEuanBnIiwic2xpZGVzaG93IjoiODdiN2ZiZSJ9\">\n\t\t\t\t\t<div class=\"e-gallery-image elementor-gallery-item__image\" data-thumbnail=\"https:\/\/www.cerege.fr\/wp-content\/uploads\/2022\/11\/IMG_2875-scaled-e1668675142591-768x532.jpg\" data-width=\"768\" data-height=\"532\" aria-label=\"\" role=\"img\" ><\/div>\n\t\t\t\t\t\t\t\t\t\t\t<div class=\"elementor-gallery-item__overlay\"><\/div>\n\t\t\t\t\t\t\t\t\t\t\t\t\t\t<\/a>\n\t\t\t\t\t\t\t<a class=\"e-gallery-item elementor-gallery-item elementor-animated-content\" href=\"https:\/\/www.cerege.fr\/wp-content\/uploads\/2022\/11\/Photo4-scaled-e1668675184373.jpg\" data-elementor-open-lightbox=\"yes\" data-elementor-lightbox-slideshow=\"87b7fbe\" data-elementor-lightbox-title=\"Site de Jas Roux, Ecrins\" data-e-action-hash=\"#elementor-action%3Aaction%3Dlightbox%26settings%3DeyJpZCI6ODQ0NywidXJsIjoiaHR0cHM6XC9cL3d3dy5jZXJlZ2UuZnJcL3dwLWNvbnRlbnRcL3VwbG9hZHNcLzIwMjJcLzExXC9QaG90bzQtc2NhbGVkLWUxNjY4Njc1MTg0MzczLmpwZyIsInNsaWRlc2hvdyI6Ijg3YjdmYmUifQ%3D%3D\">\n\t\t\t\t\t<div class=\"e-gallery-image elementor-gallery-item__image\" data-thumbnail=\"https:\/\/www.cerege.fr\/wp-content\/uploads\/2022\/11\/Photo4-scaled-e1668675184373-768x512.jpg\" data-width=\"768\" data-height=\"512\" aria-label=\"\" role=\"img\" ><\/div>\n\t\t\t\t\t\t\t\t\t\t\t<div class=\"elementor-gallery-item__overlay\"><\/div>\n\t\t\t\t\t\t\t\t\t\t\t\t\t\t<\/a>\n\t\t\t\t\t\t\t<a class=\"e-gallery-item elementor-gallery-item elementor-animated-content\" href=\"https:\/\/www.cerege.fr\/wp-content\/uploads\/2022\/09\/these_a_pappoe.png\" data-elementor-open-lightbox=\"yes\" data-elementor-lightbox-slideshow=\"87b7fbe\" data-elementor-lightbox-title=\"these_a_pappoe\" data-e-action-hash=\"#elementor-action%3Aaction%3Dlightbox%26settings%3DeyJpZCI6MzIxOCwidXJsIjoiaHR0cHM6XC9cL3d3dy5jZXJlZ2UuZnJcL3dwLWNvbnRlbnRcL3VwbG9hZHNcLzIwMjJcLzA5XC90aGVzZV9hX3BhcHBvZS5wbmciLCJzbGlkZXNob3ciOiI4N2I3ZmJlIn0%3D\">\n\t\t\t\t\t<div class=\"e-gallery-image elementor-gallery-item__image\" data-thumbnail=\"https:\/\/www.cerege.fr\/wp-content\/uploads\/2022\/09\/these_a_pappoe.png\" data-width=\"400\" data-height=\"250\" aria-label=\"\" role=\"img\" ><\/div>\n\t\t\t\t\t\t\t\t\t\t\t<div class=\"elementor-gallery-item__overlay\"><\/div>\n\t\t\t\t\t\t\t\t\t\t\t\t\t\t<\/a>\n\t\t\t\t\t<\/div>\n\t\t\t\t\t<\/div>\n\t\t\t\t<\/div>\n\t\t\t\t<div class=\"elementor-element elementor-element-b38c346 elementor-widget elementor-widget-text-editor\" data-id=\"b38c346\" data-element_type=\"widget\" data-e-type=\"widget\" data-widget_type=\"text-editor.default\">\n\t\t\t\t<div class=\"elementor-widget-container\">\n\t\t\t\t\t\t\t\t\t<h3 style=\"padding-left: 40px;\"><span style=\"font-weight: normal;\"><span style=\"color: #0f72bb;\">Projets en cours<\/span><\/span><\/h3><ul><li>2022-2023 : <strong>Projet F\u00e9d\u00e9. Rech. ECCOREV\/Institut ITEM &#8211; AGREDYN.\u00a0<\/strong><em>R\u00f4le de la structure d\u2019agr\u00e9gats dans les dynamiques d\u2019adsorption\/d\u00e9sorption des contaminants<\/em>.<\/li><li>2020-2023 : <strong>Programme national Carnot Eau et Environnement NEREIDE.\u00a0<\/strong><em><em><em>Solutions bas\u00e9es sur la Nature pour l\u2019Epuration et la R\u00e9utilisation d\u2019Eau us\u00e9e vers une Irrigation DuablE.<\/em><\/em><\/em><\/li><li>2022-2025 : <strong>Projet\u00a0<a href=\"https:\/\/www.cerege.fr\/sciences\/environnement-durable\/projets-environnement-durable\/dune\/\">DUNE<\/a><\/strong>. <em>CaDmiUm and Trace Elements Bio-Availability and Transfer In Soil-PlaNt SystEm : Case of fertilizers with phosphate mineral fraction<\/em><\/li><li>2022-2025: <strong>Projet\u00a0ZABR Microplastic river<\/strong>. <em>Suivi des microplastiques dans le Rh\u00f4ne.<\/em><\/li><li>2022-2023 : <strong>ZABR BOECIS.<\/strong> <br \/><em>Effet filtre des berges du Rh\u00f4ne\/Gardon.<\/em><\/li><li>2021-2025: <strong>Projet\u00a0<\/strong><a href=\"https:\/\/www.cerege.fr\/fr\/sciences\/environnement-durable\/projets-environnement-durable\/acv-ecotomix\/\"><strong>ACV Ecoto(M)ix<\/strong><\/a><\/li><li>2021-2023:\u00a0<strong>Programme OSR6<\/strong> de l\u2019Observatoire des S\u00e9diments du Rh\u00f4ne. <em>Analyse des contaminants inorganiques dans les MES du Rh\u00f4ne.<\/em><\/li><li>2024-2025 : <a href=\"https:\/\/www.cerege.fr\/fr\/sciences\/environnement-durable\/projets-environnement-durable\/cesh\/\"><strong>CESH<\/strong> <\/a>Projet Carnot Eau et Environnement<\/li><\/ul>\t\t\t\t\t\t\t\t<\/div>\n\t\t\t\t<\/div>\n\t\t\t\t\t<\/div>\n\t\t<\/div>\n\t\t\t\t\t<\/div>\n\t\t<\/section>\n\t\t\t\t\t<\/div>\n\t\t<\/div>\n\t\t\t\t\t<\/div>\n\t\t<\/section>\n\t\t\t\t<\/div>\n\t\t","protected":false},"excerpt":{"rendered":"<p>Dans une approche d\u2019\u00e9valuation du risque environnemental li\u00e9 au cocktail de contaminants transitant dans les diff\u00e9rents compartiments de la zone critique, l\u2019\u00e9quipe met en place des approches de recherche compartiment-sp\u00e9cifiques [&hellip;]<\/p>\n","protected":false},"author":531,"featured_media":8433,"parent":829,"menu_order":0,"comment_status":"closed","ping_status":"closed","template":"","meta":{"_acf_changed":false,"footnotes":""},"class_list":["post-22799","page","type-page","status-publish","has-post-thumbnail","hentry"],"acf":[],"publishpress_future_action":{"enabled":false,"date":"2026-04-17 12:22:57","action":"change-status","newStatus":"draft","terms":[],"taxonomy":"","extraData":[]},"publishpress_future_workflow_manual_trigger":{"enabledWorkflows":[]},"_links":{"self":[{"href":"https:\/\/www.cerege.fr\/fr\/wp-json\/wp\/v2\/pages\/22799","targetHints":{"allow":["GET"]}}],"collection":[{"href":"https:\/\/www.cerege.fr\/fr\/wp-json\/wp\/v2\/pages"}],"about":[{"href":"https:\/\/www.cerege.fr\/fr\/wp-json\/wp\/v2\/types\/page"}],"author":[{"embeddable":true,"href":"https:\/\/www.cerege.fr\/fr\/wp-json\/wp\/v2\/users\/531"}],"replies":[{"embeddable":true,"href":"https:\/\/www.cerege.fr\/fr\/wp-json\/wp\/v2\/comments?post=22799"}],"version-history":[{"count":5,"href":"https:\/\/www.cerege.fr\/fr\/wp-json\/wp\/v2\/pages\/22799\/revisions"}],"predecessor-version":[{"id":23010,"href":"https:\/\/www.cerege.fr\/fr\/wp-json\/wp\/v2\/pages\/22799\/revisions\/23010"}],"up":[{"embeddable":true,"href":"https:\/\/www.cerege.fr\/fr\/wp-json\/wp\/v2\/pages\/829"}],"wp:featuredmedia":[{"embeddable":true,"href":"https:\/\/www.cerege.fr\/fr\/wp-json\/wp\/v2\/media\/8433"}],"wp:attachment":[{"href":"https:\/\/www.cerege.fr\/fr\/wp-json\/wp\/v2\/media?parent=22799"}],"curies":[{"name":"wp","href":"https:\/\/api.w.org\/{rel}","templated":true}]}}