{"id":22937,"date":"2024-03-29T15:14:09","date_gmt":"2024-03-29T14:14:09","guid":{"rendered":"https:\/\/www.cerege.fr\/?page_id=22937"},"modified":"2026-01-13T10:23:39","modified_gmt":"2026-01-13T09:23:39","slug":"agri-mine","status":"publish","type":"page","link":"https:\/\/www.cerege.fr\/fr\/sciences\/environnement-durable\/projets-environnement-durable\/agri-mine\/","title":{"rendered":"Agri-Mine"},"content":{"rendered":"\t\t<div data-elementor-type=\"wp-page\" data-elementor-id=\"22937\" class=\"elementor elementor-22937\" data-elementor-post-type=\"page\">\n\t\t\t\t\t\t<section class=\"elementor-section elementor-top-section elementor-element elementor-element-3333d61d elementor-section-full_width elementor-section-height-min-height elementor-section-height-default elementor-section-items-middle\" data-id=\"3333d61d\" data-element_type=\"section\" data-e-type=\"section\" data-settings=\"{&quot;background_background&quot;:&quot;classic&quot;}\">\n\t\t\t\t\t\t<div class=\"elementor-container elementor-column-gap-default\">\n\t\t\t\t\t<div class=\"elementor-column elementor-col-100 elementor-top-column elementor-element elementor-element-38dd7804\" data-id=\"38dd7804\" data-element_type=\"column\" data-e-type=\"column\">\n\t\t\t<div class=\"elementor-widget-wrap\">\n\t\t\t\t\t\t\t<\/div>\n\t\t<\/div>\n\t\t\t\t\t<\/div>\n\t\t<\/section>\n\t\t\t\t<section class=\"elementor-section elementor-top-section elementor-element elementor-element-533e02f6 elementor-section-boxed elementor-section-height-default elementor-section-height-default\" data-id=\"533e02f6\" data-element_type=\"section\" data-e-type=\"section\">\n\t\t\t\t\t\t<div class=\"elementor-container elementor-column-gap-default\">\n\t\t\t\t\t<div class=\"elementor-column elementor-col-100 elementor-top-column elementor-element elementor-element-49099eac\" data-id=\"49099eac\" data-element_type=\"column\" data-e-type=\"column\">\n\t\t\t<div class=\"elementor-widget-wrap elementor-element-populated\">\n\t\t\t\t\t\t<div class=\"elementor-element elementor-element-82d77b1 elementor-widget elementor-widget-shortcode\" data-id=\"82d77b1\" data-element_type=\"widget\" data-e-type=\"widget\" data-widget_type=\"shortcode.default\">\n\t\t\t\t<div class=\"elementor-widget-container\">\n\t\t\t\t\t\t\t<div class=\"elementor-shortcode\"><nav aria-label=\"breadcrumbs\">\n            <div class=\"breadcrumb-container theme1\">\n                <ol>\n                                    <\/ol>\n            <\/div>\n        <\/nav>    <script type=\"application\/ld+json\">\n        {\n            \"@context\": \"http:\/\/schema.org\",\n            \"@type\": \"BreadcrumbList\",\n            \"itemListElement\": [\n                            ]\n        }\n    <\/script>\n   \n    <script>\n            <\/script>\n<\/div>\n\t\t\t\t\t\t<\/div>\n\t\t\t\t<\/div>\n\t\t\t\t<section class=\"elementor-section elementor-inner-section elementor-element elementor-element-29a545e7 elementor-section-boxed elementor-section-height-default elementor-section-height-default\" data-id=\"29a545e7\" data-element_type=\"section\" data-e-type=\"section\">\n\t\t\t\t\t\t<div class=\"elementor-container elementor-column-gap-wide\">\n\t\t\t\t\t<div class=\"elementor-column elementor-col-50 elementor-inner-column elementor-element elementor-element-2cbc787d\" data-id=\"2cbc787d\" data-element_type=\"column\" data-e-type=\"column\">\n\t\t\t<div class=\"elementor-widget-wrap elementor-element-populated\">\n\t\t\t\t\t\t<div class=\"elementor-element elementor-element-630eab80 elementor-widget elementor-widget-text-editor\" data-id=\"630eab80\" data-element_type=\"widget\" data-e-type=\"widget\" data-widget_type=\"text-editor.default\">\n\t\t\t\t<div class=\"elementor-widget-container\">\n\t\t\t\t\t\t\t\t\t<p>Face \u00e0 l\u2019intensification des activit\u00e9s mini\u00e8res \u00e0 l\u2019\u00e9chelle mondiale et aux impacts socio-environnementaux sur la zone critique qui leur sont associ\u00e9s, le projet AGRI-MINE propose d\u2019accompagner par la recherche les d\u00e9cideurs pour la reconversion d\u2019anciens territoires miniers. Pour cela une m\u00e9thodologie co-construite avec les autorit\u00e9s et impliquant la population sera d\u00e9velopp\u00e9e pour une reconversion qui soit adapt\u00e9e et accept\u00e9e par l\u2019ensemble des parties prenantes<\/p><p>Cette \u00e9tude interdisciplinaire, qui f\u00e9d\u00e8re des chercheurs de diverses disciplines (g\u00e9ographie, physico-chimie, hydrog\u00e9ologie, biologie, p\u00e9dologie, anthropologie, g\u00e9omatique, sciences politiques), s\u2019int\u00e9resse plus sp\u00e9cifiquement au cas la reconversion agricole du territoire minier de la r\u00e9gion de Midelt (Maroc), r\u00e9gion fortement impact\u00e9e par l\u2019extraction du plomb au si\u00e8cle dernier. En particulier, ce projet a pour ambition de d\u00e9velopper un indice territorialis\u00e9 et interdisciplinaire de potentiel de reconversion agricole (Axe 4, cf. figure ci-dessous), calcul\u00e9 \u00e0 partir d\u2019indicateurs socio-environnementaux (tels que la qualit\u00e9 des eaux, des sols, l\u2019usage anthropique et la repr\u00e9sentation vernaculaire des espaces) qui seront collect\u00e9es (i) par des enqu\u00eates empiriques de terrain, avec et en concertation avec les habitants, (ii) \u00e0 partir d\u2019analyses d\u2019images satellitaires (Axe 3) et (iii) \u00e0 partir des donn\u00e9es existantes dans la litt\u00e9rature scientifique ou la litt\u00e9rature grise produites dans les institutions comp\u00e9tentes (Axe 2).<\/p><p>En amont, le territoire d\u2019\u00e9tude (caract\u00e9ristiques retenues et \u00e9tendue) sera d\u00e9fini par l\u2019ensemble du consortium avec les d\u00e9cideurs afin d\u2019\u00e9laborer un indice qui int\u00e8gre au mieux les sp\u00e9cificit\u00e9s socio-environnementales du territoire pouvant affecter la reconversion agricole (Axe 1). Cet indice permettra notamment d\u2019identifier les territoires les plus favorables au d\u00e9veloppement agricole. Cette d\u00e9marche, co-construite avec les autorit\u00e9s, vise \u00e0 devenir un outil d\u2019aide \u00e0 la d\u00e9cision pour accompagner et faciliter la mise en \u0153uvre des politiques publiques.<br \/>La d\u00e9marche exp\u00e9riment\u00e9e dans le cadre de ce projet permettra d\u2019initier la dynamique d\u2019un observatoire homme-milieu international (OHMi) du CNRS qui sera lanc\u00e9 fin 2024 sur le territoire de Midelt apr\u00e8s une ann\u00e9e de pr\u00e9figuration en cours.<\/p><p>Dans ce contexte, l\u2019approche m\u00e9thodologique d\u00e9velopp\u00e9e dans AGRI-MINE sera p\u00e9rennis\u00e9e et \u00e9tendue dans le cadre des projets qui seront financ\u00e9s dans le cadre de l\u2019OHMi. L\u2019objectif \u00e0 plus long terme de cette approche est de produire coll\u00e9gialement les connaissances \u00e9clairant l\u2019ensemble des acteurs dans le but de r\u00e9duire les impacts n\u00e9gatifs de l\u2019activit\u00e9 mini\u00e8re pass\u00e9e, proposer des solutions co-construites responsables et accept\u00e9es de restauration des sites et de diversifications \u00e9conomiques, qu\u2019elles soient agricole, touristique, culturelle, ou mini\u00e8re (exploitation des d\u00e9chets miniers par exemple).<\/p><p>Ce projet f\u00e9d\u00e8re 3 instituts du CNRS (Terre et Univers (CEREGE), Ecologie et Environnement (Labex DRIIHM), Sciences Humaines et Sociales (PALOC, PRODIG), mais aussi des unit\u00e9s non rattach\u00e9es au CNRS (G-EAU, EMMAH), des partenaires Marocains (Universit\u00e9 Mohammed V de Rabat, INAU) et Canadien (Universit\u00e9 Laval) et les autorit\u00e9s de la province de Midelt. Ce projet sera facilit\u00e9 par les liens de confiance qui ont \u00e9t\u00e9 \u00e9tablis entre certains membres de ce projet et les autorit\u00e9s de la province lors de plusieurs rencontres et r\u00e9unions de travail pendant lesquelles les autorit\u00e9s ont fait part de leur fort int\u00e9r\u00eat pour cette approche.<\/p><p><img fetchpriority=\"high\" decoding=\"async\" class=\"aligncenter wp-image-22922 size-full\" src=\"https:\/\/www.cerege.fr\/wp-content\/uploads\/2024\/03\/Image1.jpg\" alt=\"\" width=\"453\" height=\"287\" srcset=\"https:\/\/www.cerege.fr\/wp-content\/uploads\/2024\/03\/Image1.jpg 453w, https:\/\/www.cerege.fr\/wp-content\/uploads\/2024\/03\/Image1-300x190.jpg 300w, https:\/\/www.cerege.fr\/wp-content\/uploads\/2024\/03\/Image1-18x12.jpg 18w\" sizes=\"(max-width: 453px) 100vw, 453px\" \/><\/p>\t\t\t\t\t\t\t\t<\/div>\n\t\t\t\t<\/div>\n\t\t\t\t\t<\/div>\n\t\t<\/div>\n\t\t\t\t<div class=\"elementor-column elementor-col-50 elementor-inner-column elementor-element elementor-element-20befcf3\" data-id=\"20befcf3\" data-element_type=\"column\" data-e-type=\"column\">\n\t\t\t<div class=\"elementor-widget-wrap elementor-element-populated\">\n\t\t\t\t\t\t<div class=\"elementor-element elementor-element-4904e00e elementor-widget elementor-widget-text-editor\" data-id=\"4904e00e\" data-element_type=\"widget\" data-e-type=\"widget\" data-widget_type=\"text-editor.default\">\n\t\t\t\t<div class=\"elementor-widget-container\">\n\t\t\t\t\t\t\t\t\t<h2><span style=\"font-weight: normal;\">2024-2025 : Agri-Mine<br \/><\/span><\/h2><p>AGRI-MINE\u00a0: Potentiel de reconversion agricole d\u2019un territoire minier \u00e0 l\u2019\u00e9preuve de la cartographie socio-environnementale: le cas de la r\u00e9gion de Midelt (Maroc)<\/p><p><strong>Financement: <\/strong>MITI (Appel Blanc)<\/p><p><strong>Responsable CEREGE<\/strong> : <br \/><a href=\"https:\/\/www.cerege.fr\/fr\/cerege\/clement-levard\/\">Clement Levard<\/a><\/p><p class=\"Standard\"><strong>Partenaires<\/strong> :\u00a0<\/p><p>Ce projet f\u00e9d\u00e8re 3 instituts du CNRS :<\/p><ul><li>Terre et Univers (CEREGE)<\/li><li>Ecologie et Environnement (Labex DRIIHM),<\/li><li>Sciences Humaines et Sociales (PALOC, PRODIG)<\/li><\/ul><p>Des unit\u00e9s non rattach\u00e9es au CNRS<\/p><ul><li>G-EAU<\/li><li>EMMAH<\/li><\/ul><p><strong>Collaborateurs \u00e9trangers : <\/strong><\/p><ul><li>Universit\u00e9 Mohammed V de Rabat, INAU)<\/li><li>Universit\u00e9 Laval<\/li><li>Autorit\u00e9s de la province de Midelt.<\/li><\/ul>\t\t\t\t\t\t\t\t<\/div>\n\t\t\t\t<\/div>\n\t\t\t\t\t<\/div>\n\t\t<\/div>\n\t\t\t\t\t<\/div>\n\t\t<\/section>\n\t\t\t\t<div class=\"elementor-element elementor-element-3f326d90 elementor-widget elementor-widget-spacer\" data-id=\"3f326d90\" data-element_type=\"widget\" data-e-type=\"widget\" data-widget_type=\"spacer.default\">\n\t\t\t\t<div class=\"elementor-widget-container\">\n\t\t\t\t\t\t\t<div class=\"elementor-spacer\">\n\t\t\t<div class=\"elementor-spacer-inner\"><\/div>\n\t\t<\/div>\n\t\t\t\t\t\t<\/div>\n\t\t\t\t<\/div>\n\t\t\t\t<div class=\"elementor-element elementor-element-860bd16 elementor-widget elementor-widget-spacer\" data-id=\"860bd16\" data-element_type=\"widget\" data-e-type=\"widget\" data-widget_type=\"spacer.default\">\n\t\t\t\t<div class=\"elementor-widget-container\">\n\t\t\t\t\t\t\t<div class=\"elementor-spacer\">\n\t\t\t<div class=\"elementor-spacer-inner\"><\/div>\n\t\t<\/div>\n\t\t\t\t\t\t<\/div>\n\t\t\t\t<\/div>\n\t\t\t\t\t<\/div>\n\t\t<\/div>\n\t\t\t\t\t<\/div>\n\t\t<\/section>\n\t\t\t\t<\/div>\n\t\t","protected":false},"excerpt":{"rendered":"<p>Face \u00e0 l\u2019intensification des activit\u00e9s mini\u00e8res \u00e0 l\u2019\u00e9chelle mondiale et aux impacts socio-environnementaux sur la zone critique qui leur sont associ\u00e9s, le projet AGRI-MINE propose d\u2019accompagner par la recherche les [&hellip;]<\/p>\n","protected":false},"author":689,"featured_media":8182,"parent":846,"menu_order":0,"comment_status":"closed","ping_status":"closed","template":"","meta":{"_acf_changed":false,"footnotes":""},"class_list":["post-22937","page","type-page","status-publish","has-post-thumbnail","hentry"],"acf":[],"publishpress_future_action":{"enabled":false,"date":"2026-05-12 18:34:34","action":"change-status","newStatus":"draft","terms":[],"taxonomy":"","extraData":[]},"publishpress_future_workflow_manual_trigger":{"enabledWorkflows":[]},"_links":{"self":[{"href":"https:\/\/www.cerege.fr\/fr\/wp-json\/wp\/v2\/pages\/22937","targetHints":{"allow":["GET"]}}],"collection":[{"href":"https:\/\/www.cerege.fr\/fr\/wp-json\/wp\/v2\/pages"}],"about":[{"href":"https:\/\/www.cerege.fr\/fr\/wp-json\/wp\/v2\/types\/page"}],"author":[{"embeddable":true,"href":"https:\/\/www.cerege.fr\/fr\/wp-json\/wp\/v2\/users\/689"}],"replies":[{"embeddable":true,"href":"https:\/\/www.cerege.fr\/fr\/wp-json\/wp\/v2\/comments?post=22937"}],"version-history":[{"count":5,"href":"https:\/\/www.cerege.fr\/fr\/wp-json\/wp\/v2\/pages\/22937\/revisions"}],"predecessor-version":[{"id":28833,"href":"https:\/\/www.cerege.fr\/fr\/wp-json\/wp\/v2\/pages\/22937\/revisions\/28833"}],"up":[{"embeddable":true,"href":"https:\/\/www.cerege.fr\/fr\/wp-json\/wp\/v2\/pages\/846"}],"wp:featuredmedia":[{"embeddable":true,"href":"https:\/\/www.cerege.fr\/fr\/wp-json\/wp\/v2\/media\/8182"}],"wp:attachment":[{"href":"https:\/\/www.cerege.fr\/fr\/wp-json\/wp\/v2\/media?parent=22937"}],"curies":[{"name":"wp","href":"https:\/\/api.w.org\/{rel}","templated":true}]}}